{"id":12911,"date":"2025-07-14T13:50:19","date_gmt":"2025-07-14T11:50:19","guid":{"rendered":"https:\/\/strangercam.com\/?page_id=12911"},"modified":"2025-07-14T13:50:34","modified_gmt":"2025-07-14T11:50:34","slug":"onlinefreechat","status":"publish","type":"page","link":"https:\/\/strangercam.com\/fr\/onlinefreechat\/","title":{"rendered":"OnlineFreeChat"},"content":{"rendered":"<p>\u00c0 l'\u00e8re du num\u00e9rique, domin\u00e9e par les r\u00e9seaux sociaux et les applis de messagerie instantan\u00e9e, les <a href=\"https:\/\/strangercam.com\/fr\/chatroulette\/\">chat<\/a> ont fait un retour surprenant. Le chef de file de cette renaissance est OnlineFreeChat, une plateforme de chat moderne d\u00e9di\u00e9e aux salons de discussion en direct gratuits et faciles d'acc\u00e8s pour tous ceux qui cherchent \u00e0 <a href=\"https:\/\/strangercam.com\/fr\/coomeet\/\">rencontrer<\/a> faire de nouvelles connaissances, se faire des amis ou profiter de conversations en ligne spontan\u00e9es, sans inscription ni t\u00e9l\u00e9chargement.<\/p>\n<p>Mais comment OnlineFreeChat se distingue-t-il de la concurrence ? Est-il vraiment gratuit, est-il s\u00fbr et pour qui est-il le plus adapt\u00e9 ? Dans cet article d\u00e9taill\u00e9, nous explorons les fonctionnalit\u00e9s, l'exp\u00e9rience utilisateur et la communaut\u00e9 de OnlineFreeChat, afin que vous puissiez d\u00e9cider s'il s'agit du bon endroit pour entamer votre prochaine conversation en ligne.<\/p>\n<h2>Qu'est-ce que OnlineFreeChat ?<\/h2>\n<p>OnlineFreeChat est une plateforme de chat bas\u00e9e sur un navigateur qui offre une large s\u00e9lection de salons de chat \u00e0 th\u00e8me et d'options de chat en t\u00eate-\u00e0-t\u00eate. Contrairement \u00e0 de nombreuses applications modernes qui n\u00e9cessitent une inscription ou l'installation d'une application, OnlineFreeChat offre un acc\u00e8s instantan\u00e9 : il suffit de visiter le site, de choisir une salle et de commencer \u00e0 discuter avec des personnes du monde entier.<\/p>\n<p>La plateforme renvoie \u00e0 l'\u00e2ge d'or des salons de discussion classiques, mais actualise l'exp\u00e9rience pour 2025 avec une interface moderne et propre, et en mettant l'accent sur la s\u00e9curit\u00e9 et la convivialit\u00e9 pour les utilisateurs. Que vous souhaitiez rejoindre une salle publique anim\u00e9e ou d\u00e9marrer un chat priv\u00e9, OnlineFreeChat rend les choses faciles et accessibles.<\/p>\n<h2>Quel est l'objectif de OnlineFreeChat ?<\/h2>\n<p>OnlineFreeChat vise \u00e0 faire revivre et \u00e0 moderniser l'exp\u00e9rience des salons de discussion ouverts, en cr\u00e9ant un espace o\u00f9 tout le monde peut participer \u00e0 des conversations sur une vari\u00e9t\u00e9 de sujets, se faire des amis et profiter d'une interaction en direct sans barri\u00e8res.<\/p>\n<p>Les principaux objectifs sont les suivants<\/p>\n<ul>\n<li>Connecter les gens \u00e0 l'\u00e9chelle mondiale dans des salons de discussion de groupe en temps r\u00e9el<\/li>\n<li>Offrir des espaces s\u00fbrs et mod\u00e9r\u00e9s pour la conversation et la socialisation<\/li>\n<li>Permettre des exp\u00e9riences de chat instantan\u00e9es et sans enregistrement pour tous les utilisateurs<\/li>\n<li>Fournir une alternative flexible aux m\u00e9dias sociaux et \u00e0 la messagerie instantan\u00e9e<\/li>\n<\/ul>\n<p>Que vous cherchiez \u00e0 discuter de vos loisirs, de la vie, des relations, des voyages, ou que vous vouliez simplement vous amuser et rencontrer de nouvelles personnes, OnlineFreeChat vous offre un moyen simple et accueillant de le faire.<\/p>\n<h2>Caract\u00e9ristiques principales<\/h2>\n<p>1. Salles de chat publiques en direct<br \/>\nLa principale caract\u00e9ristique d'OnlineFreeChat est sa gamme de salons de discussion en direct. Ces salons sont organis\u00e9s par th\u00e8mes ou par centres d'int\u00e9r\u00eat, tels que le chat g\u00e9n\u00e9ral, l'amiti\u00e9, les jeux, le chat local, la musique, etc. Les utilisateurs peuvent rejoindre n'importe quel salon, participer aux conversations en cours ou simplement observer jusqu'\u00e0 ce qu'ils soient pr\u00eats \u00e0 participer.<\/p>\n<p>2. Discussions priv\u00e9es en t\u00eate-\u00e0-t\u00eate<br \/>\nEn plus des salons publics, les utilisateurs peuvent entamer des conversations priv\u00e9es avec d'autres membres. Cette fonction permet une interaction plus personnelle, vous permettant de passer des discussions de groupe aux discussions directes en toute transparence.<\/p>\n<p>3. Aucune inscription n'est requise<br \/>\nL'un des aspects les plus attrayants d'OnlineFreeChat est que vous pouvez commencer \u00e0 chatter sans cr\u00e9er de compte. Choisissez un pseudo, une salle et vous participez instantan\u00e9ment \u00e0 la conversation.<\/p>\n<p>4. Compatibilit\u00e9 multi-appareils<br \/>\nLa plateforme fonctionne parfaitement sur les navigateurs de bureau et les navigateurs mobiles. Gr\u00e2ce \u00e0 sa conception r\u00e9active, vous pouvez participer aux salons de discussion sur votre t\u00e9l\u00e9phone, votre tablette ou votre ordinateur portable sans avoir \u00e0 installer quoi que ce soit.<\/p>\n<p>5. Interface conviviale et moderne<br \/>\nOnlineFreeChat est dot\u00e9 d'une interface simple et conviviale. Les messages sont clairs, les salons de discussion sont faciles \u00e0 parcourir et les commandes permettant de mettre en sourdine, de bloquer ou de signaler des utilisateurs sont toujours accessibles.<\/p>\n<p>6. Outils de mod\u00e9ration et de s\u00e9curit\u00e9 des utilisateurs<br \/>\nLe site emploie des mod\u00e9rateurs et des fonctions de signalement pour contribuer au maintien d'un environnement positif. Les utilisateurs peuvent rapidement bloquer ou signaler toute personne qui enfreint les r\u00e8gles du chat, ce qui contribue \u00e0 maintenir des conversations respectueuses et agr\u00e9ables.<\/p>\n<p>7. Large \u00e9ventail de sujets de discussion<br \/>\nAvec des dizaines de salons \u00e0 th\u00e8me et des mises \u00e0 jour r\u00e9guli\u00e8res, vous trouverez des espaces consacr\u00e9s \u00e0 presque tous les sujets, ce qui vous permettra de trouver facilement des partenaires de chat partageant les m\u00eames id\u00e9es ou de d\u00e9couvrir de nouveaux centres d'int\u00e9r\u00eat.<\/p>\n<h2>OnlineFreeChat est-il gratuit ?<\/h2>\n<p>Oui, OnlineFreeChat est 100% gratuit. Toutes les fonctionnalit\u00e9s de base - y compris l'acc\u00e8s aux salons publics, la messagerie priv\u00e9e et l'utilisation des outils de s\u00e9curit\u00e9 - sont accessibles sans paiement. Il y a :<\/p>\n<ul>\n<li>Pas de frais d'abonnement<\/li>\n<li>Pas de compte premium<\/li>\n<li>Pas de co\u00fbts cach\u00e9s<\/li>\n<\/ul>\n<p>Une publicit\u00e9 l\u00e9g\u00e8re peut \u00eatre pr\u00e9sente pour soutenir la plateforme, mais elle n'est pas intrusive et n'affecte pas l'exp\u00e9rience du chat.<\/p>\n<h2>Qui utilise OnlineFreeChat ?<\/h2>\n<p>OnlineFreeChat attire un public diversifi\u00e9 et international. Les utilisateurs sont les suivants :<\/p>\n<ul>\n<li>Adultes de tous \u00e2ges, g\u00e9n\u00e9ralement de 18 \u00e0 40 ans<\/li>\n<li>Personnes originaires d'Am\u00e9rique du Nord, d'Europe, d'Inde, d'Asie du Sud-Est et d'Am\u00e9rique latine<\/li>\n<li>\u00c9tudiants, professionnels, voyageurs et toute personne recherchant une conversation d\u00e9contract\u00e9e en ligne<\/li>\n<\/ul>\n<p>Les raisons pour lesquelles les gens utilisent OnlineFreeChat sont les suivantes :<\/p>\n<ul>\n<li>Se faire de nouveaux amis ou \u00e9largir son cercle social<\/li>\n<li>Passer le temps et \u00e9chapper \u00e0 l'ennui<\/li>\n<li>Discuter des loisirs, de la musique, des films et de la vie quotidienne<\/li>\n<li>Rechercher des conseils amicaux ou partager des exp\u00e9riences au sein d'un groupe de soutien<\/li>\n<\/ul>\n<p>La vari\u00e9t\u00e9 des salons de discussion de la plateforme permet \u00e0 chacun - des nouveaux venus timides aux chatteurs chevronn\u00e9s - de trouver un espace o\u00f9 il se sent \u00e0 l'aise.<\/p>\n<h2>S\u00e9curit\u00e9, vie priv\u00e9e et mod\u00e9ration<\/h2>\n<p>OnlineFreeChat s'engage \u00e0 fournir un environnement s\u00fbr et respectueux pour tous les utilisateurs. Voici comment il prot\u00e8ge votre vie priv\u00e9e et contribue \u00e0 la s\u00e9curit\u00e9 des utilisateurs :<\/p>\n<h3>Vie priv\u00e9e<\/h3>\n<ul>\n<li>Aucune inscription ou information personnelle n'est requise<\/li>\n<li>Les utilisateurs choisissent des surnoms ; les noms r\u00e9els ne sont pas n\u00e9cessaires<\/li>\n<li>Les chats ne sont pas archiv\u00e9s publiquement ni consultables.<\/li>\n<\/ul>\n<h3>La mod\u00e9ration<\/h3>\n<ul>\n<li>Des mod\u00e9rateurs humains actifs supervisent les salles les plus fr\u00e9quent\u00e9es.<\/li>\n<li>Les fonctions de signalement et de blocage dans les chambres sont disponibles 24 heures sur 24 et 7 jours sur 7<\/li>\n<li>Les lignes directrices interdisent le harc\u00e8lement, le spam et les comportements inappropri\u00e9s.<\/li>\n<li>Les r\u00e9cidivistes sont interdits d'acc\u00e8s \u00e0 la plateforme<\/li>\n<\/ul>\n<h3>Contr\u00f4le de l'utilisateur<\/h3>\n<ul>\n<li>Bloquer ou mettre en sourdine instantan\u00e9ment les utilisateurs qui perturbent le chat<\/li>\n<li>Choisissez de rester dans les salles publiques ou de passer \u00e0 des conversations priv\u00e9es<\/li>\n<li>Changer de pseudo ou de salle \u00e0 tout moment<\/li>\n<\/ul>\n<p>Bien qu'aucun salon de discussion ouvert ne puisse garantir une exp\u00e9rience parfaite, la combinaison de mod\u00e9ration et d'outils utilisateur d'OnlineFreeChat le rend plus s\u00fbr que la plupart des plates-formes de discussion classiques.<\/p>\n<h2>Exp\u00e9rience et conception des utilisateurs<\/h2>\n<p>OnlineFreeChat est con\u00e7u pour des discussions rapides et sans friction :<\/p>\n<ul>\n<li>La page d'accueil se charge rapidement avec des cat\u00e9gories claires<\/li>\n<li>Rejoignez une salle en un seul clic et participez directement \u00e0 la conversation<\/li>\n<li>Les messages s'affichent instantan\u00e9ment, sans d\u00e9lai, m\u00eame dans les salles occup\u00e9es.<\/li>\n<li>La mise en page conviviale s'adapte aux \u00e9crans plus petits pour les discussions en d\u00e9placement.<\/li>\n<li>Les contr\u00f4les pour les notifications, le blocage et les rapports sont intuitifs.<\/li>\n<\/ul>\n<p>La conception du site met l'accent sur la communaut\u00e9 et l'accessibilit\u00e9, ce qui facilite la participation de tous, quelle que soit leur exp\u00e9rience en mati\u00e8re de technologie.<\/p>\n<h2>OnlineFreeChat par rapport \u00e0 d'autres plateformes de salons de discussion<\/h2>\n<p>Comment OnlineFreeChat se situe-t-il par rapport \u00e0 d'autres sites de chat en direct de premier plan ?<\/p>\n<table>\n<thead>\n<tr>\n<th>Fonctionnalit\u00e9<\/th>\n<th>OnlineFreeChat<\/th>\n<th><a href=\"https:\/\/strangercam.com\/fr\/chat-avenue\/\">Chat Avenue<\/a><\/th>\n<th>Chatib<\/th>\n<th><a href=\"https:\/\/strangercam.com\/fr\/chatzy\/\">Chatzy<\/a><\/th>\n<th>Wireclub<\/th>\n<\/tr>\n<\/thead>\n<tbody>\n<tr>\n<td>Acc\u00e8s gratuit<\/td>\n<td>Oui<\/td>\n<td>Oui<\/td>\n<td>Oui<\/td>\n<td>Oui<\/td>\n<td>Oui<\/td>\n<\/tr>\n<tr>\n<td>Pas d'inscription n\u00e9cessaire<\/td>\n<td>Oui<\/td>\n<td>Non<\/td>\n<td>Oui<\/td>\n<td>Oui<\/td>\n<td>Non<\/td>\n<\/tr>\n<tr>\n<td>Salles de chat th\u00e9matiques<\/td>\n<td>Oui<\/td>\n<td>Oui<\/td>\n<td>Oui<\/td>\n<td>Non<\/td>\n<td>Oui<\/td>\n<\/tr>\n<tr>\n<td>Messagerie priv\u00e9e<\/td>\n<td>Oui<\/td>\n<td>Oui<\/td>\n<td>Oui<\/td>\n<td>Oui<\/td>\n<td>Oui<\/td>\n<\/tr>\n<tr>\n<td>Support mobile<\/td>\n<td>Excellent<\/td>\n<td>Bon<\/td>\n<td>Bon<\/td>\n<td>Bon<\/td>\n<td>Bon<\/td>\n<\/tr>\n<tr>\n<td>Outils de mod\u00e9ration<\/td>\n<td>Fort<\/td>\n<td>Mod\u00e9r\u00e9<\/td>\n<td>Mod\u00e9r\u00e9<\/td>\n<td>Mod\u00e9r\u00e9<\/td>\n<td>Fort<\/td>\n<\/tr>\n<tr>\n<td>Annonces<\/td>\n<td>Minime<\/td>\n<td>Oui<\/td>\n<td>Oui<\/td>\n<td>Minime<\/td>\n<td>Oui<\/td>\n<\/tr>\n<\/tbody>\n<\/table>\n<p>R\u00e9sum\u00e9 : OnlineFreeChat se distingue par son interface propre, son acc\u00e8s instantan\u00e9 et sa grande vari\u00e9t\u00e9 de salles de chat th\u00e9matiques. Il \u00e9gale ou surpasse ses concurrents en mati\u00e8re de s\u00e9curit\u00e9 des utilisateurs et de compatibilit\u00e9 mobile, avec l'avantage suppl\u00e9mentaire de ne pas n\u00e9cessiter d'inscription.<\/p>\n<h2>Avantages et inconv\u00e9nients<\/h2>\n<p>Pour :<\/p>\n<ul>\n<li>100% gratuit avec acc\u00e8s instantan\u00e9<\/li>\n<li>Aucun enregistrement ou t\u00e9l\u00e9chargement n'est n\u00e9cessaire<\/li>\n<li>Grande vari\u00e9t\u00e9 de salons de discussion en direct et \u00e0 th\u00e8me<\/li>\n<li>Convivialit\u00e9 sur les ordinateurs de bureau et les t\u00e9l\u00e9phones portables<\/li>\n<li>Mod\u00e9ration active et outils de rapport faciles \u00e0 utiliser<\/li>\n<li>Options de chat priv\u00e9 pour les conversations en t\u00eate-\u00e0-t\u00eate<\/li>\n<\/ul>\n<p>Cons :<\/p>\n<ul>\n<li>Pas de chat vid\u00e9o ou de <a href=\"https:\/\/strangercam.com\/fr\/bazoocam\/\">came<\/a> caract\u00e9ristiques (uniquement textuelles)<\/li>\n<li>Certains utilisateurs peuvent se d\u00e9connecter ou quitter les salles rapidement<\/li>\n<li>Utilisateurs perturbateurs occasionnels, malgr\u00e9 la mod\u00e9ration<\/li>\n<li>Pas de profils \u00e0 long terme ni de listes d'amis<\/li>\n<\/ul>\n<h2>Cas d'utilisation id\u00e9aux<\/h2>\n<p>OnlineFreeChat est parfait pour :<\/p>\n<ul>\n<li>Toute personne recherchant un moyen s\u00fbr, gratuit et facile de chatter en ligne<\/li>\n<li>Les utilisateurs qui aiment les discussions de groupe \u00e0 th\u00e8me ou rencontrer de nouvelles personnes<\/li>\n<li>Personnes \u00e0 la recherche d'alternatives aux m\u00e9dias sociaux et aux applications de messagerie instantan\u00e9e<\/li>\n<li>Voyageurs, expatri\u00e9s et apprenants de langues souhaitant une interaction en temps r\u00e9el<\/li>\n<li>Les personnes qui pr\u00e9f\u00e8rent l'anonymat et la confidentialit\u00e9 dans les conversations en ligne<\/li>\n<\/ul>\n<p>Il peut \u00eatre moins id\u00e9al pour :<\/p>\n<ul>\n<li>Ceux qui recherchent sp\u00e9cifiquement des exp\u00e9riences de chat vid\u00e9o<\/li>\n<li>Utilisateurs de moins de 18 ans (la plateforme est destin\u00e9e aux adultes)<\/li>\n<li>Personnes recherchant des fonctions avanc\u00e9es de rencontre ou d'appariement<\/li>\n<\/ul>\n<h2>Verdict final<\/h2>\n<p>OnlineFreeChat est l'une des meilleures plateformes de chat en direct disponibles en 2025, combinant l'accessibilit\u00e9 des salles de chat classiques avec des caract\u00e9ristiques modernes de s\u00e9curit\u00e9 et de convivialit\u00e9. Son acc\u00e8s instantan\u00e9, son large \u00e9ventail de sujets et son environnement amical et mod\u00e9r\u00e9 en font un choix de premier ordre pour tous ceux qui cherchent \u00e0 discuter, \u00e0 se faire des amis ou simplement \u00e0 s'amuser en ligne.<\/p>\n<p>Si vous cherchez un moyen simple, s\u00fbr et vraiment gratuit de vous connecter avec d'autres personnes dans le monde, OnlineFreeChat m\u00e9rite absolument d'\u00eatre essay\u00e9 - que vous souhaitiez un chat de groupe anim\u00e9 ou une conversation priv\u00e9e discr\u00e8te.<\/p>","protected":false},"excerpt":{"rendered":"<p>In a digital age dominated by social networks and instant messaging apps, traditional chat rooms have made a surprising comeback. Leading this renaissance is OnlineFreeChat, a modern chat platform dedicated to free, easy-to-access live chat rooms for anyone looking to meet new people, make friends, or enjoy spontaneous online conversations\u2014without registration or downloads. But how [&hellip;]<\/p>\n","protected":false},"author":6,"featured_media":0,"parent":0,"menu_order":0,"comment_status":"closed","ping_status":"closed","template":"","meta":{"footnotes":""},"class_list":["post-12911","page","type-page","status-publish","hentry"],"yoast_head":"<!-- This site is optimized with the Yoast SEO plugin v27.4 - https:\/\/yoast.com\/product\/yoast-seo-wordpress\/ -->\n<title>OnlineFreeChat - Live Online Chat Rooms on StrangerCam.com<\/title>\n<meta name=\"description\" content=\"Like OnlineFreeChat? Come chat with more than 5.000.000 strangers on Stranger Cam for Free! Turn on your cam and find new friends &amp; maby a match!\" \/>\n<meta name=\"robots\" content=\"index, follow, max-snippet:-1, max-image-preview:large, max-video-preview:-1\" \/>\n<link rel=\"canonical\" href=\"https:\/\/strangercam.com\/fr\/onlinefreechat\/\" \/>\n<meta property=\"og:locale\" content=\"fr_FR\" \/>\n<meta property=\"og:type\" content=\"article\" \/>\n<meta property=\"og:title\" content=\"OnlineFreeChat - Live Online Chat Rooms on StrangerCam.com\" \/>\n<meta property=\"og:description\" content=\"Like OnlineFreeChat? Come chat with more than 5.000.000 strangers on Stranger Cam for Free! Turn on your cam and find new friends &amp; maby a match!\" \/>\n<meta property=\"og:url\" content=\"https:\/\/strangercam.com\/fr\/onlinefreechat\/\" \/>\n<meta property=\"og:site_name\" content=\"Strangercam\" \/>\n<meta property=\"article:publisher\" content=\"https:\/\/www.facebook.com\/strangercam\" \/>\n<meta property=\"article:modified_time\" content=\"2025-07-14T11:50:34+00:00\" \/>\n<meta property=\"og:image\" content=\"https:\/\/strangercam.com\/wp-content\/uploads\/2021\/10\/Untitled-2.png\" \/>\n\t<meta property=\"og:image:width\" content=\"800\" \/>\n\t<meta property=\"og:image:height\" content=\"532\" \/>\n\t<meta property=\"og:image:type\" content=\"image\/png\" \/>\n<meta name=\"twitter:card\" content=\"summary_large_image\" \/>\n<meta name=\"twitter:site\" content=\"@strangercamapp\" \/>\n<meta name=\"twitter:label1\" content=\"Dur\u00e9e de lecture estim\u00e9e\" \/>\n\t<meta name=\"twitter:data1\" content=\"6 minutes\" \/>\n<script type=\"application\/ld+json\" class=\"yoast-schema-graph\">{\"@context\":\"https:\\\/\\\/schema.org\",\"@graph\":[{\"@type\":\"WebPage\",\"@id\":\"https:\\\/\\\/strangercam.com\\\/onlinefreechat\\\/\",\"url\":\"https:\\\/\\\/strangercam.com\\\/onlinefreechat\\\/\",\"name\":\"OnlineFreeChat - Live Online Chat Rooms on StrangerCam.com\",\"isPartOf\":{\"@id\":\"https:\\\/\\\/strangercam.com\\\/#website\"},\"datePublished\":\"2025-07-14T11:50:19+00:00\",\"dateModified\":\"2025-07-14T11:50:34+00:00\",\"description\":\"Like OnlineFreeChat? Come chat with more than 5.000.000 strangers on Stranger Cam for Free! Turn on your cam and find new friends & maby a match!\",\"breadcrumb\":{\"@id\":\"https:\\\/\\\/strangercam.com\\\/onlinefreechat\\\/#breadcrumb\"},\"inLanguage\":\"fr-FR\",\"potentialAction\":[{\"@type\":\"ReadAction\",\"target\":[\"https:\\\/\\\/strangercam.com\\\/onlinefreechat\\\/\"]}]},{\"@type\":\"BreadcrumbList\",\"@id\":\"https:\\\/\\\/strangercam.com\\\/onlinefreechat\\\/#breadcrumb\",\"itemListElement\":[{\"@type\":\"ListItem\",\"position\":1,\"name\":\"Home\",\"item\":\"https:\\\/\\\/strangercam.com\\\/\"},{\"@type\":\"ListItem\",\"position\":2,\"name\":\"OnlineFreeChat\"}]},{\"@type\":\"WebSite\",\"@id\":\"https:\\\/\\\/strangercam.com\\\/#website\",\"url\":\"https:\\\/\\\/strangercam.com\\\/\",\"name\":\"Strangercam\",\"description\":\"Random Video Chat with Strangers\",\"publisher\":{\"@id\":\"https:\\\/\\\/strangercam.com\\\/#organization\"},\"alternateName\":\"Strangercam.com\",\"potentialAction\":[{\"@type\":\"SearchAction\",\"target\":{\"@type\":\"EntryPoint\",\"urlTemplate\":\"https:\\\/\\\/strangercam.com\\\/?s={search_term_string}\"},\"query-input\":{\"@type\":\"PropertyValueSpecification\",\"valueRequired\":true,\"valueName\":\"search_term_string\"}}],\"inLanguage\":\"fr-FR\"},{\"@type\":\"Organization\",\"@id\":\"https:\\\/\\\/strangercam.com\\\/#organization\",\"name\":\"Strangercam\",\"alternateName\":\"Strangercam.com\",\"url\":\"https:\\\/\\\/strangercam.com\\\/\",\"logo\":{\"@type\":\"ImageObject\",\"inLanguage\":\"fr-FR\",\"@id\":\"https:\\\/\\\/strangercam.com\\\/#\\\/schema\\\/logo\\\/image\\\/\",\"url\":\"https:\\\/\\\/strangercam.com\\\/wp-content\\\/uploads\\\/2020\\\/11\\\/cropped-new-favicon-black.png\",\"contentUrl\":\"https:\\\/\\\/strangercam.com\\\/wp-content\\\/uploads\\\/2020\\\/11\\\/cropped-new-favicon-black.png\",\"width\":512,\"height\":512,\"caption\":\"Strangercam\"},\"image\":{\"@id\":\"https:\\\/\\\/strangercam.com\\\/#\\\/schema\\\/logo\\\/image\\\/\"},\"sameAs\":[\"https:\\\/\\\/www.facebook.com\\\/strangercam\",\"https:\\\/\\\/x.com\\\/strangercamapp\"]}]}<\/script>\n<!-- \/ Yoast SEO plugin. -->","yoast_head_json":{"title":"OnlineFreeChat - Salons de chat en ligne sur StrangerCam.com","description":"Vous aimez OnlineFreeChat ? Venez discuter avec plus de 5.000.000 d'inconnus sur Stranger Cam gratuitement ! Allume ta cam\u00e9ra et trouve de nouveaux amis et peut-\u00eatre un partenaire !","robots":{"index":"index","follow":"follow","max-snippet":"max-snippet:-1","max-image-preview":"max-image-preview:large","max-video-preview":"max-video-preview:-1"},"canonical":"https:\/\/strangercam.com\/fr\/onlinefreechat\/","og_locale":"fr_FR","og_type":"article","og_title":"OnlineFreeChat - Live Online Chat Rooms on StrangerCam.com","og_description":"Like OnlineFreeChat? Come chat with more than 5.000.000 strangers on Stranger Cam for Free! Turn on your cam and find new friends & maby a match!","og_url":"https:\/\/strangercam.com\/fr\/onlinefreechat\/","og_site_name":"Strangercam","article_publisher":"https:\/\/www.facebook.com\/strangercam","article_modified_time":"2025-07-14T11:50:34+00:00","og_image":[{"width":800,"height":532,"url":"https:\/\/strangercam.com\/wp-content\/uploads\/2021\/10\/Untitled-2.png","type":"image\/png"}],"twitter_card":"summary_large_image","twitter_site":"@strangercamapp","twitter_misc":{"Dur\u00e9e de lecture estim\u00e9e":"6 minutes"},"schema":{"@context":"https:\/\/schema.org","@graph":[{"@type":"WebPage","@id":"https:\/\/strangercam.com\/onlinefreechat\/","url":"https:\/\/strangercam.com\/onlinefreechat\/","name":"OnlineFreeChat - Salons de chat en ligne sur StrangerCam.com","isPartOf":{"@id":"https:\/\/strangercam.com\/#website"},"datePublished":"2025-07-14T11:50:19+00:00","dateModified":"2025-07-14T11:50:34+00:00","description":"Vous aimez OnlineFreeChat ? Venez discuter avec plus de 5.000.000 d'inconnus sur Stranger Cam gratuitement ! Allume ta cam\u00e9ra et trouve de nouveaux amis et peut-\u00eatre un partenaire !","breadcrumb":{"@id":"https:\/\/strangercam.com\/onlinefreechat\/#breadcrumb"},"inLanguage":"fr-FR","potentialAction":[{"@type":"ReadAction","target":["https:\/\/strangercam.com\/onlinefreechat\/"]}]},{"@type":"BreadcrumbList","@id":"https:\/\/strangercam.com\/onlinefreechat\/#breadcrumb","itemListElement":[{"@type":"ListItem","position":1,"name":"Home","item":"https:\/\/strangercam.com\/"},{"@type":"ListItem","position":2,"name":"OnlineFreeChat"}]},{"@type":"WebSite","@id":"https:\/\/strangercam.com\/#website","url":"https:\/\/strangercam.com\/","name":"Strangercam","description":"Chat vid\u00e9o al\u00e9atoire avec des inconnus","publisher":{"@id":"https:\/\/strangercam.com\/#organization"},"alternateName":"Strangercam.com","potentialAction":[{"@type":"SearchAction","target":{"@type":"EntryPoint","urlTemplate":"https:\/\/strangercam.com\/?s={search_term_string}"},"query-input":{"@type":"PropertyValueSpecification","valueRequired":true,"valueName":"search_term_string"}}],"inLanguage":"fr-FR"},{"@type":"Organization","@id":"https:\/\/strangercam.com\/#organization","name":"Strangercam","alternateName":"Strangercam.com","url":"https:\/\/strangercam.com\/","logo":{"@type":"ImageObject","inLanguage":"fr-FR","@id":"https:\/\/strangercam.com\/#\/schema\/logo\/image\/","url":"https:\/\/strangercam.com\/wp-content\/uploads\/2020\/11\/cropped-new-favicon-black.png","contentUrl":"https:\/\/strangercam.com\/wp-content\/uploads\/2020\/11\/cropped-new-favicon-black.png","width":512,"height":512,"caption":"Strangercam"},"image":{"@id":"https:\/\/strangercam.com\/#\/schema\/logo\/image\/"},"sameAs":["https:\/\/www.facebook.com\/strangercam","https:\/\/x.com\/strangercamapp"]}]}},"_links":{"self":[{"href":"https:\/\/strangercam.com\/fr\/wp-json\/wp\/v2\/pages\/12911","targetHints":{"allow":["GET"]}}],"collection":[{"href":"https:\/\/strangercam.com\/fr\/wp-json\/wp\/v2\/pages"}],"about":[{"href":"https:\/\/strangercam.com\/fr\/wp-json\/wp\/v2\/types\/page"}],"author":[{"embeddable":true,"href":"https:\/\/strangercam.com\/fr\/wp-json\/wp\/v2\/users\/6"}],"replies":[{"embeddable":true,"href":"https:\/\/strangercam.com\/fr\/wp-json\/wp\/v2\/comments?post=12911"}],"version-history":[{"count":1,"href":"https:\/\/strangercam.com\/fr\/wp-json\/wp\/v2\/pages\/12911\/revisions"}],"predecessor-version":[{"id":12912,"href":"https:\/\/strangercam.com\/fr\/wp-json\/wp\/v2\/pages\/12911\/revisions\/12912"}],"wp:attachment":[{"href":"https:\/\/strangercam.com\/fr\/wp-json\/wp\/v2\/media?parent=12911"}],"curies":[{"name":"wp","href":"https:\/\/api.w.org\/{rel}","templated":true}]}}