{"id":12909,"date":"2025-07-14T13:45:54","date_gmt":"2025-07-14T11:45:54","guid":{"rendered":"https:\/\/strangercam.com\/?page_id=12909"},"modified":"2025-07-14T13:46:15","modified_gmt":"2025-07-14T11:46:15","slug":"fox-video-chat","status":"publish","type":"page","link":"https:\/\/strangercam.com\/fr\/fox-video-chat\/","title":{"rendered":"Fox Video Chat"},"content":{"rendered":"<p>La recherche de la vid\u00e9o al\u00e9atoire parfaite <a href=\"https:\/\/strangercam.com\/fr\/chathub\/\">chat<\/a> se poursuit, les utilisateurs recherchant des alternatives s\u00fbres, anonymes et amusantes \u00e0 des classiques comme le <a href=\"https:\/\/strangercam.com\/fr\/omegle\/\">Omegle<\/a> et <a href=\"https:\/\/strangercam.com\/fr\/chatroulette\/\">Chatroulette<\/a>. Fox Video Chat est l'une des derni\u00e8res plates-formes \u00e0 attirer l'attention de la communaut\u00e9 mondiale de chat, promettant des connexions rapides, une utilisation facile et un environnement convivial pour rencontrer des inconnus en ligne.<\/p>\n<p>Mais le Fox Video Chat tient-il ses promesses ? Comment se compare-t-il aux autres plateformes en 2025 ? Dans cet article d\u00e9taill\u00e9, nous allons explorer tout ce que vous devez savoir sur Fox Video Chat - ses fonctionnalit\u00e9s, sa base d'utilisateurs, ses outils de s\u00e9curit\u00e9, et pourquoi il pourrait \u00eatre votre nouvel endroit pr\u00e9f\u00e9r\u00e9 pour des conversations en ligne spontan\u00e9es.<\/p>\n<h2>Qu'est-ce que le Fox Video Chat ?<\/h2>\n<p>Fox Video Chat est un site de chat vid\u00e9o al\u00e9atoire par navigateur, con\u00e7u pour les utilisateurs qui souhaitent se connecter instantan\u00e9ment avec des inconnus du monde entier. Sans inscription ni t\u00e9l\u00e9chargement, Fox Video Chat place la simplicit\u00e9 et la rapidit\u00e9 au centre de son exp\u00e9rience utilisateur.<\/p>\n<p>Comme ses pr\u00e9d\u00e9cesseurs spirituels, Fox Video Chat vous met en relation de mani\u00e8re al\u00e9atoire avec un autre utilisateur pour une conversation priv\u00e9e via une webcam et un microphone. Que vous cherchiez \u00e0 vous faire des amis, \u00e0 flirter, \u00e0 pratiquer une nouvelle langue ou simplement \u00e0 passer le temps, Fox Video Chat offre un moyen facile et sans friction de participer \u00e0 des chats vid\u00e9o en temps r\u00e9el.<\/p>\n<h2>Quel est le but du Fox Video Chat ?<\/h2>\n<p>La mission de Fox Video Chat est de rendre les rencontres en ligne simples, amusantes et s\u00fbres. La plateforme s'adresse \u00e0 ceux qui :<\/p>\n<ul>\n<li>Ils souhaitent une interaction anonyme, non sc\u00e9naris\u00e9e et en face-\u00e0-face.<\/li>\n<li>L'exp\u00e9rience classique de Omegle vous manque, mais vous souhaitez b\u00e9n\u00e9ficier de fonctionnalit\u00e9s modernes et d'un environnement plus propre.<\/li>\n<li>recherchent des liens sociaux, des divertissements ou des \u00e9changes culturels<\/li>\n<li>Vous tenez \u00e0 votre vie priv\u00e9e et ne souhaitez pas vous inscrire ou cr\u00e9er un profil public.<\/li>\n<\/ul>\n<p>Fox Video Chat supprime les flux sociaux, les profils class\u00e9s et les algorithmes de mise en relation pour se concentrer sur l'excitation brute des rencontres al\u00e9atoires en temps r\u00e9el.<\/p>\n<h2>Caract\u00e9ristiques principales<\/h2>\n<p>1. Chat vid\u00e9o al\u00e9atoire en t\u00eate-\u00e0-t\u00eate<br \/>\nLe c\u0153ur du Fox Video Chat est constitu\u00e9 par ses conversations rapides et anonymes de cam\u00e9ra \u00e0 cam\u00e9ra. Les utilisateurs sont instantan\u00e9ment mis en relation pour des chats vid\u00e9o priv\u00e9s, avec la libert\u00e9 de passer ou de continuer \u00e0 tout moment.<\/p>\n<p>2. Bouton \"Skip\/Next\" (Sauter\/Suivant)<br \/>\nSi la discussion ne vous convient pas, vous pouvez rapidement passer \u00e0 autre chose en cliquant sur le bouton \"Suivant\". Les transitions entre les utilisateurs sont fluides, ce qui rend les interactions dynamiques et passionnantes.<\/p>\n<p>3. Option de chat textuel<br \/>\nFox Video Chat propose \u00e9galement un mode texte uniquement. Ce mode est id\u00e9al pour les utilisateurs qui ont peur des cam\u00e9ras, qui disposent d'une bande passante limit\u00e9e ou qui pr\u00e9f\u00e8rent simplement taper au clavier plut\u00f4t que de parler.<\/p>\n<p>4. Aucune inscription n'est requise<br \/>\nL'un des principaux avantages est l'anonymat total : pas de compte, pas de nom d'utilisateur, pas d'adresse \u00e9lectronique. Il vous suffit d'autoriser l'acc\u00e8s \u00e0 la cam\u00e9ra et au microphone, et vous \u00eates pr\u00eat \u00e0 commencer.<\/p>\n<p>5. Compatibilit\u00e9 avec les t\u00e9l\u00e9phones portables et les ordinateurs de bureau<br \/>\nLa plateforme est enti\u00e8rement optimis\u00e9e pour les navigateurs de bureau et les navigateurs mobiles. Que vous utilisiez un t\u00e9l\u00e9phone, une tablette ou un ordinateur portable, l'interface de Fox Video Chat s'adapte pour une exp\u00e9rience fluide.<\/p>\n<p>6. Interface propre et moderne<br \/>\nFox Video Chat offre une interface utilisateur minimale et intuitive. L'accent est mis sur de grandes fen\u00eatres vid\u00e9o, des commandes simples et une pr\u00e9sentation sans distraction. Tout est facile \u00e0 trouver et \u00e0 utiliser.<\/p>\n<p>7. Outils de signalement et de mod\u00e9ration<br \/>\nLa s\u00e9curit\u00e9 des utilisateurs est assur\u00e9e par un bouton de signalement bien visible. Les utilisateurs inappropri\u00e9s peuvent \u00eatre signal\u00e9s, et Fox Video Chat utilise \u00e0 la fois des mod\u00e9rateurs humains et une IA de base pour aider \u00e0 maintenir un environnement convivial et s\u00fbr.<\/p>\n<h2>Le Fox Video Chat est-il gratuit ?<\/h2>\n<p>Oui, l'utilisation est enti\u00e8rement gratuite. Toutes les fonctionnalit\u00e9s, y compris le chat vid\u00e9o et textuel, le saut et les rapports, sont disponibles pour tous les utilisateurs sans murs payants, abonnements ou achats in-app.<\/p>\n<p>Fox Video Chat peut afficher des publicit\u00e9s occasionnelles et non intrusives pour soutenir ses op\u00e9rations, mais il n'y a pas de co\u00fbts cach\u00e9s ou de fonctionnalit\u00e9s bloqu\u00e9es.<\/p>\n<h2>Qui utilise Fox Video Chat ?<\/h2>\n<p>Fox Video Chat a rapidement d\u00e9velopp\u00e9 une base d'utilisateurs diversifi\u00e9e et internationale, attirant :<\/p>\n<ul>\n<li>\u00c2ge : Principalement 18-35 ans, mais ouvert \u00e0 tous les adultes (18+)<\/li>\n<li>Localisation : Utilisateurs des \u00c9tats-Unis, du Royaume-Uni, de l'Inde, de l'Allemagne, du Br\u00e9sil, des Philippines, etc.<\/li>\n<li>Int\u00e9r\u00eats : Socialiser, flirter, pratiquer des langues, se faire des amis ou se divertir.<\/li>\n<\/ul>\n<p>Les utilisateurs sont aussi bien des hommes que des femmes, m\u00eame si, comme c'est souvent le cas sur les plates-formes de chat al\u00e9atoire, les hommes sont plus nombreux. L'int\u00e9r\u00eat r\u00e9side dans la spontan\u00e9it\u00e9 : vous ne savez jamais qui vous allez rencontrer. <a href=\"https:\/\/strangercam.com\/fr\/coomeet\/\">rencontrer<\/a> suivant.<\/p>\n<h2>S\u00e9curit\u00e9, vie priv\u00e9e et mod\u00e9ration<\/h2>\n<p>Fox Video Chat reconna\u00eet le besoin de confidentialit\u00e9 et de s\u00e9curit\u00e9 de l'utilisateur dans le cadre d'un chat vid\u00e9o al\u00e9atoire, en mettant en \u0153uvre plusieurs mesures de protection :<\/p>\n<h3>Vie priv\u00e9e<\/h3>\n<ul>\n<li>Pas d'inscription ni de cr\u00e9ation de compte : Les utilisateurs restent anonymes \u00e0 tout moment.<\/li>\n<li>Aucune collecte de donn\u00e9es : Aucun nom, courriel ou num\u00e9ro de t\u00e9l\u00e9phone n'est requis.<\/li>\n<li>Pas d'enregistrement : Les conversations ne sont ni enregistr\u00e9es ni stock\u00e9es.<\/li>\n<\/ul>\n<h3>La mod\u00e9ration<\/h3>\n<ul>\n<li>Signalement dans le chat : Les utilisateurs peuvent rapidement signaler un comportement offensant ou abusif.<\/li>\n<li>D\u00e9tection de l'IA : Des filtres de base permettent de d\u00e9tecter la nudit\u00e9 ou les contenus explicites.<\/li>\n<li>Mod\u00e9ration humaine : Les rapports sont examin\u00e9s et les r\u00e9cidivistes sont bannis.<\/li>\n<\/ul>\n<h3>Meilleures pratiques<\/h3>\n<ul>\n<li>Ne communiquez jamais de d\u00e9tails personnels sur le chat.<\/li>\n<li>Utilisez g\u00e9n\u00e9reusement les boutons \"Suivant\" et \"Rapport\" si vous n'\u00eates pas \u00e0 l'aise.<\/li>\n<li>\u00c9vitez d'entrer en contact avec des utilisateurs suspects et maintenez des conversations l\u00e9g\u00e8res et respectueuses.<\/li>\n<\/ul>\n<h2>Exp\u00e9rience et conception des utilisateurs<\/h2>\n<p>L'interface moderne et l\u00e9g\u00e8re de Fox Video Chat est con\u00e7ue pour des discussions rapides et agr\u00e9ables :<\/p>\n<ul>\n<li>La page d'accueil pr\u00e9sente un grand bouton \"D\u00e9marrer\", des informations sur la protection de la vie priv\u00e9e et des r\u00e8gles.<\/li>\n<li>Les flux vid\u00e9o sont larges et clairs, avec un acc\u00e8s facile aux commandes de mise en sourdine, de saut et de rapport.<\/li>\n<li>Les transitions de chat sont rapides, avec un minimum de temps d'arr\u00eat entre les matchs.<\/li>\n<li>Le site est optimis\u00e9 pour des temps de chargement rapides et un fonctionnement fluide, m\u00eame sur les appareils de milieu de gamme.<\/li>\n<\/ul>\n<p>L'exp\u00e9rience mobile est particuli\u00e8rement bonne, ce qui fait de Fox Video Chat une excellente option pour discuter en d\u00e9placement.<\/p>\n<h2>Fox Video Chat vs. autres plateformes de chat al\u00e9atoire<\/h2>\n<p>Comment Fox Video Chat se compare-t-il aux autres sites de chat vid\u00e9o en 2025 ?<\/p>\n<table>\n<thead>\n<tr>\n<th>Fonctionnalit\u00e9<\/th>\n<th>Fox Video Chat<\/th>\n<th>Omegle (ferm\u00e9)<\/th>\n<th>Chatroulette<\/th>\n<th>Chatrandom<\/th>\n<th>Ohmegle<\/th>\n<\/tr>\n<\/thead>\n<tbody>\n<tr>\n<td>Random Video Chat avec des Inconnus<\/td>\n<td>Oui<\/td>\n<td>Oui<\/td>\n<td>Oui<\/td>\n<td>Oui<\/td>\n<td>Oui<\/td>\n<\/tr>\n<tr>\n<td>Option de chat textuel<\/td>\n<td>Oui<\/td>\n<td>Oui<\/td>\n<td>Non<\/td>\n<td>Oui<\/td>\n<td>Oui<\/td>\n<\/tr>\n<tr>\n<td>Inscription n\u00e9cessaire<\/td>\n<td>Non<\/td>\n<td>Non<\/td>\n<td>Non<\/td>\n<td>En option<\/td>\n<td>Non<\/td>\n<\/tr>\n<tr>\n<td>Support mobile<\/td>\n<td>Excellent<\/td>\n<td>Pauvre<\/td>\n<td>Bon<\/td>\n<td>Bon<\/td>\n<td>Excellent<\/td>\n<\/tr>\n<tr>\n<td>Outils de mod\u00e9ration<\/td>\n<td>Mod\u00e9r\u00e9<\/td>\n<td>Minime<\/td>\n<td>Faible<\/td>\n<td>Mod\u00e9r\u00e9<\/td>\n<td>Mod\u00e9r\u00e9<\/td>\n<\/tr>\n<tr>\n<td>Utilisation gratuite<\/td>\n<td>Oui<\/td>\n<td>Oui<\/td>\n<td>Oui<\/td>\n<td>Oui\/Pay\u00e9<\/td>\n<td>Oui<\/td>\n<\/tr>\n<tr>\n<td>Filtres de genre\/r\u00e9gion<\/td>\n<td>Non<\/td>\n<td>Non<\/td>\n<td>Non<\/td>\n<td>Pay\u00e9<\/td>\n<td>Non<\/td>\n<\/tr>\n<\/tbody>\n<\/table>\n<p>R\u00e9sum\u00e9 : il offre une exp\u00e9rience qui se rapproche le plus de l'original Omegle, avec une interface plus propre et une meilleure prise en charge des mobiles que de nombreux concurrents. Ses outils de mod\u00e9ration s'am\u00e9liorent, mais le v\u00e9ritable attrait du site r\u00e9side dans sa simplicit\u00e9 et sa rapidit\u00e9.<\/p>\n<h2>Avantages et inconv\u00e9nients<\/h2>\n<p>Pour :<\/p>\n<ul>\n<li>100% gratuit et anonyme<\/li>\n<li>Aucun enregistrement ou t\u00e9l\u00e9chargement n'est n\u00e9cessaire<\/li>\n<li>Transitions rapides et fluides entre les correspondances et les discussions<\/li>\n<li>Interface propre et intuitive pour les ordinateurs de bureau et les t\u00e9l\u00e9phones portables<\/li>\n<li>Modes de chat vid\u00e9o et textuel disponibles<\/li>\n<li>Base d'utilisateurs mondiale<\/li>\n<\/ul>\n<p>Cons :<\/p>\n<ul>\n<li>Pas de filtrage en fonction du sexe ou de la localisation<\/li>\n<li>Exposition occasionnelle \u00e0 un comportement inappropri\u00e9 (commun \u00e0 tous les sites de chat al\u00e9atoires)<\/li>\n<li>Plus d'utilisateurs masculins que f\u00e9minins<\/li>\n<li>Pas de profils ni de possibilit\u00e9 de reprendre contact avec d'anciens utilisateurs<\/li>\n<\/ul>\n<h2>Cas d'utilisation id\u00e9aux<\/h2>\n<p>Le chat vid\u00e9o est parfait pour :<\/p>\n<ul>\n<li>Les utilisateurs nostalgiques des plateformes classiques de chat al\u00e9atoire<\/li>\n<li>Les personnes \u00e0 la recherche de conversations spontan\u00e9es avec des inconnus<\/li>\n<li>Apprenants en langues souhaitant une pratique en temps r\u00e9el<\/li>\n<li>Voyageurs et expatri\u00e9s \u00e0 la recherche de contacts internationaux<\/li>\n<li>Toute personne \u00e0 la recherche d'un moyen de s'ennuyer sans engagement ni inscription<\/li>\n<\/ul>\n<p>Il est moins id\u00e9al pour :<\/p>\n<ul>\n<li>Ceux qui recherchent des fonctionnalit\u00e9s sp\u00e9cifiques aux rencontres ou des correspondances cibl\u00e9es<\/li>\n<li>Utilisateurs de moins de 18 ans (la plateforme est r\u00e9serv\u00e9e aux adultes)<\/li>\n<li>Les personnes souhaitant reprendre contact avec d'anciens partenaires de chat ou les suivre<\/li>\n<\/ul>\n<h2>Verdict final<\/h2>\n<p>Fox Video Chat est un choix exceptionnel pour tous ceux qui cherchent \u00e0 retrouver le plaisir et l'excitation du chat vid\u00e9o al\u00e9atoire en ligne en 2025. Son approche anonyme et sans inscription, associ\u00e9e \u00e0 une interface rapide et moderne, en fait l'une des plateformes de chat roulette les plus accessibles et les plus agr\u00e9ables disponibles aujourd'hui.<\/p>\n<p>Que vous soyez \u00e0 la recherche de nouveaux amis, d'un flirt occasionnel ou simplement d'un moyen amusant de passer le temps, il offre un environnement s\u00e9curis\u00e9, l\u00e9ger et enti\u00e8rement gratuit pour des connexions mondiales spontan\u00e9es. Il n'est pas encombr\u00e9 de profils, d'offres promotionnelles ou de publicit\u00e9s intrusives, mais seulement d'un chat pur, rapide et anonyme.<\/p>\n<p>Si vous voulez une version moderne de l'exp\u00e9rience Omegle, cela vaut absolument la peine d'essayer.<\/p>","protected":false},"excerpt":{"rendered":"<p>The search for the perfect random video chat site continues as users seek safe, anonymous, and fun alternatives to classics like Omegle and Chatroulette. Fox Video Chat is one of the latest platforms to catch the eye of the global chat community, promising fast connections, easy use, and a friendly environment for meeting strangers online. [&hellip;]<\/p>\n","protected":false},"author":6,"featured_media":0,"parent":0,"menu_order":0,"comment_status":"closed","ping_status":"closed","template":"","meta":{"footnotes":""},"class_list":["post-12909","page","type-page","status-publish","hentry"],"yoast_head":"<!-- This site is optimized with the Yoast SEO plugin v26.9 - https:\/\/yoast.com\/product\/yoast-seo-wordpress\/ -->\n<title>Fox Video Chat - Video Chat with Strangers on StrangerCam.com<\/title>\n<meta name=\"description\" content=\"Like Fox Video Chat? Come chat with more than 5.000.000 strangers on Stranger Cam for Free! Turn on your cam and find new friends &amp; maby a match!\" \/>\n<meta name=\"robots\" content=\"index, follow, max-snippet:-1, max-image-preview:large, max-video-preview:-1\" \/>\n<link rel=\"canonical\" href=\"https:\/\/strangercam.com\/fr\/fox-video-chat\/\" \/>\n<meta property=\"og:locale\" content=\"fr_FR\" \/>\n<meta property=\"og:type\" content=\"article\" \/>\n<meta property=\"og:title\" content=\"Fox Video Chat - Video Chat with Strangers on StrangerCam.com\" \/>\n<meta property=\"og:description\" content=\"Like Fox Video Chat? Come chat with more than 5.000.000 strangers on Stranger Cam for Free! Turn on your cam and find new friends &amp; maby a match!\" \/>\n<meta property=\"og:url\" content=\"https:\/\/strangercam.com\/fr\/fox-video-chat\/\" \/>\n<meta property=\"og:site_name\" content=\"Strangercam\" \/>\n<meta property=\"article:publisher\" content=\"https:\/\/www.facebook.com\/strangercam\" \/>\n<meta property=\"article:modified_time\" content=\"2025-07-14T11:46:15+00:00\" \/>\n<meta property=\"og:image\" content=\"https:\/\/strangercam.com\/wp-content\/uploads\/2021\/10\/Untitled-2.png\" \/>\n\t<meta property=\"og:image:width\" content=\"800\" \/>\n\t<meta property=\"og:image:height\" content=\"532\" \/>\n\t<meta property=\"og:image:type\" content=\"image\/png\" \/>\n<meta name=\"twitter:card\" content=\"summary_large_image\" \/>\n<meta name=\"twitter:site\" content=\"@strangercamapp\" \/>\n<meta name=\"twitter:label1\" content=\"Dur\u00e9e de lecture estim\u00e9e\" \/>\n\t<meta name=\"twitter:data1\" content=\"6 minutes\" \/>\n<script type=\"application\/ld+json\" class=\"yoast-schema-graph\">{\"@context\":\"https:\/\/schema.org\",\"@graph\":[{\"@type\":\"WebPage\",\"@id\":\"https:\/\/strangercam.com\/fox-video-chat\/\",\"url\":\"https:\/\/strangercam.com\/fox-video-chat\/\",\"name\":\"Fox Video Chat - Video Chat with Strangers on StrangerCam.com\",\"isPartOf\":{\"@id\":\"https:\/\/strangercam.com\/#website\"},\"datePublished\":\"2025-07-14T11:45:54+00:00\",\"dateModified\":\"2025-07-14T11:46:15+00:00\",\"description\":\"Like Fox Video Chat? Come chat with more than 5.000.000 strangers on Stranger Cam for Free! Turn on your cam and find new friends & maby a match!\",\"breadcrumb\":{\"@id\":\"https:\/\/strangercam.com\/fox-video-chat\/#breadcrumb\"},\"inLanguage\":\"fr-FR\",\"potentialAction\":[{\"@type\":\"ReadAction\",\"target\":[\"https:\/\/strangercam.com\/fox-video-chat\/\"]}]},{\"@type\":\"BreadcrumbList\",\"@id\":\"https:\/\/strangercam.com\/fox-video-chat\/#breadcrumb\",\"itemListElement\":[{\"@type\":\"ListItem\",\"position\":1,\"name\":\"Home\",\"item\":\"https:\/\/strangercam.com\/\"},{\"@type\":\"ListItem\",\"position\":2,\"name\":\"Fox Video Chat\"}]},{\"@type\":\"WebSite\",\"@id\":\"https:\/\/strangercam.com\/#website\",\"url\":\"https:\/\/strangercam.com\/\",\"name\":\"Strangercam\",\"description\":\"Random Video Chat with Strangers\",\"publisher\":{\"@id\":\"https:\/\/strangercam.com\/#organization\"},\"alternateName\":\"Strangercam.com\",\"potentialAction\":[{\"@type\":\"SearchAction\",\"target\":{\"@type\":\"EntryPoint\",\"urlTemplate\":\"https:\/\/strangercam.com\/?s={search_term_string}\"},\"query-input\":{\"@type\":\"PropertyValueSpecification\",\"valueRequired\":true,\"valueName\":\"search_term_string\"}}],\"inLanguage\":\"fr-FR\"},{\"@type\":\"Organization\",\"@id\":\"https:\/\/strangercam.com\/#organization\",\"name\":\"Strangercam\",\"alternateName\":\"Strangercam.com\",\"url\":\"https:\/\/strangercam.com\/\",\"logo\":{\"@type\":\"ImageObject\",\"inLanguage\":\"fr-FR\",\"@id\":\"https:\/\/strangercam.com\/#\/schema\/logo\/image\/\",\"url\":\"https:\/\/strangercam.com\/wp-content\/uploads\/2020\/11\/cropped-new-favicon-black.png\",\"contentUrl\":\"https:\/\/strangercam.com\/wp-content\/uploads\/2020\/11\/cropped-new-favicon-black.png\",\"width\":512,\"height\":512,\"caption\":\"Strangercam\"},\"image\":{\"@id\":\"https:\/\/strangercam.com\/#\/schema\/logo\/image\/\"},\"sameAs\":[\"https:\/\/www.facebook.com\/strangercam\",\"https:\/\/x.com\/strangercamapp\"]}]}<\/script>\n<!-- \/ Yoast SEO plugin. -->","yoast_head_json":{"title":"Fox Video Chat - Chat vid\u00e9o avec des \u00e9trangers sur StrangerCam.com","description":"Vous aimez Fox Video Chat ? Venez discuter avec plus de 5.000.000 d'inconnus sur Stranger Cam gratuitement ! Allume ta cam\u00e9ra et trouve de nouveaux amis et peut-\u00eatre un partenaire !","robots":{"index":"index","follow":"follow","max-snippet":"max-snippet:-1","max-image-preview":"max-image-preview:large","max-video-preview":"max-video-preview:-1"},"canonical":"https:\/\/strangercam.com\/fr\/fox-video-chat\/","og_locale":"fr_FR","og_type":"article","og_title":"Fox Video Chat - Video Chat with Strangers on StrangerCam.com","og_description":"Like Fox Video Chat? Come chat with more than 5.000.000 strangers on Stranger Cam for Free! Turn on your cam and find new friends & maby a match!","og_url":"https:\/\/strangercam.com\/fr\/fox-video-chat\/","og_site_name":"Strangercam","article_publisher":"https:\/\/www.facebook.com\/strangercam","article_modified_time":"2025-07-14T11:46:15+00:00","og_image":[{"width":800,"height":532,"url":"https:\/\/strangercam.com\/wp-content\/uploads\/2021\/10\/Untitled-2.png","type":"image\/png"}],"twitter_card":"summary_large_image","twitter_site":"@strangercamapp","twitter_misc":{"Dur\u00e9e de lecture estim\u00e9e":"6 minutes"},"schema":{"@context":"https:\/\/schema.org","@graph":[{"@type":"WebPage","@id":"https:\/\/strangercam.com\/fox-video-chat\/","url":"https:\/\/strangercam.com\/fox-video-chat\/","name":"Fox Video Chat - Chat vid\u00e9o avec des \u00e9trangers sur StrangerCam.com","isPartOf":{"@id":"https:\/\/strangercam.com\/#website"},"datePublished":"2025-07-14T11:45:54+00:00","dateModified":"2025-07-14T11:46:15+00:00","description":"Vous aimez Fox Video Chat ? Venez discuter avec plus de 5.000.000 d'inconnus sur Stranger Cam gratuitement ! Allume ta cam\u00e9ra et trouve de nouveaux amis et peut-\u00eatre un partenaire !","breadcrumb":{"@id":"https:\/\/strangercam.com\/fox-video-chat\/#breadcrumb"},"inLanguage":"fr-FR","potentialAction":[{"@type":"ReadAction","target":["https:\/\/strangercam.com\/fox-video-chat\/"]}]},{"@type":"BreadcrumbList","@id":"https:\/\/strangercam.com\/fox-video-chat\/#breadcrumb","itemListElement":[{"@type":"ListItem","position":1,"name":"Home","item":"https:\/\/strangercam.com\/"},{"@type":"ListItem","position":2,"name":"Fox Video Chat"}]},{"@type":"WebSite","@id":"https:\/\/strangercam.com\/#website","url":"https:\/\/strangercam.com\/","name":"Strangercam","description":"Chat vid\u00e9o al\u00e9atoire avec des inconnus","publisher":{"@id":"https:\/\/strangercam.com\/#organization"},"alternateName":"Strangercam.com","potentialAction":[{"@type":"SearchAction","target":{"@type":"EntryPoint","urlTemplate":"https:\/\/strangercam.com\/?s={search_term_string}"},"query-input":{"@type":"PropertyValueSpecification","valueRequired":true,"valueName":"search_term_string"}}],"inLanguage":"fr-FR"},{"@type":"Organization","@id":"https:\/\/strangercam.com\/#organization","name":"Strangercam","alternateName":"Strangercam.com","url":"https:\/\/strangercam.com\/","logo":{"@type":"ImageObject","inLanguage":"fr-FR","@id":"https:\/\/strangercam.com\/#\/schema\/logo\/image\/","url":"https:\/\/strangercam.com\/wp-content\/uploads\/2020\/11\/cropped-new-favicon-black.png","contentUrl":"https:\/\/strangercam.com\/wp-content\/uploads\/2020\/11\/cropped-new-favicon-black.png","width":512,"height":512,"caption":"Strangercam"},"image":{"@id":"https:\/\/strangercam.com\/#\/schema\/logo\/image\/"},"sameAs":["https:\/\/www.facebook.com\/strangercam","https:\/\/x.com\/strangercamapp"]}]}},"_links":{"self":[{"href":"https:\/\/strangercam.com\/fr\/wp-json\/wp\/v2\/pages\/12909","targetHints":{"allow":["GET"]}}],"collection":[{"href":"https:\/\/strangercam.com\/fr\/wp-json\/wp\/v2\/pages"}],"about":[{"href":"https:\/\/strangercam.com\/fr\/wp-json\/wp\/v2\/types\/page"}],"author":[{"embeddable":true,"href":"https:\/\/strangercam.com\/fr\/wp-json\/wp\/v2\/users\/6"}],"replies":[{"embeddable":true,"href":"https:\/\/strangercam.com\/fr\/wp-json\/wp\/v2\/comments?post=12909"}],"version-history":[{"count":1,"href":"https:\/\/strangercam.com\/fr\/wp-json\/wp\/v2\/pages\/12909\/revisions"}],"predecessor-version":[{"id":12910,"href":"https:\/\/strangercam.com\/fr\/wp-json\/wp\/v2\/pages\/12909\/revisions\/12910"}],"wp:attachment":[{"href":"https:\/\/strangercam.com\/fr\/wp-json\/wp\/v2\/media?parent=12909"}],"curies":[{"name":"wp","href":"https:\/\/api.w.org\/{rel}","templated":true}]}}