{"id":12905,"date":"2025-07-14T13:38:21","date_gmt":"2025-07-14T11:38:21","guid":{"rendered":"https:\/\/strangercam.com\/?page_id=12905"},"modified":"2025-07-14T13:38:21","modified_gmt":"2025-07-14T11:38:21","slug":"stranger-space","status":"publish","type":"page","link":"https:\/\/strangercam.com\/fr\/stranger-space\/","title":{"rendered":"L'espace \u00e9tranger"},"content":{"rendered":"<p>Avec tant de vid\u00e9os al\u00e9atoires <a href=\"https:\/\/strangercam.com\/fr\/chathub\/\">chat<\/a> Parmi toutes les plateformes qui se disputent l'attention en 2025, il est rare de trouver un site qui concilie aussi bien l'anonymat, la s\u00e9curit\u00e9 et une exp\u00e9rience utilisateur moderne que Stranger Space. Con\u00e7u pour les utilisateurs d\u00e9sireux de nouer des contacts spontan\u00e9s en face-\u00e0-face, mais sans les \u00e9cueils des plateformes plus anciennes, Stranger Space se distingue par des choix de conception intelligents, une mod\u00e9ration int\u00e9gr\u00e9e et une atmosph\u00e8re fra\u00eeche et accueillante.<\/p>\n<p>Mais Stranger Space est-il le meilleur endroit pour chatter en vid\u00e9o avec des inconnus ? Est-il s\u00fbr, facile \u00e0 utiliser et r\u00e9ellement amusant ? Dans cet article d\u00e9taill\u00e9, nous aborderons tout ce que vous devez savoir : comment il fonctionne, qui l'utilise, ce qui le rend diff\u00e9rent et comment il se compare aux autres sites de chat vid\u00e9o les plus populaires en 2025.<\/p>\n<h2>Qu'est-ce que l'espace \u00e9trange ?<\/h2>\n<p>Stranger Space est une plateforme de chat vid\u00e9o al\u00e9atoire gratuite, bas\u00e9e sur un navigateur, qui vous met instantan\u00e9ment en contact avec des inconnus du monde entier. Les utilisateurs peuvent s'engager dans des appels vid\u00e9o priv\u00e9s, en t\u00eate-\u00e0-t\u00eate, ou passer \u00e0 un chat textuel, le tout sans avoir besoin de cr\u00e9er un compte ou de t\u00e9l\u00e9charger une application.<\/p>\n<p>L'accent est mis sur la communication facile, anonyme et en temps r\u00e9el. Il vous suffit d'ouvrir le site, d'autoriser votre webcam et votre microphone, et de cliquer pour commencer \u00e0 discuter. L'interface \u00e9pur\u00e9e et le design moderne de Stranger Space vous permettent de parler \u00e0 quelqu'un de nouveau en quelques secondes.<\/p>\n<h2>Quel est l'objectif de l'espace r\u00e9serv\u00e9 aux \u00e9trangers ?<\/h2>\n<p>La mission de Stranger Space est de faire revivre l'enthousiasme et la simplicit\u00e9 des plateformes de chat al\u00e9atoire classiques, tout en rem\u00e9diant aux probl\u00e8mes de s\u00e9curit\u00e9, de confidentialit\u00e9 et de convivialit\u00e9 qui ont rendu des sites tels que <a href=\"https:\/\/strangercam.com\/fr\/omegle\/\">Omegle<\/a> inf\u00e2me.<\/p>\n<p>Stranger Space est con\u00e7u pour :<\/p>\n<ul>\n<li>Les personnes qui souhaitent une interaction en face \u00e0 face spontan\u00e9e et non sc\u00e9naris\u00e9e<\/li>\n<li>Les utilisateurs qui attachent de l'importance \u00e0 l'anonymat et \u00e0 la confidentialit\u00e9 des donn\u00e9es<\/li>\n<li>Tous ceux qui en ont assez des profils interminables, des fils d'actualit\u00e9 sociale et du \"swiping\".<\/li>\n<li>Les personnes qui apprennent une langue et les voyageurs qui cherchent \u00e0 \u00e9largir leurs horizons<\/li>\n<\/ul>\n<p>Il s'agit avant tout de mettre les gens en contact rapidement et en toute s\u00e9curit\u00e9, de leur permettre de d\u00e9couvrir de nouvelles cultures, de nouvelles id\u00e9es et de nouvelles amiti\u00e9s, ou tout simplement de se d\u00e9fouler apr\u00e8s une longue journ\u00e9e.<\/p>\n<h2>Caract\u00e9ristiques principales<\/h2>\n<p>1. Chat vid\u00e9o anonyme en t\u00eate-\u00e0-t\u00eate<br \/>\nLe c\u0153ur de Stranger Space est son chat vid\u00e9o priv\u00e9 et al\u00e9atoire. Cliquez pour commencer, et vous \u00eates instantan\u00e9ment mis en relation avec un autre utilisateur, n'importe o\u00f9 dans le monde. Il n'y a pas de compte, aucune information personnelle n'est requise et chaque conversation est unique.<\/p>\n<p>2. Bouton \"Skip\/Next\" (Sauter\/Suivant)<br \/>\nSi la conversation ne se d\u00e9roule pas bien ou si vous \u00eates simplement pr\u00eat \u00e0 changer, cliquez simplement sur \"Suivant\". Vous serez instantan\u00e9ment mis en relation avec un autre utilisateur. Ce cycle rapide permet \u00e0 l'exp\u00e9rience de rester fra\u00eeche et dynamique.<\/p>\n<p>3. Option de chat textuel<br \/>\nPour ceux qui ont peur des cam\u00e9ras ou qui ont des probl\u00e8mes de bande passante, Stranger Space propose un mode texte uniquement. Vous pouvez passer du texte \u00e0 la vid\u00e9o \u00e0 votre guise, ce qui rend le site polyvalent pour tous les types d'utilisateurs.<\/p>\n<p>4. Pas d'enregistrement ni de t\u00e9l\u00e9chargement<br \/>\nVous n'avez jamais besoin de cr\u00e9er un compte, d'\u00e9tablir un profil ou de t\u00e9l\u00e9charger un logiciel. Stranger Space s'ex\u00e9cute directement dans votre navigateur, que ce soit sur ordinateur ou sur mobile.<\/p>\n<p>5. Conception moderne et r\u00e9active<br \/>\nStranger Space se distingue par son interface \u00e9pur\u00e9e et minimale. Le site se charge rapidement, les commandes sont faciles \u00e0 trouver et la qualit\u00e9 vid\u00e9o est excellente, m\u00eame sur les navigateurs mobiles.<\/p>\n<p>6. Outils de s\u00e9curit\u00e9 et de mod\u00e9ration<br \/>\nStranger Space donne la priorit\u00e9 \u00e0 la s\u00e9curit\u00e9 avec un bouton de signalement visible dans chaque chat, une d\u00e9tection de la nudit\u00e9 et des abus assist\u00e9e par l'IA et une mod\u00e9ration humaine en temps r\u00e9el pendant les heures de pointe.<\/p>\n<p>7. Base d'utilisateurs multilingues et internationaux<br \/>\nLa plateforme accueille des utilisateurs du monde entier, ce qui en fait un lieu id\u00e9al pour pratiquer des langues, d\u00e9couvrir de nouvelles cultures ou simplement se faire des amis lointains.<\/p>\n<h2>Stranger Space est-il gratuit ?<\/h2>\n<p>L'utilisation de Yes-Stranger Space est enti\u00e8rement gratuite. Il n'y a pas de :<\/p>\n<ul>\n<li>Parois payantes ou abonnements<\/li>\n<li>Pi\u00e8ces, jetons ou achats in-app<\/li>\n<li>Fonctionnalit\u00e9s verrouill\u00e9es<\/li>\n<\/ul>\n<p>Tous les utilisateurs ont acc\u00e8s au chat vid\u00e9o et textuel, \u00e0 la fonctionnalit\u00e9 de saut et aux fonctions de mod\u00e9ration. La plateforme peut afficher des publicit\u00e9s non intrusives pour aider \u00e0 couvrir les co\u00fbts, mais celles-ci n'interf\u00e8rent pas avec l'exp\u00e9rience de chat principale.<\/p>\n<h2>Qui utilise Stranger Space ?<\/h2>\n<p>L'aspect moderne de la plateforme et ses caract\u00e9ristiques de s\u00e9curit\u00e9 attirent une base d'utilisateurs diversifi\u00e9e et mondiale. La plupart des utilisateurs sont :<\/p>\n<ul>\n<li>18 \u00e0 35 ans (la plateforme est r\u00e9serv\u00e9e aux adultes)<\/li>\n<li>En provenance des \u00c9tats-Unis, du Royaume-Uni, de l'Inde, de l'Allemagne, du Br\u00e9sil, du Canada et de l'Asie du Sud-Est.<\/li>\n<li>S\u00e9paration entre personnes cherchant une conversation amicale, un \u00e9change linguistique et un flirt occasionnel.<\/li>\n<\/ul>\n<p>Contrairement \u00e0 certains sites de chat vid\u00e9o, l'engagement de Stranger Space en mati\u00e8re de s\u00e9curit\u00e9 et de respect de la vie priv\u00e9e lui permet d'attirer \u00e0 la fois les hommes et les femmes, avec une participation des deux sexes plus \u00e9quilibr\u00e9e que ce qui est g\u00e9n\u00e9ralement le cas dans ce cr\u00e9neau.<\/p>\n<h2>S\u00e9curit\u00e9, vie priv\u00e9e et mod\u00e9ration<\/h2>\n<p>La s\u00e9curit\u00e9 et la protection de la vie priv\u00e9e sont des priorit\u00e9s absolues pour Stranger Space, et cela se manifeste de plusieurs mani\u00e8res :<\/p>\n<h3>Vie priv\u00e9e<\/h3>\n<ul>\n<li>Pas d'inscription ni de cr\u00e9ation de profil<\/li>\n<li>Les conversations ne sont jamais enregistr\u00e9es ou stock\u00e9es<\/li>\n<li>Votre webcam et votre microphone ne sont actifs que pendant votre session<\/li>\n<li>Aucune donn\u00e9e personnelle n'est collect\u00e9e ou partag\u00e9e avec d'autres utilisateurs.<\/li>\n<\/ul>\n<h3>La mod\u00e9ration<\/h3>\n<ul>\n<li>Signalement dans le chat des abus, de la nudit\u00e9 ou du spam<\/li>\n<li>D\u00e9tection assist\u00e9e par l'IA pour signaler automatiquement les contenus inappropri\u00e9s<\/li>\n<li>Mod\u00e9ration manuelle en p\u00e9riode de forte activit\u00e9<\/li>\n<li>Interdiction rapide pour les r\u00e9cidivistes<\/li>\n<\/ul>\n<h3>Guide de l'utilisateur<\/h3>\n<ul>\n<li>La plateforme est r\u00e9serv\u00e9e aux adultes (18+)<\/li>\n<li>Il est vivement conseill\u00e9 aux utilisateurs de ne pas partager leurs informations personnelles<\/li>\n<li>Les normes communautaires interdisent la nudit\u00e9, le harc\u00e8lement et les activit\u00e9s ill\u00e9gales.<\/li>\n<\/ul>\n<p>Ces syst\u00e8mes fonctionnent ensemble pour cr\u00e9er un environnement de chat plus s\u00fbr et plus accueillant, m\u00eame si, comme pour toutes les plateformes anonymes, un certain risque subsiste et que les utilisateurs doivent toujours faire preuve de prudence.<\/p>\n<h2>Exp\u00e9rience et conception des utilisateurs<\/h2>\n<p>Stranger Space offre une exp\u00e9rience moderne, rapide et \u00e9pur\u00e9e :<\/p>\n<ul>\n<li>La page d'accueil propose un simple bouton \"D\u00e9marrer\", de br\u00e8ves informations sur la s\u00e9curit\u00e9 et un acc\u00e8s direct au chat.<\/li>\n<li>Les flux vid\u00e9o sont larges, clairs et s'adaptent bien aux diff\u00e9rentes tailles d'\u00e9cran.<\/li>\n<li>Les commandes \"Suivant\", \"Rapport\", la mise en sourdine et le passage du texte \u00e0 la vid\u00e9o sont toujours visibles et faciles \u00e0 utiliser.<\/li>\n<\/ul>\n<p>Sur les ordinateurs de bureau comme sur les t\u00e9l\u00e9phones portables, les temps de chargement sont courts et la plateforme fonctionne en douceur. Contrairement aux anciens sites, Stranger Space semble avoir \u00e9t\u00e9 con\u00e7u pour les vitesses et les appareils Internet d'aujourd'hui.<\/p>\n<h2>Stranger Space contre d'autres plateformes de chat vid\u00e9o al\u00e9atoire<\/h2>\n<p>Comment Stranger Space se compare-t-il aux autres sites de chat vid\u00e9o ?<\/p>\n<table>\n<thead>\n<tr>\n<th>Fonctionnalit\u00e9<\/th>\n<th>L'espace \u00e9tranger<\/th>\n<th>Ohmegle<\/th>\n<th><a href=\"https:\/\/strangercam.com\/fr\/ometv\/\">OmeTV<\/a><\/th>\n<th>Chatrandom<\/th>\n<th>Chaty<\/th>\n<\/tr>\n<\/thead>\n<tbody>\n<tr>\n<td>Chat vid\u00e9o<\/td>\n<td>Oui<\/td>\n<td>Oui<\/td>\n<td>Oui<\/td>\n<td>Oui<\/td>\n<td>Oui<\/td>\n<\/tr>\n<tr>\n<td>Option de chat textuel<\/td>\n<td>Oui<\/td>\n<td>Oui<\/td>\n<td>Oui<\/td>\n<td>Oui<\/td>\n<td>Oui<\/td>\n<\/tr>\n<tr>\n<td>Inscription n\u00e9cessaire<\/td>\n<td>Non<\/td>\n<td>Non<\/td>\n<td>Non<\/td>\n<td>En option<\/td>\n<td>Non<\/td>\n<\/tr>\n<tr>\n<td>Adapt\u00e9e aux mobiles<\/td>\n<td>Excellent<\/td>\n<td>Excellent<\/td>\n<td>Bon<\/td>\n<td>Bon<\/td>\n<td>Excellent<\/td>\n<\/tr>\n<tr>\n<td>Mod\u00e9ration\/rapport<\/td>\n<td>Fort<\/td>\n<td>Mod\u00e9r\u00e9<\/td>\n<td>Fort<\/td>\n<td>Mod\u00e9r\u00e9<\/td>\n<td>Mod\u00e9r\u00e9<\/td>\n<\/tr>\n<tr>\n<td>Utilisation gratuite<\/td>\n<td>Oui<\/td>\n<td>Oui<\/td>\n<td>Oui<\/td>\n<td>Oui\/Pay\u00e9<\/td>\n<td>Oui<\/td>\n<\/tr>\n<tr>\n<td>Filtres de genre\/r\u00e9gion<\/td>\n<td>Non<\/td>\n<td>Non<\/td>\n<td>Pay\u00e9<\/td>\n<td>Pay\u00e9<\/td>\n<td>Non<\/td>\n<\/tr>\n<\/tbody>\n<\/table>\n<p>R\u00e9sum\u00e9 : Stranger Space est le plus proche dans l'esprit d'Ohmegle et de Chaty, mais se distingue par son interface moderne et sa mod\u00e9ration plus proactive. Contrairement \u00e0 OmeTV et Chatrandom, il ne verrouille pas les fonctionnalit\u00e9s derri\u00e8re un mur payant et n'exige pas d'inscription.<\/p>\n<h2>Avantages et inconv\u00e9nients<\/h2>\n<p>Pour :<\/p>\n<ul>\n<li>Compl\u00e8tement gratuit et anonyme<\/li>\n<li>Aucune inscription ni t\u00e9l\u00e9chargement n'est n\u00e9cessaire<\/li>\n<li>Conception moderne et adapt\u00e9e aux mobiles<\/li>\n<li>Des dispositifs de mod\u00e9ration et de s\u00e9curit\u00e9 solides<\/li>\n<li>Correspondance et saut rapides et simples<\/li>\n<li>Base d'utilisateurs mondiale et multilingue<\/li>\n<\/ul>\n<p>Cons :<\/p>\n<ul>\n<li>Pas de filtres de genre ou de r\u00e9gion (les correspondances sont totalement al\u00e9atoires)<\/li>\n<li>Contenu inappropri\u00e9 occasionnel, malgr\u00e9 la mod\u00e9ration<\/li>\n<li>Pas de profils, d'historique de l'utilisateur ou d'options de remise en correspondance<\/li>\n<li>Certains utilisateurs peuvent se d\u00e9connecter rapidement ou sauter fr\u00e9quemment.<\/li>\n<\/ul>\n<h2>Cas d'utilisation id\u00e9aux<\/h2>\n<p>Stranger Space est parfait pour :<\/p>\n<ul>\n<li>Utilisateurs souhaitant un chat vid\u00e9o ou textuel pur et spontan\u00e9<\/li>\n<li>Tous ceux qui attachent de l'importance \u00e0 la protection de la vie priv\u00e9e et \u00e0 une interface propre et moderne<\/li>\n<li>Apprenants en langues et explorateurs culturels<\/li>\n<li>Les personnes qui cherchent \u00e0 s'ennuyer ou \u00e0 avoir une conversation amicale<\/li>\n<li>Adultes \u00e0 la recherche d'une alternative plus s\u00fbre au chat traditionnel <a href=\"https:\/\/strangercam.com\/fr\/chatroulette\/\">roulette<\/a> sites<\/li>\n<\/ul>\n<p>Il est moins adapt\u00e9 pour :<\/p>\n<ul>\n<li>Ceux qui recherchent des fonctions de rencontres ou de jumelage<\/li>\n<li>Utilisateurs mineurs (strictement 18+)<\/li>\n<li>Les personnes qui souhaitent des filtres pour le sexe, le pays ou les centres d'int\u00e9r\u00eat<\/li>\n<\/ul>\n<h2>Verdict final<\/h2>\n<p>Stranger Space est l'une des plateformes de chat vid\u00e9o al\u00e9atoire les mieux con\u00e7ues et les plus s\u00fbres disponibles en 2025. En mettant l'accent sur l'anonymat, la convivialit\u00e9 et la protection des utilisateurs, elle fait entrer l'exp\u00e9rience classique de la roulette de chat dans une nouvelle \u00e8re, sans le d\u00e9sordre et les risques qui d\u00e9finissaient autrefois le genre.<\/p>\n<p>Si vous \u00eates \u00e0 la recherche d'un endroit pour <a href=\"https:\/\/strangercam.com\/fr\/coomeet\/\">rencontrer<\/a> Pour rencontrer des inconnus du monde entier, avoir des conversations in\u00e9dites ou simplement d\u00e9couvrir le plaisir du chat vid\u00e9o anonyme, Stranger Space vaut vraiment la peine d'\u00eatre essay\u00e9. Son interface simplifi\u00e9e, son appariement rapide et sa mod\u00e9ration proactive en font un choix de premier ordre pour tous ceux qui souhaitent une connexion humaine en ligne en temps r\u00e9el - pas d'inscription, pas de t\u00e9l\u00e9chargement, pas d'engagement.<\/p>","protected":false},"excerpt":{"rendered":"<p>With so many random video chat platforms vying for attention in 2025, it\u2019s rare to find a site that balances anonymity, safety, and a modern user experience as well as Stranger Space. Designed for users who want spontaneous face-to-face connections\u2014but without the pitfalls that plagued older platforms\u2014Stranger Space sets itself apart through smart design choices, [&hellip;]<\/p>\n","protected":false},"author":6,"featured_media":0,"parent":0,"menu_order":0,"comment_status":"closed","ping_status":"closed","template":"","meta":{"footnotes":""},"class_list":["post-12905","page","type-page","status-publish","hentry"],"yoast_head":"<!-- This site is optimized with the Yoast SEO plugin v27.4 - https:\/\/yoast.com\/product\/yoast-seo-wordpress\/ -->\n<title>Stranger Space - Talk to Strangers for Free on StrangerCam.com<\/title>\n<meta name=\"description\" content=\"Like Stranger Space? Come chat with more than 5.000.000 strangers on Stranger Cam for Free! Turn on your cam and find new friends &amp; maby a match!\" \/>\n<meta name=\"robots\" content=\"index, follow, max-snippet:-1, max-image-preview:large, max-video-preview:-1\" \/>\n<link rel=\"canonical\" href=\"https:\/\/strangercam.com\/fr\/stranger-space\/\" \/>\n<meta property=\"og:locale\" content=\"fr_FR\" \/>\n<meta property=\"og:type\" content=\"article\" \/>\n<meta property=\"og:title\" content=\"Stranger Space - Talk to Strangers for Free on StrangerCam.com\" \/>\n<meta property=\"og:description\" content=\"Like Stranger Space? Come chat with more than 5.000.000 strangers on Stranger Cam for Free! Turn on your cam and find new friends &amp; maby a match!\" \/>\n<meta property=\"og:url\" content=\"https:\/\/strangercam.com\/fr\/stranger-space\/\" \/>\n<meta property=\"og:site_name\" content=\"Strangercam\" \/>\n<meta property=\"article:publisher\" content=\"https:\/\/www.facebook.com\/strangercam\" \/>\n<meta property=\"og:image\" content=\"https:\/\/strangercam.com\/wp-content\/uploads\/2021\/10\/Untitled-2.png\" \/>\n\t<meta property=\"og:image:width\" content=\"800\" \/>\n\t<meta property=\"og:image:height\" content=\"532\" \/>\n\t<meta property=\"og:image:type\" content=\"image\/png\" \/>\n<meta name=\"twitter:card\" content=\"summary_large_image\" \/>\n<meta name=\"twitter:site\" content=\"@strangercamapp\" \/>\n<meta name=\"twitter:label1\" content=\"Dur\u00e9e de lecture estim\u00e9e\" \/>\n\t<meta name=\"twitter:data1\" content=\"6 minutes\" \/>\n<script type=\"application\/ld+json\" class=\"yoast-schema-graph\">{\"@context\":\"https:\\\/\\\/schema.org\",\"@graph\":[{\"@type\":\"WebPage\",\"@id\":\"https:\\\/\\\/strangercam.com\\\/stranger-space\\\/\",\"url\":\"https:\\\/\\\/strangercam.com\\\/stranger-space\\\/\",\"name\":\"Stranger Space - Talk to Strangers for Free on StrangerCam.com\",\"isPartOf\":{\"@id\":\"https:\\\/\\\/strangercam.com\\\/#website\"},\"datePublished\":\"2025-07-14T11:38:21+00:00\",\"description\":\"Like Stranger Space? Come chat with more than 5.000.000 strangers on Stranger Cam for Free! Turn on your cam and find new friends & maby a match!\",\"breadcrumb\":{\"@id\":\"https:\\\/\\\/strangercam.com\\\/stranger-space\\\/#breadcrumb\"},\"inLanguage\":\"fr-FR\",\"potentialAction\":[{\"@type\":\"ReadAction\",\"target\":[\"https:\\\/\\\/strangercam.com\\\/stranger-space\\\/\"]}]},{\"@type\":\"BreadcrumbList\",\"@id\":\"https:\\\/\\\/strangercam.com\\\/stranger-space\\\/#breadcrumb\",\"itemListElement\":[{\"@type\":\"ListItem\",\"position\":1,\"name\":\"Home\",\"item\":\"https:\\\/\\\/strangercam.com\\\/\"},{\"@type\":\"ListItem\",\"position\":2,\"name\":\"Stranger Space\"}]},{\"@type\":\"WebSite\",\"@id\":\"https:\\\/\\\/strangercam.com\\\/#website\",\"url\":\"https:\\\/\\\/strangercam.com\\\/\",\"name\":\"Strangercam\",\"description\":\"Random Video Chat with Strangers\",\"publisher\":{\"@id\":\"https:\\\/\\\/strangercam.com\\\/#organization\"},\"alternateName\":\"Strangercam.com\",\"potentialAction\":[{\"@type\":\"SearchAction\",\"target\":{\"@type\":\"EntryPoint\",\"urlTemplate\":\"https:\\\/\\\/strangercam.com\\\/?s={search_term_string}\"},\"query-input\":{\"@type\":\"PropertyValueSpecification\",\"valueRequired\":true,\"valueName\":\"search_term_string\"}}],\"inLanguage\":\"fr-FR\"},{\"@type\":\"Organization\",\"@id\":\"https:\\\/\\\/strangercam.com\\\/#organization\",\"name\":\"Strangercam\",\"alternateName\":\"Strangercam.com\",\"url\":\"https:\\\/\\\/strangercam.com\\\/\",\"logo\":{\"@type\":\"ImageObject\",\"inLanguage\":\"fr-FR\",\"@id\":\"https:\\\/\\\/strangercam.com\\\/#\\\/schema\\\/logo\\\/image\\\/\",\"url\":\"https:\\\/\\\/strangercam.com\\\/wp-content\\\/uploads\\\/2020\\\/11\\\/cropped-new-favicon-black.png\",\"contentUrl\":\"https:\\\/\\\/strangercam.com\\\/wp-content\\\/uploads\\\/2020\\\/11\\\/cropped-new-favicon-black.png\",\"width\":512,\"height\":512,\"caption\":\"Strangercam\"},\"image\":{\"@id\":\"https:\\\/\\\/strangercam.com\\\/#\\\/schema\\\/logo\\\/image\\\/\"},\"sameAs\":[\"https:\\\/\\\/www.facebook.com\\\/strangercam\",\"https:\\\/\\\/x.com\\\/strangercamapp\"]}]}<\/script>\n<!-- \/ Yoast SEO plugin. -->","yoast_head_json":{"title":"Stranger Space - Parlez \u00e0 des inconnus gratuitement sur StrangerCam.com","description":"Vous aimez Stranger Space ? Venez discuter avec plus de 5.000.000 d'inconnus sur Stranger Cam gratuitement ! Allume ta cam\u00e9ra et trouve de nouveaux amis et peut-\u00eatre un partenaire !","robots":{"index":"index","follow":"follow","max-snippet":"max-snippet:-1","max-image-preview":"max-image-preview:large","max-video-preview":"max-video-preview:-1"},"canonical":"https:\/\/strangercam.com\/fr\/stranger-space\/","og_locale":"fr_FR","og_type":"article","og_title":"Stranger Space - Talk to Strangers for Free on StrangerCam.com","og_description":"Like Stranger Space? Come chat with more than 5.000.000 strangers on Stranger Cam for Free! Turn on your cam and find new friends & maby a match!","og_url":"https:\/\/strangercam.com\/fr\/stranger-space\/","og_site_name":"Strangercam","article_publisher":"https:\/\/www.facebook.com\/strangercam","og_image":[{"width":800,"height":532,"url":"https:\/\/strangercam.com\/wp-content\/uploads\/2021\/10\/Untitled-2.png","type":"image\/png"}],"twitter_card":"summary_large_image","twitter_site":"@strangercamapp","twitter_misc":{"Dur\u00e9e de lecture estim\u00e9e":"6 minutes"},"schema":{"@context":"https:\/\/schema.org","@graph":[{"@type":"WebPage","@id":"https:\/\/strangercam.com\/stranger-space\/","url":"https:\/\/strangercam.com\/stranger-space\/","name":"Stranger Space - Parlez \u00e0 des inconnus gratuitement sur StrangerCam.com","isPartOf":{"@id":"https:\/\/strangercam.com\/#website"},"datePublished":"2025-07-14T11:38:21+00:00","description":"Vous aimez Stranger Space ? Venez discuter avec plus de 5.000.000 d'inconnus sur Stranger Cam gratuitement ! Allume ta cam\u00e9ra et trouve de nouveaux amis et peut-\u00eatre un partenaire !","breadcrumb":{"@id":"https:\/\/strangercam.com\/stranger-space\/#breadcrumb"},"inLanguage":"fr-FR","potentialAction":[{"@type":"ReadAction","target":["https:\/\/strangercam.com\/stranger-space\/"]}]},{"@type":"BreadcrumbList","@id":"https:\/\/strangercam.com\/stranger-space\/#breadcrumb","itemListElement":[{"@type":"ListItem","position":1,"name":"Home","item":"https:\/\/strangercam.com\/"},{"@type":"ListItem","position":2,"name":"Stranger Space"}]},{"@type":"WebSite","@id":"https:\/\/strangercam.com\/#website","url":"https:\/\/strangercam.com\/","name":"Strangercam","description":"Chat vid\u00e9o al\u00e9atoire avec des inconnus","publisher":{"@id":"https:\/\/strangercam.com\/#organization"},"alternateName":"Strangercam.com","potentialAction":[{"@type":"SearchAction","target":{"@type":"EntryPoint","urlTemplate":"https:\/\/strangercam.com\/?s={search_term_string}"},"query-input":{"@type":"PropertyValueSpecification","valueRequired":true,"valueName":"search_term_string"}}],"inLanguage":"fr-FR"},{"@type":"Organization","@id":"https:\/\/strangercam.com\/#organization","name":"Strangercam","alternateName":"Strangercam.com","url":"https:\/\/strangercam.com\/","logo":{"@type":"ImageObject","inLanguage":"fr-FR","@id":"https:\/\/strangercam.com\/#\/schema\/logo\/image\/","url":"https:\/\/strangercam.com\/wp-content\/uploads\/2020\/11\/cropped-new-favicon-black.png","contentUrl":"https:\/\/strangercam.com\/wp-content\/uploads\/2020\/11\/cropped-new-favicon-black.png","width":512,"height":512,"caption":"Strangercam"},"image":{"@id":"https:\/\/strangercam.com\/#\/schema\/logo\/image\/"},"sameAs":["https:\/\/www.facebook.com\/strangercam","https:\/\/x.com\/strangercamapp"]}]}},"_links":{"self":[{"href":"https:\/\/strangercam.com\/fr\/wp-json\/wp\/v2\/pages\/12905","targetHints":{"allow":["GET"]}}],"collection":[{"href":"https:\/\/strangercam.com\/fr\/wp-json\/wp\/v2\/pages"}],"about":[{"href":"https:\/\/strangercam.com\/fr\/wp-json\/wp\/v2\/types\/page"}],"author":[{"embeddable":true,"href":"https:\/\/strangercam.com\/fr\/wp-json\/wp\/v2\/users\/6"}],"replies":[{"embeddable":true,"href":"https:\/\/strangercam.com\/fr\/wp-json\/wp\/v2\/comments?post=12905"}],"version-history":[{"count":1,"href":"https:\/\/strangercam.com\/fr\/wp-json\/wp\/v2\/pages\/12905\/revisions"}],"predecessor-version":[{"id":12906,"href":"https:\/\/strangercam.com\/fr\/wp-json\/wp\/v2\/pages\/12905\/revisions\/12906"}],"wp:attachment":[{"href":"https:\/\/strangercam.com\/fr\/wp-json\/wp\/v2\/media?parent=12905"}],"curies":[{"name":"wp","href":"https:\/\/api.w.org\/{rel}","templated":true}]}}