{"id":12903,"date":"2025-07-14T13:33:31","date_gmt":"2025-07-14T11:33:31","guid":{"rendered":"https:\/\/strangercam.com\/?page_id=12903"},"modified":"2025-07-14T13:33:31","modified_gmt":"2025-07-14T11:33:31","slug":"chaty","status":"publish","type":"page","link":"https:\/\/strangercam.com\/fr\/chaty\/","title":{"rendered":"Chaty"},"content":{"rendered":"<p>L'app\u00e9tit pour les vid\u00e9os spontan\u00e9es en face-\u00e0-face s'accro\u00eet de plus en plus. <a href=\"https:\/\/strangercam.com\/fr\/chathub\/\">chat<\/a> continue de cro\u00eetre, une nouvelle g\u00e9n\u00e9ration de plateformes a vu le jour pour combler le vide laiss\u00e9 par les plateformes de l <a href=\"https:\/\/strangercam.com\/fr\/omegle\/\">Omegle<\/a> et <a href=\"https:\/\/strangercam.com\/fr\/chatroulette\/\">Chatroulette<\/a>. Chaty est l'un de ces concurrents, con\u00e7u pour les utilisateurs qui veulent des chats vid\u00e9o instantan\u00e9s et anonymes sans avoir \u00e0 s'inscrire, \u00e0 cr\u00e9er un profil ou \u00e0 t\u00e9l\u00e9charger des applications.<\/p>\n<p>En promettant de \"rencontrer des inconnus du monde entier en quelques secondes\", Chaty se positionne comme une alternative conviviale et moderne au format classique du chat al\u00e9atoire. Mais comment se situe-t-il par rapport \u00e0 la concurrence en 2025 ? Est-il s\u00fbr, facile \u00e0 utiliser et vaut-il la peine que vous y consacriez du temps ?<\/p>\n<p>Dans cette revue compl\u00e8te, nous allons explorer exactement ce qu'est Chaty, comment il fonctionne, quelles sont ses fonctionnalit\u00e9s, qui l'utilise et comment il se compare \u00e0 d'autres sites de chat vid\u00e9o de premier plan.<\/p>\n<h2>Qu'est-ce que le bavardage ?<\/h2>\n<p>Chaty est un site de chat vid\u00e9o al\u00e9atoire gratuit, bas\u00e9 sur un navigateur, qui met en relation des utilisateurs du monde entier pour des conversations en temps r\u00e9el et en t\u00eate-\u00e0-t\u00eate. L'exp\u00e9rience est simple et anonyme : il suffit de cliquer pour commencer, d'autoriser votre cam\u00e9ra et votre micro, et vous \u00eates instantan\u00e9ment mis en relation avec un inconnu.<\/p>\n<p>Il n'est pas n\u00e9cessaire de cr\u00e9er un compte, de fournir un e-mail ou de t\u00e9l\u00e9charger une application. Chaty se concentre sur l'essentiel : un acc\u00e8s rapide, une qualit\u00e9 vid\u00e9o fluide et une interface simple qui vous permet de chatter en quelques secondes.<\/p>\n<p>Le site s'adresse \u00e0 tous ceux qui recherchent :<\/p>\n<ul>\n<li>Interaction d\u00e9contract\u00e9e et en temps r\u00e9el<\/li>\n<li>Chat vid\u00e9o amical ou de drague avec des inconnus<\/li>\n<li>Pratique de la langue ou \u00e9change culturel<\/li>\n<li>Une fa\u00e7on de passer le temps ou <a href=\"https:\/\/strangercam.com\/fr\/coomeet\/\">rencontrer<\/a> de nouvelles personnes de mani\u00e8re anonyme<\/li>\n<\/ul>\n<h2>Quel est l'objectif de Chaty ?<\/h2>\n<p>L'objectif principal de Chaty est de faire revivre l'exp\u00e9rience classique du chat al\u00e9atoire, mais avec une meilleure technologie et une interface plus s\u00fbre et plus conviviale. \u00c0 l'\u00e8re des applications de rencontre, des flux sociaux et des plateformes de streaming, Chaty se distingue en se concentrant sur la connexion humaine pure et non filtr\u00e9e, sans bios, ni swipes, ni int\u00e9grations de m\u00e9dias sociaux.<\/p>\n<p>Il est con\u00e7u pour :<\/p>\n<ul>\n<li>Les utilisateurs fatigu\u00e9s de faire d\u00e9filer et correspondre sans cesse les informations sur les applications de rencontre<\/li>\n<li>Toute personne recherchant un moyen instantan\u00e9 et sans pression de rencontrer de nouvelles personnes<\/li>\n<li>Les personnes qui attachent de l'importance au respect de la vie priv\u00e9e et \u00e0 l'anonymat dans les discussions en ligne<\/li>\n<li>Utilisateurs internationaux \u00e0 la recherche d'une alternative moderne au Omegle ou au Chatroulette<\/li>\n<\/ul>\n<h2>Caract\u00e9ristiques principales<\/h2>\n<p>1. Chat vid\u00e9o al\u00e9atoire en t\u00eate-\u00e0-t\u00eate<br \/>\nLa fonction principale de Chaty est la connexion vid\u00e9o instantan\u00e9e et anonyme. Vous \u00eates jumel\u00e9 au hasard avec un autre utilisateur en ligne pour une conversation priv\u00e9e en face \u00e0 face. Si vous n'appr\u00e9ciez pas la discussion, il vous suffit de cliquer sur \"Suivant\" pour passer \u00e0 autre chose.<\/p>\n<p>2. Pas d'inscription ni de t\u00e9l\u00e9chargement d'application<br \/>\nL'exp\u00e9rience se d\u00e9roule enti\u00e8rement dans votre navigateur web. Il n'est pas n\u00e9cessaire de s'inscrire, de cr\u00e9er un profil ou d'installer un logiciel. Vos donn\u00e9es personnelles restent ainsi confidentielles et le processus d'int\u00e9gration est aussi rapide que possible.<\/p>\n<p>3. Correspondance et saut rapides<br \/>\nLe backend de Chaty est con\u00e7u pour \u00eatre rapide. Les nouveaux matchs se chargent rapidement et la transition entre les chats est transparente, m\u00eame sur les navigateurs mobiles.<\/p>\n<p>4. Option de chat textuel<br \/>\nPour ceux qui pr\u00e9f\u00e8rent taper, qui ont une bande passante limit\u00e9e ou qui ont peur des cam\u00e9ras, Chaty propose \u00e9galement un mode de chat en texte seul. Vous pouvez changer de mode \u00e0 tout moment.<\/p>\n<p>5. Conception adapt\u00e9e aux mobiles<br \/>\nChaty fonctionne parfaitement sur les navigateurs de bureau et mobiles. L'interface est r\u00e9active et optimis\u00e9e pour le toucher, ce qui garantit un fonctionnement fluide, que vous soyez sur un ordinateur portable, une tablette ou un smartphone.<\/p>\n<p>6. Contr\u00f4les simples<br \/>\nDe grandes fen\u00eatres vid\u00e9o, des boutons \"Suivant\" et \"Signaler\" clairs et une mise en page intuitive permettent \u00e0 l'utilisateur de vivre une exp\u00e9rience sans friction. Vous pouvez couper votre micro, sauter un utilisateur ou signaler un comportement inappropri\u00e9 d'une simple pression.<\/p>\n<p>7. Outils de signalement et de mod\u00e9ration<br \/>\nLa s\u00e9curit\u00e9 de l'utilisateur est renforc\u00e9e par le signalement dans le chat. Les utilisateurs offensifs ou inappropri\u00e9s peuvent \u00eatre signal\u00e9s pour examen, et Chaty utilise une combinaison de mod\u00e9ration humaine et d'intelligence artificielle de base pour aider \u00e0 maintenir un environnement s\u00fbr.<\/p>\n<h2>Chaty est-il gratuit ?<\/h2>\n<p>Oui, l'utilisation de Chaty est enti\u00e8rement gratuite. Il n'y a pas de :<\/p>\n<ul>\n<li>Murs payants<\/li>\n<li>Abonnements<\/li>\n<li>Achats in-app<\/li>\n<li>Syst\u00e8mes de cr\u00e9dits ou de jetons<\/li>\n<\/ul>\n<p>Tous les utilisateurs ont un acc\u00e8s \u00e9gal \u00e0 l'ensemble des fonctionnalit\u00e9s de la plateforme. Chaty peut afficher des publicit\u00e9s l\u00e9g\u00e8res pour couvrir les co\u00fbts op\u00e9rationnels, mais celles-ci n'interf\u00e8rent pas avec l'exp\u00e9rience du chat et ne n\u00e9cessitent pas d'interaction.<\/p>\n<h2>Qui utilise Chaty ?<\/h2>\n<p>Chaty attire un large \u00e9ventail d'utilisateurs internationaux. La plupart des utilisateurs se situent dans la tranche d'\u00e2ge des 18-35 ans, et le rapport hommes-femmes est similaire \u00e0 celui d'autres sites de chat al\u00e9atoire (plus d'hommes, mais des femmes actives, en particulier aux heures de pointe).<\/p>\n<p>Les profils d'utilisateurs les plus courants sont les suivants<\/p>\n<ul>\n<li>\u00c9tudiants et jeunes professionnels<\/li>\n<li>Voyageurs et nomades num\u00e9riques<\/li>\n<li>Les apprenants de langues recherchent de vrais partenaires de conversation<\/li>\n<li>Personnes cherchant \u00e0 s'amuser, \u00e0 flirter ou \u00e0 avoir une interaction amicale<\/li>\n<li>Tous ceux qui regrettent les connexions brutes et spontan\u00e9es du Omegle classique<\/li>\n<\/ul>\n<p>Comme il n'y a pas d'inscription, la base d'utilisateurs de Chaty est fluide et en constante \u00e9volution. Vous rencontrerez des utilisateurs des \u00c9tats-Unis, du Royaume-Uni, de l'Inde, de l'Allemagne, du Br\u00e9sil et d'autres pays encore, ce qui en fait une communaut\u00e9 v\u00e9ritablement mondiale.<\/p>\n<h2>S\u00e9curit\u00e9, vie priv\u00e9e et mod\u00e9ration<\/h2>\n<p>Si Chaty met l'accent sur la protection de la vie priv\u00e9e et l'anonymat, il met \u00e9galement en \u0153uvre des mesures pour prot\u00e9ger les utilisateurs :<\/p>\n<h3>Vie priv\u00e9e<\/h3>\n<ul>\n<li>Pas d'inscription, d'email ou de donn\u00e9es personnelles n\u00e9cessaires<\/li>\n<li>Les chats ne sont ni enregistr\u00e9s ni sauvegard\u00e9s<\/li>\n<li>Vous n'\u00eates identifi\u00e9 que par votre webcam\/micro (pas de nom d'utilisateur ni de photo de profil).<\/li>\n<li>Les adresses IP ne sont pas expos\u00e9es aux autres utilisateurs<\/li>\n<\/ul>\n<h3>La mod\u00e9ration<\/h3>\n<ul>\n<li>Signalement dans le chat : Signalez rapidement tout utilisateur offensant ou inappropri\u00e9<\/li>\n<li>Mod\u00e9ration de base de l'IA : D\u00e9tection automatique de la nudit\u00e9 ou du contenu explicite, mais pas infaillible.<\/li>\n<li>Examen manuel : Les rapports sont examin\u00e9s par des mod\u00e9rateurs humains et les r\u00e9cidivistes sont bannis.<\/li>\n<\/ul>\n<h3>Limites<\/h3>\n<p>Comme toutes les plateformes de chat anonyme, Chaty n'est pas \u00e0 l'abri des mauvais acteurs. Les utilisateurs doivent :<\/p>\n<ul>\n<li>Ne jamais partager d'informations personnelles (nom, coordonn\u00e9es, m\u00e9dias sociaux)<\/li>\n<li>Utilisez les fonctions \"Rapport\" et \"Suivant\" lorsque vous \u00eates mal \u00e0 l'aise.<\/li>\n<li>Sachez que certains chats peuvent se terminer de mani\u00e8re abrupte ou pr\u00e9senter un comportement inappropri\u00e9.<\/li>\n<\/ul>\n<h2>Exp\u00e9rience et conception des utilisateurs<\/h2>\n<p>La conception de Chaty est ax\u00e9e sur la clart\u00e9, la rapidit\u00e9 et la facilit\u00e9 d'utilisation. La page d'accueil est minimale et ne comporte g\u00e9n\u00e9ralement qu'un bouton \"D\u00e9marrer\" bien visible et des informations claires sur la confidentialit\u00e9 et les r\u00e8gles. En deux clics, vous vous retrouvez face \u00e0 face avec un inconnu.<\/p>\n<h3>Faits marquants :<\/h3>\n<ul>\n<li>Chargement rapide et correspondance quasi instantan\u00e9e<\/li>\n<li>Des flux vid\u00e9o importants et de haute qualit\u00e9<\/li>\n<li>Une mise en page claire, sans pop-ups ni distractions<\/li>\n<li>Commandes simples pour la mise en sourdine, le saut ou le rapport<\/li>\n<li>Performances constantes sur les navigateurs de bureau et mobiles<\/li>\n<\/ul>\n<p>Compar\u00e9 \u00e0 d'autres sites de chat al\u00e9atoire, Chaty semble plus moderne et plus stable, en particulier sur les smartphones.<\/p>\n<h2>Chaty vs autres plateformes de chat vid\u00e9o<\/h2>\n<p>Comment Chaty se situe-t-il par rapport aux autres plateformes de chat vid\u00e9o al\u00e9atoire en 2025 ?<\/p>\n<table>\n<thead>\n<tr>\n<th>Fonctionnalit\u00e9<\/th>\n<th>Chaty<\/th>\n<th>Ohmegle<\/th>\n<th>Chatroulette<\/th>\n<th>Chatrandom<\/th>\n<th><a href=\"https:\/\/strangercam.com\/fr\/ometv\/\">OmeTV<\/a><\/th>\n<\/tr>\n<\/thead>\n<tbody>\n<tr>\n<td>Random Video Chat avec des Inconnus<\/td>\n<td>Oui<\/td>\n<td>Oui<\/td>\n<td>Oui<\/td>\n<td>Oui<\/td>\n<td>Oui<\/td>\n<\/tr>\n<tr>\n<td>Option de chat textuel<\/td>\n<td>Oui<\/td>\n<td>Oui<\/td>\n<td>Non<\/td>\n<td>Oui<\/td>\n<td>Oui<\/td>\n<\/tr>\n<tr>\n<td>Inscription n\u00e9cessaire<\/td>\n<td>Non<\/td>\n<td>Non<\/td>\n<td>Non<\/td>\n<td>En option<\/td>\n<td>Non<\/td>\n<\/tr>\n<tr>\n<td>Support mobile<\/td>\n<td>Excellent<\/td>\n<td>Excellent<\/td>\n<td>Bon<\/td>\n<td>Bon<\/td>\n<td>Bon<\/td>\n<\/tr>\n<tr>\n<td>Filtre genre\/pays<\/td>\n<td>Non<\/td>\n<td>Non<\/td>\n<td>Pay\u00e9<\/td>\n<td>Pay\u00e9<\/td>\n<td>Pay\u00e9<\/td>\n<\/tr>\n<tr>\n<td>Outils de mod\u00e9ration<\/td>\n<td>Mod\u00e9r\u00e9<\/td>\n<td>Mod\u00e9r\u00e9<\/td>\n<td>Faible<\/td>\n<td>Mod\u00e9r\u00e9<\/td>\n<td>Fort<\/td>\n<\/tr>\n<tr>\n<td>Utilisation gratuite<\/td>\n<td>Oui<\/td>\n<td>Oui<\/td>\n<td>Oui<\/td>\n<td>Oui\/Pay\u00e9<\/td>\n<td>Oui<\/td>\n<\/tr>\n<\/tbody>\n<\/table>\n<p>R\u00e9sum\u00e9 : Chaty est le plus proche d'Ohmegle en termes d'esprit et de simplicit\u00e9, mais avec une interface plus moderne et une meilleure prise en charge des navigateurs mobiles. Il est id\u00e9al pour les utilisateurs qui veulent un chat pur, sans filtre, sans profil et sans vente incitative.<\/p>\n<h2>Avantages et inconv\u00e9nients<\/h2>\n<p>Pour :<\/p>\n<ul>\n<li>100% gratuit et anonyme<\/li>\n<li>Aucun enregistrement ou t\u00e9l\u00e9chargement n'est n\u00e9cessaire<\/li>\n<li>Correspondance et saut rapides et faciles<\/li>\n<li>Modes de chat vid\u00e9o et textuel<\/li>\n<li>Forte compatibilit\u00e9 mobile<\/li>\n<li>Interface utilisateur claire et intuitive<\/li>\n<\/ul>\n<p>Cons :<\/p>\n<ul>\n<li>Pas de filtrage en fonction du sexe ou de la r\u00e9gion<\/li>\n<li>Contenu inappropri\u00e9 occasionnel (malgr\u00e9 la mod\u00e9ration)<\/li>\n<li>Pas de profils, d'historique de l'utilisateur ou de fonctions de suivi<\/li>\n<li>Plus d'utilisateurs masculins que f\u00e9minins<\/li>\n<li>Les chats sont \u00e9ph\u00e9m\u00e8res - aucun moyen de se reconnecter<\/li>\n<\/ul>\n<h2>Cas d'utilisation id\u00e9aux<\/h2>\n<p>Chaty est parfait pour :<\/p>\n<ul>\n<li>Tous ceux qui regrettent Omegle et veulent vivre une exp\u00e9rience similaire<\/li>\n<li>Les personnes \u00e0 la recherche de nouveaux amis ou d'une interaction spontan\u00e9e en temps r\u00e9el<\/li>\n<li>Les apprenants de langues s'exercent \u00e0 la conversation<\/li>\n<li>Ceux qui attachent de l'importance \u00e0 la vie priv\u00e9e et \u00e0 l'anonymat en ligne<\/li>\n<li>Utilisateurs souhaitant passer le temps ou rencontrer quelqu'un en dehors de leur cercle social<\/li>\n<\/ul>\n<p>Il est moins adapt\u00e9 pour :<\/p>\n<ul>\n<li>Utilisateurs de moins de 18 ans (la plateforme est r\u00e9serv\u00e9e aux adultes)<\/li>\n<li>Les personnes \u00e0 la recherche de filtres de rencontre ou d'exp\u00e9riences enrichies<\/li>\n<li>Les personnes qui ne sont pas \u00e0 l'aise avec les rencontres impr\u00e9visibles ou brutales par chat<\/li>\n<\/ul>\n<h2>Verdict final<\/h2>\n<p>Chaty est une plateforme de chat vid\u00e9o al\u00e9atoire exceptionnelle en 2025, qui offre exactement ce que les utilisateurs aimaient des Omegle et Chatroulette classiques : une connexion humaine rapide, gratuite et anonyme, sans barri\u00e8res ni distractions. Son interface \u00e9pur\u00e9e, ses performances fiables et l'accent mis sur la confidentialit\u00e9 en font l'une des meilleures options pour les conversations spontan\u00e9es en face \u00e0 face en ligne.<\/p>\n<p>Bien que la mod\u00e9ration et le filtrage puissent \u00eatre am\u00e9lior\u00e9s, les points forts de la plateforme r\u00e9sident dans sa simplicit\u00e9 et sa facilit\u00e9 d'utilisation. Si vous \u00eates \u00e0 la recherche d'un chat authentique et non sc\u00e9naris\u00e9 avec des inconnus du monde entier, que ce soit pour vous amuser, apprendre ou simplement \u00e9chapper \u00e0 l'ennui, Chaty m\u00e9rite absolument d'\u00eatre d\u00e9couvert.<\/p>","protected":false},"excerpt":{"rendered":"<p>As the appetite for spontaneous, face-to-face video chat continues to grow, a new generation of platforms has emerged to fill the gap left by Omegle and Chatroulette. Chaty is one such contender, designed for users who crave instant, anonymous video chats without the hassle of sign-up, profile-building, or downloading apps. With a promise of \u201cmeeting [&hellip;]<\/p>\n","protected":false},"author":6,"featured_media":0,"parent":0,"menu_order":0,"comment_status":"closed","ping_status":"closed","template":"","meta":{"footnotes":""},"class_list":["post-12903","page","type-page","status-publish","hentry"],"yoast_head":"<!-- This site is optimized with the Yoast SEO plugin v27.4 - https:\/\/yoast.com\/product\/yoast-seo-wordpress\/ -->\n<title>Chaty - Chat with People Nearby on StrangerCam.com<\/title>\n<meta name=\"description\" content=\"Like Chaty? Come chat with more than 5.000.000 strangers on Stranger Cam for Free! Turn on your cam and find new friends &amp; maby a match!\" \/>\n<meta name=\"robots\" content=\"index, follow, max-snippet:-1, max-image-preview:large, max-video-preview:-1\" \/>\n<link rel=\"canonical\" href=\"https:\/\/strangercam.com\/fr\/chaty\/\" \/>\n<meta property=\"og:locale\" content=\"fr_FR\" \/>\n<meta property=\"og:type\" content=\"article\" \/>\n<meta property=\"og:title\" content=\"Chaty - Chat with People Nearby on StrangerCam.com\" \/>\n<meta property=\"og:description\" content=\"Like Chaty? Come chat with more than 5.000.000 strangers on Stranger Cam for Free! Turn on your cam and find new friends &amp; maby a match!\" \/>\n<meta property=\"og:url\" content=\"https:\/\/strangercam.com\/fr\/chaty\/\" \/>\n<meta property=\"og:site_name\" content=\"Strangercam\" \/>\n<meta property=\"article:publisher\" content=\"https:\/\/www.facebook.com\/strangercam\" \/>\n<meta property=\"og:image\" content=\"https:\/\/strangercam.com\/wp-content\/uploads\/2021\/10\/Untitled-2.png\" \/>\n\t<meta property=\"og:image:width\" content=\"800\" \/>\n\t<meta property=\"og:image:height\" content=\"532\" \/>\n\t<meta property=\"og:image:type\" content=\"image\/png\" \/>\n<meta name=\"twitter:card\" content=\"summary_large_image\" \/>\n<meta name=\"twitter:site\" content=\"@strangercamapp\" \/>\n<meta name=\"twitter:label1\" content=\"Dur\u00e9e de lecture estim\u00e9e\" \/>\n\t<meta name=\"twitter:data1\" content=\"6 minutes\" \/>\n<script type=\"application\/ld+json\" class=\"yoast-schema-graph\">{\"@context\":\"https:\\\/\\\/schema.org\",\"@graph\":[{\"@type\":\"WebPage\",\"@id\":\"https:\\\/\\\/strangercam.com\\\/chaty\\\/\",\"url\":\"https:\\\/\\\/strangercam.com\\\/chaty\\\/\",\"name\":\"Chaty - Chat with People Nearby on StrangerCam.com\",\"isPartOf\":{\"@id\":\"https:\\\/\\\/strangercam.com\\\/#website\"},\"datePublished\":\"2025-07-14T11:33:31+00:00\",\"description\":\"Like Chaty? Come chat with more than 5.000.000 strangers on Stranger Cam for Free! Turn on your cam and find new friends & maby a match!\",\"breadcrumb\":{\"@id\":\"https:\\\/\\\/strangercam.com\\\/chaty\\\/#breadcrumb\"},\"inLanguage\":\"fr-FR\",\"potentialAction\":[{\"@type\":\"ReadAction\",\"target\":[\"https:\\\/\\\/strangercam.com\\\/chaty\\\/\"]}]},{\"@type\":\"BreadcrumbList\",\"@id\":\"https:\\\/\\\/strangercam.com\\\/chaty\\\/#breadcrumb\",\"itemListElement\":[{\"@type\":\"ListItem\",\"position\":1,\"name\":\"Home\",\"item\":\"https:\\\/\\\/strangercam.com\\\/\"},{\"@type\":\"ListItem\",\"position\":2,\"name\":\"Chaty\"}]},{\"@type\":\"WebSite\",\"@id\":\"https:\\\/\\\/strangercam.com\\\/#website\",\"url\":\"https:\\\/\\\/strangercam.com\\\/\",\"name\":\"Strangercam\",\"description\":\"Random Video Chat with Strangers\",\"publisher\":{\"@id\":\"https:\\\/\\\/strangercam.com\\\/#organization\"},\"alternateName\":\"Strangercam.com\",\"potentialAction\":[{\"@type\":\"SearchAction\",\"target\":{\"@type\":\"EntryPoint\",\"urlTemplate\":\"https:\\\/\\\/strangercam.com\\\/?s={search_term_string}\"},\"query-input\":{\"@type\":\"PropertyValueSpecification\",\"valueRequired\":true,\"valueName\":\"search_term_string\"}}],\"inLanguage\":\"fr-FR\"},{\"@type\":\"Organization\",\"@id\":\"https:\\\/\\\/strangercam.com\\\/#organization\",\"name\":\"Strangercam\",\"alternateName\":\"Strangercam.com\",\"url\":\"https:\\\/\\\/strangercam.com\\\/\",\"logo\":{\"@type\":\"ImageObject\",\"inLanguage\":\"fr-FR\",\"@id\":\"https:\\\/\\\/strangercam.com\\\/#\\\/schema\\\/logo\\\/image\\\/\",\"url\":\"https:\\\/\\\/strangercam.com\\\/wp-content\\\/uploads\\\/2020\\\/11\\\/cropped-new-favicon-black.png\",\"contentUrl\":\"https:\\\/\\\/strangercam.com\\\/wp-content\\\/uploads\\\/2020\\\/11\\\/cropped-new-favicon-black.png\",\"width\":512,\"height\":512,\"caption\":\"Strangercam\"},\"image\":{\"@id\":\"https:\\\/\\\/strangercam.com\\\/#\\\/schema\\\/logo\\\/image\\\/\"},\"sameAs\":[\"https:\\\/\\\/www.facebook.com\\\/strangercam\",\"https:\\\/\\\/x.com\\\/strangercamapp\"]}]}<\/script>\n<!-- \/ Yoast SEO plugin. -->","yoast_head_json":{"title":"Chaty - Chattez avec des personnes \u00e0 proximit\u00e9 sur StrangerCam.com","description":"Vous aimez Chaty ? Venez discuter avec plus de 5.000.000 d'inconnus sur Stranger Cam gratuitement ! Allume ta cam\u00e9ra et trouve de nouveaux amis et peut-\u00eatre un partenaire !","robots":{"index":"index","follow":"follow","max-snippet":"max-snippet:-1","max-image-preview":"max-image-preview:large","max-video-preview":"max-video-preview:-1"},"canonical":"https:\/\/strangercam.com\/fr\/chaty\/","og_locale":"fr_FR","og_type":"article","og_title":"Chaty - Chat with People Nearby on StrangerCam.com","og_description":"Like Chaty? Come chat with more than 5.000.000 strangers on Stranger Cam for Free! Turn on your cam and find new friends & maby a match!","og_url":"https:\/\/strangercam.com\/fr\/chaty\/","og_site_name":"Strangercam","article_publisher":"https:\/\/www.facebook.com\/strangercam","og_image":[{"width":800,"height":532,"url":"https:\/\/strangercam.com\/wp-content\/uploads\/2021\/10\/Untitled-2.png","type":"image\/png"}],"twitter_card":"summary_large_image","twitter_site":"@strangercamapp","twitter_misc":{"Dur\u00e9e de lecture estim\u00e9e":"6 minutes"},"schema":{"@context":"https:\/\/schema.org","@graph":[{"@type":"WebPage","@id":"https:\/\/strangercam.com\/chaty\/","url":"https:\/\/strangercam.com\/chaty\/","name":"Chaty - Chattez avec des personnes \u00e0 proximit\u00e9 sur StrangerCam.com","isPartOf":{"@id":"https:\/\/strangercam.com\/#website"},"datePublished":"2025-07-14T11:33:31+00:00","description":"Vous aimez Chaty ? Venez discuter avec plus de 5.000.000 d'inconnus sur Stranger Cam gratuitement ! Allume ta cam\u00e9ra et trouve de nouveaux amis et peut-\u00eatre un partenaire !","breadcrumb":{"@id":"https:\/\/strangercam.com\/chaty\/#breadcrumb"},"inLanguage":"fr-FR","potentialAction":[{"@type":"ReadAction","target":["https:\/\/strangercam.com\/chaty\/"]}]},{"@type":"BreadcrumbList","@id":"https:\/\/strangercam.com\/chaty\/#breadcrumb","itemListElement":[{"@type":"ListItem","position":1,"name":"Home","item":"https:\/\/strangercam.com\/"},{"@type":"ListItem","position":2,"name":"Chaty"}]},{"@type":"WebSite","@id":"https:\/\/strangercam.com\/#website","url":"https:\/\/strangercam.com\/","name":"Strangercam","description":"Chat vid\u00e9o al\u00e9atoire avec des inconnus","publisher":{"@id":"https:\/\/strangercam.com\/#organization"},"alternateName":"Strangercam.com","potentialAction":[{"@type":"SearchAction","target":{"@type":"EntryPoint","urlTemplate":"https:\/\/strangercam.com\/?s={search_term_string}"},"query-input":{"@type":"PropertyValueSpecification","valueRequired":true,"valueName":"search_term_string"}}],"inLanguage":"fr-FR"},{"@type":"Organization","@id":"https:\/\/strangercam.com\/#organization","name":"Strangercam","alternateName":"Strangercam.com","url":"https:\/\/strangercam.com\/","logo":{"@type":"ImageObject","inLanguage":"fr-FR","@id":"https:\/\/strangercam.com\/#\/schema\/logo\/image\/","url":"https:\/\/strangercam.com\/wp-content\/uploads\/2020\/11\/cropped-new-favicon-black.png","contentUrl":"https:\/\/strangercam.com\/wp-content\/uploads\/2020\/11\/cropped-new-favicon-black.png","width":512,"height":512,"caption":"Strangercam"},"image":{"@id":"https:\/\/strangercam.com\/#\/schema\/logo\/image\/"},"sameAs":["https:\/\/www.facebook.com\/strangercam","https:\/\/x.com\/strangercamapp"]}]}},"_links":{"self":[{"href":"https:\/\/strangercam.com\/fr\/wp-json\/wp\/v2\/pages\/12903","targetHints":{"allow":["GET"]}}],"collection":[{"href":"https:\/\/strangercam.com\/fr\/wp-json\/wp\/v2\/pages"}],"about":[{"href":"https:\/\/strangercam.com\/fr\/wp-json\/wp\/v2\/types\/page"}],"author":[{"embeddable":true,"href":"https:\/\/strangercam.com\/fr\/wp-json\/wp\/v2\/users\/6"}],"replies":[{"embeddable":true,"href":"https:\/\/strangercam.com\/fr\/wp-json\/wp\/v2\/comments?post=12903"}],"version-history":[{"count":1,"href":"https:\/\/strangercam.com\/fr\/wp-json\/wp\/v2\/pages\/12903\/revisions"}],"predecessor-version":[{"id":12904,"href":"https:\/\/strangercam.com\/fr\/wp-json\/wp\/v2\/pages\/12903\/revisions\/12904"}],"wp:attachment":[{"href":"https:\/\/strangercam.com\/fr\/wp-json\/wp\/v2\/media?parent=12903"}],"curies":[{"name":"wp","href":"https:\/\/api.w.org\/{rel}","templated":true}]}}