{"id":12892,"date":"2025-06-16T15:00:37","date_gmt":"2025-06-16T13:00:37","guid":{"rendered":"https:\/\/strangercam.com\/?page_id=12892"},"modified":"2025-06-16T15:00:37","modified_gmt":"2025-06-16T13:00:37","slug":"ohmegle","status":"publish","type":"page","link":"https:\/\/strangercam.com\/fr\/ohmegle\/","title":{"rendered":"Ohmegle"},"content":{"rendered":"<p>Quand <a href=\"https:\/\/strangercam.com\/fr\/omegle\/\">Omegle<\/a> a ferm\u00e9 ses portes en 2023, des millions d'utilisateurs se sont retrouv\u00e9s sans lieu de rendez-vous pour des discussions vid\u00e9o spontan\u00e9es et anonymes avec des inconnus. Dans le sillage de sa disparition, plusieurs alternatives ont vu le jour, mais peu d'entre elles ont suscit\u00e9 autant d'int\u00e9r\u00eat que Ohmegle. Con\u00e7u pour combler le vide laiss\u00e9, Ohmegle offre une exp\u00e9rience presque identique avec des am\u00e9liorations modernes, des performances accrues et une base d'utilisateurs fid\u00e8le et en pleine croissance.<\/p>\n<p>Dans cet article, nous examinerons tout ce que vous devez savoir sur le Ohmegle : son fonctionnement, ce qui en fait le meilleur rempla\u00e7ant du Omegle, ses caract\u00e9ristiques, ses normes de s\u00e9curit\u00e9 et sa comparaison avec des vid\u00e9os al\u00e9atoires similaires. <a href=\"https:\/\/strangercam.com\/fr\/chatroulette\/\">chat<\/a> sites.<\/p>\n<h2>Qu'est-ce que l'Ohmegle ?<\/h2>\n<p>Ohmegle est un service gratuit, anonyme <a href=\"https:\/\/strangercam.com\/fr\/chathub\/\">chat vid\u00e9o al\u00e9atoire<\/a> qui vous met en relation avec des inconnus pour des conversations en direct et en face \u00e0 face. Il s'agit du successeur spirituel de Omegle, dont il reprend le format et l'interface presque \u00e0 l'identique, mais avec une meilleure disponibilit\u00e9, une assistance mobile et une communaut\u00e9 cr\u00e9\u00e9e sp\u00e9cialement pour les utilisateurs qui regrettent l'original.<\/p>\n<p>Il n'y a pas de cr\u00e9ation de compte, pas de donn\u00e9es personnelles requises et pas d'algorithmes de correspondance compliqu\u00e9s. Il suffit de charger le site, d'autoriser les cam\u00e9ras et les micros et de commencer \u00e0 discuter avec quelqu'un de nouveau, de mani\u00e8re al\u00e9atoire, instantan\u00e9e et anonyme.<\/p>\n<h2>Quel est l'objectif d'Ohmegle ?<\/h2>\n<p>La mission d'Ohmegle est simple : faire revivre l'exp\u00e9rience authentique du Omegle dans un format s\u00fbr et accessible pour 2025 et au-del\u00e0. Il est destin\u00e9 \u00e0 :<\/p>\n<ul>\n<li>Les personnes qui manquent l'environnement de chat spontan\u00e9 de Omegle<\/li>\n<li>Les utilisateurs qui pr\u00e9f\u00e8rent la vid\u00e9o aux applications sociales ou de rencontres bas\u00e9es sur le texte<\/li>\n<li>Toute personne \u00e0 la recherche d'une connexion humaine anonyme, sans engagement.<\/li>\n<\/ul>\n<p>Que vous soyez \u00e0 la recherche d'une conversation d\u00e9contract\u00e9e, de rencontres amoureuses ou simplement de quelqu'un qui vous \u00e9coute, Ohmegle est con\u00e7u pour reproduire le charme de la culture du chat sur Internet de la premi\u00e8re \u00e9poque, de mani\u00e8re totalement anonyme et en temps r\u00e9el.<\/p>\n<h2>Caract\u00e9ristiques principales<\/h2>\n<p>1. Chat vid\u00e9o al\u00e9atoire en t\u00eate-\u00e0-t\u00eate<br \/>\nTout comme Omegle, Ohmegle vous met instantan\u00e9ment en contact avec un inconnu par le biais d'une webcam et d'un microphone. Pas de profil, pas de swiping, juste une interaction directe.<\/p>\n<p>2. Fonctionnalit\u00e9 \"Skip\/Next\" (Sauter\/Suivant)<br \/>\nVous ne vous sentez pas \u00e0 l'aise avec quelqu'un ? Cliquez sur \u201cSuivant\u201d pour \u00eatre instantan\u00e9ment mis en relation avec un autre utilisateur. C'est rapide et sans friction, ce qui vous permet de <a href=\"https:\/\/strangercam.com\/fr\/coomeet\/\">rencontrer<\/a> des dizaines de personnes en une seule session.<\/p>\n<p>3. Pas d'inscription requise<br \/>\nOhmegle reste totalement anonyme. Il n'est pas n\u00e9cessaire d'entrer un nom, une adresse \u00e9lectronique ou un num\u00e9ro de t\u00e9l\u00e9phone. Il respecte le principe fondamental de Omegle : parler \u00e0 des inconnus, pas \u00e0 des adeptes.<\/p>\n<p>4. Mode de chat textuel optionnel<br \/>\nSi vous n'\u00eates pas \u00e0 l'aise avec votre cam\u00e9ra, vous pouvez opter pour une version de chat en texte seul. L'interface utilisateur reste \u00e9l\u00e9gante et simple.<\/p>\n<p>5. Compatibilit\u00e9 mobile<br \/>\nOhmegle est optimis\u00e9 pour les navigateurs de bureau et les navigateurs mobiles. Vous pouvez chatter depuis votre t\u00e9l\u00e9phone sans t\u00e9l\u00e9charger d'application, et le site s'adapte bien aux diff\u00e9rentes tailles d'\u00e9cran et aux niveaux de bande passante.<\/p>\n<p>6. Conception simplifi\u00e9e<br \/>\nLa pr\u00e9sentation est d\u00e9lib\u00e9r\u00e9ment minimaliste, reproduisant l'aspect classique du Omegle, mais avec des performances actualis\u00e9es. Les fen\u00eatres vid\u00e9o sont grandes, les commandes sont faciles \u00e0 utiliser et il n'y a rien d'inutile \u00e0 l'\u00e9cran.<\/p>\n<p>7. Outils de signalement et de mod\u00e9ration<br \/>\nLes utilisateurs peuvent signaler un comportement inappropri\u00e9 directement \u00e0 partir de la fen\u00eatre de discussion. Ohmegle a mis en place des outils de mod\u00e9ration de base et une d\u00e9tection de la nudit\u00e9 bas\u00e9e sur l'intelligence artificielle afin de limiter les abus et de garantir la s\u00e9curit\u00e9 de l'exp\u00e9rience.<\/p>\n<h2>Ohmegle est-il gratuit ?<\/h2>\n<p>Oui, Ohmegle est 100% gratuit. Il n'y a pas de murs payants, d'abonnements ou de niveaux freemium. Chaque utilisateur a le m\u00eame acc\u00e8s au chat vid\u00e9o, au chat texte et \u00e0 la plateforme compl\u00e8te.<\/p>\n<p>Aucune publicit\u00e9 n'encombre l'\u00e9cran, ce qui est rare sur les sites de chat vid\u00e9o. La mon\u00e9tisation semble \u00eatre r\u00e9duite au minimum afin de pr\u00e9server l'exp\u00e9rience rapide et fluide \u00e0 laquelle les utilisateurs s'attendent.<\/p>\n<h2>Qui utilise Ohmegle ?<\/h2>\n<p>Ohmegle attire un large \u00e9ventail d'utilisateurs, mais refl\u00e8te g\u00e9n\u00e9ralement la d\u00e9mographie du Omegle original :<\/p>\n<ul>\n<li>\u00c2ges : Principalement 18-35 ans, bien que la plateforme soit strictement r\u00e9serv\u00e9e aux adultes (18+)<\/li>\n<li>Public mondial : Utilisateurs des \u00c9tats-Unis, du Canada, de l'Europe, de l'Inde, du Br\u00e9sil et de l'Asie du Sud-Est<\/li>\n<li>Intention de l'utilisateur : Les utilisateurs sont partag\u00e9s entre les discussions occasionnelles, les rencontres amicales, le flirt et le simple fait de passer du temps.<\/li>\n<\/ul>\n<p>Il n'y a pas de structure formelle pour l'interaction entre les utilisateurs - c'est \u00e0 vous et \u00e0 votre partenaire de guider la conversation. Certains recherchent le rire, d'autres la camaraderie, d'autres encore la nouveaut\u00e9.<\/p>\n<h2>S\u00e9curit\u00e9 et mod\u00e9ration<\/h2>\n<p>Comme pour toute plateforme de chat vid\u00e9o anonyme, la s\u00e9curit\u00e9 des utilisateurs est une pr\u00e9occupation, mais Ohmegle s'efforce de fournir un environnement s\u00e9curis\u00e9 sans g\u00e2cher la nature spontan\u00e9e du chat.<\/p>\n<h3>Vie priv\u00e9e<\/h3>\n<ul>\n<li>Pas d'enregistrement, de comptes ou de suivi<\/li>\n<li>Les chats ne sont ni enregistr\u00e9s ni stock\u00e9s<\/li>\n<li>Votre adresse IP n'est jamais communiqu\u00e9e \u00e0 l'autre utilisateur.<\/li>\n<\/ul>\n<h3>La mod\u00e9ration<\/h3>\n<ul>\n<li>Bouton de rapport disponible pendant le chat en direct<\/li>\n<li>La d\u00e9tection de la nudit\u00e9 par l'IA permet de filtrer certains contenus inappropri\u00e9s<\/li>\n<li>Les utilisateurs signal\u00e9s \u00e0 plusieurs reprises peuvent \u00eatre bannis de la plateforme.<\/li>\n<\/ul>\n<p>Cela dit, Ohmegle ne censure pas et ne mod\u00e8re pas \u00e0 outrance, il est donc toujours possible de rencontrer des comportements inappropri\u00e9s. Utilisez la plateforme \u00e0 bon escient :<\/p>\n<ul>\n<li>Sautez imm\u00e9diatement si quelqu'un vous met mal \u00e0 l'aise.<\/li>\n<li>Ne communiquez jamais d'informations personnelles telles que votre nom, votre lieu de r\u00e9sidence ou vos coordonn\u00e9es sociales.<\/li>\n<li>N'h\u00e9sitez pas \u00e0 d\u00e9noncer les contrevenants<\/li>\n<\/ul>\n<h2>Exp\u00e9rience de l'utilisateur et performance<\/h2>\n<p>Ohmegle est d'une l\u00e9g\u00e8ret\u00e9 et d'une r\u00e9activit\u00e9 impressionnantes. La page d'accueil se charge rapidement et les correspondances se font en quelques secondes. Sur ordinateur et sur mobile, la plateforme offre :<\/p>\n<ul>\n<li>Des flux vid\u00e9o clairs et de grande taille<\/li>\n<li>Boutons de commande simples (Suivant, Stop, Rapport)<\/li>\n<li>Acc\u00e8s fiable \u00e0 la cam\u00e9ra et au microphone<\/li>\n<li>Un d\u00e9calage ou une mise en m\u00e9moire tampon minimes, m\u00eame sur les connexions les plus lentes<\/li>\n<\/ul>\n<p>C'est l'une des exp\u00e9riences de chat vid\u00e9o al\u00e9atoire les plus fluides actuellement en ligne, surtout par rapport \u00e0 des concurrents surcharg\u00e9s qui souffrent d'un chargement lent ou d'interfaces bogu\u00e9es.<\/p>\n<h2>Ohmegle contre d'autres sites de chat vid\u00e9o al\u00e9atoire<\/h2>\n<p>Compte tenu du grand nombre d'alternatives au Omegle, comment Ohmegle se situe-t-il par rapport aux autres ?<\/p>\n<table>\n<thead>\n<tr>\n<th>Plate-forme<\/th>\n<th>Inscription<\/th>\n<th>Chat vid\u00e9o<\/th>\n<th>Chat textuel<\/th>\n<th>Filtre de genre<\/th>\n<th>Support mobile<\/th>\n<th>La mod\u00e9ration<\/th>\n<\/tr>\n<\/thead>\n<tbody>\n<tr>\n<td>Ohmegle<\/td>\n<td>Non<\/td>\n<td>Oui<\/td>\n<td>Oui<\/td>\n<td>Non<\/td>\n<td>Excellent<\/td>\n<td>Mod\u00e9r\u00e9<\/td>\n<\/tr>\n<tr>\n<td><a href=\"https:\/\/strangercam.com\/fr\/ometv\/\">OmeTV<\/a><\/td>\n<td>Non<\/td>\n<td>Oui<\/td>\n<td>Oui<\/td>\n<td>Oui (Pay\u00e9)<\/td>\n<td>Bon<\/td>\n<td>Fort<\/td>\n<\/tr>\n<tr>\n<td>Chatrandom<\/td>\n<td>En option<\/td>\n<td>Oui<\/td>\n<td>Oui<\/td>\n<td>Oui (Pay\u00e9)<\/td>\n<td>Bon<\/td>\n<td>Mod\u00e9r\u00e9<\/td>\n<\/tr>\n<tr>\n<td>Chatspin<\/td>\n<td>En option<\/td>\n<td>Oui<\/td>\n<td>Oui<\/td>\n<td>Oui (gratuit\/payant)<\/td>\n<td>Excellent<\/td>\n<td>Mod\u00e9r\u00e9<\/td>\n<\/tr>\n<tr>\n<td>Camgo<\/td>\n<td>Non<\/td>\n<td>Oui<\/td>\n<td>Oui<\/td>\n<td>Oui (Pay\u00e9)<\/td>\n<td>Bon<\/td>\n<td>De base<\/td>\n<\/tr>\n<\/tbody>\n<\/table>\n<p>R\u00e9sum\u00e9 : Le principal argument de vente d'Ohmegle est l'authenticit\u00e9 et la simplicit\u00e9. Contrairement \u00e0 de nombreux concurrents qui poussent les utilisateurs vers des abonnements premium ou les obligent \u00e0 se connecter, Ohmegle reste brut et gratuit. Pour ceux qui cherchent \u00e0 reproduire les sensations de l'ancien Omegle, c'est ce qui s'en rapproche le plus.<\/p>\n<h2>Avantages et inconv\u00e9nients<\/h2>\n<h3>Pour<\/h3>\n<ul>\n<li>100% gratuit et anonyme<\/li>\n<li>Pas d'enregistrement ni de t\u00e9l\u00e9chargement<\/li>\n<li>Correspondance rapide et faible d\u00e9calage<\/li>\n<li>Adapt\u00e9 aux mobiles et fonctionnant sur tous les principaux navigateurs<\/li>\n<li>Interface propre et minimale<\/li>\n<li>Id\u00e9al pour les conversations spontan\u00e9es et les interactions d\u00e9contract\u00e9es<\/li>\n<\/ul>\n<h3>Cons<\/h3>\n<ul>\n<li>Pas de filtres de genre ou de r\u00e9gion<\/li>\n<li>Exposition potentielle \u00e0 des contenus inappropri\u00e9s<\/li>\n<li>Pas d'historique de chat ni de fonction de reconnexion<\/li>\n<li>Pas d'outils de d\u00e9couverte sociale ni d'options de suivi<\/li>\n<\/ul>\n<h2>Cas d'utilisation id\u00e9aux<\/h2>\n<p>Ohmegle est le mieux adapt\u00e9 pour :<\/p>\n<ul>\n<li>Les nostalgiques de l'exp\u00e9rience originale de Omegle<\/li>\n<li>Les utilisateurs qui appr\u00e9cient les interactions sociales anonymes<\/li>\n<li>Les noctambules, les voyageurs ou toute personne \u00e0 la recherche de conversations spontan\u00e9es<\/li>\n<li>Les personnes souhaitant rencontrer des inconnus sans pression de profil ni attentes.<\/li>\n<\/ul>\n<p>Pas id\u00e9al pour :<\/p>\n<ul>\n<li>Utilisateurs \u00e0 la recherche de rencontres s\u00e9rieuses ou de relations \u00e0 long terme<\/li>\n<li>Ceux qui n'aiment pas \u00eatre film\u00e9s<\/li>\n<li>Toute personne qui n'est pas \u00e0 l'aise avec un contenu non mod\u00e9r\u00e9<\/li>\n<li>Utilisateurs de moins de 18 ans (non autoris\u00e9s sur la plateforme)<\/li>\n<\/ul>\n<p>Ohmegle est ce qui se rapproche le plus d'un Omegle classique en 2025, et c'est une bonne chose. Il \u00e9limine le bruit et l'encombrement des applications sociales modernes, en revenant \u00e0 un format rapide, anonyme et brut. Si vous avez aim\u00e9 Omegle pour ce qu'il \u00e9tait - une connexion humaine non sc\u00e9naris\u00e9e et non filtr\u00e9e -, Ohmegle vous offre cela et bien plus encore.<\/p>\n<p>Il n'y a pas de gadgets. Pas de formulaires d'inscription interminables. Pas de pression sur les performances. Juste vous, votre webcam, et la personne avec laquelle l'algorithme vous met en relation.<\/p>\n<p>Si vous cherchez la meilleure alternative gratuite et anonyme \u00e0 Omegle, Ohmegle m\u00e9rite la premi\u00e8re place. Que vous restiez cinq minutes ou cinq heures, vous vivrez une exp\u00e9rience humaine unique, ce qui est rare dans le monde actuel.<\/p>","protected":false},"excerpt":{"rendered":"<p>When Omegle shut down in 2023, millions of users were left without a go-to place for spontaneous, anonymous video chatting with strangers. In the wake of its disappearance, several alternatives have emerged\u2014but few have gained as much traction as Ohmegle. Designed to fill the exact void left behind, Ohmegle offers a nearly identical experience with [&hellip;]<\/p>\n","protected":false},"author":6,"featured_media":0,"parent":0,"menu_order":0,"comment_status":"closed","ping_status":"closed","template":"","meta":{"footnotes":""},"class_list":["post-12892","page","type-page","status-publish","hentry"],"yoast_head":"<!-- This site is optimized with the Yoast SEO plugin v27.4 - https:\/\/yoast.com\/product\/yoast-seo-wordpress\/ -->\n<title>Ohmegle - Talk to Strangers Omegle Alternative on StrangerCam.com<\/title>\n<meta name=\"description\" content=\"Like Ohmegle? Come chat with more than 5.000.000 strangers on Stranger Cam for Free! Turn on your cam and find new friends &amp; maby a match!\" \/>\n<meta name=\"robots\" content=\"index, follow, max-snippet:-1, max-image-preview:large, max-video-preview:-1\" \/>\n<link rel=\"canonical\" href=\"https:\/\/strangercam.com\/fr\/ohmegle\/\" \/>\n<meta property=\"og:locale\" content=\"fr_FR\" \/>\n<meta property=\"og:type\" content=\"article\" \/>\n<meta property=\"og:title\" content=\"Ohmegle - Talk to Strangers Omegle Alternative on StrangerCam.com\" \/>\n<meta property=\"og:description\" content=\"Like Ohmegle? Come chat with more than 5.000.000 strangers on Stranger Cam for Free! Turn on your cam and find new friends &amp; maby a match!\" \/>\n<meta property=\"og:url\" content=\"https:\/\/strangercam.com\/fr\/ohmegle\/\" \/>\n<meta property=\"og:site_name\" content=\"Strangercam\" \/>\n<meta property=\"article:publisher\" content=\"https:\/\/www.facebook.com\/strangercam\" \/>\n<meta property=\"og:image\" content=\"https:\/\/strangercam.com\/wp-content\/uploads\/2021\/10\/Untitled-2.png\" \/>\n\t<meta property=\"og:image:width\" content=\"800\" \/>\n\t<meta property=\"og:image:height\" content=\"532\" \/>\n\t<meta property=\"og:image:type\" content=\"image\/png\" \/>\n<meta name=\"twitter:card\" content=\"summary_large_image\" \/>\n<meta name=\"twitter:site\" content=\"@strangercamapp\" \/>\n<meta name=\"twitter:label1\" content=\"Dur\u00e9e de lecture estim\u00e9e\" \/>\n\t<meta name=\"twitter:data1\" content=\"6 minutes\" \/>\n<script type=\"application\/ld+json\" class=\"yoast-schema-graph\">{\"@context\":\"https:\\\/\\\/schema.org\",\"@graph\":[{\"@type\":\"WebPage\",\"@id\":\"https:\\\/\\\/strangercam.com\\\/ohmegle\\\/\",\"url\":\"https:\\\/\\\/strangercam.com\\\/ohmegle\\\/\",\"name\":\"Ohmegle - Talk to Strangers Omegle Alternative on StrangerCam.com\",\"isPartOf\":{\"@id\":\"https:\\\/\\\/strangercam.com\\\/#website\"},\"datePublished\":\"2025-06-16T13:00:37+00:00\",\"description\":\"Like Ohmegle? Come chat with more than 5.000.000 strangers on Stranger Cam for Free! Turn on your cam and find new friends & maby a match!\",\"breadcrumb\":{\"@id\":\"https:\\\/\\\/strangercam.com\\\/ohmegle\\\/#breadcrumb\"},\"inLanguage\":\"fr-FR\",\"potentialAction\":[{\"@type\":\"ReadAction\",\"target\":[\"https:\\\/\\\/strangercam.com\\\/ohmegle\\\/\"]}]},{\"@type\":\"BreadcrumbList\",\"@id\":\"https:\\\/\\\/strangercam.com\\\/ohmegle\\\/#breadcrumb\",\"itemListElement\":[{\"@type\":\"ListItem\",\"position\":1,\"name\":\"Home\",\"item\":\"https:\\\/\\\/strangercam.com\\\/\"},{\"@type\":\"ListItem\",\"position\":2,\"name\":\"Ohmegle\"}]},{\"@type\":\"WebSite\",\"@id\":\"https:\\\/\\\/strangercam.com\\\/#website\",\"url\":\"https:\\\/\\\/strangercam.com\\\/\",\"name\":\"Strangercam\",\"description\":\"Random Video Chat with Strangers\",\"publisher\":{\"@id\":\"https:\\\/\\\/strangercam.com\\\/#organization\"},\"alternateName\":\"Strangercam.com\",\"potentialAction\":[{\"@type\":\"SearchAction\",\"target\":{\"@type\":\"EntryPoint\",\"urlTemplate\":\"https:\\\/\\\/strangercam.com\\\/?s={search_term_string}\"},\"query-input\":{\"@type\":\"PropertyValueSpecification\",\"valueRequired\":true,\"valueName\":\"search_term_string\"}}],\"inLanguage\":\"fr-FR\"},{\"@type\":\"Organization\",\"@id\":\"https:\\\/\\\/strangercam.com\\\/#organization\",\"name\":\"Strangercam\",\"alternateName\":\"Strangercam.com\",\"url\":\"https:\\\/\\\/strangercam.com\\\/\",\"logo\":{\"@type\":\"ImageObject\",\"inLanguage\":\"fr-FR\",\"@id\":\"https:\\\/\\\/strangercam.com\\\/#\\\/schema\\\/logo\\\/image\\\/\",\"url\":\"https:\\\/\\\/strangercam.com\\\/wp-content\\\/uploads\\\/2020\\\/11\\\/cropped-new-favicon-black.png\",\"contentUrl\":\"https:\\\/\\\/strangercam.com\\\/wp-content\\\/uploads\\\/2020\\\/11\\\/cropped-new-favicon-black.png\",\"width\":512,\"height\":512,\"caption\":\"Strangercam\"},\"image\":{\"@id\":\"https:\\\/\\\/strangercam.com\\\/#\\\/schema\\\/logo\\\/image\\\/\"},\"sameAs\":[\"https:\\\/\\\/www.facebook.com\\\/strangercam\",\"https:\\\/\\\/x.com\\\/strangercamapp\"]}]}<\/script>\n<!-- \/ Yoast SEO plugin. -->","yoast_head_json":{"title":"Ohmegle - Talk to Strangers Omegle Alternative sur StrangerCam.com","description":"Si vous aimez Ohmegle, venez discuter avec plus de 5.000.000 d'inconnus sur Stranger Cam gratuitement ! Allume ta cam\u00e9ra et trouve de nouveaux amis et peut-\u00eatre un partenaire !","robots":{"index":"index","follow":"follow","max-snippet":"max-snippet:-1","max-image-preview":"max-image-preview:large","max-video-preview":"max-video-preview:-1"},"canonical":"https:\/\/strangercam.com\/fr\/ohmegle\/","og_locale":"fr_FR","og_type":"article","og_title":"Ohmegle - Talk to Strangers Omegle Alternative on StrangerCam.com","og_description":"Like Ohmegle? Come chat with more than 5.000.000 strangers on Stranger Cam for Free! Turn on your cam and find new friends & maby a match!","og_url":"https:\/\/strangercam.com\/fr\/ohmegle\/","og_site_name":"Strangercam","article_publisher":"https:\/\/www.facebook.com\/strangercam","og_image":[{"width":800,"height":532,"url":"https:\/\/strangercam.com\/wp-content\/uploads\/2021\/10\/Untitled-2.png","type":"image\/png"}],"twitter_card":"summary_large_image","twitter_site":"@strangercamapp","twitter_misc":{"Dur\u00e9e de lecture estim\u00e9e":"6 minutes"},"schema":{"@context":"https:\/\/schema.org","@graph":[{"@type":"WebPage","@id":"https:\/\/strangercam.com\/ohmegle\/","url":"https:\/\/strangercam.com\/ohmegle\/","name":"Ohmegle - Talk to Strangers Omegle Alternative sur StrangerCam.com","isPartOf":{"@id":"https:\/\/strangercam.com\/#website"},"datePublished":"2025-06-16T13:00:37+00:00","description":"Si vous aimez Ohmegle, venez discuter avec plus de 5.000.000 d'inconnus sur Stranger Cam gratuitement ! Allume ta cam\u00e9ra et trouve de nouveaux amis et peut-\u00eatre un partenaire !","breadcrumb":{"@id":"https:\/\/strangercam.com\/ohmegle\/#breadcrumb"},"inLanguage":"fr-FR","potentialAction":[{"@type":"ReadAction","target":["https:\/\/strangercam.com\/ohmegle\/"]}]},{"@type":"BreadcrumbList","@id":"https:\/\/strangercam.com\/ohmegle\/#breadcrumb","itemListElement":[{"@type":"ListItem","position":1,"name":"Home","item":"https:\/\/strangercam.com\/"},{"@type":"ListItem","position":2,"name":"Ohmegle"}]},{"@type":"WebSite","@id":"https:\/\/strangercam.com\/#website","url":"https:\/\/strangercam.com\/","name":"Strangercam","description":"Chat vid\u00e9o al\u00e9atoire avec des inconnus","publisher":{"@id":"https:\/\/strangercam.com\/#organization"},"alternateName":"Strangercam.com","potentialAction":[{"@type":"SearchAction","target":{"@type":"EntryPoint","urlTemplate":"https:\/\/strangercam.com\/?s={search_term_string}"},"query-input":{"@type":"PropertyValueSpecification","valueRequired":true,"valueName":"search_term_string"}}],"inLanguage":"fr-FR"},{"@type":"Organization","@id":"https:\/\/strangercam.com\/#organization","name":"Strangercam","alternateName":"Strangercam.com","url":"https:\/\/strangercam.com\/","logo":{"@type":"ImageObject","inLanguage":"fr-FR","@id":"https:\/\/strangercam.com\/#\/schema\/logo\/image\/","url":"https:\/\/strangercam.com\/wp-content\/uploads\/2020\/11\/cropped-new-favicon-black.png","contentUrl":"https:\/\/strangercam.com\/wp-content\/uploads\/2020\/11\/cropped-new-favicon-black.png","width":512,"height":512,"caption":"Strangercam"},"image":{"@id":"https:\/\/strangercam.com\/#\/schema\/logo\/image\/"},"sameAs":["https:\/\/www.facebook.com\/strangercam","https:\/\/x.com\/strangercamapp"]}]}},"_links":{"self":[{"href":"https:\/\/strangercam.com\/fr\/wp-json\/wp\/v2\/pages\/12892","targetHints":{"allow":["GET"]}}],"collection":[{"href":"https:\/\/strangercam.com\/fr\/wp-json\/wp\/v2\/pages"}],"about":[{"href":"https:\/\/strangercam.com\/fr\/wp-json\/wp\/v2\/types\/page"}],"author":[{"embeddable":true,"href":"https:\/\/strangercam.com\/fr\/wp-json\/wp\/v2\/users\/6"}],"replies":[{"embeddable":true,"href":"https:\/\/strangercam.com\/fr\/wp-json\/wp\/v2\/comments?post=12892"}],"version-history":[{"count":2,"href":"https:\/\/strangercam.com\/fr\/wp-json\/wp\/v2\/pages\/12892\/revisions"}],"predecessor-version":[{"id":12894,"href":"https:\/\/strangercam.com\/fr\/wp-json\/wp\/v2\/pages\/12892\/revisions\/12894"}],"wp:attachment":[{"href":"https:\/\/strangercam.com\/fr\/wp-json\/wp\/v2\/media?parent=12892"}],"curies":[{"name":"wp","href":"https:\/\/api.w.org\/{rel}","templated":true}]}}