{"id":12890,"date":"2025-06-16T14:55:58","date_gmt":"2025-06-16T12:55:58","guid":{"rendered":"https:\/\/strangercam.com\/?page_id=12890"},"modified":"2025-06-16T14:57:21","modified_gmt":"2025-06-16T12:57:21","slug":"anoncam","status":"publish","type":"page","link":"https:\/\/strangercam.com\/fr\/anoncam\/","title":{"rendered":"AnonCam"},"content":{"rendered":"<p>Si la simplicit\u00e9 de l'original vous manque <a href=\"https:\/\/strangercam.com\/fr\/omegle\/\">Omegle<\/a>, Si l'on se souvient de l'\u00e9poque o\u00f9 l'on pouvait se lancer dans une discussion vid\u00e9o avec un inconnu de mani\u00e8re instantan\u00e9e et anonyme, Anoncam pourrait bien \u00eatre l'alternative moderne que vous recherchez. Con\u00e7u pour les utilisateurs qui privil\u00e9gient la confidentialit\u00e9, la spontan\u00e9it\u00e9 et l'absence d'engagement, Anoncam r\u00e9duit le chat vid\u00e9o al\u00e9atoire \u00e0 sa forme la plus essentielle : pas de compte, pas de biographie, pas de filtre, juste deux inconnus connect\u00e9s par webcam.<\/p>\n<p>Dans cet examen approfondi, nous verrons ce qu'est Anoncam, quelles sont ses caract\u00e9ristiques et comment il se compare \u00e0 d'autres sites populaires comme Omegle, <a href=\"https:\/\/strangercam.com\/fr\/chatroulette\/\">Chatroulette<\/a>, et Chatrandom, et si c'est la bonne plateforme pour vous en 2025.<\/p>\n<h2>Qu'est-ce qu'Anoncam ?<\/h2>\n<p>Anoncam est une plateforme 100% de chat vid\u00e9o anonyme et al\u00e9atoire qui vous met en contact face \u00e0 face avec des inconnus du monde entier. Elle suit le mod\u00e8le traditionnel de chat par webcam en t\u00eate-\u00e0-t\u00eate rendu populaire par Omegle, mais l'am\u00e9liore gr\u00e2ce \u00e0 une interface plus rapide, \u00e0 de meilleures performances sur les appareils mobiles et \u00e0 une meilleure prise en compte de la s\u00e9curit\u00e9 de l'utilisateur.<\/p>\n<p>Il n'y a pas d'inscription, pas de nom d'utilisateur, pas de profil et pas de photo. Lorsque vous visitez Anoncam, vous n'\u00eates qu'\u00e0 un clic d'un chat vid\u00e9o en direct avec quelqu'un de nouveau.<\/p>\n<h2>Quel est l'objectif d'Anoncam ?<\/h2>\n<p>Anoncam s'articule autour d'une id\u00e9e simple : parler \u00e0 des inconnus sans r\u00e9v\u00e9ler son identit\u00e9. \u00c0 une \u00e9poque o\u00f9 la plupart des plateformes sociales sont ax\u00e9es sur les profils, les adeptes et les identit\u00e9s num\u00e9riques, Anoncam offre une \u00e9chappatoire rare. Il fait revivre l'esprit des d\u00e9buts d'Internet : des conversations spontan\u00e9es en temps r\u00e9el avec de parfaits inconnus, sans lien avec votre vie sur les m\u00e9dias sociaux.<\/p>\n<p>Ses principaux objectifs sont les suivants<\/p>\n<ul>\n<li>Faciliter une interaction humaine authentique et anonyme<\/li>\n<li>Pour aider les utilisateurs <a href=\"https:\/\/strangercam.com\/fr\/coomeet\/\">rencontrer<\/a> des personnes sans le bagage des profils ou de l'histoire<\/li>\n<li>Fournir un espace s\u00fbr pour l'expression, la connexion et la conversation<\/li>\n<\/ul>\n<p>Que vous vous ennuyiez, que vous vous sentiez seul, que vous soyez curieux ou que vous souhaitiez simplement parler librement sans jugement, Anoncam offre un environnement sans pression pour le faire.<\/p>\n<h2>Caract\u00e9ristiques principales<\/h2>\n<p>1. Chat vid\u00e9o anonyme en t\u00eate-\u00e0-t\u00eate<br \/>\n\u00c0 la base, Anoncam propose des connexions vid\u00e9o instantan\u00e9es. Vous chargez le site, vous cliquez sur \"D\u00e9marrer\" et vous \u00eates mis en relation avec un autre inconnu par le biais de sa webcam. Pas de nom d'utilisateur, pas de processus de mise en relation, juste deux personnes face \u00e0 face.<\/p>\n<p>2. Fonctionnalit\u00e9 de mise en correspondance et de saut rapide<br \/>\nVous pouvez passer \u00e0 la personne suivante d'un simple clic. L'appariement est presque instantan\u00e9, avec un minimum de mise en m\u00e9moire tampon ou de temps d'arr\u00eat entre les sessions, en particulier aux heures de pointe.<\/p>\n<p>3. Pas de compte ou de connexion requis<br \/>\nL'une des caract\u00e9ristiques d'Anoncam est son caract\u00e8re totalement anonyme. Vous n'avez pas besoin de vous inscrire ou de fournir des informations pour utiliser le site. Chaque session de chat est temporaire et ne laisse aucune empreinte num\u00e9rique.<\/p>\n<p>4. Conception adapt\u00e9e aux mobiles<br \/>\nAnoncam fonctionne bien sur les ordinateurs de bureau et les navigateurs mobiles. Sa conception est optimis\u00e9e pour le tactile, ce qui permet d'acc\u00e9der rapidement \u00e0 la cam\u00e9ra et de la faire correspondre sans avoir besoin d'une application ou d'un t\u00e9l\u00e9chargement.<\/p>\n<p>5. Chat textuel optionnel<br \/>\nBien que l'accent soit mis sur la vid\u00e9o, Anoncam propose \u00e9galement une option de chat textuel, soit en compl\u00e9ment de la vid\u00e9o, soit comme solution de repli pour les utilisateurs qui ne souhaitent pas parler ou qui rencontrent des probl\u00e8mes techniques.<\/p>\n<p>6. Outils de rapport et de mod\u00e9ration<br \/>\nLes utilisateurs peuvent rapidement signaler tout comportement inappropri\u00e9, et une \u00e9quipe de mod\u00e9ration s'efforce d'examiner et de bannir les utilisateurs qui enfreignent les r\u00e8gles de la plateforme. Bien qu'aucun site de chat ne soit parfait, Anoncam prend la s\u00e9curit\u00e9 des utilisateurs au s\u00e9rieux.<\/p>\n<h2>Anoncam est-il gratuit ?<\/h2>\n<p>Oui, l'utilisation d'Anoncam est enti\u00e8rement gratuite. Il n'y a pas de co\u00fbts cach\u00e9s, de murs payants ou de fonctionnalit\u00e9s verrouill\u00e9es. Vous b\u00e9n\u00e9ficiez d'un acc\u00e8s illimit\u00e9 \u00e0 :<\/p>\n<ul>\n<li>Chat vid\u00e9o<\/li>\n<li>Chat textuel<\/li>\n<li>Saut de match<\/li>\n<li>Utilisation des t\u00e9l\u00e9phones portables et des ordinateurs de bureau<\/li>\n<\/ul>\n<p>Il n'y a pas de niveau premium (\u00e0 partir de 2025), ce qui rend l'exp\u00e9rience accessible \u00e0 tous et r\u00e9duit le risque que des escrocs abusent des fonctions premium.<\/p>\n<h2>Qui utilise Anoncam ?<\/h2>\n<p>Anoncam a constitu\u00e9 une base d'utilisateurs mondiale qui s'\u00e9tend \u00e0 diff\u00e9rentes cat\u00e9gories d\u00e9mographiques, mais qui partage quelques caract\u00e9ristiques essentielles :<\/p>\n<ul>\n<li>Tranche d'\u00e2ge : Principalement de 18 \u00e0 35 ans<\/li>\n<li>R\u00e9partition par sexe : Essentiellement des hommes, mais les femmes sont actives, surtout pendant les heures de fort trafic.<\/li>\n<li>Intention : Conversations d\u00e9contract\u00e9es, flirt, d\u00e9foulement, pratique de la langue, ou simplement passer le temps.<\/li>\n<\/ul>\n<p>Il est particuli\u00e8rement populaire aupr\u00e8s des :<\/p>\n<ul>\n<li>\u00c9tudiants de l'universit\u00e9<\/li>\n<li>Les noctambules recherchent de la compagnie<\/li>\n<li>Nomades num\u00e9riques et voyageurs<\/li>\n<li>Les personnes souhaitant faire une pause dans les m\u00e9dias sociaux<\/li>\n<\/ul>\n<p>En raison de son anonymat, Anoncam attire \u00e9galement les utilisateurs qui souhaitent s'exprimer librement, partager leurs pens\u00e9es ou explorer des sujets sans les lier \u00e0 une identit\u00e9 personnelle.<\/p>\n<h2>S\u00e9curit\u00e9, vie priv\u00e9e et mod\u00e9ration<\/h2>\n<p>L'anonymat peut \u00eatre lib\u00e9rateur, mais il soul\u00e8ve \u00e9galement des inqui\u00e9tudes quant au comportement des utilisateurs. Anoncam tente d'y r\u00e9pondre par une strat\u00e9gie de s\u00e9curit\u00e9 \u00e9quilibr\u00e9e :<\/p>\n<h3>Vie priv\u00e9e<\/h3>\n<ul>\n<li>Pas de comptes ou d'identifiants<\/li>\n<li>Pas d'enregistrement ou de sauvegarde des chats vid\u00e9o<\/li>\n<li>Votre adresse IP n'est pas visible publiquement<\/li>\n<li>Aucune donn\u00e9e n'est communiqu\u00e9e \u00e0 des tiers<\/li>\n<\/ul>\n<h3>La mod\u00e9ration<\/h3>\n<ul>\n<li>Bouton de rapport dans l'application pendant les chats vid\u00e9o<\/li>\n<li>D\u00e9tection de nudit\u00e9 ou de contenu offensant bas\u00e9e sur l'IA<\/li>\n<li>Interdiction rapide pour les r\u00e9cidivistes ou les utilisateurs signal\u00e9s<\/li>\n<li>Mod\u00e9ration en temps r\u00e9el des sessions \u00e0 fort trafic<\/li>\n<\/ul>\n<p>Comme toujours, les utilisateurs doivent \u00eatre prudents :<\/p>\n<ul>\n<li>Ne jamais partager d'informations personnelles<\/li>\n<li>Ignorer les utilisateurs qui agissent de mani\u00e8re suspecte ou agressive<\/li>\n<li>Utiliser la fonction de rapport si n\u00e9cessaire<\/li>\n<\/ul>\n<h2>Interface et exp\u00e9rience utilisateur<\/h2>\n<p>L'interface utilisateur d'Anoncam est simple et efficace. La page d'accueil ne contient que l'essentiel :<\/p>\n<ul>\n<li>Un bouton \"Start Chat\" (d\u00e9marrer le chat)<\/li>\n<li>R\u00e8gles de base<\/li>\n<li>Invitations \u00e0 autoriser l'utilisation d'appareils photo et de microphones<\/li>\n<\/ul>\n<p>Une fois que vous avez cliqu\u00e9 pour commencer, vous \u00eates mis en relation avec quelqu'un en quelques secondes. Les commandes \u00e0 l'\u00e9cran vous permettent de :<\/p>\n<ul>\n<li>Sauter<\/li>\n<li>Mettez votre micro en sourdine<\/li>\n<li>Fin de la discussion<\/li>\n<li>Rapport<\/li>\n<\/ul>\n<p>Il n'y a pas de fen\u00eatres pop-up, d'invites d'enregistrement ou de distractions - un changement rafra\u00eechissant par rapport \u00e0 de nombreux autres syst\u00e8mes d'information. <a href=\"https:\/\/strangercam.com\/fr\/bazoocam\/\">came<\/a> les plates-formes de chat qui poussent \u00e0 la vente ou \u00e0 la publicit\u00e9 de mani\u00e8re agressive.<\/p>\n<p>Du point de vue des performances, le site fonctionne sans probl\u00e8me, m\u00eame sur les appareils de milieu de gamme, et prend en charge Chrome, Firefox, Safari et Edge sur toutes les plateformes.<\/p>\n<h2>Anoncam vs. autres plateformes de chat anonyme<\/h2>\n<p>Anoncam se situe dans un cr\u00e9neau sp\u00e9cifique, celui du chat vid\u00e9o al\u00e9atoire et v\u00e9ritablement anonyme. Voici comment il se compare aux autres acteurs majeurs :<\/p>\n<table>\n<thead>\n<tr>\n<th>Plate-forme<\/th>\n<th>Inscription<\/th>\n<th>Chat vid\u00e9o<\/th>\n<th>Chat textuel<\/th>\n<th>Filtres<\/th>\n<th>Anonymat<\/th>\n<th>La mod\u00e9ration<\/th>\n<\/tr>\n<\/thead>\n<tbody>\n<tr>\n<td>Anoncam<\/td>\n<td>Non<\/td>\n<td>Oui<\/td>\n<td>Oui<\/td>\n<td>Non<\/td>\n<td>Fort<\/td>\n<td>Mod\u00e9r\u00e9<\/td>\n<\/tr>\n<tr>\n<td>Omegle<\/td>\n<td>Non<\/td>\n<td>Oui<\/td>\n<td>Oui<\/td>\n<td>Non<\/td>\n<td>Fort<\/td>\n<td>Faible<\/td>\n<\/tr>\n<tr>\n<td>Chatroulette<\/td>\n<td>Non<\/td>\n<td>Oui<\/td>\n<td>Limit\u00e9e<\/td>\n<td>Oui<\/td>\n<td>Mod\u00e9r\u00e9<\/td>\n<td>Mod\u00e9r\u00e9<\/td>\n<\/tr>\n<tr>\n<td>Chatrandom<\/td>\n<td>En option<\/td>\n<td>Oui<\/td>\n<td>Oui<\/td>\n<td>Oui<\/td>\n<td>Mod\u00e9r\u00e9<\/td>\n<td>Fort<\/td>\n<\/tr>\n<tr>\n<td><a href=\"https:\/\/strangercam.com\/fr\/ometv\/\">OmeTV<\/a><\/td>\n<td>Non<\/td>\n<td>Oui<\/td>\n<td>Oui<\/td>\n<td>Oui<\/td>\n<td>Mod\u00e9r\u00e9<\/td>\n<td>Fort<\/td>\n<\/tr>\n<\/tbody>\n<\/table>\n<p>R\u00e9sum\u00e9 : Anoncam donne la priorit\u00e9 \u00e0 l'anonymat plut\u00f4t qu'aux filtres ou aux fonctions premium. Si vous recherchez quelque chose de minimal, de brut et d'instantan\u00e9, Anoncam surpasse les plateformes qui se sont orient\u00e9es vers des syst\u00e8mes bas\u00e9s sur les comptes ou mon\u00e9tis\u00e9s.<\/p>\n<h2>Avantages et inconv\u00e9nients<\/h2>\n<h3>Pour<\/h3>\n<ul>\n<li>Chat vid\u00e9o v\u00e9ritablement anonyme<\/li>\n<li>Aucune inscription ou information personnelle n'est requise<\/li>\n<li>Correspondance rapide et performance stable<\/li>\n<li>Adapt\u00e9e aux mobiles et aux ordinateurs de bureau<\/li>\n<li>Gratuit pour toujours - pas de frais cach\u00e9s<\/li>\n<li>Id\u00e9al pour les discussions d\u00e9contract\u00e9es, les d\u00e9foulements ou les discussions spontan\u00e9es.<\/li>\n<\/ul>\n<h3>Cons<\/h3>\n<ul>\n<li>Pas de filtre de genre ou de pays<\/li>\n<li>Exposition occasionnelle \u00e0 des utilisateurs inappropri\u00e9s<\/li>\n<li>Base d'utilisateurs limit\u00e9e par rapport aux plateformes plus anciennes<\/li>\n<li>Pas de matchs sauvegard\u00e9s ni de fonctions sociales<\/li>\n<\/ul>\n<h2>Cas d'utilisation id\u00e9aux<\/h2>\n<p>Anoncam convient parfaitement aux personnes qui :<\/p>\n<ul>\n<li>Ils souhaitent une interaction anonyme et en face \u00e0 face<\/li>\n<li>Manquer la simplicit\u00e9 originelle de Omegle<\/li>\n<li>Les introvertis recherchent une connexion sans la pression d'un profil.<\/li>\n<li>Envie de parler ou de se d\u00e9fouler sans jugement<\/li>\n<li>Ils explorent les conversations et les amiti\u00e9s internationales<\/li>\n<\/ul>\n<p>Il n'est pas id\u00e9al pour :<\/p>\n<ul>\n<li>Utilisateurs \u00e0 la recherche d'exp\u00e9riences centr\u00e9es sur les rencontres<\/li>\n<li>Les gens ne se sentent pas \u00e0 l'aise lorsqu'ils sont film\u00e9s par une webcam<\/li>\n<li>Ceux qui s'attendent \u00e0 une mise en relation bas\u00e9e sur le profil<\/li>\n<li>Utilisateurs mineurs (Anoncam est r\u00e9serv\u00e9 aux plus de 18 ans)<\/li>\n<\/ul>\n<p>Anoncam fait revivre avec succ\u00e8s la vision originale du chat vid\u00e9o al\u00e9atoire : rapide, anonyme et humain. \u00c0 une \u00e9poque o\u00f9 la plupart des applications veulent vos donn\u00e9es, votre argent et votre temps, Anoncam ne veut qu'une chose : une conversation en temps r\u00e9el entre deux inconnus.<\/p>\n<p>Elle n'est pas encombr\u00e9e de fonctionnalit\u00e9s ou d'abonnements. Il ne pr\u00e9tend pas \u00eatre une application de rencontre. Il ne vous demande pas votre adresse \u00e9lectronique, votre nom ou votre lieu de r\u00e9sidence. Il n'y a que vous et l'autre personne, face \u00e0 face, pendant quelques secondes - ou minutes - avant de passer \u00e0 autre chose.<\/p>\n<p>Si vous cherchez un moyen priv\u00e9 et sans engagement de rencontrer de nouvelles personnes en ligne en 2025, Anoncam est l'une des meilleures plateformes minimalistes disponibles. Simple, gratuite et anonyme, c'est exactement ce que le chat al\u00e9atoire est cens\u00e9 \u00eatre.<\/p>","protected":false},"excerpt":{"rendered":"<p>If you miss the simplicity of the original Omegle, where you could jump into a video chat with a stranger instantly and anonymously, Anoncam might just be the modern-day alternative you\u2019re looking for. Built for users who value privacy, spontaneity, and zero commitment, Anoncam strips random video chat down to its most essential form\u2014no accounts, [&hellip;]<\/p>\n","protected":false},"author":6,"featured_media":0,"parent":0,"menu_order":0,"comment_status":"closed","ping_status":"closed","template":"","meta":{"footnotes":""},"class_list":["post-12890","page","type-page","status-publish","hentry"],"yoast_head":"<!-- This site is optimized with the Yoast SEO plugin v27.4 - https:\/\/yoast.com\/product\/yoast-seo-wordpress\/ -->\n<title>AnonCam - Real Anon Random Video Chat on StrangerCam.com<\/title>\n<meta name=\"description\" content=\"Like AnonCam? Come chat with more than 5.000.000 strangers on Stranger Cam for Free! Turn on your cam and find new friends &amp; maby a match!\" \/>\n<meta name=\"robots\" content=\"index, follow, max-snippet:-1, max-image-preview:large, max-video-preview:-1\" \/>\n<link rel=\"canonical\" href=\"https:\/\/strangercam.com\/fr\/anoncam\/\" \/>\n<meta property=\"og:locale\" content=\"fr_FR\" \/>\n<meta property=\"og:type\" content=\"article\" \/>\n<meta property=\"og:title\" content=\"AnonCam - Real Anon Random Video Chat on StrangerCam.com\" \/>\n<meta property=\"og:description\" content=\"Like AnonCam? Come chat with more than 5.000.000 strangers on Stranger Cam for Free! Turn on your cam and find new friends &amp; maby a match!\" \/>\n<meta property=\"og:url\" content=\"https:\/\/strangercam.com\/fr\/anoncam\/\" \/>\n<meta property=\"og:site_name\" content=\"Strangercam\" \/>\n<meta property=\"article:publisher\" content=\"https:\/\/www.facebook.com\/strangercam\" \/>\n<meta property=\"article:modified_time\" content=\"2025-06-16T12:57:21+00:00\" \/>\n<meta property=\"og:image\" content=\"https:\/\/strangercam.com\/wp-content\/uploads\/2021\/10\/Untitled-2.png\" \/>\n\t<meta property=\"og:image:width\" content=\"800\" \/>\n\t<meta property=\"og:image:height\" content=\"532\" \/>\n\t<meta property=\"og:image:type\" content=\"image\/png\" \/>\n<meta name=\"twitter:card\" content=\"summary_large_image\" \/>\n<meta name=\"twitter:site\" content=\"@strangercamapp\" \/>\n<meta name=\"twitter:label1\" content=\"Dur\u00e9e de lecture estim\u00e9e\" \/>\n\t<meta name=\"twitter:data1\" content=\"6 minutes\" \/>\n<script type=\"application\/ld+json\" class=\"yoast-schema-graph\">{\"@context\":\"https:\\\/\\\/schema.org\",\"@graph\":[{\"@type\":\"WebPage\",\"@id\":\"https:\\\/\\\/strangercam.com\\\/anoncam\\\/\",\"url\":\"https:\\\/\\\/strangercam.com\\\/anoncam\\\/\",\"name\":\"AnonCam - Real Anon Random Video Chat on StrangerCam.com\",\"isPartOf\":{\"@id\":\"https:\\\/\\\/strangercam.com\\\/#website\"},\"datePublished\":\"2025-06-16T12:55:58+00:00\",\"dateModified\":\"2025-06-16T12:57:21+00:00\",\"description\":\"Like AnonCam? Come chat with more than 5.000.000 strangers on Stranger Cam for Free! Turn on your cam and find new friends & maby a match!\",\"breadcrumb\":{\"@id\":\"https:\\\/\\\/strangercam.com\\\/anoncam\\\/#breadcrumb\"},\"inLanguage\":\"fr-FR\",\"potentialAction\":[{\"@type\":\"ReadAction\",\"target\":[\"https:\\\/\\\/strangercam.com\\\/anoncam\\\/\"]}]},{\"@type\":\"BreadcrumbList\",\"@id\":\"https:\\\/\\\/strangercam.com\\\/anoncam\\\/#breadcrumb\",\"itemListElement\":[{\"@type\":\"ListItem\",\"position\":1,\"name\":\"Home\",\"item\":\"https:\\\/\\\/strangercam.com\\\/\"},{\"@type\":\"ListItem\",\"position\":2,\"name\":\"AnonCam\"}]},{\"@type\":\"WebSite\",\"@id\":\"https:\\\/\\\/strangercam.com\\\/#website\",\"url\":\"https:\\\/\\\/strangercam.com\\\/\",\"name\":\"Strangercam\",\"description\":\"Random Video Chat with Strangers\",\"publisher\":{\"@id\":\"https:\\\/\\\/strangercam.com\\\/#organization\"},\"alternateName\":\"Strangercam.com\",\"potentialAction\":[{\"@type\":\"SearchAction\",\"target\":{\"@type\":\"EntryPoint\",\"urlTemplate\":\"https:\\\/\\\/strangercam.com\\\/?s={search_term_string}\"},\"query-input\":{\"@type\":\"PropertyValueSpecification\",\"valueRequired\":true,\"valueName\":\"search_term_string\"}}],\"inLanguage\":\"fr-FR\"},{\"@type\":\"Organization\",\"@id\":\"https:\\\/\\\/strangercam.com\\\/#organization\",\"name\":\"Strangercam\",\"alternateName\":\"Strangercam.com\",\"url\":\"https:\\\/\\\/strangercam.com\\\/\",\"logo\":{\"@type\":\"ImageObject\",\"inLanguage\":\"fr-FR\",\"@id\":\"https:\\\/\\\/strangercam.com\\\/#\\\/schema\\\/logo\\\/image\\\/\",\"url\":\"https:\\\/\\\/strangercam.com\\\/wp-content\\\/uploads\\\/2020\\\/11\\\/cropped-new-favicon-black.png\",\"contentUrl\":\"https:\\\/\\\/strangercam.com\\\/wp-content\\\/uploads\\\/2020\\\/11\\\/cropped-new-favicon-black.png\",\"width\":512,\"height\":512,\"caption\":\"Strangercam\"},\"image\":{\"@id\":\"https:\\\/\\\/strangercam.com\\\/#\\\/schema\\\/logo\\\/image\\\/\"},\"sameAs\":[\"https:\\\/\\\/www.facebook.com\\\/strangercam\",\"https:\\\/\\\/x.com\\\/strangercamapp\"]}]}<\/script>\n<!-- \/ Yoast SEO plugin. -->","yoast_head_json":{"title":"AnonCam - Real Anon Random Video Chat on StrangerCam.com","description":"Vous aimez AnonCam ? Venez discuter avec plus de 5.000.000 d'inconnus sur Stranger Cam gratuitement ! Allume ta cam\u00e9ra et trouve de nouveaux amis et peut-\u00eatre un partenaire !","robots":{"index":"index","follow":"follow","max-snippet":"max-snippet:-1","max-image-preview":"max-image-preview:large","max-video-preview":"max-video-preview:-1"},"canonical":"https:\/\/strangercam.com\/fr\/anoncam\/","og_locale":"fr_FR","og_type":"article","og_title":"AnonCam - Real Anon Random Video Chat on StrangerCam.com","og_description":"Like AnonCam? Come chat with more than 5.000.000 strangers on Stranger Cam for Free! Turn on your cam and find new friends & maby a match!","og_url":"https:\/\/strangercam.com\/fr\/anoncam\/","og_site_name":"Strangercam","article_publisher":"https:\/\/www.facebook.com\/strangercam","article_modified_time":"2025-06-16T12:57:21+00:00","og_image":[{"width":800,"height":532,"url":"https:\/\/strangercam.com\/wp-content\/uploads\/2021\/10\/Untitled-2.png","type":"image\/png"}],"twitter_card":"summary_large_image","twitter_site":"@strangercamapp","twitter_misc":{"Dur\u00e9e de lecture estim\u00e9e":"6 minutes"},"schema":{"@context":"https:\/\/schema.org","@graph":[{"@type":"WebPage","@id":"https:\/\/strangercam.com\/anoncam\/","url":"https:\/\/strangercam.com\/anoncam\/","name":"AnonCam - Real Anon Random Video Chat on StrangerCam.com","isPartOf":{"@id":"https:\/\/strangercam.com\/#website"},"datePublished":"2025-06-16T12:55:58+00:00","dateModified":"2025-06-16T12:57:21+00:00","description":"Vous aimez AnonCam ? Venez discuter avec plus de 5.000.000 d'inconnus sur Stranger Cam gratuitement ! Allume ta cam\u00e9ra et trouve de nouveaux amis et peut-\u00eatre un partenaire !","breadcrumb":{"@id":"https:\/\/strangercam.com\/anoncam\/#breadcrumb"},"inLanguage":"fr-FR","potentialAction":[{"@type":"ReadAction","target":["https:\/\/strangercam.com\/anoncam\/"]}]},{"@type":"BreadcrumbList","@id":"https:\/\/strangercam.com\/anoncam\/#breadcrumb","itemListElement":[{"@type":"ListItem","position":1,"name":"Home","item":"https:\/\/strangercam.com\/"},{"@type":"ListItem","position":2,"name":"AnonCam"}]},{"@type":"WebSite","@id":"https:\/\/strangercam.com\/#website","url":"https:\/\/strangercam.com\/","name":"Strangercam","description":"Chat vid\u00e9o al\u00e9atoire avec des inconnus","publisher":{"@id":"https:\/\/strangercam.com\/#organization"},"alternateName":"Strangercam.com","potentialAction":[{"@type":"SearchAction","target":{"@type":"EntryPoint","urlTemplate":"https:\/\/strangercam.com\/?s={search_term_string}"},"query-input":{"@type":"PropertyValueSpecification","valueRequired":true,"valueName":"search_term_string"}}],"inLanguage":"fr-FR"},{"@type":"Organization","@id":"https:\/\/strangercam.com\/#organization","name":"Strangercam","alternateName":"Strangercam.com","url":"https:\/\/strangercam.com\/","logo":{"@type":"ImageObject","inLanguage":"fr-FR","@id":"https:\/\/strangercam.com\/#\/schema\/logo\/image\/","url":"https:\/\/strangercam.com\/wp-content\/uploads\/2020\/11\/cropped-new-favicon-black.png","contentUrl":"https:\/\/strangercam.com\/wp-content\/uploads\/2020\/11\/cropped-new-favicon-black.png","width":512,"height":512,"caption":"Strangercam"},"image":{"@id":"https:\/\/strangercam.com\/#\/schema\/logo\/image\/"},"sameAs":["https:\/\/www.facebook.com\/strangercam","https:\/\/x.com\/strangercamapp"]}]}},"_links":{"self":[{"href":"https:\/\/strangercam.com\/fr\/wp-json\/wp\/v2\/pages\/12890","targetHints":{"allow":["GET"]}}],"collection":[{"href":"https:\/\/strangercam.com\/fr\/wp-json\/wp\/v2\/pages"}],"about":[{"href":"https:\/\/strangercam.com\/fr\/wp-json\/wp\/v2\/types\/page"}],"author":[{"embeddable":true,"href":"https:\/\/strangercam.com\/fr\/wp-json\/wp\/v2\/users\/6"}],"replies":[{"embeddable":true,"href":"https:\/\/strangercam.com\/fr\/wp-json\/wp\/v2\/comments?post=12890"}],"version-history":[{"count":1,"href":"https:\/\/strangercam.com\/fr\/wp-json\/wp\/v2\/pages\/12890\/revisions"}],"predecessor-version":[{"id":12891,"href":"https:\/\/strangercam.com\/fr\/wp-json\/wp\/v2\/pages\/12890\/revisions\/12891"}],"wp:attachment":[{"href":"https:\/\/strangercam.com\/fr\/wp-json\/wp\/v2\/media?parent=12890"}],"curies":[{"name":"wp","href":"https:\/\/api.w.org\/{rel}","templated":true}]}}