{"id":12887,"date":"2025-06-16T14:52:18","date_gmt":"2025-06-16T12:52:18","guid":{"rendered":"https:\/\/strangercam.com\/?page_id=12887"},"modified":"2025-06-16T14:52:18","modified_gmt":"2025-06-16T12:52:18","slug":"houblonne","status":"publish","type":"page","link":"https:\/\/strangercam.com\/fr\/hoppy\/","title":{"rendered":"Hoppy"},"content":{"rendered":"<p>Dans un monde o\u00f9 l'on se lasse du swiping et o\u00f9 l'on fait d\u00e9filer sans fin les profils de rencontres, Hoppy apporte quelque chose de diff\u00e9rent : la vid\u00e9o en temps r\u00e9el <a href=\"https:\/\/strangercam.com\/fr\/chathub\/\">chat<\/a> comme la premi\u00e8re \u00e9tape pour rencontrer quelqu'un de nouveau. En combinant le plaisir des discussions al\u00e9atoires entre cam\u00e9ramans avec l'intention de faire des rencontres, Hoppy se positionne quelque part entre une application de rencontre et une exp\u00e9rience de mise en relation par vid\u00e9o.<\/p>\n<p>Si vous en avez assez des chats textuels qui s'\u00e9teignent avant le premier rendez-vous, ou des applications de rencontre o\u00f9 les gens r\u00e9pondent rarement, Hoppy offre un moyen rapide, interactif et humain de cr\u00e9er des liens authentiques.<\/p>\n<p>Dans cet article, nous examinerons le fonctionnement exact de Hoppy, les personnes auxquelles il convient le mieux, les fonctionnalit\u00e9s qu'il inclut, sa comparaison avec d'autres plateformes et la question de savoir s'il vaut la peine que vous y consacriez du temps en 2025.<\/p>\n<h2>Qu'est-ce que le Hoppy ?<\/h2>\n<p>Hoppy est une plateforme de rencontre par chat vid\u00e9o o\u00f9 les utilisateurs rencontrent d'autres personnes par le biais d'appels vid\u00e9o individuels et al\u00e9atoires. Contrairement aux applications de rencontre traditionnelles o\u00f9 vous faites d\u00e9filer des profils et attendez des correspondances, Hoppy vous plonge dans une interaction en direct d\u00e8s le d\u00e9part. Vous voyez et parlez \u00e0 votre correspondant en temps r\u00e9el, ce qui vous permet de d\u00e9cider instantan\u00e9ment s'il y a des atomes crochus ou si vous passez \u00e0 autre chose.<\/p>\n<p>L'id\u00e9e est simple : de courts chats vid\u00e9o en face \u00e0 face qui agissent comme des \"premiers rendez-vous\" virtuels, vous permettant d'\u00e9viter les textos interminables et de voir s'il y a une v\u00e9ritable connexion d\u00e8s le d\u00e9part.<\/p>\n<p>Elle est souvent d\u00e9crite comme :<\/p>\n<ul>\n<li>Un site de rencontres en vid\u00e9o<\/li>\n<li>Une plateforme de speed dating pour l'\u00e8re num\u00e9rique<\/li>\n<li>Un hybride entre <a href=\"https:\/\/strangercam.com\/fr\/chatroulette\/\">Chatroulette<\/a> et Tinder<\/li>\n<\/ul>\n<h2>Quel est l'objectif du Hoppy ?<\/h2>\n<p>La mission de Hoppy est d'aider les gens \u00e0 \u00e9tablir des relations r\u00e9elles et romantiques par le biais de la vid\u00e9o en direct. La plateforme est con\u00e7ue pour :<\/p>\n<ul>\n<li>Les c\u00e9libataires \u00e0 la recherche d'une premi\u00e8re impression plus authentique<\/li>\n<li>Les gens en ont assez du ghosting et des faux profils<\/li>\n<li>Les utilisateurs qui pr\u00e9f\u00e8rent la chimie visuelle et les interactions en direct au texte<\/li>\n<\/ul>\n<p>Alors que la plupart des applications de rencontre s'appuient sur des biographies \u00e9labor\u00e9es et des photos filtr\u00e9es, Hoppy passe directement \u00e0 la r\u00e9alit\u00e9 : deux inconnus face \u00e0 face via une webcam, qui d\u00e9cident s'ils veulent poursuivre la discussion ou passer \u00e0 autre chose.<\/p>\n<p>La plateforme est suffisamment d\u00e9contract\u00e9e pour permettre de flirter et de s'amuser, mais suffisamment structur\u00e9e pour attirer des personnes r\u00e9ellement int\u00e9ress\u00e9es par les rencontres, et pas seulement par des discussions sans but pr\u00e9cis.<\/p>\n<h2>Caract\u00e9ristiques principales<\/h2>\n<p>1. Comparaison al\u00e9atoire de vid\u00e9os individuelles<br \/>\nLa principale caract\u00e9ristique de Hoppy est de proposer des chats vid\u00e9o en direct et en t\u00eate-\u00e0-t\u00eate avec des utilisateurs choisis au hasard. Chaque conversation est chronom\u00e9tr\u00e9e et dure g\u00e9n\u00e9ralement une minute ou deux, apr\u00e8s quoi les deux utilisateurs peuvent choisir de poursuivre la connexion ou de passer \u00e0 autre chose.<\/p>\n<p>2. Syst\u00e8me de jumelage double Opt-In<br \/>\nApr\u00e8s un chat vid\u00e9o, les deux utilisateurs peuvent \"aimer\" l'interaction. Si les deux personnes souhaitent se reparler, une correspondance est cr\u00e9\u00e9e et vous pouvez continuer \u00e0 discuter par texte ou par vid\u00e9o dans l'application.<\/p>\n<p>3. File d'attente et reconnexions<br \/>\nHoppy comprend un historique des correspondances et une liste des chats r\u00e9cents, ce qui vous permet de revenir sur des conversations ou de reprendre contact avec quelqu'un avec qui vous avez discut\u00e9.<\/p>\n<p>4. Filtres pour le genre et les int\u00e9r\u00eats <em>(Fonctionnalit\u00e9 Premium)<\/em><br \/>\nBien que l'exp\u00e9rience de base soit al\u00e9atoire, Hoppy propose des filtres qui vous permettent de rencontrer des personnes d'un sexe ou d'une r\u00e9gion sp\u00e9cifique. Vous avez ainsi plus de chances de trouver une personne qui corresponde \u00e0 vos pr\u00e9f\u00e9rences.<\/p>\n<p>5. Personnalisation du profil<br \/>\nChaque utilisateur peut \u00e9tablir un profil lumineux avec :<\/p>\n<ul>\n<li>Photo de profil<\/li>\n<li>Biographie de base<\/li>\n<li>Localisation<\/li>\n<li>Genre et pr\u00e9f\u00e9rences en mati\u00e8re de rencontres<\/li>\n<\/ul>\n<p>Toutefois, ces profils ne sont r\u00e9v\u00e9l\u00e9s qu'apr\u00e8s une rencontre, ce qui pr\u00e9serve l'anonymat du premier chat vid\u00e9o et permet de se concentrer sur l'alchimie naturelle.<\/p>\n<p>6. Outils anti-h\u00e9bergement<br \/>\nHoppy utilise des incitations \u00e0 la conversation et des invites de correspondance pour encourager les chats de suivi, minimisant ainsi l'effet de \"ville fant\u00f4me\" qui affecte de nombreuses applications de rencontres.<\/p>\n<p>7. Normes de s\u00e9curit\u00e9 communautaire<br \/>\nLes utilisateurs peuvent signaler les comportements inappropri\u00e9s en temps r\u00e9el. Les violations r\u00e9p\u00e9t\u00e9es entra\u00eenent des interdictions ou des restrictions d'acc\u00e8s, et une \u00e9quipe de mod\u00e9ration est en place pour examiner les rapports.<\/p>\n<h2>Hoppy est-il gratuit ?<\/h2>\n<p>L'essai de Hoppy est gratuit et toutes les fonctions essentielles du chat vid\u00e9o sont disponibles sans frais. Toutefois, il fonctionne selon un mod\u00e8le freemium qui permet de d\u00e9bloquer des fonctions premium moyennant un abonnement mensuel.<\/p>\n<h3>Les utilisateurs gratuits peuvent :<\/h3>\n<ul>\n<li>Entrez dans des chats vid\u00e9o illimit\u00e9s<\/li>\n<li>Correspondre et chatter avec toute personne qui les aime mutuellement<\/li>\n<li>Cr\u00e9er un profil de base<\/li>\n<li>Reprendre contact avec des matchs r\u00e9cents<\/li>\n<\/ul>\n<h3>Les utilisateurs Premium obtiennent :<\/h3>\n<ul>\n<li>Filtres de genre et de r\u00e9gion<\/li>\n<li>Acc\u00e8s \u00e0 plus d'informations sur le profil avant l'appariement<\/li>\n<li>Remise en correspondance illimit\u00e9e et temps de discussion prolong\u00e9<\/li>\n<li>Accroissement de la visibilit\u00e9 et mise en ad\u00e9quation des priorit\u00e9s<\/li>\n<\/ul>\n<p>Les prix varient selon les r\u00e9gions, mais les plans premium typiques vont de $9,99 \u00e0 $19,99\/mois en fonction de la dur\u00e9e de l'abonnement.<\/p>\n<h2>\u00c0 qui s'adresse Hoppy ?<\/h2>\n<p>Hoppy est con\u00e7u sp\u00e9cifiquement pour les c\u00e9libataires \u00e2g\u00e9s de 18 \u00e0 35 ans, mais les utilisateurs plus \u00e2g\u00e9s sont \u00e9galement les bienvenus. Il s'adresse surtout \u00e0 :<\/p>\n<ul>\n<li>Les personnes qui souhaitent s\u00e9rieusement faire des rencontres, mais qui sont frustr\u00e9es par les applications habituelles.<\/li>\n<li>Les utilisateurs qui pr\u00e9f\u00e8rent la communication vid\u00e9o au texto<\/li>\n<li>Ceux qui veulent rencontrer des partenaires potentiels face \u00e0 face, instantan\u00e9ment<\/li>\n<li>Toute personne \u00e0 la recherche d'une interaction en ligne plus humaine et moins sc\u00e9naris\u00e9e<\/li>\n<\/ul>\n<h3>Donn\u00e9es d\u00e9mographiques communes :<\/h3>\n<ul>\n<li>R\u00e9partition \u00e9gale entre les hommes et les femmes (plus \u00e9quilibr\u00e9e que beaucoup d'autres) <a href=\"https:\/\/strangercam.com\/fr\/bazoocam\/\">came<\/a> plates-formes de discussion)<\/li>\n<li>Utilisateurs d'Am\u00e9rique du Nord, d'Europe, d'Asie du Sud-Est et d'Am\u00e9rique du Sud<\/li>\n<li>Personnes \u00e0 la recherche de l'amour, de rencontres occasionnelles ou de conversations agr\u00e9ables<\/li>\n<\/ul>\n<p>Contrairement aux plateformes de chat purement al\u00e9atoire telles que <a href=\"https:\/\/strangercam.com\/fr\/omegle\/\">Omegle<\/a>, La plupart des utilisateurs sont l\u00e0 pour faire des rencontres ou au moins pour flirter, et non pour discuter de mani\u00e8re informelle ou pour faire du trolling.<\/p>\n<h2>S\u00e9curit\u00e9, vie priv\u00e9e et mod\u00e9ration<\/h2>\n<p>Hoppy prend la s\u00e9curit\u00e9 au s\u00e9rieux, en \u00e9quilibrant l'anonymat et la responsabilit\u00e9.<\/p>\n<p>Caract\u00e9ristiques de la vie priv\u00e9e :<\/p>\n<ul>\n<li>Les conversations sont crypt\u00e9es et ne sont pas enregistr\u00e9es<\/li>\n<li>Pas de partage externe des matches ou des donn\u00e9es<\/li>\n<li>Votre profil n'est visible qu'apr\u00e8s une correspondance mutuelle<\/li>\n<\/ul>\n<p>Outils de mod\u00e9ration :<\/p>\n<ul>\n<li>Rapports en temps r\u00e9el<\/li>\n<li>D\u00e9tection des comportements inappropri\u00e9s gr\u00e2ce \u00e0 l'IA et \u00e0 l'examen humain<\/li>\n<li>Interdiction pour les utilisateurs qui ne respectent pas les normes de la communaut\u00e9<\/li>\n<\/ul>\n<p>Contr\u00f4le de l'utilisateur :<\/p>\n<ul>\n<li>Sauter ou terminer une discussion \u00e0 tout moment<\/li>\n<li>Emp\u00eacher les utilisateurs de proc\u00e9der \u00e0 une nouvelle mise en correspondance<\/li>\n<li>Contr\u00f4ler qui voit votre profil<\/li>\n<\/ul>\n<p>Comme toujours, les utilisateurs ne doivent jamais partager d'informations personnelles, m\u00eame dans le cadre d'un chat vid\u00e9o, tant que la confiance n'est pas \u00e9tablie.<\/p>\n<h2>Exp\u00e9rience et conception des utilisateurs<\/h2>\n<p>Le design de Hoppy est \u00e9l\u00e9gant, moderne et optimis\u00e9 pour une utilisation mobile d'abord, bien que les utilisateurs d'ordinateurs de bureau soient \u00e9galement pris en charge. Les \u00e9l\u00e9ments cl\u00e9s sont les suivants :<\/p>\n<ul>\n<li>Une grande fen\u00eatre vid\u00e9o en direct pendant les chats<\/li>\n<li>Distractions ou superpositions minimales<\/li>\n<li>Boutons d'effacement pour match\/skip\/rapport<\/li>\n<li>Transitions rapides entre les utilisateurs<\/li>\n<\/ul>\n<p>Le format de la discussion chronom\u00e9tr\u00e9e permet de maintenir une certaine excitation tout en limitant la pression. Chaque conversation est br\u00e8ve mais significative, et vous n'\u00eates jamais coinc\u00e9 dans une session que vous n'appr\u00e9ciez pas.<\/p>\n<h2>Hoppy vs. autres plateformes de rencontres par chat vid\u00e9o<\/h2>\n<p>Comment Hoppy se situe-t-il par rapport \u00e0 d'autres applications similaires dans le domaine de la rencontre par webcam ?<\/p>\n<table>\n<thead>\n<tr>\n<th>Fonctionnalit\u00e9<\/th>\n<th>Hoppy<\/th>\n<th>Singe<\/th>\n<th>Camgo<\/th>\n<th><a href=\"https:\/\/strangercam.com\/fr\/coomeet\/\">CooMeet<\/a><\/th>\n<th>Azar<\/th>\n<\/tr>\n<\/thead>\n<tbody>\n<tr>\n<td>Chat vid\u00e9o 1-on-1<\/td>\n<td>Oui<\/td>\n<td>Oui<\/td>\n<td>Oui<\/td>\n<td>Oui<\/td>\n<td>Oui<\/td>\n<\/tr>\n<tr>\n<td>Focus sur les rencontres<\/td>\n<td>Fort<\/td>\n<td>Faible<\/td>\n<td>Mod\u00e9r\u00e9<\/td>\n<td>Fort<\/td>\n<td>Faible<\/td>\n<\/tr>\n<tr>\n<td>Utilisation gratuite<\/td>\n<td>Oui<\/td>\n<td>Oui<\/td>\n<td>Oui<\/td>\n<td>Limit\u00e9e<\/td>\n<td>Oui<\/td>\n<\/tr>\n<tr>\n<td>Filtres de genre<\/td>\n<td>Pay\u00e9<\/td>\n<td>Non<\/td>\n<td>Pay\u00e9<\/td>\n<td>Pay\u00e9<\/td>\n<td>Pay\u00e9<\/td>\n<\/tr>\n<tr>\n<td>Inscription obligatoire<\/td>\n<td>Oui<\/td>\n<td>En option<\/td>\n<td>Non<\/td>\n<td>Oui<\/td>\n<td>Oui<\/td>\n<\/tr>\n<tr>\n<td>Correspondance en temps r\u00e9el<\/td>\n<td>Oui<\/td>\n<td>Oui<\/td>\n<td>Oui<\/td>\n<td>Oui<\/td>\n<td>Oui<\/td>\n<\/tr>\n<tr>\n<td>S\u00e9curit\u00e9 communautaire<\/td>\n<td>Mod\u00e9r\u00e9<\/td>\n<td>Faible<\/td>\n<td>Mod\u00e9r\u00e9<\/td>\n<td>Fort<\/td>\n<td>Mod\u00e9r\u00e9<\/td>\n<\/tr>\n<\/tbody>\n<\/table>\n<p>R\u00e9sum\u00e9 : Hoppy offre une approche plus forte de la rencontre par rapport \u00e0 la plupart des applications vid\u00e9o al\u00e9atoires, sans aller jusqu'au paywall comme CooMeet. Les choses restent spontan\u00e9es mais significatives, ce qui est id\u00e9al pour les utilisateurs \u00e0 la recherche de vraies connexions via la vid\u00e9o.<\/p>\n<h2>Avantages et inconv\u00e9nients<\/h2>\n<p>Pour :<\/p>\n<ul>\n<li>Interaction instantan\u00e9e en face \u00e0 face<\/li>\n<li>Un fort accent sur les rencontres, pas seulement sur le chat occasionnel<\/li>\n<li>Utilisation gratuite et acc\u00e8s g\u00e9n\u00e9reux<\/li>\n<li>Une exp\u00e9rience optimis\u00e9e pour les mobiles<\/li>\n<li>Une qualit\u00e9 de correspondance \u00e9lev\u00e9e gr\u00e2ce au double opt-in<\/li>\n<li>Filtres et outils de s\u00e9curit\u00e9 disponibles<\/li>\n<\/ul>\n<p>Cons :<\/p>\n<ul>\n<li>Les fonctions premium peuvent \u00eatre co\u00fbteuses<\/li>\n<li>Certains utilisateurs peuvent encore abuser du syst\u00e8me<\/li>\n<li>Base d'utilisateurs limit\u00e9e \u00e0 certains fuseaux horaires<\/li>\n<li>Vous devez \u00eatre pr\u00eat \u00e0 photographier pour participer<\/li>\n<\/ul>\n<h2>Cas d'utilisation id\u00e9aux<\/h2>\n<p>Hoppy est id\u00e9al pour :<\/p>\n<ul>\n<li>Les utilisateurs d'applications de rencontres qui veulent \u00e9viter les textos interminables<\/li>\n<li>Les c\u00e9libataires qui pr\u00e9f\u00e8rent la chimie aux photos<\/li>\n<li>Les extravertis qui s'\u00e9panouissent dans les conversations en direct<\/li>\n<li>Les personnes curieuses de d\u00e9couvrir le speed dating moderne par vid\u00e9o<\/li>\n<\/ul>\n<p>Pas id\u00e9al pour :<\/p>\n<ul>\n<li>Utilisateurs qui n'aiment pas \u00eatre film\u00e9s<\/li>\n<li>Personnes de moins de 18 ans (strictement pour les adultes)<\/li>\n<li>Ceux qui recherchent des rencontres \u00e0 rythme lent ou des profils de rencontre traditionnels<\/li>\n<\/ul>\n<p>Hoppy apporte une touche rafra\u00eechissante \u00e0 la sc\u00e8ne des rencontres en ligne en mettant l'interaction en direct et en face \u00e0 face au premier plan. Au lieu de glisser \u00e0 l'infini ou d'envoyer des SMS pendant des jours, les utilisateurs obtiennent instantan\u00e9ment une premi\u00e8re impression r\u00e9elle et d\u00e9cident en quelques secondes s'il y a un potentiel.<\/p>\n<p>C'est rapide, amusant et \u00e9tonnamment authentique. Que vous soyez \u00e0 la recherche d'un flirt occasionnel, d'une rencontre s\u00e9rieuse ou que vous souhaitiez simplement rencontrer quelqu'un d'int\u00e9ressant ce soir, Hoppy vous offre un moyen simple et accessible d'y parvenir, sans t\u00e9l\u00e9chargement ni biographie g\u00eanante.<\/p>\n<p>Si vous \u00eates pr\u00eat \u00e0 abandonner la fatigue des applications de rencontres et \u00e0 rencontrer de vraies personnes en temps r\u00e9el, Hoppy vaut absolument la peine d'\u00eatre essay\u00e9.<\/p>","protected":false},"excerpt":{"rendered":"<p>In a world of swiping fatigue and endless scrolling through dating profiles, Hoppy brings something different to the table: real-time video chat as the first step to meeting someone new. By blending the fun of random cam-to-cam chats with the intention of dating, Hoppy positions itself somewhere between a dating app and a video matchmaking [&hellip;]<\/p>\n","protected":false},"author":6,"featured_media":0,"parent":0,"menu_order":0,"comment_status":"closed","ping_status":"closed","template":"","meta":{"footnotes":""},"class_list":["post-12887","page","type-page","status-publish","hentry"],"yoast_head":"<!-- This site is optimized with the Yoast SEO plugin v27.4 - https:\/\/yoast.com\/product\/yoast-seo-wordpress\/ -->\n<title>Hoppy - It Takes One Video To Match on StrangerCam.com<\/title>\n<meta name=\"description\" content=\"Like Hoppy? Come chat with more than 5.000.000 strangers on Stranger Cam for Free! Turn on your cam and find new friends &amp; maby a match!\" \/>\n<meta name=\"robots\" content=\"index, follow, max-snippet:-1, max-image-preview:large, max-video-preview:-1\" \/>\n<link rel=\"canonical\" href=\"https:\/\/strangercam.com\/fr\/houblonne\/\" \/>\n<meta property=\"og:locale\" content=\"fr_FR\" \/>\n<meta property=\"og:type\" content=\"article\" \/>\n<meta property=\"og:title\" content=\"Hoppy - It Takes One Video To Match on StrangerCam.com\" \/>\n<meta property=\"og:description\" content=\"Like Hoppy? Come chat with more than 5.000.000 strangers on Stranger Cam for Free! Turn on your cam and find new friends &amp; maby a match!\" \/>\n<meta property=\"og:url\" content=\"https:\/\/strangercam.com\/fr\/houblonne\/\" \/>\n<meta property=\"og:site_name\" content=\"Strangercam\" \/>\n<meta property=\"article:publisher\" content=\"https:\/\/www.facebook.com\/strangercam\" \/>\n<meta property=\"og:image\" content=\"https:\/\/strangercam.com\/wp-content\/uploads\/2021\/10\/Untitled-2.png\" \/>\n\t<meta property=\"og:image:width\" content=\"800\" \/>\n\t<meta property=\"og:image:height\" content=\"532\" \/>\n\t<meta property=\"og:image:type\" content=\"image\/png\" \/>\n<meta name=\"twitter:card\" content=\"summary_large_image\" \/>\n<meta name=\"twitter:site\" content=\"@strangercamapp\" \/>\n<meta name=\"twitter:label1\" content=\"Dur\u00e9e de lecture estim\u00e9e\" \/>\n\t<meta name=\"twitter:data1\" content=\"6 minutes\" \/>\n<script type=\"application\/ld+json\" class=\"yoast-schema-graph\">{\"@context\":\"https:\\\/\\\/schema.org\",\"@graph\":[{\"@type\":\"WebPage\",\"@id\":\"https:\\\/\\\/strangercam.com\\\/hoppy\\\/\",\"url\":\"https:\\\/\\\/strangercam.com\\\/hoppy\\\/\",\"name\":\"Hoppy - It Takes One Video To Match on StrangerCam.com\",\"isPartOf\":{\"@id\":\"https:\\\/\\\/strangercam.com\\\/#website\"},\"datePublished\":\"2025-06-16T12:52:18+00:00\",\"description\":\"Like Hoppy? Come chat with more than 5.000.000 strangers on Stranger Cam for Free! Turn on your cam and find new friends & maby a match!\",\"breadcrumb\":{\"@id\":\"https:\\\/\\\/strangercam.com\\\/hoppy\\\/#breadcrumb\"},\"inLanguage\":\"fr-FR\",\"potentialAction\":[{\"@type\":\"ReadAction\",\"target\":[\"https:\\\/\\\/strangercam.com\\\/hoppy\\\/\"]}]},{\"@type\":\"BreadcrumbList\",\"@id\":\"https:\\\/\\\/strangercam.com\\\/hoppy\\\/#breadcrumb\",\"itemListElement\":[{\"@type\":\"ListItem\",\"position\":1,\"name\":\"Home\",\"item\":\"https:\\\/\\\/strangercam.com\\\/\"},{\"@type\":\"ListItem\",\"position\":2,\"name\":\"Hoppy\"}]},{\"@type\":\"WebSite\",\"@id\":\"https:\\\/\\\/strangercam.com\\\/#website\",\"url\":\"https:\\\/\\\/strangercam.com\\\/\",\"name\":\"Strangercam\",\"description\":\"Random Video Chat with Strangers\",\"publisher\":{\"@id\":\"https:\\\/\\\/strangercam.com\\\/#organization\"},\"alternateName\":\"Strangercam.com\",\"potentialAction\":[{\"@type\":\"SearchAction\",\"target\":{\"@type\":\"EntryPoint\",\"urlTemplate\":\"https:\\\/\\\/strangercam.com\\\/?s={search_term_string}\"},\"query-input\":{\"@type\":\"PropertyValueSpecification\",\"valueRequired\":true,\"valueName\":\"search_term_string\"}}],\"inLanguage\":\"fr-FR\"},{\"@type\":\"Organization\",\"@id\":\"https:\\\/\\\/strangercam.com\\\/#organization\",\"name\":\"Strangercam\",\"alternateName\":\"Strangercam.com\",\"url\":\"https:\\\/\\\/strangercam.com\\\/\",\"logo\":{\"@type\":\"ImageObject\",\"inLanguage\":\"fr-FR\",\"@id\":\"https:\\\/\\\/strangercam.com\\\/#\\\/schema\\\/logo\\\/image\\\/\",\"url\":\"https:\\\/\\\/strangercam.com\\\/wp-content\\\/uploads\\\/2020\\\/11\\\/cropped-new-favicon-black.png\",\"contentUrl\":\"https:\\\/\\\/strangercam.com\\\/wp-content\\\/uploads\\\/2020\\\/11\\\/cropped-new-favicon-black.png\",\"width\":512,\"height\":512,\"caption\":\"Strangercam\"},\"image\":{\"@id\":\"https:\\\/\\\/strangercam.com\\\/#\\\/schema\\\/logo\\\/image\\\/\"},\"sameAs\":[\"https:\\\/\\\/www.facebook.com\\\/strangercam\",\"https:\\\/\\\/x.com\\\/strangercamapp\"]}]}<\/script>\n<!-- \/ Yoast SEO plugin. -->","yoast_head_json":{"title":"Hoppy - It Takes One Video To Match sur StrangerCam.com","description":"Vous aimez Hoppy ? Venez discuter avec plus de 5.000.000 d'inconnus sur Stranger Cam gratuitement ! Allume ta cam\u00e9ra et trouve de nouveaux amis et peut-\u00eatre un partenaire !","robots":{"index":"index","follow":"follow","max-snippet":"max-snippet:-1","max-image-preview":"max-image-preview:large","max-video-preview":"max-video-preview:-1"},"canonical":"https:\/\/strangercam.com\/fr\/houblonne\/","og_locale":"fr_FR","og_type":"article","og_title":"Hoppy - It Takes One Video To Match on StrangerCam.com","og_description":"Like Hoppy? Come chat with more than 5.000.000 strangers on Stranger Cam for Free! Turn on your cam and find new friends & maby a match!","og_url":"https:\/\/strangercam.com\/fr\/houblonne\/","og_site_name":"Strangercam","article_publisher":"https:\/\/www.facebook.com\/strangercam","og_image":[{"width":800,"height":532,"url":"https:\/\/strangercam.com\/wp-content\/uploads\/2021\/10\/Untitled-2.png","type":"image\/png"}],"twitter_card":"summary_large_image","twitter_site":"@strangercamapp","twitter_misc":{"Dur\u00e9e de lecture estim\u00e9e":"6 minutes"},"schema":{"@context":"https:\/\/schema.org","@graph":[{"@type":"WebPage","@id":"https:\/\/strangercam.com\/hoppy\/","url":"https:\/\/strangercam.com\/hoppy\/","name":"Hoppy - It Takes One Video To Match sur StrangerCam.com","isPartOf":{"@id":"https:\/\/strangercam.com\/#website"},"datePublished":"2025-06-16T12:52:18+00:00","description":"Vous aimez Hoppy ? Venez discuter avec plus de 5.000.000 d'inconnus sur Stranger Cam gratuitement ! Allume ta cam\u00e9ra et trouve de nouveaux amis et peut-\u00eatre un partenaire !","breadcrumb":{"@id":"https:\/\/strangercam.com\/hoppy\/#breadcrumb"},"inLanguage":"fr-FR","potentialAction":[{"@type":"ReadAction","target":["https:\/\/strangercam.com\/hoppy\/"]}]},{"@type":"BreadcrumbList","@id":"https:\/\/strangercam.com\/hoppy\/#breadcrumb","itemListElement":[{"@type":"ListItem","position":1,"name":"Home","item":"https:\/\/strangercam.com\/"},{"@type":"ListItem","position":2,"name":"Hoppy"}]},{"@type":"WebSite","@id":"https:\/\/strangercam.com\/#website","url":"https:\/\/strangercam.com\/","name":"Strangercam","description":"Chat vid\u00e9o al\u00e9atoire avec des inconnus","publisher":{"@id":"https:\/\/strangercam.com\/#organization"},"alternateName":"Strangercam.com","potentialAction":[{"@type":"SearchAction","target":{"@type":"EntryPoint","urlTemplate":"https:\/\/strangercam.com\/?s={search_term_string}"},"query-input":{"@type":"PropertyValueSpecification","valueRequired":true,"valueName":"search_term_string"}}],"inLanguage":"fr-FR"},{"@type":"Organization","@id":"https:\/\/strangercam.com\/#organization","name":"Strangercam","alternateName":"Strangercam.com","url":"https:\/\/strangercam.com\/","logo":{"@type":"ImageObject","inLanguage":"fr-FR","@id":"https:\/\/strangercam.com\/#\/schema\/logo\/image\/","url":"https:\/\/strangercam.com\/wp-content\/uploads\/2020\/11\/cropped-new-favicon-black.png","contentUrl":"https:\/\/strangercam.com\/wp-content\/uploads\/2020\/11\/cropped-new-favicon-black.png","width":512,"height":512,"caption":"Strangercam"},"image":{"@id":"https:\/\/strangercam.com\/#\/schema\/logo\/image\/"},"sameAs":["https:\/\/www.facebook.com\/strangercam","https:\/\/x.com\/strangercamapp"]}]}},"_links":{"self":[{"href":"https:\/\/strangercam.com\/fr\/wp-json\/wp\/v2\/pages\/12887","targetHints":{"allow":["GET"]}}],"collection":[{"href":"https:\/\/strangercam.com\/fr\/wp-json\/wp\/v2\/pages"}],"about":[{"href":"https:\/\/strangercam.com\/fr\/wp-json\/wp\/v2\/types\/page"}],"author":[{"embeddable":true,"href":"https:\/\/strangercam.com\/fr\/wp-json\/wp\/v2\/users\/6"}],"replies":[{"embeddable":true,"href":"https:\/\/strangercam.com\/fr\/wp-json\/wp\/v2\/comments?post=12887"}],"version-history":[{"count":2,"href":"https:\/\/strangercam.com\/fr\/wp-json\/wp\/v2\/pages\/12887\/revisions"}],"predecessor-version":[{"id":12889,"href":"https:\/\/strangercam.com\/fr\/wp-json\/wp\/v2\/pages\/12887\/revisions\/12889"}],"wp:attachment":[{"href":"https:\/\/strangercam.com\/fr\/wp-json\/wp\/v2\/media?parent=12887"}],"curies":[{"name":"wp","href":"https:\/\/api.w.org\/{rel}","templated":true}]}}