{"id":12883,"date":"2025-06-16T14:46:37","date_gmt":"2025-06-16T12:46:37","guid":{"rendered":"https:\/\/strangercam.com\/?page_id=12883"},"modified":"2025-06-16T14:46:37","modified_gmt":"2025-06-16T12:46:37","slug":"aveola","status":"publish","type":"page","link":"https:\/\/strangercam.com\/fr\/aveola\/","title":{"rendered":"Aveola"},"content":{"rendered":"<p>La vid\u00e9o al\u00e9atoire <a href=\"https:\/\/strangercam.com\/fr\/chatroulette\/\">chat<\/a> est plus comp\u00e9titif que jamais. Avec des plateformes comme <a href=\"https:\/\/strangercam.com\/fr\/ometv\/\">OmeTV<\/a>, Bien que les plateformes de chat en ligne, Monkey et Hay Fun aient ouvert la voie, de nouveaux concurrents proposent des interfaces \u00e9l\u00e9gantes et une meilleure int\u00e9gration mobile. C'est le cas de Aveola, une plateforme de chat vid\u00e9o en plein essor, con\u00e7ue pour des interactions rapides et anonymes en t\u00eate-\u00e0-t\u00eate avec des inconnus du monde entier.<\/p>\n<p>Que vous cherchiez \u00e0 flirter, \u00e0 vous faire des amis internationaux ou simplement \u00e0 passer le temps en rencontrant de nouvelles personnes, Aveola promet une exp\u00e9rience mobile sans les complications li\u00e9es \u00e0 l'inscription, aux profils sociaux ou \u00e0 la cr\u00e9ation de contenu.<\/p>\n<p>Dans cet article, nous allons nous plonger dans Aveola - ce qu'elle est, comment elle fonctionne, \u00e0 qui elle s'adresse et comment elle se compare aux meilleures applications de 2025.<\/p>\n<h2>Qu'est-ce qu'Aveola ?<\/h2>\n<p>Aveola est une plateforme gratuite de chat vid\u00e9o en t\u00eate-\u00e0-t\u00eate qui connecte instantan\u00e9ment les utilisateurs par le biais d'une webcam et d'un microphone. Disponible sur navigateur et sur mobile (avec un fort accent sur l'optimisation mobile), elle offre des chats vid\u00e9o rapides et anonymes, sans compte ni t\u00e9l\u00e9chargement.<\/p>\n<p>Comme ses concurrents OmeTV et Monkey, Aveola fournit :<\/p>\n<ul>\n<li>Conversations en temps r\u00e9el et en face \u00e0 face<\/li>\n<li>Une port\u00e9e mondiale avec des utilisateurs internationaux<\/li>\n<li>Sauts et correspondances rapides<\/li>\n<li>Une fa\u00e7on d\u00e9contract\u00e9e et spontan\u00e9e de <a href=\"https:\/\/strangercam.com\/fr\/coomeet\/\">rencontrer<\/a> nouvelles personnes<\/li>\n<\/ul>\n<p>Ce qui le distingue, c'est son interface utilisateur \u00e9pur\u00e9e, ses outils de mod\u00e9ration solides et son exp\u00e9rience utilisateur qui semble con\u00e7ue pour les smartphones, m\u00eame s'il fonctionne \u00e9galement tr\u00e8s bien sur les ordinateurs de bureau.<\/p>\n<h2>Quel est l'objectif d'Aveola ?<\/h2>\n<p>Aveola a \u00e9t\u00e9 con\u00e7u pour rapprocher les gens par le biais de chats vid\u00e9o rapides et spontan\u00e9s, sans qu'il soit n\u00e9cessaire de cr\u00e9er des profils, de publier du contenu ou de se faire des adeptes. La plateforme se situe quelque part entre :<\/p>\n<ul>\n<li>L'anonymat des <a href=\"https:\/\/strangercam.com\/fr\/omegle\/\">Omegle<\/a><\/li>\n<li>L'interface utilisateur soign\u00e9e de OmeTV<\/li>\n<li>Le rythme rapide et l'attrait de la g\u00e9n\u00e9ration Z de Monkey<\/li>\n<\/ul>\n<p>Son objectif est de rendre la rencontre aussi simple et rapide que possible, sans exiger d'informations personnelles ou de comptes de m\u00e9dias sociaux.<\/p>\n<p>Parfait pour :<\/p>\n<ul>\n<li>Chatter avec des inconnus du monde entier<\/li>\n<li>Conversations d\u00e9contract\u00e9es, amicales ou amoureuses en t\u00eate-\u00e0-t\u00eate<\/li>\n<li>L'interaction humaine en temps r\u00e9el pour tuer le temps ou \u00e9chapper \u00e0 l'ennui<\/li>\n<li>Pratiquer une langue ou explorer des cultures diff\u00e9rentes<\/li>\n<\/ul>\n<h2>Caract\u00e9ristiques principales<\/h2>\n<p>1. Chat vid\u00e9o en t\u00eate-\u00e0-t\u00eate<br \/>\nLa principale fonction d'Aveola est le chat vid\u00e9o direct et priv\u00e9 avec des utilisateurs al\u00e9atoires. Vous appuyez sur \"D\u00e9marrer\" et, en quelques secondes, vous vous retrouvez face \u00e0 face avec un nouvel utilisateur. La qualit\u00e9 vid\u00e9o est g\u00e9n\u00e9ralement \u00e9lev\u00e9e, avec une faible latence et un son clair sur les connexions stables.<\/p>\n<p>2. Saut rapide (bouton suivant)<br \/>\nComme la plupart des applications de ce type, vous pouvez passer instantan\u00e9ment \u00e0 l'utilisateur suivant si le match en cours ne fonctionne pas. Cette fonction est transparente, avec des reconnexions rapides et des temps d'attente minimes.<\/p>\n<p>3. Option de chat textuel<br \/>\nAveola prend en charge l'envoi de messages en cours de conversation, ce qui vous permet d'envoyer des messages pendant votre conversation vid\u00e9o. Cette fonction est utile pour briser la glace ou communiquer en cas de barri\u00e8res linguistiques.<\/p>\n<p>4. Une exp\u00e9rience optimis\u00e9e pour les mobiles<br \/>\nQue vous utilisiez Android ou iOS, Aveola est con\u00e7u pour les navigateurs mobiles. Bien qu'il n'y ait pas d'application autonome pour le moment, la version mobile est r\u00e9active, fluide et optimis\u00e9e pour le toucher. Elle fonctionne bien dans Chrome, Safari et d'autres navigateurs mobiles modernes.<\/p>\n<p>5. Aucune inscription n'est requise<br \/>\nL'un des principaux attraits d'Aveola est son caract\u00e8re totalement anonyme. Vous n'avez pas besoin de vous inscrire, de fournir une adresse \u00e9lectronique ou de vous connecter \u00e0 un compte social. Tout se passe dans le navigateur, avec des chats temporaires bas\u00e9s sur des sessions.<\/p>\n<p>6. Outils de mod\u00e9ration en temps r\u00e9el<br \/>\nAveola comprend :<\/p>\n<ul>\n<li>Un bouton \"Signaler\" pour signaler les comportements abusifs ou inappropri\u00e9s<\/li>\n<li>Outils de mod\u00e9ration de base de l'IA qui surveillent la nudit\u00e9 ou le contenu offensant<\/li>\n<li>Interdiction rapide pour les r\u00e9cidivistes<\/li>\n<\/ul>\n<p>Bien qu'il ne dispose pas d'un syst\u00e8me de confiance\/r\u00e9putation complet comme Emerald Chat, la mod\u00e9ration d'Aveola est meilleure que celle de nombreuses plateformes plus r\u00e9centes.<\/p>\n<p>7. Filtre sur le sexe et le pays (fonctionnalit\u00e9 Premium)<br \/>\nAveola propose un filtrage facultatif par sexe et par r\u00e9gion, mais cette fonction pourrait \u00eatre verrouill\u00e9e par un mod\u00e8le freemium (afin de r\u00e9duire les spams et les abus de robots). Les utilisateurs gratuits obtiennent des correspondances al\u00e9atoires, tandis que les utilisateurs payants peuvent affiner les personnes avec lesquelles ils se connectent.<\/p>\n<h2>Aveola est-il gratuit ?<\/h2>\n<p>Oui, Aveola est gratuit, et aucun enregistrement n'est n\u00e9cessaire pour acc\u00e9der aux fonctionnalit\u00e9s de base telles que le chat vid\u00e9o, le chat texte et la mise en relation rapide. Cependant, comme la plupart des concurrents, il fonctionne sur un mod\u00e8le freemium, ce qui signifie que certaines fonctionnalit\u00e9s sont prot\u00e9g\u00e9es par des options payantes.<\/p>\n<p>Les utilisateurs gratuits peuvent :<\/p>\n<ul>\n<li>Chat instantan\u00e9 avec des inconnus par vid\u00e9o ou par texte<\/li>\n<li>Sauter des utilisateurs sans limite<\/li>\n<li>Utiliser les versions mobile et de bureau sans rien t\u00e9l\u00e9charger<\/li>\n<\/ul>\n<p>Les fonctionnalit\u00e9s Premium (sujettes \u00e0 modification) peuvent inclure :<\/p>\n<ul>\n<li>Filtre de genre<\/li>\n<li>Filtre pays<\/li>\n<li>Une exp\u00e9rience sans publicit\u00e9<\/li>\n<li>Correspondance des priorit\u00e9s<\/li>\n<\/ul>\n<p>L'acc\u00e8s premium est disponible par le biais de syst\u00e8mes d'achat dans le navigateur et est enti\u00e8rement facultatif.<\/p>\n<h2>Qui utilise Aveola ?<\/h2>\n<p>Aveola s'adresse \u00e0 un public international et mobile. Sur la base des tendances d'utilisation :<\/p>\n<ul>\n<li>Tranche d'\u00e2ge : Principalement 18-30 ans<\/li>\n<li>R\u00e9partition par sexe : Majorit\u00e9 d'hommes, mais les femmes sont actives et tr\u00e8s recherch\u00e9es.<\/li>\n<li>R\u00e9gions populaires : \u00c9tats-Unis, Inde, Br\u00e9sil, Philippines, Royaume-Uni, Allemagne<\/li>\n<li>Intention de l'utilisateur : Conversation d\u00e9contract\u00e9e, flirt, \u00e9change culturel, soulagement de l'ennui<\/li>\n<\/ul>\n<p>Contrairement \u00e0 TikTok ou Bigo Live, Aveola n'est pas con\u00e7u pour la performance ou le contenu de diffusion en direct. Elle est plut\u00f4t ax\u00e9e sur l'interaction en temps r\u00e9el et individuelle. Sa configuration minimale la rend particuli\u00e8rement attrayante pour :<\/p>\n<ul>\n<li>Utilisateurs de la g\u00e9n\u00e9ration Z<\/li>\n<li>Voyageurs ou expatri\u00e9s<\/li>\n<li>Les \u00e9tudiants<\/li>\n<li>Personnes cherchant \u00e0 rencontrer d'autres personnes instantan\u00e9ment sans quitter leur canap\u00e9<\/li>\n<\/ul>\n<h2>S\u00e9curit\u00e9, vie priv\u00e9e et mod\u00e9ration<\/h2>\n<p>La s\u00e9curit\u00e9 est un facteur crucial dans le cadre d'un chat vid\u00e9o al\u00e9atoire, et Aveola s'en sort relativement bien \u00e0 cet \u00e9gard.<\/p>\n<h3>Vie priv\u00e9e<\/h3>\n<ul>\n<li>Pas d'inscription, pas d'informations personnelles<\/li>\n<li>Les sessions de chat ne sont pas enregistr\u00e9es<\/li>\n<li>Mic et <a href=\"https:\/\/strangercam.com\/fr\/bazoocam\/\">came<\/a> les autorisations sont bas\u00e9es sur la session<\/li>\n<\/ul>\n<h3>La mod\u00e9ration<\/h3>\n<ul>\n<li>Signalement et rapport en temps r\u00e9el<\/li>\n<li>Reconnaissance d'images de base par l'IA pour r\u00e9duire la nudit\u00e9 et le contenu offensant<\/li>\n<li>Outils d'interdiction rapide et de blocage des utilisateurs<\/li>\n<\/ul>\n<h3>Limites<\/h3>\n<ul>\n<li>Comme pour toute plateforme de webcam anonyme, vous pouvez toujours rencontrer des probl\u00e8mes :\n<ul>\n<li>Comportement inappropri\u00e9<\/li>\n<li>Utilisateurs recherchant un contenu explicite<\/li>\n<li>Bots ou scammers pendant les p\u00e9riodes de faible trafic<\/li>\n<\/ul>\n<\/li>\n<\/ul>\n<p>Pour rester en s\u00e9curit\u00e9 :<\/p>\n<ul>\n<li>Ne communiquez pas votre vrai nom, votre num\u00e9ro de t\u00e9l\u00e9phone ou vos profils sociaux.<\/li>\n<li>Utiliser la fonction de rapport si n\u00e9cessaire<\/li>\n<li>Mettre fin \u00e0 toute session qui vous met mal \u00e0 l'aise<\/li>\n<\/ul>\n<h2>Exp\u00e9rience et conception des utilisateurs<\/h2>\n<p>L'interface d'Aveola est propre, moderne et adapt\u00e9e aux mobiles. Elle se charge rapidement, les commandes restent intuitives et vous permettent de participer \u00e0 une discussion en un minimum de clics.<\/p>\n<p>Principales caract\u00e9ristiques de l'interface utilisateur :<\/p>\n<ul>\n<li>Fen\u00eatres vid\u00e9o larges et claires<\/li>\n<li>Boutons de saut, de mise en sourdine et de rapport visibles<\/li>\n<li>Transitions fluides entre les chats<\/li>\n<li>Fonctionne sur tous les navigateurs modernes (bureau + mobile)<\/li>\n<\/ul>\n<p>Il n'y en a pas :<\/p>\n<ul>\n<li>Popups ou superpositions<\/li>\n<li>Menus encombr\u00e9s<\/li>\n<li>Redirections forc\u00e9es<\/li>\n<\/ul>\n<p>L'ensemble donne l'impression d'\u00eatre l\u00e9ger et bien construit, ce qui est particuli\u00e8rement rafra\u00eechissant par rapport aux interfaces trop compliqu\u00e9es de certains concurrents.<\/p>\n<h2>Aveola vs. autres plateformes de chat vid\u00e9o<\/h2>\n<p>Comparons Aveola \u00e0 certains de ses principaux concurrents en 2025 :<\/p>\n<table>\n<thead>\n<tr>\n<th>Fonctionnalit\u00e9<\/th>\n<th>Aveola<\/th>\n<th>OmeTV<\/th>\n<th>Singe<\/th>\n<th>Foin de plaisir<\/th>\n<th>Chatspin<\/th>\n<\/tr>\n<\/thead>\n<tbody>\n<tr>\n<td>Chat vid\u00e9o individuel<\/td>\n<td>Oui<\/td>\n<td>Oui<\/td>\n<td>Oui<\/td>\n<td>Oui<\/td>\n<td>Oui<\/td>\n<\/tr>\n<tr>\n<td>Option de chat textuel<\/td>\n<td>Oui<\/td>\n<td>Oui<\/td>\n<td>Limit\u00e9e<\/td>\n<td>Oui<\/td>\n<td>Oui<\/td>\n<\/tr>\n<tr>\n<td>Optimisation mobile<\/td>\n<td>Excellent<\/td>\n<td>Bon<\/td>\n<td>Excellent<\/td>\n<td>Bon<\/td>\n<td>Excellent<\/td>\n<\/tr>\n<tr>\n<td>Filtre de genre<\/td>\n<td>Pay\u00e9<\/td>\n<td>Pay\u00e9<\/td>\n<td>Limit\u00e9e<\/td>\n<td>Non<\/td>\n<td>Pay\u00e9<\/td>\n<\/tr>\n<tr>\n<td>Inscription obligatoire<\/td>\n<td>Non<\/td>\n<td>Non<\/td>\n<td>Oui<\/td>\n<td>En option<\/td>\n<td>En option<\/td>\n<\/tr>\n<tr>\n<td>Caract\u00e9ristiques du groupe<\/td>\n<td>Non<\/td>\n<td>Non<\/td>\n<td>Oui<\/td>\n<td>Non<\/td>\n<td>Non<\/td>\n<\/tr>\n<tr>\n<td>Qualit\u00e9 de la mod\u00e9ration<\/td>\n<td>Mod\u00e9r\u00e9<\/td>\n<td>Mod\u00e9r\u00e9<\/td>\n<td>Mod\u00e9r\u00e9<\/td>\n<td>Faible<\/td>\n<td>Bon<\/td>\n<\/tr>\n<\/tbody>\n<\/table>\n<p>R\u00e9sum\u00e9 : Aveola s'inscrit parfaitement dans l'espace entre le raffinement de Chatspin et l'ambiance Gen Z de Monkey. Il n'essaie pas d'ajouter des fonctions de groupe ou des couches sociales complexes - il se concentre sur la vitesse, l'anonymat et la facilit\u00e9 d'utilisation.<\/p>\n<h2>Avantages et inconv\u00e9nients<\/h2>\n<p>Pour :<\/p>\n<ul>\n<li>Chat vid\u00e9o rapide, gratuit et anonyme<\/li>\n<li>Fonctionne instantan\u00e9ment sans enregistrement<\/li>\n<li>Interface propre et chargement rapide<\/li>\n<li>Excellent sur les navigateurs mobiles<\/li>\n<li>Chat textuel et support vid\u00e9o<\/li>\n<li>Base d'utilisateurs internationale active<\/li>\n<\/ul>\n<p>Cons :<\/p>\n<ul>\n<li>Pas de syst\u00e8me d'amis \u00e0 long terme ni d'historique de compte<\/li>\n<li>Mod\u00e9ration de base - il est toujours possible de rencontrer des contenus pour adultes<\/li>\n<li>Les filtres par sexe et par pays peuvent \u00eatre payants<\/li>\n<li>Pas id\u00e9al pour les utilisateurs \u00e0 la recherche de conversations approfondies ou d'une communaut\u00e9<\/li>\n<\/ul>\n<h2>Cas d'utilisation id\u00e9aux<\/h2>\n<p>Aveola est parfait pour :<\/p>\n<ul>\n<li>Les utilisateurs qui regrettent le Omegle mais veulent quelque chose de convivial pour les mobiles<\/li>\n<li>Les personnes qui cherchent \u00e0 flirter, \u00e0 discuter ou \u00e0 socialiser de mani\u00e8re d\u00e9contract\u00e9e avec des inconnus.<\/li>\n<li>Voyageurs ou personnes apprenant une langue et int\u00e9ress\u00e9es par les conversations internationales<\/li>\n<li>Toute personne s'ennuyant et recherchant des interactions en direct et en face-\u00e0-face<\/li>\n<\/ul>\n<p>Il n'est pas id\u00e9al pour :<\/p>\n<ul>\n<li>Utilisateurs de moins de 18 ans (adultes uniquement)<\/li>\n<li>Personnes \u00e0 la recherche de profils de rencontre ou d'une mise en relation<\/li>\n<li>Ceux qui veulent des filtres et des contr\u00f4les gratuits<\/li>\n<li>Utilisateurs mal \u00e0 l'aise face \u00e0 un comportement NSFW occasionnel<\/li>\n<\/ul>\n<p>Aveola est l'une des meilleures nouvelles plateformes de chat vid\u00e9o al\u00e9atoire l\u00e9g\u00e8res et mobiles sur le march\u00e9 en 2025. Elle combine la simplicit\u00e9 de Omegle avec l'exp\u00e9rience utilisateur plus fluide de OmeTV, tout en conservant l'anonymat et la rapidit\u00e9 que les utilisateurs attendent d'une plateforme de cam-to-cam.<\/p>\n<p>Ce n'est pas parfait - la mod\u00e9ration doit encore \u00eatre am\u00e9lior\u00e9e et les filtres de genre sont payants - mais pour les utilisateurs \u00e0 la recherche de chats spontan\u00e9s, globaux et en temps r\u00e9el avec des inconnus, Aveola offre une exp\u00e9rience rapide et sans frustration.<\/p>\n<p>Si vous recherchez une exp\u00e9rience de chat moderne, propre et fiable de type Omegle qui fonctionne bien sur tous les appareils, Aveola vaut vraiment la peine d'\u00eatre essay\u00e9e.<\/p>","protected":false},"excerpt":{"rendered":"<p>The random video chat space is more competitive than ever. With platforms like OmeTV, Monkey, and Hay Fun setting the pace, newer contenders are stepping up with sleek interfaces and better mobile integration. One of those is Aveola \u2014 a rising video chat platform designed for fast, anonymous one-on-one interactions with strangers across the world. [&hellip;]<\/p>\n","protected":false},"author":6,"featured_media":0,"parent":0,"menu_order":0,"comment_status":"closed","ping_status":"closed","template":"","meta":{"footnotes":""},"class_list":["post-12883","page","type-page","status-publish","hentry"],"yoast_head":"<!-- This site is optimized with the Yoast SEO plugin v27.4 - https:\/\/yoast.com\/product\/yoast-seo-wordpress\/ -->\n<title>Aveola - Live Video Chat on StrangerCam.com<\/title>\n<meta name=\"description\" content=\"Like Aveola? Come chat with more than 5.000.000 strangers on Stranger Cam for Free! Turn on your cam and find new friends &amp; maby a match!\" \/>\n<meta name=\"robots\" content=\"index, follow, max-snippet:-1, max-image-preview:large, max-video-preview:-1\" \/>\n<link rel=\"canonical\" href=\"https:\/\/strangercam.com\/fr\/aveola\/\" \/>\n<meta property=\"og:locale\" content=\"fr_FR\" \/>\n<meta property=\"og:type\" content=\"article\" \/>\n<meta property=\"og:title\" content=\"Aveola - Live Video Chat on StrangerCam.com\" \/>\n<meta property=\"og:description\" content=\"Like Aveola? Come chat with more than 5.000.000 strangers on Stranger Cam for Free! Turn on your cam and find new friends &amp; maby a match!\" \/>\n<meta property=\"og:url\" content=\"https:\/\/strangercam.com\/fr\/aveola\/\" \/>\n<meta property=\"og:site_name\" content=\"Strangercam\" \/>\n<meta property=\"article:publisher\" content=\"https:\/\/www.facebook.com\/strangercam\" \/>\n<meta property=\"og:image\" content=\"https:\/\/strangercam.com\/wp-content\/uploads\/2021\/10\/Untitled-2.png\" \/>\n\t<meta property=\"og:image:width\" content=\"800\" \/>\n\t<meta property=\"og:image:height\" content=\"532\" \/>\n\t<meta property=\"og:image:type\" content=\"image\/png\" \/>\n<meta name=\"twitter:card\" content=\"summary_large_image\" \/>\n<meta name=\"twitter:site\" content=\"@strangercamapp\" \/>\n<meta name=\"twitter:label1\" content=\"Dur\u00e9e de lecture estim\u00e9e\" \/>\n\t<meta name=\"twitter:data1\" content=\"6 minutes\" \/>\n<script type=\"application\/ld+json\" class=\"yoast-schema-graph\">{\"@context\":\"https:\\\/\\\/schema.org\",\"@graph\":[{\"@type\":\"WebPage\",\"@id\":\"https:\\\/\\\/strangercam.com\\\/aveola\\\/\",\"url\":\"https:\\\/\\\/strangercam.com\\\/aveola\\\/\",\"name\":\"Aveola - Live Video Chat on StrangerCam.com\",\"isPartOf\":{\"@id\":\"https:\\\/\\\/strangercam.com\\\/#website\"},\"datePublished\":\"2025-06-16T12:46:37+00:00\",\"description\":\"Like Aveola? Come chat with more than 5.000.000 strangers on Stranger Cam for Free! Turn on your cam and find new friends & maby a match!\",\"breadcrumb\":{\"@id\":\"https:\\\/\\\/strangercam.com\\\/aveola\\\/#breadcrumb\"},\"inLanguage\":\"fr-FR\",\"potentialAction\":[{\"@type\":\"ReadAction\",\"target\":[\"https:\\\/\\\/strangercam.com\\\/aveola\\\/\"]}]},{\"@type\":\"BreadcrumbList\",\"@id\":\"https:\\\/\\\/strangercam.com\\\/aveola\\\/#breadcrumb\",\"itemListElement\":[{\"@type\":\"ListItem\",\"position\":1,\"name\":\"Home\",\"item\":\"https:\\\/\\\/strangercam.com\\\/\"},{\"@type\":\"ListItem\",\"position\":2,\"name\":\"Aveola\"}]},{\"@type\":\"WebSite\",\"@id\":\"https:\\\/\\\/strangercam.com\\\/#website\",\"url\":\"https:\\\/\\\/strangercam.com\\\/\",\"name\":\"Strangercam\",\"description\":\"Random Video Chat with Strangers\",\"publisher\":{\"@id\":\"https:\\\/\\\/strangercam.com\\\/#organization\"},\"alternateName\":\"Strangercam.com\",\"potentialAction\":[{\"@type\":\"SearchAction\",\"target\":{\"@type\":\"EntryPoint\",\"urlTemplate\":\"https:\\\/\\\/strangercam.com\\\/?s={search_term_string}\"},\"query-input\":{\"@type\":\"PropertyValueSpecification\",\"valueRequired\":true,\"valueName\":\"search_term_string\"}}],\"inLanguage\":\"fr-FR\"},{\"@type\":\"Organization\",\"@id\":\"https:\\\/\\\/strangercam.com\\\/#organization\",\"name\":\"Strangercam\",\"alternateName\":\"Strangercam.com\",\"url\":\"https:\\\/\\\/strangercam.com\\\/\",\"logo\":{\"@type\":\"ImageObject\",\"inLanguage\":\"fr-FR\",\"@id\":\"https:\\\/\\\/strangercam.com\\\/#\\\/schema\\\/logo\\\/image\\\/\",\"url\":\"https:\\\/\\\/strangercam.com\\\/wp-content\\\/uploads\\\/2020\\\/11\\\/cropped-new-favicon-black.png\",\"contentUrl\":\"https:\\\/\\\/strangercam.com\\\/wp-content\\\/uploads\\\/2020\\\/11\\\/cropped-new-favicon-black.png\",\"width\":512,\"height\":512,\"caption\":\"Strangercam\"},\"image\":{\"@id\":\"https:\\\/\\\/strangercam.com\\\/#\\\/schema\\\/logo\\\/image\\\/\"},\"sameAs\":[\"https:\\\/\\\/www.facebook.com\\\/strangercam\",\"https:\\\/\\\/x.com\\\/strangercamapp\"]}]}<\/script>\n<!-- \/ Yoast SEO plugin. -->","yoast_head_json":{"title":"Aveola - Chat vid\u00e9o en direct sur StrangerCam.com","description":"Vous aimez Aveola ? Venez discuter avec plus de 5.000.000 d'inconnus sur Stranger Cam gratuitement ! Allume ta cam\u00e9ra et trouve de nouveaux amis et peut-\u00eatre un partenaire !","robots":{"index":"index","follow":"follow","max-snippet":"max-snippet:-1","max-image-preview":"max-image-preview:large","max-video-preview":"max-video-preview:-1"},"canonical":"https:\/\/strangercam.com\/fr\/aveola\/","og_locale":"fr_FR","og_type":"article","og_title":"Aveola - Live Video Chat on StrangerCam.com","og_description":"Like Aveola? Come chat with more than 5.000.000 strangers on Stranger Cam for Free! Turn on your cam and find new friends & maby a match!","og_url":"https:\/\/strangercam.com\/fr\/aveola\/","og_site_name":"Strangercam","article_publisher":"https:\/\/www.facebook.com\/strangercam","og_image":[{"width":800,"height":532,"url":"https:\/\/strangercam.com\/wp-content\/uploads\/2021\/10\/Untitled-2.png","type":"image\/png"}],"twitter_card":"summary_large_image","twitter_site":"@strangercamapp","twitter_misc":{"Dur\u00e9e de lecture estim\u00e9e":"6 minutes"},"schema":{"@context":"https:\/\/schema.org","@graph":[{"@type":"WebPage","@id":"https:\/\/strangercam.com\/aveola\/","url":"https:\/\/strangercam.com\/aveola\/","name":"Aveola - Chat vid\u00e9o en direct sur StrangerCam.com","isPartOf":{"@id":"https:\/\/strangercam.com\/#website"},"datePublished":"2025-06-16T12:46:37+00:00","description":"Vous aimez Aveola ? Venez discuter avec plus de 5.000.000 d'inconnus sur Stranger Cam gratuitement ! Allume ta cam\u00e9ra et trouve de nouveaux amis et peut-\u00eatre un partenaire !","breadcrumb":{"@id":"https:\/\/strangercam.com\/aveola\/#breadcrumb"},"inLanguage":"fr-FR","potentialAction":[{"@type":"ReadAction","target":["https:\/\/strangercam.com\/aveola\/"]}]},{"@type":"BreadcrumbList","@id":"https:\/\/strangercam.com\/aveola\/#breadcrumb","itemListElement":[{"@type":"ListItem","position":1,"name":"Home","item":"https:\/\/strangercam.com\/"},{"@type":"ListItem","position":2,"name":"Aveola"}]},{"@type":"WebSite","@id":"https:\/\/strangercam.com\/#website","url":"https:\/\/strangercam.com\/","name":"Strangercam","description":"Chat vid\u00e9o al\u00e9atoire avec des inconnus","publisher":{"@id":"https:\/\/strangercam.com\/#organization"},"alternateName":"Strangercam.com","potentialAction":[{"@type":"SearchAction","target":{"@type":"EntryPoint","urlTemplate":"https:\/\/strangercam.com\/?s={search_term_string}"},"query-input":{"@type":"PropertyValueSpecification","valueRequired":true,"valueName":"search_term_string"}}],"inLanguage":"fr-FR"},{"@type":"Organization","@id":"https:\/\/strangercam.com\/#organization","name":"Strangercam","alternateName":"Strangercam.com","url":"https:\/\/strangercam.com\/","logo":{"@type":"ImageObject","inLanguage":"fr-FR","@id":"https:\/\/strangercam.com\/#\/schema\/logo\/image\/","url":"https:\/\/strangercam.com\/wp-content\/uploads\/2020\/11\/cropped-new-favicon-black.png","contentUrl":"https:\/\/strangercam.com\/wp-content\/uploads\/2020\/11\/cropped-new-favicon-black.png","width":512,"height":512,"caption":"Strangercam"},"image":{"@id":"https:\/\/strangercam.com\/#\/schema\/logo\/image\/"},"sameAs":["https:\/\/www.facebook.com\/strangercam","https:\/\/x.com\/strangercamapp"]}]}},"_links":{"self":[{"href":"https:\/\/strangercam.com\/fr\/wp-json\/wp\/v2\/pages\/12883","targetHints":{"allow":["GET"]}}],"collection":[{"href":"https:\/\/strangercam.com\/fr\/wp-json\/wp\/v2\/pages"}],"about":[{"href":"https:\/\/strangercam.com\/fr\/wp-json\/wp\/v2\/types\/page"}],"author":[{"embeddable":true,"href":"https:\/\/strangercam.com\/fr\/wp-json\/wp\/v2\/users\/6"}],"replies":[{"embeddable":true,"href":"https:\/\/strangercam.com\/fr\/wp-json\/wp\/v2\/comments?post=12883"}],"version-history":[{"count":3,"href":"https:\/\/strangercam.com\/fr\/wp-json\/wp\/v2\/pages\/12883\/revisions"}],"predecessor-version":[{"id":12886,"href":"https:\/\/strangercam.com\/fr\/wp-json\/wp\/v2\/pages\/12883\/revisions\/12886"}],"wp:attachment":[{"href":"https:\/\/strangercam.com\/fr\/wp-json\/wp\/v2\/media?parent=12883"}],"curies":[{"name":"wp","href":"https:\/\/api.w.org\/{rel}","templated":true}]}}