{"id":12842,"date":"2025-05-14T09:40:39","date_gmt":"2025-05-14T07:40:39","guid":{"rendered":"https:\/\/strangercam.com\/?page_id=12842"},"modified":"2025-05-14T09:42:02","modified_gmt":"2025-05-14T07:42:02","slug":"rencontre","status":"publish","type":"page","link":"https:\/\/strangercam.com\/fr\/meetgle\/","title":{"rendered":"Meetgle"},"content":{"rendered":"<p>Avec <a href=\"https:\/\/strangercam.com\/fr\/omegle\/\">Omegle<\/a> s'\u00e9teint maintenant et <a href=\"https:\/\/strangercam.com\/fr\/chatroulette\/\">Chatroulette<\/a> un nombre croissant de plates-formes ont \u00e9merg\u00e9 pour combler le vide dans le secteur de la vid\u00e9o al\u00e9atoire. <a href=\"https:\/\/strangercam.com\/fr\/chathub\/\">chat<\/a> de l'espace. L'un d'entre eux est Meetgle - un site de chat par webcam gratuit, bas\u00e9 sur un navigateur, con\u00e7u pour vous mettre instantan\u00e9ment en contact avec des inconnus du monde entier.<\/p>\n<p>Pr\u00e9sent\u00e9 comme une alternative moderne \u00e0 Omegle, Meetgle promet une mise en relation rapide, des conversations mondiales et aucune inscription. Mais dans un monde o\u00f9 des dizaines de sites de chat similaires rivalisent pour attirer l'attention, Meetgle offre-t-il quelque chose de sp\u00e9cial ? Ou s'agit-il simplement d'un autre clone g\u00e9n\u00e9rique ?<\/p>\n<p>Dans cet article d\u00e9taill\u00e9, nous allons d\u00e9couvrir ce qu'est exactement Meetgle, comment il fonctionne, quelles sont ses fonctionnalit\u00e9s, qui l'utilise et comment il se compare \u00e0 d'autres plateformes.<\/p>\n<h2>Qu'est-ce que Meetgle ?<\/h2>\n<p>Meetgle est un site de chat vid\u00e9o anonyme et gratuit qui met en relation des utilisateurs de mani\u00e8re al\u00e9atoire dans le cadre de conversations par webcam en t\u00eate-\u00e0-t\u00eate. \u00c0 l'instar du d\u00e9funt Omegle, vous n'avez pas besoin de vous inscrire ni d'installer quoi que ce soit. Il vous suffit de vous rendre sur le site, de cliquer sur \"Start Chat\" et vous serez mis en relation avec un inconnu.<\/p>\n<p>La plateforme prend en charge les modes de chat vid\u00e9o et texte, et offre un moyen rapide et sans friction d'entrer en contact avec des personnes du monde entier. Que vous cherchiez \u00e0 flirter, \u00e0 vous faire des amis, \u00e0 pratiquer une langue ou simplement \u00e0 rire avec quelqu'un au hasard, Meetgle offre une passerelle rapide vers une connexion humaine spontan\u00e9e.<\/p>\n<h2>Quel est l'objectif de Meetgle ?<\/h2>\n<p>L'objectif premier de Meetgle est de recr\u00e9er l'exp\u00e9rience originale de Omegle : des discussions rapides et anonymes avec des inconnus via une webcam ou un texte. Meetgle supprime les profils, les identifiants et les flux sociaux, pour rester simple et sans filtre.<\/p>\n<p>Il est con\u00e7u pour :<\/p>\n<ul>\n<li>Utilisateurs \u00e0 la recherche d'une conversation d\u00e9contract\u00e9e et non structur\u00e9e<\/li>\n<li>Les personnes qui appr\u00e9cient les exp\u00e9riences de chat vid\u00e9o al\u00e9atoires<\/li>\n<li>Tous ceux qui regrettent l'ancien format Omegle<\/li>\n<li>Voyageurs ou personnes apprenant une langue et souhaitant <a href=\"https:\/\/strangercam.com\/fr\/coomeet\/\">rencontrer<\/a> les personnes dans le monde<\/li>\n<\/ul>\n<p>Il n'y a pas de pression pour rester connect\u00e9, pas de diffusion publique, et il n'est pas n\u00e9cessaire de r\u00e9v\u00e9ler des d\u00e9tails personnels. L'objectif est une interaction en temps r\u00e9el, en t\u00eate-\u00e0-t\u00eate, brute, non \u00e9dit\u00e9e et non sc\u00e9naris\u00e9e.<\/p>\n<h2>Caract\u00e9ristiques principales<\/h2>\n<p>1. Chat vid\u00e9o al\u00e9atoire<br \/>\nLa fonction principale de Meetgle est le chat vid\u00e9o instantan\u00e9 de cam\u00e9ra \u00e0 cam\u00e9ra. Un simple clic vous met en relation avec une nouvelle personne. L'appariement est al\u00e9atoire et l'exp\u00e9rience est priv\u00e9e. Il n'y a pas de public, pas d'algorithme - juste une personne en face d'une autre, connect\u00e9e par webcam.<\/p>\n<p>2. Mode Chat textuel<br \/>\nVous n'\u00eates pas pr\u00eat pour la vid\u00e9o ? Vous pouvez \u00e0 tout moment passer en mode texte uniquement. Cette option est id\u00e9ale pour les utilisateurs timides, les situations o\u00f9 la bande passante est faible ou ceux qui pr\u00e9f\u00e8rent taper leur chemin dans les conversations.<\/p>\n<p>3. Anonyme et sans enregistrement<br \/>\nMeetgle ne n\u00e9cessite pas d'inscription, de connexion ou d'e-mail pour \u00eatre utilis\u00e9. Il ne stocke pas l'historique des chats et ne demande pas de donn\u00e9es personnelles. Les utilisateurs peuvent s'inscrire, discuter et quitter le site de mani\u00e8re totalement anonyme.<\/p>\n<p>4. Boutons \"Sauter\" et \"Suivant<br \/>\nSi la conversation ne vous pla\u00eet pas, il vous suffit de cliquer sur \"Suivant\" pour \u00eatre instantan\u00e9ment mis en relation avec quelqu'un d'autre. Cette fonction est rapide et r\u00e9active, ce qui facilite le passage d'un utilisateur \u00e0 l'autre jusqu'\u00e0 ce que vous trouviez quelqu'un d'int\u00e9ressant.<\/p>\n<p>5. Acc\u00e8s global<br \/>\nMeetgle met en relation des utilisateurs du monde entier. Il n'y a pas de restrictions r\u00e9gionales et vous pouvez discuter avec des personnes de n'importe quel pays, ce qui en fait un outil id\u00e9al pour les \u00e9changes culturels ou simplement pour \u00e9largir vos perspectives.<\/p>\n<p>6. Support mobile<br \/>\nBien que Meetgle n'ait pas d'application d\u00e9di\u00e9e, le site web est adapt\u00e9 aux mobiles et fonctionne sur la plupart des navigateurs de smartphones modernes. L'exp\u00e9rience est meilleure sur un ordinateur de bureau, mais les utilisateurs mobiles peuvent toujours acc\u00e9der \u00e0 l'ensemble des fonctionnalit\u00e9s de chat vid\u00e9o et textuel.<\/p>\n<p>7. Aucun t\u00e9l\u00e9chargement requis<br \/>\nTout fonctionne dans le navigateur. Vous n'avez pas besoin d'installer de logiciel ou d'extension. Si vous disposez d'une webcam, d'un micro et d'un navigateur, vous pouvez commencer.<\/p>\n<h2>Meetgle est-il gratuit ?<\/h2>\n<p>Oui, l'utilisation de Meetgle est enti\u00e8rement gratuite. Il y a :<\/p>\n<ul>\n<li>Pas de compte premium<\/li>\n<li>Pas de jetons ni de cr\u00e9dits<\/li>\n<li>Pas de murs payants ni de co\u00fbts cach\u00e9s<\/li>\n<\/ul>\n<p>Tous les utilisateurs b\u00e9n\u00e9ficient du m\u00eame acc\u00e8s aux fonctions de chat vid\u00e9o et textuel sans d\u00e9bourser un centime. Meetgle peut afficher des publicit\u00e9s pour couvrir les co\u00fbts op\u00e9rationnels, mais au moment de la r\u00e9daction de cet article, la plateforme reste gratuite et relativement peu encombr\u00e9e.<\/p>\n<h2>Qui utilise Meetgle ?<\/h2>\n<p>La base d'utilisateurs de Meetgle est mondiale et diversifi\u00e9e, mais elle tend \u00e0 suivre les tendances observ\u00e9es dans l'espace de discussion al\u00e9atoire :<\/p>\n<ul>\n<li>\u00c2ge : Principalement 18-35 ans<\/li>\n<li>Sexe : La plupart des utilisateurs sont des hommes, les femmes recevant g\u00e9n\u00e9ralement plus de demandes de chat.<\/li>\n<li>Sites : Forte activit\u00e9 aux \u00c9tats-Unis, en Inde, en Allemagne, au Br\u00e9sil et au Royaume-Uni<\/li>\n<li>Intention : Un m\u00e9lange de conversation d\u00e9contract\u00e9e, de flirt et de curiosit\u00e9 sociale.<\/li>\n<\/ul>\n<p>La plateforme s'adresse aux personnes qui :<\/p>\n<ul>\n<li>Mlle Omegle ou Chatroulette<\/li>\n<li>Profitez d'un chat vid\u00e9o spontan\u00e9 et sans filtre<\/li>\n<li>Ne veulent pas s'inscrire ou cr\u00e9er des profils<\/li>\n<li>Vous aimez le plaisir des interactions sociales impr\u00e9visibles.<\/li>\n<\/ul>\n<p>Comme il n'y a pas de connexion, il est impossible de cr\u00e9er un groupe, d'ajouter des amis ou de revenir \u00e0 des matchs pr\u00e9c\u00e9dents. Chaque session est temporaire, ce qui renforce l'attrait du site pour les utilisateurs en qu\u00eate d'\u00e9vasion temporaire ou d'interaction l\u00e9g\u00e8re.<\/p>\n<h2>S\u00e9curit\u00e9, vie priv\u00e9e et mod\u00e9ration<\/h2>\n<p>Comme pour toute plateforme de chat vid\u00e9o anonyme, la s\u00e9curit\u00e9 est une pr\u00e9occupation, et Meetgle fait un effort, m\u00eame s'il n'est pas parfait.<\/p>\n<h3>Vie priv\u00e9e<\/h3>\n<ul>\n<li>Aucune inscription n'est requise<\/li>\n<li>Aucune information personnelle n'est collect\u00e9e<\/li>\n<li>Les chats ne sont pas sauvegard\u00e9s ou enregistr\u00e9s<\/li>\n<li>Vous pouvez quitter une session \u00e0 tout moment<\/li>\n<\/ul>\n<h3>La mod\u00e9ration<\/h3>\n<ul>\n<li>Bouton de signalement disponible pour signaler un contenu inappropri\u00e9<\/li>\n<li>La d\u00e9tection de la nudit\u00e9 bas\u00e9e sur l'IA permet de limiter les contenus pour adultes<\/li>\n<li>Des interdictions al\u00e9atoires ou des interdictions fant\u00f4mes peuvent \u00eatre prononc\u00e9es en cas de violation des r\u00e8gles.<\/li>\n<\/ul>\n<p>Cela dit, la mod\u00e9ration est essentiellement r\u00e9active. Bien que la plateforme ait recours \u00e0 des analyses automatis\u00e9es et \u00e0 des v\u00e9rifications manuelles, les utilisateurs peuvent toujours \u00eatre confront\u00e9s \u00e0 la nudit\u00e9, au harc\u00e8lement ou au trolling, en particulier pendant les heures creuses.<\/p>\n<p>Il est vivement conseill\u00e9 aux utilisateurs de<\/p>\n<ul>\n<li>\u00c9viter de communiquer des informations personnelles<\/li>\n<li>Utilisez g\u00e9n\u00e9reusement les fonctions \"Rapport\" et \"Suivant\".<\/li>\n<li>Chat dans des environnements publics ou surveill\u00e9s<\/li>\n<li>Soyez prudent lorsque vous discutez via des donn\u00e9es mobiles ou un r\u00e9seau Wi-Fi public.<\/li>\n<\/ul>\n<h2>Exp\u00e9rience utilisateur et interface<\/h2>\n<p>Meetgle offre une conception tr\u00e8s simple et intuitive. Il n'y a pas de courbe d'apprentissage. Lorsque vous arrivez sur la page d'accueil, vous \u00eates accueilli par un gros bouton \"D\u00e9marrer\" et, en quelques secondes, vous \u00eates en train de discuter.<\/p>\n<p>Aspects cl\u00e9s de la conception :<\/p>\n<ul>\n<li>Grandes fen\u00eatres vid\u00e9o<\/li>\n<li>Bo\u00eete de dialogue simple pour la saisie<\/li>\n<li>Boutons de d\u00e9marrage, suivant, sourdine et rapport<\/li>\n<li>Aucune publicit\u00e9 n'interrompt l'\u00e9cran principal (pour l'instant)<\/li>\n<\/ul>\n<p>Les temps de chargement sont rapides, les transitions sont fluides et la qualit\u00e9 vid\u00e9o est d\u00e9cente, \u00e0 condition que votre connexion soit stable.<\/p>\n<p>Bien que la plateforme ne dispose pas d'une interface utilisateur ou d'une image de marque moderne, son style d\u00e9pouill\u00e9 joue en fait en sa faveur. Elle s'efface et permet aux utilisateurs de se concentrer sur la conversation.<\/p>\n<h2>Meetgle contre d'autres sites de chat vid\u00e9o<\/h2>\n<p>Voyons comment Meetgle se compare \u00e0 d'autres solutions populaires :<\/p>\n<table>\n<thead>\n<tr>\n<th>Fonctionnalit\u00e9<\/th>\n<th>Meetgle<\/th>\n<th>Omegle (ferm\u00e9)<\/th>\n<th>Chatroulette<\/th>\n<th>Chatrandom<\/th>\n<th>Emerald Chat<\/th>\n<\/tr>\n<\/thead>\n<tbody>\n<tr>\n<td>Random Video Chat avec des Inconnus<\/td>\n<td>Oui<\/td>\n<td>Oui<\/td>\n<td>Oui<\/td>\n<td>Oui<\/td>\n<td>Oui<\/td>\n<\/tr>\n<tr>\n<td>Option de chat textuel<\/td>\n<td>Oui<\/td>\n<td>Oui<\/td>\n<td>Non<\/td>\n<td>Oui<\/td>\n<td>Oui<\/td>\n<\/tr>\n<tr>\n<td>Inscription obligatoire<\/td>\n<td>Non<\/td>\n<td>Non<\/td>\n<td>Non<\/td>\n<td>En option<\/td>\n<td>Oui<\/td>\n<\/tr>\n<tr>\n<td>Filtre de genre<\/td>\n<td>Non<\/td>\n<td>Non (pay\u00e9 ult\u00e9rieurement)<\/td>\n<td>Non<\/td>\n<td>Pay\u00e9<\/td>\n<td>Oui<\/td>\n<\/tr>\n<tr>\n<td>Optimisation mobile<\/td>\n<td>Mod\u00e9r\u00e9<\/td>\n<td>Pauvre<\/td>\n<td>Pauvre<\/td>\n<td>Excellent<\/td>\n<td>Bon<\/td>\n<\/tr>\n<tr>\n<td>Outils de mod\u00e9ration<\/td>\n<td>De base<\/td>\n<td>Minime<\/td>\n<td>Faible<\/td>\n<td>Mod\u00e9r\u00e9<\/td>\n<td>Fort<\/td>\n<\/tr>\n<tr>\n<td>Utilisation gratuite<\/td>\n<td>Oui<\/td>\n<td>Oui<\/td>\n<td>Oui<\/td>\n<td>Oui\/Pay\u00e9<\/td>\n<td>Oui<\/td>\n<\/tr>\n<\/tbody>\n<\/table>\n<p>R\u00e9sum\u00e9 : Meetgle offre l'exp\u00e9rience actuelle la plus proche de l'original Omegle - un chat vid\u00e9o rapide, gratuit et anonyme - mais avec une prise en charge mobile l\u00e9g\u00e8rement meilleure et une mod\u00e9ration plus l\u00e9g\u00e8re.<\/p>\n<h2>Avantages et inconv\u00e9nients<\/h2>\n<p>Pour :<\/p>\n<ul>\n<li>100% gratuit et anonyme<\/li>\n<li>Aucun enregistrement ou t\u00e9l\u00e9chargement n'est n\u00e9cessaire<\/li>\n<li>Facile \u00e0 utiliser, rapide \u00e0 charger<\/li>\n<li>Modes texte et vid\u00e9o disponibles<\/li>\n<li>Fonctionne sur ordinateur et sur mobile<\/li>\n<li>L'alternative la plus proche de l'exp\u00e9rience classique de Omegle<\/li>\n<\/ul>\n<p>Cons :<\/p>\n<ul>\n<li>Mod\u00e9ration minimale - encore quelques contenus inappropri\u00e9s<\/li>\n<li>Aucun filtre de genre ou d'int\u00e9r\u00eat<\/li>\n<li>Pas de possibilit\u00e9 de se reconnecter avec les utilisateurs pr\u00e9c\u00e9dents<\/li>\n<li>Interface basique sans comptes d'utilisateurs ni fonctions sociales<\/li>\n<li>Bots occasionnels ou comportement spammy<\/li>\n<\/ul>\n<h2>Cas d'utilisation id\u00e9aux<\/h2>\n<p>Meetgle est id\u00e9al pour :<\/p>\n<ul>\n<li>Les utilisateurs qui regrettent le Omegle et souhaitent un remplacement similaire<\/li>\n<li>Personnes cherchant \u00e0 discuter au hasard avec des inconnus sans se connecter<\/li>\n<li>Conversation d\u00e9contract\u00e9e et anonyme et divertissement social<\/li>\n<li>Interactions rapides et sans pression par webcam ou texte<\/li>\n<\/ul>\n<p>Il n'est pas id\u00e9al pour :<\/p>\n<p>Les utilisateurs qui souhaitent des options de filtrage ou des connexions \u00e0 long terme<\/p>\n<p>Les personnes \u00e0 la recherche de rencontres ou d'exp\u00e9riences de jumelage<\/p>\n<p>Personnes mal \u00e0 l'aise face \u00e0 un contenu potentiellement non mod\u00e9r\u00e9<\/p>\n<p>Utilisateurs \u00e0 la recherche d'applications mobiles ou de fonctionnalit\u00e9s haut de gamme<\/p>\n<h2>Verdict final<\/h2>\n<p>Meetgle est l'une des plateformes de type Omegle les plus simples et les plus efficaces encore en activit\u00e9. Elle n'essaie pas d'\u00eatre une application de rencontre, une plateforme de streaming ou un r\u00e9seau social - il s'agit simplement d'un chat vid\u00e9o rapide et anonyme. Cette simplicit\u00e9 est sa force.<\/p>\n<p>Bien que l'absence de mod\u00e9ration et de filtrage puisse \u00eatre un inconv\u00e9nient, la plateforme reste l'une des choses les plus proches de l'exp\u00e9rience originale de Omegle. Pour les utilisateurs qui privil\u00e9gient la rapidit\u00e9, l'anonymat et la spontan\u00e9it\u00e9, Meetgle m\u00e9rite absolument d'\u00eatre d\u00e9couvert.<\/p>\n<p>Si vous cherchez une alternative au hasard chaotique de Chatroulette ou \u00e0 la mon\u00e9tisation \u00e0 outrance de Chatspin, Meetgle est un bon compromis : l\u00e9ger, gratuit et \u00e9tonnamment amusant.<\/p>","protected":false},"excerpt":{"rendered":"<p>With Omegle now shut down and Chatroulette a shadow of its former self, a growing number of platforms have emerged to fill the gap in the random video chat space. One of those is Meetgle \u2014 a free, browser-based cam-to-cam chat site designed to connect you instantly with strangers from around the world. Touted as [&hellip;]<\/p>\n","protected":false},"author":6,"featured_media":0,"parent":0,"menu_order":0,"comment_status":"closed","ping_status":"closed","template":"","meta":{"footnotes":""},"class_list":["post-12842","page","type-page","status-publish","hentry"],"yoast_head":"<!-- This site is optimized with the Yoast SEO plugin v27.4 - https:\/\/yoast.com\/product\/yoast-seo-wordpress\/ -->\n<title>Meetgle - Alternative Random Video Chat on StrangerCam.com<\/title>\n<meta name=\"description\" content=\"Like Meetgle? Come chat with more than 5.000.000 strangers on Stranger Cam for Free! Turn on your cam and find new friends &amp; maby a match!\" \/>\n<meta name=\"robots\" content=\"index, follow, max-snippet:-1, max-image-preview:large, max-video-preview:-1\" \/>\n<link rel=\"canonical\" href=\"https:\/\/strangercam.com\/fr\/rencontre\/\" \/>\n<meta property=\"og:locale\" content=\"fr_FR\" \/>\n<meta property=\"og:type\" content=\"article\" \/>\n<meta property=\"og:title\" content=\"Meetgle - Alternative Random Video Chat on StrangerCam.com\" \/>\n<meta property=\"og:description\" content=\"Like Meetgle? Come chat with more than 5.000.000 strangers on Stranger Cam for Free! Turn on your cam and find new friends &amp; maby a match!\" \/>\n<meta property=\"og:url\" content=\"https:\/\/strangercam.com\/fr\/rencontre\/\" \/>\n<meta property=\"og:site_name\" content=\"Strangercam\" \/>\n<meta property=\"article:publisher\" content=\"https:\/\/www.facebook.com\/strangercam\" \/>\n<meta property=\"article:modified_time\" content=\"2025-05-14T07:42:02+00:00\" \/>\n<meta property=\"og:image\" content=\"https:\/\/strangercam.com\/wp-content\/uploads\/2021\/10\/Untitled-2.png\" \/>\n\t<meta property=\"og:image:width\" content=\"800\" \/>\n\t<meta property=\"og:image:height\" content=\"532\" \/>\n\t<meta property=\"og:image:type\" content=\"image\/png\" \/>\n<meta name=\"twitter:card\" content=\"summary_large_image\" \/>\n<meta name=\"twitter:site\" content=\"@strangercamapp\" \/>\n<meta name=\"twitter:label1\" content=\"Dur\u00e9e de lecture estim\u00e9e\" \/>\n\t<meta name=\"twitter:data1\" content=\"6 minutes\" \/>\n<script type=\"application\/ld+json\" class=\"yoast-schema-graph\">{\"@context\":\"https:\\\/\\\/schema.org\",\"@graph\":[{\"@type\":\"WebPage\",\"@id\":\"https:\\\/\\\/strangercam.com\\\/meetgle\\\/\",\"url\":\"https:\\\/\\\/strangercam.com\\\/meetgle\\\/\",\"name\":\"Meetgle - Alternative Random Video Chat on StrangerCam.com\",\"isPartOf\":{\"@id\":\"https:\\\/\\\/strangercam.com\\\/#website\"},\"datePublished\":\"2025-05-14T07:40:39+00:00\",\"dateModified\":\"2025-05-14T07:42:02+00:00\",\"description\":\"Like Meetgle? Come chat with more than 5.000.000 strangers on Stranger Cam for Free! Turn on your cam and find new friends & maby a match!\",\"breadcrumb\":{\"@id\":\"https:\\\/\\\/strangercam.com\\\/meetgle\\\/#breadcrumb\"},\"inLanguage\":\"fr-FR\",\"potentialAction\":[{\"@type\":\"ReadAction\",\"target\":[\"https:\\\/\\\/strangercam.com\\\/meetgle\\\/\"]}]},{\"@type\":\"BreadcrumbList\",\"@id\":\"https:\\\/\\\/strangercam.com\\\/meetgle\\\/#breadcrumb\",\"itemListElement\":[{\"@type\":\"ListItem\",\"position\":1,\"name\":\"Home\",\"item\":\"https:\\\/\\\/strangercam.com\\\/\"},{\"@type\":\"ListItem\",\"position\":2,\"name\":\"Meetgle\"}]},{\"@type\":\"WebSite\",\"@id\":\"https:\\\/\\\/strangercam.com\\\/#website\",\"url\":\"https:\\\/\\\/strangercam.com\\\/\",\"name\":\"Strangercam\",\"description\":\"Random Video Chat with Strangers\",\"publisher\":{\"@id\":\"https:\\\/\\\/strangercam.com\\\/#organization\"},\"alternateName\":\"Strangercam.com\",\"potentialAction\":[{\"@type\":\"SearchAction\",\"target\":{\"@type\":\"EntryPoint\",\"urlTemplate\":\"https:\\\/\\\/strangercam.com\\\/?s={search_term_string}\"},\"query-input\":{\"@type\":\"PropertyValueSpecification\",\"valueRequired\":true,\"valueName\":\"search_term_string\"}}],\"inLanguage\":\"fr-FR\"},{\"@type\":\"Organization\",\"@id\":\"https:\\\/\\\/strangercam.com\\\/#organization\",\"name\":\"Strangercam\",\"alternateName\":\"Strangercam.com\",\"url\":\"https:\\\/\\\/strangercam.com\\\/\",\"logo\":{\"@type\":\"ImageObject\",\"inLanguage\":\"fr-FR\",\"@id\":\"https:\\\/\\\/strangercam.com\\\/#\\\/schema\\\/logo\\\/image\\\/\",\"url\":\"https:\\\/\\\/strangercam.com\\\/wp-content\\\/uploads\\\/2020\\\/11\\\/cropped-new-favicon-black.png\",\"contentUrl\":\"https:\\\/\\\/strangercam.com\\\/wp-content\\\/uploads\\\/2020\\\/11\\\/cropped-new-favicon-black.png\",\"width\":512,\"height\":512,\"caption\":\"Strangercam\"},\"image\":{\"@id\":\"https:\\\/\\\/strangercam.com\\\/#\\\/schema\\\/logo\\\/image\\\/\"},\"sameAs\":[\"https:\\\/\\\/www.facebook.com\\\/strangercam\",\"https:\\\/\\\/x.com\\\/strangercamapp\"]}]}<\/script>\n<!-- \/ Yoast SEO plugin. -->","yoast_head_json":{"title":"Meetgle - Alternative Random Video Chat sur StrangerCam.com","description":"Vous aimez Meetgle ? Venez discuter avec plus de 5.000.000 d'inconnus sur Stranger Cam gratuitement ! Allumez votre cam\u00e9ra et trouvez de nouveaux amis et peut-\u00eatre un partenaire !","robots":{"index":"index","follow":"follow","max-snippet":"max-snippet:-1","max-image-preview":"max-image-preview:large","max-video-preview":"max-video-preview:-1"},"canonical":"https:\/\/strangercam.com\/fr\/rencontre\/","og_locale":"fr_FR","og_type":"article","og_title":"Meetgle - Alternative Random Video Chat on StrangerCam.com","og_description":"Like Meetgle? Come chat with more than 5.000.000 strangers on Stranger Cam for Free! Turn on your cam and find new friends & maby a match!","og_url":"https:\/\/strangercam.com\/fr\/rencontre\/","og_site_name":"Strangercam","article_publisher":"https:\/\/www.facebook.com\/strangercam","article_modified_time":"2025-05-14T07:42:02+00:00","og_image":[{"width":800,"height":532,"url":"https:\/\/strangercam.com\/wp-content\/uploads\/2021\/10\/Untitled-2.png","type":"image\/png"}],"twitter_card":"summary_large_image","twitter_site":"@strangercamapp","twitter_misc":{"Dur\u00e9e de lecture estim\u00e9e":"6 minutes"},"schema":{"@context":"https:\/\/schema.org","@graph":[{"@type":"WebPage","@id":"https:\/\/strangercam.com\/meetgle\/","url":"https:\/\/strangercam.com\/meetgle\/","name":"Meetgle - Alternative Random Video Chat sur StrangerCam.com","isPartOf":{"@id":"https:\/\/strangercam.com\/#website"},"datePublished":"2025-05-14T07:40:39+00:00","dateModified":"2025-05-14T07:42:02+00:00","description":"Vous aimez Meetgle ? Venez discuter avec plus de 5.000.000 d'inconnus sur Stranger Cam gratuitement ! Allumez votre cam\u00e9ra et trouvez de nouveaux amis et peut-\u00eatre un partenaire !","breadcrumb":{"@id":"https:\/\/strangercam.com\/meetgle\/#breadcrumb"},"inLanguage":"fr-FR","potentialAction":[{"@type":"ReadAction","target":["https:\/\/strangercam.com\/meetgle\/"]}]},{"@type":"BreadcrumbList","@id":"https:\/\/strangercam.com\/meetgle\/#breadcrumb","itemListElement":[{"@type":"ListItem","position":1,"name":"Home","item":"https:\/\/strangercam.com\/"},{"@type":"ListItem","position":2,"name":"Meetgle"}]},{"@type":"WebSite","@id":"https:\/\/strangercam.com\/#website","url":"https:\/\/strangercam.com\/","name":"Strangercam","description":"Chat vid\u00e9o al\u00e9atoire avec des inconnus","publisher":{"@id":"https:\/\/strangercam.com\/#organization"},"alternateName":"Strangercam.com","potentialAction":[{"@type":"SearchAction","target":{"@type":"EntryPoint","urlTemplate":"https:\/\/strangercam.com\/?s={search_term_string}"},"query-input":{"@type":"PropertyValueSpecification","valueRequired":true,"valueName":"search_term_string"}}],"inLanguage":"fr-FR"},{"@type":"Organization","@id":"https:\/\/strangercam.com\/#organization","name":"Strangercam","alternateName":"Strangercam.com","url":"https:\/\/strangercam.com\/","logo":{"@type":"ImageObject","inLanguage":"fr-FR","@id":"https:\/\/strangercam.com\/#\/schema\/logo\/image\/","url":"https:\/\/strangercam.com\/wp-content\/uploads\/2020\/11\/cropped-new-favicon-black.png","contentUrl":"https:\/\/strangercam.com\/wp-content\/uploads\/2020\/11\/cropped-new-favicon-black.png","width":512,"height":512,"caption":"Strangercam"},"image":{"@id":"https:\/\/strangercam.com\/#\/schema\/logo\/image\/"},"sameAs":["https:\/\/www.facebook.com\/strangercam","https:\/\/x.com\/strangercamapp"]}]}},"_links":{"self":[{"href":"https:\/\/strangercam.com\/fr\/wp-json\/wp\/v2\/pages\/12842","targetHints":{"allow":["GET"]}}],"collection":[{"href":"https:\/\/strangercam.com\/fr\/wp-json\/wp\/v2\/pages"}],"about":[{"href":"https:\/\/strangercam.com\/fr\/wp-json\/wp\/v2\/types\/page"}],"author":[{"embeddable":true,"href":"https:\/\/strangercam.com\/fr\/wp-json\/wp\/v2\/users\/6"}],"replies":[{"embeddable":true,"href":"https:\/\/strangercam.com\/fr\/wp-json\/wp\/v2\/comments?post=12842"}],"version-history":[{"count":2,"href":"https:\/\/strangercam.com\/fr\/wp-json\/wp\/v2\/pages\/12842\/revisions"}],"predecessor-version":[{"id":12844,"href":"https:\/\/strangercam.com\/fr\/wp-json\/wp\/v2\/pages\/12842\/revisions\/12844"}],"wp:attachment":[{"href":"https:\/\/strangercam.com\/fr\/wp-json\/wp\/v2\/media?parent=12842"}],"curies":[{"name":"wp","href":"https:\/\/api.w.org\/{rel}","templated":true}]}}