{"id":12836,"date":"2025-05-14T09:31:13","date_gmt":"2025-05-14T07:31:13","guid":{"rendered":"https:\/\/strangercam.com\/?page_id=12836"},"modified":"2025-05-14T09:31:13","modified_gmt":"2025-05-14T07:31:13","slug":"omgchat","status":"publish","type":"page","link":"https:\/\/strangercam.com\/fr\/omgchat\/","title":{"rendered":"OMGchat"},"content":{"rendered":"<p>Dans une mer de plateformes de chat vid\u00e9o en constante \u00e9volution, certains noms ont r\u00e9ussi \u00e0 s'imposer gr\u00e2ce \u00e0 leur simplicit\u00e9, leur base d'utilisateurs de longue date et leur approche directe. OMGChat est l'une de ces plateformes. Bien qu'elle n'ait pas le m\u00eame succ\u00e8s que des applications plus r\u00e9centes telles que Chatspin ou Bigo Live, elle a tranquillement maintenu une communaut\u00e9 fid\u00e8le et continue de fournir un moyen facile de discuter en ligne. <a href=\"https:\/\/strangercam.com\/fr\/coomeet\/\">rencontrer<\/a> par webcam.<\/p>\n<p>Mais en 2025, avec tant d'alternatives modernes, OMGChat est-il encore pertinent ? Qu'offre-t-il exactement - et surtout, vaut-il la peine que vous y consacriez du temps ?<\/p>\n<p>Dans cet examen complet, nous explorerons les fonctionnalit\u00e9s, l'exp\u00e9rience utilisateur, l'audience, les avantages et les inconv\u00e9nients, et comment OMGChat se compare aux meilleures plateformes de chat vid\u00e9o actuelles.<\/p>\n<h2>Qu'est-ce que OMGChat ?<\/h2>\n<p>OMGChat est un site de chat vid\u00e9o gratuit bas\u00e9 sur une webcam qui permet aux utilisateurs de rejoindre des salles de chat publiques ou de s'engager dans des conversations priv\u00e9es en t\u00eate-\u00e0-t\u00eate. Contrairement aux plateformes de chat vid\u00e9o purement al\u00e9atoires telles que <a href=\"https:\/\/strangercam.com\/fr\/omegle\/\">Omegle<\/a> ou <a href=\"https:\/\/strangercam.com\/fr\/chatroulette\/\">Chatroulette<\/a>, OMGChat utilise un syst\u00e8me bas\u00e9 sur les salles, similaire \u00e0 celui du d\u00e9but des ann\u00e9es 2000. <a href=\"https:\/\/strangercam.com\/fr\/bazoocam\/\">came<\/a> o\u00f9 les utilisateurs peuvent parcourir les cat\u00e9gories, entrer dans les salles en fonction de leurs int\u00e9r\u00eats ou de leur sexe, et visionner plusieurs cam\u00e9ras \u00e0 la fois.<\/p>\n<p>Lanc\u00e9 au d\u00e9but des ann\u00e9es 2010, OMGChat a \u00e9t\u00e9 con\u00e7u pour les utilisateurs \u00e0 la recherche de plus de contr\u00f4le que ce qu'offre la recherche al\u00e9atoire. Bien qu'il n'ait pas beaucoup chang\u00e9 en termes de design ou de fonctionnalit\u00e9, il reste populaire parmi les utilisateurs qui appr\u00e9cient les \u00e9changes plus traditionnels. <a href=\"https:\/\/strangercam.com\/fr\/cam-to-cam-chat\/\">chat cam<\/a> environnements.<\/p>\n<h2>Quel est l'objectif de l'OMGChat ?<\/h2>\n<p>OMGChat vise \u00e0 cr\u00e9er une exp\u00e9rience de chat ax\u00e9e sur les webcams et orient\u00e9e vers la communaut\u00e9, o\u00f9 les utilisateurs peuvent parcourir plusieurs webcams en direct, entrer dans des salles de chat th\u00e9matiques et lancer des appels vid\u00e9o priv\u00e9s avec les utilisateurs de leur choix. Il s'agit moins de hasard que de socialisation dans des espaces virtuels.<\/p>\n<p>La plateforme est destin\u00e9e \u00e0 :<\/p>\n<ul>\n<li>Les personnes qui appr\u00e9cient les salons de discussion par webcam \u00e0 l'ancienne<\/li>\n<li>Les utilisateurs qui souhaitent naviguer et choisir leurs interlocuteurs<\/li>\n<li>Les adeptes du chat vid\u00e9o communautaire avec contr\u00f4le de l'utilisateur<\/li>\n<li>Les personnes qui cherchent \u00e0 nouer des amiti\u00e9s occasionnelles en ligne ou \u00e0 flirter dans un format moins chaotique que celui de l'appariement al\u00e9atoire.<\/li>\n<\/ul>\n<p>OMGChat se situe entre les communaut\u00e9s de cams classiques et les outils de chat vid\u00e9o modernes. Il n'encourage pas les rencontres, ne joue pas avec l'exp\u00e9rience et ne met pas l'accent sur les algorithmes. Au lieu de cela, il propose un style de rencontre plus organique, bas\u00e9 sur l'espace.<\/p>\n<h2>Caract\u00e9ristiques principales<\/h2>\n<p>1. Salles de chat par webcam<br \/>\nLes utilisateurs peuvent acc\u00e9der \u00e0 divers salons de discussion, dont beaucoup sont organis\u00e9s par sexe (par exemple, \"Gar\u00e7ons seulement\", \"Filles seulement\", \"Couples\"), par lieu ou par centre d'int\u00e9r\u00eat. Dans chaque salle, les utilisateurs apparaissent devant une cam\u00e9ra et chacun peut voir les flux vid\u00e9o des autres, un peu comme dans un salon virtuel \u00e0 l'ancienne.<\/p>\n<p>2. Chat priv\u00e9 de cam\u00e9ra \u00e0 cam\u00e9ra<br \/>\nAu-del\u00e0 des salles publiques, les utilisateurs peuvent lancer des appels vid\u00e9o priv\u00e9s avec d'autres personnes. Cela permet une interaction individuelle sans \u00eatre distrait par le flux public.<\/p>\n<p>3. Visualisation multi-cam\u00e9ras<br \/>\nL'une des caract\u00e9ristiques les plus remarquables d'OMGChat est la possibilit\u00e9 de visionner plusieurs cam\u00e9ras en m\u00eame temps sous forme de grille. Vous pouvez voir jusqu'\u00e0 une douzaine de personnes \u00e0 la fois dans une pi\u00e8ce, puis choisir celles avec lesquelles vous souhaitez interagir plus directement.<\/p>\n<p>4. Int\u00e9gration du chat textuel<br \/>\nChaque salle dispose d'une bo\u00eete de dialogue textuelle int\u00e9gr\u00e9e au flux vid\u00e9o. Cela permet aux utilisateurs de communiquer avec toutes les personnes pr\u00e9sentes dans la salle, d'envoyer des messages priv\u00e9s ou simplement de rester engag\u00e9s sans \u00eatre eux-m\u00eames sur la cam\u00e9ra.<\/p>\n<p>5. Audio &amp; Mic Chat<br \/>\nLes utilisateurs peuvent \u00e9galement choisir d'activer le chat vocal sans utiliser la webcam, ce qui rend la plateforme plus accessible \u00e0 ceux qui pr\u00e9f\u00e8rent ne pas \u00eatre film\u00e9s en permanence.<\/p>\n<p>6. Outils de mod\u00e9ration des utilisateurs<br \/>\nLes utilisateurs peuvent bloquer, mettre en sourdine ou signaler d'autres personnes dont le comportement est inappropri\u00e9. Chaque salle dispose \u00e9galement de mod\u00e9rateurs qui peuvent supprimer les utilisateurs perturbateurs, ce qui garantit un environnement relativement propre.<\/p>\n<p>7. Conception ax\u00e9e sur le bureau<br \/>\nOMGChat est principalement optimis\u00e9 pour une utilisation sur ordinateur. Il n'y a pas d'application mobile officielle, et bien que le site se charge sur les navigateurs mobiles, l'exp\u00e9rience multi-cam\u00e9ras ne se traduit pas bien sur les petits \u00e9crans.<\/p>\n<h2>OMGChat est-il gratuit ?<\/h2>\n<p>Oui, l'utilisation d'OMGChat est enti\u00e8rement gratuite, et aucun enregistrement n'est requis pour les salles publiques. Les utilisateurs peuvent :<\/p>\n<ul>\n<li>Entrer dans les salons de discussion<\/li>\n<li>Regarder plusieurs cam\u00e9ras en direct<\/li>\n<li>Chat par texte ou micro<\/li>\n<li>Envoyer des messages priv\u00e9s<\/li>\n<\/ul>\n<p>Cependant, la plateforme dispose d'un syst\u00e8me VIP, qui offre des avantages de premier ordre, tels que<\/p>\n<ul>\n<li>Mise en \u00e9vidence du profil<\/li>\n<li>Placement prioritaire dans les chambres<\/li>\n<li>Outils de mod\u00e9ration avanc\u00e9s<\/li>\n<li>Acc\u00e8s \u00e0 des fonctions suppl\u00e9mentaires ou \u00e0 des salles priv\u00e9es<\/li>\n<\/ul>\n<p>L'adh\u00e9sion VIP est enti\u00e8rement facultative et s'adresse principalement aux utilisateurs exp\u00e9riment\u00e9s ou aux visiteurs fr\u00e9quents.<\/p>\n<h2>Qui utilise OMGChat ?<\/h2>\n<p>OMGChat a une base d'utilisateurs de longue date, et les donn\u00e9es d\u00e9mographiques le refl\u00e8tent. Vous y trouverez<\/p>\n<ul>\n<li>Adultes \u00e2g\u00e9s de 25 \u00e0 45 ans, avec de nombreux utilisateurs qui reviennent au fil des ans<\/li>\n<li>Un public essentiellement masculin, bien qu'il y ait toujours des femmes actives et des couples dans les salles r\u00e9serv\u00e9es aux hommes.<\/li>\n<li>Utilisateurs d'Am\u00e9rique du Nord, du Royaume-Uni, d'Australie et de certaines r\u00e9gions d'Europe<\/li>\n<\/ul>\n<p>Contrairement aux plateformes plus r\u00e9centes, OMGChat compte moins d'adolescents ou d'utilisateurs de la g\u00e9n\u00e9ration Z, probablement en raison de son design vieillot et de son manque d'optimisation mobile. Il attire les utilisateurs qui sont d\u00e9j\u00e0 familiaris\u00e9s avec les plateformes de chat bas\u00e9es sur la cam\u00e9ra et qui recherchent une exp\u00e9rience qui n'implique pas le swiping ou le streaming.<\/p>\n<p>L'environnement tend vers le flirt et l'interaction sociale d\u00e9contract\u00e9e, mais il n'est pas aussi ax\u00e9 sur les adultes que les sites de webcams explicites. Le ton est \u00e0 mi-chemin entre la rencontre amicale et le chat PG-13.<\/p>\n<h2>S\u00e9curit\u00e9, vie priv\u00e9e et mod\u00e9ration<\/h2>\n<p>OMGChat g\u00e8re la mod\u00e9ration via :<\/p>\n<ul>\n<li>Les mod\u00e9rateurs de salle qui peuvent exclure ou bannir des utilisateurs<\/li>\n<li>Outils de signalement et de blocage des utilisateurs<\/li>\n<li>Un accord sur les conditions de service qui interdit la nudit\u00e9, le harc\u00e8lement ou le contenu ill\u00e9gal dans les salles g\u00e9n\u00e9rales.<\/li>\n<\/ul>\n<p>Cependant, la mod\u00e9ration d\u00e9pend quelque peu de la communaut\u00e9 de la salle. \u00c9tant donn\u00e9 qu'il n'y a pas d'enregistrement du nom r\u00e9el, l'anonymat peut conduire \u00e0 des comportements inappropri\u00e9s occasionnels, en particulier dans les salons les plus actifs.<\/p>\n<p>Il n'existe pas d'outils d'intelligence artificielle sophistiqu\u00e9s ni de syst\u00e8mes de s\u00e9curit\u00e9 avanc\u00e9s comme ceux que l'on trouve sur Emerald Chat ou Yubo. Cela dit, la pr\u00e9sence de mod\u00e9rateurs visibles dans les salles permet de maintenir un certain niveau d'ordre.<\/p>\n<p>Les utilisateurs doivent :<\/p>\n<ul>\n<li>\u00c9viter de partager des informations personnelles<\/li>\n<li>S'en tenir aux salles avec des mod\u00e9rateurs actifs<\/li>\n<li>Signaler tout contenu inappropri\u00e9<\/li>\n<\/ul>\n<h2>Exp\u00e9rience et conception des utilisateurs<\/h2>\n<p>C'est sur ce point qu'OMGChat peut diviser l'opinion. La plateforme n'a pas connu de refonte importante depuis de nombreuses ann\u00e9es. La pr\u00e9sentation est :<\/p>\n<ul>\n<li>Fonctionnel mais dat\u00e9<\/li>\n<li>Convient le mieux \u00e0 une utilisation de bureau avec une souris et un clavier<\/li>\n<li>L'accent est mis sur les mises en page de type Flash et les interfaces de type \"pop-up\".<\/li>\n<\/ul>\n<p>Cependant, de nombreux utilisateurs appr\u00e9cient le charme et la stabilit\u00e9 de la vieille \u00e9cole. Les salles multi-cam\u00e9ras de style grille se chargent rapidement, et une fois que vous vous \u00eates habitu\u00e9 \u00e0 la navigation, l'exp\u00e9rience est fluide.<\/p>\n<p>Sur les appareils mobiles, l'exp\u00e9rience est limit\u00e9e. La plateforme n'a jamais \u00e9t\u00e9 con\u00e7ue pour les utilisateurs mobiles, et cela se voit. Par cons\u00e9quent, OMGChat se pr\u00eate mieux \u00e0 une utilisation en plein \u00e9cran, avec une webcam et un micro.<\/p>\n<h2>OMGChat vs. autres plateformes<\/h2>\n<p>Comment OMGChat se compare-t-il \u00e0 ses concurrents ? Jetons un coup d'\u0153il :<\/p>\n<table>\n<thead>\n<tr>\n<th>Fonctionnalit\u00e9<\/th>\n<th>OMGChat<\/th>\n<th>Omegle<\/th>\n<th>Chatroulette<\/th>\n<th>Emerald Chat<\/th>\n<th>Camfrog<\/th>\n<\/tr>\n<\/thead>\n<tbody>\n<tr>\n<td>Chat en salle<\/td>\n<td>Oui<\/td>\n<td>Non<\/td>\n<td>Non<\/td>\n<td>Non<\/td>\n<td>Oui<\/td>\n<\/tr>\n<tr>\n<td>Vue quadrill\u00e9e multi-cam\u00e9ras<\/td>\n<td>Oui<\/td>\n<td>Non<\/td>\n<td>Non<\/td>\n<td>Non<\/td>\n<td>Oui<\/td>\n<\/tr>\n<tr>\n<td>Chat vid\u00e9o priv\u00e9<\/td>\n<td>Oui<\/td>\n<td>Oui<\/td>\n<td>Oui<\/td>\n<td>Oui<\/td>\n<td>Oui<\/td>\n<\/tr>\n<tr>\n<td>Profils des utilisateurs<\/td>\n<td>De base<\/td>\n<td>Aucun<\/td>\n<td>Aucun<\/td>\n<td>Complet<\/td>\n<td>Oui<\/td>\n<\/tr>\n<tr>\n<td>Syst\u00e8me de mod\u00e9ration<\/td>\n<td>Communaut\u00e9<\/td>\n<td>Minime<\/td>\n<td>Faible<\/td>\n<td>Fort<\/td>\n<td>Fort<\/td>\n<\/tr>\n<tr>\n<td>Optimisation mobile<\/td>\n<td>Pauvre<\/td>\n<td>Mod\u00e9r\u00e9<\/td>\n<td>Pauvre<\/td>\n<td>Bon<\/td>\n<td>Mod\u00e9r\u00e9<\/td>\n<\/tr>\n<tr>\n<td>Options payantes<\/td>\n<td>VIP<\/td>\n<td>Aucun<\/td>\n<td>Aucun<\/td>\n<td>Oui<\/td>\n<td>Oui<\/td>\n<\/tr>\n<\/tbody>\n<\/table>\n<p>R\u00e9sum\u00e9 : OMGChat se d\u00e9marque pour les utilisateurs qui souhaitent une interaction en salle avec des cam\u00e9ras visibles, mais est \u00e0 la tra\u00eene lorsqu'il s'agit d'une interface utilisateur moderne ou d'une prise en charge mobile.<\/p>\n<h2>Avantages et inconv\u00e9nients<\/h2>\n<p>Pour :<\/p>\n<ul>\n<li>Acc\u00e8s gratuit sans inscription pr\u00e9alable<\/li>\n<li>Structure classique d'un salon de discussion par webcam<\/li>\n<li>Plusieurs cam\u00e9ras visibles en m\u00eame temps<\/li>\n<li>Options de chat priv\u00e9 et public<\/li>\n<li>Base d'utilisateurs fid\u00e8les<\/li>\n<li>La mod\u00e9ration en salle offre une certaine s\u00e9curit\u00e9<\/li>\n<\/ul>\n<p>Cons :<\/p>\n<ul>\n<li>Conception et interface utilisateur d\u00e9pass\u00e9es<\/li>\n<li>Mauvaise exp\u00e9rience mobile<\/li>\n<li>D\u00e9s\u00e9quilibre entre les hommes et les femmes dans la plupart des pi\u00e8ces<\/li>\n<li>Lacunes occasionnelles en mati\u00e8re de mod\u00e9ration<\/li>\n<li>Pas id\u00e9al pour la g\u00e9n\u00e9ration Z ou les utilisateurs occasionnels de t\u00e9l\u00e9phones portables<\/li>\n<\/ul>\n<h2>Cas d'utilisation id\u00e9aux<\/h2>\n<p>OMGChat est id\u00e9al pour :<\/p>\n<ul>\n<li>Les adultes qui ont appr\u00e9ci\u00e9 les d\u00e9buts des salons de discussion par webcam<\/li>\n<li>Les utilisateurs qui souhaitent parcourir plusieurs cams avant de choisir la personne avec laquelle ils veulent discuter.<\/li>\n<li>Les amateurs d'environnements de chat publics et d\u00e9contract\u00e9s avec la possibilit\u00e9 d'appels priv\u00e9s<\/li>\n<li>Les personnes qui recherchent plus de structure qu'un chat al\u00e9atoire, mais moins de pression que les applications de rencontres.<\/li>\n<\/ul>\n<p>Il n'est pas adapt\u00e9 pour :<\/p>\n<ul>\n<li>Utilisateurs de moins de 18 ans (non autoris\u00e9s)<\/li>\n<li>Les personnes qui recherchent des rencontres de type \"swipe\" ou des rencontres algorithmiques<\/li>\n<li>Utilisateurs mobiles ou \u00e0 la recherche d'une interface utilisateur soign\u00e9e<\/li>\n<li>Ceux qui ne sont pas \u00e0 l'aise avec la nature moins filtr\u00e9e des salles de cam anonymes<\/li>\n<\/ul>\n<h2>Verdict final<\/h2>\n<p>OMGChat est un choix solide pour les utilisateurs qui appr\u00e9cient les salles de chat par webcam traditionnelles et qui souhaitent avoir plus de contr\u00f4le sur leurs interlocuteurs. Bien qu'il n'offre pas le design \u00e9l\u00e9gant ou la r\u00e9activit\u00e9 mobile des plateformes plus r\u00e9centes, il r\u00e9ussit \u00e0 offrir une exp\u00e9rience cibl\u00e9e et multi-utilisateurs sans le caract\u00e8re al\u00e9atoire ou chaotique d'autres sites de chat vid\u00e9o gratuits.<\/p>\n<p>Il ne s'agit pas d'une plateforme qui tente de r\u00e9inventer la roue, et c'est ce qui fait son attrait. Pour les utilisateurs fid\u00e8les comme pour les nouveaux venus, OMGChat offre un moyen simple et direct de se retrouver, de rencontrer des gens et de participer \u00e0 des conversations vid\u00e9o en temps r\u00e9el dans une ambiance communautaire.<\/p>\n<p>Si les salles de webcam des d\u00e9buts de l'Internet vous manquent ou si vous souhaitez simplement explorer une plateforme un peu plus structur\u00e9e que Omegle, OMGChat vaut vraiment la peine d'\u00eatre essay\u00e9 - assurez-vous simplement d'\u00eatre sur un ordinateur de bureau pour une meilleure exp\u00e9rience.<\/p>","protected":false},"excerpt":{"rendered":"<p>In a sea of ever-evolving video chat platforms, some names have managed to stick around thanks to their simplicity, long-standing user base, and straightforward approach. OMGChat is one such platform. While it may not have the same buzz as newer apps like Chatspin or Bigo Live, it has quietly sustained a loyal community and continues [&hellip;]<\/p>\n","protected":false},"author":6,"featured_media":0,"parent":0,"menu_order":0,"comment_status":"closed","ping_status":"closed","template":"","meta":{"footnotes":""},"class_list":["post-12836","page","type-page","status-publish","hentry"],"yoast_head":"<!-- This site is optimized with the Yoast SEO plugin v27.4 - https:\/\/yoast.com\/product\/yoast-seo-wordpress\/ -->\n<title>OMGchat - Instant FREE Webcam Chat on StrangerCam.com<\/title>\n<meta name=\"description\" content=\"Like OMGchat? Come chat with more than 5.000.000 strangers on Stranger Cam for Free! Turn on your cam and find new friends &amp; maby a match!\" \/>\n<meta name=\"robots\" content=\"index, follow, max-snippet:-1, max-image-preview:large, max-video-preview:-1\" \/>\n<link rel=\"canonical\" href=\"https:\/\/strangercam.com\/fr\/omgchat\/\" \/>\n<meta property=\"og:locale\" content=\"fr_FR\" \/>\n<meta property=\"og:type\" content=\"article\" \/>\n<meta property=\"og:title\" content=\"OMGchat - Instant FREE Webcam Chat on StrangerCam.com\" \/>\n<meta property=\"og:description\" content=\"Like OMGchat? Come chat with more than 5.000.000 strangers on Stranger Cam for Free! Turn on your cam and find new friends &amp; maby a match!\" \/>\n<meta property=\"og:url\" content=\"https:\/\/strangercam.com\/fr\/omgchat\/\" \/>\n<meta property=\"og:site_name\" content=\"Strangercam\" \/>\n<meta property=\"article:publisher\" content=\"https:\/\/www.facebook.com\/strangercam\" \/>\n<meta property=\"og:image\" content=\"https:\/\/strangercam.com\/wp-content\/uploads\/2021\/10\/Untitled-2.png\" \/>\n\t<meta property=\"og:image:width\" content=\"800\" \/>\n\t<meta property=\"og:image:height\" content=\"532\" \/>\n\t<meta property=\"og:image:type\" content=\"image\/png\" \/>\n<meta name=\"twitter:card\" content=\"summary_large_image\" \/>\n<meta name=\"twitter:site\" content=\"@strangercamapp\" \/>\n<meta name=\"twitter:label1\" content=\"Dur\u00e9e de lecture estim\u00e9e\" \/>\n\t<meta name=\"twitter:data1\" content=\"7 minutes\" \/>\n<script type=\"application\/ld+json\" class=\"yoast-schema-graph\">{\"@context\":\"https:\\\/\\\/schema.org\",\"@graph\":[{\"@type\":\"WebPage\",\"@id\":\"https:\\\/\\\/strangercam.com\\\/omgchat\\\/\",\"url\":\"https:\\\/\\\/strangercam.com\\\/omgchat\\\/\",\"name\":\"OMGchat - Instant FREE Webcam Chat on StrangerCam.com\",\"isPartOf\":{\"@id\":\"https:\\\/\\\/strangercam.com\\\/#website\"},\"datePublished\":\"2025-05-14T07:31:13+00:00\",\"description\":\"Like OMGchat? Come chat with more than 5.000.000 strangers on Stranger Cam for Free! Turn on your cam and find new friends & maby a match!\",\"breadcrumb\":{\"@id\":\"https:\\\/\\\/strangercam.com\\\/omgchat\\\/#breadcrumb\"},\"inLanguage\":\"fr-FR\",\"potentialAction\":[{\"@type\":\"ReadAction\",\"target\":[\"https:\\\/\\\/strangercam.com\\\/omgchat\\\/\"]}]},{\"@type\":\"BreadcrumbList\",\"@id\":\"https:\\\/\\\/strangercam.com\\\/omgchat\\\/#breadcrumb\",\"itemListElement\":[{\"@type\":\"ListItem\",\"position\":1,\"name\":\"Home\",\"item\":\"https:\\\/\\\/strangercam.com\\\/\"},{\"@type\":\"ListItem\",\"position\":2,\"name\":\"OMGchat\"}]},{\"@type\":\"WebSite\",\"@id\":\"https:\\\/\\\/strangercam.com\\\/#website\",\"url\":\"https:\\\/\\\/strangercam.com\\\/\",\"name\":\"Strangercam\",\"description\":\"Random Video Chat with Strangers\",\"publisher\":{\"@id\":\"https:\\\/\\\/strangercam.com\\\/#organization\"},\"alternateName\":\"Strangercam.com\",\"potentialAction\":[{\"@type\":\"SearchAction\",\"target\":{\"@type\":\"EntryPoint\",\"urlTemplate\":\"https:\\\/\\\/strangercam.com\\\/?s={search_term_string}\"},\"query-input\":{\"@type\":\"PropertyValueSpecification\",\"valueRequired\":true,\"valueName\":\"search_term_string\"}}],\"inLanguage\":\"fr-FR\"},{\"@type\":\"Organization\",\"@id\":\"https:\\\/\\\/strangercam.com\\\/#organization\",\"name\":\"Strangercam\",\"alternateName\":\"Strangercam.com\",\"url\":\"https:\\\/\\\/strangercam.com\\\/\",\"logo\":{\"@type\":\"ImageObject\",\"inLanguage\":\"fr-FR\",\"@id\":\"https:\\\/\\\/strangercam.com\\\/#\\\/schema\\\/logo\\\/image\\\/\",\"url\":\"https:\\\/\\\/strangercam.com\\\/wp-content\\\/uploads\\\/2020\\\/11\\\/cropped-new-favicon-black.png\",\"contentUrl\":\"https:\\\/\\\/strangercam.com\\\/wp-content\\\/uploads\\\/2020\\\/11\\\/cropped-new-favicon-black.png\",\"width\":512,\"height\":512,\"caption\":\"Strangercam\"},\"image\":{\"@id\":\"https:\\\/\\\/strangercam.com\\\/#\\\/schema\\\/logo\\\/image\\\/\"},\"sameAs\":[\"https:\\\/\\\/www.facebook.com\\\/strangercam\",\"https:\\\/\\\/x.com\\\/strangercamapp\"]}]}<\/script>\n<!-- \/ Yoast SEO plugin. -->","yoast_head_json":{"title":"OMGchat - Chat instantan\u00e9 et GRATUIT sur StrangerCam.com","description":"Vous aimez OMGchat ? Venez discuter avec plus de 5.000.000 d'inconnus sur Stranger Cam gratuitement ! Allume ta cam\u00e9ra et trouve de nouveaux amis et peut-\u00eatre un partenaire !","robots":{"index":"index","follow":"follow","max-snippet":"max-snippet:-1","max-image-preview":"max-image-preview:large","max-video-preview":"max-video-preview:-1"},"canonical":"https:\/\/strangercam.com\/fr\/omgchat\/","og_locale":"fr_FR","og_type":"article","og_title":"OMGchat - Instant FREE Webcam Chat on StrangerCam.com","og_description":"Like OMGchat? Come chat with more than 5.000.000 strangers on Stranger Cam for Free! Turn on your cam and find new friends & maby a match!","og_url":"https:\/\/strangercam.com\/fr\/omgchat\/","og_site_name":"Strangercam","article_publisher":"https:\/\/www.facebook.com\/strangercam","og_image":[{"width":800,"height":532,"url":"https:\/\/strangercam.com\/wp-content\/uploads\/2021\/10\/Untitled-2.png","type":"image\/png"}],"twitter_card":"summary_large_image","twitter_site":"@strangercamapp","twitter_misc":{"Dur\u00e9e de lecture estim\u00e9e":"7 minutes"},"schema":{"@context":"https:\/\/schema.org","@graph":[{"@type":"WebPage","@id":"https:\/\/strangercam.com\/omgchat\/","url":"https:\/\/strangercam.com\/omgchat\/","name":"OMGchat - Chat instantan\u00e9 et GRATUIT sur StrangerCam.com","isPartOf":{"@id":"https:\/\/strangercam.com\/#website"},"datePublished":"2025-05-14T07:31:13+00:00","description":"Vous aimez OMGchat ? Venez discuter avec plus de 5.000.000 d'inconnus sur Stranger Cam gratuitement ! Allume ta cam\u00e9ra et trouve de nouveaux amis et peut-\u00eatre un partenaire !","breadcrumb":{"@id":"https:\/\/strangercam.com\/omgchat\/#breadcrumb"},"inLanguage":"fr-FR","potentialAction":[{"@type":"ReadAction","target":["https:\/\/strangercam.com\/omgchat\/"]}]},{"@type":"BreadcrumbList","@id":"https:\/\/strangercam.com\/omgchat\/#breadcrumb","itemListElement":[{"@type":"ListItem","position":1,"name":"Home","item":"https:\/\/strangercam.com\/"},{"@type":"ListItem","position":2,"name":"OMGchat"}]},{"@type":"WebSite","@id":"https:\/\/strangercam.com\/#website","url":"https:\/\/strangercam.com\/","name":"Strangercam","description":"Chat vid\u00e9o al\u00e9atoire avec des inconnus","publisher":{"@id":"https:\/\/strangercam.com\/#organization"},"alternateName":"Strangercam.com","potentialAction":[{"@type":"SearchAction","target":{"@type":"EntryPoint","urlTemplate":"https:\/\/strangercam.com\/?s={search_term_string}"},"query-input":{"@type":"PropertyValueSpecification","valueRequired":true,"valueName":"search_term_string"}}],"inLanguage":"fr-FR"},{"@type":"Organization","@id":"https:\/\/strangercam.com\/#organization","name":"Strangercam","alternateName":"Strangercam.com","url":"https:\/\/strangercam.com\/","logo":{"@type":"ImageObject","inLanguage":"fr-FR","@id":"https:\/\/strangercam.com\/#\/schema\/logo\/image\/","url":"https:\/\/strangercam.com\/wp-content\/uploads\/2020\/11\/cropped-new-favicon-black.png","contentUrl":"https:\/\/strangercam.com\/wp-content\/uploads\/2020\/11\/cropped-new-favicon-black.png","width":512,"height":512,"caption":"Strangercam"},"image":{"@id":"https:\/\/strangercam.com\/#\/schema\/logo\/image\/"},"sameAs":["https:\/\/www.facebook.com\/strangercam","https:\/\/x.com\/strangercamapp"]}]}},"_links":{"self":[{"href":"https:\/\/strangercam.com\/fr\/wp-json\/wp\/v2\/pages\/12836","targetHints":{"allow":["GET"]}}],"collection":[{"href":"https:\/\/strangercam.com\/fr\/wp-json\/wp\/v2\/pages"}],"about":[{"href":"https:\/\/strangercam.com\/fr\/wp-json\/wp\/v2\/types\/page"}],"author":[{"embeddable":true,"href":"https:\/\/strangercam.com\/fr\/wp-json\/wp\/v2\/users\/6"}],"replies":[{"embeddable":true,"href":"https:\/\/strangercam.com\/fr\/wp-json\/wp\/v2\/comments?post=12836"}],"version-history":[{"count":1,"href":"https:\/\/strangercam.com\/fr\/wp-json\/wp\/v2\/pages\/12836\/revisions"}],"predecessor-version":[{"id":12837,"href":"https:\/\/strangercam.com\/fr\/wp-json\/wp\/v2\/pages\/12836\/revisions\/12837"}],"wp:attachment":[{"href":"https:\/\/strangercam.com\/fr\/wp-json\/wp\/v2\/media?parent=12836"}],"curies":[{"name":"wp","href":"https:\/\/api.w.org\/{rel}","templated":true}]}}