{"id":12830,"date":"2025-05-14T09:17:21","date_gmt":"2025-05-14T07:17:21","guid":{"rendered":"https:\/\/strangercam.com\/?page_id=12830"},"modified":"2025-05-14T09:17:21","modified_gmt":"2025-05-14T07:17:21","slug":"yubo","status":"publish","type":"page","link":"https:\/\/strangercam.com\/fr\/yubo\/","title":{"rendered":"Yubo"},"content":{"rendered":"<p>Yubo est d\u00e9crit par beaucoup comme \"Tinder rencontre Snapchat\" avec une forte pinc\u00e9e de livestreaming. Yubo est con\u00e7u pour les jeunes utilisateurs - en particulier la g\u00e9n\u00e9ration Z - qui veulent se connecter, streamer et socialiser en temps r\u00e9el avec des personnes du monde entier.<\/p>\n<p>Que vous la connaissiez sous le nom de Yubo, Yubo Live ou yubo.live, la plateforme s'est rapidement d\u00e9velopp\u00e9e pour devenir l'une des principales applications de d\u00e9couverte sociale au niveau mondial. Mais est-elle s\u00fbre ? Qui l'utilise vraiment ? Et comment se situe-t-elle par rapport \u00e0 d'autres plateformes dans la vid\u00e9o ? <a href=\"https:\/\/strangercam.com\/fr\/chathub\/\">chat<\/a> et le livestreaming <a href=\"https:\/\/strangercam.com\/fr\/mocospace\/\">espace<\/a>?<\/p>\n<p>Dans cet article complet, nous verrons ce qu'est Yubo, quelles sont ses caract\u00e9ristiques, comment il fonctionne, \u00e0 qui il s'adresse et s'il vaut la peine que vous y consacriez du temps en 2025.<\/p>\n<h2>Qu'est-ce que Yubo ?<\/h2>\n<p>Yubo est une application de d\u00e9couverte sociale et de diffusion en direct con\u00e7ue pour les jeunes (principalement \u00e2g\u00e9s de 13 \u00e0 25 ans) afin de <a href=\"https:\/\/strangercam.com\/fr\/coomeet\/\">rencontrer<\/a> de nouveaux amis, de participer \u00e0 des livestreams de groupe et de discuter par texte ou par vid\u00e9o. Lanc\u00e9 en 2015 en France, il est devenu un succ\u00e8s mondial, avec plus de 60 millions d'utilisateurs dans plus de 140 pays.<\/p>\n<p>Ce qui rend Yubo unique, c'est qu'il ne s'agit pas d'une application de rencontre - m\u00eame si cela peut sembler \u00eatre le cas. Elle se positionne plut\u00f4t comme une plateforme de cr\u00e9ation d'amis con\u00e7ue pour la connexion en temps r\u00e9el et l'engagement communautaire. Elle combine les fonctionnalit\u00e9s des m\u00e9dias sociaux, de la vid\u00e9o en direct et des rencontres al\u00e9atoires d'une mani\u00e8re qui semble authentique et divertissante, en particulier pour la g\u00e9n\u00e9ration Z.<\/p>\n<h2>Quel est l'objectif de Yubo ?<\/h2>\n<p>L'objectif de Yubo est de faire en sorte que les rencontres en ligne soient naturelles, s\u00fbres et amusantes, sans la pression des \"likes\", des \"follow\" ou des profils personnalis\u00e9s. Au lieu de rechercher le statut d'influenceur, Yubo encourage les utilisateurs \u00e0 \u00eatre sociaux en temps r\u00e9el - pensez aux chats vid\u00e9o de groupe, aux rencontres occasionnelles et au swiping al\u00e9atoire pour d\u00e9couvrir d'autres personnes.<\/p>\n<p>Son objectif principal est l'interaction amicale, et non les rencontres ou la cr\u00e9ation de contenu. C'est une diff\u00e9rence majeure par rapport \u00e0 des plateformes comme TikTok ou Instagram, o\u00f9 l'accent est mis sur la performance et la visibilit\u00e9. Sur Yubo, vous vous montrez en direct, vous parlez et vous vous connectez - pas de filtres, pas de followers, pas de pression.<\/p>\n<p>Il convient le mieux \u00e0 :<\/p>\n<ul>\n<li>Adolescents et jeunes adultes cherchant \u00e0 \u00e9largir leur cercle social<\/li>\n<li>Les personnes qui aiment la diffusion en direct (livestreaming) ou les discussions de groupe par vid\u00e9o<\/li>\n<li>Les utilisateurs qui souhaitent une v\u00e9ritable conversation plut\u00f4t qu'un d\u00e9filement passif<\/li>\n<\/ul>\n<h2>Caract\u00e9ristiques principales<\/h2>\n<p>1. Streaming de groupe en direct<br \/>\nLa principale fonction de Yubo est la diffusion en groupe. Les utilisateurs peuvent diffuser en direct jusqu'\u00e0 10 personnes \u00e0 l'\u00e9cran, tandis que d'autres peuvent regarder, commenter et demander \u00e0 se joindre \u00e0 eux. Ces flux sont d\u00e9contract\u00e9s - il s'agit souvent de personnes qui discutent, jouent de la musique ou passent du temps ensemble.<\/p>\n<p>2. Glissez-vous pour vous faire des amis<br \/>\n\u00c0 l'instar des applications de rencontre, Yubo utilise une fonction de balayage pour aider les utilisateurs \u00e0 d\u00e9couvrir de nouvelles personnes. Glissez vers la droite pour vous connecter, glissez vers la gauche pour passer. Mais contrairement \u00e0 Tinder, l'accent n'est pas mis sur les rencontres. L'objectif est d'entamer une discussion, pas de construire un profil romantique.<\/p>\n<p>3. Chat et appels vid\u00e9o en temps r\u00e9el<br \/>\nUne fois que vous avez trouv\u00e9 quelqu'un, vous pouvez commencer un chat texte ou un appel vid\u00e9o priv\u00e9. Ces conversations sont d\u00e9contract\u00e9es et d\u00e9bouchent souvent sur des interactions plus longues ou sur des invitations \u00e0 participer \u00e0 des streams de groupe.<\/p>\n<p>4. Int\u00e9r\u00eats et correspondance des \u00e9tiquettes<br \/>\nYubo permet aux utilisateurs de s\u00e9lectionner des centres d'int\u00e9r\u00eat (par exemple, la mode, les jeux, les dessins anim\u00e9s, le fitness, les voyages) qui les aident \u00e0 personnaliser leur fil d'attente et leurs recommandations. Cette petite couche d'appariement am\u00e9liore la qualit\u00e9 des connexions et aide les utilisateurs \u00e0 trouver des personnes partageant les m\u00eames centres d'int\u00e9r\u00eat.<\/p>\n<p>5. Communaut\u00e9s et flux th\u00e9matiques<br \/>\nLes utilisateurs peuvent participer \u00e0 des retransmissions communautaires en fonction de leur localisation ou de leurs centres d'int\u00e9r\u00eat. Pensez \u00e0 \"New York Teens Chat\", \"Anime Fans\" ou \"Study Room\" - ces espaces rassemblent des utilisateurs ayant des hobbies ou des caract\u00e9ristiques d\u00e9mographiques communes pour des rencontres \u00e0 th\u00e8me.<\/p>\n<p>6. Yubo Power Pack (Caract\u00e9ristiques Premium)<br \/>\nYubo propose un ensemble de fonctionnalit\u00e9s payantes qui am\u00e9liorent la visibilit\u00e9 et la port\u00e9e. Celles-ci comprennent :<\/p>\n<ul>\n<li>Boosts pour promouvoir votre profil<\/li>\n<li>Revenir en arri\u00e8re pour annuler un balayage<\/li>\n<li>Spotlight appara\u00eetra sur davantage de flux<\/li>\n<li>Mode fant\u00f4me pour naviguer de mani\u00e8re invisible<\/li>\n<\/ul>\n<p>7. Segmentation en fonction de l'\u00e2ge<br \/>\nYubo s\u00e9pare les utilisateurs par tranches d'\u00e2ge - 13-17 ans et 18 ans et plus - afin de prot\u00e9ger les mineurs et de garantir des interactions adapt\u00e9es \u00e0 leur \u00e2ge. Les utilisateurs ne peuvent pas interagir au-del\u00e0 de ces limites d'\u00e2ge, et la mod\u00e9ration est plus stricte dans les groupes de mineurs.<\/p>\n<p>8. Outils de s\u00e9curit\u00e9 et de mod\u00e9ration<br \/>\nYubo utilise la mod\u00e9ration pilot\u00e9e par l'IA, l'analyse du contenu en temps r\u00e9el, la reconnaissance faciale pour la v\u00e9rification de l'\u00e2ge et des outils de signalement \u00e0 la communaut\u00e9 pour maintenir un environnement s\u00fbr. Il existe \u00e9galement une mod\u00e9ration humaine pour les livestreams et les cas sensibles.<\/p>\n<p>9. Personnalisation du profil<br \/>\nLes utilisateurs peuvent t\u00e9l\u00e9charger des photos, ajouter des biographies et pr\u00e9senter leurs centres d'int\u00e9r\u00eat. Mais l'accent reste mis sur l'interaction plut\u00f4t que sur la construction d'une personnalit\u00e9 en ligne soign\u00e9e.<\/p>\n<h2>Yubo est-il gratuit ?<\/h2>\n<p>Oui, le t\u00e9l\u00e9chargement et l'utilisation de Yubo sont gratuits, et la plupart des fonctionnalit\u00e9s de base - comme le swiping, les livestreams et le chat - sont disponibles sans frais. Cependant, l'application est mon\u00e9tis\u00e9e par le biais d'achats in-app, tels que :<\/p>\n<ul>\n<li>Yubo Power Pack (plans hebdomadaires, mensuels ou annuels)<\/li>\n<li>Coup de pouce et coup de projecteur<\/li>\n<li>Packs de swipe et avantages li\u00e9s \u00e0 la personnalisation du profil<\/li>\n<\/ul>\n<p>Les fonctions Premium sont facultatives, mais elles peuvent aider les utilisateurs \u00e0 se d\u00e9marquer dans un environnement d'applications tr\u00e8s fr\u00e9quent\u00e9. La plupart des utilisateurs occasionnels n'auront pas besoin de d\u00e9penser de l'argent, mais les utilisateurs plus actifs ou plus ambitieux pourront opter pour des mises \u00e0 niveau.<\/p>\n<h2>Qui utilise Yubo ?<\/h2>\n<p>La cible d\u00e9mographique de Yubo est la g\u00e9n\u00e9ration Z, c'est-\u00e0-dire les adolescents et les jeunes adultes \u00e2g\u00e9s de 13 \u00e0 25 ans. Il n'est pas con\u00e7u pour un public plus \u00e2g\u00e9 et applique une stricte segmentation par \u00e2ge afin de garantir des interactions s\u00fbres au sein des groupes de pairs.<\/p>\n<p>Donn\u00e9es d\u00e9mographiques cl\u00e9s :<\/p>\n<ul>\n<li>\u00c2ge : 13-25 ans<\/li>\n<li>Sexe : Assez \u00e9quilibr\u00e9, mais les swipers et les chatteurs priv\u00e9s sont l\u00e9g\u00e8rement masculins.<\/li>\n<li>Lieux d'implantation : \u00c9tats-Unis, Royaume-Uni, Canada, France, Br\u00e9sil, Australie, Allemagne et Asie du Sud-Est<\/li>\n<\/ul>\n<p>Il est particuli\u00e8rement populaire parmi les :<\/p>\n<ul>\n<li>Adolescents \u00e0 la recherche de nouvelles amiti\u00e9s en dehors de l'\u00e9cole ou des communaut\u00e9s locales<\/li>\n<li>Les jeunes adultes explorent la vid\u00e9o sociale comme alternative aux applications de rencontres<\/li>\n<li>Les cr\u00e9ateurs qui pr\u00e9f\u00e8rent l'interaction en direct \u00e0 la publication de vid\u00e9os<\/li>\n<\/ul>\n<h2>S\u00e9curit\u00e9, vie priv\u00e9e et mod\u00e9ration<\/h2>\n<p>Yubo a fait l'objet de critiques dans le pass\u00e9 concernant la s\u00e9curit\u00e9 des mineurs et la mod\u00e9ration du contenu. En r\u00e9ponse, l'entreprise a investi massivement dans la s\u00e9curit\u00e9 des utilisateurs, notamment :<\/p>\n<ul>\n<li>Mod\u00e9ration AI en direct : Yubo analyse les textes, les vid\u00e9os et les images en temps r\u00e9el pour d\u00e9tecter les contenus inappropri\u00e9s.<\/li>\n<li>Reconnaissance faciale : Requis pour la v\u00e9rification de l'\u00e2ge afin d'emp\u00eacher les adultes d'entrer dans les zones r\u00e9serv\u00e9es aux adolescents.<\/li>\n<li>Signalement \u00e0 la communaut\u00e9 : Les utilisateurs peuvent facilement signaler les comportements inappropri\u00e9s, la nudit\u00e9, le harc\u00e8lement ou les faux comptes.<\/li>\n<li>S\u00e9parer les groupes d'\u00e2ge : les utilisateurs de 13 \u00e0 17 ans ne peuvent pas contacter les utilisateurs de 18 ans et plus.<\/li>\n<li>Comptes v\u00e9rifi\u00e9s : Les utilisateurs peuvent v\u00e9rifier leur identit\u00e9 pour instaurer la confiance.<\/li>\n<\/ul>\n<p>Bien qu'aucune plateforme ne soit parfaite, Yubo est d\u00e9sormais consid\u00e9r\u00e9e comme l'une des applications sociales les plus s\u00fbres pour les jeunes utilisateurs, gr\u00e2ce \u00e0 sa mod\u00e9ration proactive et \u00e0 ses normes communautaires transparentes. Les parents doivent toujours surveiller les jeunes adolescents qui utilisent la plateforme, mais pour les utilisateurs de plus de 18 ans, l'exp\u00e9rience est comparable \u00e0 celle d'autres applications sociales grand public.<\/p>\n<h2>Exp\u00e9rience utilisateur et interface<\/h2>\n<p>L'interface de Yubo est propre, minimale et clairement con\u00e7ue pour une utilisation mobile. La navigation est intuitive, le swiping est rapide et la mise en ligne ne prend que quelques secondes. L'application met l'accent sur la connexion en temps r\u00e9el plut\u00f4t que sur la consultation des profils, ce qui correspond \u00e0 la fa\u00e7on dont la g\u00e9n\u00e9ration Z pr\u00e9f\u00e8re communiquer.<\/p>\n<p>Des visuels color\u00e9s, des transitions fluides et des ic\u00f4nes ludiques rendent l'exp\u00e9rience attrayante sans \u00eatre envahissante. Il n'y a pas de flux, d'histoires ou de contenu interminable \u00e0 faire d\u00e9filer - tout m\u00e8ne \u00e0 une interaction en direct ou en temps r\u00e9el.<\/p>\n<p>M\u00eame sur des appareils ou des r\u00e9seaux plus lents, les performances sont solides, bien que les flux group\u00e9s puissent \u00eatre gourmands en bande passante. L'application est disponible sur iOS et Android, avec des fonctionnalit\u00e9s limit\u00e9es sur les ordinateurs de bureau.<\/p>\n<h2>Yubo vs. autres plateformes<\/h2>\n<p>Voyons comment Yubo se positionne par rapport \u00e0 d'autres applications de chat social et vid\u00e9o en direct :<\/p>\n<table>\n<thead>\n<tr>\n<th>Fonctionnalit\u00e9<\/th>\n<th>Yubo<\/th>\n<th>Bigo Live<\/th>\n<th>ChatMatch<\/th>\n<th><a href=\"https:\/\/strangercam.com\/fr\/omegle\/\">Omegle<\/a><\/th>\n<th>Snapchat<\/th>\n<\/tr>\n<\/thead>\n<tbody>\n<tr>\n<td>Streaming en direct (groupe)<\/td>\n<td>Oui<\/td>\n<td>Oui<\/td>\n<td>Non<\/td>\n<td>Non<\/td>\n<td>Oui<\/td>\n<\/tr>\n<tr>\n<td>Segmentation par \u00e2ge<\/td>\n<td>Oui<\/td>\n<td>Non<\/td>\n<td>Non<\/td>\n<td>Non<\/td>\n<td>Non<\/td>\n<\/tr>\n<tr>\n<td>Swipe to Match<\/td>\n<td>Oui<\/td>\n<td>Non<\/td>\n<td>Oui<\/td>\n<td>Non<\/td>\n<td>Non<\/td>\n<\/tr>\n<tr>\n<td>Chat vid\u00e9o 1-on-1<\/td>\n<td>Oui<\/td>\n<td>Oui<\/td>\n<td>Oui<\/td>\n<td>Oui<\/td>\n<td>Oui<\/td>\n<\/tr>\n<tr>\n<td>Communaut\u00e9s et int\u00e9r\u00eats<\/td>\n<td>Oui<\/td>\n<td>Non<\/td>\n<td>Partiel<\/td>\n<td>Non<\/td>\n<td>Oui<\/td>\n<\/tr>\n<tr>\n<td>Mod\u00e9ration en mati\u00e8re de s\u00e9curit\u00e9<\/td>\n<td>Fort<\/td>\n<td>Mod\u00e9r\u00e9<\/td>\n<td>Mod\u00e9r\u00e9<\/td>\n<td>Faible<\/td>\n<td>Mod\u00e9r\u00e9<\/td>\n<\/tr>\n<tr>\n<td>Options de mon\u00e9tisation<\/td>\n<td>Oui<\/td>\n<td>Oui<\/td>\n<td>Oui<\/td>\n<td>Non<\/td>\n<td>Oui<\/td>\n<\/tr>\n<tr>\n<td>Public cible<\/td>\n<td>G\u00e9n\u00e9ration Z<\/td>\n<td>G\u00e9n\u00e9ral<\/td>\n<td>18+ C\u00e9libataires<\/td>\n<td>G\u00e9n\u00e9ral<\/td>\n<td>Adolescents et g\u00e9n\u00e9ration Z<\/td>\n<\/tr>\n<\/tbody>\n<\/table>\n<h2>Avantages et inconv\u00e9nients<\/h2>\n<p>Pour :<\/p>\n<ul>\n<li>Con\u00e7u sp\u00e9cifiquement pour la g\u00e9n\u00e9ration Z et les jeunes adultes<\/li>\n<li>La diffusion en direct est facile et interactive<\/li>\n<li>Le swipe-to-match rend la d\u00e9couverte d'amis amusante<\/li>\n<li>Contr\u00f4les rigoureux de la mod\u00e9ration et de la s\u00e9curit\u00e9 en fonction de l'\u00e2ge<\/li>\n<li>La correspondance des int\u00e9r\u00eats permet d'am\u00e9liorer la qualit\u00e9 des discussions<\/li>\n<li>Une exp\u00e9rience rapide, propre et adapt\u00e9e aux mobiles<\/li>\n<\/ul>\n<p>Cons :<\/p>\n<ul>\n<li>Pas id\u00e9al pour les utilisateurs de plus de 25 ans<\/li>\n<li>Certains achats in-app peuvent sembler agressifs<\/li>\n<li>La reconnaissance faciale est n\u00e9cessaire pour un acc\u00e8s complet<\/li>\n<li>Non disponible sur le bureau<\/li>\n<li>Comportement immature occasionnel dans les salles publiques<\/li>\n<\/ul>\n<h2>Cas d'utilisation id\u00e9aux<\/h2>\n<p>Yubo est id\u00e9al pour :<\/p>\n<ul>\n<li>Adolescents et jeunes adultes \u00e0 la recherche de nouvelles amiti\u00e9s en ligne<\/li>\n<li>Utilisateurs souhaitant des chats vid\u00e9o de groupe occasionnels et une diffusion en direct sans pression<\/li>\n<li>Les explorateurs sociaux qui aiment d\u00e9couvrir des personnes du monde entier<\/li>\n<li>Les adeptes de l'interaction en temps r\u00e9el plut\u00f4t que de la cr\u00e9ation de contenu<\/li>\n<\/ul>\n<p>Yubo n'est pas id\u00e9al pour :<\/p>\n<ul>\n<li>Adultes ne faisant pas partie de la g\u00e9n\u00e9ration Z<\/li>\n<li>Utilisateurs \u00e0 la recherche d'exp\u00e9riences de chat vid\u00e9o priv\u00e9es et anonymes<\/li>\n<li>Personnes \u00e0 la recherche d'un contenu de longue dur\u00e9e ou d'un flux social structur\u00e9<\/li>\n<\/ul>\n<h2>Verdict final<\/h2>\n<p>Yubo est une application de vid\u00e9o sociale exceptionnelle pour la g\u00e9n\u00e9ration Z en 2025. Elle offre une nouvelle alternative aux m\u00e9dias sociaux traditionnels en mettant l'accent sur l'interaction en temps r\u00e9el, les premi\u00e8res connexions amicales et l'engagement des groupes en direct. Avec une forte mod\u00e9ration, une segmentation par \u00e2ge et un syst\u00e8me de swipe-to-match, elle se pr\u00e9sente comme une \u00e9volution moderne et plus s\u00fbre d'applications telles que Omegle ou <a href=\"https:\/\/strangercam.com\/fr\/chatroulette\/\">Chatroulette<\/a>.<\/p>\n<p>Pour son public cible - jeune, social et mobile - Yubo tient exactement ses promesses : une plateforme amusante, en direct et ax\u00e9e sur la communaut\u00e9 pour rencontrer de nouvelles personnes et se retrouver en temps r\u00e9el.<\/p>\n<p>Si vous avez entre 13 et 25 ans et que vous souhaitez socialiser au-del\u00e0 de votre cercle existant, Yubo vaut absolument la peine d'\u00eatre d\u00e9couvert.<\/p>","protected":false},"excerpt":{"rendered":"<p>Yubo is described by many as \u201cTinder meets Snapchat\u201d with a heavy dash of livestreaming, Yubo is tailored for younger users \u2014 specifically Gen Z \u2014 who want to connect, stream, and socialize in real time with people from around the world. Whether you know it as Yubo, Yubo Live, or yubo.live, the platform has [&hellip;]<\/p>\n","protected":false},"author":6,"featured_media":0,"parent":0,"menu_order":0,"comment_status":"closed","ping_status":"closed","template":"","meta":{"footnotes":""},"class_list":["post-12830","page","type-page","status-publish","hentry"],"yoast_head":"<!-- This site is optimized with the Yoast SEO plugin v27.4 - https:\/\/yoast.com\/product\/yoast-seo-wordpress\/ -->\n<title>Yubo - Make new friends with chat on StrangerCam.com<\/title>\n<meta name=\"description\" content=\"Like Yubo? Come chat with more than 5.000.000 strangers on Stranger Cam for Free! Turn on your cam and find new friends &amp; maby a match!\" \/>\n<meta name=\"robots\" content=\"index, follow, max-snippet:-1, max-image-preview:large, max-video-preview:-1\" \/>\n<link rel=\"canonical\" href=\"https:\/\/strangercam.com\/fr\/yubo\/\" \/>\n<meta property=\"og:locale\" content=\"fr_FR\" \/>\n<meta property=\"og:type\" content=\"article\" \/>\n<meta property=\"og:title\" content=\"Yubo - Make new friends with chat on StrangerCam.com\" \/>\n<meta property=\"og:description\" content=\"Like Yubo? Come chat with more than 5.000.000 strangers on Stranger Cam for Free! Turn on your cam and find new friends &amp; maby a match!\" \/>\n<meta property=\"og:url\" content=\"https:\/\/strangercam.com\/fr\/yubo\/\" \/>\n<meta property=\"og:site_name\" content=\"Strangercam\" \/>\n<meta property=\"article:publisher\" content=\"https:\/\/www.facebook.com\/strangercam\" \/>\n<meta property=\"og:image\" content=\"https:\/\/strangercam.com\/wp-content\/uploads\/2021\/10\/Untitled-2.png\" \/>\n\t<meta property=\"og:image:width\" content=\"800\" \/>\n\t<meta property=\"og:image:height\" content=\"532\" \/>\n\t<meta property=\"og:image:type\" content=\"image\/png\" \/>\n<meta name=\"twitter:card\" content=\"summary_large_image\" \/>\n<meta name=\"twitter:site\" content=\"@strangercamapp\" \/>\n<meta name=\"twitter:label1\" content=\"Dur\u00e9e de lecture estim\u00e9e\" \/>\n\t<meta name=\"twitter:data1\" content=\"7 minutes\" \/>\n<script type=\"application\/ld+json\" class=\"yoast-schema-graph\">{\"@context\":\"https:\\\/\\\/schema.org\",\"@graph\":[{\"@type\":\"WebPage\",\"@id\":\"https:\\\/\\\/strangercam.com\\\/yubo\\\/\",\"url\":\"https:\\\/\\\/strangercam.com\\\/yubo\\\/\",\"name\":\"Yubo - Make new friends with chat on StrangerCam.com\",\"isPartOf\":{\"@id\":\"https:\\\/\\\/strangercam.com\\\/#website\"},\"datePublished\":\"2025-05-14T07:17:21+00:00\",\"description\":\"Like Yubo? Come chat with more than 5.000.000 strangers on Stranger Cam for Free! Turn on your cam and find new friends & maby a match!\",\"breadcrumb\":{\"@id\":\"https:\\\/\\\/strangercam.com\\\/yubo\\\/#breadcrumb\"},\"inLanguage\":\"fr-FR\",\"potentialAction\":[{\"@type\":\"ReadAction\",\"target\":[\"https:\\\/\\\/strangercam.com\\\/yubo\\\/\"]}]},{\"@type\":\"BreadcrumbList\",\"@id\":\"https:\\\/\\\/strangercam.com\\\/yubo\\\/#breadcrumb\",\"itemListElement\":[{\"@type\":\"ListItem\",\"position\":1,\"name\":\"Home\",\"item\":\"https:\\\/\\\/strangercam.com\\\/\"},{\"@type\":\"ListItem\",\"position\":2,\"name\":\"Yubo\"}]},{\"@type\":\"WebSite\",\"@id\":\"https:\\\/\\\/strangercam.com\\\/#website\",\"url\":\"https:\\\/\\\/strangercam.com\\\/\",\"name\":\"Strangercam\",\"description\":\"Random Video Chat with Strangers\",\"publisher\":{\"@id\":\"https:\\\/\\\/strangercam.com\\\/#organization\"},\"alternateName\":\"Strangercam.com\",\"potentialAction\":[{\"@type\":\"SearchAction\",\"target\":{\"@type\":\"EntryPoint\",\"urlTemplate\":\"https:\\\/\\\/strangercam.com\\\/?s={search_term_string}\"},\"query-input\":{\"@type\":\"PropertyValueSpecification\",\"valueRequired\":true,\"valueName\":\"search_term_string\"}}],\"inLanguage\":\"fr-FR\"},{\"@type\":\"Organization\",\"@id\":\"https:\\\/\\\/strangercam.com\\\/#organization\",\"name\":\"Strangercam\",\"alternateName\":\"Strangercam.com\",\"url\":\"https:\\\/\\\/strangercam.com\\\/\",\"logo\":{\"@type\":\"ImageObject\",\"inLanguage\":\"fr-FR\",\"@id\":\"https:\\\/\\\/strangercam.com\\\/#\\\/schema\\\/logo\\\/image\\\/\",\"url\":\"https:\\\/\\\/strangercam.com\\\/wp-content\\\/uploads\\\/2020\\\/11\\\/cropped-new-favicon-black.png\",\"contentUrl\":\"https:\\\/\\\/strangercam.com\\\/wp-content\\\/uploads\\\/2020\\\/11\\\/cropped-new-favicon-black.png\",\"width\":512,\"height\":512,\"caption\":\"Strangercam\"},\"image\":{\"@id\":\"https:\\\/\\\/strangercam.com\\\/#\\\/schema\\\/logo\\\/image\\\/\"},\"sameAs\":[\"https:\\\/\\\/www.facebook.com\\\/strangercam\",\"https:\\\/\\\/x.com\\\/strangercamapp\"]}]}<\/script>\n<!-- \/ Yoast SEO plugin. -->","yoast_head_json":{"title":"Yubo - Faites de nouveaux amis gr\u00e2ce au chat sur StrangerCam.com","description":"Vous aimez Yubo ? Venez discuter avec plus de 5.000.000 d'inconnus sur Stranger Cam gratuitement ! Allume ta cam\u00e9ra et trouve de nouveaux amis et peut-\u00eatre un partenaire !","robots":{"index":"index","follow":"follow","max-snippet":"max-snippet:-1","max-image-preview":"max-image-preview:large","max-video-preview":"max-video-preview:-1"},"canonical":"https:\/\/strangercam.com\/fr\/yubo\/","og_locale":"fr_FR","og_type":"article","og_title":"Yubo - Make new friends with chat on StrangerCam.com","og_description":"Like Yubo? Come chat with more than 5.000.000 strangers on Stranger Cam for Free! Turn on your cam and find new friends & maby a match!","og_url":"https:\/\/strangercam.com\/fr\/yubo\/","og_site_name":"Strangercam","article_publisher":"https:\/\/www.facebook.com\/strangercam","og_image":[{"width":800,"height":532,"url":"https:\/\/strangercam.com\/wp-content\/uploads\/2021\/10\/Untitled-2.png","type":"image\/png"}],"twitter_card":"summary_large_image","twitter_site":"@strangercamapp","twitter_misc":{"Dur\u00e9e de lecture estim\u00e9e":"7 minutes"},"schema":{"@context":"https:\/\/schema.org","@graph":[{"@type":"WebPage","@id":"https:\/\/strangercam.com\/yubo\/","url":"https:\/\/strangercam.com\/yubo\/","name":"Yubo - Faites de nouveaux amis gr\u00e2ce au chat sur StrangerCam.com","isPartOf":{"@id":"https:\/\/strangercam.com\/#website"},"datePublished":"2025-05-14T07:17:21+00:00","description":"Vous aimez Yubo ? Venez discuter avec plus de 5.000.000 d'inconnus sur Stranger Cam gratuitement ! Allume ta cam\u00e9ra et trouve de nouveaux amis et peut-\u00eatre un partenaire !","breadcrumb":{"@id":"https:\/\/strangercam.com\/yubo\/#breadcrumb"},"inLanguage":"fr-FR","potentialAction":[{"@type":"ReadAction","target":["https:\/\/strangercam.com\/yubo\/"]}]},{"@type":"BreadcrumbList","@id":"https:\/\/strangercam.com\/yubo\/#breadcrumb","itemListElement":[{"@type":"ListItem","position":1,"name":"Home","item":"https:\/\/strangercam.com\/"},{"@type":"ListItem","position":2,"name":"Yubo"}]},{"@type":"WebSite","@id":"https:\/\/strangercam.com\/#website","url":"https:\/\/strangercam.com\/","name":"Strangercam","description":"Chat vid\u00e9o al\u00e9atoire avec des inconnus","publisher":{"@id":"https:\/\/strangercam.com\/#organization"},"alternateName":"Strangercam.com","potentialAction":[{"@type":"SearchAction","target":{"@type":"EntryPoint","urlTemplate":"https:\/\/strangercam.com\/?s={search_term_string}"},"query-input":{"@type":"PropertyValueSpecification","valueRequired":true,"valueName":"search_term_string"}}],"inLanguage":"fr-FR"},{"@type":"Organization","@id":"https:\/\/strangercam.com\/#organization","name":"Strangercam","alternateName":"Strangercam.com","url":"https:\/\/strangercam.com\/","logo":{"@type":"ImageObject","inLanguage":"fr-FR","@id":"https:\/\/strangercam.com\/#\/schema\/logo\/image\/","url":"https:\/\/strangercam.com\/wp-content\/uploads\/2020\/11\/cropped-new-favicon-black.png","contentUrl":"https:\/\/strangercam.com\/wp-content\/uploads\/2020\/11\/cropped-new-favicon-black.png","width":512,"height":512,"caption":"Strangercam"},"image":{"@id":"https:\/\/strangercam.com\/#\/schema\/logo\/image\/"},"sameAs":["https:\/\/www.facebook.com\/strangercam","https:\/\/x.com\/strangercamapp"]}]}},"_links":{"self":[{"href":"https:\/\/strangercam.com\/fr\/wp-json\/wp\/v2\/pages\/12830","targetHints":{"allow":["GET"]}}],"collection":[{"href":"https:\/\/strangercam.com\/fr\/wp-json\/wp\/v2\/pages"}],"about":[{"href":"https:\/\/strangercam.com\/fr\/wp-json\/wp\/v2\/types\/page"}],"author":[{"embeddable":true,"href":"https:\/\/strangercam.com\/fr\/wp-json\/wp\/v2\/users\/6"}],"replies":[{"embeddable":true,"href":"https:\/\/strangercam.com\/fr\/wp-json\/wp\/v2\/comments?post=12830"}],"version-history":[{"count":1,"href":"https:\/\/strangercam.com\/fr\/wp-json\/wp\/v2\/pages\/12830\/revisions"}],"predecessor-version":[{"id":12831,"href":"https:\/\/strangercam.com\/fr\/wp-json\/wp\/v2\/pages\/12830\/revisions\/12831"}],"wp:attachment":[{"href":"https:\/\/strangercam.com\/fr\/wp-json\/wp\/v2\/media?parent=12830"}],"curies":[{"name":"wp","href":"https:\/\/api.w.org\/{rel}","templated":true}]}}