{"id":12823,"date":"2025-05-01T22:41:55","date_gmt":"2025-05-01T20:41:55","guid":{"rendered":"https:\/\/strangercam.com\/?page_id=12823"},"modified":"2025-05-01T22:41:55","modified_gmt":"2025-05-01T20:41:55","slug":"bigo","status":"publish","type":"page","link":"https:\/\/strangercam.com\/fr\/bigo\/","title":{"rendered":"Bigo"},"content":{"rendered":"<p>Dans le cadre de la popularit\u00e9 croissante des plateformes vid\u00e9o en ligne, un nom a gagn\u00e9 en popularit\u00e9 au cours des derni\u00e8res ann\u00e9es : Bigo Live. \u00c9galement connue sous le nom de Bigo ou Bigo TV, cette plateforme est bien plus qu'un simple service de chat. Il s'agit d'une application sociale de diffusion en direct \u00e0 part enti\u00e8re qui allie diffusion vid\u00e9o, interaction en temps r\u00e9el, mon\u00e9tisation des influenceurs et, oui, chat vid\u00e9o en t\u00eate-\u00e0-t\u00eate.<\/p>\n<p>Avec des millions d'utilisateurs actifs quotidiens et un accent mis sur le divertissement et l'interaction sociale, Bigo Live est devenu un acteur majeur non seulement en Asie du Sud-Est, mais aussi dans le monde entier. Mais s'agit-il simplement d'un autre clone de TikTok avec une fonction de chat, ou y a-t-il quelque chose de plus cach\u00e9 ?<\/p>\n<p>Dans cet examen approfondi, nous allons explorer tout ce que Bigo Live a \u00e0 offrir - comment il fonctionne, quelles sont les caract\u00e9ristiques qui le distinguent, \u00e0 qui il s'adresse, comment fonctionne le syst\u00e8me de mon\u00e9tisation et comment il se compare \u00e0 d'autres applications de chat vid\u00e9o ou de diffusion en continu.<\/p>\n<h2>Qu'est-ce que Bigo Live ?<\/h2>\n<p>Bigo Live est une plateforme de diffusion en direct et de r\u00e9seautage social qui permet aux utilisateurs de se diffuser en temps r\u00e9el, d'interagir avec le public par le biais d'un chat en direct, d'h\u00e9berger des flux vid\u00e9o multi-utilisateurs et m\u00eame d'organiser des rencontres individuelles avec d'autres utilisateurs. <a href=\"https:\/\/strangercam.com\/fr\/bazoocam\/\">came<\/a> avec des fans ou des inconnus. Il a \u00e9t\u00e9 lanc\u00e9 en 2016 par la soci\u00e9t\u00e9 BIGO Technology, bas\u00e9e \u00e0 Singapour, qui est maintenant une filiale de JOYY Inc, une entreprise technologique chinoise.<\/p>\n<p>Bigo Live est disponible sous forme d'application mobile pour Android et iOS, et dispose \u00e9galement d'une version bas\u00e9e sur un navigateur. Elle prend en charge un large \u00e9ventail d'activit\u00e9s :<\/p>\n<ul>\n<li>Diffusion en direct (divertissement, chant, jeux, vlogging)<\/li>\n<li>Salles de chat vid\u00e9o de groupe<\/li>\n<li>Appels vid\u00e9o 1 \u00e0 1<\/li>\n<li>PK Battles (comp\u00e9titions streamer vs streamer)<\/li>\n<li>Cadeaux virtuels et mon\u00e9tisation des cr\u00e9ateurs<\/li>\n<\/ul>\n<p>L'originalit\u00e9 de Bigo r\u00e9side dans le fait qu'il combine l'attrait des m\u00e9dias sociaux, de la diffusion en direct et de l'interaction vid\u00e9o de cam\u00e9ra \u00e0 cam\u00e9ra en une seule plateforme unifi\u00e9e.<\/p>\n<h2>Quel est l'objectif de Bigo Live ?<\/h2>\n<p>L'objectif principal de Bigo Live est de cr\u00e9er une exp\u00e9rience sociale et de divertissement en temps r\u00e9el et en face \u00e0 face. Il ne s'agit pas uniquement d'une plateforme de chat vid\u00e9o comme <a href=\"https:\/\/strangercam.com\/fr\/omegle\/\">Omegle<\/a> ou <a href=\"https:\/\/strangercam.com\/fr\/chatroulette\/\">Chatroulette<\/a> - il s'apparente davantage \u00e0 Twitch qu'\u00e0 Instagram Live, mais avec des outils d'interaction personnelle suppl\u00e9mentaires.<\/p>\n<p>Il est con\u00e7u pour :<\/p>\n<ul>\n<li>Les cr\u00e9ateurs qui veulent diffuser en direct et d\u00e9velopper une base de fans<\/li>\n<li>Les t\u00e9l\u00e9spectateurs qui aiment regarder des flux occasionnels ou bas\u00e9s sur le talent<\/li>\n<li>Les utilisateurs qui souhaitent <a href=\"https:\/\/strangercam.com\/fr\/coomeet\/\">rencontrer<\/a> les gens par le biais d'une vid\u00e9o en direct plut\u00f4t que par le biais d'un profil<\/li>\n<li>Les personnes qui souhaitent gagner de l'argent gr\u00e2ce \u00e0 des spectacles en direct, au chat et \u00e0 l'engagement<\/li>\n<\/ul>\n<p>Que vous soyez ici pour regarder, diffuser, discuter ou mon\u00e9tiser votre pr\u00e9sence, Bigo Live prend en charge tous ces cas d'utilisation au sein d'une plateforme unique.<\/p>\n<h2>Caract\u00e9ristiques principales<\/h2>\n<p>1. Streaming en direct<br \/>\nLe c\u0153ur de Bigo Live est la diffusion publique. Tout utilisateur peut lancer un flux vid\u00e9o en direct et divertir ou dialoguer avec les t\u00e9l\u00e9spectateurs en temps r\u00e9el. Les cat\u00e9gories de flux les plus populaires sont le chant, la danse, les jeux, la cuisine, le chat, les conseils de beaut\u00e9 et le vlogging d\u00e9contract\u00e9.<\/p>\n<p>2. Interaction en temps r\u00e9el avec le spectateur<br \/>\nLes spectateurs peuvent commenter en direct, envoyer des cadeaux virtuels ou demander \u00e0 rejoindre le flux. L'engagement est personnel et non filtr\u00e9, ce qui cr\u00e9e un sentiment de communaut\u00e9 entre les cr\u00e9ateurs et les fans.<\/p>\n<p>3. Cadeaux virtuels et mon\u00e9tisation<br \/>\nLes t\u00e9l\u00e9spectateurs peuvent acheter des diamants Bigo (monnaie in-app) pour envoyer des cadeaux virtuels aux streamers. Ces derniers gagnent de l'argent r\u00e9el en convertissant les cadeaux en haricots, qui peuvent \u00eatre retir\u00e9s sous forme d'argent liquide. Bigo est devenu une source de revenus l\u00e9gitime pour de nombreux cr\u00e9ateurs \u00e0 temps plein.<\/p>\n<p>4. Appels vid\u00e9o 1 \u00e0 1<br \/>\nLes utilisateurs peuvent lancer des appels vid\u00e9o priv\u00e9s, de cam\u00e9ra \u00e0 cam\u00e9ra. Ces appels sont souvent utilis\u00e9s pour les interactions avec les fans ou les discussions informelles, mais il faut parfois d\u00e9penser de la monnaie in-app pour y acc\u00e9der.<\/p>\n<p>5. Salles de r\u00e9union \u00e0 plusieurs invit\u00e9s<br \/>\nLes streamers peuvent accueillir jusqu'\u00e0 9 personnes dans une salle en direct, facilitant ainsi les discussions de groupe, les concours de talents ou m\u00eame les formats de type jeu de rencontre. Ces salles sont publiques, mais elles peuvent \u00e9galement \u00eatre verrouill\u00e9es ou limit\u00e9es aux personnes qui les suivent.<\/p>\n<p>6. Batailles de PK<br \/>\nPopulaire parmi les diffuseurs, cette fonction permet \u00e0 deux diffuseurs de s'affronter dans une comp\u00e9tition en direct, o\u00f9 les spectateurs votent ou envoient des cadeaux pour d\u00e9terminer le vainqueur.<\/p>\n<p>7. Syst\u00e8me de niveaux et badges<br \/>\nLes streamers et les t\u00e9l\u00e9spectateurs gagnent des points et se classent en fonction de leur activit\u00e9. Les utilisateurs de haut niveau b\u00e9n\u00e9ficient d'une plus grande visibilit\u00e9 et d'avantages, ce qui ajoute une dimension ludique \u00e0 l'exp\u00e9rience.<\/p>\n<p>8. Filtres, autocollants et outils d'embellissement<br \/>\nComme TikTok ou Instagram, Bigo propose des filtres de visage, des effets AR et des options d'embellissement pour am\u00e9liorer l'apparence sur la cam\u00e9ra pendant les flux ou les chats.<\/p>\n<p>9. D\u00e9couverte bas\u00e9e sur la localisation<br \/>\nVous pouvez explorer les flux en direct d'utilisateurs proches de vous ou dans des pays sp\u00e9cifiques, ce qui facilite la recherche de contenu local ou la rencontre de personnes originaires de certaines r\u00e9gions.<\/p>\n<p>10. Membres VIP<br \/>\nPour les utilisateurs chevronn\u00e9s et les super fans, Bigo propose des formules d'abonnement VIP avec des fonctions suppl\u00e9mentaires telles que des badges exclusifs, plus de cr\u00e9dits d'appels vid\u00e9o et des am\u00e9liorations de profil.<\/p>\n<h2>Bigo Live est-il gratuit ?<\/h2>\n<p>Bigo Live est gratuit \u00e0 t\u00e9l\u00e9charger et \u00e0 utiliser. Regarder des flux en direct, discuter avec des streamers et consulter des profils ne co\u00fbte rien. Cependant, plusieurs fonctionnalit\u00e9s sont mon\u00e9tis\u00e9es :<\/p>\n<ul>\n<li>Cadeaux virtuels : Ils n\u00e9cessitent l'achat de Bigo Diamonds avec de l'argent r\u00e9el.<\/li>\n<li>Appels vid\u00e9o priv\u00e9s : Certains utilisateurs font payer l'acc\u00e8s aux chats en t\u00eate-\u00e0-t\u00eate.<\/li>\n<li>Augmentation des niveaux et adh\u00e9sions VIP : Les utilisateurs Premium b\u00e9n\u00e9ficient d'une plus grande visibilit\u00e9 et d'avantages.<\/li>\n<\/ul>\n<p>Si vous \u00eates un spectateur occasionnel, vous pouvez profiter de la majeure partie de Bigo Live sans payer. Mais pour les streamers actifs ou les superfans, il est courant de payer, et pour certains, n\u00e9cessaire pour acc\u00e9der \u00e0 certains utilisateurs ou fonctionnalit\u00e9s.<\/p>\n<h2>Qui utilise Bigo Live ?<\/h2>\n<p>Bigo Live dispose d'une base massive d'utilisateurs dans le monde entier, avec un engagement particuli\u00e8rement \u00e9lev\u00e9 dans les pays de l'Union europ\u00e9enne :<\/p>\n<ul>\n<li>Asie du Sud-Est (Indon\u00e9sie, Tha\u00eflande, Vietnam, Philippines)<\/li>\n<li>Inde<\/li>\n<li>Moyen-Orient (Arabie Saoudite, \u00c9gypte)<\/li>\n<li>Am\u00e9rique du Sud<\/li>\n<li>Parties de l'Europe et des \u00c9tats-Unis<\/li>\n<\/ul>\n<p>La tranche d'\u00e2ge de la plateforme est g\u00e9n\u00e9ralement comprise entre 18 et 35 ans, avec une r\u00e9partition assez \u00e9quilibr\u00e9e entre les hommes et les femmes parmi les streamers. Toutefois, les spectateurs ont tendance \u00e0 \u00eatre plus masculins, en particulier dans les flux ax\u00e9s sur le chat ou les adultes.<\/p>\n<p>Bigo fait appel \u00e0 :<\/p>\n<ul>\n<li>Artistes et influenceurs \u00e0 la recherche d'une exposition en direct<\/li>\n<li>Les adeptes du chat vid\u00e9o social qui souhaitent une connexion en temps r\u00e9el<\/li>\n<li>Les t\u00e9l\u00e9spectateurs recherchent des contenus divertissants en direct avec des fonctions interactives<\/li>\n<li>Les fans qui aiment soutenir directement les cr\u00e9ateurs<\/li>\n<\/ul>\n<h2>S\u00e9curit\u00e9, vie priv\u00e9e et mod\u00e9ration<\/h2>\n<p>Avec une plateforme de l'envergure de Bigo, la mod\u00e9ration est un d\u00e9fi majeur - et cela se voit. Bien que Bigo ait mis en place plusieurs outils pour promouvoir la s\u00e9curit\u00e9, il y a encore des probl\u00e8mes occasionnels avec des contenus inappropri\u00e9s, des escroqueries ou des utilisateurs mineurs.<\/p>\n<p>Voici ce que fait Bigo pour am\u00e9liorer la s\u00e9curit\u00e9 :<\/p>\n<ul>\n<li>R\u00e8gles strictes contre les contenus pour adultes, la nudit\u00e9 et les discours haineux<\/li>\n<li>Mod\u00e9ration en direct et analyse de l'IA pendant les flux<\/li>\n<li>Des programmes de streamers v\u00e9rifi\u00e9s pour garantir leur fiabilit\u00e9<\/li>\n<li>Outils de signalement et de blocage des utilisateurs<\/li>\n<li>Contr\u00f4les de confidentialit\u00e9 pour limiter les personnes qui peuvent vous contacter ou vous suivre<\/li>\n<\/ul>\n<p>Toutefois, il convient de noter que<\/p>\n<ul>\n<li>Contenu pour adultes <em>encore<\/em> existe, souvent en contournant les r\u00e8gles<\/li>\n<li>Les appels vid\u00e9o payants peuvent conduire \u00e0 des interactions transactionnelles<\/li>\n<li>Tous les streamers ne sont pas ce qu'ils pr\u00e9tendent \u00eatre<\/li>\n<li>Les donn\u00e9es personnelles ne doivent jamais \u00eatre communiqu\u00e9es lors de discussions priv\u00e9es<\/li>\n<\/ul>\n<p>S'il est utilis\u00e9 de mani\u00e8re responsable, Bigo Live est raisonnablement s\u00fbr, mais il convient mieux aux adultes qui comprennent les risques li\u00e9s \u00e0 l'interaction avec des inconnus en ligne.<\/p>\n<h2>Exp\u00e9rience et conception des utilisateurs<\/h2>\n<p>Bigo Live dispose d'une interface color\u00e9e et moderne, con\u00e7ue pour une utilisation mobile. La navigation est intuitive : l'\u00e9cran d'accueil pr\u00e9sente des flux en vogue, des onglets de d\u00e9couverte et des ic\u00f4nes claires pour passer en direct, chatter ou explorer les profils des utilisateurs.<\/p>\n<p>L'application est bien optimis\u00e9e pour tous les appareils et ne tra\u00eene que rarement, m\u00eame pendant les flux \u00e0 fort trafic. La qualit\u00e9 vid\u00e9o est solide et les d\u00e9lais de discussion sont minimes. Bien que visuellement charg\u00e9e, la mise en page reste utilisable et attrayante.<\/p>\n<p>L'exp\u00e9rience de l'application Bigo est sociale, gamifi\u00e9e et ax\u00e9e sur la communaut\u00e9. Pour les cr\u00e9ateurs, les outils sont clairement identifi\u00e9s et faciles \u00e0 g\u00e9rer. Pour les spectateurs, la plateforme est immersive sans \u00eatre envahissante.<\/p>\n<h2>Bigo Live par rapport \u00e0 d'autres plateformes<\/h2>\n<p>Voyons comment Bigo se positionne par rapport \u00e0 des applications similaires :<\/p>\n<table>\n<thead>\n<tr>\n<th>Fonctionnalit\u00e9<\/th>\n<th>Bigo Live<\/th>\n<th>TikTok Live<\/th>\n<th>Omegle<\/th>\n<th>Chatroulette<\/th>\n<th>YouNow<\/th>\n<\/tr>\n<\/thead>\n<tbody>\n<tr>\n<td>Streaming en direct<\/td>\n<td>Oui<\/td>\n<td>Oui<\/td>\n<td>Non<\/td>\n<td>Non<\/td>\n<td>Oui<\/td>\n<\/tr>\n<tr>\n<td>Random Video Chat avec des Inconnus<\/td>\n<td>Oui (1 contre 1)<\/td>\n<td>Non<\/td>\n<td>Oui<\/td>\n<td>Oui<\/td>\n<td>Non<\/td>\n<\/tr>\n<tr>\n<td>Mon\u00e9tisation<\/td>\n<td>Oui<\/td>\n<td>Oui<\/td>\n<td>Non<\/td>\n<td>Non<\/td>\n<td>Oui<\/td>\n<\/tr>\n<tr>\n<td>Monnaie de l'application<\/td>\n<td>Oui<\/td>\n<td>Oui<\/td>\n<td>Non<\/td>\n<td>Non<\/td>\n<td>Oui<\/td>\n<\/tr>\n<tr>\n<td>Optimis\u00e9 pour les mobiles<\/td>\n<td>Oui<\/td>\n<td>Oui<\/td>\n<td>Mod\u00e9r\u00e9<\/td>\n<td>Pauvre<\/td>\n<td>Oui<\/td>\n<\/tr>\n<tr>\n<td>Salles vid\u00e9o de groupe<\/td>\n<td>Oui<\/td>\n<td>Non<\/td>\n<td>Non<\/td>\n<td>Non<\/td>\n<td>Non<\/td>\n<\/tr>\n<tr>\n<td>Embellissement et filtres<\/td>\n<td>Oui<\/td>\n<td>Oui<\/td>\n<td>Non<\/td>\n<td>Non<\/td>\n<td>Non<\/td>\n<\/tr>\n<tr>\n<td>Interaction avec le public<\/td>\n<td>Haut<\/td>\n<td>Mod\u00e9r\u00e9<\/td>\n<td>Faible<\/td>\n<td>Faible<\/td>\n<td>Mod\u00e9r\u00e9<\/td>\n<\/tr>\n<tr>\n<td>Priv\u00e9 <a href=\"https:\/\/strangercam.com\/fr\/cam-a-cam-chat\/\">Cam Chat<\/a><\/td>\n<td>Oui<\/td>\n<td>Non<\/td>\n<td>Non<\/td>\n<td>Non<\/td>\n<td>Non<\/td>\n<\/tr>\n<\/tbody>\n<\/table>\n<h2>Avantages et inconv\u00e9nients<\/h2>\n<p>Pour :<\/p>\n<ul>\n<li>Une base d'utilisateurs massive et une port\u00e9e mondiale<\/li>\n<li>Diversit\u00e9 des contenus et des cat\u00e9gories<\/li>\n<li>Une v\u00e9ritable mon\u00e9tisation pour les cr\u00e9ateurs<\/li>\n<li>Forte exp\u00e9rience en mati\u00e8re de t\u00e9l\u00e9phonie mobile<\/li>\n<li>Les fonctions d'interaction en direct sont amusantes et personnelles<\/li>\n<li>Assistance vid\u00e9o en groupe et par chat en t\u00eate-\u00e0-t\u00eate<\/li>\n<li>Beaucoup d'\u00e9v\u00e9nements communautaires et d'engagement<\/li>\n<\/ul>\n<p>Cons :<\/p>\n<ul>\n<li>Peut \u00eatre accablant ou d\u00e9routant au d\u00e9but<\/li>\n<li>Risque de contenu inappropri\u00e9 ou d'escroquerie<\/li>\n<li>Les pouss\u00e9es de mon\u00e9tisation peuvent sembler agressives<\/li>\n<li>Consommation \u00e9lev\u00e9e de donn\u00e9es lors de la diffusion en direct<\/li>\n<li>Des fonctionnalit\u00e9s payantes sont n\u00e9cessaires pour un acc\u00e8s complet dans certaines zones<\/li>\n<\/ul>\n<h2>Cas d'utilisation id\u00e9aux<\/h2>\n<p>Bigo Live est parfait pour :<\/p>\n<ul>\n<li>Streamers en herbe cherchant \u00e0 se constituer un public<\/li>\n<li>Les fans de contenu interactif et de contenu en direct ax\u00e9 sur la personnalit\u00e9<\/li>\n<li>Les utilisateurs sociaux qui appr\u00e9cient les chats vid\u00e9o priv\u00e9s avec les cr\u00e9ateurs<\/li>\n<li>Les t\u00e9l\u00e9spectateurs qui souhaitent d\u00e9couvrir des divertissements issus de diff\u00e9rentes cultures<\/li>\n<li>Ceux qui recherchent une interaction sociale en temps r\u00e9el, avec des jeux<\/li>\n<\/ul>\n<p>Il n'est pas id\u00e9al pour :<\/p>\n<ul>\n<li>Personnes \u00e0 la recherche d'un chat purement al\u00e9atoire et anonyme<\/li>\n<li>Utilisateurs sensibles aux incitations \u00e0 la mon\u00e9tisation ou \u00e0 la pression des cadeaux<\/li>\n<li>Les moins de 18 ans (en raison de la nature sociale mature de la plateforme)<\/li>\n<\/ul>\n<h2>Verdict final<\/h2>\n<p>Bigo Live est une plateforme riche en fonctionnalit\u00e9s et mondialement populaire qui combine la diffusion sociale en direct et le chat vid\u00e9o interactif. Ce n'est pas la m\u00eame chose que Omegle ou Chatroulette - elle est plus sophistiqu\u00e9e, plus ax\u00e9e sur le divertissement et beaucoup plus mon\u00e9tis\u00e9e. Pour les cr\u00e9ateurs, il s'agit d'une v\u00e9ritable opportunit\u00e9 de gagner de l'argent gr\u00e2ce au contenu. Pour les utilisateurs, il s'agit d'un espace communautaire vivant qui leur permet d'entrer en contact avec des personnes du monde entier.<\/p>\n<p>Elle n'est pas parfaite - la plateforme est encore confront\u00e9e \u00e0 certains probl\u00e8mes de mod\u00e9ration et un acc\u00e8s premium est souvent n\u00e9cessaire pour une exp\u00e9rience optimale - mais dans l'ensemble, Bigo Live est une application qui se d\u00e9marque dans la cat\u00e9gorie des vid\u00e9os sociales.<\/p>\n<p>Que vous soyez l\u00e0 pour diffuser en continu, vous connecter ou simplement regarder, Bigo Live vous donne du fil \u00e0 retordre.<\/p>","protected":false},"excerpt":{"rendered":"<p>In the growing popularity of online video platforms, one name has surged in global popularity over the last few years: Bigo Live. Also known simply as Bigo or Bigo TV, this platform is far more than just a random chat service. It&#8217;s a full-fledged live streaming social app that blends video broadcasting, real-time interaction, influencer [&hellip;]<\/p>\n","protected":false},"author":6,"featured_media":0,"parent":0,"menu_order":0,"comment_status":"closed","ping_status":"closed","template":"","meta":{"footnotes":""},"class_list":["post-12823","page","type-page","status-publish","hentry"],"yoast_head":"<!-- This site is optimized with the Yoast SEO plugin v26.9 - https:\/\/yoast.com\/product\/yoast-seo-wordpress\/ -->\n<title>Bigo - Live stream chat rooms on StrangerCam.com<\/title>\n<meta name=\"description\" content=\"Like Bigo? Come chat with more than 5.000.000 strangers on Stranger Cam for Free! Turn on your cam and find new friends &amp; maby a match!\" \/>\n<meta name=\"robots\" content=\"index, follow, max-snippet:-1, max-image-preview:large, max-video-preview:-1\" \/>\n<link rel=\"canonical\" href=\"https:\/\/strangercam.com\/fr\/bigo\/\" \/>\n<meta property=\"og:locale\" content=\"fr_FR\" \/>\n<meta property=\"og:type\" content=\"article\" \/>\n<meta property=\"og:title\" content=\"Bigo - Live stream chat rooms on StrangerCam.com\" \/>\n<meta property=\"og:description\" content=\"Like Bigo? Come chat with more than 5.000.000 strangers on Stranger Cam for Free! Turn on your cam and find new friends &amp; maby a match!\" \/>\n<meta property=\"og:url\" content=\"https:\/\/strangercam.com\/fr\/bigo\/\" \/>\n<meta property=\"og:site_name\" content=\"Strangercam\" \/>\n<meta property=\"article:publisher\" content=\"https:\/\/www.facebook.com\/strangercam\" \/>\n<meta property=\"og:image\" content=\"https:\/\/strangercam.com\/wp-content\/uploads\/2021\/10\/Untitled-2.png\" \/>\n\t<meta property=\"og:image:width\" content=\"800\" \/>\n\t<meta property=\"og:image:height\" content=\"532\" \/>\n\t<meta property=\"og:image:type\" content=\"image\/png\" \/>\n<meta name=\"twitter:card\" content=\"summary_large_image\" \/>\n<meta name=\"twitter:site\" content=\"@strangercamapp\" \/>\n<meta name=\"twitter:label1\" content=\"Dur\u00e9e de lecture estim\u00e9e\" \/>\n\t<meta name=\"twitter:data1\" content=\"7 minutes\" \/>\n<script type=\"application\/ld+json\" class=\"yoast-schema-graph\">{\"@context\":\"https:\/\/schema.org\",\"@graph\":[{\"@type\":\"WebPage\",\"@id\":\"https:\/\/strangercam.com\/bigo\/\",\"url\":\"https:\/\/strangercam.com\/bigo\/\",\"name\":\"Bigo - Live stream chat rooms on StrangerCam.com\",\"isPartOf\":{\"@id\":\"https:\/\/strangercam.com\/#website\"},\"datePublished\":\"2025-05-01T20:41:55+00:00\",\"description\":\"Like Bigo? Come chat with more than 5.000.000 strangers on Stranger Cam for Free! Turn on your cam and find new friends & maby a match!\",\"breadcrumb\":{\"@id\":\"https:\/\/strangercam.com\/bigo\/#breadcrumb\"},\"inLanguage\":\"fr-FR\",\"potentialAction\":[{\"@type\":\"ReadAction\",\"target\":[\"https:\/\/strangercam.com\/bigo\/\"]}]},{\"@type\":\"BreadcrumbList\",\"@id\":\"https:\/\/strangercam.com\/bigo\/#breadcrumb\",\"itemListElement\":[{\"@type\":\"ListItem\",\"position\":1,\"name\":\"Home\",\"item\":\"https:\/\/strangercam.com\/\"},{\"@type\":\"ListItem\",\"position\":2,\"name\":\"Bigo\"}]},{\"@type\":\"WebSite\",\"@id\":\"https:\/\/strangercam.com\/#website\",\"url\":\"https:\/\/strangercam.com\/\",\"name\":\"Strangercam\",\"description\":\"Random Video Chat with Strangers\",\"publisher\":{\"@id\":\"https:\/\/strangercam.com\/#organization\"},\"alternateName\":\"Strangercam.com\",\"potentialAction\":[{\"@type\":\"SearchAction\",\"target\":{\"@type\":\"EntryPoint\",\"urlTemplate\":\"https:\/\/strangercam.com\/?s={search_term_string}\"},\"query-input\":{\"@type\":\"PropertyValueSpecification\",\"valueRequired\":true,\"valueName\":\"search_term_string\"}}],\"inLanguage\":\"fr-FR\"},{\"@type\":\"Organization\",\"@id\":\"https:\/\/strangercam.com\/#organization\",\"name\":\"Strangercam\",\"alternateName\":\"Strangercam.com\",\"url\":\"https:\/\/strangercam.com\/\",\"logo\":{\"@type\":\"ImageObject\",\"inLanguage\":\"fr-FR\",\"@id\":\"https:\/\/strangercam.com\/#\/schema\/logo\/image\/\",\"url\":\"https:\/\/strangercam.com\/wp-content\/uploads\/2020\/11\/cropped-new-favicon-black.png\",\"contentUrl\":\"https:\/\/strangercam.com\/wp-content\/uploads\/2020\/11\/cropped-new-favicon-black.png\",\"width\":512,\"height\":512,\"caption\":\"Strangercam\"},\"image\":{\"@id\":\"https:\/\/strangercam.com\/#\/schema\/logo\/image\/\"},\"sameAs\":[\"https:\/\/www.facebook.com\/strangercam\",\"https:\/\/x.com\/strangercamapp\"]}]}<\/script>\n<!-- \/ Yoast SEO plugin. -->","yoast_head_json":{"title":"Bigo - Tchat en direct sur StrangerCam.com","description":"Vous aimez Bigo ? Venez discuter avec plus de 5.000.000 d'inconnus sur Stranger Cam gratuitement ! Allume ta cam\u00e9ra et trouve de nouveaux amis et peut-\u00eatre un partenaire !","robots":{"index":"index","follow":"follow","max-snippet":"max-snippet:-1","max-image-preview":"max-image-preview:large","max-video-preview":"max-video-preview:-1"},"canonical":"https:\/\/strangercam.com\/fr\/bigo\/","og_locale":"fr_FR","og_type":"article","og_title":"Bigo - Live stream chat rooms on StrangerCam.com","og_description":"Like Bigo? Come chat with more than 5.000.000 strangers on Stranger Cam for Free! Turn on your cam and find new friends & maby a match!","og_url":"https:\/\/strangercam.com\/fr\/bigo\/","og_site_name":"Strangercam","article_publisher":"https:\/\/www.facebook.com\/strangercam","og_image":[{"width":800,"height":532,"url":"https:\/\/strangercam.com\/wp-content\/uploads\/2021\/10\/Untitled-2.png","type":"image\/png"}],"twitter_card":"summary_large_image","twitter_site":"@strangercamapp","twitter_misc":{"Dur\u00e9e de lecture estim\u00e9e":"7 minutes"},"schema":{"@context":"https:\/\/schema.org","@graph":[{"@type":"WebPage","@id":"https:\/\/strangercam.com\/bigo\/","url":"https:\/\/strangercam.com\/bigo\/","name":"Bigo - Tchat en direct sur StrangerCam.com","isPartOf":{"@id":"https:\/\/strangercam.com\/#website"},"datePublished":"2025-05-01T20:41:55+00:00","description":"Vous aimez Bigo ? Venez discuter avec plus de 5.000.000 d'inconnus sur Stranger Cam gratuitement ! Allume ta cam\u00e9ra et trouve de nouveaux amis et peut-\u00eatre un partenaire !","breadcrumb":{"@id":"https:\/\/strangercam.com\/bigo\/#breadcrumb"},"inLanguage":"fr-FR","potentialAction":[{"@type":"ReadAction","target":["https:\/\/strangercam.com\/bigo\/"]}]},{"@type":"BreadcrumbList","@id":"https:\/\/strangercam.com\/bigo\/#breadcrumb","itemListElement":[{"@type":"ListItem","position":1,"name":"Home","item":"https:\/\/strangercam.com\/"},{"@type":"ListItem","position":2,"name":"Bigo"}]},{"@type":"WebSite","@id":"https:\/\/strangercam.com\/#website","url":"https:\/\/strangercam.com\/","name":"Strangercam","description":"Chat vid\u00e9o al\u00e9atoire avec des inconnus","publisher":{"@id":"https:\/\/strangercam.com\/#organization"},"alternateName":"Strangercam.com","potentialAction":[{"@type":"SearchAction","target":{"@type":"EntryPoint","urlTemplate":"https:\/\/strangercam.com\/?s={search_term_string}"},"query-input":{"@type":"PropertyValueSpecification","valueRequired":true,"valueName":"search_term_string"}}],"inLanguage":"fr-FR"},{"@type":"Organization","@id":"https:\/\/strangercam.com\/#organization","name":"Strangercam","alternateName":"Strangercam.com","url":"https:\/\/strangercam.com\/","logo":{"@type":"ImageObject","inLanguage":"fr-FR","@id":"https:\/\/strangercam.com\/#\/schema\/logo\/image\/","url":"https:\/\/strangercam.com\/wp-content\/uploads\/2020\/11\/cropped-new-favicon-black.png","contentUrl":"https:\/\/strangercam.com\/wp-content\/uploads\/2020\/11\/cropped-new-favicon-black.png","width":512,"height":512,"caption":"Strangercam"},"image":{"@id":"https:\/\/strangercam.com\/#\/schema\/logo\/image\/"},"sameAs":["https:\/\/www.facebook.com\/strangercam","https:\/\/x.com\/strangercamapp"]}]}},"_links":{"self":[{"href":"https:\/\/strangercam.com\/fr\/wp-json\/wp\/v2\/pages\/12823","targetHints":{"allow":["GET"]}}],"collection":[{"href":"https:\/\/strangercam.com\/fr\/wp-json\/wp\/v2\/pages"}],"about":[{"href":"https:\/\/strangercam.com\/fr\/wp-json\/wp\/v2\/types\/page"}],"author":[{"embeddable":true,"href":"https:\/\/strangercam.com\/fr\/wp-json\/wp\/v2\/users\/6"}],"replies":[{"embeddable":true,"href":"https:\/\/strangercam.com\/fr\/wp-json\/wp\/v2\/comments?post=12823"}],"version-history":[{"count":2,"href":"https:\/\/strangercam.com\/fr\/wp-json\/wp\/v2\/pages\/12823\/revisions"}],"predecessor-version":[{"id":12825,"href":"https:\/\/strangercam.com\/fr\/wp-json\/wp\/v2\/pages\/12823\/revisions\/12825"}],"wp:attachment":[{"href":"https:\/\/strangercam.com\/fr\/wp-json\/wp\/v2\/media?parent=12823"}],"curies":[{"name":"wp","href":"https:\/\/api.w.org\/{rel}","templated":true}]}}