{"id":12815,"date":"2025-04-22T13:50:44","date_gmt":"2025-04-22T11:50:44","guid":{"rendered":"https:\/\/strangercam.com\/?page_id=12815"},"modified":"2025-04-22T13:50:44","modified_gmt":"2025-04-22T11:50:44","slug":"vanachat","status":"publish","type":"page","link":"https:\/\/strangercam.com\/fr\/vanachat\/","title":{"rendered":"VanaChat"},"content":{"rendered":"<p>Le monde de la vid\u00e9o al\u00e9atoire <a href=\"https:\/\/strangercam.com\/fr\/chathub\/\">chat<\/a> est tr\u00e8s concurrentiel, avec des plateformes telles que <a href=\"https:\/\/strangercam.com\/fr\/omegle\/\">Omegle<\/a>, <a href=\"https:\/\/strangercam.com\/fr\/chatroulette\/\">Chatroulette<\/a>, et des noms plus r\u00e9cents comme ChatMatch qui se battent pour dominer le march\u00e9. Mais de temps \u00e0 autre, un nouveau concurrent fait son apparition avec une approche unique. VanaChat est l'un de ces noms. Positionn\u00e9 quelque part entre un <a href=\"https:\/\/strangercam.com\/fr\/bazoocam\/\">came<\/a> et une application sociale l\u00e9g\u00e8re, VanaChat attire rapidement l'attention - mais vaut-il vraiment la peine d'\u00eatre utilis\u00e9 ?<\/p>\n<p>Dans cet examen complet, nous explorons tout ce que VanaChat offre : ses fonctionnalit\u00e9s, son exp\u00e9rience utilisateur, son public, ses outils de s\u00e9curit\u00e9 et sa comparaison avec d'autres plateformes de chat populaires.<\/p>\n<h2>Qu'est-ce que VanaChat ?<\/h2>\n<p>VanaChat est une plateforme de chat vid\u00e9o al\u00e9atoire bas\u00e9e sur un navigateur qui m\u00e9lange les conversations vid\u00e9o traditionnelles en t\u00eate-\u00e0-t\u00eate avec des fonctions de d\u00e9couverte sociale l\u00e9g\u00e8res. Contrairement aux sites plus anciens qui se concentrent uniquement sur le hasard, VanaChat ajoute une couche sociale plus moderne \u00e0 l'exp\u00e9rience - en proposant des profils optionnels, des correspondances bas\u00e9es sur les int\u00e9r\u00eats, et m\u00eame un syst\u00e8me de r\u00e9putation l\u00e9ger.<\/p>\n<p>Lanc\u00e9 au milieu des ann\u00e9es 20, VanaChat se pr\u00e9sente comme un \u201cespace s\u00fbr et amical pour <a href=\"https:\/\/strangercam.com\/fr\/coomeet\/\">rencontrer<\/a> de nouvelles personnes en face \u00e0 face\". Bien que l'exp\u00e9rience de base tourne toujours autour d'interactions instantan\u00e9es par webcam avec des inconnus, la plateforme s'efforce de favoriser un environnement plus respectueux et plus engageant.<\/p>\n<h2>L'objectif de VanaChat<\/h2>\n<p>L'objectif principal de VanaChat est de fournir une exp\u00e9rience de chat vid\u00e9o al\u00e9atoire qui semble plus humaine et moins chaotique. Il est con\u00e7u pour \u00eatre amusant et spontan\u00e9, mais sans les trolls, la nudit\u00e9 et le spam que l'on trouve souvent sur les plateformes compl\u00e8tement anonymes.<\/p>\n<p>VanaChat est id\u00e9al pour :<\/p>\n<ul>\n<li>Les personnes qui souhaitent rencontrer d'autres personnes en face \u00e0 face et en temps r\u00e9el<\/li>\n<li>Utilisateurs \u00e0 la recherche de conversations d\u00e9contract\u00e9es ou de nouvelles amiti\u00e9s<\/li>\n<li>Les utilisateurs socialement curieux qui aiment parler \u00e0 des inconnus mais pr\u00e9f\u00e8rent avoir un peu plus de contr\u00f4le sur les personnes avec lesquelles ils se connectent.<\/li>\n<li>Tous ceux qui recherchent une alternative plus s\u00fbre et plus moderne aux sites de rencontres non mod\u00e9r\u00e9s.<\/li>\n<\/ul>\n<p>La plateforme n'est pas une application de rencontre \u00e0 proprement parler, mais elle favorise le flirt l\u00e9ger et la d\u00e9couverte sociale, en particulier chez les jeunes adultes.<\/p>\n<h2>Caract\u00e9ristiques principales<\/h2>\n<p>1. Chat vid\u00e9o en t\u00eate-\u00e0-t\u00eate<br \/>\nVanaChat propose un chat vid\u00e9o rapide et al\u00e9atoire entre les utilisateurs. Un clic et vous \u00eates connect\u00e9 \u00e0 quelqu'un de nouveau. Les flux vid\u00e9o sont r\u00e9actifs et la pr\u00e9sentation est claire, privil\u00e9giant l'exp\u00e9rience en face \u00e0 face.<\/p>\n<p>2. L'appariement bas\u00e9 sur les int\u00e9r\u00eats<br \/>\nLes utilisateurs peuvent choisir parmi une liste de centres d'int\u00e9r\u00eat - allant des films aux jeux en passant par les langues et le style de vie - et la plateforme tente de mettre en relation des personnes ayant des pr\u00e9f\u00e9rences similaires. Bien qu'elle ne soit pas aussi approfondie que les applications de rencontres bas\u00e9es sur des algorithmes, elle r\u00e9duit le caract\u00e8re al\u00e9atoire et permet de susciter des conversations plus constructives.<\/p>\n<p>3. Profils d'utilisateurs optionnels<br \/>\nVous pouvez cr\u00e9er un profil de base avec un nom d'utilisateur, des centres d'int\u00e9r\u00eat et une br\u00e8ve biographie. Vous pouvez \u00e9galement t\u00e9l\u00e9charger une photo de profil. Bien que la cr\u00e9ation d'un profil ne soit pas obligatoire, les utilisateurs dont le profil est complet ont tendance \u00e0 obtenir des correspondances plus longues et plus fr\u00e9quentes.<\/p>\n<p>4. Syst\u00e8me de r\u00e9putation<br \/>\nApr\u00e8s chaque discussion, les utilisateurs peuvent \u00e9valuer leur exp\u00e9rience. Au fil du temps, cela permet de cr\u00e9er un score de r\u00e9putation qui aide \u00e0 rep\u00e9rer les utilisateurs de meilleure qualit\u00e9 et \u00e0 repousser les spammeurs ou les trolls. Bien qu'il soit encore en phase b\u00eata, ce syst\u00e8me semble prometteur pour am\u00e9liorer l'ambiance g\u00e9n\u00e9rale de la plateforme.<\/p>\n<p>5. Contr\u00f4les du chat et outils de mod\u00e9ration<br \/>\nVous pouvez ignorer des utilisateurs, les mettre en sourdine, signaler un comportement inappropri\u00e9 et bloquer toute personne avec laquelle vous ne voulez plus parler. Les rapports sont examin\u00e9s par des mod\u00e9rateurs, et le syst\u00e8me est soutenu par une analyse de contenu de base par l'IA pour d\u00e9tecter la nudit\u00e9 ou les comportements offensants.<\/p>\n<p>6. Optimisation des ordinateurs de bureau et des t\u00e9l\u00e9phones portables<br \/>\nVanaChat fonctionne de mani\u00e8re transparente dans les navigateurs modernes, qu'il s'agisse d'un ordinateur de bureau ou d'un t\u00e9l\u00e9phone portable. Il n'y a pas encore d'application mobile d\u00e9di\u00e9e, mais l'exp\u00e9rience du navigateur mobile est r\u00e9active et intuitive. Aucun t\u00e9l\u00e9chargement n'est n\u00e9cessaire.<\/p>\n<p>7. Aucune inscription n'est requise (mais encourag\u00e9e)<br \/>\nVous pouvez commencer \u00e0 chatter sans cr\u00e9er de compte, mais l'inscription d\u00e9bloque des fonctionnalit\u00e9s suppl\u00e9mentaires comme le filtrage des int\u00e9r\u00eats, l'enregistrement de votre profil et l'acc\u00e8s \u00e0 votre score de r\u00e9putation.<\/p>\n<h2>VanaChat est-il gratuit ?<\/h2>\n<p>Oui, l'utilisation de VanaChat est gratuite et vous pouvez acc\u00e9der aux fonctionnalit\u00e9s de base du chat vid\u00e9o sans d\u00e9bourser un centime. Cependant, il existe un plan premium qui permet de d\u00e9bloquer :<\/p>\n<ul>\n<li>Am\u00e9lioration de l'appariement par r\u00e9gion ou par sexe<\/li>\n<li>Placement prioritaire dans la file d'attente du chat<\/li>\n<li>Une exp\u00e9rience sans publicit\u00e9<\/li>\n<li>Options de personnalisation du profil<\/li>\n<\/ul>\n<p>La version premium est propos\u00e9e \u00e0 un prix comp\u00e9titif, g\u00e9n\u00e9ralement compris entre $6 et $10 par mois, en fonction de la formule d'abonnement. Pour la plupart des utilisateurs, la version gratuite est parfaitement fonctionnelle, mais la version premium est une bonne valeur pour ceux qui recherchent plus de contr\u00f4le et un flux d'utilisateurs plus fluide.<\/p>\n<h2>Qui utilise VanaChat ?<\/h2>\n<p>VanaChat a une base d'utilisateurs croissante dans plusieurs r\u00e9gions cl\u00e9s :<\/p>\n<ul>\n<li>\u00c9tats-Unis<\/li>\n<li>Canada<\/li>\n<li>Royaume-Uni<\/li>\n<li>Allemagne<\/li>\n<li>Br\u00e9sil<\/li>\n<li>Inde<\/li>\n<\/ul>\n<p>La majorit\u00e9 des utilisateurs sont \u00e2g\u00e9s de 18 \u00e0 34 ans, avec un m\u00e9lange assez diversifi\u00e9 de sexes et d'origines. Si la plupart d'entre eux utilisent la plateforme pour s'amuser et avoir des conversations d\u00e9contract\u00e9es, une partie non n\u00e9gligeable des utilisateurs semble r\u00e9ellement int\u00e9ress\u00e9e par la possibilit\u00e9 de se faire des amis ou de trouver des personnes partageant les m\u00eames centres d'int\u00e9r\u00eat qu'eux.<\/p>\n<p>VanaChat est particuli\u00e8rement populaire parmi les :<\/p>\n<ul>\n<li>\u00c9tudiants<\/li>\n<li>Jeunes professionnels<\/li>\n<li>Nomades num\u00e9riques et expatri\u00e9s cherchant \u00e0 rencontrer des gens dans de nouveaux endroits<\/li>\n<li>Les apprenants de langues qui souhaitent s'exercer avec des locuteurs natifs<\/li>\n<\/ul>\n<h2>S\u00e9curit\u00e9, vie priv\u00e9e et mod\u00e9ration<\/h2>\n<p>Les plateformes de chat en ligne sont souvent confront\u00e9es \u00e0 des probl\u00e8mes de s\u00e9curit\u00e9 et de mod\u00e9ration, mais VanaChat prend ce probl\u00e8me au s\u00e9rieux. Voici comment :<\/p>\n<ul>\n<li>Surveillance bas\u00e9e sur l'IA : La plateforme utilise l'apprentissage automatique pour d\u00e9tecter automatiquement la nudit\u00e9 ou les gestes offensants dans les flux vid\u00e9o. Bien qu'imparfaite, cette m\u00e9thode permet de r\u00e9duire l'exposition \u00e0 des contenus explicites.<\/li>\n<li>Rapports d'utilisateurs et mod\u00e9ration : Chaque session de chat se termine par une demande de commentaires, et les rapports sont examin\u00e9s dans les 24 heures.<\/li>\n<li>Syst\u00e8me de r\u00e9putation et d'\u00e9valuation : Permet de filtrer les utilisateurs probl\u00e9matiques et de promouvoir un comportement plus respectueux au fil du temps.<\/li>\n<li>Aucune information personnelle n'est requise : Aucun num\u00e9ro de t\u00e9l\u00e9phone ou adresse \u00e9lectronique ne vous est demand\u00e9, \u00e0 moins que vous ne vous inscriviez (et m\u00eame dans ce cas, c'est facultatif).<\/li>\n<\/ul>\n<p>VanaChat ne collecte pas de donn\u00e9es excessives et permet aux utilisateurs de rester aussi anonymes qu'ils le souhaitent. Toutefois, les utilisateurs doivent faire preuve de bon sens : ne partagez pas d'informations personnelles, ne cliquez pas sur des liens et n'entrez pas en contact avec des utilisateurs qui vous mettent mal \u00e0 l'aise.<\/p>\n<h2>Exp\u00e9rience et conception des utilisateurs<\/h2>\n<p>L'interface de VanaChat est d'une modernit\u00e9 rafra\u00eechissante. La plateforme est visuellement propre, intuitive et r\u00e9active. La navigation est simple : un grand \u00e9cran vid\u00e9o domine l'interface, les commandes et les param\u00e8tres du chat \u00e9tant soigneusement rang\u00e9s dans des panneaux lat\u00e9raux. Il n'y a pas de banni\u00e8res encombrantes, de fen\u00eatres contextuelles ou de publicit\u00e9s g\u00eanantes qui interrompent le flux.<\/p>\n<p>L'esth\u00e9tique g\u00e9n\u00e9rale est jeune et conviviale, sans chercher \u00e0 s\u00e9duire une population particuli\u00e8re. On a l'impression qu'il s'agit d'un produit con\u00e7u pour une interaction d\u00e9contract\u00e9e - ni pour un contenu adulte, ni pour des rencontres - ce qui en fait un bon moyen terme.<\/p>\n<p>Les temps de chargement des pages sont rapides, la qualit\u00e9 vid\u00e9o est solide et les transitions entre les chats sont fluides et sans d\u00e9calage dans la plupart des cas. Sur mobile, la plateforme ressemble presque \u00e0 une application en termes de rapidit\u00e9 et de convivialit\u00e9, ce qui est impressionnant pour une exp\u00e9rience bas\u00e9e sur un navigateur.<\/p>\n<h2>VanaChat vs. autres plateformes de chat<\/h2>\n<p>Voyons comment VanaChat se compare \u00e0 d'autres plateformes de premier plan :<\/p>\n<table>\n<thead>\n<tr>\n<th>Fonctionnalit\u00e9<\/th>\n<th>VanaChat<\/th>\n<th>Omegle<\/th>\n<th>ChatMatch<\/th>\n<th>Chatspin<\/th>\n<th>Emerald Chat<\/th>\n<\/tr>\n<\/thead>\n<tbody>\n<tr>\n<td>Chat vid\u00e9o<\/td>\n<td>Oui<\/td>\n<td>Oui<\/td>\n<td>Oui<\/td>\n<td>Oui<\/td>\n<td>Oui<\/td>\n<\/tr>\n<tr>\n<td>Correspondance des int\u00e9r\u00eats<\/td>\n<td>Oui<\/td>\n<td>Non<\/td>\n<td>Oui<\/td>\n<td>Oui<\/td>\n<td>Oui<\/td>\n<\/tr>\n<tr>\n<td>Profils (en option)<\/td>\n<td>Oui<\/td>\n<td>Non<\/td>\n<td>En option<\/td>\n<td>En option<\/td>\n<td>Oui<\/td>\n<\/tr>\n<tr>\n<td>Syst\u00e8me de r\u00e9putation<\/td>\n<td>Oui<\/td>\n<td>Non<\/td>\n<td>Non<\/td>\n<td>Non<\/td>\n<td>Oui<\/td>\n<\/tr>\n<tr>\n<td>Filtres de genre\/r\u00e9gion<\/td>\n<td>Pay\u00e9<\/td>\n<td>Pay\u00e9<\/td>\n<td>Pay\u00e9<\/td>\n<td>Gratuit\/Payant<\/td>\n<td>Oui<\/td>\n<\/tr>\n<tr>\n<td>Optimis\u00e9 pour les mobiles<\/td>\n<td>Oui<\/td>\n<td>Mod\u00e9r\u00e9<\/td>\n<td>Oui<\/td>\n<td>Excellent<\/td>\n<td>Bon<\/td>\n<\/tr>\n<tr>\n<td>Outils de mod\u00e9ration<\/td>\n<td>Fort<\/td>\n<td>Faible<\/td>\n<td>Mod\u00e9r\u00e9<\/td>\n<td>Bon<\/td>\n<td>Fort<\/td>\n<\/tr>\n<tr>\n<td>Inscription obligatoire<\/td>\n<td>Non<\/td>\n<td>Non<\/td>\n<td>En option<\/td>\n<td>En option<\/td>\n<td>Oui<\/td>\n<\/tr>\n<\/tbody>\n<\/table>\n<h2>Avantages et inconv\u00e9nients<\/h2>\n<p>Pour :<\/p>\n<ul>\n<li>Utilisation gratuite sans obligation de se connecter<\/li>\n<li>Interface propre et moderne avec des performances rapides<\/li>\n<li>L'appariement bas\u00e9 sur les centres d'int\u00e9r\u00eat am\u00e9liore la qualit\u00e9 des conversations<\/li>\n<li>Le syst\u00e8me de r\u00e9putation r\u00e9compense les bons comportements<\/li>\n<li>Profils optionnels sans \u00eatre intrusifs<\/li>\n<li>Mod\u00e9ration active et analyse du contenu<\/li>\n<li>Convivialit\u00e9 mobile sans avoir besoin d'une application<\/li>\n<\/ul>\n<p>Cons :<\/p>\n<ul>\n<li>Base d'utilisateurs plus restreinte que les plateformes comme Omegle<\/li>\n<li>Les filtres de genre et de r\u00e9gion requi\u00e8rent une prime<\/li>\n<li>Toujours sujet \u00e0 des comportements inappropri\u00e9s occasionnels<\/li>\n<li>Pas de traducteur int\u00e9gr\u00e9 pour les chats internationaux<\/li>\n<li>Pas encore de chat de groupe ou de fonctions multi-utilisateurs<\/li>\n<\/ul>\n<h2>Cas d'utilisation id\u00e9aux<\/h2>\n<p>VanaChat est parfait pour :<\/p>\n<ul>\n<li>Les personnes qui appr\u00e9cient les discussions vid\u00e9o en t\u00eate-\u00e0-t\u00eate un peu plus structur\u00e9es<\/li>\n<li>Utilisateurs recherchant des conversations spontan\u00e9es mais respectueuses<\/li>\n<li>Socialisation d\u00e9contract\u00e9e, flirt l\u00e9ger et rencontre de nouvelles personnes dans l'ensemble.<\/li>\n<li>Ceux qui n'aiment pas le chaos des plateformes non mod\u00e9r\u00e9es comme Omegle<\/li>\n<\/ul>\n<p>Il n'est pas id\u00e9al pour :<\/p>\n<ul>\n<li>Les utilisateurs s'attendent \u00e0 une curation ou \u00e0 une mise en relation au niveau de l'application de rencontre<\/li>\n<li>Ceux qui recherchent des chats de groupe ou des forums de discussion th\u00e9matiques<\/li>\n<li>Les personnes qui pr\u00e9f\u00e8rent les interactions purement anonymes et textuelles<\/li>\n<\/ul>\n<h2>Verdict final<\/h2>\n<p>VanaChat est un ajout rafra\u00eechissant au paysage du chat vid\u00e9o. Il combine l'imm\u00e9diatet\u00e9 des plateformes de chat al\u00e9atoires avec quelques am\u00e9liorations modernes - filtres d'int\u00e9r\u00eat, syst\u00e8mes de r\u00e9putation et profils optionnels - qui rendent l'exp\u00e9rience plus agr\u00e9able et plus conviviale.<\/p>\n<p>Pour ceux qui sont fatigu\u00e9s des bots, des trolls ou des surprises NSFW sur d'autres sites, VanaChat offre une exp\u00e9rience plus propre, plus amicale et plus humaine. Il n'a peut-\u00eatre pas le m\u00eame volume d'utilisateurs que les grandes plateformes, mais ce qui lui manque en termes d'\u00e9chelle, il le compense en termes de qualit\u00e9.<\/p>\n<p>Que vous cherchiez \u00e0 discuter avec des inconnus, \u00e0 vous faire des amis ou simplement \u00e0 passer le temps d'une mani\u00e8re plus sociale, VanaChat vaut absolument la peine d'\u00eatre d\u00e9couvert.<\/p>","protected":false},"excerpt":{"rendered":"<p>The world of random video chat apps is highly competitive, with platforms like Omegle, Chatroulette, and newer names like ChatMatch fighting for dominance. But every now and then, a new contender enters the space with a unique approach. VanaChat is one of those names. Positioned somewhere between a casual cam chat site and a lightweight [&hellip;]<\/p>\n","protected":false},"author":6,"featured_media":0,"parent":0,"menu_order":0,"comment_status":"closed","ping_status":"closed","template":"","meta":{"footnotes":""},"class_list":["post-12815","page","type-page","status-publish","hentry"],"yoast_head":"<!-- This site is optimized with the Yoast SEO plugin v27.4 - https:\/\/yoast.com\/product\/yoast-seo-wordpress\/ -->\n<title>VanaChat - Live video chat with girls on StrangerCam.com<\/title>\n<meta name=\"description\" content=\"Like VanaChat? Come chat with more than 5.000.000 strangers on Stranger Cam for Free! Turn on your cam and find new friends &amp; maby a match!\" \/>\n<meta name=\"robots\" content=\"index, follow, max-snippet:-1, max-image-preview:large, max-video-preview:-1\" \/>\n<link rel=\"canonical\" href=\"https:\/\/strangercam.com\/fr\/vanachat\/\" \/>\n<meta property=\"og:locale\" content=\"fr_FR\" \/>\n<meta property=\"og:type\" content=\"article\" \/>\n<meta property=\"og:title\" content=\"VanaChat - Live video chat with girls on StrangerCam.com\" \/>\n<meta property=\"og:description\" content=\"Like VanaChat? Come chat with more than 5.000.000 strangers on Stranger Cam for Free! Turn on your cam and find new friends &amp; maby a match!\" \/>\n<meta property=\"og:url\" content=\"https:\/\/strangercam.com\/fr\/vanachat\/\" \/>\n<meta property=\"og:site_name\" content=\"Strangercam\" \/>\n<meta property=\"article:publisher\" content=\"https:\/\/www.facebook.com\/strangercam\" \/>\n<meta property=\"og:image\" content=\"https:\/\/strangercam.com\/wp-content\/uploads\/2021\/10\/Untitled-2.png\" \/>\n\t<meta property=\"og:image:width\" content=\"800\" \/>\n\t<meta property=\"og:image:height\" content=\"532\" \/>\n\t<meta property=\"og:image:type\" content=\"image\/png\" \/>\n<meta name=\"twitter:card\" content=\"summary_large_image\" \/>\n<meta name=\"twitter:site\" content=\"@strangercamapp\" \/>\n<meta name=\"twitter:label1\" content=\"Dur\u00e9e de lecture estim\u00e9e\" \/>\n\t<meta name=\"twitter:data1\" content=\"7 minutes\" \/>\n<script type=\"application\/ld+json\" class=\"yoast-schema-graph\">{\"@context\":\"https:\\\/\\\/schema.org\",\"@graph\":[{\"@type\":\"WebPage\",\"@id\":\"https:\\\/\\\/strangercam.com\\\/vanachat\\\/\",\"url\":\"https:\\\/\\\/strangercam.com\\\/vanachat\\\/\",\"name\":\"VanaChat - Live video chat with girls on StrangerCam.com\",\"isPartOf\":{\"@id\":\"https:\\\/\\\/strangercam.com\\\/#website\"},\"datePublished\":\"2025-04-22T11:50:44+00:00\",\"description\":\"Like VanaChat? Come chat with more than 5.000.000 strangers on Stranger Cam for Free! Turn on your cam and find new friends & maby a match!\",\"breadcrumb\":{\"@id\":\"https:\\\/\\\/strangercam.com\\\/vanachat\\\/#breadcrumb\"},\"inLanguage\":\"fr-FR\",\"potentialAction\":[{\"@type\":\"ReadAction\",\"target\":[\"https:\\\/\\\/strangercam.com\\\/vanachat\\\/\"]}]},{\"@type\":\"BreadcrumbList\",\"@id\":\"https:\\\/\\\/strangercam.com\\\/vanachat\\\/#breadcrumb\",\"itemListElement\":[{\"@type\":\"ListItem\",\"position\":1,\"name\":\"Home\",\"item\":\"https:\\\/\\\/strangercam.com\\\/\"},{\"@type\":\"ListItem\",\"position\":2,\"name\":\"VanaChat\"}]},{\"@type\":\"WebSite\",\"@id\":\"https:\\\/\\\/strangercam.com\\\/#website\",\"url\":\"https:\\\/\\\/strangercam.com\\\/\",\"name\":\"Strangercam\",\"description\":\"Random Video Chat with Strangers\",\"publisher\":{\"@id\":\"https:\\\/\\\/strangercam.com\\\/#organization\"},\"alternateName\":\"Strangercam.com\",\"potentialAction\":[{\"@type\":\"SearchAction\",\"target\":{\"@type\":\"EntryPoint\",\"urlTemplate\":\"https:\\\/\\\/strangercam.com\\\/?s={search_term_string}\"},\"query-input\":{\"@type\":\"PropertyValueSpecification\",\"valueRequired\":true,\"valueName\":\"search_term_string\"}}],\"inLanguage\":\"fr-FR\"},{\"@type\":\"Organization\",\"@id\":\"https:\\\/\\\/strangercam.com\\\/#organization\",\"name\":\"Strangercam\",\"alternateName\":\"Strangercam.com\",\"url\":\"https:\\\/\\\/strangercam.com\\\/\",\"logo\":{\"@type\":\"ImageObject\",\"inLanguage\":\"fr-FR\",\"@id\":\"https:\\\/\\\/strangercam.com\\\/#\\\/schema\\\/logo\\\/image\\\/\",\"url\":\"https:\\\/\\\/strangercam.com\\\/wp-content\\\/uploads\\\/2020\\\/11\\\/cropped-new-favicon-black.png\",\"contentUrl\":\"https:\\\/\\\/strangercam.com\\\/wp-content\\\/uploads\\\/2020\\\/11\\\/cropped-new-favicon-black.png\",\"width\":512,\"height\":512,\"caption\":\"Strangercam\"},\"image\":{\"@id\":\"https:\\\/\\\/strangercam.com\\\/#\\\/schema\\\/logo\\\/image\\\/\"},\"sameAs\":[\"https:\\\/\\\/www.facebook.com\\\/strangercam\",\"https:\\\/\\\/x.com\\\/strangercamapp\"]}]}<\/script>\n<!-- \/ Yoast SEO plugin. -->","yoast_head_json":{"title":"VanaChat - Chat vid\u00e9o en direct avec des filles sur StrangerCam.com","description":"Vous aimez VanaChat ? Viens discuter avec plus de 5.000.000 d'inconnus sur Stranger Cam gratuitement ! Allume ta cam\u00e9ra et trouve de nouveaux amis et peut-\u00eatre un partenaire !","robots":{"index":"index","follow":"follow","max-snippet":"max-snippet:-1","max-image-preview":"max-image-preview:large","max-video-preview":"max-video-preview:-1"},"canonical":"https:\/\/strangercam.com\/fr\/vanachat\/","og_locale":"fr_FR","og_type":"article","og_title":"VanaChat - Live video chat with girls on StrangerCam.com","og_description":"Like VanaChat? Come chat with more than 5.000.000 strangers on Stranger Cam for Free! Turn on your cam and find new friends & maby a match!","og_url":"https:\/\/strangercam.com\/fr\/vanachat\/","og_site_name":"Strangercam","article_publisher":"https:\/\/www.facebook.com\/strangercam","og_image":[{"width":800,"height":532,"url":"https:\/\/strangercam.com\/wp-content\/uploads\/2021\/10\/Untitled-2.png","type":"image\/png"}],"twitter_card":"summary_large_image","twitter_site":"@strangercamapp","twitter_misc":{"Dur\u00e9e de lecture estim\u00e9e":"7 minutes"},"schema":{"@context":"https:\/\/schema.org","@graph":[{"@type":"WebPage","@id":"https:\/\/strangercam.com\/vanachat\/","url":"https:\/\/strangercam.com\/vanachat\/","name":"VanaChat - Chat vid\u00e9o en direct avec des filles sur StrangerCam.com","isPartOf":{"@id":"https:\/\/strangercam.com\/#website"},"datePublished":"2025-04-22T11:50:44+00:00","description":"Vous aimez VanaChat ? Viens discuter avec plus de 5.000.000 d'inconnus sur Stranger Cam gratuitement ! Allume ta cam\u00e9ra et trouve de nouveaux amis et peut-\u00eatre un partenaire !","breadcrumb":{"@id":"https:\/\/strangercam.com\/vanachat\/#breadcrumb"},"inLanguage":"fr-FR","potentialAction":[{"@type":"ReadAction","target":["https:\/\/strangercam.com\/vanachat\/"]}]},{"@type":"BreadcrumbList","@id":"https:\/\/strangercam.com\/vanachat\/#breadcrumb","itemListElement":[{"@type":"ListItem","position":1,"name":"Home","item":"https:\/\/strangercam.com\/"},{"@type":"ListItem","position":2,"name":"VanaChat"}]},{"@type":"WebSite","@id":"https:\/\/strangercam.com\/#website","url":"https:\/\/strangercam.com\/","name":"Strangercam","description":"Chat vid\u00e9o al\u00e9atoire avec des inconnus","publisher":{"@id":"https:\/\/strangercam.com\/#organization"},"alternateName":"Strangercam.com","potentialAction":[{"@type":"SearchAction","target":{"@type":"EntryPoint","urlTemplate":"https:\/\/strangercam.com\/?s={search_term_string}"},"query-input":{"@type":"PropertyValueSpecification","valueRequired":true,"valueName":"search_term_string"}}],"inLanguage":"fr-FR"},{"@type":"Organization","@id":"https:\/\/strangercam.com\/#organization","name":"Strangercam","alternateName":"Strangercam.com","url":"https:\/\/strangercam.com\/","logo":{"@type":"ImageObject","inLanguage":"fr-FR","@id":"https:\/\/strangercam.com\/#\/schema\/logo\/image\/","url":"https:\/\/strangercam.com\/wp-content\/uploads\/2020\/11\/cropped-new-favicon-black.png","contentUrl":"https:\/\/strangercam.com\/wp-content\/uploads\/2020\/11\/cropped-new-favicon-black.png","width":512,"height":512,"caption":"Strangercam"},"image":{"@id":"https:\/\/strangercam.com\/#\/schema\/logo\/image\/"},"sameAs":["https:\/\/www.facebook.com\/strangercam","https:\/\/x.com\/strangercamapp"]}]}},"_links":{"self":[{"href":"https:\/\/strangercam.com\/fr\/wp-json\/wp\/v2\/pages\/12815","targetHints":{"allow":["GET"]}}],"collection":[{"href":"https:\/\/strangercam.com\/fr\/wp-json\/wp\/v2\/pages"}],"about":[{"href":"https:\/\/strangercam.com\/fr\/wp-json\/wp\/v2\/types\/page"}],"author":[{"embeddable":true,"href":"https:\/\/strangercam.com\/fr\/wp-json\/wp\/v2\/users\/6"}],"replies":[{"embeddable":true,"href":"https:\/\/strangercam.com\/fr\/wp-json\/wp\/v2\/comments?post=12815"}],"version-history":[{"count":2,"href":"https:\/\/strangercam.com\/fr\/wp-json\/wp\/v2\/pages\/12815\/revisions"}],"predecessor-version":[{"id":12817,"href":"https:\/\/strangercam.com\/fr\/wp-json\/wp\/v2\/pages\/12815\/revisions\/12817"}],"wp:attachment":[{"href":"https:\/\/strangercam.com\/fr\/wp-json\/wp\/v2\/media?parent=12815"}],"curies":[{"name":"wp","href":"https:\/\/api.w.org\/{rel}","templated":true}]}}