{"id":12812,"date":"2025-04-22T13:45:21","date_gmt":"2025-04-22T11:45:21","guid":{"rendered":"https:\/\/strangercam.com\/?page_id=12812"},"modified":"2025-04-22T13:45:21","modified_gmt":"2025-04-22T11:45:21","slug":"chatmatch","status":"publish","type":"page","link":"https:\/\/strangercam.com\/fr\/chatmatch\/","title":{"rendered":"ChatMatch"},"content":{"rendered":"<p>En tant qu'outil en ligne <a href=\"https:\/\/strangercam.com\/fr\/chathub\/\">chat<\/a> Les plateformes s'efforcent de se d\u00e9marquer en proposant des fonctionnalit\u00e9s plus intelligentes, des designs plus soign\u00e9s et une meilleure exp\u00e9rience utilisateur. Une plateforme qui commence \u00e0 se faire un nom est ChatMatch - un service de chat vid\u00e9o al\u00e9atoire bas\u00e9 sur le web qui s'appuie sur l'appariement algorithmique et l'interaction en temps r\u00e9el sans compromettre la simplicit\u00e9.<\/p>\n<p>Mais ChatMatch n'est-il qu'un visage de plus dans la foule, ou apporte-t-il quelque chose de nouveau \u00e0 la table ? Dans cet article d\u00e9taill\u00e9, nous vous pr\u00e9sentons tout ce que vous devez savoir sur ChatMatch : comment il fonctionne, \u00e0 qui il s'adresse, ce qu'il offre et s'il vaut la peine d'\u00eatre utilis\u00e9 dans le paysage actuel des applications de chat vid\u00e9o al\u00e9atoires.<\/p>\n<h2>Qu'est-ce que ChatMatch ?<\/h2>\n<p>ChatMatch est une plateforme en ligne qui met en relation des inconnus par le biais d'un chat vid\u00e9o, mais avec une particularit\u00e9 : au lieu d'\u00eatre totalement al\u00e9atoire comme le sont les chats vid\u00e9o, le chat vid\u00e9o est un moyen de communiquer avec des inconnus. <a href=\"https:\/\/strangercam.com\/fr\/omegle\/\">Omegle<\/a> ou <a href=\"https:\/\/strangercam.com\/fr\/chatroulette\/\">Chatroulette<\/a>ChatMatch introduit des fonctions intelligentes de mise en correspondance qui tentent d'apparier les utilisateurs en fonction de leurs int\u00e9r\u00eats communs, de leur localisation ou de leur pr\u00e9f\u00e9rence sexuelle.<\/p>\n<p>Lanc\u00e9 au d\u00e9but des ann\u00e9es 2020, ChatMatch s'est lentement constitu\u00e9 une base fid\u00e8le d'utilisateurs \u00e0 la recherche de quelque chose d'un peu plus intentionnel que le pur hasard. Il offre une exp\u00e9rience bas\u00e9e sur la webcam et s'adresse aux personnes qui souhaitent nouer des liens r\u00e9els, que ce soit pour une amiti\u00e9, un flirt occasionnel ou m\u00eame un rendez-vous galant.<\/p>\n<p>Bien qu'il ne s'agisse pas d'une application de rencontre \u00e0 part enti\u00e8re, ChatMatch se situe entre le chat vid\u00e9o instantan\u00e9 et la mise en relation l\u00e9g\u00e8re, ce qui en fait l'outil id\u00e9al pour les utilisateurs qui souhaitent aller au-del\u00e0 des conversations anodines.<\/p>\n<h2>Quel est l'objectif de ChatMatch ?<\/h2>\n<p>L'objectif principal de ChatMatch est de cr\u00e9er des interactions plus significatives dans le monde du chat vid\u00e9o en ligne. Contrairement aux plateformes traditionnelles o\u00f9 les utilisateurs sont jumel\u00e9s de mani\u00e8re totalement al\u00e9atoire - ce qui entra\u00eene souvent des erreurs de jumelage ou des chats de courte dur\u00e9e - ChatMatch tente de vous donner une meilleure chance de trouver quelqu'un avec qui vous avez r\u00e9ellement envie de parler.<\/p>\n<p>Il est con\u00e7u pour :<\/p>\n<ul>\n<li>Les personnes qui souhaitent des connexions rapides et directes avec un visage humain<\/li>\n<li>Utilisateurs \u00e0 la recherche d'exp\u00e9riences semi-curatives sans profils de rencontre complets<\/li>\n<li>Les personnes qui en ont assez des trolls, des bots ou des sites \u00e0 caract\u00e8re purement adulte. <a href=\"https:\/\/strangercam.com\/fr\/bazoocam\/\">came<\/a> sites<\/li>\n<li>Toute personne ouverte \u00e0 la socialisation occasionnelle, au flirt l\u00e9ger ou aux rencontres potentielles.<\/li>\n<\/ul>\n<h2>Caract\u00e9ristiques principales<\/h2>\n<p>1. Correspondance vid\u00e9o instantan\u00e9e<br \/>\nLe c\u0153ur de ChatMatch est son chat vid\u00e9o al\u00e9atoire, qui vous permet d'\u00eatre jumel\u00e9 instantan\u00e9ment avec un autre utilisateur. L'interface est \u00e9l\u00e9gante et moderne, avec une prise en charge de la vid\u00e9o HD et un son clair. Contrairement aux plateformes plus anciennes, ChatMatch ne semble pas d\u00e9pass\u00e9 ou encombrant.<\/p>\n<p>2. Correspondance des pr\u00e9f\u00e9rences<br \/>\nC'est l\u00e0 que ChatMatch se distingue. Les utilisateurs peuvent s\u00e9lectionner des pr\u00e9f\u00e9rences bas\u00e9es sur :<\/p>\n<ul>\n<li>Sexe (homme, femme ou tout le monde)<\/li>\n<li>R\u00e9gion ou langue<\/li>\n<li>Int\u00e9r\u00eats communs (choisis dans une liste de tags ou de cat\u00e9gories)<\/li>\n<\/ul>\n<p>Ces filtres ne sont pas parfaits, mais ils permettent de r\u00e9duire le nombre de correspondances non pertinentes et d'am\u00e9liorer les conversations.<\/p>\n<p>3. Support de chat textuel<br \/>\nVous n'\u00eates pas pr\u00eat \u00e0 passer \u00e0 la cam\u00e9ra tout de suite ? Pas de probl\u00e8me. ChatMatch comprend une option de chat textuel int\u00e9gr\u00e9e qui fonctionne en parall\u00e8le avec la vid\u00e9o, ce qui permet aux utilisateurs de briser la glace par le biais de messages avant de s'engager pleinement en face \u00e0 face.<\/p>\n<p>4. Syst\u00e8me de comptes et de profils (facultatif)<br \/>\nContrairement \u00e0 des plateformes comme Omegle, ChatMatch vous permet de cr\u00e9er un profil. Vous pouvez t\u00e9l\u00e9charger une photo de pr\u00e9sentation, s\u00e9lectionner des centres d'int\u00e9r\u00eat et m\u00eame lier votre Instagram (si vous vous sentez \u00e0 l'aise). La cr\u00e9ation d'un profil est facultative, mais elle augmente vos chances d'\u00eatre mis en relation avec des utilisateurs similaires.<\/p>\n<p>5. Conception adapt\u00e9e aux mobiles<br \/>\nChatMatch est enti\u00e8rement optimis\u00e9 pour les mobiles. Il se charge rapidement, s'adapte aux petits \u00e9crans et reste fonctionnel sur la plupart des appareils. Bien qu'il n'y ait pas encore d'application autonome, l'exp\u00e9rience du navigateur mobile est fluide et accessible.<\/p>\n<p>6. Mod\u00e9ration et signalement des utilisateurs<br \/>\nLa plateforme dispose d'outils de mod\u00e9ration int\u00e9gr\u00e9s, notamment<\/p>\n<ul>\n<li>Un bouton de signalement des comportements inappropri\u00e9s<\/li>\n<li>Une fonction de bloc<\/li>\n<li>D\u00e9tection de la nudit\u00e9 et du spam bas\u00e9e sur l'IA<\/li>\n<\/ul>\n<p>Bien qu'aucun syst\u00e8me ne soit parfait, ChatMatch r\u00e9ussit mieux que la plupart des autres \u00e0 maintenir un environnement relativement propre et respectueux.<\/p>\n<h2>ChatMatch est-il gratuit ?<\/h2>\n<p>ChatMatch propose un mod\u00e8le freemium.<\/p>\n<p>Les utilisateurs gratuits peuvent :<\/p>\n<ul>\n<li>Participer \u00e0 des chats vid\u00e9o al\u00e9atoires<\/li>\n<li>D\u00e9finir les pr\u00e9f\u00e9rences de base en mati\u00e8re d'appariement<\/li>\n<li>Utiliser la plateforme sans limite de temps<\/li>\n<\/ul>\n<p>Les utilisateurs payants ont acc\u00e8s \u00e0 :<\/p>\n<ul>\n<li>Correspondance plus fine (y compris des filtres avanc\u00e9s par pays, langue ou centres d'int\u00e9r\u00eat)<\/li>\n<li>Une fonction d'impulsion qui vous place en t\u00eate de file d'attente<\/li>\n<li>Une exp\u00e9rience sans publicit\u00e9<\/li>\n<li>Badge premium et visibilit\u00e9 accrue<\/li>\n<\/ul>\n<p>Le plan premium est propos\u00e9 \u00e0 un prix abordable (g\u00e9n\u00e9ralement moins de $10\/mois) et, bien qu'il ne soit pas n\u00e9cessaire pour profiter de la plateforme, il constitue une bonne mise \u00e0 niveau pour les utilisateurs qui souhaitent de meilleures correspondances et moins d'interruptions.<\/p>\n<h2>Qui utilise ChatMatch ?<\/h2>\n<p>ChatMatch a attir\u00e9 une base d'utilisateurs relativement \u00e9quilibr\u00e9e et internationale. La plateforme est populaire en :<\/p>\n<ul>\n<li>Am\u00e9rique du Nord<\/li>\n<li>Europe occidentale<\/li>\n<li>Asie du Sud-Est<\/li>\n<\/ul>\n<p>En termes de d\u00e9mographie :<\/p>\n<ul>\n<li>Les utilisateurs sont g\u00e9n\u00e9ralement \u00e2g\u00e9s de 18 \u00e0 35 ans<\/li>\n<li>Un ratio hommes\/femmes relativement \u00e9quilibr\u00e9 (meilleur que celui de nombreux concurrents)<\/li>\n<li>De nombreux utilisateurs sont ouverts aux rencontres occasionnelles ou au flirt, tandis que d'autres sont simplement l\u00e0 pour discuter<\/li>\n<\/ul>\n<p>Cette vari\u00e9t\u00e9 fait partie de l'attrait de ChatMatch - le site parvient \u00e0 \u00eatre d\u00e9contract\u00e9 sans \u00eatre sordide, et social sans \u00eatre trop s\u00e9rieux.<\/p>\n<h2>S\u00e9curit\u00e9 et mod\u00e9ration<\/h2>\n<p>Les plates-formes de chat en ligne sont toujours un peu mitig\u00e9es en ce qui concerne la s\u00e9curit\u00e9, mais ChatMatch s'en occupe mieux que beaucoup d'autres.<\/p>\n<p>Voici ce qu'il fait de bien :<\/p>\n<ul>\n<li>Filtrage automatis\u00e9 du contenu pour d\u00e9tecter la nudit\u00e9 ou le contenu offensant<\/li>\n<li>Des outils de signalement et de blocage des utilisateurs qui fonctionnent r\u00e9ellement<\/li>\n<li>\u00c9quipe de mod\u00e9ration active qui examine les utilisateurs signal\u00e9s<\/li>\n<li>Il n'est pas n\u00e9cessaire de partager des informations personnelles ou de connecter des comptes sociaux, sauf si vous le souhaitez.<\/li>\n<\/ul>\n<p>Toutefois, comme pour toute plateforme de chat, les utilisateurs doivent prendre les pr\u00e9cautions d'usage :<\/p>\n<ul>\n<li>Ne partagez pas vos donn\u00e9es personnelles (adresse \u00e9lectronique, num\u00e9ro de t\u00e9l\u00e9phone, lieu de r\u00e9sidence).<\/li>\n<li>Ne cliquez pas sur des liens suspects<\/li>\n<li>Utiliser librement les fonctions de blocage et de rapport<\/li>\n<li>Si vous \u00eates mineur, \u00e9vitez la plateforme - elle est r\u00e9serv\u00e9e aux plus de 18 ans.<\/li>\n<\/ul>\n<h2>Exp\u00e9rience utilisateur et interface<\/h2>\n<p>Le design de ChatMatch est l'une de ses meilleures caract\u00e9ristiques. Il est \u00e9l\u00e9gant, moderne et \u00e9pur\u00e9. Les flux vid\u00e9o sont larges, les boutons sont intuitifs et les param\u00e8tres sont faciles \u00e0 trouver. Que vous l'utilisiez sur un ordinateur de bureau ou sur un t\u00e9l\u00e9phone portable, la pr\u00e9sentation s'adapte bien, l'accent \u00e9tant mis sur l'absence de distraction.<\/p>\n<p>Les temps de chargement sont rapides, il y a peu de d\u00e9calage m\u00eame sur les connexions plus lentes, et dans l'ensemble, la plateforme semble stable et construite de mani\u00e8re professionnelle. Elle ne vous submerge pas de pop-ups, de notifications ou de publicit\u00e9s spammy - un changement rafra\u00eechissant par rapport \u00e0 beaucoup d'autres plateformes de chat gratuit.<\/p>\n<h2>ChatMatch vs. autres plateformes de chat<\/h2>\n<p>Voyons comment ChatMatch se positionne par rapport \u00e0 certains de ses concurrents les plus populaires :<\/p>\n<table>\n<thead>\n<tr>\n<th>Fonctionnalit\u00e9<\/th>\n<th>ChatMatch<\/th>\n<th>Omegle<\/th>\n<th>Chatroulette<\/th>\n<th>Chatspin<\/th>\n<th>Emerald Chat<\/th>\n<\/tr>\n<\/thead>\n<tbody>\n<tr>\n<td>Chat vid\u00e9o<\/td>\n<td>Oui<\/td>\n<td>Oui<\/td>\n<td>Oui<\/td>\n<td>Oui<\/td>\n<td>Oui<\/td>\n<\/tr>\n<tr>\n<td>Faire co\u00efncider les pr\u00e9f\u00e9rences<\/td>\n<td>Oui<\/td>\n<td>Limit\u00e9e<\/td>\n<td>Non<\/td>\n<td>Oui<\/td>\n<td>Oui<\/td>\n<\/tr>\n<tr>\n<td>Option de chat textuel<\/td>\n<td>Oui<\/td>\n<td>Oui<\/td>\n<td>Non<\/td>\n<td>Oui<\/td>\n<td>Oui<\/td>\n<\/tr>\n<tr>\n<td>Inscription obligatoire<\/td>\n<td>En option<\/td>\n<td>Non<\/td>\n<td>Non<\/td>\n<td>En option<\/td>\n<td>Oui<\/td>\n<\/tr>\n<tr>\n<td>Optimis\u00e9 pour les mobiles<\/td>\n<td>Oui<\/td>\n<td>Bon<\/td>\n<td>Juste<\/td>\n<td>Excellent<\/td>\n<td>Bon<\/td>\n<\/tr>\n<tr>\n<td>La mod\u00e9ration<\/td>\n<td>Bon<\/td>\n<td>Faible<\/td>\n<td>Minime<\/td>\n<td>Mod\u00e9r\u00e9<\/td>\n<td>Bon<\/td>\n<\/tr>\n<tr>\n<td>Fonctionnalit\u00e9s payantes<\/td>\n<td>En option<\/td>\n<td>Non<\/td>\n<td>Non<\/td>\n<td>Oui<\/td>\n<td>Oui<\/td>\n<\/tr>\n<\/tbody>\n<\/table>\n<p>Comme le montre le tableau, ChatMatch \u00e9quilibre la simplicit\u00e9 de Omegle avec la sophistication de plateformes comme Emerald Chat, offrant une exp\u00e9rience hybride qui vous donne le meilleur des deux mondes.<\/p>\n<h2>Avantages et inconv\u00e9nients<\/h2>\n<p>Pour<\/p>\n<ul>\n<li>Interface propre et moderne<\/li>\n<li>Les filtres de correspondance am\u00e9liorent la qualit\u00e9 des conversations<\/li>\n<li>Profils facultatifs sans obligation d'inscription<\/li>\n<li>Environnement plus s\u00fbr que la plupart des plateformes de chat vid\u00e9o gratuites<\/li>\n<li>Options de chat textuel et vid\u00e9o disponibles<\/li>\n<li>Fonctionne bien sur les t\u00e9l\u00e9phones portables et les ordinateurs de bureau<\/li>\n<li>Mod\u00e8le freemium avec des mises \u00e0 niveau premium de grande valeur<\/li>\n<\/ul>\n<p>Cons<\/p>\n<ul>\n<li>Toujours soumis \u00e0 un contenu inappropri\u00e9 occasionnel<\/li>\n<li>Les filtres de genre et la correspondance des int\u00e9r\u00eats ne sont pas parfaits<\/li>\n<li>Pas encore d'application mobile autonome<\/li>\n<li>Base d'utilisateurs plus restreinte que pour le Omegle ou le Chatroulette<\/li>\n<li>Pas id\u00e9al pour les rencontres \u00e0 long terme ou la construction d'une relation<\/li>\n<\/ul>\n<h2>Cas d'utilisation id\u00e9aux<\/h2>\n<p>ChatMatch est parfait pour :<\/p>\n<ul>\n<li>Les personnes qui souhaitent des chats vid\u00e9o sociaux occasionnels avec une meilleure correspondance qu'un hasard total.<\/li>\n<li>Utilisateurs recherchant un flirt l\u00e9ger ou une conversation amusante<\/li>\n<li>Ceux qui recherchent une alternative plus s\u00fbre et plus respectueuse que les autres plateformes de chat vid\u00e9o<\/li>\n<li>Toute personne souhaitant chatter sans cr\u00e9er un profil complet ou t\u00e9l\u00e9charger une application.<\/li>\n<\/ul>\n<p>Il n'est pas id\u00e9al pour :<\/p>\n<ul>\n<li>Utilisateurs s'attendant \u00e0 des relations profondes ou \u00e0 une compatibilit\u00e9 au niveau de l'application de rencontre<\/li>\n<li>Les personnes qui pr\u00e9f\u00e8rent les chats anonymes en mode texte<\/li>\n<li>Ceux qui recherchent des volumes d'utilisation massifs comme sur le Omegle<\/li>\n<\/ul>\n<h2>Verdict final<\/h2>\n<p>ChatMatch est l'une des plateformes de chat vid\u00e9o les plus \u00e9quilibr\u00e9es et les mieux con\u00e7ues. Elle parvient \u00e0 combiner spontan\u00e9it\u00e9 et structure. Que vous soyez l\u00e0 pour <a href=\"https:\/\/strangercam.com\/fr\/coomeet\/\">rencontrer<\/a> de nouvelles personnes, de flirter ou simplement de parler avec quelqu'un qui ne fait pas partie de votre cercle habituel, il s'agit d'une exp\u00e9rience fluide, s\u00fbre et agr\u00e9able.<\/p>\n<p>La possibilit\u00e9 d'utiliser la plateforme gratuitement, associ\u00e9e \u00e0 des mises \u00e0 jour utiles (mais facultatives), la rend accessible \u00e0 tous les types d'utilisateurs. Il ne s'agit pas d'un site de rencontre ou d'une application de m\u00e9dias sociaux, et la clart\u00e9 de son objectif joue en sa faveur.<\/p>\n<h2>ChatMatch vaut-il la peine d'\u00eatre essay\u00e9 ?<\/h2>\n<p>Absolument. Si vous avez \u00e9t\u00e9 frustr\u00e9 par l'aspect chaotique et non mod\u00e9r\u00e9 des anciennes plateformes de chat, ChatMatch offre une meilleure alternative. Elle est moderne, bien con\u00e7ue et vous permet de mieux contr\u00f4ler vos interlocuteurs, sans pour autant g\u00e2cher la spontan\u00e9it\u00e9.<\/p>\n<p>Si vous \u00eates \u00e0 la recherche d'un moyen plus intelligent de discuter avec des inconnus en ligne, ChatMatch m\u00e9rite une place sur votre radar.<\/p>","protected":false},"excerpt":{"rendered":"<p>As the online chat space becomes more crowded, platforms are racing to stand out with smarter features, cleaner designs, and better user experiences. One platform that\u2019s starting to make a name for itself is ChatMatch \u2014 a web-based random video chat service that leans into algorithmic matching and real-time interaction without compromising on simplicity. But [&hellip;]<\/p>\n","protected":false},"author":6,"featured_media":0,"parent":0,"menu_order":0,"comment_status":"closed","ping_status":"closed","template":"","meta":{"footnotes":""},"class_list":["post-12812","page","type-page","status-publish","hentry"],"yoast_head":"<!-- This site is optimized with the Yoast SEO plugin v26.9 - https:\/\/yoast.com\/product\/yoast-seo-wordpress\/ -->\n<title>ChatMatch - Live video chat with girls on StrangerCam.com<\/title>\n<meta name=\"description\" content=\"Like ChatMatch? Come chat with more than 5.000.000 strangers on Stranger Cam for Free! Turn on your cam and find new friends &amp; maby a match!\" \/>\n<meta name=\"robots\" content=\"index, follow, max-snippet:-1, max-image-preview:large, max-video-preview:-1\" \/>\n<link rel=\"canonical\" href=\"https:\/\/strangercam.com\/fr\/chatmatch\/\" \/>\n<meta property=\"og:locale\" content=\"fr_FR\" \/>\n<meta property=\"og:type\" content=\"article\" \/>\n<meta property=\"og:title\" content=\"ChatMatch - Live video chat with girls on StrangerCam.com\" \/>\n<meta property=\"og:description\" content=\"Like ChatMatch? Come chat with more than 5.000.000 strangers on Stranger Cam for Free! Turn on your cam and find new friends &amp; maby a match!\" \/>\n<meta property=\"og:url\" content=\"https:\/\/strangercam.com\/fr\/chatmatch\/\" \/>\n<meta property=\"og:site_name\" content=\"Strangercam\" \/>\n<meta property=\"article:publisher\" content=\"https:\/\/www.facebook.com\/strangercam\" \/>\n<meta property=\"og:image\" content=\"https:\/\/strangercam.com\/wp-content\/uploads\/2021\/10\/Untitled-2.png\" \/>\n\t<meta property=\"og:image:width\" content=\"800\" \/>\n\t<meta property=\"og:image:height\" content=\"532\" \/>\n\t<meta property=\"og:image:type\" content=\"image\/png\" \/>\n<meta name=\"twitter:card\" content=\"summary_large_image\" \/>\n<meta name=\"twitter:site\" content=\"@strangercamapp\" \/>\n<meta name=\"twitter:label1\" content=\"Dur\u00e9e de lecture estim\u00e9e\" \/>\n\t<meta name=\"twitter:data1\" content=\"7 minutes\" \/>\n<script type=\"application\/ld+json\" class=\"yoast-schema-graph\">{\"@context\":\"https:\/\/schema.org\",\"@graph\":[{\"@type\":\"WebPage\",\"@id\":\"https:\/\/strangercam.com\/chatmatch\/\",\"url\":\"https:\/\/strangercam.com\/chatmatch\/\",\"name\":\"ChatMatch - Live video chat with girls on StrangerCam.com\",\"isPartOf\":{\"@id\":\"https:\/\/strangercam.com\/#website\"},\"datePublished\":\"2025-04-22T11:45:21+00:00\",\"description\":\"Like ChatMatch? Come chat with more than 5.000.000 strangers on Stranger Cam for Free! Turn on your cam and find new friends & maby a match!\",\"breadcrumb\":{\"@id\":\"https:\/\/strangercam.com\/chatmatch\/#breadcrumb\"},\"inLanguage\":\"fr-FR\",\"potentialAction\":[{\"@type\":\"ReadAction\",\"target\":[\"https:\/\/strangercam.com\/chatmatch\/\"]}]},{\"@type\":\"BreadcrumbList\",\"@id\":\"https:\/\/strangercam.com\/chatmatch\/#breadcrumb\",\"itemListElement\":[{\"@type\":\"ListItem\",\"position\":1,\"name\":\"Home\",\"item\":\"https:\/\/strangercam.com\/\"},{\"@type\":\"ListItem\",\"position\":2,\"name\":\"ChatMatch\"}]},{\"@type\":\"WebSite\",\"@id\":\"https:\/\/strangercam.com\/#website\",\"url\":\"https:\/\/strangercam.com\/\",\"name\":\"Strangercam\",\"description\":\"Random Video Chat with Strangers\",\"publisher\":{\"@id\":\"https:\/\/strangercam.com\/#organization\"},\"alternateName\":\"Strangercam.com\",\"potentialAction\":[{\"@type\":\"SearchAction\",\"target\":{\"@type\":\"EntryPoint\",\"urlTemplate\":\"https:\/\/strangercam.com\/?s={search_term_string}\"},\"query-input\":{\"@type\":\"PropertyValueSpecification\",\"valueRequired\":true,\"valueName\":\"search_term_string\"}}],\"inLanguage\":\"fr-FR\"},{\"@type\":\"Organization\",\"@id\":\"https:\/\/strangercam.com\/#organization\",\"name\":\"Strangercam\",\"alternateName\":\"Strangercam.com\",\"url\":\"https:\/\/strangercam.com\/\",\"logo\":{\"@type\":\"ImageObject\",\"inLanguage\":\"fr-FR\",\"@id\":\"https:\/\/strangercam.com\/#\/schema\/logo\/image\/\",\"url\":\"https:\/\/strangercam.com\/wp-content\/uploads\/2020\/11\/cropped-new-favicon-black.png\",\"contentUrl\":\"https:\/\/strangercam.com\/wp-content\/uploads\/2020\/11\/cropped-new-favicon-black.png\",\"width\":512,\"height\":512,\"caption\":\"Strangercam\"},\"image\":{\"@id\":\"https:\/\/strangercam.com\/#\/schema\/logo\/image\/\"},\"sameAs\":[\"https:\/\/www.facebook.com\/strangercam\",\"https:\/\/x.com\/strangercamapp\"]}]}<\/script>\n<!-- \/ Yoast SEO plugin. -->","yoast_head_json":{"title":"ChatMatch - Chat vid\u00e9o en direct avec des filles sur StrangerCam.com","description":"Vous aimez ChatMatch ? Venez discuter avec plus de 5.000.000 d'inconnus sur Stranger Cam gratuitement ! Allume ta cam\u00e9ra et trouve de nouveaux amis et peut-\u00eatre un partenaire !","robots":{"index":"index","follow":"follow","max-snippet":"max-snippet:-1","max-image-preview":"max-image-preview:large","max-video-preview":"max-video-preview:-1"},"canonical":"https:\/\/strangercam.com\/fr\/chatmatch\/","og_locale":"fr_FR","og_type":"article","og_title":"ChatMatch - Live video chat with girls on StrangerCam.com","og_description":"Like ChatMatch? Come chat with more than 5.000.000 strangers on Stranger Cam for Free! Turn on your cam and find new friends & maby a match!","og_url":"https:\/\/strangercam.com\/fr\/chatmatch\/","og_site_name":"Strangercam","article_publisher":"https:\/\/www.facebook.com\/strangercam","og_image":[{"width":800,"height":532,"url":"https:\/\/strangercam.com\/wp-content\/uploads\/2021\/10\/Untitled-2.png","type":"image\/png"}],"twitter_card":"summary_large_image","twitter_site":"@strangercamapp","twitter_misc":{"Dur\u00e9e de lecture estim\u00e9e":"7 minutes"},"schema":{"@context":"https:\/\/schema.org","@graph":[{"@type":"WebPage","@id":"https:\/\/strangercam.com\/chatmatch\/","url":"https:\/\/strangercam.com\/chatmatch\/","name":"ChatMatch - Chat vid\u00e9o en direct avec des filles sur StrangerCam.com","isPartOf":{"@id":"https:\/\/strangercam.com\/#website"},"datePublished":"2025-04-22T11:45:21+00:00","description":"Vous aimez ChatMatch ? Venez discuter avec plus de 5.000.000 d'inconnus sur Stranger Cam gratuitement ! Allume ta cam\u00e9ra et trouve de nouveaux amis et peut-\u00eatre un partenaire !","breadcrumb":{"@id":"https:\/\/strangercam.com\/chatmatch\/#breadcrumb"},"inLanguage":"fr-FR","potentialAction":[{"@type":"ReadAction","target":["https:\/\/strangercam.com\/chatmatch\/"]}]},{"@type":"BreadcrumbList","@id":"https:\/\/strangercam.com\/chatmatch\/#breadcrumb","itemListElement":[{"@type":"ListItem","position":1,"name":"Home","item":"https:\/\/strangercam.com\/"},{"@type":"ListItem","position":2,"name":"ChatMatch"}]},{"@type":"WebSite","@id":"https:\/\/strangercam.com\/#website","url":"https:\/\/strangercam.com\/","name":"Strangercam","description":"Chat vid\u00e9o al\u00e9atoire avec des inconnus","publisher":{"@id":"https:\/\/strangercam.com\/#organization"},"alternateName":"Strangercam.com","potentialAction":[{"@type":"SearchAction","target":{"@type":"EntryPoint","urlTemplate":"https:\/\/strangercam.com\/?s={search_term_string}"},"query-input":{"@type":"PropertyValueSpecification","valueRequired":true,"valueName":"search_term_string"}}],"inLanguage":"fr-FR"},{"@type":"Organization","@id":"https:\/\/strangercam.com\/#organization","name":"Strangercam","alternateName":"Strangercam.com","url":"https:\/\/strangercam.com\/","logo":{"@type":"ImageObject","inLanguage":"fr-FR","@id":"https:\/\/strangercam.com\/#\/schema\/logo\/image\/","url":"https:\/\/strangercam.com\/wp-content\/uploads\/2020\/11\/cropped-new-favicon-black.png","contentUrl":"https:\/\/strangercam.com\/wp-content\/uploads\/2020\/11\/cropped-new-favicon-black.png","width":512,"height":512,"caption":"Strangercam"},"image":{"@id":"https:\/\/strangercam.com\/#\/schema\/logo\/image\/"},"sameAs":["https:\/\/www.facebook.com\/strangercam","https:\/\/x.com\/strangercamapp"]}]}},"_links":{"self":[{"href":"https:\/\/strangercam.com\/fr\/wp-json\/wp\/v2\/pages\/12812","targetHints":{"allow":["GET"]}}],"collection":[{"href":"https:\/\/strangercam.com\/fr\/wp-json\/wp\/v2\/pages"}],"about":[{"href":"https:\/\/strangercam.com\/fr\/wp-json\/wp\/v2\/types\/page"}],"author":[{"embeddable":true,"href":"https:\/\/strangercam.com\/fr\/wp-json\/wp\/v2\/users\/6"}],"replies":[{"embeddable":true,"href":"https:\/\/strangercam.com\/fr\/wp-json\/wp\/v2\/comments?post=12812"}],"version-history":[{"count":2,"href":"https:\/\/strangercam.com\/fr\/wp-json\/wp\/v2\/pages\/12812\/revisions"}],"predecessor-version":[{"id":12814,"href":"https:\/\/strangercam.com\/fr\/wp-json\/wp\/v2\/pages\/12812\/revisions\/12814"}],"wp:attachment":[{"href":"https:\/\/strangercam.com\/fr\/wp-json\/wp\/v2\/media?parent=12812"}],"curies":[{"name":"wp","href":"https:\/\/api.w.org\/{rel}","templated":true}]}}