{"id":12708,"date":"2025-02-07T13:30:21","date_gmt":"2025-02-07T11:30:21","guid":{"rendered":"https:\/\/strangercam.com\/?page_id=12708"},"modified":"2025-02-07T13:30:59","modified_gmt":"2025-02-07T11:30:59","slug":"tochato","status":"publish","type":"page","link":"https:\/\/strangercam.com\/fr\/tochato\/","title":{"rendered":"Tochato"},"content":{"rendered":"<p>Dans le paysage en constante \u00e9volution de la communication en ligne, Tochato s'est impos\u00e9 comme une destination de choix pour ceux qui recherchent des contacts spontan\u00e9s par texto. En mettant l'accent sur l'anonymat et la convivialit\u00e9, Tochato offre un environnement dans lequel vous pouvez entamer une conversation avec de parfaits inconnus et \u00e9ventuellement repartir avec un ou deux nouveaux amis. Si vous pr\u00e9f\u00e9rez la simplicit\u00e9 des chats textuels aux appels vid\u00e9o, Tochato pourrait bien \u00eatre le lieu de rencontre num\u00e9rique id\u00e9al.<\/p>\n<h2>Qu'est-ce que le Tochato ?<\/h2>\n<p>\u00c0 la base, Tochato est un syst\u00e8me al\u00e9atoire de gestion de l'information. <a href=\"https:\/\/strangercam.com\/fr\/chathub\/\">chat<\/a> qui met en relation des utilisateurs pour des conversations textuelles en temps r\u00e9el. Contrairement \u00e0 de nombreux sites de chat modernes qui privil\u00e9gient les interactions vid\u00e9o, Tochato revient \u00e0 l'essentiel en mettant l'accent sur les chats textuels afin de cr\u00e9er un environnement plus confortable et moins stressant.<\/p>\n<ul>\n<li>Connexions anonymes : L'absence d'exigence en mati\u00e8re de vid\u00e9o signifie que vous pouvez discuter plus librement sans les attentes visuelles habituelles.<\/li>\n<li>Mise en relation instantan\u00e9e : Connectez-vous \u00e0 un utilisateur al\u00e9atoire en quelques clics.<\/li>\n<li>Conception conviviale : L'interface est simple et directe, ce qui facilite la navigation pour les d\u00e9butants.<\/li>\n<\/ul>\n<p>Tochato met l'accent sur la spontan\u00e9it\u00e9. Chaque session de chat commence sans id\u00e9e pr\u00e9con\u00e7ue - vous ne savez jamais qui vous allez rencontrer. <a href=\"https:\/\/strangercam.com\/fr\/coomeet\/\">rencontrer<\/a> ou les histoires que vous partagerez. Cette impr\u00e9visibilit\u00e9 est au c\u0153ur de l'attrait de Tochato, qui offre le plaisir de rencontrer quelqu'un de nouveau sans processus d'inscription interminable ni configuration compliqu\u00e9e.<\/p>\n<h2>L'utilisation de Tochato est-elle gratuite ?<\/h2>\n<p>L'un des principaux attraits de Tochato est son accessibilit\u00e9. L'utilisation de la plateforme est gratuite pour tout le monde. Il n'y a g\u00e9n\u00e9ralement pas de frais d'abonnement ou de plan premium ; il vous suffit d'ouvrir le site web et de commencer \u00e0 chatter. Alors que certaines plateformes de chat al\u00e9atoire enferment les fonctionnalit\u00e9s avanc\u00e9es derri\u00e8re un mur payant, Tochato maintient une approche gratuite, permettant \u00e0 chaque utilisateur de :<\/p>\n<ul>\n<li>Entrez instantan\u00e9ment en contact avec des inconnus<\/li>\n<li>Engagez des conversations textuelles illimit\u00e9es<\/li>\n<li>Explorer les diff\u00e9rentes options de salons de discussion (si disponibles)<\/li>\n<\/ul>\n<p>Comme Tochato s'appuie principalement sur la communication textuelle, la plupart des fonctionnalit\u00e9s ne n\u00e9cessitent pas de bande passante \u00e9lev\u00e9e ou de mat\u00e9riel sp\u00e9cialis\u00e9 - un autre avantage qui permet d'assurer un bon rapport co\u00fbt-efficacit\u00e9 et d'\u00e9viter les d\u00e9sagr\u00e9ments.<\/p>\n<h2>Comment utiliser Tochato<\/h2>\n<p>L'une des raisons pour lesquelles Tochato a gagn\u00e9 en popularit\u00e9 est sa facilit\u00e9 d'installation. Voici un bref aper\u00e7u de la marche \u00e0 suivre pour commencer :<\/p>\n<ol>\n<li>Visiter le site web<br \/>\nIl vous suffit de vous rendre sur la page d'accueil de Tochato. Vous verrez g\u00e9n\u00e9ralement une option pour \"Commencer \u00e0 chatter\" ou \"Se connecter\" imm\u00e9diatement.<\/li>\n<li>Entrer dans le chat<br \/>\nCliquez sur le bouton pour lancer un chat textuel al\u00e9atoire. Le syst\u00e8me vous mettra instantan\u00e9ment en relation avec un autre utilisateur.<\/li>\n<li>Rester anonyme ou choisir un pseudonyme<br \/>\nBien que de nombreux utilisateurs appr\u00e9cient l'anonymat qui d\u00e9coule de l'absence totale de nom, certaines plateformes vous permettent de d\u00e9finir un surnom. C'est \u00e0 vous de choisir.<\/li>\n<li>Commencer la conversation<br \/>\nUne fois que vous \u00eates connect\u00e9, envoyez un message d'accueil amical. Si la conversation ne vous convient pas, vous pouvez g\u00e9n\u00e9ralement cliquer sur \"Suivant\" pour passer \u00e0 un autre partenaire de chat al\u00e9atoire.<\/li>\n<li>Respecter les lignes directrices de la communaut\u00e9<br \/>\nPour que le chat reste agr\u00e9able pour tout le monde, Tochato d\u00e9finit souvent des r\u00e8gles de base, comme l'interdiction de spammer ou d'utiliser un langage abusif. Veillez \u00e0 respecter ces r\u00e8gles afin de maintenir une exp\u00e9rience positive pour vous et pour les autres.<\/li>\n<\/ol>\n<h2>Quel est l'int\u00e9r\u00eat de Tochato ?<\/h2>\n<p>Tochato est une plate-forme id\u00e9ale pour les conversations textuelles spontan\u00e9es et sans pression. C'est l\u00e0 qu'il se distingue vraiment :<\/p>\n<ul>\n<li>Anonymat et confort : Sans l'ajout de la vid\u00e9o, il est plus facile de rester anonyme, ce qui permet aux gens de s'ouvrir ou de s'exprimer plus librement.<\/li>\n<li>Connexions imm\u00e9diates : Comme vous pouvez passer instantan\u00e9ment \u00e0 la discussion suivante, vous ne passerez pas de longues p\u00e9riodes \u00e0 attendre que quelqu'un rejoigne votre salle.<\/li>\n<li>Interface simple et d\u00e9contract\u00e9e : Parfait pour tous ceux qui souhaitent une interaction sociale rapide sans les cloches et les sifflets (ou les complications) de l'Internet. <a href=\"https:\/\/strangercam.com\/fr\/rabbit-video-chat\/\">chat vid\u00e9o<\/a>.<\/li>\n<li>Pratiquer des comp\u00e9tences linguistiques : Les plateformes textuelles sont excellentes pour pratiquer une nouvelle langue dans le cadre d'une conversation en temps r\u00e9el avec des locuteurs du monde entier.<\/li>\n<\/ul>\n<p>Si vous pr\u00e9f\u00e9rez un environnement plus d\u00e9tendu o\u00f9 l'apparence et l'emplacement ne sont pas au premier plan, l'approche textuelle de Tochato est susceptible de vous offrir exactement ce dont vous avez besoin.<\/p>\n<h2>Principales caract\u00e9ristiques de Tochato<\/h2>\n<p>Bien que Tochato soit connu pour sa simplicit\u00e9, il n'en est pas moins dot\u00e9 de fonctionnalit\u00e9s con\u00e7ues pour am\u00e9liorer l'exp\u00e9rience de l'utilisateur :<\/p>\n<ul>\n<li>Appariement al\u00e9atoire : Vous \u00eates instantan\u00e9ment mis en relation avec des personnes originaires de diff\u00e9rentes r\u00e9gions du monde.<\/li>\n<li>Possibilit\u00e9 de passer \u00e0 l'utilisateur suivant : Si une conversation ne se d\u00e9roule pas bien, vous pouvez rapidement passer \u00e0 un autre utilisateur.<\/li>\n<li>Installation minimale : Aucun t\u00e9l\u00e9chargement suppl\u00e9mentaire ou installation compliqu\u00e9e n'est n\u00e9cessaire : il suffit d'ouvrir le site et de commencer \u00e0 discuter.<\/li>\n<li>Conception r\u00e9active : Tochato fonctionne souvent de mani\u00e8re fluide sur les ordinateurs de bureau et les appareils mobiles, ce qui vous permet de discuter en d\u00e9placement.<\/li>\n<li>Mesures de s\u00e9curit\u00e9 : Bien que les caract\u00e9ristiques sp\u00e9cifiques puissent varier, Tochato fournit g\u00e9n\u00e9ralement une certaine forme de mod\u00e9ration ou d'outil de rapport pour signaler les comportements inappropri\u00e9s.<\/li>\n<\/ul>\n<p>Parce qu'il est gratuit et simple, c'est une plateforme id\u00e9ale pour des interactions rapides et spontan\u00e9es - aucune cr\u00e9ation de compte ou de profil d'utilisateur \u00e9labor\u00e9 n'est n\u00e9cessaire.<\/p>\n<h2>Quelles sont les alternatives \u00e0 Tochato ?<\/h2>\n<p>Si vous aimez les chats al\u00e9atoires bas\u00e9s sur le texte, il existe quelques plateformes alternatives qui pourraient piquer votre int\u00e9r\u00eat. Des sites comme <a href=\"https:\/\/strangercam.com\/fr\/omegle\/\">Omegle<\/a> ou <a href=\"https:\/\/strangercam.com\/fr\/chatroulette\/\">Chatroulette<\/a> (bien qu'ils disposent \u00e9galement d'options vid\u00e9o) proposent des modes texte uniquement, tandis que les sites plus communautaires vous permettent de rejoindre des salons de discussion th\u00e9matiques. Cependant, le Tochato se distingue par l'importance qu'il accorde au texte plut\u00f4t qu'\u00e0 la vid\u00e9o, en particulier pour les utilisateurs qui pr\u00e9f\u00e8rent l'anonymat et la simplicit\u00e9.<\/p>\n<p>Explorer diff\u00e9rents sites peut \u00eatre amusant et vous aider \u00e0 trouver votre communaut\u00e9 de chat id\u00e9ale, mais Tochato reste un choix de premier ordre pour ceux qui aiment les conversations textuelles simples et al\u00e9atoires.<\/p>\n<h2>Conclusion<\/h2>\n<p>Si vous \u00eates \u00e0 la recherche d'une plateforme vous permettant d'engager des conversations textuelles spontan\u00e9es avec de parfaits inconnus, sans avoir \u00e0 subir les contraintes d'un chat vid\u00e9o, Tochato m\u00e9rite d'\u00eatre explor\u00e9. Gratuit, intuitif et dot\u00e9 d'un nombre suffisant de fonctionnalit\u00e9s pour rendre les choses int\u00e9ressantes, Tochato vous permet de rencontrer de nouvelles personnes tout en conservant une ambiance d\u00e9contract\u00e9e et anonyme. Essayez Tochato et vous d\u00e9couvrirez peut-\u00eatre qu'il suffit d'un SMS pour nouer des relations s\u00e9rieuses.<\/p>","protected":false},"excerpt":{"rendered":"<p>In the ever-evolving landscape of online communication, Tochato has emerged as a standout destination for those seeking spontaneous, text-based connections. With a focus on anonymity and user-friendliness, Tochato offers an environment where you can strike up a conversation with complete strangers\u2014and possibly walk away with a new friend or two. If you\u2019re someone who prefers [&hellip;]<\/p>\n","protected":false},"author":6,"featured_media":0,"parent":0,"menu_order":0,"comment_status":"closed","ping_status":"closed","template":"","meta":{"footnotes":""},"class_list":["post-12708","page","type-page","status-publish","hentry"],"yoast_head":"<!-- This site is optimized with the Yoast SEO plugin v27.4 - https:\/\/yoast.com\/product\/yoast-seo-wordpress\/ -->\n<title>Tochato - Free random chat with strangers on StrangerCam.com<\/title>\n<meta name=\"description\" content=\"Like Tochato? Come chat with more than 5.000.000 strangers on Stranger Cam for Free! Turn on your cam and find new friends &amp; maby a match!\" \/>\n<meta name=\"robots\" content=\"index, follow, max-snippet:-1, max-image-preview:large, max-video-preview:-1\" \/>\n<link rel=\"canonical\" href=\"https:\/\/strangercam.com\/fr\/tochato\/\" \/>\n<meta property=\"og:locale\" content=\"fr_FR\" \/>\n<meta property=\"og:type\" content=\"article\" \/>\n<meta property=\"og:title\" content=\"Tochato - Free random chat with strangers on StrangerCam.com\" \/>\n<meta property=\"og:description\" content=\"Like Tochato? Come chat with more than 5.000.000 strangers on Stranger Cam for Free! Turn on your cam and find new friends &amp; maby a match!\" \/>\n<meta property=\"og:url\" content=\"https:\/\/strangercam.com\/fr\/tochato\/\" \/>\n<meta property=\"og:site_name\" content=\"Strangercam\" \/>\n<meta property=\"article:publisher\" content=\"https:\/\/www.facebook.com\/strangercam\" \/>\n<meta property=\"article:modified_time\" content=\"2025-02-07T11:30:59+00:00\" \/>\n<meta property=\"og:image\" content=\"https:\/\/strangercam.com\/wp-content\/uploads\/2021\/10\/Untitled-2.png\" \/>\n\t<meta property=\"og:image:width\" content=\"800\" \/>\n\t<meta property=\"og:image:height\" content=\"532\" \/>\n\t<meta property=\"og:image:type\" content=\"image\/png\" \/>\n<meta name=\"twitter:card\" content=\"summary_large_image\" \/>\n<meta name=\"twitter:site\" content=\"@strangercamapp\" \/>\n<meta name=\"twitter:label1\" content=\"Dur\u00e9e de lecture estim\u00e9e\" \/>\n\t<meta name=\"twitter:data1\" content=\"4 minutes\" \/>\n<script type=\"application\/ld+json\" class=\"yoast-schema-graph\">{\"@context\":\"https:\\\/\\\/schema.org\",\"@graph\":[{\"@type\":\"WebPage\",\"@id\":\"https:\\\/\\\/strangercam.com\\\/tochato\\\/\",\"url\":\"https:\\\/\\\/strangercam.com\\\/tochato\\\/\",\"name\":\"Tochato - Free random chat with strangers on StrangerCam.com\",\"isPartOf\":{\"@id\":\"https:\\\/\\\/strangercam.com\\\/#website\"},\"datePublished\":\"2025-02-07T11:30:21+00:00\",\"dateModified\":\"2025-02-07T11:30:59+00:00\",\"description\":\"Like Tochato? Come chat with more than 5.000.000 strangers on Stranger Cam for Free! Turn on your cam and find new friends & maby a match!\",\"breadcrumb\":{\"@id\":\"https:\\\/\\\/strangercam.com\\\/tochato\\\/#breadcrumb\"},\"inLanguage\":\"fr-FR\",\"potentialAction\":[{\"@type\":\"ReadAction\",\"target\":[\"https:\\\/\\\/strangercam.com\\\/tochato\\\/\"]}]},{\"@type\":\"BreadcrumbList\",\"@id\":\"https:\\\/\\\/strangercam.com\\\/tochato\\\/#breadcrumb\",\"itemListElement\":[{\"@type\":\"ListItem\",\"position\":1,\"name\":\"Home\",\"item\":\"https:\\\/\\\/strangercam.com\\\/\"},{\"@type\":\"ListItem\",\"position\":2,\"name\":\"Tochato\"}]},{\"@type\":\"WebSite\",\"@id\":\"https:\\\/\\\/strangercam.com\\\/#website\",\"url\":\"https:\\\/\\\/strangercam.com\\\/\",\"name\":\"Strangercam\",\"description\":\"Random Video Chat with Strangers\",\"publisher\":{\"@id\":\"https:\\\/\\\/strangercam.com\\\/#organization\"},\"alternateName\":\"Strangercam.com\",\"potentialAction\":[{\"@type\":\"SearchAction\",\"target\":{\"@type\":\"EntryPoint\",\"urlTemplate\":\"https:\\\/\\\/strangercam.com\\\/?s={search_term_string}\"},\"query-input\":{\"@type\":\"PropertyValueSpecification\",\"valueRequired\":true,\"valueName\":\"search_term_string\"}}],\"inLanguage\":\"fr-FR\"},{\"@type\":\"Organization\",\"@id\":\"https:\\\/\\\/strangercam.com\\\/#organization\",\"name\":\"Strangercam\",\"alternateName\":\"Strangercam.com\",\"url\":\"https:\\\/\\\/strangercam.com\\\/\",\"logo\":{\"@type\":\"ImageObject\",\"inLanguage\":\"fr-FR\",\"@id\":\"https:\\\/\\\/strangercam.com\\\/#\\\/schema\\\/logo\\\/image\\\/\",\"url\":\"https:\\\/\\\/strangercam.com\\\/wp-content\\\/uploads\\\/2020\\\/11\\\/cropped-new-favicon-black.png\",\"contentUrl\":\"https:\\\/\\\/strangercam.com\\\/wp-content\\\/uploads\\\/2020\\\/11\\\/cropped-new-favicon-black.png\",\"width\":512,\"height\":512,\"caption\":\"Strangercam\"},\"image\":{\"@id\":\"https:\\\/\\\/strangercam.com\\\/#\\\/schema\\\/logo\\\/image\\\/\"},\"sameAs\":[\"https:\\\/\\\/www.facebook.com\\\/strangercam\",\"https:\\\/\\\/x.com\\\/strangercamapp\"]}]}<\/script>\n<!-- \/ Yoast SEO plugin. -->","yoast_head_json":{"title":"Tochato - Chat gratuit et al\u00e9atoire avec des inconnus sur StrangerCam.com","description":"Vous aimez Tochato ? Venez discuter avec plus de 5.000.000 d'inconnus sur Stranger Cam gratuitement ! Allume ta cam\u00e9ra et trouve de nouveaux amis et peut-\u00eatre un partenaire !","robots":{"index":"index","follow":"follow","max-snippet":"max-snippet:-1","max-image-preview":"max-image-preview:large","max-video-preview":"max-video-preview:-1"},"canonical":"https:\/\/strangercam.com\/fr\/tochato\/","og_locale":"fr_FR","og_type":"article","og_title":"Tochato - Free random chat with strangers on StrangerCam.com","og_description":"Like Tochato? Come chat with more than 5.000.000 strangers on Stranger Cam for Free! Turn on your cam and find new friends & maby a match!","og_url":"https:\/\/strangercam.com\/fr\/tochato\/","og_site_name":"Strangercam","article_publisher":"https:\/\/www.facebook.com\/strangercam","article_modified_time":"2025-02-07T11:30:59+00:00","og_image":[{"width":800,"height":532,"url":"https:\/\/strangercam.com\/wp-content\/uploads\/2021\/10\/Untitled-2.png","type":"image\/png"}],"twitter_card":"summary_large_image","twitter_site":"@strangercamapp","twitter_misc":{"Dur\u00e9e de lecture estim\u00e9e":"4 minutes"},"schema":{"@context":"https:\/\/schema.org","@graph":[{"@type":"WebPage","@id":"https:\/\/strangercam.com\/tochato\/","url":"https:\/\/strangercam.com\/tochato\/","name":"Tochato - Chat gratuit et al\u00e9atoire avec des inconnus sur StrangerCam.com","isPartOf":{"@id":"https:\/\/strangercam.com\/#website"},"datePublished":"2025-02-07T11:30:21+00:00","dateModified":"2025-02-07T11:30:59+00:00","description":"Vous aimez Tochato ? Venez discuter avec plus de 5.000.000 d'inconnus sur Stranger Cam gratuitement ! Allume ta cam\u00e9ra et trouve de nouveaux amis et peut-\u00eatre un partenaire !","breadcrumb":{"@id":"https:\/\/strangercam.com\/tochato\/#breadcrumb"},"inLanguage":"fr-FR","potentialAction":[{"@type":"ReadAction","target":["https:\/\/strangercam.com\/tochato\/"]}]},{"@type":"BreadcrumbList","@id":"https:\/\/strangercam.com\/tochato\/#breadcrumb","itemListElement":[{"@type":"ListItem","position":1,"name":"Home","item":"https:\/\/strangercam.com\/"},{"@type":"ListItem","position":2,"name":"Tochato"}]},{"@type":"WebSite","@id":"https:\/\/strangercam.com\/#website","url":"https:\/\/strangercam.com\/","name":"Strangercam","description":"Chat vid\u00e9o al\u00e9atoire avec des inconnus","publisher":{"@id":"https:\/\/strangercam.com\/#organization"},"alternateName":"Strangercam.com","potentialAction":[{"@type":"SearchAction","target":{"@type":"EntryPoint","urlTemplate":"https:\/\/strangercam.com\/?s={search_term_string}"},"query-input":{"@type":"PropertyValueSpecification","valueRequired":true,"valueName":"search_term_string"}}],"inLanguage":"fr-FR"},{"@type":"Organization","@id":"https:\/\/strangercam.com\/#organization","name":"Strangercam","alternateName":"Strangercam.com","url":"https:\/\/strangercam.com\/","logo":{"@type":"ImageObject","inLanguage":"fr-FR","@id":"https:\/\/strangercam.com\/#\/schema\/logo\/image\/","url":"https:\/\/strangercam.com\/wp-content\/uploads\/2020\/11\/cropped-new-favicon-black.png","contentUrl":"https:\/\/strangercam.com\/wp-content\/uploads\/2020\/11\/cropped-new-favicon-black.png","width":512,"height":512,"caption":"Strangercam"},"image":{"@id":"https:\/\/strangercam.com\/#\/schema\/logo\/image\/"},"sameAs":["https:\/\/www.facebook.com\/strangercam","https:\/\/x.com\/strangercamapp"]}]}},"_links":{"self":[{"href":"https:\/\/strangercam.com\/fr\/wp-json\/wp\/v2\/pages\/12708","targetHints":{"allow":["GET"]}}],"collection":[{"href":"https:\/\/strangercam.com\/fr\/wp-json\/wp\/v2\/pages"}],"about":[{"href":"https:\/\/strangercam.com\/fr\/wp-json\/wp\/v2\/types\/page"}],"author":[{"embeddable":true,"href":"https:\/\/strangercam.com\/fr\/wp-json\/wp\/v2\/users\/6"}],"replies":[{"embeddable":true,"href":"https:\/\/strangercam.com\/fr\/wp-json\/wp\/v2\/comments?post=12708"}],"version-history":[{"count":1,"href":"https:\/\/strangercam.com\/fr\/wp-json\/wp\/v2\/pages\/12708\/revisions"}],"predecessor-version":[{"id":12709,"href":"https:\/\/strangercam.com\/fr\/wp-json\/wp\/v2\/pages\/12708\/revisions\/12709"}],"wp:attachment":[{"href":"https:\/\/strangercam.com\/fr\/wp-json\/wp\/v2\/media?parent=12708"}],"curies":[{"name":"wp","href":"https:\/\/api.w.org\/{rel}","templated":true}]}}