{"id":12702,"date":"2025-02-07T13:19:12","date_gmt":"2025-02-07T11:19:12","guid":{"rendered":"https:\/\/strangercam.com\/?page_id=12702"},"modified":"2025-02-07T13:21:09","modified_gmt":"2025-02-07T11:21:09","slug":"chattijd","status":"publish","type":"page","link":"https:\/\/strangercam.com\/fr\/chattijd\/","title":{"rendered":"Chattijd"},"content":{"rendered":"<p>Dans le monde rapide de la communication en ligne, Chattijd s'est rapidement impos\u00e9 comme une plateforme vivante et attrayante qui met en relation des personnes de tous les coins du monde. Que vous soyez \u00e0 la recherche d'une conversation d\u00e9contract\u00e9e, d'une amiti\u00e9 s\u00e9rieuse ou d'un divertissement interactif, cette plateforme bas\u00e9e aux Pays-Bas offre un large \u00e9ventail d'opportunit\u00e9s pour entrer en contact avec des personnes partageant les m\u00eames centres d'int\u00e9r\u00eat.<\/p>\n<p>Rejoignez-nous pour plonger dans le monde de Chattijd, en explorant ses caract\u00e9ristiques, ses avantages et ce qui en fait un favori pour ceux qui appr\u00e9cient les conversations dynamiques en temps r\u00e9el. Ici, chaque <a href=\"https:\/\/strangercam.com\/fr\/chatroulette\/\">chat<\/a> peut conduire \u00e0 une nouvelle d\u00e9couverte, ce qui en fait bien plus qu'une simple plateforme en ligne : c'est une communaut\u00e9 mondiale fond\u00e9e sur des connexions authentiques et des interactions passionnantes.<\/p>\n<h2>Qu'est-ce que Chattijd ?<\/h2>\n<p>Dans l'univers toujours plus vaste des plates-formes de chat en ligne, Chattijd se distingue par la fra\u00eecheur et l'excitation qu'il procure. <a href=\"https:\/\/strangercam.com\/fr\/coomeet\/\">rencontrer<\/a> et d'interagir avec de nouvelles personnes. Contrairement aux services de messagerie traditionnels, Chattijd met l'accent sur la cr\u00e9ation de connexions authentiques, en veillant \u00e0 ce que chaque conversation ait un sens et soit engageante.<\/p>\n<p>\u00c0 la base, Chattijd vise \u00e0 \u00eatre plus qu'un simple portail de chat. Il s'agit d'un <a href=\"https:\/\/strangercam.com\/fr\/chathub\/\">plaque tournante<\/a> o\u00f9 les amiti\u00e9s peuvent s'\u00e9panouir et o\u00f9 chaque interaction peut se transformer en une exp\u00e9rience m\u00e9morable. La plateforme int\u00e8gre des fonctionnalit\u00e9s de pointe - allant du chat instantan\u00e9 en direct \u00e0 des \u00e9l\u00e9ments interactifs amusants - qui rendent la conversation transparente et agr\u00e9able.<\/p>\n<ul>\n<li>Options de chat en direct : Entrez instantan\u00e9ment en contact avec des utilisateurs du monde entier.<\/li>\n<li>Profils personnalisables : Exprimez-vous en personnalisant votre profil pour qu'il refl\u00e8te votre personnalit\u00e9 et vos centres d'int\u00e9r\u00eat.<\/li>\n<li>Activit\u00e9s interactives : Participez \u00e0 des jeux et des quiz ludiques qui suscitent la conversation et aident \u00e0 briser la glace.<\/li>\n<\/ul>\n<p>Ce qui distingue vraiment Chattijd, c'est son engagement \u00e0 favoriser un environnement s\u00fbr et inclusif. L'\u00e9quipe derri\u00e8re Chattijd investit massivement dans des technologies s\u00e9curis\u00e9es et des pratiques de mod\u00e9ration pour s'assurer que la s\u00e9curit\u00e9 en ligne de chaque utilisateur est une priorit\u00e9 absolue. Cette volont\u00e9 d'offrir un environnement accueillant <a href=\"https:\/\/strangercam.com\/fr\/mocospace\/\">espace<\/a> a propuls\u00e9 Chattijd au premier rang des services de chat en ligne aux Pays-Bas et au-del\u00e0.<\/p>\n<p>En explorant la plateforme, il devient \u00e9vident que Chattijd a \u00e9t\u00e9 con\u00e7u pour r\u00e9volutionner la fa\u00e7on dont les gens communiquent en ligne. En associant la d\u00e9couverte sociale au divertissement interactif, elle red\u00e9finit notre conception du chat en ligne, transformant de simples conversations en opportunit\u00e9s d'apprendre, de grandir et de forger des liens authentiques avec des personnes de tous horizons.<\/p>\n<h2>L'utilisation de Chattijd est-elle gratuite ?<\/h2>\n<p>L'une des questions les plus fr\u00e9quentes concernant les services de chat en ligne est de savoir s'ils sont gratuits. Chattijd offre une certaine flexibilit\u00e9 en proposant des options gratuites et payantes afin de r\u00e9pondre aux pr\u00e9f\u00e9rences et aux budgets des utilisateurs.<\/p>\n<ul>\n<li>Adh\u00e9sion gratuite :\n<ul>\n<li>Envoyer et recevoir des messages<\/li>\n<li>Participer \u00e0 des salons de discussion publics<\/li>\n<li>Consulter les profils des utilisateurs<\/li>\n<\/ul>\n<p>Avec un compte gratuit, vous aurez acc\u00e8s aux fonctionnalit\u00e9s essentielles qui font de Chattijd une communaut\u00e9 si engageante. C'est un excellent moyen d'explorer la plateforme sans engagement financier.<\/li>\n<li>Adh\u00e9sion Premium :<br \/>\nPour les utilisateurs \u00e0 la recherche d'une exp\u00e9rience encore plus riche, l'adh\u00e9sion premium \u00e0 Chattijd permet de b\u00e9n\u00e9ficier de fonctions et d'avantages avanc\u00e9s :<\/p>\n<ul>\n<li>Acc\u00e8s illimit\u00e9 \u00e0 tous les salons de discussion<\/li>\n<li>Filtres de recherche avanc\u00e9e<\/li>\n<li>Une exp\u00e9rience sans publicit\u00e9<\/li>\n<li>Assistance prioritaire \u00e0 la client\u00e8le<\/li>\n<\/ul>\n<\/li>\n<\/ul>\n<p>Vous trouverez ci-dessous un aper\u00e7u des co\u00fbts d'adh\u00e9sion :<\/p>\n<table>\n<thead>\n<tr>\n<th>L'adh\u00e9sion<\/th>\n<th>Co\u00fbt mensuel<\/th>\n<th>Co\u00fbt annuel<\/th>\n<\/tr>\n<\/thead>\n<tbody>\n<tr>\n<td>Gratuit<\/td>\n<td>$0<\/td>\n<td>$0<\/td>\n<\/tr>\n<tr>\n<td>Prime<\/td>\n<td>$9.99<\/td>\n<td>$99.90<\/td>\n<\/tr>\n<\/tbody>\n<\/table>\n<p>Que vous optiez pour le plan gratuit ou que vous d\u00e9cidiez de mettre \u00e0 niveau pour obtenir des fonctionnalit\u00e9s suppl\u00e9mentaires, Chattijd conserve le m\u00eame objectif principal : fournir un environnement vivant et s\u00e9curis\u00e9 o\u00f9 vous pouvez vous connecter avec d'autres personnes, partager des exp\u00e9riences et vous amuser.<\/p>\n<h2>Comment utiliser Chattijd<\/h2>\n<p>L'utilisation de Chattijd est simple, ce qui permet \u00e0 tout le monde de se lancer et de commencer \u00e0 chatter imm\u00e9diatement. Voici un guide \u00e9tape par \u00e9tape pour vous aider \u00e0 d\u00e9marrer :<\/p>\n<ol>\n<li>Cr\u00e9ez votre profil<br \/>\nCommencez par vous inscrire pour obtenir un compte gratuit. Personnalisez votre profil avec un nom d'utilisateur, une photo de profil et une br\u00e8ve description de vous-m\u00eame. Mettez en avant vos centres d'int\u00e9r\u00eat pour vous d\u00e9marquer et faciliter la recherche d'utilisateurs ayant les m\u00eames centres d'int\u00e9r\u00eat que vous.<\/li>\n<li>Explorer les salles de chat<br \/>\nChattijd h\u00e9berge une vari\u00e9t\u00e9 de salons de discussion publics. Ces salons traitent de diff\u00e9rents sujets et centres d'int\u00e9r\u00eat, allant de la musique aux jeux en passant par les voyages et les bavardages. Le fait de participer \u00e0 ces salons peut \u00eatre un excellent moyen de d\u00e9couvrir de nouvelles personnes et d'entamer des discussions int\u00e9ressantes.<\/li>\n<li>Chats priv\u00e9s et messages directs<br \/>\nSi vous pr\u00e9f\u00e9rez les conversations en t\u00eate-\u00e0-t\u00eate, Chattijd propose \u00e9galement la messagerie directe. Utilisez la fonction de recherche pour trouver des utilisateurs qui partagent vos centres d'int\u00e9r\u00eat ou lancez simplement une discussion priv\u00e9e avec quelqu'un qui a attir\u00e9 votre attention dans les salons publics.<\/li>\n<li>Fonctionnalit\u00e9s interactives<br \/>\nProfitez des jeux interactifs, des quiz et d'autres fonctions amusantes pour briser la glace. Ces activit\u00e9s peuvent transformer une conversation standard en une exp\u00e9rience m\u00e9morable et vous aider \u00e0 \u00e9tablir un contact plus naturel.<\/li>\n<li>Passer \u00e0 la version Premium (optionnel)<br \/>\nSi vous souhaitez b\u00e9n\u00e9ficier de fonctionnalit\u00e9s suppl\u00e9mentaires, telles que des filtres de recherche avanc\u00e9s, une navigation sans publicit\u00e9 et une assistance prioritaire, envisagez de souscrire un abonnement premium. Vous pourrez ainsi exploiter tout le potentiel de Chattijd et b\u00e9n\u00e9ficier d'une exp\u00e9rience de chat encore plus fluide et personnalis\u00e9e.<\/li>\n<\/ol>\n<h2>\u00c0 quoi sert Chattijd ?<\/h2>\n<p>Chattijd excelle dans divers domaines, ce qui le rend attrayant pour un large \u00e9ventail d'utilisateurs :<\/p>\n<ol>\n<li>Favoriser de vraies connexions<br \/>\nEn mettant l'accent sur l'authenticit\u00e9, Chattijd permet de trouver facilement des personnes qui partagent les m\u00eames passions. Que vous recherchiez l'amiti\u00e9, le soutien ou quelque chose de plus, l'interface conviviale de Chattijd et sa communaut\u00e9 de soutien sont parfaites pour entretenir des relations significatives.<\/li>\n<li>Divers sujets de conversation<br \/>\nDes salons de discussion consacr\u00e9s aux loisirs aux discussions en temps r\u00e9el sur l'actualit\u00e9, la plate-forme offre un large choix de sujets de conversation. Cette vari\u00e9t\u00e9 garantit que chaque visite sur Chattijd est unique et riche en possibilit\u00e9s de rencontres.<\/li>\n<li>Un environnement s\u00fbr et accueillant<br \/>\nLa s\u00e9curit\u00e9 en ligne est primordiale chez Chattijd. Une mod\u00e9ration permanente et des mesures de s\u00e9curit\u00e9 avanc\u00e9es contribuent \u00e0 cr\u00e9er un espace o\u00f9 vous pouvez discuter librement sans vous soucier de votre vie priv\u00e9e ou d'interactions ind\u00e9sirables.<\/li>\n<li>Le divertissement par l'interactivit\u00e9<br \/>\nVous en avez assez des \u00e9changes de texte ? Chattijd int\u00e8gre des fonctions ludiques telles que des jeux et des quiz, ajoutant une touche divertissante \u00e0 vos conversations. Ces ajouts ludiques facilitent la connexion et maintiennent la fra\u00eecheur de l'exp\u00e9rience.<\/li>\n<\/ol>\n<p>Fort de ces atouts, Chattijd convient parfaitement \u00e0 tous ceux qui recherchent des interactions amusantes et authentiques dans un cadre en ligne s\u00e9curis\u00e9.<\/p>\n<h2>Quelles sont les fonctionnalit\u00e9s offertes par Chattijd ?<\/h2>\n<p>Le Chattijd est dot\u00e9 d'un grand nombre de fonctions destin\u00e9es \u00e0 rendre vos sessions de chat aussi agr\u00e9ables et polyvalentes que possible. En voici quelques exemples :<\/p>\n<ul>\n<li>Profils personnalisables<br \/>\nL'expression personnelle est un \u00e9l\u00e9ment important de l'interaction en ligne. Chattijd vous permet de cr\u00e9er votre profil de mani\u00e8re \u00e0 ce qu'il refl\u00e8te votre vraie personnalit\u00e9, en aidant les autres \u00e0 voir ce qui vous passionne.<\/li>\n<li>Fonctionnalit\u00e9 de chat en direct<br \/>\nProfitez d'une connectivit\u00e9 instantan\u00e9e avec des personnes du monde entier gr\u00e2ce \u00e0 la messagerie en temps r\u00e9el. Elle est rapide, conviviale et parfaite pour les conversations spontan\u00e9es, qu'il s'agisse de plaisanteries l\u00e9g\u00e8res ou de discussions approfondies.<\/li>\n<li>Jeux interactifs et quiz<br \/>\nPour ceux qui aiment s'amuser un peu plus, ces fonctions permettent de briser la glace sans effort. D\u00e9fiez un nouvel ami dans un jeu rapide ou r\u00e9pondez ensemble \u00e0 des quiz pour d\u00e9couvrir des centres d'int\u00e9r\u00eat communs.<\/li>\n<li>Mesures de s\u00e9curit\u00e9 avanc\u00e9es<br \/>\nVotre s\u00e9curit\u00e9 est essentielle. L'engagement de Chattijd en mati\u00e8re de protection de la vie priv\u00e9e et ses outils de mod\u00e9ration robustes vous permettent de vous engager en toute confiance, en sachant que vos conversations sont s\u00e9curis\u00e9es.<\/li>\n<li>Options d'adh\u00e9sion flexibles<br \/>\nQue vous pr\u00e9f\u00e9riez un compte gratuit ou un abonnement premium, Chattijd vous offre plusieurs fa\u00e7ons de profiter de la plateforme. Les utilisateurs gratuits peuvent explorer la plupart des fonctionnalit\u00e9s cl\u00e9s, tandis que les abonn\u00e9s premium b\u00e9n\u00e9ficient d'une navigation sans publicit\u00e9, d'une assistance prioritaire et de fonctions de recherche avanc\u00e9es.<\/li>\n<\/ul>\n<p>Avec un tel ensemble d'outils, Chattijd est bien \u00e9quip\u00e9 pour r\u00e9pondre aux diff\u00e9rents go\u00fbts et exigences, en veillant \u00e0 ce que chaque conversation soit enrichissante et sans probl\u00e8me.<\/p>\n<h2>Quelles sont les alternatives \u00e0 Chattijd ?<\/h2>\n<p>Si Chattijd s'est taill\u00e9 une place de choix en tant que destination de chat en ligne, en particulier pour les n\u00e9erlandophones, ce n'est pas la seule plateforme o\u00f9 vous pouvez socialiser et d\u00e9couvrir des communaut\u00e9s attrayantes. D'autres services de chat proposent des interactions en ligne qui leur sont propres, en se concentrant sur des caract\u00e9ristiques ou des groupes d\u00e9mographiques sp\u00e9cifiques.<\/p>\n<p>Certaines plateformes mettent l'accent sur <a href=\"https:\/\/strangercam.com\/fr\/rabbit-video-chat\/\">vid\u00e9o<\/a> tandis que d'autres se sp\u00e9cialisent dans les salons de discussion \u00e0 th\u00e8me ou dans les rencontres. En explorant ces alternatives, vous trouverez peut-\u00eatre des sites qui traitent de sujets de niche ou de formes d'engagement sp\u00e9cialis\u00e9es. Cependant, la combinaison de l'interaction s\u00e9curis\u00e9e en temps r\u00e9el, de la conception conviviale et des fonctions premium optionnelles de Chattijd en fait un choix exceptionnel pour tous ceux qui recherchent une exp\u00e9rience de chat \u00e0 multiples facettes.<\/p>\n<h2>Conclusion<\/h2>\n<p>Avec sa combinaison de mesures de s\u00e9curit\u00e9 robustes, de fonctions conviviales et d'une communaut\u00e9 diversifi\u00e9e, Chattijd prouve que le chat en ligne peut \u00eatre \u00e0 la fois divertissant et enrichissant. Que vous choisissiez l'adh\u00e9sion gratuite ou que vous optiez pour les avantages premium, vous trouverez des possibilit\u00e9s infinies de vous connecter, de partager et de d\u00e9couvrir de nouvelles amiti\u00e9s. Plongez dans Chattijd d\u00e8s aujourd'hui et d\u00e9couvrez un monde de conversations dynamiques en temps r\u00e9el, tout en restant confortablement install\u00e9 sur votre appareil.<\/p>","protected":false},"excerpt":{"rendered":"<p>In the fast-paced world of online communication, Chattijd has quickly established itself as a lively and engaging platform connecting people from all corners of the globe. Whether you\u2019re searching for casual conversation, meaningful friendships, or interactive entertainment, this Dutch-based platform offers an array of opportunities to connect with like-minded individuals. Join us as we dive [&hellip;]<\/p>\n","protected":false},"author":6,"featured_media":0,"parent":0,"menu_order":0,"comment_status":"closed","ping_status":"closed","template":"","meta":{"footnotes":""},"class_list":["post-12702","page","type-page","status-publish","hentry"],"yoast_head":"<!-- This site is optimized with the Yoast SEO plugin v27.4 - https:\/\/yoast.com\/product\/yoast-seo-wordpress\/ -->\n<title>Chattijd - Free video chat with girls on StrangerCam.com<\/title>\n<meta name=\"description\" content=\"Like Chattijd? Come chat with more than 5.000.000 strangers on Stranger Cam for Free! Turn on your cam and find new friends &amp; maby a match!\" \/>\n<meta name=\"robots\" content=\"index, follow, max-snippet:-1, max-image-preview:large, max-video-preview:-1\" \/>\n<link rel=\"canonical\" href=\"https:\/\/strangercam.com\/fr\/chattijd\/\" \/>\n<meta property=\"og:locale\" content=\"fr_FR\" \/>\n<meta property=\"og:type\" content=\"article\" \/>\n<meta property=\"og:title\" content=\"Chattijd - Free video chat with girls on StrangerCam.com\" \/>\n<meta property=\"og:description\" content=\"Like Chattijd? Come chat with more than 5.000.000 strangers on Stranger Cam for Free! Turn on your cam and find new friends &amp; maby a match!\" \/>\n<meta property=\"og:url\" content=\"https:\/\/strangercam.com\/fr\/chattijd\/\" \/>\n<meta property=\"og:site_name\" content=\"Strangercam\" \/>\n<meta property=\"article:publisher\" content=\"https:\/\/www.facebook.com\/strangercam\" \/>\n<meta property=\"article:modified_time\" content=\"2025-02-07T11:21:09+00:00\" \/>\n<meta property=\"og:image\" content=\"https:\/\/strangercam.com\/wp-content\/uploads\/2021\/10\/Untitled-2.png\" \/>\n\t<meta property=\"og:image:width\" content=\"800\" \/>\n\t<meta property=\"og:image:height\" content=\"532\" \/>\n\t<meta property=\"og:image:type\" content=\"image\/png\" \/>\n<meta name=\"twitter:card\" content=\"summary_large_image\" \/>\n<meta name=\"twitter:site\" content=\"@strangercamapp\" \/>\n<meta name=\"twitter:label1\" content=\"Dur\u00e9e de lecture estim\u00e9e\" \/>\n\t<meta name=\"twitter:data1\" content=\"6 minutes\" \/>\n<script type=\"application\/ld+json\" class=\"yoast-schema-graph\">{\"@context\":\"https:\\\/\\\/schema.org\",\"@graph\":[{\"@type\":\"WebPage\",\"@id\":\"https:\\\/\\\/strangercam.com\\\/chattijd\\\/\",\"url\":\"https:\\\/\\\/strangercam.com\\\/chattijd\\\/\",\"name\":\"Chattijd - Free video chat with girls on StrangerCam.com\",\"isPartOf\":{\"@id\":\"https:\\\/\\\/strangercam.com\\\/#website\"},\"datePublished\":\"2025-02-07T11:19:12+00:00\",\"dateModified\":\"2025-02-07T11:21:09+00:00\",\"description\":\"Like Chattijd? Come chat with more than 5.000.000 strangers on Stranger Cam for Free! Turn on your cam and find new friends & maby a match!\",\"breadcrumb\":{\"@id\":\"https:\\\/\\\/strangercam.com\\\/chattijd\\\/#breadcrumb\"},\"inLanguage\":\"fr-FR\",\"potentialAction\":[{\"@type\":\"ReadAction\",\"target\":[\"https:\\\/\\\/strangercam.com\\\/chattijd\\\/\"]}]},{\"@type\":\"BreadcrumbList\",\"@id\":\"https:\\\/\\\/strangercam.com\\\/chattijd\\\/#breadcrumb\",\"itemListElement\":[{\"@type\":\"ListItem\",\"position\":1,\"name\":\"Home\",\"item\":\"https:\\\/\\\/strangercam.com\\\/\"},{\"@type\":\"ListItem\",\"position\":2,\"name\":\"Chattijd\"}]},{\"@type\":\"WebSite\",\"@id\":\"https:\\\/\\\/strangercam.com\\\/#website\",\"url\":\"https:\\\/\\\/strangercam.com\\\/\",\"name\":\"Strangercam\",\"description\":\"Random Video Chat with Strangers\",\"publisher\":{\"@id\":\"https:\\\/\\\/strangercam.com\\\/#organization\"},\"alternateName\":\"Strangercam.com\",\"potentialAction\":[{\"@type\":\"SearchAction\",\"target\":{\"@type\":\"EntryPoint\",\"urlTemplate\":\"https:\\\/\\\/strangercam.com\\\/?s={search_term_string}\"},\"query-input\":{\"@type\":\"PropertyValueSpecification\",\"valueRequired\":true,\"valueName\":\"search_term_string\"}}],\"inLanguage\":\"fr-FR\"},{\"@type\":\"Organization\",\"@id\":\"https:\\\/\\\/strangercam.com\\\/#organization\",\"name\":\"Strangercam\",\"alternateName\":\"Strangercam.com\",\"url\":\"https:\\\/\\\/strangercam.com\\\/\",\"logo\":{\"@type\":\"ImageObject\",\"inLanguage\":\"fr-FR\",\"@id\":\"https:\\\/\\\/strangercam.com\\\/#\\\/schema\\\/logo\\\/image\\\/\",\"url\":\"https:\\\/\\\/strangercam.com\\\/wp-content\\\/uploads\\\/2020\\\/11\\\/cropped-new-favicon-black.png\",\"contentUrl\":\"https:\\\/\\\/strangercam.com\\\/wp-content\\\/uploads\\\/2020\\\/11\\\/cropped-new-favicon-black.png\",\"width\":512,\"height\":512,\"caption\":\"Strangercam\"},\"image\":{\"@id\":\"https:\\\/\\\/strangercam.com\\\/#\\\/schema\\\/logo\\\/image\\\/\"},\"sameAs\":[\"https:\\\/\\\/www.facebook.com\\\/strangercam\",\"https:\\\/\\\/x.com\\\/strangercamapp\"]}]}<\/script>\n<!-- \/ Yoast SEO plugin. -->","yoast_head_json":{"title":"Chattijd - Chat vid\u00e9o gratuit avec des filles sur StrangerCam.com","description":"Vous aimez Chattijd ? Venez discuter avec plus de 5.000.000 d'inconnus sur Stranger Cam gratuitement ! Allume ta cam\u00e9ra et trouve de nouveaux amis et peut-\u00eatre un partenaire !","robots":{"index":"index","follow":"follow","max-snippet":"max-snippet:-1","max-image-preview":"max-image-preview:large","max-video-preview":"max-video-preview:-1"},"canonical":"https:\/\/strangercam.com\/fr\/chattijd\/","og_locale":"fr_FR","og_type":"article","og_title":"Chattijd - Free video chat with girls on StrangerCam.com","og_description":"Like Chattijd? Come chat with more than 5.000.000 strangers on Stranger Cam for Free! Turn on your cam and find new friends & maby a match!","og_url":"https:\/\/strangercam.com\/fr\/chattijd\/","og_site_name":"Strangercam","article_publisher":"https:\/\/www.facebook.com\/strangercam","article_modified_time":"2025-02-07T11:21:09+00:00","og_image":[{"width":800,"height":532,"url":"https:\/\/strangercam.com\/wp-content\/uploads\/2021\/10\/Untitled-2.png","type":"image\/png"}],"twitter_card":"summary_large_image","twitter_site":"@strangercamapp","twitter_misc":{"Dur\u00e9e de lecture estim\u00e9e":"6 minutes"},"schema":{"@context":"https:\/\/schema.org","@graph":[{"@type":"WebPage","@id":"https:\/\/strangercam.com\/chattijd\/","url":"https:\/\/strangercam.com\/chattijd\/","name":"Chattijd - Chat vid\u00e9o gratuit avec des filles sur StrangerCam.com","isPartOf":{"@id":"https:\/\/strangercam.com\/#website"},"datePublished":"2025-02-07T11:19:12+00:00","dateModified":"2025-02-07T11:21:09+00:00","description":"Vous aimez Chattijd ? Venez discuter avec plus de 5.000.000 d'inconnus sur Stranger Cam gratuitement ! Allume ta cam\u00e9ra et trouve de nouveaux amis et peut-\u00eatre un partenaire !","breadcrumb":{"@id":"https:\/\/strangercam.com\/chattijd\/#breadcrumb"},"inLanguage":"fr-FR","potentialAction":[{"@type":"ReadAction","target":["https:\/\/strangercam.com\/chattijd\/"]}]},{"@type":"BreadcrumbList","@id":"https:\/\/strangercam.com\/chattijd\/#breadcrumb","itemListElement":[{"@type":"ListItem","position":1,"name":"Home","item":"https:\/\/strangercam.com\/"},{"@type":"ListItem","position":2,"name":"Chattijd"}]},{"@type":"WebSite","@id":"https:\/\/strangercam.com\/#website","url":"https:\/\/strangercam.com\/","name":"Strangercam","description":"Chat vid\u00e9o al\u00e9atoire avec des inconnus","publisher":{"@id":"https:\/\/strangercam.com\/#organization"},"alternateName":"Strangercam.com","potentialAction":[{"@type":"SearchAction","target":{"@type":"EntryPoint","urlTemplate":"https:\/\/strangercam.com\/?s={search_term_string}"},"query-input":{"@type":"PropertyValueSpecification","valueRequired":true,"valueName":"search_term_string"}}],"inLanguage":"fr-FR"},{"@type":"Organization","@id":"https:\/\/strangercam.com\/#organization","name":"Strangercam","alternateName":"Strangercam.com","url":"https:\/\/strangercam.com\/","logo":{"@type":"ImageObject","inLanguage":"fr-FR","@id":"https:\/\/strangercam.com\/#\/schema\/logo\/image\/","url":"https:\/\/strangercam.com\/wp-content\/uploads\/2020\/11\/cropped-new-favicon-black.png","contentUrl":"https:\/\/strangercam.com\/wp-content\/uploads\/2020\/11\/cropped-new-favicon-black.png","width":512,"height":512,"caption":"Strangercam"},"image":{"@id":"https:\/\/strangercam.com\/#\/schema\/logo\/image\/"},"sameAs":["https:\/\/www.facebook.com\/strangercam","https:\/\/x.com\/strangercamapp"]}]}},"_links":{"self":[{"href":"https:\/\/strangercam.com\/fr\/wp-json\/wp\/v2\/pages\/12702","targetHints":{"allow":["GET"]}}],"collection":[{"href":"https:\/\/strangercam.com\/fr\/wp-json\/wp\/v2\/pages"}],"about":[{"href":"https:\/\/strangercam.com\/fr\/wp-json\/wp\/v2\/types\/page"}],"author":[{"embeddable":true,"href":"https:\/\/strangercam.com\/fr\/wp-json\/wp\/v2\/users\/6"}],"replies":[{"embeddable":true,"href":"https:\/\/strangercam.com\/fr\/wp-json\/wp\/v2\/comments?post=12702"}],"version-history":[{"count":3,"href":"https:\/\/strangercam.com\/fr\/wp-json\/wp\/v2\/pages\/12702\/revisions"}],"predecessor-version":[{"id":12707,"href":"https:\/\/strangercam.com\/fr\/wp-json\/wp\/v2\/pages\/12702\/revisions\/12707"}],"wp:attachment":[{"href":"https:\/\/strangercam.com\/fr\/wp-json\/wp\/v2\/media?parent=12702"}],"curies":[{"name":"wp","href":"https:\/\/api.w.org\/{rel}","templated":true}]}}