{"id":12683,"date":"2025-01-29T10:35:45","date_gmt":"2025-01-29T08:35:45","guid":{"rendered":"https:\/\/strangercam.com\/?page_id=12683"},"modified":"2025-02-04T09:27:22","modified_gmt":"2025-02-04T07:27:22","slug":"pink-video-chat","status":"publish","type":"page","link":"https:\/\/strangercam.com\/fr\/pink-video-chat\/","title":{"rendered":"Chat vid\u00e9o rose"},"content":{"rendered":"<p>Vous cherchez une mani\u00e8re vivante et spontan\u00e9e de <a href=\"https:\/\/strangercam.com\/fr\/coomeet\/\">rencontrer<\/a> nouvelles personnes en ligne ? Vid\u00e9o rose <a href=\"https:\/\/strangercam.com\/fr\/chatroulette\/\">Chat<\/a> offre une alternative amusante aux plateformes telles que Chatrandom, en se concentrant sur les connexions vid\u00e9o al\u00e9atoires qui suscitent de nouvelles conversations \u00e0 travers le monde. Dans ce guide, nous allons explorer les principales caract\u00e9ristiques de Pink Video Chat, ce qui le diff\u00e9rencie des autres sites de chat al\u00e9atoire et ce qui en fait une option s\u00fbre et divertissante pour ceux qui aiment les rencontres sociales rapides.<\/p>\n<h2>Caract\u00e9ristiques principales<\/h2>\n<p>Rose <a href=\"https:\/\/strangercam.com\/fr\/rabbit-video-chat\/\">Chat vid\u00e9o<\/a> a pour objectif de proposer une m\u00e9thode simple et attrayante pour entrer en contact avec des inconnus en temps r\u00e9el. De son interface conviviale \u00e0 ses modules compl\u00e9mentaires cr\u00e9atifs, il vise \u00e0 rendre les conversations amusantes et s\u00fbres.<\/p>\n<ul>\n<li><strong>Correspondance vid\u00e9o al\u00e9atoire<\/strong>: Associez-vous instantan\u00e9ment \u00e0 des inconnus et participez \u00e0 des discussions vid\u00e9o d\u00e9contract\u00e9es.<\/li>\n<li><strong>Effets brise-glace<\/strong>: Ajoutez du piquant \u00e0 vos conversations avec des masques, des filtres et d'autres \u00e9l\u00e9ments visuels.<\/li>\n<li><strong>Navigation rapide<\/strong>: Passez rapidement d'une discussion \u00e0 l'autre, pour passer plus de temps \u00e0 parler et moins \u00e0 attendre.<\/li>\n<li><strong>Optimis\u00e9 pour les mobiles<\/strong>: Qu'il s'agisse d'un smartphone ou d'un ordinateur de bureau, profitez de chats vid\u00e9o transparents sans sacrifier la qualit\u00e9.<\/li>\n<\/ul>\n<h2>Exp\u00e9rience al\u00e9atoire de chat vid\u00e9o<\/h2>\n<p>L'attrait principal de Pink Video Chat r\u00e9side dans sa capacit\u00e9 \u00e0 vous mettre en relation avec des inconnus, en t\u00eate-\u00e0-t\u00eate, en cliquant sur un bouton.<\/p>\n<h3>Connexions instantan\u00e9es<\/h3>\n<p>D\u00e8s que vous appuyez sur \u201cD\u00e9marrer\u201d, l'algorithme de Pink Video Chat trouve rapidement un partenaire pr\u00eat pour une conversation vid\u00e9o. Pas besoin de profils d\u00e9taill\u00e9s ou de filtres compliqu\u00e9s, le dialogue est spontan\u00e9.<\/p>\n<h3>Option Auto Next<\/h3>\n<p>Si la conversation en cours n'aboutit pas, il suffit d'appuyer sur \"Suivant\" pour vous mettre en relation avec une nouvelle personne, ce qui permet de maintenir un rythme soutenu et de d\u00e9couvrir davantage de personnes.<\/p>\n<h3>Communaut\u00e9 mondiale<\/h3>\n<p>La base d'utilisateurs de Pink Video Chat s'\u00e9tend au monde entier, ce qui vous permet de discuter avec des personnes d'origines diverses. C'est l'outil id\u00e9al pour apprendre de nouvelles langues ou explorer des cultures internationales dans un cadre amical et en face \u00e0 face.<\/p>\n<h2>Extras amusants<\/h2>\n<p>Au-del\u00e0 de sa fonction essentielle de chat al\u00e9atoire, Pink Video Chat propose des ajouts passionnants pour stimuler l'engagement et briser la glace.<\/p>\n<table>\n<thead>\n<tr>\n<th>Fonctionnalit\u00e9<\/th>\n<th>Description<\/th>\n<\/tr>\n<\/thead>\n<tbody>\n<tr>\n<td><strong>Masques et filtres num\u00e9riques<\/strong><\/td>\n<td>Transformez votre apparence \u00e0 l'\u00e9cran avec des incrustations originales, des chapeaux amusants ou des effets anim\u00e9s.<\/td>\n<\/tr>\n<tr>\n<td><strong>Int\u00e9gration du chat textuel<\/strong><\/td>\n<td>Tapez des messages rapides ou partagez des liens si vous pr\u00e9f\u00e9rez ne pas parler \u00e0 la cam\u00e9ra dans un premier temps.<\/td>\n<\/tr>\n<tr>\n<td><strong>Outil de capture d'image<\/strong><\/td>\n<td>Capturez des moments m\u00e9morables (avec l'accord de l'int\u00e9ress\u00e9) pour les revoir apr\u00e8s la fin de la session.<\/td>\n<\/tr>\n<tr>\n<td><strong>Tags d'int\u00e9r\u00eat<\/strong><\/td>\n<td>Incluez des mots-cl\u00e9s (musique, sports, voyages) afin que la plateforme puisse proposer des correspondances plus pertinentes.<\/td>\n<\/tr>\n<\/tbody>\n<\/table>\n<h2>Interface et exp\u00e9rience utilisateur<\/h2>\n<p>La mise en page de Pink Video Chat se veut simple, r\u00e9duisant l'encombrement et privil\u00e9giant la facilit\u00e9 d'interaction.<\/p>\n<h3>Conception et navigation<\/h3>\n<ul>\n<li><strong>Installation minimaliste<\/strong>: Des boutons clairs pour \"D\u00e9marrer\", \"Arr\u00eater\" et \"Suivant\" vous aident \u00e0 prendre en charge vos connexions.<\/li>\n<li><strong>Menus bas\u00e9s sur des ic\u00f4nes<\/strong>: Trouver rapidement les modules compl\u00e9mentaires tels que les filtres, le chat textuel et les fonctions de rapport.<\/li>\n<li><strong>Mise en page r\u00e9active<\/strong>: Fonctionne aussi bien sur les appareils mobiles que sur les ordinateurs de bureau, ce qui garantit que les chats s'affichent parfaitement sur tous les \u00e9crans.<\/li>\n<\/ul>\n<h3>Profil et personnalisation<\/h3>\n<ul>\n<li><strong>Noms d'utilisateur facultatifs<\/strong>: Cr\u00e9ez un bref profil si vous souhaitez recevoir des visiteurs r\u00e9currents, ou restez anonyme pour plus de confidentialit\u00e9.<\/li>\n<li><strong>Pr\u00e9f\u00e9rences de notification<\/strong>: Contr\u00f4ler les alertes concernant les demandes d'amis ou les nouvelles fonctionnalit\u00e9s.<\/li>\n<li><strong>Param\u00e8tres de confidentialit\u00e9<\/strong>: Limitez le partage de la localisation et d\u00e9terminez quelles informations sont visibles par les autres.<\/li>\n<\/ul>\n<h2>Performance<\/h2>\n<p>Pour tout <a href=\"https:\/\/strangercam.com\/fr\/chathub\/\">chat vid\u00e9o al\u00e9atoire<\/a> La plate-forme, la vitesse et la fiabilit\u00e9 sont essentielles. Pink Video Chat concilie la qualit\u00e9 et la convivialit\u00e9.<\/p>\n<h3>Connexions stables<\/h3>\n<ul>\n<li><strong>Serveurs optimis\u00e9s<\/strong>: Con\u00e7u pour r\u00e9duire le d\u00e9calage et offrir des conversations naturelles.<\/li>\n<li><strong>Qualit\u00e9 de la diffusion en continu adaptative<\/strong>: Ajuste automatiquement la r\u00e9solution en fonction de votre bande passante Internet.<\/li>\n<li><strong>Mode mobile convivial pour les donn\u00e9es<\/strong>: Les options de r\u00e9duction de l'utilisation des donn\u00e9es sur les r\u00e9seaux mobiles permettent d'assurer la fluidit\u00e9 de la vid\u00e9o.<\/li>\n<\/ul>\n<h2>S\u00e9curit\u00e9 et mod\u00e9ration<\/h2>\n<p>Les chats vid\u00e9o al\u00e9atoires peuvent exposer les utilisateurs \u00e0 des interactions inappropri\u00e9es, c'est pourquoi Pink Video Chat privil\u00e9gie la mod\u00e9ration.<\/p>\n<h3>Suivi communautaire<\/h3>\n<ul>\n<li><strong>Rapport et blocage<\/strong>: Signalez instantan\u00e9ment les utilisateurs qui enfreignent les r\u00e8gles et bloquez tout contact ult\u00e9rieur afin de maintenir une exp\u00e9rience agr\u00e9able.<\/li>\n<li><strong>Filtrage de l'IA<\/strong>: Des syst\u00e8mes automatis\u00e9s rep\u00e8rent et limitent rapidement les contenus explicites ou abusifs.<\/li>\n<li><strong>La mod\u00e9ration humaine<\/strong>: Une \u00e9quipe de soutien sp\u00e9cialis\u00e9e enqu\u00eate sur les signalements graves en vue d'une protection suppl\u00e9mentaire.<\/li>\n<\/ul>\n<h3>Assurance de la protection de la vie priv\u00e9e<\/h3>\n<ul>\n<li><strong>Chats vid\u00e9o anonymes<\/strong>: Pas d'obligation de partager des donn\u00e9es personnelles ou de cr\u00e9er des liens vers des profils de m\u00e9dias sociaux.<\/li>\n<li><strong>Traitement s\u00e9curis\u00e9 des donn\u00e9es<\/strong>: Le cryptage de base permet de prot\u00e9ger les informations d'identification du compte et de la session.<\/li>\n<li><strong>Politique relative \u00e0 l'\u00e2ge minimum<\/strong>: Les utilisateurs de moins de 18 ans sont soumis \u00e0 des restrictions afin de garantir la s\u00e9curit\u00e9 des enfants.<\/li>\n<\/ul>\n<h2>Mon\u00e9tisation et mises \u00e0 jour<\/h2>\n<p>Pink Video Chat fournit ses fonctions de base pour <a href=\"https:\/\/strangercam.com\/fr\/chat4free\/\">gratuit<\/a>Vous pouvez \u00e9galement b\u00e9n\u00e9ficier d'avantages compl\u00e9mentaires r\u00e9mun\u00e9r\u00e9s qui peuvent enrichir votre exp\u00e9rience.<\/p>\n<h3>Options d'abonnement<\/h3>\n<ul>\n<li><strong>Mode sans publicit\u00e9<\/strong>: \u00c9liminez les pop-ups et les banni\u00e8res publicitaires pour un environnement de chat ininterrompu.<\/li>\n<li><strong>Filtres exclusifs<\/strong>: D\u00e9bloquez des effets et des arri\u00e8re-plans de qualit\u00e9 sup\u00e9rieure pour vous d\u00e9marquer sur l'appareil photo.<\/li>\n<li><strong>Matchmaking avanc\u00e9<\/strong>: Affinez vos centres d'int\u00e9r\u00eat pour obtenir des correspondances plus pr\u00e9cises.<\/li>\n<\/ul>\n<h3>R\u00e9compenses et cr\u00e9dits<\/h3>\n<ul>\n<li><strong>Paliers de fid\u00e9lit\u00e9<\/strong>: Gagnez des points gr\u00e2ce \u00e0 une utilisation fr\u00e9quente, \u00e9changeables contre des bonus ou des r\u00e9ductions dans l'application.<\/li>\n<li><strong>Incitations \u00e0 la recommandation<\/strong>: Invitez vos amis \u00e0 Pink Video Chat et gagnez des cr\u00e9dits \u00e0 d\u00e9penser pour des fonctions premium.<\/li>\n<\/ul>\n<h2>Positionnement sur le march\u00e9<\/h2>\n<p>Pink Video Chat se pr\u00e9sente comme une alternative dynamique aux plateformes telles que Chatrandom. Il se nourrit de rencontres d\u00e9contract\u00e9es et impr\u00e9visibles tout en offrant suffisamment de mesures de s\u00e9curit\u00e9 et de personnalisation pour satisfaire un large public.<\/p>\n<h3>Donn\u00e9es d\u00e9mographiques sur les utilisateurs<\/h3>\n<ul>\n<li><strong>Tranche d'\u00e2ge<\/strong>: Principalement 18-35 ans, mais ouvert aux adultes de tous \u00e2ges.<\/li>\n<li><strong>Int\u00e9r\u00eats<\/strong>: Id\u00e9al pour les discussions informelles, les \u00e9changes culturels, la pratique de la langue et tout ce qui se trouve entre les deux.<\/li>\n<li><strong>Utilisation en p\u00e9riode de pointe<\/strong>: Les soir\u00e9es et les week-ends attirent le plus grand nombre de personnes \u00e0 la recherche de conversations amusantes et d\u00e9tendues.<\/li>\n<\/ul>\n<h3>Port\u00e9e mondiale<\/h3>\n<ul>\n<li><strong>Base d'utilisateurs internationaux<\/strong>: Rencontrez des \u00e9trangers d'innombrables pays et \u00e9largissez votre vision du monde, un chat \u00e0 la fois.<\/li>\n<li><strong>Interface multilingue<\/strong>: Choisissez parmi plusieurs options linguistiques pour une exp\u00e9rience localis\u00e9e.<\/li>\n<\/ul>\n<h2>Avantages et inconv\u00e9nients<\/h2>\n<p>Voici un bref aper\u00e7u des points forts et des inconv\u00e9nients \u00e9ventuels de Pink Video Chat :<\/p>\n<table>\n<thead>\n<tr>\n<th>Pour<\/th>\n<th>Cons<\/th>\n<\/tr>\n<\/thead>\n<tbody>\n<tr>\n<td>\n<ul>\n<li>Connexions al\u00e9atoires instantan\u00e9es<\/li>\n<li>Une pr\u00e9sentation simple et intuitive<\/li>\n<li>Filtres et effets ludiques<\/li>\n<li>Outils de mod\u00e9ration robustes<\/li>\n<li>Des performances adapt\u00e9es aux mobiles<\/li>\n<\/ul>\n<\/td>\n<td>\n<ul>\n<li>Exposition potentielle \u00e0 des contenus inappropri\u00e9s (bien que mod\u00e9r\u00e9s)<\/li>\n<li>Les exigences \u00e9lev\u00e9es de l'internet pour une meilleure qualit\u00e9 vid\u00e9o<\/li>\n<li>Profil limit\u00e9 et options d'int\u00e9r\u00eat sur le niveau gratuit<\/li>\n<li>Concurrence de plates-formes plus importantes et bien \u00e9tablies<\/li>\n<\/ul>\n<\/td>\n<\/tr>\n<\/tbody>\n<\/table>\n<h2>Conclusion<\/h2>\n<p>Pink Video Chat offre une exp\u00e9rience de chat vid\u00e9o ludique et al\u00e9atoire qui convient \u00e0 tous ceux qui ont envie de rencontres sociales spontan\u00e9es. En tant qu'alternative \u00e0 Chatrandom, il concilie simplicit\u00e9 et plaisir, en int\u00e9grant des fonctions amusantes comme les masques num\u00e9riques et les marques d'int\u00e9r\u00eat, ainsi que des mesures de s\u00e9curit\u00e9 essentielles comme le signalement et le blocage. Que vous cherchiez \u00e0 vous faire de nouveaux amis, \u00e0 pratiquer une seconde langue ou simplement \u00e0 passer le temps dans une communaut\u00e9 en ligne dynamique, Pink Video Chat a beaucoup \u00e0 offrir.<br \/>\nAvec une interface utilisateur propre, une compatibilit\u00e9 mobile et un environnement de chat mod\u00e9r\u00e9, Pink Video Chat se distingue comme un concurrent dynamique dans le monde des sites de chat vid\u00e9o al\u00e9atoire. Essayez-le et d\u00e9couvrez qui vous rencontrerez de l'autre c\u00f4t\u00e9 de votre prochain clic !<\/p>","protected":false},"excerpt":{"rendered":"<p>Are you looking for a lively, spontaneous way to meet new people online? Pink Video Chat offers a fun alternative to platforms like Chatrandom, focusing on random video connections that spark fresh conversations across the globe. In this guide, we\u2019ll explore Pink Video Chat\u2019s primary features, how it stands out from other random chat sites, [&hellip;]<\/p>\n","protected":false},"author":6,"featured_media":0,"parent":0,"menu_order":0,"comment_status":"closed","ping_status":"closed","template":"","meta":{"footnotes":""},"class_list":["post-12683","page","type-page","status-publish","hentry"],"yoast_head":"<!-- This site is optimized with the Yoast SEO plugin v26.9 - https:\/\/yoast.com\/product\/yoast-seo-wordpress\/ -->\n<title>Pink Video Chat - Chat with people on StrangerCam.com<\/title>\n<meta name=\"description\" content=\"Like Pink Video Chat? Come chat with more than 5.000.000 strangers on Stranger Cam for Free! Turn on your cam and find new friends &amp; maby a match!\" \/>\n<meta name=\"robots\" content=\"index, follow, max-snippet:-1, max-image-preview:large, max-video-preview:-1\" \/>\n<link rel=\"canonical\" href=\"https:\/\/strangercam.com\/fr\/pink-video-chat\/\" \/>\n<meta property=\"og:locale\" content=\"fr_FR\" \/>\n<meta property=\"og:type\" content=\"article\" \/>\n<meta property=\"og:title\" content=\"Pink Video Chat - Chat with people on StrangerCam.com\" \/>\n<meta property=\"og:description\" content=\"Like Pink Video Chat? Come chat with more than 5.000.000 strangers on Stranger Cam for Free! Turn on your cam and find new friends &amp; maby a match!\" \/>\n<meta property=\"og:url\" content=\"https:\/\/strangercam.com\/fr\/pink-video-chat\/\" \/>\n<meta property=\"og:site_name\" content=\"Strangercam\" \/>\n<meta property=\"article:publisher\" content=\"https:\/\/www.facebook.com\/strangercam\" \/>\n<meta property=\"article:modified_time\" content=\"2025-02-04T07:27:22+00:00\" \/>\n<meta property=\"og:image\" content=\"https:\/\/strangercam.com\/wp-content\/uploads\/2021\/10\/Untitled-2.png\" \/>\n\t<meta property=\"og:image:width\" content=\"800\" \/>\n\t<meta property=\"og:image:height\" content=\"532\" \/>\n\t<meta property=\"og:image:type\" content=\"image\/png\" \/>\n<meta name=\"twitter:card\" content=\"summary_large_image\" \/>\n<meta name=\"twitter:site\" content=\"@strangercamapp\" \/>\n<meta name=\"twitter:label1\" content=\"Dur\u00e9e de lecture estim\u00e9e\" \/>\n\t<meta name=\"twitter:data1\" content=\"5 minutes\" \/>\n<script type=\"application\/ld+json\" class=\"yoast-schema-graph\">{\"@context\":\"https:\/\/schema.org\",\"@graph\":[{\"@type\":\"WebPage\",\"@id\":\"https:\/\/strangercam.com\/pink-video-chat\/\",\"url\":\"https:\/\/strangercam.com\/pink-video-chat\/\",\"name\":\"Pink Video Chat - Chat with people on StrangerCam.com\",\"isPartOf\":{\"@id\":\"https:\/\/strangercam.com\/#website\"},\"datePublished\":\"2025-01-29T08:35:45+00:00\",\"dateModified\":\"2025-02-04T07:27:22+00:00\",\"description\":\"Like Pink Video Chat? Come chat with more than 5.000.000 strangers on Stranger Cam for Free! Turn on your cam and find new friends & maby a match!\",\"breadcrumb\":{\"@id\":\"https:\/\/strangercam.com\/pink-video-chat\/#breadcrumb\"},\"inLanguage\":\"fr-FR\",\"potentialAction\":[{\"@type\":\"ReadAction\",\"target\":[\"https:\/\/strangercam.com\/pink-video-chat\/\"]}]},{\"@type\":\"BreadcrumbList\",\"@id\":\"https:\/\/strangercam.com\/pink-video-chat\/#breadcrumb\",\"itemListElement\":[{\"@type\":\"ListItem\",\"position\":1,\"name\":\"Home\",\"item\":\"https:\/\/strangercam.com\/\"},{\"@type\":\"ListItem\",\"position\":2,\"name\":\"Pink Video Chat\"}]},{\"@type\":\"WebSite\",\"@id\":\"https:\/\/strangercam.com\/#website\",\"url\":\"https:\/\/strangercam.com\/\",\"name\":\"Strangercam\",\"description\":\"Random Video Chat with Strangers\",\"publisher\":{\"@id\":\"https:\/\/strangercam.com\/#organization\"},\"alternateName\":\"Strangercam.com\",\"potentialAction\":[{\"@type\":\"SearchAction\",\"target\":{\"@type\":\"EntryPoint\",\"urlTemplate\":\"https:\/\/strangercam.com\/?s={search_term_string}\"},\"query-input\":{\"@type\":\"PropertyValueSpecification\",\"valueRequired\":true,\"valueName\":\"search_term_string\"}}],\"inLanguage\":\"fr-FR\"},{\"@type\":\"Organization\",\"@id\":\"https:\/\/strangercam.com\/#organization\",\"name\":\"Strangercam\",\"alternateName\":\"Strangercam.com\",\"url\":\"https:\/\/strangercam.com\/\",\"logo\":{\"@type\":\"ImageObject\",\"inLanguage\":\"fr-FR\",\"@id\":\"https:\/\/strangercam.com\/#\/schema\/logo\/image\/\",\"url\":\"https:\/\/strangercam.com\/wp-content\/uploads\/2020\/11\/cropped-new-favicon-black.png\",\"contentUrl\":\"https:\/\/strangercam.com\/wp-content\/uploads\/2020\/11\/cropped-new-favicon-black.png\",\"width\":512,\"height\":512,\"caption\":\"Strangercam\"},\"image\":{\"@id\":\"https:\/\/strangercam.com\/#\/schema\/logo\/image\/\"},\"sameAs\":[\"https:\/\/www.facebook.com\/strangercam\",\"https:\/\/x.com\/strangercamapp\"]}]}<\/script>\n<!-- \/ Yoast SEO plugin. -->","yoast_head_json":{"title":"Pink Video Chat - Chat avec des gens sur StrangerCam.com","description":"Vous aimez le Pink Video Chat ? Venez discuter avec plus de 5.000.000 d'inconnus sur Stranger Cam gratuitement ! Allume ta cam\u00e9ra et trouve de nouveaux amis et peut-\u00eatre un partenaire !","robots":{"index":"index","follow":"follow","max-snippet":"max-snippet:-1","max-image-preview":"max-image-preview:large","max-video-preview":"max-video-preview:-1"},"canonical":"https:\/\/strangercam.com\/fr\/pink-video-chat\/","og_locale":"fr_FR","og_type":"article","og_title":"Pink Video Chat - Chat with people on StrangerCam.com","og_description":"Like Pink Video Chat? Come chat with more than 5.000.000 strangers on Stranger Cam for Free! Turn on your cam and find new friends & maby a match!","og_url":"https:\/\/strangercam.com\/fr\/pink-video-chat\/","og_site_name":"Strangercam","article_publisher":"https:\/\/www.facebook.com\/strangercam","article_modified_time":"2025-02-04T07:27:22+00:00","og_image":[{"width":800,"height":532,"url":"https:\/\/strangercam.com\/wp-content\/uploads\/2021\/10\/Untitled-2.png","type":"image\/png"}],"twitter_card":"summary_large_image","twitter_site":"@strangercamapp","twitter_misc":{"Dur\u00e9e de lecture estim\u00e9e":"5 minutes"},"schema":{"@context":"https:\/\/schema.org","@graph":[{"@type":"WebPage","@id":"https:\/\/strangercam.com\/pink-video-chat\/","url":"https:\/\/strangercam.com\/pink-video-chat\/","name":"Pink Video Chat - Chat avec des gens sur StrangerCam.com","isPartOf":{"@id":"https:\/\/strangercam.com\/#website"},"datePublished":"2025-01-29T08:35:45+00:00","dateModified":"2025-02-04T07:27:22+00:00","description":"Vous aimez le Pink Video Chat ? Venez discuter avec plus de 5.000.000 d'inconnus sur Stranger Cam gratuitement ! Allume ta cam\u00e9ra et trouve de nouveaux amis et peut-\u00eatre un partenaire !","breadcrumb":{"@id":"https:\/\/strangercam.com\/pink-video-chat\/#breadcrumb"},"inLanguage":"fr-FR","potentialAction":[{"@type":"ReadAction","target":["https:\/\/strangercam.com\/pink-video-chat\/"]}]},{"@type":"BreadcrumbList","@id":"https:\/\/strangercam.com\/pink-video-chat\/#breadcrumb","itemListElement":[{"@type":"ListItem","position":1,"name":"Home","item":"https:\/\/strangercam.com\/"},{"@type":"ListItem","position":2,"name":"Pink Video Chat"}]},{"@type":"WebSite","@id":"https:\/\/strangercam.com\/#website","url":"https:\/\/strangercam.com\/","name":"Strangercam","description":"Chat vid\u00e9o al\u00e9atoire avec des inconnus","publisher":{"@id":"https:\/\/strangercam.com\/#organization"},"alternateName":"Strangercam.com","potentialAction":[{"@type":"SearchAction","target":{"@type":"EntryPoint","urlTemplate":"https:\/\/strangercam.com\/?s={search_term_string}"},"query-input":{"@type":"PropertyValueSpecification","valueRequired":true,"valueName":"search_term_string"}}],"inLanguage":"fr-FR"},{"@type":"Organization","@id":"https:\/\/strangercam.com\/#organization","name":"Strangercam","alternateName":"Strangercam.com","url":"https:\/\/strangercam.com\/","logo":{"@type":"ImageObject","inLanguage":"fr-FR","@id":"https:\/\/strangercam.com\/#\/schema\/logo\/image\/","url":"https:\/\/strangercam.com\/wp-content\/uploads\/2020\/11\/cropped-new-favicon-black.png","contentUrl":"https:\/\/strangercam.com\/wp-content\/uploads\/2020\/11\/cropped-new-favicon-black.png","width":512,"height":512,"caption":"Strangercam"},"image":{"@id":"https:\/\/strangercam.com\/#\/schema\/logo\/image\/"},"sameAs":["https:\/\/www.facebook.com\/strangercam","https:\/\/x.com\/strangercamapp"]}]}},"_links":{"self":[{"href":"https:\/\/strangercam.com\/fr\/wp-json\/wp\/v2\/pages\/12683","targetHints":{"allow":["GET"]}}],"collection":[{"href":"https:\/\/strangercam.com\/fr\/wp-json\/wp\/v2\/pages"}],"about":[{"href":"https:\/\/strangercam.com\/fr\/wp-json\/wp\/v2\/types\/page"}],"author":[{"embeddable":true,"href":"https:\/\/strangercam.com\/fr\/wp-json\/wp\/v2\/users\/6"}],"replies":[{"embeddable":true,"href":"https:\/\/strangercam.com\/fr\/wp-json\/wp\/v2\/comments?post=12683"}],"version-history":[{"count":1,"href":"https:\/\/strangercam.com\/fr\/wp-json\/wp\/v2\/pages\/12683\/revisions"}],"predecessor-version":[{"id":12684,"href":"https:\/\/strangercam.com\/fr\/wp-json\/wp\/v2\/pages\/12683\/revisions\/12684"}],"wp:attachment":[{"href":"https:\/\/strangercam.com\/fr\/wp-json\/wp\/v2\/media?parent=12683"}],"curies":[{"name":"wp","href":"https:\/\/api.w.org\/{rel}","templated":true}]}}