{"id":12587,"date":"2024-11-08T12:02:12","date_gmt":"2024-11-08T10:02:12","guid":{"rendered":"https:\/\/strangercam.com\/?page_id=12587"},"modified":"2025-02-04T09:36:39","modified_gmt":"2025-02-04T07:36:39","slug":"rabbit-video-chat","status":"publish","type":"page","link":"https:\/\/strangercam.com\/fr\/rabbit-video-chat\/","title":{"rendered":"Chat vid\u00e9o sur les lapins"},"content":{"rendered":"<p>Vous cherchez un moyen spontan\u00e9 et plein d'entrain pour rencontrer de nouvelles personnes en ligne ? Vid\u00e9o du lapin <a href=\"https:\/\/strangercam.com\/fr\/chatroulette\/\">Chat<\/a> offre une exp\u00e9rience de type chatroulette, en vous associant \u00e0 des inconnus du monde entier pour des rencontres amusantes en face-\u00e0-face. Nous examinons ci-dessous les principales caract\u00e9ristiques de Rabbit Video Chat, en quoi il diff\u00e8re des autres sites de chat al\u00e9atoire et pourquoi il constitue un choix de premier ordre pour des connexions sociales rapides et vivantes.<\/p>\n<h2>Caract\u00e9ristiques principales<\/h2>\n<p>Lapin <a href=\"https:\/\/strangercam.com\/fr\/coomeet\/\">Chat vid\u00e9o<\/a> met l'accent sur la simplicit\u00e9 et le divertissement, en vous aidant \u00e0 vous lancer dans des conversations vid\u00e9o sans obstacles inutiles. Ses caract\u00e9ristiques sont les suivantes :<\/p>\n<ul>\n<li><strong>Correspondance vid\u00e9o al\u00e9atoire<\/strong>: Vous \u00eates mis en relation instantan\u00e9ment avec des inconnus du monde entier pour des discussions authentiques en t\u00eate-\u00e0-t\u00eate.<\/li>\n<li><strong>Filtres et effets amusants<\/strong>: Ajoutez du piquant \u00e0 vos conversations gr\u00e2ce \u00e0 des masques num\u00e9riques originaux et des superpositions ludiques.<\/li>\n<li><strong>Navigation rapide<\/strong>: Passez rapidement d'un match \u00e0 l'autre pour continuer \u00e0 rencontrer de nouvelles personnes.<\/li>\n<li><strong>Optimis\u00e9 pour les mobiles<\/strong>: Profitez de chats vid\u00e9o fluides sur les smartphones et les ordinateurs de bureau.<\/li>\n<\/ul>\n<h2>Exp\u00e9rience al\u00e9atoire de chat vid\u00e9o<\/h2>\n<p>Rabbit Video Chat excelle \u00e0 vous mettre instantan\u00e9ment en contact avec de nouvelles personnes, ce qui vous permet de passer plus de temps \u00e0 discuter et moins de temps \u00e0 attendre.<\/p>\n<h3>Appairage instantan\u00e9<\/h3>\n<p>Appuyez sur le bouton \"D\u00e9marrer\" et l'algorithme de la plateforme vous mettra rapidement en relation avec un autre utilisateur \u00e0 la recherche d'une conversation. C'est une question de spontan\u00e9it\u00e9 : pas besoin de profils d\u00e9taill\u00e9s ou d'\u00e9tapes compliqu\u00e9es.<\/p>\n<h3>Auto Suivant<\/h3>\n<p>Vous n'\u00eates pas d'accord avec votre partenaire actuel ? Il vous suffit d'appuyer sur \"Suivant\" pour passer \u00e0 autre chose. Cela garantit un environnement dynamique dans lequel vous pouvez trouver le partenaire qui vous convient.<\/p>\n<h3>Communaut\u00e9 mondiale<\/h3>\n<p>La base d'utilisateurs de Rabbit Video Chat s'\u00e9tend sur plusieurs continents, ce qui offre de nombreuses possibilit\u00e9s de d\u00e9couvrir d'autres cultures et peut-\u00eatre m\u00eame de pratiquer une nouvelle langue.<\/p>\n<h2>Extras amusants<\/h2>\n<p>Cette plateforme va au-del\u00e0 des appels standard gr\u00e2ce \u00e0 des fonctionnalit\u00e9s suppl\u00e9mentaires qui pimentent l'exp\u00e9rience du chat al\u00e9atoire :<\/p>\n<table>\n<thead>\n<tr>\n<th>Fonctionnalit\u00e9<\/th>\n<th>Description<\/th>\n<\/tr>\n<\/thead>\n<tbody>\n<tr>\n<td><strong>Filtres et masques num\u00e9riques<\/strong><\/td>\n<td>Injectez de l'humour ou de la cr\u00e9ativit\u00e9 dans les conversations gr\u00e2ce \u00e0 des effets visuels amusants.<\/td>\n<\/tr>\n<tr>\n<td><strong>Int\u00e9gration du chat textuel<\/strong><\/td>\n<td>Tapez des messages rapides ou partagez des liens si la conversation vous semble trop personnelle au d\u00e9but.<\/td>\n<\/tr>\n<tr>\n<td><strong>Outil de capture d'image<\/strong><\/td>\n<td>Immortalisez des moments m\u00e9morables (avec l'accord de votre interlocuteur) pour y revenir plus tard.<\/td>\n<\/tr>\n<tr>\n<td><strong>Tags d'int\u00e9r\u00eat<\/strong><\/td>\n<td>\u00c9tiqueter les chats avec des sujets (musique, voyage, jeux) pour une meilleure compatibilit\u00e9 avec les nouvelles rencontres.<\/td>\n<\/tr>\n<\/tbody>\n<\/table>\n<h2>Interface et exp\u00e9rience utilisateur<\/h2>\n<p>Rabbit Video Chat vise \u00e0 fournir une interface claire et directe, en gardant l'attention sur votre <a href=\"https:\/\/strangercam.com\/fr\/mili\/\">vivre<\/a> vid\u00e9o.<\/p>\n<h3>Conception et navigation<\/h3>\n<ul>\n<li><strong>Contr\u00f4les minimalistes<\/strong>: Les boutons \u201cD\u00e9marrer\u201d, \u201cArr\u00eater\u201d et \u201cSuivant\u201d, clairement identifi\u00e9s, facilitent la gestion des chats.<\/li>\n<li><strong>Menus bas\u00e9s sur des ic\u00f4nes<\/strong>: Les filtres, le chat textuel et d'autres fonctions sont accessibles via des ic\u00f4nes intuitives.<\/li>\n<li><strong>Mise en page r\u00e9active<\/strong>: Des smartphones aux grands \u00e9crans, l'interface s'adapte en douceur.<\/li>\n<\/ul>\n<h3>Personnalisation<\/h3>\n<ul>\n<li><strong>Profils optionnels<\/strong>: Utilisez un surnom ou restez anonyme pour pr\u00e9server votre vie priv\u00e9e.<\/li>\n<li><strong>Pr\u00e9f\u00e9rences de notification<\/strong>: Choisissez comment vous recevez les demandes d'amis ou les mises \u00e0 jour.<\/li>\n<li><strong>Param\u00e8tres de confidentialit\u00e9<\/strong>: Contr\u00f4lez le partage de l'emplacement et g\u00e9rez les d\u00e9tails visibles par les autres.<\/li>\n<\/ul>\n<h2>Performance<\/h2>\n<p>Des connexions rapides et stables sont essentielles pour toute application de vid\u00e9o en direct, et Rabbit Video Chat s'efforce d'offrir une exp\u00e9rience fiable :<\/p>\n<h3>Serveurs optimis\u00e9s<\/h3>\n<ul>\n<li><strong>R\u00e9duction du d\u00e9calage<\/strong>: Une infrastructure efficace vise \u00e0 r\u00e9duire au minimum la latence des appels vid\u00e9o.<\/li>\n<li><strong>Qualit\u00e9 adaptative<\/strong>: La r\u00e9solution vid\u00e9o s'adapte \u00e0 votre vitesse Internet pour minimiser les interruptions.<\/li>\n<li><strong>Mode d'efficacit\u00e9 des donn\u00e9es<\/strong>: Les utilisateurs mobiles peuvent activer des param\u00e8tres de r\u00e9duction de l'utilisation des donn\u00e9es.<\/li>\n<\/ul>\n<h2>S\u00e9curit\u00e9 et mod\u00e9ration<\/h2>\n<p>Les chats vid\u00e9o al\u00e9atoires peuvent donner lieu \u00e0 des contenus inattendus, c'est pourquoi Rabbit Video Chat pr\u00e9voit plusieurs mesures de s\u00e9curit\u00e9 :<\/p>\n<h3>Surveillance communautaire<\/h3>\n<ul>\n<li><strong>Outils de rapport et de blocage<\/strong>: Signalez rapidement les utilisateurs inappropri\u00e9s et emp\u00eachez-les de se rencontrer \u00e0 l'avenir.<\/li>\n<li><strong>Mod\u00e9ration de l'IA<\/strong>: Des syst\u00e8mes automatis\u00e9s surveillent en temps r\u00e9el les comportements explicites ou pr\u00e9judiciables.<\/li>\n<li><strong>\u00c9quipe de mod\u00e9ration humaine<\/strong>: Des membres du personnel examinent les probl\u00e8mes signal\u00e9s afin que la plateforme reste accueillante.<\/li>\n<\/ul>\n<h3>Contr\u00f4les de la vie priv\u00e9e<\/h3>\n<ul>\n<li><strong>Interface anonyme<\/strong>: Chat sans r\u00e9v\u00e9ler de d\u00e9tails personnels.<\/li>\n<li><strong>Stockage de donn\u00e9es crypt\u00e9es<\/strong>: Le cryptage de base prot\u00e8ge les informations sensibles du compte.<\/li>\n<li><strong>Restrictions d'\u00e2ge<\/strong>: La v\u00e9rification de l'\u00e2ge permet d'assurer la s\u00e9curit\u00e9 des mineurs.<\/li>\n<\/ul>\n<h2>Mon\u00e9tisation et mises \u00e0 jour<\/h2>\n<p>Si le Rabbit Video Chat est en grande partie <a href=\"https:\/\/strangercam.com\/fr\/chat4free\/\">gratuit<\/a> Il est facile \u00e0 utiliser et offre des fonctionnalit\u00e9s haut de gamme :<\/p>\n<h3>Avantages de la prime<\/h3>\n<ul>\n<li><strong>Navigation sans publicit\u00e9<\/strong>: Supprimez les publicit\u00e9s pour un chat ininterrompu.<\/li>\n<li><strong>Effets exclusifs<\/strong>: D\u00e9verrouillez des filtres et des arri\u00e8re-plans sp\u00e9ciaux.<\/li>\n<li><strong>Am\u00e9lioration de l'appariement<\/strong>: Affinez vos marques d'int\u00e9r\u00eat et vos filtres de localisation.<\/li>\n<\/ul>\n<h3>Syst\u00e8mes de r\u00e9compense<\/h3>\n<ul>\n<li><strong>Points de fid\u00e9lit\u00e9<\/strong>: Gagnez des cr\u00e9dits gr\u00e2ce \u00e0 une utilisation fr\u00e9quente, \u00e9changeables contre des articles premium.<\/li>\n<li><strong>Avantages de la recommandation<\/strong>: Invitez vos amis et recevez des bonus pour chaque inscription r\u00e9ussie.<\/li>\n<\/ul>\n<h2>Positionnement sur le march\u00e9<\/h2>\n<p>Rabbit Video Chat est une alternative vivante \u00e0 des programmes de formation plus \u00e9tablis. <a href=\"https:\/\/strangercam.com\/fr\/chathub\/\">chat vid\u00e9o al\u00e9atoire<\/a> en s'appuyant sur son interface conviviale et son approche robuste de la mod\u00e9ration.<\/p>\n<h3>Donn\u00e9es d\u00e9mographiques sur les utilisateurs<\/h3>\n<ul>\n<li><strong>Tranche d'\u00e2ge<\/strong>: Les 18-35 ans sont majoritaires, bien que des adultes de tous \u00e2ges participent.<\/li>\n<li><strong>Int\u00e9r\u00eats principaux<\/strong>: Conversations informelles, \u00e9changes culturels, pratique de la langue.<\/li>\n<li><strong>Heures de pointe<\/strong>: Les nuits et les week-ends sont les plus fr\u00e9quent\u00e9s par les utilisateurs.<\/li>\n<\/ul>\n<h3>Port\u00e9e mondiale<\/h3>\n<ul>\n<li><strong>Utilisateurs internationaux<\/strong>: S'engager avec des personnes de pays et d'horizons diff\u00e9rents.<\/li>\n<li><strong>Interface multilingue<\/strong>: Passez \u00e0 diff\u00e9rentes options linguistiques pour une exp\u00e9rience localis\u00e9e.<\/li>\n<\/ul>\n<h2>Avantages et inconv\u00e9nients<\/h2>\n<p>Voici un aper\u00e7u des avantages et des limites potentielles du Rabbit Video Chat :<\/p>\n<table>\n<thead>\n<tr>\n<th>Pour<\/th>\n<th>Cons<\/th>\n<\/tr>\n<\/thead>\n<tbody>\n<tr>\n<td>\n<ul>\n<li>Connexions al\u00e9atoires rapides<\/li>\n<li>Interface utilisateur simple<\/li>\n<li>Filtres et effets divertissants<\/li>\n<li>Outils de mod\u00e9ration et de s\u00e9curit\u00e9 d\u00e9di\u00e9s<\/li>\n<li>Fonctionne bien sur les appareils mobiles<\/li>\n<\/ul>\n<\/td>\n<td>\n<ul>\n<li>Exposition occasionnelle \u00e0 des contenus ind\u00e9sirables<\/li>\n<li>N\u00e9cessite une connexion Internet stable pour une meilleure qualit\u00e9<\/li>\n<li>Moins de fonctionnalit\u00e9s gratuites que de mises \u00e0 jour payantes<\/li>\n<li>En concurrence avec des plates-formes plus importantes et plus connues<\/li>\n<\/ul>\n<\/td>\n<\/tr>\n<\/tbody>\n<\/table>\n<h2>Conclusion<\/h2>\n<p>Rabbit Video Chat est une option \u00e9nergisante et conviviale si vous aimez rencontrer des inconnus par le biais d'appels vid\u00e9o al\u00e9atoires. Sa conception simple, sa communaut\u00e9 mondiale inclusive et ses outils de mod\u00e9ration robustes en font un choix solide pour les chats rapides, la pratique de la langue ou les rencontres divertissantes en temps r\u00e9el. Que vous soyez novice en mati\u00e8re de chats vid\u00e9o al\u00e9atoires ou un professionnel chevronn\u00e9, Rabbit Video Chat s'impose comme un moyen simple et fiable d'entrer en contact avec des personnes de tous horizons, \u00e0 un simple clic de souris.<\/p>","protected":false},"excerpt":{"rendered":"<p>Are you looking for a spirited and spontaneous way to connect with new people online? Rabbit Video Chat delivers a chatroulette-style experience, pairing you with strangers from across the globe for fun face-to-face encounters. Below, we explore Rabbit Video Chat\u2019s standout features, how it differs from other random chat sites, and why it\u2019s a go-to [&hellip;]<\/p>\n","protected":false},"author":6,"featured_media":0,"parent":0,"menu_order":0,"comment_status":"closed","ping_status":"closed","template":"","meta":{"footnotes":""},"class_list":["post-12587","page","type-page","status-publish","hentry"],"yoast_head":"<!-- This site is optimized with the Yoast SEO plugin v26.9 - https:\/\/yoast.com\/product\/yoast-seo-wordpress\/ -->\n<title>Rabbit Video Chat - Free Video Chat Rooms - StrangerCam.com<\/title>\n<meta name=\"description\" content=\"Discover Chamet, the ultimate online platform connecting you to free video chat rooms and live streams. Join Chamet today!\" \/>\n<meta name=\"robots\" content=\"index, follow, max-snippet:-1, max-image-preview:large, max-video-preview:-1\" \/>\n<link rel=\"canonical\" href=\"https:\/\/strangercam.com\/fr\/rabbit-video-chat\/\" \/>\n<meta property=\"og:locale\" content=\"fr_FR\" \/>\n<meta property=\"og:type\" content=\"article\" \/>\n<meta property=\"og:title\" content=\"Rabbit Video Chat - Free Video Chat Rooms - StrangerCam.com\" \/>\n<meta property=\"og:description\" content=\"Discover Chamet, the ultimate online platform connecting you to free video chat rooms and live streams. Join Chamet today!\" \/>\n<meta property=\"og:url\" content=\"https:\/\/strangercam.com\/fr\/rabbit-video-chat\/\" \/>\n<meta property=\"og:site_name\" content=\"Strangercam\" \/>\n<meta property=\"article:publisher\" content=\"https:\/\/www.facebook.com\/strangercam\" \/>\n<meta property=\"article:modified_time\" content=\"2025-02-04T07:36:39+00:00\" \/>\n<meta property=\"og:image\" content=\"https:\/\/strangercam.com\/wp-content\/uploads\/2021\/10\/Untitled-2.png\" \/>\n\t<meta property=\"og:image:width\" content=\"800\" \/>\n\t<meta property=\"og:image:height\" content=\"532\" \/>\n\t<meta property=\"og:image:type\" content=\"image\/png\" \/>\n<meta name=\"twitter:card\" content=\"summary_large_image\" \/>\n<meta name=\"twitter:site\" content=\"@strangercamapp\" \/>\n<meta name=\"twitter:label1\" content=\"Dur\u00e9e de lecture estim\u00e9e\" \/>\n\t<meta name=\"twitter:data1\" content=\"4 minutes\" \/>\n<script type=\"application\/ld+json\" class=\"yoast-schema-graph\">{\"@context\":\"https:\/\/schema.org\",\"@graph\":[{\"@type\":\"WebPage\",\"@id\":\"https:\/\/strangercam.com\/rabbit-video-chat\/\",\"url\":\"https:\/\/strangercam.com\/rabbit-video-chat\/\",\"name\":\"Rabbit Video Chat - Free Video Chat Rooms - StrangerCam.com\",\"isPartOf\":{\"@id\":\"https:\/\/strangercam.com\/#website\"},\"datePublished\":\"2024-11-08T10:02:12+00:00\",\"dateModified\":\"2025-02-04T07:36:39+00:00\",\"description\":\"Discover Chamet, the ultimate online platform connecting you to free video chat rooms and live streams. Join Chamet today!\",\"breadcrumb\":{\"@id\":\"https:\/\/strangercam.com\/rabbit-video-chat\/#breadcrumb\"},\"inLanguage\":\"fr-FR\",\"potentialAction\":[{\"@type\":\"ReadAction\",\"target\":[\"https:\/\/strangercam.com\/rabbit-video-chat\/\"]}]},{\"@type\":\"BreadcrumbList\",\"@id\":\"https:\/\/strangercam.com\/rabbit-video-chat\/#breadcrumb\",\"itemListElement\":[{\"@type\":\"ListItem\",\"position\":1,\"name\":\"Home\",\"item\":\"https:\/\/strangercam.com\/\"},{\"@type\":\"ListItem\",\"position\":2,\"name\":\"Rabbit Video Chat\"}]},{\"@type\":\"WebSite\",\"@id\":\"https:\/\/strangercam.com\/#website\",\"url\":\"https:\/\/strangercam.com\/\",\"name\":\"Strangercam\",\"description\":\"Random Video Chat with Strangers\",\"publisher\":{\"@id\":\"https:\/\/strangercam.com\/#organization\"},\"alternateName\":\"Strangercam.com\",\"potentialAction\":[{\"@type\":\"SearchAction\",\"target\":{\"@type\":\"EntryPoint\",\"urlTemplate\":\"https:\/\/strangercam.com\/?s={search_term_string}\"},\"query-input\":{\"@type\":\"PropertyValueSpecification\",\"valueRequired\":true,\"valueName\":\"search_term_string\"}}],\"inLanguage\":\"fr-FR\"},{\"@type\":\"Organization\",\"@id\":\"https:\/\/strangercam.com\/#organization\",\"name\":\"Strangercam\",\"alternateName\":\"Strangercam.com\",\"url\":\"https:\/\/strangercam.com\/\",\"logo\":{\"@type\":\"ImageObject\",\"inLanguage\":\"fr-FR\",\"@id\":\"https:\/\/strangercam.com\/#\/schema\/logo\/image\/\",\"url\":\"https:\/\/strangercam.com\/wp-content\/uploads\/2020\/11\/cropped-new-favicon-black.png\",\"contentUrl\":\"https:\/\/strangercam.com\/wp-content\/uploads\/2020\/11\/cropped-new-favicon-black.png\",\"width\":512,\"height\":512,\"caption\":\"Strangercam\"},\"image\":{\"@id\":\"https:\/\/strangercam.com\/#\/schema\/logo\/image\/\"},\"sameAs\":[\"https:\/\/www.facebook.com\/strangercam\",\"https:\/\/x.com\/strangercamapp\"]}]}<\/script>\n<!-- \/ Yoast SEO plugin. -->","yoast_head_json":{"title":"Rabbit Video Chat - Salles de chat vid\u00e9o gratuites - StrangerCam.com","description":"D\u00e9couvrez Chamet, la plateforme en ligne ultime qui vous connecte \u00e0 des salons de chat vid\u00e9o gratuits et \u00e0 des flux en direct. Rejoignez Chamet d\u00e8s aujourd'hui !","robots":{"index":"index","follow":"follow","max-snippet":"max-snippet:-1","max-image-preview":"max-image-preview:large","max-video-preview":"max-video-preview:-1"},"canonical":"https:\/\/strangercam.com\/fr\/rabbit-video-chat\/","og_locale":"fr_FR","og_type":"article","og_title":"Rabbit Video Chat - Free Video Chat Rooms - StrangerCam.com","og_description":"Discover Chamet, the ultimate online platform connecting you to free video chat rooms and live streams. Join Chamet today!","og_url":"https:\/\/strangercam.com\/fr\/rabbit-video-chat\/","og_site_name":"Strangercam","article_publisher":"https:\/\/www.facebook.com\/strangercam","article_modified_time":"2025-02-04T07:36:39+00:00","og_image":[{"width":800,"height":532,"url":"https:\/\/strangercam.com\/wp-content\/uploads\/2021\/10\/Untitled-2.png","type":"image\/png"}],"twitter_card":"summary_large_image","twitter_site":"@strangercamapp","twitter_misc":{"Dur\u00e9e de lecture estim\u00e9e":"4 minutes"},"schema":{"@context":"https:\/\/schema.org","@graph":[{"@type":"WebPage","@id":"https:\/\/strangercam.com\/rabbit-video-chat\/","url":"https:\/\/strangercam.com\/rabbit-video-chat\/","name":"Rabbit Video Chat - Salles de chat vid\u00e9o gratuites - StrangerCam.com","isPartOf":{"@id":"https:\/\/strangercam.com\/#website"},"datePublished":"2024-11-08T10:02:12+00:00","dateModified":"2025-02-04T07:36:39+00:00","description":"D\u00e9couvrez Chamet, la plateforme en ligne ultime qui vous connecte \u00e0 des salons de chat vid\u00e9o gratuits et \u00e0 des flux en direct. Rejoignez Chamet d\u00e8s aujourd'hui !","breadcrumb":{"@id":"https:\/\/strangercam.com\/rabbit-video-chat\/#breadcrumb"},"inLanguage":"fr-FR","potentialAction":[{"@type":"ReadAction","target":["https:\/\/strangercam.com\/rabbit-video-chat\/"]}]},{"@type":"BreadcrumbList","@id":"https:\/\/strangercam.com\/rabbit-video-chat\/#breadcrumb","itemListElement":[{"@type":"ListItem","position":1,"name":"Home","item":"https:\/\/strangercam.com\/"},{"@type":"ListItem","position":2,"name":"Rabbit Video Chat"}]},{"@type":"WebSite","@id":"https:\/\/strangercam.com\/#website","url":"https:\/\/strangercam.com\/","name":"Strangercam","description":"Chat vid\u00e9o al\u00e9atoire avec des inconnus","publisher":{"@id":"https:\/\/strangercam.com\/#organization"},"alternateName":"Strangercam.com","potentialAction":[{"@type":"SearchAction","target":{"@type":"EntryPoint","urlTemplate":"https:\/\/strangercam.com\/?s={search_term_string}"},"query-input":{"@type":"PropertyValueSpecification","valueRequired":true,"valueName":"search_term_string"}}],"inLanguage":"fr-FR"},{"@type":"Organization","@id":"https:\/\/strangercam.com\/#organization","name":"Strangercam","alternateName":"Strangercam.com","url":"https:\/\/strangercam.com\/","logo":{"@type":"ImageObject","inLanguage":"fr-FR","@id":"https:\/\/strangercam.com\/#\/schema\/logo\/image\/","url":"https:\/\/strangercam.com\/wp-content\/uploads\/2020\/11\/cropped-new-favicon-black.png","contentUrl":"https:\/\/strangercam.com\/wp-content\/uploads\/2020\/11\/cropped-new-favicon-black.png","width":512,"height":512,"caption":"Strangercam"},"image":{"@id":"https:\/\/strangercam.com\/#\/schema\/logo\/image\/"},"sameAs":["https:\/\/www.facebook.com\/strangercam","https:\/\/x.com\/strangercamapp"]}]}},"_links":{"self":[{"href":"https:\/\/strangercam.com\/fr\/wp-json\/wp\/v2\/pages\/12587","targetHints":{"allow":["GET"]}}],"collection":[{"href":"https:\/\/strangercam.com\/fr\/wp-json\/wp\/v2\/pages"}],"about":[{"href":"https:\/\/strangercam.com\/fr\/wp-json\/wp\/v2\/types\/page"}],"author":[{"embeddable":true,"href":"https:\/\/strangercam.com\/fr\/wp-json\/wp\/v2\/users\/6"}],"replies":[{"embeddable":true,"href":"https:\/\/strangercam.com\/fr\/wp-json\/wp\/v2\/comments?post=12587"}],"version-history":[{"count":3,"href":"https:\/\/strangercam.com\/fr\/wp-json\/wp\/v2\/pages\/12587\/revisions"}],"predecessor-version":[{"id":12689,"href":"https:\/\/strangercam.com\/fr\/wp-json\/wp\/v2\/pages\/12587\/revisions\/12689"}],"wp:attachment":[{"href":"https:\/\/strangercam.com\/fr\/wp-json\/wp\/v2\/media?parent=12587"}],"curies":[{"name":"wp","href":"https:\/\/api.w.org\/{rel}","templated":true}]}}