{"id":12565,"date":"2024-10-07T10:40:10","date_gmt":"2024-10-07T08:40:10","guid":{"rendered":"https:\/\/strangercam.com\/?page_id=12565"},"modified":"2025-02-04T09:34:08","modified_gmt":"2025-02-04T07:34:08","slug":"chamet","status":"publish","type":"page","link":"https:\/\/strangercam.com\/fr\/chamet\/","title":{"rendered":"Chamet"},"content":{"rendered":"<p>Vous \u00eates \u00e0 la recherche d'une vid\u00e9o vivante <a href=\"https:\/\/strangercam.com\/fr\/chatroulette\/\">chat<\/a> l'application \u00e0 <a href=\"https:\/\/strangercam.com\/fr\/coomeet\/\">rencontrer<\/a> de nouvelles personnes, d'engager des conversations en temps r\u00e9el ou simplement d'explorer de nouvelles cultures ? Chamet offre une plateforme interactive pour les appels vid\u00e9o individuels, les flux en direct et les chats de groupe, r\u00e9unissant les utilisateurs du monde entier. Dans cette pr\u00e9sentation d\u00e9taill\u00e9e, nous allons nous pencher sur les principales caract\u00e9ristiques de Chamet, sur son fonctionnement et sur ce qui le diff\u00e9rencie des autres services de t\u00e9l\u00e9phonie mobile. <a href=\"https:\/\/strangercam.com\/fr\/rabbit-video-chat\/\">chat vid\u00e9o<\/a> sur le march\u00e9.<\/p>\n<h2>Qu'est-ce que Chamet ?<\/h2>\n<p>Chamet est un <strong>application de chat vid\u00e9o<\/strong> disponible sur les appareils iOS et Android. Son objectif principal est d'aider les utilisateurs :<\/p>\n<ul>\n<li><strong>Rencontrer de nouvelles personnes<\/strong>: D\u00e9couvrez de nouveaux visages du monde entier.<\/li>\n<li><strong>S'engager dans des discussions constructives<\/strong>: Entamez des conversations par le biais d'appels vid\u00e9o en direct ou de sessions de groupe.<\/li>\n<li><strong>B\u00e9n\u00e9ficier de traductions en temps r\u00e9el<\/strong>: Surmontez les barri\u00e8res linguistiques et entrez en contact avec une communaut\u00e9 internationale.<\/li>\n<li><strong>Explorer diverses cultures<\/strong>: D\u00e9couvrir des modes de vie et des contextes diff\u00e9rents.<\/li>\n<\/ul>\n<p>Chamet associe la spontan\u00e9it\u00e9 du chat vid\u00e9o al\u00e9atoire \u00e0 des fonctions conviviales telles que les marques d'int\u00e9r\u00eat, les cadeaux virtuels et la monnaie in-app pour am\u00e9liorer l'exp\u00e9rience globale.<\/p>\n<h2>Caract\u00e9ristiques principales<\/h2>\n<h3>1. Appels vid\u00e9o en direct<\/h3>\n<p>Le c\u0153ur de Chamet est <strong>chats vid\u00e9o en t\u00eate-\u00e0-t\u00eate<\/strong> qui vous permettent d'entrer instantan\u00e9ment en contact avec de nouvelles personnes. Vous pouvez d\u00e9marrer un appel d'une simple pression, et si la conversation ne suscite pas votre int\u00e9r\u00eat, vous pouvez passer rapidement \u00e0 une autre rencontre.<\/p>\n<h3>2. Correspondance globale<\/h3>\n<p>Chamet vous met en relation avec des utilisateurs de diff\u00e9rents pays, ce qui vous garantit une v\u00e9ritable exp\u00e9rience. <strong>communaut\u00e9 mondiale<\/strong>. Ce programme est id\u00e9al pour tous ceux qui souhaitent pratiquer de nouvelles langues ou d\u00e9couvrir des cultures diff\u00e9rentes de premi\u00e8re main.<\/p>\n<h3>3. Traduction en temps r\u00e9el<\/h3>\n<p>Pour faire tomber les barri\u00e8res linguistiques, le Chamet offre un traducteur int\u00e9gr\u00e9 qui peut traduire automatiquement les messages pendant vos appels vid\u00e9o. Cette fonction permet de cr\u00e9er des conversations plus fluides, quelle que soit votre langue maternelle.<\/p>\n<h3>4. Flux en direct par groupe<\/h3>\n<p>Outre les appels individuels, le Chamet prend \u00e9galement en charge les flux en direct de groupe o\u00f9 plusieurs utilisateurs peuvent rejoindre une \u201csalle\u201d virtuelle. Les animateurs peuvent dialoguer avec leur public, ce qui est id\u00e9al pour :<\/p>\n<ul>\n<li><strong>F\u00eates virtuelles<\/strong><\/li>\n<li><strong>S\u00e9ances de questions-r\u00e9ponses<\/strong><\/li>\n<li><strong>Groupes d'\u00e9change linguistique<\/strong><\/li>\n<li><strong>Sorties d\u00e9contract\u00e9es avec des amis<\/strong><\/li>\n<\/ul>\n<h3>5. Cadeaux virtuels et monnaie In-App<\/h3>\n<p>Chamet incorpore une \u00e9conomie virtuelle avec des produits achetables. <strong>pi\u00e8ces de monnaie<\/strong>. Ces pi\u00e8ces peuvent \u00eatre utilis\u00e9es pour envoyer des <strong>cadeaux virtuels<\/strong>-comme des autocollants et des effets sp\u00e9ciaux, \u00e0 des h\u00f4tes ou \u00e0 de nouveaux amis. Les cadeaux ajoutent une couche d'interaction et aident les utilisateurs \u00e0 se d\u00e9marquer lors des livestreams bond\u00e9s.<\/p>\n<h2>Comment fonctionne Chamet<\/h2>\n<h3>1. Enregistrement rapide<\/h3>\n<p>Les utilisateurs peuvent <strong>s'inscrire<\/strong> par le biais de diff\u00e9rentes m\u00e9thodes, telles que<\/p>\n<ul>\n<li>V\u00e9rification du num\u00e9ro de t\u00e9l\u00e9phone<\/li>\n<li>Comptes de m\u00e9dias sociaux (comme Facebook ou Google)<\/li>\n<\/ul>\n<p>Une fois inscrit, vous pouvez cr\u00e9er un bref profil et le personnaliser avec des photos ou une courte biographie.<\/p>\n<h3>2. Configuration et correspondance des profils<\/h3>\n<p>Apr\u00e8s vous \u00eatre inscrit, vous avez la possibilit\u00e9 de :<\/p>\n<ul>\n<li><strong>Choisir les pr\u00e9f\u00e9rences<\/strong> (par exemple, langues ou centres d'int\u00e9r\u00eat)<\/li>\n<li><strong>Permettre la d\u00e9couverte bas\u00e9e sur la localisation<\/strong> pour des chats plus localis\u00e9s<\/li>\n<li><strong>Utiliser des marques d'int\u00e9r\u00eat<\/strong> pour rencontrer des utilisateurs qui partagent vos hobbies<\/li>\n<\/ul>\n<p>L'algorithme de Chamet vous aide ensuite \u00e0 entrer en contact avec les utilisateurs en temps r\u00e9el.<\/p>\n<h3>3. Mesures de s\u00e9curit\u00e9 dans l'application<\/h3>\n<p>Avant le d\u00e9but de toute session vid\u00e9o, Chamet propose des outils de mod\u00e9ration et de v\u00e9rification de base pour s'assurer que les utilisateurs de la plateforme respectent les lignes directrices de la communaut\u00e9.<\/p>\n<h2>S\u00e9curit\u00e9 et mod\u00e9ration<\/h2>\n<p><a href=\"https:\/\/strangercam.com\/fr\/chathub\/\">Chat vid\u00e9o al\u00e9atoire<\/a> Les applications peuvent parfois \u00eatre confront\u00e9es \u00e0 des contenus inappropri\u00e9s ou pr\u00e9judiciables. Chamet s'attaque \u00e0 ce probl\u00e8me en :<\/p>\n<ul>\n<li><strong>Filtrage de contenu bas\u00e9 sur l'IA<\/strong>: Le syst\u00e8me d\u00e9tecte automatiquement les comportements explicites ou probl\u00e9matiques.<\/li>\n<li><strong>Signalement et blocage<\/strong>: Les utilisateurs peuvent facilement signaler les contrevenants et les emp\u00eacher d'entrer en contact avec eux \u00e0 l'avenir.<\/li>\n<li><strong>Lignes directrices communautaires<\/strong>: Chamet applique des r\u00e8gles contre les comportements explicites ou nuisibles, avec possibilit\u00e9 de suspension du compte en cas de violations r\u00e9p\u00e9t\u00e9es.<\/li>\n<\/ul>\n<h2>Avantages et inconv\u00e9nients du chamet<\/h2>\n<p>Comme toute plateforme, Chamet a ses avantages et ses inconv\u00e9nients. En voici un bref aper\u00e7u :<\/p>\n<table>\n<thead>\n<tr>\n<th>Pour<\/th>\n<th>Cons<\/th>\n<\/tr>\n<\/thead>\n<tbody>\n<tr>\n<td>\n<ul>\n<li>Traduction en temps r\u00e9el pour r\u00e9duire les barri\u00e8res linguistiques<\/li>\n<li>Diverses fonctionnalit\u00e9s, y compris des flux de groupes et des cadeaux virtuels<\/li>\n<li>Inscription facile avec plusieurs options d'enregistrement<\/li>\n<li>Une base d'utilisateurs mondiale solide pour des interactions diverses<\/li>\n<li>Outils de mod\u00e9ration int\u00e9gr\u00e9s pour des conversations plus s\u00fbres<\/li>\n<\/ul>\n<\/td>\n<td>\n<ul>\n<li>Certaines fonctionnalit\u00e9s cach\u00e9es derri\u00e8re des achats in-app<\/li>\n<li>Possibilit\u00e9 de rencontrer des contenus inappropri\u00e9s (bien que mod\u00e9r\u00e9s)<\/li>\n<li>Consommation de donn\u00e9es plus importante pour les appels vid\u00e9o HD<\/li>\n<li>L'\u00e9conomie bas\u00e9e sur les pi\u00e8ces de monnaie peut encourager les d\u00e9penses fr\u00e9quentes<\/li>\n<\/ul>\n<\/td>\n<\/tr>\n<\/tbody>\n<\/table>\n<h2>Conseils pour tirer le meilleur parti du chamet<\/h2>\n<h3>1. Compl\u00e9tez votre profil<\/h3>\n<p>Ajoutez une photo de profil claire et indiquez vos centres d'int\u00e9r\u00eat ou les langues parl\u00e9es. Vous augmenterez ainsi vos chances d'engager la conversation et d'\u00e9tablir un rapport.<\/p>\n<h3>2. Utiliser la traduction en temps r\u00e9el \u00e0 bon escient<\/h3>\n<p>Pratiquez l'\u00e9coute active et utilisez la fonction de traduction pour comprendre les nuances. Vos appels vid\u00e9o seront ainsi plus fluides et plus gratifiants.<\/p>\n<h3>3. Profiter des flux en direct des groupes<\/h3>\n<p>Rejoignez ou organisez une session de groupe sur un sujet qui vous passionne. C'est un excellent moyen de trouver des utilisateurs partageant les m\u00eames id\u00e9es et de susciter des discussions anim\u00e9es.<\/p>\n<h3>4. Rester en s\u00e9curit\u00e9 en ligne<\/h3>\n<ul>\n<li>\u00c9vitez de communiquer des informations personnelles (adresse, donn\u00e9es financi\u00e8res) sur les flux publics.<\/li>\n<li>Signalez imm\u00e9diatement tout comportement suspect ou offensant.<\/li>\n<\/ul>\n<h2>Comparaisons avec d'autres applications de chat vid\u00e9o<\/h2>\n<p>Chamet est en concurrence avec les applications de chat vid\u00e9o al\u00e9atoires les plus populaires sur un march\u00e9 tr\u00e8s encombr\u00e9. Elle se diff\u00e9rencie par :<\/p>\n<ul>\n<li><strong>Traductions en temps r\u00e9el<\/strong>: Faciliter les discussions interculturelles.<\/li>\n<li><strong>Flux en direct du groupe<\/strong>: Permettre des interactions multi-utilisateurs, alors que de nombreuses applications al\u00e9atoires s'en tiennent \u00e0 des appels individuels.<\/li>\n<li><strong>Cadeaux virtuels interactifs<\/strong>: Une mani\u00e8re amusante de montrer sa reconnaissance ou de se d\u00e9marquer des autres spectateurs.<\/li>\n<\/ul>\n<h2>Conclusion<\/h2>\n<p>Chamet se distingue dans l'application de chat vid\u00e9o <a href=\"https:\/\/strangercam.com\/fr\/mocospace\/\">espace<\/a> en associant une communaut\u00e9 mondiale \u00e0 des fonctions interactives telles que des traductions en direct, des cadeaux virtuels et des flux de groupes. Que vous cherchiez \u00e0 vous faire des amis \u00e0 travers les continents, \u00e0 am\u00e9liorer vos comp\u00e9tences linguistiques ou simplement \u00e0 essayer un nouveau type d'engagement social, Chamet vous offre de multiples fa\u00e7ons de vous connecter en temps r\u00e9el.<br \/>\nEn mettant l'accent sur la s\u00e9curit\u00e9 et le plaisir, Chamet s'adresse \u00e0 une large base d'utilisateurs, qu'il s'agisse de bavards occasionnels ou de passionn\u00e9s de m\u00e9dias sociaux \u00e0 la recherche d'une forme plus personnelle d'interaction en ligne. Si vous \u00eates pr\u00eat \u00e0 vous lancer dans de nouvelles amiti\u00e9s num\u00e9riques et \u00e0 explorer les cultures virtuelles du monde entier, essayez Chamet et voyez qui vous attend \u00e0 l'autre bout de votre prochain appel vid\u00e9o.<\/p>","protected":false},"excerpt":{"rendered":"<p>Are you searching for a lively video chat app to meet new people, engage in real-time conversations, or simply explore new cultures? Chamet offers an interactive platform for one-on-one video calls, live streams, and group chats, bringing users together across the globe. In this detailed overview, we\u2019ll delve into Chamet\u2019s key features, how it works, [&hellip;]<\/p>\n","protected":false},"author":6,"featured_media":0,"parent":0,"menu_order":0,"comment_status":"closed","ping_status":"closed","template":"","meta":{"footnotes":""},"class_list":["post-12565","page","type-page","status-publish","hentry"],"yoast_head":"<!-- This site is optimized with the Yoast SEO plugin v26.9 - https:\/\/yoast.com\/product\/yoast-seo-wordpress\/ -->\n<title>Chamet - Global Video Connections &amp; Chat - StrangerCam.com<\/title>\n<meta name=\"description\" content=\"Discover Chamet, the ultimate online platform connecting you to free video chat rooms and live streams. Join Chamet today!\" \/>\n<meta name=\"robots\" content=\"index, follow, max-snippet:-1, max-image-preview:large, max-video-preview:-1\" \/>\n<link rel=\"canonical\" href=\"https:\/\/strangercam.com\/fr\/chamet\/\" \/>\n<meta property=\"og:locale\" content=\"fr_FR\" \/>\n<meta property=\"og:type\" content=\"article\" \/>\n<meta property=\"og:title\" content=\"Chamet - Global Video Connections &amp; Chat - StrangerCam.com\" \/>\n<meta property=\"og:description\" content=\"Discover Chamet, the ultimate online platform connecting you to free video chat rooms and live streams. Join Chamet today!\" \/>\n<meta property=\"og:url\" content=\"https:\/\/strangercam.com\/fr\/chamet\/\" \/>\n<meta property=\"og:site_name\" content=\"Strangercam\" \/>\n<meta property=\"article:publisher\" content=\"https:\/\/www.facebook.com\/strangercam\" \/>\n<meta property=\"article:modified_time\" content=\"2025-02-04T07:34:08+00:00\" \/>\n<meta property=\"og:image\" content=\"https:\/\/strangercam.com\/wp-content\/uploads\/2021\/10\/Untitled-2.png\" \/>\n\t<meta property=\"og:image:width\" content=\"800\" \/>\n\t<meta property=\"og:image:height\" content=\"532\" \/>\n\t<meta property=\"og:image:type\" content=\"image\/png\" \/>\n<meta name=\"twitter:card\" content=\"summary_large_image\" \/>\n<meta name=\"twitter:site\" content=\"@strangercamapp\" \/>\n<meta name=\"twitter:label1\" content=\"Dur\u00e9e de lecture estim\u00e9e\" \/>\n\t<meta name=\"twitter:data1\" content=\"4 minutes\" \/>\n<script type=\"application\/ld+json\" class=\"yoast-schema-graph\">{\"@context\":\"https:\/\/schema.org\",\"@graph\":[{\"@type\":\"WebPage\",\"@id\":\"https:\/\/strangercam.com\/chamet\/\",\"url\":\"https:\/\/strangercam.com\/chamet\/\",\"name\":\"Chamet - Global Video Connections & Chat - StrangerCam.com\",\"isPartOf\":{\"@id\":\"https:\/\/strangercam.com\/#website\"},\"datePublished\":\"2024-10-07T08:40:10+00:00\",\"dateModified\":\"2025-02-04T07:34:08+00:00\",\"description\":\"Discover Chamet, the ultimate online platform connecting you to free video chat rooms and live streams. Join Chamet today!\",\"breadcrumb\":{\"@id\":\"https:\/\/strangercam.com\/chamet\/#breadcrumb\"},\"inLanguage\":\"fr-FR\",\"potentialAction\":[{\"@type\":\"ReadAction\",\"target\":[\"https:\/\/strangercam.com\/chamet\/\"]}]},{\"@type\":\"BreadcrumbList\",\"@id\":\"https:\/\/strangercam.com\/chamet\/#breadcrumb\",\"itemListElement\":[{\"@type\":\"ListItem\",\"position\":1,\"name\":\"Home\",\"item\":\"https:\/\/strangercam.com\/\"},{\"@type\":\"ListItem\",\"position\":2,\"name\":\"Chamet\"}]},{\"@type\":\"WebSite\",\"@id\":\"https:\/\/strangercam.com\/#website\",\"url\":\"https:\/\/strangercam.com\/\",\"name\":\"Strangercam\",\"description\":\"Random Video Chat with Strangers\",\"publisher\":{\"@id\":\"https:\/\/strangercam.com\/#organization\"},\"alternateName\":\"Strangercam.com\",\"potentialAction\":[{\"@type\":\"SearchAction\",\"target\":{\"@type\":\"EntryPoint\",\"urlTemplate\":\"https:\/\/strangercam.com\/?s={search_term_string}\"},\"query-input\":{\"@type\":\"PropertyValueSpecification\",\"valueRequired\":true,\"valueName\":\"search_term_string\"}}],\"inLanguage\":\"fr-FR\"},{\"@type\":\"Organization\",\"@id\":\"https:\/\/strangercam.com\/#organization\",\"name\":\"Strangercam\",\"alternateName\":\"Strangercam.com\",\"url\":\"https:\/\/strangercam.com\/\",\"logo\":{\"@type\":\"ImageObject\",\"inLanguage\":\"fr-FR\",\"@id\":\"https:\/\/strangercam.com\/#\/schema\/logo\/image\/\",\"url\":\"https:\/\/strangercam.com\/wp-content\/uploads\/2020\/11\/cropped-new-favicon-black.png\",\"contentUrl\":\"https:\/\/strangercam.com\/wp-content\/uploads\/2020\/11\/cropped-new-favicon-black.png\",\"width\":512,\"height\":512,\"caption\":\"Strangercam\"},\"image\":{\"@id\":\"https:\/\/strangercam.com\/#\/schema\/logo\/image\/\"},\"sameAs\":[\"https:\/\/www.facebook.com\/strangercam\",\"https:\/\/x.com\/strangercamapp\"]}]}<\/script>\n<!-- \/ Yoast SEO plugin. -->","yoast_head_json":{"title":"Chamet - Connexions vid\u00e9o mondiales et chat - StrangerCam.com","description":"D\u00e9couvrez Chamet, la plateforme en ligne ultime qui vous connecte \u00e0 des salons de chat vid\u00e9o gratuits et \u00e0 des flux en direct. Rejoignez Chamet d\u00e8s aujourd'hui !","robots":{"index":"index","follow":"follow","max-snippet":"max-snippet:-1","max-image-preview":"max-image-preview:large","max-video-preview":"max-video-preview:-1"},"canonical":"https:\/\/strangercam.com\/fr\/chamet\/","og_locale":"fr_FR","og_type":"article","og_title":"Chamet - Global Video Connections & Chat - StrangerCam.com","og_description":"Discover Chamet, the ultimate online platform connecting you to free video chat rooms and live streams. Join Chamet today!","og_url":"https:\/\/strangercam.com\/fr\/chamet\/","og_site_name":"Strangercam","article_publisher":"https:\/\/www.facebook.com\/strangercam","article_modified_time":"2025-02-04T07:34:08+00:00","og_image":[{"width":800,"height":532,"url":"https:\/\/strangercam.com\/wp-content\/uploads\/2021\/10\/Untitled-2.png","type":"image\/png"}],"twitter_card":"summary_large_image","twitter_site":"@strangercamapp","twitter_misc":{"Dur\u00e9e de lecture estim\u00e9e":"4 minutes"},"schema":{"@context":"https:\/\/schema.org","@graph":[{"@type":"WebPage","@id":"https:\/\/strangercam.com\/chamet\/","url":"https:\/\/strangercam.com\/chamet\/","name":"Chamet - Connexions vid\u00e9o mondiales et chat - StrangerCam.com","isPartOf":{"@id":"https:\/\/strangercam.com\/#website"},"datePublished":"2024-10-07T08:40:10+00:00","dateModified":"2025-02-04T07:34:08+00:00","description":"D\u00e9couvrez Chamet, la plateforme en ligne ultime qui vous connecte \u00e0 des salons de chat vid\u00e9o gratuits et \u00e0 des flux en direct. Rejoignez Chamet d\u00e8s aujourd'hui !","breadcrumb":{"@id":"https:\/\/strangercam.com\/chamet\/#breadcrumb"},"inLanguage":"fr-FR","potentialAction":[{"@type":"ReadAction","target":["https:\/\/strangercam.com\/chamet\/"]}]},{"@type":"BreadcrumbList","@id":"https:\/\/strangercam.com\/chamet\/#breadcrumb","itemListElement":[{"@type":"ListItem","position":1,"name":"Home","item":"https:\/\/strangercam.com\/"},{"@type":"ListItem","position":2,"name":"Chamet"}]},{"@type":"WebSite","@id":"https:\/\/strangercam.com\/#website","url":"https:\/\/strangercam.com\/","name":"Strangercam","description":"Chat vid\u00e9o al\u00e9atoire avec des inconnus","publisher":{"@id":"https:\/\/strangercam.com\/#organization"},"alternateName":"Strangercam.com","potentialAction":[{"@type":"SearchAction","target":{"@type":"EntryPoint","urlTemplate":"https:\/\/strangercam.com\/?s={search_term_string}"},"query-input":{"@type":"PropertyValueSpecification","valueRequired":true,"valueName":"search_term_string"}}],"inLanguage":"fr-FR"},{"@type":"Organization","@id":"https:\/\/strangercam.com\/#organization","name":"Strangercam","alternateName":"Strangercam.com","url":"https:\/\/strangercam.com\/","logo":{"@type":"ImageObject","inLanguage":"fr-FR","@id":"https:\/\/strangercam.com\/#\/schema\/logo\/image\/","url":"https:\/\/strangercam.com\/wp-content\/uploads\/2020\/11\/cropped-new-favicon-black.png","contentUrl":"https:\/\/strangercam.com\/wp-content\/uploads\/2020\/11\/cropped-new-favicon-black.png","width":512,"height":512,"caption":"Strangercam"},"image":{"@id":"https:\/\/strangercam.com\/#\/schema\/logo\/image\/"},"sameAs":["https:\/\/www.facebook.com\/strangercam","https:\/\/x.com\/strangercamapp"]}]}},"_links":{"self":[{"href":"https:\/\/strangercam.com\/fr\/wp-json\/wp\/v2\/pages\/12565","targetHints":{"allow":["GET"]}}],"collection":[{"href":"https:\/\/strangercam.com\/fr\/wp-json\/wp\/v2\/pages"}],"about":[{"href":"https:\/\/strangercam.com\/fr\/wp-json\/wp\/v2\/types\/page"}],"author":[{"embeddable":true,"href":"https:\/\/strangercam.com\/fr\/wp-json\/wp\/v2\/users\/6"}],"replies":[{"embeddable":true,"href":"https:\/\/strangercam.com\/fr\/wp-json\/wp\/v2\/comments?post=12565"}],"version-history":[{"count":2,"href":"https:\/\/strangercam.com\/fr\/wp-json\/wp\/v2\/pages\/12565\/revisions"}],"predecessor-version":[{"id":12688,"href":"https:\/\/strangercam.com\/fr\/wp-json\/wp\/v2\/pages\/12565\/revisions\/12688"}],"wp:attachment":[{"href":"https:\/\/strangercam.com\/fr\/wp-json\/wp\/v2\/media?parent=12565"}],"curies":[{"name":"wp","href":"https:\/\/api.w.org\/{rel}","templated":true}]}}