{"id":12559,"date":"2024-09-30T14:05:14","date_gmt":"2024-09-30T12:05:14","guid":{"rendered":"https:\/\/strangercam.com\/?page_id=12559"},"modified":"2025-06-16T13:32:29","modified_gmt":"2025-06-16T11:32:29","slug":"shagle","status":"publish","type":"page","link":"https:\/\/strangercam.com\/fr\/shagle\/","title":{"rendered":"Shagle"},"content":{"rendered":"<p>Dans un monde de plus en plus connect\u00e9, le d\u00e9sir de <a href=\"https:\/\/strangercam.com\/fr\/coomeet\/\">rencontrer<\/a> Le besoin de rencontrer de nouvelles personnes et de faire l'exp\u00e9rience de cultures diff\u00e9rentes s'est consid\u00e9rablement accru. Shagle r\u00e9pond \u00e0 ce besoin en proposant une plateforme qui met en relation les utilisateurs par le biais de chats vid\u00e9o al\u00e9atoires \u00e0 l'\u00e9chelle mondiale. Offrant des fonctionnalit\u00e9s telles que des filtres de genre et de localisation, des masques virtuels et une interface conviviale, Shagle facilite les interactions spontan\u00e9es et les \u00e9changes culturels en temps r\u00e9el. Cette \u00e9tude fournit une analyse approfondie des caract\u00e9ristiques de Shagle, de son exp\u00e9rience utilisateur, de ses options tarifaires, de ses mesures de s\u00e9curit\u00e9 et de sa position par rapport \u00e0 ses concurrents.<\/p>\n<h2>Vue d'ensemble de Shagle<\/h2>\n<p>Lanc\u00e9 en 2017, Shagle est rapidement devenu un acteur de premier plan dans le domaine de la vid\u00e9o en ligne <a href=\"https:\/\/strangercam.com\/fr\/chatroulette\/\">chat<\/a> et des plates-formes de communication. Il a \u00e9t\u00e9 cr\u00e9\u00e9 pour permettre aux utilisateurs de se connecter instantan\u00e9ment avec des inconnus dans le monde entier, en promouvant une communaut\u00e9 mondiale d'individus cherchant \u00e0 nouer de nouvelles amiti\u00e9s, \u00e0 pratiquer une langue, ou simplement \u00e0 engager des conversations. Avec des millions d'utilisateurs dans diff\u00e9rents pays, Shagle offre un environnement diversifi\u00e9 et dynamique pour des interactions en temps r\u00e9el.<\/p>\n<h2>Caract\u00e9ristiques principales<\/h2>\n<h3>Random Video Chat avec des Inconnus<\/h3>\n<p>Au c\u0153ur de Shagle se trouve son <a href=\"https:\/\/strangercam.com\/fr\/chathub\/\">chat vid\u00e9o al\u00e9atoire<\/a> Fonctionnalit\u00e9. Les utilisateurs sont jumel\u00e9s au hasard avec d'autres personnes du monde entier, ce qui permet des conversations spontan\u00e9es et passionnantes. Cette fonctionnalit\u00e9 fonctionne en douceur, offrant des flux vid\u00e9o et audio de haute qualit\u00e9 pour garantir une exp\u00e9rience captivante.<\/p>\n<h3>Filtres de genre et de localisation<\/h3>\n<p>Pour personnaliser les interactions, Shagle propose des filtres de genre et de localisation :<\/p>\n<ul>\n<li><strong>Filtres de genre<\/strong>: Les utilisateurs peuvent choisir de discuter avec des personnes d'un sexe sp\u00e9cifique, ce qui permet d'adapter l'exp\u00e9rience \u00e0 leurs pr\u00e9f\u00e9rences.<\/li>\n<li><strong>Filtres de localisation<\/strong>: Permet aux utilisateurs d'entrer en contact avec des personnes originaires de certains pays, facilitant ainsi les \u00e9changes culturels ou la pratique de la langue.<\/li>\n<\/ul>\n<p>Ces filtres am\u00e9liorent la pertinence des correspondances et la satisfaction des utilisateurs.<\/p>\n<h3>Masques virtuels<\/h3>\n<p>Sachant que certains utilisateurs peuvent pr\u00e9f\u00e9rer l'anonymat, Shagle fournit des masques virtuels :<\/p>\n<ul>\n<li><strong>Options d'anonymat<\/strong>: Les utilisateurs peuvent superposer des masques num\u00e9riques sur leur visage pendant les discussions vid\u00e9o, ajoutant ainsi une couche de confidentialit\u00e9.<\/li>\n<li><strong>Amusant et engageant<\/strong>: Les masques peuvent \u00e9galement rendre les conversations plus divertissantes et aider les utilisateurs \u00e0 se sentir plus \u00e0 l'aise.<\/li>\n<\/ul>\n<h3>Option de chat textuel<\/h3>\n<p>Pour les utilisateurs qui n'ont pas acc\u00e8s \u00e0 une webcam ou qui pr\u00e9f\u00e8rent ne pas utiliser la vid\u00e9o, le Shagle offre une fonction de texte. <a href=\"https:\/\/strangercam.com\/fr\/chat-alternative\/\">alternative au chat<\/a>:<\/p>\n<ul>\n<li><strong>Flexibilit\u00e9<\/strong>: Passez du mode vid\u00e9o au mode texte en toute transparence.<\/li>\n<li><strong>Accessibilit\u00e9<\/strong>: garantit que les utilisateurs peuvent continuer \u00e0 se connecter et \u00e0 communiquer sans vid\u00e9o.<\/li>\n<\/ul>\n<h3>Compatibilit\u00e9 mobile<\/h3>\n<p>Shagle reconna\u00eet l'importance de l'accessibilit\u00e9 et fournit :<\/p>\n<ul>\n<li><strong>Site web adapt\u00e9 aux mobiles<\/strong>: La plateforme est optimis\u00e9e pour une utilisation sur les smartphones et les tablettes via les navigateurs web.<\/li>\n<li><strong>Aucune application requise<\/strong>: Les utilisateurs peuvent acc\u00e9der \u00e0 toutes les fonctionnalit\u00e9s sans avoir \u00e0 t\u00e9l\u00e9charger une application distincte.<\/li>\n<\/ul>\n<h2>Exp\u00e9rience de l'utilisateur<\/h2>\n<h3>Interface et conception<\/h3>\n<p>Shagle dispose d'une interface propre et intuitive :<\/p>\n<ul>\n<li><strong>Navigation facile<\/strong>: Une pr\u00e9sentation simple avec des fonctions clairement identifi\u00e9es.<\/li>\n<li><strong>Acc\u00e8s rapide<\/strong>: Les utilisateurs peuvent commencer \u00e0 discuter en quelques clics.<\/li>\n<li><strong>Esth\u00e9tique moderne<\/strong>: Le design est contemporain et visuellement attrayant.<\/li>\n<\/ul>\n<h3>Processus d'enregistrement<\/h3>\n<p>Shagle permet aux utilisateurs de commencer \u00e0 utiliser la plateforme sans inscription obligatoire :<\/p>\n<ul>\n<li><strong>Pas d'inscription n\u00e9cessaire<\/strong>: Acc\u00e8s imm\u00e9diat aux fonctions de base.<\/li>\n<li><strong>Cr\u00e9ation d'un compte facultatif<\/strong>: Les utilisateurs peuvent s'enregistrer pour acc\u00e9der \u00e0 des fonctions suppl\u00e9mentaires ou enregistrer leurs pr\u00e9f\u00e9rences.<\/li>\n<li><strong>La protection de la vie priv\u00e9e<\/strong>: Un minimum d'informations personnelles est requis, ce qui renforce la protection de la vie priv\u00e9e de l'utilisateur.<\/li>\n<\/ul>\n<h3>Performance et fiabilit\u00e9<\/h3>\n<p>Shagle est con\u00e7u pour des performances optimales :<\/p>\n<ul>\n<li><strong>Streaming de haute qualit\u00e9<\/strong>: Fournit une qualit\u00e9 vid\u00e9o et audio fiable.<\/li>\n<li><strong>Connexions rapides<\/strong>: L'appariement rapide avec d'autres utilisateurs r\u00e9duit les temps d'attente.<\/li>\n<li><strong>Plate-forme stable<\/strong>: Les temps d'arr\u00eat minimaux garantissent une disponibilit\u00e9 constante.<\/li>\n<\/ul>\n<h2>Prix et options d'abonnement<\/h2>\n<p>Bien que de nombreuses fonctionnalit\u00e9s de Shagle soient disponibles gratuitement, la plateforme propose un abonnement premium connu sous le nom de <strong>Shagle Plus<\/strong> pour les utilisateurs \u00e0 la recherche d'exp\u00e9riences am\u00e9lior\u00e9es.<\/p>\n<h3>Fonctionnalit\u00e9s gratuites<\/h3>\n<ul>\n<li><strong>Random Video Chat avec des Inconnus<\/strong>: Acc\u00e8s illimit\u00e9 \u00e0 des chats vid\u00e9o al\u00e9atoires.<\/li>\n<li><strong>Filtre de genre<\/strong>: Acc\u00e8s de base \u00e0 la s\u00e9lection du sexe.<\/li>\n<li><strong>Masques virtuels<\/strong>: Utilisation de masques virtuels pendant les chats.<\/li>\n<li><strong>Chat textuel<\/strong>: Possibilit\u00e9 d'engager des conversations bas\u00e9es sur le texte.<\/li>\n<\/ul>\n<h3>Avantages de Shagle Plus<\/h3>\n<p>L'abonnement \u00e0 Shagle Plus permet de b\u00e9n\u00e9ficier de fonctionnalit\u00e9s suppl\u00e9mentaires :<\/p>\n<ul>\n<li><strong>Filtres de genre avanc\u00e9s<\/strong>: Options de s\u00e9lection plus pr\u00e9cises.<\/li>\n<li><strong>Filtres de localisation<\/strong>: Possibilit\u00e9 de s\u00e9lectionner des pays sp\u00e9cifiques pour les connexions.<\/li>\n<li><strong>Exp\u00e9rience sans publicit\u00e9<\/strong>: Suppression des publicit\u00e9s pour un chat ininterrompu.<\/li>\n<li><strong>Masques virtuels exclusifs<\/strong>: Acc\u00e8s \u00e0 une plus large gamme de masques.<\/li>\n<li><strong>Dispositif de reconnexion<\/strong>: Possibilit\u00e9 de se reconnecter avec les utilisateurs pr\u00e9c\u00e9dents.<\/li>\n<\/ul>\n<h3>Plans d'abonnement<\/h3>\n<p>Shagle Plus offre des options d'abonnement flexibles :<\/p>\n<ul>\n<li><strong>Plan hebdomadaire<\/strong>: Id\u00e9al pour une utilisation \u00e0 court terme ou un essai.<\/li>\n<li><strong>Plan mensuel<\/strong>: Rentable pour les utilisateurs r\u00e9guliers.<\/li>\n<li><strong>Plan annuel<\/strong>: Permet de r\u00e9aliser des \u00e9conomies significatives pour un engagement \u00e0 long terme.<\/li>\n<\/ul>\n<p>Les prix sont comp\u00e9titifs et refl\u00e8tent la valeur ajout\u00e9e apport\u00e9e par les fonctionnalit\u00e9s haut de gamme.<\/p>\n<h2>Avantages et inconv\u00e9nients<\/h2>\n<h3>Pour<\/h3>\n<ul>\n<li><strong>Interface conviviale<\/strong>: La conception simple et intuitive am\u00e9liore la convivialit\u00e9.<\/li>\n<li><strong>Base mondiale d'utilisateurs<\/strong>: Entrez en contact avec des personnes du monde entier.<\/li>\n<li><strong>Pas d'inscription obligatoire<\/strong>: Acc\u00e8s imm\u00e9diat aux fonctionnalit\u00e9s de base sans inscription.<\/li>\n<li><strong>Filtres flexibles<\/strong>: Les filtres de genre et de localisation personnalisent l'exp\u00e9rience.<\/li>\n<li><strong>Options d'anonymat<\/strong>: Les masques virtuels permettent de pr\u00e9server l'intimit\u00e9 et de s'amuser.<\/li>\n<\/ul>\n<h3>Cons<\/h3>\n<ul>\n<li><strong>Filtres gratuits limit\u00e9s<\/strong>: Les filtres avanc\u00e9s sont r\u00e9serv\u00e9s aux abonn\u00e9s premium.<\/li>\n<li><strong>Publicit\u00e9<\/strong>: La version gratuite contient des publicit\u00e9s qui peuvent interrompre l'exp\u00e9rience.<\/li>\n<li><strong>Risque de contenu inappropri\u00e9<\/strong>: Les utilisateurs peuvent \u00eatre confront\u00e9s \u00e0 des comportements inappropri\u00e9s malgr\u00e9 les efforts de mod\u00e9ration.<\/li>\n<li><strong>Pas d'application mobile d\u00e9di\u00e9e<\/strong>: L'absence d'application mobile peut nuire au confort de certains utilisateurs.<\/li>\n<\/ul>\n<h2>S\u00e9curit\u00e9 des utilisateurs et protection de la vie priv\u00e9e<\/h2>\n<h3>Politiques de mod\u00e9ration<\/h3>\n<p>Shagle s'engage \u00e0 fournir un environnement s\u00fbr :<\/p>\n<ul>\n<li><strong>Mod\u00e9ration automatis\u00e9e<\/strong>: Utilise la technologie pour d\u00e9tecter et bloquer les contenus inappropri\u00e9s.<\/li>\n<li><strong>Rapport de l'utilisateur<\/strong>: Permet aux utilisateurs de signaler des fautes ou des violations.<\/li>\n<li><strong>Lignes directrices communautaires<\/strong>: Des r\u00e8gles claires sont \u00e9tablies pour promouvoir des interactions respectueuses.<\/li>\n<\/ul>\n<h3>Mesures de protection de la vie priv\u00e9e<\/h3>\n<ul>\n<li><strong>Protection des donn\u00e9es<\/strong>: Le respect des lois sur la protection de la vie priv\u00e9e garantit la s\u00e9curit\u00e9 des donn\u00e9es des utilisateurs.<\/li>\n<li><strong>Utilisation anonyme<\/strong>: Les utilisateurs peuvent discuter sans r\u00e9v\u00e9ler d'informations personnelles.<\/li>\n<li><strong>Caract\u00e9ristiques de contr\u00f4le<\/strong>: Possibilit\u00e9 de d\u00e9connecter, de bloquer ou de signaler d'autres utilisateurs.<\/li>\n<\/ul>\n<h3>Conseils de s\u00e9curit\u00e9 pour les utilisateurs<\/h3>\n<ul>\n<li><strong>Prot\u00e9ger les informations personnelles<\/strong>: \u00c9vitez de communiquer des informations sensibles.<\/li>\n<li><strong>Utiliser les filtres \u00e0 bon escient<\/strong>: Adapter les connexions aux donn\u00e9es d\u00e9mographiques pr\u00e9f\u00e9r\u00e9es.<\/li>\n<li><strong>Soyez prudent<\/strong>: Faire confiance \u00e0 son instinct et se d\u00e9connecter des situations inconfortables.<\/li>\n<li><strong>Signaler les infractions<\/strong>: Contribuer \u00e0 la s\u00e9curit\u00e9 de la communaut\u00e9 en signalant les probl\u00e8mes.<\/li>\n<\/ul>\n<h2>Comparaison avec les concurrents<\/h2>\n<h3>Shagle vs. Omegle<\/h3>\n<ul>\n<li><strong>Caract\u00e9ristiques<\/strong>: Shagle propose des filtres de genre et de localisation, tandis que <a href=\"https:\/\/strangercam.com\/fr\/omegle\/\">Omegle<\/a> a des options de filtrage limit\u00e9es.<\/li>\n<li><strong>Interface utilisateur<\/strong>: L'interface de Shagle est plus moderne et plus conviviale.<\/li>\n<li><strong>Options d'anonymat<\/strong>: Les deux plateformes permettent de chatter de mani\u00e8re anonyme, mais Shagle fournit des masques virtuels.<\/li>\n<\/ul>\n<h3>Shagle vs. Chatroulette<\/h3>\n<ul>\n<li><strong>La mod\u00e9ration<\/strong>: Shagle applique des politiques de mod\u00e9ration plus strictes afin de r\u00e9duire les contenus inappropri\u00e9s.<\/li>\n<li><strong>Filtres<\/strong>: Shagle offre des options de filtrage plus avanc\u00e9es.<\/li>\n<li><strong>Caract\u00e9ristiques suppl\u00e9mentaires<\/strong>: Les masques virtuels et les options de chat textuel donnent \u00e0 Shagle une longueur d'avance.<\/li>\n<\/ul>\n<h3>Shagle vs. Chatrandom<\/h3>\n<ul>\n<li><strong>Base des utilisateurs<\/strong>: Les deux ont de grandes communaut\u00e9s mondiales.<\/li>\n<li><strong>Caract\u00e9ristiques<\/strong>: Chatrandom propose plusieurs modes de chat, tandis que Shagle se concentre sur l'am\u00e9lioration de l'exp\u00e9rience individuelle.<\/li>\n<li><strong>Options Premium<\/strong>: Les deux proposent des abonnements premium avec des avantages similaires.<\/li>\n<\/ul>\n<h2>Conclusion<\/h2>\n<p>Shagle est une plateforme attrayante pour les personnes qui souhaitent entrer en contact avec d'autres personnes par le biais de chats vid\u00e9o al\u00e9atoires. L'accent mis sur l'exp\u00e9rience utilisateur, avec des fonctionnalit\u00e9s telles que des filtres de genre et de localisation, des masques virtuels et une interface conviviale, en fait une option remarquable sur le march\u00e9. Bien qu'il y ait des points \u00e0 am\u00e9liorer, comme l'extension des fonctions gratuites et le d\u00e9veloppement d'une application mobile d\u00e9di\u00e9e, Shagle facilite efficacement les connexions et les \u00e9changes culturels \u00e0 l'\u00e9chelle mondiale. Les utilisateurs \u00e0 la recherche d'interactions spontan\u00e9es et de la possibilit\u00e9 de rencontrer des personnes de diff\u00e9rentes parties du monde trouveront en Shagle une ressource pr\u00e9cieuse.<\/p>","protected":false},"excerpt":{"rendered":"<p>In an increasingly connected world, the desire to meet new people and experience different cultures has grown significantly. Shagle addresses this need by providing a platform that connects users through random video chats globally. Offering features like gender and location filters, virtual masks, and a user-friendly interface, Shagle facilitates spontaneous interactions and cultural exchanges in [&hellip;]<\/p>\n","protected":false},"author":7,"featured_media":0,"parent":0,"menu_order":0,"comment_status":"closed","ping_status":"closed","template":"","meta":{"footnotes":""},"class_list":["post-12559","page","type-page","status-publish","hentry"],"yoast_head":"<!-- This site is optimized with the Yoast SEO plugin v26.9 - https:\/\/yoast.com\/product\/yoast-seo-wordpress\/ -->\n<title>Shagle - Alternatives &amp; Reviews of Chat Sites - StrangerCam<\/title>\n<meta name=\"description\" content=\"Discover the best Video Chat Sites, complete with ratings and reviews. Enjoy free cam chats that let you meet new people.\" \/>\n<meta name=\"robots\" content=\"index, follow, max-snippet:-1, max-image-preview:large, max-video-preview:-1\" \/>\n<link rel=\"canonical\" href=\"https:\/\/strangercam.com\/fr\/shagle\/\" \/>\n<meta property=\"og:locale\" content=\"fr_FR\" \/>\n<meta property=\"og:type\" content=\"article\" \/>\n<meta property=\"og:title\" content=\"Shagle - Alternatives &amp; Reviews of Chat Sites - StrangerCam\" \/>\n<meta property=\"og:description\" content=\"Discover the best Video Chat Sites, complete with ratings and reviews. Enjoy free cam chats that let you meet new people.\" \/>\n<meta property=\"og:url\" content=\"https:\/\/strangercam.com\/fr\/shagle\/\" \/>\n<meta property=\"og:site_name\" content=\"Strangercam\" \/>\n<meta property=\"article:publisher\" content=\"https:\/\/www.facebook.com\/strangercam\" \/>\n<meta property=\"article:modified_time\" content=\"2025-06-16T11:32:29+00:00\" \/>\n<meta property=\"og:image\" content=\"https:\/\/strangercam.com\/wp-content\/uploads\/2021\/10\/Untitled-2.png\" \/>\n\t<meta property=\"og:image:width\" content=\"800\" \/>\n\t<meta property=\"og:image:height\" content=\"532\" \/>\n\t<meta property=\"og:image:type\" content=\"image\/png\" \/>\n<meta name=\"twitter:card\" content=\"summary_large_image\" \/>\n<meta name=\"twitter:site\" content=\"@strangercamapp\" \/>\n<meta name=\"twitter:label1\" content=\"Dur\u00e9e de lecture estim\u00e9e\" \/>\n\t<meta name=\"twitter:data1\" content=\"5 minutes\" \/>\n<script type=\"application\/ld+json\" class=\"yoast-schema-graph\">{\"@context\":\"https:\/\/schema.org\",\"@graph\":[{\"@type\":\"WebPage\",\"@id\":\"https:\/\/strangercam.com\/shagle\/\",\"url\":\"https:\/\/strangercam.com\/shagle\/\",\"name\":\"Shagle - Alternatives & Reviews of Chat Sites - StrangerCam\",\"isPartOf\":{\"@id\":\"https:\/\/strangercam.com\/#website\"},\"datePublished\":\"2024-09-30T12:05:14+00:00\",\"dateModified\":\"2025-06-16T11:32:29+00:00\",\"description\":\"Discover the best Video Chat Sites, complete with ratings and reviews. Enjoy free cam chats that let you meet new people.\",\"breadcrumb\":{\"@id\":\"https:\/\/strangercam.com\/shagle\/#breadcrumb\"},\"inLanguage\":\"fr-FR\",\"potentialAction\":[{\"@type\":\"ReadAction\",\"target\":[\"https:\/\/strangercam.com\/shagle\/\"]}]},{\"@type\":\"BreadcrumbList\",\"@id\":\"https:\/\/strangercam.com\/shagle\/#breadcrumb\",\"itemListElement\":[{\"@type\":\"ListItem\",\"position\":1,\"name\":\"Home\",\"item\":\"https:\/\/strangercam.com\/\"},{\"@type\":\"ListItem\",\"position\":2,\"name\":\"Shagle\"}]},{\"@type\":\"WebSite\",\"@id\":\"https:\/\/strangercam.com\/#website\",\"url\":\"https:\/\/strangercam.com\/\",\"name\":\"Strangercam\",\"description\":\"Random Video Chat with Strangers\",\"publisher\":{\"@id\":\"https:\/\/strangercam.com\/#organization\"},\"alternateName\":\"Strangercam.com\",\"potentialAction\":[{\"@type\":\"SearchAction\",\"target\":{\"@type\":\"EntryPoint\",\"urlTemplate\":\"https:\/\/strangercam.com\/?s={search_term_string}\"},\"query-input\":{\"@type\":\"PropertyValueSpecification\",\"valueRequired\":true,\"valueName\":\"search_term_string\"}}],\"inLanguage\":\"fr-FR\"},{\"@type\":\"Organization\",\"@id\":\"https:\/\/strangercam.com\/#organization\",\"name\":\"Strangercam\",\"alternateName\":\"Strangercam.com\",\"url\":\"https:\/\/strangercam.com\/\",\"logo\":{\"@type\":\"ImageObject\",\"inLanguage\":\"fr-FR\",\"@id\":\"https:\/\/strangercam.com\/#\/schema\/logo\/image\/\",\"url\":\"https:\/\/strangercam.com\/wp-content\/uploads\/2020\/11\/cropped-new-favicon-black.png\",\"contentUrl\":\"https:\/\/strangercam.com\/wp-content\/uploads\/2020\/11\/cropped-new-favicon-black.png\",\"width\":512,\"height\":512,\"caption\":\"Strangercam\"},\"image\":{\"@id\":\"https:\/\/strangercam.com\/#\/schema\/logo\/image\/\"},\"sameAs\":[\"https:\/\/www.facebook.com\/strangercam\",\"https:\/\/x.com\/strangercamapp\"]}]}<\/script>\n<!-- \/ Yoast SEO plugin. -->","yoast_head_json":{"title":"Shagle - Alternatives &amp; Critiques de sites de chat - StrangerCam","description":"D\u00e9couvrez les meilleurs sites de chat vid\u00e9o, avec des \u00e9valuations et des commentaires. Profitez des chats cam gratuits qui vous permettent de rencontrer de nouvelles personnes.","robots":{"index":"index","follow":"follow","max-snippet":"max-snippet:-1","max-image-preview":"max-image-preview:large","max-video-preview":"max-video-preview:-1"},"canonical":"https:\/\/strangercam.com\/fr\/shagle\/","og_locale":"fr_FR","og_type":"article","og_title":"Shagle - Alternatives & Reviews of Chat Sites - StrangerCam","og_description":"Discover the best Video Chat Sites, complete with ratings and reviews. Enjoy free cam chats that let you meet new people.","og_url":"https:\/\/strangercam.com\/fr\/shagle\/","og_site_name":"Strangercam","article_publisher":"https:\/\/www.facebook.com\/strangercam","article_modified_time":"2025-06-16T11:32:29+00:00","og_image":[{"width":800,"height":532,"url":"https:\/\/strangercam.com\/wp-content\/uploads\/2021\/10\/Untitled-2.png","type":"image\/png"}],"twitter_card":"summary_large_image","twitter_site":"@strangercamapp","twitter_misc":{"Dur\u00e9e de lecture estim\u00e9e":"5 minutes"},"schema":{"@context":"https:\/\/schema.org","@graph":[{"@type":"WebPage","@id":"https:\/\/strangercam.com\/shagle\/","url":"https:\/\/strangercam.com\/shagle\/","name":"Shagle - Alternatives &amp; Critiques de sites de chat - StrangerCam","isPartOf":{"@id":"https:\/\/strangercam.com\/#website"},"datePublished":"2024-09-30T12:05:14+00:00","dateModified":"2025-06-16T11:32:29+00:00","description":"D\u00e9couvrez les meilleurs sites de chat vid\u00e9o, avec des \u00e9valuations et des commentaires. Profitez des chats cam gratuits qui vous permettent de rencontrer de nouvelles personnes.","breadcrumb":{"@id":"https:\/\/strangercam.com\/shagle\/#breadcrumb"},"inLanguage":"fr-FR","potentialAction":[{"@type":"ReadAction","target":["https:\/\/strangercam.com\/shagle\/"]}]},{"@type":"BreadcrumbList","@id":"https:\/\/strangercam.com\/shagle\/#breadcrumb","itemListElement":[{"@type":"ListItem","position":1,"name":"Home","item":"https:\/\/strangercam.com\/"},{"@type":"ListItem","position":2,"name":"Shagle"}]},{"@type":"WebSite","@id":"https:\/\/strangercam.com\/#website","url":"https:\/\/strangercam.com\/","name":"Strangercam","description":"Chat vid\u00e9o al\u00e9atoire avec des inconnus","publisher":{"@id":"https:\/\/strangercam.com\/#organization"},"alternateName":"Strangercam.com","potentialAction":[{"@type":"SearchAction","target":{"@type":"EntryPoint","urlTemplate":"https:\/\/strangercam.com\/?s={search_term_string}"},"query-input":{"@type":"PropertyValueSpecification","valueRequired":true,"valueName":"search_term_string"}}],"inLanguage":"fr-FR"},{"@type":"Organization","@id":"https:\/\/strangercam.com\/#organization","name":"Strangercam","alternateName":"Strangercam.com","url":"https:\/\/strangercam.com\/","logo":{"@type":"ImageObject","inLanguage":"fr-FR","@id":"https:\/\/strangercam.com\/#\/schema\/logo\/image\/","url":"https:\/\/strangercam.com\/wp-content\/uploads\/2020\/11\/cropped-new-favicon-black.png","contentUrl":"https:\/\/strangercam.com\/wp-content\/uploads\/2020\/11\/cropped-new-favicon-black.png","width":512,"height":512,"caption":"Strangercam"},"image":{"@id":"https:\/\/strangercam.com\/#\/schema\/logo\/image\/"},"sameAs":["https:\/\/www.facebook.com\/strangercam","https:\/\/x.com\/strangercamapp"]}]}},"_links":{"self":[{"href":"https:\/\/strangercam.com\/fr\/wp-json\/wp\/v2\/pages\/12559","targetHints":{"allow":["GET"]}}],"collection":[{"href":"https:\/\/strangercam.com\/fr\/wp-json\/wp\/v2\/pages"}],"about":[{"href":"https:\/\/strangercam.com\/fr\/wp-json\/wp\/v2\/types\/page"}],"author":[{"embeddable":true,"href":"https:\/\/strangercam.com\/fr\/wp-json\/wp\/v2\/users\/7"}],"replies":[{"embeddable":true,"href":"https:\/\/strangercam.com\/fr\/wp-json\/wp\/v2\/comments?post=12559"}],"version-history":[{"count":1,"href":"https:\/\/strangercam.com\/fr\/wp-json\/wp\/v2\/pages\/12559\/revisions"}],"predecessor-version":[{"id":12870,"href":"https:\/\/strangercam.com\/fr\/wp-json\/wp\/v2\/pages\/12559\/revisions\/12870"}],"wp:attachment":[{"href":"https:\/\/strangercam.com\/fr\/wp-json\/wp\/v2\/media?parent=12559"}],"curies":[{"name":"wp","href":"https:\/\/api.w.org\/{rel}","templated":true}]}}