{"id":12414,"date":"2024-06-10T14:11:20","date_gmt":"2024-06-10T12:11:20","guid":{"rendered":"https:\/\/strangercam.com\/?page_id=12414"},"modified":"2024-06-10T14:11:59","modified_gmt":"2024-06-10T12:11:59","slug":"chatbychance","status":"publish","type":"page","link":"https:\/\/strangercam.com\/fr\/chatbychance\/","title":{"rendered":"ChatbyChance"},"content":{"rendered":"<p data-pm-slice=\"1 1 []\">Vous cherchez un moyen passionnant de rencontrer de nouvelles personnes en ligne ? Plongez dans le monde de ChatbyChance, o\u00f9 chaque conversation est une surprise qui ne demande qu'\u00e0 se produire. Semblable \u00e0 d'autres vid\u00e9os al\u00e9atoires <a href=\"https:\/\/strangercam.com\/fr\/chatroulette\/\">chat<\/a> comme Strangercam et Chatrandom, ChatbyChance offre une exp\u00e9rience passionnante \u00e0 ceux qui recherchent des interactions spontan\u00e9es.<\/p>\n<p>Chez ChatbyChance, nous croyons \u00e0 l'excitation des connexions inattendues et \u00e0 la joie de rencontrer des \u00e9trangers du monde entier. Que vous cherchiez \u00e0 vous faire de nouveaux amis, \u00e0 avoir des conversations int\u00e9ressantes ou simplement \u00e0 passer le temps en discutant au hasard, ChatbyChance est votre porte d'entr\u00e9e vers des possibilit\u00e9s infinies.<\/p>\n<p>Joinous allons explorer le monde dynamique de ChatbyChance, o\u00f9 chaque clic vous fait vivre une nouvelle aventure. Pr\u00e9parez-vous \u00e0 vivre l'excitation des chats vid\u00e9o al\u00e9atoires comme jamais auparavant.<\/p>\n<h2 id=\"overview-of-chatbychance\">Aper\u00e7u de ChatbyChance<\/h2>\n<h3 id=\"what-is-chatbychance\">Qu'est-ce que ChatbyChance ?<\/h3>\n<p>ChatbyChance fait partie des plateformes populaires telles que StrangerCam, Chatrandom, EmeraldChat, et d'autres, offrant <a href=\"https:\/\/strangercam.com\/fr\/chathub\/\">chat vid\u00e9o al\u00e9atoire<\/a> services. Les utilisateurs peuvent entrer en contact avec des inconnus du monde entier par le biais de chats vid\u00e9o, cr\u00e9ant ainsi un espace d'interactions spontan\u00e9es et permettant de se faire de nouveaux amis. Le principe de la plateforme repose sur l'excitation de rencontrer de nouvelles personnes en ligne d'une mani\u00e8re impr\u00e9visible et exaltante.<\/p>\n<h3 id=\"key-features-and-functionalities\">Principales caract\u00e9ristiques et fonctionnalit\u00e9s<\/h3>\n<p>Comme d'autres sites de chat vid\u00e9o al\u00e9atoire, ChatbyChance offre aux utilisateurs les caract\u00e9ristiques et fonctionnalit\u00e9s cl\u00e9s suivantes :<\/p>\n<ul class=\"list-disc list-outside leading-3 -mt-2 tight\" data-tight=\"true\">\n<li class=\"leading-normal -mb-2\">Connexions instantan\u00e9es avec des inconnus pour des discussions vid\u00e9o al\u00e9atoires.<\/li>\n<li class=\"leading-normal -mb-2\">L'anonymat pour interagir avec les autres sans r\u00e9v\u00e9ler d'informations personnelles.<\/li>\n<li class=\"leading-normal -mb-2\">Une port\u00e9e mondiale, qui permet aux utilisateurs d'entrer en contact avec des personnes de diff\u00e9rents pays.<\/li>\n<li class=\"leading-normal -mb-2\">Interface conviviale pour une exp\u00e9rience de chat transparente.<\/li>\n<li class=\"leading-normal -mb-2\">Options de filtrage des connexions en fonction de pr\u00e9f\u00e9rences telles que le sexe ou la localisation.<\/li>\n<li class=\"leading-normal -mb-2\">L'appariement al\u00e9atoire permet d'exp\u00e9rimenter une vari\u00e9t\u00e9 d'interactions avec diff\u00e9rents utilisateurs.<\/li>\n<\/ul>\n<p>ChatbyChance, comme ses homologues, s'adresse aux personnes \u00e0 la recherche d'exp\u00e9riences in\u00e9dites et d\u00e9sireuses d'entrer en contact avec diverses personnes en ligne par le biais de chats vid\u00e9o spontan\u00e9s.<\/p>\n<h2 id=\"user-experience-on-chatbychance\">Exp\u00e9rience des utilisateurs sur ChatbyChance<\/h2>\n<h3 id=\"user-interface-and-design\">Interface utilisateur et conception<\/h3>\n<p>En ce qui concerne l'interface utilisateur et la conception de ChatbyChance, elle pr\u00e9sente des similitudes avec d'autres plateformes de chat vid\u00e9o al\u00e9atoire populaires telles que StrangerCam, Chatrandom et <a href=\"https:\/\/strangercam.com\/fr\/emerald-chat\/\">\u00c9meraude<\/a> Chat. La pr\u00e9sentation est g\u00e9n\u00e9ralement intuitive et directe, ce qui permet aux utilisateurs de naviguer facilement sur le site web et d'entamer sans effort des chats vid\u00e9o al\u00e9atoires avec des inconnus. La conception est souvent ax\u00e9e sur la simplicit\u00e9, afin que les utilisateurs puissent comprendre rapidement comment d\u00e9marrer ou terminer une session de chat, ajuster les param\u00e8tres ou utiliser d'autres fonctions offertes par la plateforme.<\/p>\n<h3 id=\"real-user-reviews-and-feedback\">Commentaires et retours d'exp\u00e9rience d'utilisateurs r\u00e9els<\/h3>\n<p>Les avis et commentaires d'utilisateurs r\u00e9els jouent un r\u00f4le important dans la perception de plateformes telles que ChatbyChance au sein de la communaut\u00e9 en ligne. \u00c0 l'instar d'autres sites de chat vid\u00e9o al\u00e9atoire, ChatbyChance re\u00e7oit un large \u00e9ventail d'avis d'utilisateurs du monde entier. Certains utilisateurs soulignent l'excitation de rencontrer de nouvelles personnes et d'avoir des conversations int\u00e9ressantes, en mettant l'accent sur la spontan\u00e9it\u00e9 et l'excitation de la plateforme. D'autres mentionnent des aspects tels que la qualit\u00e9 de la connexion, la vari\u00e9t\u00e9 des personnes rencontr\u00e9es ou l'exp\u00e9rience globale de l'utilisateur.<\/p>\n<p>Dans l'ensemble, les avis et commentaires des utilisateurs r\u00e9els fournissent des informations pr\u00e9cieuses sur les points forts et les domaines d'am\u00e9lioration de ChatbyChance, aidant ainsi les utilisateurs potentiels \u00e0 prendre des d\u00e9cisions \u00e9clair\u00e9es quant \u00e0 l'utilisation de la plateforme pour leurs besoins en mati\u00e8re de chat vid\u00e9o al\u00e9atoire.<\/p>\n<h2 id=\"safety-and-security-measures\">Mesures de s\u00fbret\u00e9 et de s\u00e9curit\u00e9<\/h2>\n<h3 id=\"privacy-concerns-and-user-safety\">Pr\u00e9occupations en mati\u00e8re de protection de la vie priv\u00e9e et de s\u00e9curit\u00e9 des utilisateurs<\/h3>\n<p>Lorsqu'il s'agit de sites de chat vid\u00e9o al\u00e9atoire comme ChatbyChance, le maintien de la confidentialit\u00e9 et de la s\u00e9curit\u00e9 des utilisateurs est primordial. Ces plateformes, dont StrangerCam et Chatrandom, privil\u00e9gient la cr\u00e9ation d'un environnement s\u00e9curis\u00e9 pour permettre \u00e0 leurs utilisateurs de s'engager dans des connexions en ligne spontan\u00e9es.<\/p>\n<p>La s\u00e9curit\u00e9 des utilisateurs est assur\u00e9e par diverses mesures telles que la surveillance des chats, les syst\u00e8mes de signalement des comportements inappropri\u00e9s et les lignes directrices de la communaut\u00e9 que les utilisateurs sont cens\u00e9s respecter scrupuleusement. Ces plateformes encouragent les utilisateurs \u00e0 signaler tout comportement suspect ou abusif, ce qui permet de prendre rapidement des mesures pour r\u00e9pondre aux pr\u00e9occupations et maintenir une exp\u00e9rience utilisateur positive.<\/p>\n<h3 id=\"data-protection-policies\">Politiques de protection des donn\u00e9es<\/h3>\n<p>Les sites de chat vid\u00e9o al\u00e9atoires ont mis en place de solides politiques de protection des donn\u00e9es afin de sauvegarder les informations des utilisateurs. Des plateformes comme ChatbyChance, StrangerCam et Chatrandom mettent en \u0153uvre des protocoles de cryptage pour s\u00e9curiser la transmission des donn\u00e9es pendant les chats vid\u00e9o. En outre, elles appliquent des politiques strictes en mati\u00e8re de collecte, de stockage et de partage des donn\u00e9es des utilisateurs afin de prot\u00e9ger leur vie priv\u00e9e.<\/p>\n<p>En adh\u00e9rant \u00e0 des r\u00e9glementations strictes en mati\u00e8re de protection des donn\u00e9es et en mettant r\u00e9guli\u00e8rement \u00e0 jour leurs mesures de s\u00e9curit\u00e9, ces plateformes garantissent la confidentialit\u00e9 et la s\u00e9curit\u00e9 des informations des utilisateurs. Les utilisateurs peuvent participer \u00e0 des chats vid\u00e9o al\u00e9atoires en toute s\u00e9r\u00e9nit\u00e9, sachant que leurs donn\u00e9es sont prot\u00e9g\u00e9es et que leur vie priv\u00e9e est respect\u00e9e.<\/p>\n<h2 id=\"comparing-chatbychance-to-other-chat-platforms\">Comparaison entre ChatbyChance et d'autres plateformes de chat<\/h2>\n<h3 id=\"unique-selling-propositions\">Propositions uniques de vente<\/h3>\n<p>En comparant ChatbyChance \u00e0 d'autres plateformes de chat comme StrangerCam, Chatrandom et EmeraldChat, nous constatons qu'elles offrent toutes des fonctionnalit\u00e9s similaires \u00e0 celles des sites de chat vid\u00e9o al\u00e9atoire. Ces plateformes offrent aux utilisateurs la possibilit\u00e9 de <a href=\"https:\/\/strangercam.com\/fr\/coomeet\/\">rencontrer<\/a> des inconnus du monde entier par le biais de conversations vid\u00e9o spontan\u00e9es. L'int\u00e9r\u00eat r\u00e9side dans le caract\u00e8re impr\u00e9visible de ces rencontres et dans la possibilit\u00e9 de nouer de nouvelles relations en ligne.<\/p>\n<h3 id=\"limitations-and-drawbacks\">Limites et inconv\u00e9nients<\/h3>\n<p>Si ChatbyChance pr\u00e9sente des similitudes avec d'autres plateformes de chat vid\u00e9o al\u00e9atoire, elle est \u00e9galement confront\u00e9e aux limites et aux inconv\u00e9nients inh\u00e9rents \u00e0 ce type de service. L'un des principaux inconv\u00e9nients est le manque de contr\u00f4le sur les personnes que les utilisateurs peuvent rencontrer au cours de leurs chats vid\u00e9o al\u00e9atoires, ce qui peut parfois conduire \u00e0 des interactions d\u00e9sagr\u00e9ables ou \u00e0 des rencontres avec des contenus inappropri\u00e9s. En outre, l'anonymat offert par ces plateformes peut pr\u00e9senter des risques pour la s\u00e9curit\u00e9 et la vie priv\u00e9e des utilisateurs, qui ne connaissent pas toujours la v\u00e9ritable identit\u00e9 des personnes avec lesquelles ils discutent.<\/p>\n<p>Ces limites soulignent la n\u00e9cessit\u00e9 pour les utilisateurs de faire preuve de prudence et de discr\u00e9tion lorsqu'ils s'engagent dans des discussions vid\u00e9o al\u00e9atoires sur des plateformes telles que ChatbyChance. Il est essentiel d'\u00eatre conscient des risques potentiels li\u00e9s \u00e0 l'interaction avec des inconnus en ligne et de donner la priorit\u00e9 \u00e0 la s\u00e9curit\u00e9 personnelle et \u00e0 la protection de la vie priv\u00e9e lors de l'utilisation de ces services.<\/p>\n<h2 id=\"conclusion\">Conclusion<\/h2>\n<p>Dans un monde o\u00f9 les connexions sont plus importantes que jamais, des plateformes comme ChatbyChance permettent des interactions spontan\u00e9es. Nous avons explor\u00e9 les caract\u00e9ristiques uniques et les exp\u00e9riences des utilisateurs qui distinguent ChatbyChance de ses homologues. Bien que l'attrait des rencontres dans le monde entier soit ind\u00e9niable, il est essentiel de naviguer sur ces plateformes avec prudence. Comme nous l'avons vu, la s\u00e9curit\u00e9 des utilisateurs et la protection de la vie priv\u00e9e restent des consid\u00e9rations essentielles dans le domaine des chats vid\u00e9o al\u00e9atoires. En conciliant l'excitation des rencontres inattendues et une approche prudente de la s\u00e9curit\u00e9 personnelle, les utilisateurs peuvent tirer le meilleur parti de ce que ChatbyChance et d'autres plateformes similaires ont \u00e0 offrir. Profitez de l'excitation de l'inconnu, mais donnez toujours la priorit\u00e9 \u00e0 votre bien-\u00eatre dans le paysage num\u00e9rique des connexions fortuites.<\/p>\n<h2 id=\"frequently-asked-questions\">Questions fr\u00e9quemment pos\u00e9es<\/h2>\n<h3 id=\"what-is-chatbychance\">Qu'est-ce que ChatbyChance ?<\/h3>\n<p>ChatbyChance est une plate-forme de connexions spontan\u00e9es en ligne par le biais de chats vid\u00e9o al\u00e9atoires. Elle permet aux utilisateurs de rencontrer de nouvelles personnes instantan\u00e9ment et anonymement.<\/p>\n<h3 id=\"how-does-chatbychance-differ-from-other-platforms-like-strangercam-and-chatrandom\">En quoi ChatbyChance diff\u00e8re-t-il d'autres plateformes telles que StrangerCam et Chatrandom ?<\/h3>\n<p>ChatbyChance se distingue par l'importance qu'il accorde aux connexions instantan\u00e9es, \u00e0 la port\u00e9e mondiale, \u00e0 l'anonymat et \u00e0 l'interface conviviale. Il offre une exp\u00e9rience passionnante de rencontres rapides avec des inconnus.<\/p>\n<h3 id=\"what-do-user-reviews-say-about-chatbychance\">Que disent les utilisateurs de ChatbyChance ?<\/h3>\n<p>Les commentaires des utilisateurs soulignent l'excitation de rencontrer de nouvelles personnes sur ChatbyChance. Les utilisateurs r\u00e9els de la plateforme fa\u00e7onnent sa perception, partageant l'excitation des connexions spontan\u00e9es.<\/p>\n<h3 id=\"what-are-the-pros-and-cons-of-using-platforms-like-chatbychance\">Quels sont les avantages et les inconv\u00e9nients de l'utilisation de plateformes telles que ChatbyChance ?<\/h3>\n<p>Si les plateformes telles que ChatbyChance offrent des possibilit\u00e9s int\u00e9ressantes de rencontrer des \u00e9trangers dans le monde entier, elles ne permettent pas de contr\u00f4ler les rencontres. Les utilisateurs doivent donner la priorit\u00e9 \u00e0 la s\u00e9curit\u00e9 personnelle et \u00e0 la protection de la vie priv\u00e9e.<\/p>","protected":false},"excerpt":{"rendered":"<p>Looking for an exciting way to connect with new people online? Dive into the world of ChatbyChance, where every conversation is a surprise waiting to happen. Similar to other random video chat platforms like Strangercam and Chatrandom, ChatbyChance offers a thrilling experience for those seeking spontaneous interactions. At ChatbyChance, we believe in the thrill of [&hellip;]<\/p>\n","protected":false},"author":6,"featured_media":12415,"parent":0,"menu_order":0,"comment_status":"closed","ping_status":"closed","template":"","meta":{"footnotes":""},"class_list":["post-12414","page","type-page","status-publish","has-post-thumbnail","hentry"],"yoast_head":"<!-- This site is optimized with the Yoast SEO plugin v26.9 - https:\/\/yoast.com\/product\/yoast-seo-wordpress\/ -->\n<title>ChatbyChance Random Video Chat - StrangerCam.com<\/title>\n<meta name=\"description\" content=\"Like ChatbyChance? Come chat with more than 5.000.000 strangers on Stranger Cam for Free! Turn on your cam and find new friends &amp; maby a match!\" \/>\n<meta name=\"robots\" content=\"index, follow, max-snippet:-1, max-image-preview:large, max-video-preview:-1\" \/>\n<link rel=\"canonical\" href=\"https:\/\/strangercam.com\/fr\/chatbychance\/\" \/>\n<meta property=\"og:locale\" content=\"fr_FR\" \/>\n<meta property=\"og:type\" content=\"article\" \/>\n<meta property=\"og:title\" content=\"ChatbyChance Random Video Chat - StrangerCam.com\" \/>\n<meta property=\"og:description\" content=\"Like ChatbyChance? Come chat with more than 5.000.000 strangers on Stranger Cam for Free! Turn on your cam and find new friends &amp; maby a match!\" \/>\n<meta property=\"og:url\" content=\"https:\/\/strangercam.com\/fr\/chatbychance\/\" \/>\n<meta property=\"og:site_name\" content=\"Strangercam\" \/>\n<meta property=\"article:publisher\" content=\"https:\/\/www.facebook.com\/strangercam\" \/>\n<meta property=\"article:modified_time\" content=\"2024-06-10T12:11:59+00:00\" \/>\n<meta property=\"og:image\" content=\"https:\/\/strangercam.com\/wp-content\/uploads\/2021\/10\/Untitled-2.png\" \/>\n\t<meta property=\"og:image:width\" content=\"800\" \/>\n\t<meta property=\"og:image:height\" content=\"532\" \/>\n\t<meta property=\"og:image:type\" content=\"image\/png\" \/>\n<meta name=\"twitter:card\" content=\"summary_large_image\" \/>\n<meta name=\"twitter:site\" content=\"@strangercamapp\" \/>\n<meta name=\"twitter:label1\" content=\"Dur\u00e9e de lecture estim\u00e9e\" \/>\n\t<meta name=\"twitter:data1\" content=\"1 minute\" \/>\n<script type=\"application\/ld+json\" class=\"yoast-schema-graph\">{\"@context\":\"https:\/\/schema.org\",\"@graph\":[{\"@type\":\"WebPage\",\"@id\":\"https:\/\/strangercam.com\/chatbychance\/\",\"url\":\"https:\/\/strangercam.com\/chatbychance\/\",\"name\":\"ChatbyChance Random Video Chat - StrangerCam.com\",\"isPartOf\":{\"@id\":\"https:\/\/strangercam.com\/#website\"},\"primaryImageOfPage\":{\"@id\":\"https:\/\/strangercam.com\/chatbychance\/#primaryimage\"},\"image\":{\"@id\":\"https:\/\/strangercam.com\/chatbychance\/#primaryimage\"},\"thumbnailUrl\":\"https:\/\/strangercam.com\/wp-content\/uploads\/2024\/06\/ChatbyChance.avif\",\"datePublished\":\"2024-06-10T12:11:20+00:00\",\"dateModified\":\"2024-06-10T12:11:59+00:00\",\"description\":\"Like ChatbyChance? Come chat with more than 5.000.000 strangers on Stranger Cam for Free! Turn on your cam and find new friends & maby a match!\",\"breadcrumb\":{\"@id\":\"https:\/\/strangercam.com\/chatbychance\/#breadcrumb\"},\"inLanguage\":\"fr-FR\",\"potentialAction\":[{\"@type\":\"ReadAction\",\"target\":[\"https:\/\/strangercam.com\/chatbychance\/\"]}]},{\"@type\":\"ImageObject\",\"inLanguage\":\"fr-FR\",\"@id\":\"https:\/\/strangercam.com\/chatbychance\/#primaryimage\",\"url\":\"https:\/\/strangercam.com\/wp-content\/uploads\/2024\/06\/ChatbyChance.avif\",\"contentUrl\":\"https:\/\/strangercam.com\/wp-content\/uploads\/2024\/06\/ChatbyChance.avif\",\"width\":1876,\"height\":878},{\"@type\":\"BreadcrumbList\",\"@id\":\"https:\/\/strangercam.com\/chatbychance\/#breadcrumb\",\"itemListElement\":[{\"@type\":\"ListItem\",\"position\":1,\"name\":\"Home\",\"item\":\"https:\/\/strangercam.com\/\"},{\"@type\":\"ListItem\",\"position\":2,\"name\":\"ChatbyChance\"}]},{\"@type\":\"WebSite\",\"@id\":\"https:\/\/strangercam.com\/#website\",\"url\":\"https:\/\/strangercam.com\/\",\"name\":\"Strangercam\",\"description\":\"Random Video Chat with Strangers\",\"publisher\":{\"@id\":\"https:\/\/strangercam.com\/#organization\"},\"alternateName\":\"Strangercam.com\",\"potentialAction\":[{\"@type\":\"SearchAction\",\"target\":{\"@type\":\"EntryPoint\",\"urlTemplate\":\"https:\/\/strangercam.com\/?s={search_term_string}\"},\"query-input\":{\"@type\":\"PropertyValueSpecification\",\"valueRequired\":true,\"valueName\":\"search_term_string\"}}],\"inLanguage\":\"fr-FR\"},{\"@type\":\"Organization\",\"@id\":\"https:\/\/strangercam.com\/#organization\",\"name\":\"Strangercam\",\"alternateName\":\"Strangercam.com\",\"url\":\"https:\/\/strangercam.com\/\",\"logo\":{\"@type\":\"ImageObject\",\"inLanguage\":\"fr-FR\",\"@id\":\"https:\/\/strangercam.com\/#\/schema\/logo\/image\/\",\"url\":\"https:\/\/strangercam.com\/wp-content\/uploads\/2020\/11\/cropped-new-favicon-black.png\",\"contentUrl\":\"https:\/\/strangercam.com\/wp-content\/uploads\/2020\/11\/cropped-new-favicon-black.png\",\"width\":512,\"height\":512,\"caption\":\"Strangercam\"},\"image\":{\"@id\":\"https:\/\/strangercam.com\/#\/schema\/logo\/image\/\"},\"sameAs\":[\"https:\/\/www.facebook.com\/strangercam\",\"https:\/\/x.com\/strangercamapp\"]}]}<\/script>\n<!-- \/ Yoast SEO plugin. -->","yoast_head_json":{"title":"ChatbyChance Chat vid\u00e9o al\u00e9atoire - StrangerCam.com","description":"Vous aimez ChatbyChance ? Venez discuter avec plus de 5.000.000 d'inconnus sur Stranger Cam gratuitement ! Allume ta cam\u00e9ra et trouve de nouveaux amis et peut-\u00eatre un partenaire !","robots":{"index":"index","follow":"follow","max-snippet":"max-snippet:-1","max-image-preview":"max-image-preview:large","max-video-preview":"max-video-preview:-1"},"canonical":"https:\/\/strangercam.com\/fr\/chatbychance\/","og_locale":"fr_FR","og_type":"article","og_title":"ChatbyChance Random Video Chat - StrangerCam.com","og_description":"Like ChatbyChance? Come chat with more than 5.000.000 strangers on Stranger Cam for Free! Turn on your cam and find new friends & maby a match!","og_url":"https:\/\/strangercam.com\/fr\/chatbychance\/","og_site_name":"Strangercam","article_publisher":"https:\/\/www.facebook.com\/strangercam","article_modified_time":"2024-06-10T12:11:59+00:00","og_image":[{"width":800,"height":532,"url":"https:\/\/strangercam.com\/wp-content\/uploads\/2021\/10\/Untitled-2.png","type":"image\/png"}],"twitter_card":"summary_large_image","twitter_site":"@strangercamapp","twitter_misc":{"Dur\u00e9e de lecture estim\u00e9e":"1 minute"},"schema":{"@context":"https:\/\/schema.org","@graph":[{"@type":"WebPage","@id":"https:\/\/strangercam.com\/chatbychance\/","url":"https:\/\/strangercam.com\/chatbychance\/","name":"ChatbyChance Chat vid\u00e9o al\u00e9atoire - StrangerCam.com","isPartOf":{"@id":"https:\/\/strangercam.com\/#website"},"primaryImageOfPage":{"@id":"https:\/\/strangercam.com\/chatbychance\/#primaryimage"},"image":{"@id":"https:\/\/strangercam.com\/chatbychance\/#primaryimage"},"thumbnailUrl":"https:\/\/strangercam.com\/wp-content\/uploads\/2024\/06\/ChatbyChance.avif","datePublished":"2024-06-10T12:11:20+00:00","dateModified":"2024-06-10T12:11:59+00:00","description":"Vous aimez ChatbyChance ? Venez discuter avec plus de 5.000.000 d'inconnus sur Stranger Cam gratuitement ! Allume ta cam\u00e9ra et trouve de nouveaux amis et peut-\u00eatre un partenaire !","breadcrumb":{"@id":"https:\/\/strangercam.com\/chatbychance\/#breadcrumb"},"inLanguage":"fr-FR","potentialAction":[{"@type":"ReadAction","target":["https:\/\/strangercam.com\/chatbychance\/"]}]},{"@type":"ImageObject","inLanguage":"fr-FR","@id":"https:\/\/strangercam.com\/chatbychance\/#primaryimage","url":"https:\/\/strangercam.com\/wp-content\/uploads\/2024\/06\/ChatbyChance.avif","contentUrl":"https:\/\/strangercam.com\/wp-content\/uploads\/2024\/06\/ChatbyChance.avif","width":1876,"height":878},{"@type":"BreadcrumbList","@id":"https:\/\/strangercam.com\/chatbychance\/#breadcrumb","itemListElement":[{"@type":"ListItem","position":1,"name":"Home","item":"https:\/\/strangercam.com\/"},{"@type":"ListItem","position":2,"name":"ChatbyChance"}]},{"@type":"WebSite","@id":"https:\/\/strangercam.com\/#website","url":"https:\/\/strangercam.com\/","name":"Strangercam","description":"Chat vid\u00e9o al\u00e9atoire avec des inconnus","publisher":{"@id":"https:\/\/strangercam.com\/#organization"},"alternateName":"Strangercam.com","potentialAction":[{"@type":"SearchAction","target":{"@type":"EntryPoint","urlTemplate":"https:\/\/strangercam.com\/?s={search_term_string}"},"query-input":{"@type":"PropertyValueSpecification","valueRequired":true,"valueName":"search_term_string"}}],"inLanguage":"fr-FR"},{"@type":"Organization","@id":"https:\/\/strangercam.com\/#organization","name":"Strangercam","alternateName":"Strangercam.com","url":"https:\/\/strangercam.com\/","logo":{"@type":"ImageObject","inLanguage":"fr-FR","@id":"https:\/\/strangercam.com\/#\/schema\/logo\/image\/","url":"https:\/\/strangercam.com\/wp-content\/uploads\/2020\/11\/cropped-new-favicon-black.png","contentUrl":"https:\/\/strangercam.com\/wp-content\/uploads\/2020\/11\/cropped-new-favicon-black.png","width":512,"height":512,"caption":"Strangercam"},"image":{"@id":"https:\/\/strangercam.com\/#\/schema\/logo\/image\/"},"sameAs":["https:\/\/www.facebook.com\/strangercam","https:\/\/x.com\/strangercamapp"]}]}},"_links":{"self":[{"href":"https:\/\/strangercam.com\/fr\/wp-json\/wp\/v2\/pages\/12414","targetHints":{"allow":["GET"]}}],"collection":[{"href":"https:\/\/strangercam.com\/fr\/wp-json\/wp\/v2\/pages"}],"about":[{"href":"https:\/\/strangercam.com\/fr\/wp-json\/wp\/v2\/types\/page"}],"author":[{"embeddable":true,"href":"https:\/\/strangercam.com\/fr\/wp-json\/wp\/v2\/users\/6"}],"replies":[{"embeddable":true,"href":"https:\/\/strangercam.com\/fr\/wp-json\/wp\/v2\/comments?post=12414"}],"version-history":[{"count":0,"href":"https:\/\/strangercam.com\/fr\/wp-json\/wp\/v2\/pages\/12414\/revisions"}],"wp:featuredmedia":[{"embeddable":true,"href":"https:\/\/strangercam.com\/fr\/wp-json\/wp\/v2\/media\/12415"}],"wp:attachment":[{"href":"https:\/\/strangercam.com\/fr\/wp-json\/wp\/v2\/media?parent=12414"}],"curies":[{"name":"wp","href":"https:\/\/api.w.org\/{rel}","templated":true}]}}