{"id":12254,"date":"2025-09-29T10:09:11","date_gmt":"2025-09-29T08:09:11","guid":{"rendered":"https:\/\/strangercam.com\/?page_id=12254"},"modified":"2025-09-29T12:07:57","modified_gmt":"2025-09-29T10:07:57","slug":"appel-video-aleatoire-americain","status":"publish","type":"page","link":"https:\/\/strangercam.com\/fr\/appel-video-aleatoire-americain\/","title":{"rendered":"Appel vid\u00e9o al\u00e9atoire am\u00e9ricain"},"content":{"rendered":"<p>Vous cherchez une plateforme d'appel vid\u00e9o al\u00e9atoire am\u00e9ricaine ? Vous \u00eates au bon endroit. En 2025, des milliers de personnes cherchent des moyens de se connecter instantan\u00e9ment avec des inconnus aux \u00c9tats-Unis, que ce soit pour se faire de nouveaux amis, avoir des conversations d\u00e9contract\u00e9es ou simplement explorer la culture am\u00e9ricaine en ligne. Contrairement aux applications de rencontres traditionnelles ou aux r\u00e9seaux sociaux, les plateformes d'appels vid\u00e9o al\u00e9atoires vous permettent de rencontrer de vraies personnes en face \u00e0 face en quelques secondes seulement.<\/p>\n<p>Gr\u00e2ce \u00e0 des services tels que StrangerCam, vous pouvez d\u00e8s \u00e0 pr\u00e9sent participer \u00e0 un appel vid\u00e9o am\u00e9ricain al\u00e9atoire. Pas d'inscription, pas de frais, pas d'attente - juste des conversations vid\u00e9o instantan\u00e9es avec des personnes \u00e0 travers les \u00c9tats-Unis et au-del\u00e0.<\/p>\n<p>Ce guide vous expliquera tout ce que vous devez savoir : ce que sont les appels vid\u00e9o al\u00e9atoires am\u00e9ricains, pourquoi ils sont populaires, comment ils fonctionnent, quelles sont les fonctionnalit\u00e9s \u00e0 rechercher, une comparaison des meilleures plateformes, des conseils de s\u00e9curit\u00e9, et pourquoi StrangerCam est l'un des meilleurs choix aujourd'hui.<\/p>\n<h2>Qu'est-ce qu'un appel vid\u00e9o al\u00e9atoire am\u00e9ricain ?<\/h2>\n<p>Un appel vid\u00e9o al\u00e9atoire am\u00e9ricain est un appel vid\u00e9o en ligne individuel. <a href=\"https:\/\/strangercam.com\/fr\/chathub\/\">chat<\/a> qui vous met en contact avec des inconnus aux \u00c9tats-Unis. L'exp\u00e9rience est simple :<\/p>\n<ul>\n<li>Vous cliquez sur un bouton.<\/li>\n<li>Vous \u00eates instantan\u00e9ment mis en relation avec quelqu'un de nouveau aux \u00c9tats-Unis.<\/li>\n<li>Vous pouvez parler en face \u00e0 face en utilisant votre webcam et votre microphone.<\/li>\n<li>Vous n'aimez pas la correspondance ? Il vous suffit de cliquer sur Suivant pour passer \u00e0 autre chose.<\/li>\n<\/ul>\n<p>Contrairement aux applications de rencontres, il n'y a pas d'attente pour les correspondances ni de longues biographies \u00e0 r\u00e9diger. C'est direct, amusant et impr\u00e9visible.<\/p>\n<h2>Pourquoi les gens aiment les appels vid\u00e9o al\u00e9atoires am\u00e9ricains<\/h2>\n<p>L'int\u00e9r\u00eat d'entrer en contact avec des \u00e9trangers aux \u00c9tats-Unis est \u00e9vident :<\/p>\n<ul>\n<li>Curiosit\u00e9 culturelle : Rencontrez des Am\u00e9ricains d'\u00c9tats, d'origines et de modes de vie diff\u00e9rents.<\/li>\n<li>Pratiquer l'anglais : De nombreux utilisateurs internationaux utilisent les appels vid\u00e9o al\u00e9atoires am\u00e9ricains pour am\u00e9liorer leurs comp\u00e9tences linguistiques.<\/li>\n<li>Amiti\u00e9 et flirt : Que vous souhaitiez une conversation d\u00e9contract\u00e9e ou un flirt ludique, le chat al\u00e9atoire est parfait.<\/li>\n<li>Spontan\u00e9it\u00e9 : chaque appel est diff\u00e9rent - vous ne savez jamais qui vous rencontrerez ensuite.<\/li>\n<li>Accessibilit\u00e9 : Il est gratuit, instantan\u00e9 et ne n\u00e9cessite aucune inscription.<\/li>\n<\/ul>\n<h2>Comment fonctionne l'appel vid\u00e9o al\u00e9atoire am\u00e9ricain ?<\/h2>\n<p>Il suffit de quelques \u00e9tapes :<\/p>\n<ol>\n<li>Ouvrez la plate-forme (comme StrangerCam).<\/li>\n<li>Autoriser l'acc\u00e8s \u00e0 la cam\u00e9ra et au microphone.<\/li>\n<li>Cliquez sur \"D\u00e9marrer l'appel vid\u00e9o\".<\/li>\n<li>Vous serez instantan\u00e9ment mis en relation avec un \u00e9tranger en Am\u00e9rique.<\/li>\n<li>Cliquez sur \"Suivant\" \u00e0 tout moment pour rencontrer quelqu'un de nouveau.<\/li>\n<\/ol>\n<p>C'est tout : rapide, facile et toujours gratuit.<\/p>\n<h2>Caract\u00e9ristiques \u00e0 rechercher dans une plateforme d'appel vid\u00e9o am\u00e9ricaine al\u00e9atoire<\/h2>\n<p>Toutes les plateformes n'offrent pas la m\u00eame exp\u00e9rience. Voici ce qui compte le plus :<\/p>\n<ul>\n<li>Filtres de localisation : Possibilit\u00e9 de correspondre sp\u00e9cifiquement avec des utilisateurs aux \u00c9tats-Unis.<\/li>\n<li>Acc\u00e8s gratuit : Utilisation illimit\u00e9e, sans mur d'entr\u00e9e cach\u00e9.<\/li>\n<li>Pas d'inscription : Chat instantan\u00e9 sans compte.<\/li>\n<li>Adapt\u00e9 aux mobiles : fonctionne sans probl\u00e8me sur iOS et Android.<\/li>\n<li>Mod\u00e9ration s\u00fbre : Protection contre les robots et les contenus inappropri\u00e9s.<\/li>\n<li>Qualit\u00e9 vid\u00e9o : Une vid\u00e9o et un son clairs pour des connexions r\u00e9elles.<\/li>\n<\/ul>\n<h2>Meilleures plateformes am\u00e9ricaines d'appel vid\u00e9o au hasard en 2025<\/h2>\n<p>Voici comment se comparent les services les plus populaires aujourd'hui :<\/p>\n<table>\n<thead>\n<tr>\n<th>Plate-forme<\/th>\n<th align=\"center\">Acc\u00e8s gratuit<\/th>\n<th align=\"center\">Filtre de localisation pour les \u00c9tats-Unis<\/th>\n<th align=\"center\">Inscription n\u00e9cessaire<\/th>\n<th align=\"center\">Support mobile<\/th>\n<th align=\"center\">La mod\u00e9ration<\/th>\n<th>Notes<\/th>\n<\/tr>\n<\/thead>\n<tbody>\n<tr>\n<td>StrangerCam<\/td>\n<td align=\"center\">\u2705<\/td>\n<td align=\"center\">\u2705 (Gratuit)<\/td>\n<td align=\"center\">\u274c<\/td>\n<td align=\"center\">\u2705<\/td>\n<td align=\"center\">\u2705<\/td>\n<td>Meilleure solution globale : gratuite, ax\u00e9e sur les \u00c9tats-Unis<\/td>\n<\/tr>\n<tr>\n<td><a href=\"https:\/\/strangercam.com\/fr\/chatroulette\/\">Chatroulette<\/a><\/td>\n<td align=\"center\">\u2705<\/td>\n<td align=\"center\">\u274c<\/td>\n<td align=\"center\">\u274c<\/td>\n<td align=\"center\">\u2705<\/td>\n<td align=\"center\">\u2705<\/td>\n<td>Classique, al\u00e9atoire uniquement<\/td>\n<\/tr>\n<tr>\n<td>Chatrandom<\/td>\n<td align=\"center\">\u2705<\/td>\n<td align=\"center\">\u2705 (Pay\u00e9)<\/td>\n<td align=\"center\">\u274c<\/td>\n<td align=\"center\">\u2705<\/td>\n<td align=\"center\">\u2705<\/td>\n<td>Populaire, mais les mises \u00e0 niveau co\u00fbtent cher<\/td>\n<\/tr>\n<tr>\n<td><a href=\"https:\/\/strangercam.com\/fr\/ometv\/\">OmeTV<\/a><\/td>\n<td align=\"center\">\u2705<\/td>\n<td align=\"center\">\u274c<\/td>\n<td align=\"center\">\u274c<\/td>\n<td align=\"center\">\u2705<\/td>\n<td align=\"center\">\u2705<\/td>\n<td>Bas\u00e9 sur des applications, \u00e0 l'\u00e9chelle mondiale<\/td>\n<\/tr>\n<tr>\n<td>Shagle<\/td>\n<td align=\"center\">\u2705<\/td>\n<td align=\"center\">\u2705 (Pay\u00e9)<\/td>\n<td align=\"center\">\u274c<\/td>\n<td align=\"center\">\u2705<\/td>\n<td align=\"center\">\u2705<\/td>\n<td>Fonctionnalit\u00e9s Premium verrouill\u00e9es<\/td>\n<\/tr>\n<tr>\n<td><a href=\"https:\/\/strangercam.com\/fr\/coomeet\/\">CooMeet<\/a><\/td>\n<td align=\"center\">\u274c (Essai)<\/td>\n<td align=\"center\">\u2705<\/td>\n<td align=\"center\">\u2705<\/td>\n<td align=\"center\">\u2705<\/td>\n<td align=\"center\">\u2705<\/td>\n<td>Payant, ax\u00e9 sur la rencontre entre hommes et femmes<\/td>\n<\/tr>\n<\/tbody>\n<\/table>\n<p>StrangerCam est l'une des seules plateformes \u00e0 proposer des appels vid\u00e9o gratuits et al\u00e9atoires avec des Am\u00e9ricains, sans inscription et sans limite d'utilisation.<\/p>\n<h2>Pourquoi StrangerCam est le meilleur choix<\/h2>\n<p>Voici pourquoi StrangerCam est parfait pour tous ceux qui recherchent un \"appel vid\u00e9o am\u00e9ricain al\u00e9atoire\" :<\/p>\n<ul>\n<li>Enti\u00e8rement gratuit et illimit\u00e9 - Pas d'essai ni de syst\u00e8me de cr\u00e9dit.<\/li>\n<li>USA Location Matching - Rencontrez de vraies personnes aux \u00c9tats-Unis.<\/li>\n<li>Pas d'inscription n\u00e9cessaire - Restez anonyme et commencez imm\u00e9diatement.<\/li>\n<li>S\u00e9curit\u00e9 et mod\u00e9ration - S\u00e9curit\u00e9 renforc\u00e9e par rapport aux anciennes plateformes de type Omegle.<\/li>\n<li>Pr\u00eat pour les mobiles et les ordinateurs de bureau - Travaillez n'importe o\u00f9, n'importe quand.<\/li>\n<li>Une base d'utilisateurs diversifi\u00e9e - Rencontrez des Am\u00e9ricains d'un bout \u00e0 l'autre du pays.<\/li>\n<\/ul>\n<h2>T\u00e9moignages d'utilisateurs r\u00e9els<\/h2>\n<blockquote><p>\"Je voulais pratiquer mon anglais et j'ai cherch\u00e9 des appels vid\u00e9o am\u00e9ricains au hasard. StrangerCam m'a mis en contact avec des personnes de New York et de Californie en quelques minutes.<br \/>\n- Daniel, 24 (Espagne)<\/p><\/blockquote>\n<blockquote><p>\"C'est tellement amusant de rencontrer des Am\u00e9ricains au hasard - parfois c'est d\u00e9contract\u00e9, parfois c'est du flirt, toujours c'est excitant\".<br \/>\n- Sophia, 21 ans (Canada)<\/p><\/blockquote>\n<blockquote><p>\"Contrairement \u00e0 d'autres sites, celui-ci est vraiment gratuit. Pas d'inscription, pas d'entourloupe\".<br \/>\n- Ryan, 29 ans (\u00c9tats-Unis)<\/p><\/blockquote>\n<blockquote><p>\"J'ai d\u00e9j\u00e0 eu d'excellentes conversations avec des gens du Texas, de Floride et de Chicago. C'est un sentiment de r\u00e9alit\u00e9 et de s\u00e9curit\u00e9.<br \/>\n- Leah, 20 ans (Allemagne)<\/p><\/blockquote>\n<h2>Conseils de s\u00e9curit\u00e9 pour les appels vid\u00e9o am\u00e9ricains al\u00e9atoires<\/h2>\n<p>Bien qu'il soit amusant de discuter avec des inconnus aux \u00c9tats-Unis, il faut toujours rester prudent :<\/p>\n<ul>\n<li>Ne communiquez jamais d'informations personnelles (t\u00e9l\u00e9phone, adresse, lieu de travail).<\/li>\n<li>\u00c9vitez les liens suspects pendant les chats.<\/li>\n<li>Utilisez Skip\/Block si quelqu'un vous met mal \u00e0 l'aise.<\/li>\n<li>V\u00e9rifiez vos ant\u00e9c\u00e9dents avant d'allumer votre webcam.<\/li>\n<li>Utilisez un surnom au lieu de votre vrai nom.<\/li>\n<li>Respectez les r\u00e8gles d'\u00e2ge de la plateforme - si vous avez moins de 18 ans, n'utilisez pas le chat pour adultes.<\/li>\n<\/ul>\n<h2>Comment d\u00e9marrer - \u00e9tape par \u00e9tape<\/h2>\n<p>Voici comment commencer votre premier appel vid\u00e9o al\u00e9atoire am\u00e9ricain :<\/p>\n<ol>\n<li>Ouvrez StrangerCam dans votre navigateur ou sur votre t\u00e9l\u00e9phone portable.<\/li>\n<li>Autoriser l'acc\u00e8s \u00e0 la cam\u00e9ra et au microphone.<\/li>\n<li>Choisissez le filtre USA (si disponible).<\/li>\n<li>Cliquez sur Start Chat.<\/li>\n<li>Rencontrez instantan\u00e9ment un \u00e9tranger am\u00e9ricain.<\/li>\n<li>Cliquez sur Suivant \u00e0 tout moment pour rencontrer quelqu'un de nouveau.<\/li>\n<\/ol>\n<p>En 2025, la demande d'appels vid\u00e9o am\u00e9ricains al\u00e9atoires n'a jamais \u00e9t\u00e9 aussi forte. Les gens du monde entier sont curieux d'entrer en contact avec des Am\u00e9ricains pour se lier d'amiti\u00e9, s'amuser et \u00e9changer sur le plan culturel.<\/p>\n<p>Des plateformes comme StrangerCam facilitent les choses : appels vid\u00e9o gratuits, instantan\u00e9s et s\u00fbrs avec de vraies personnes aux \u00c9tats-Unis. Pas d'inscription, pas de frais cach\u00e9s, juste des connexions spontan\u00e9es avec des Am\u00e9ricains en cliquant sur un bouton.<\/p>\n<p>Pr\u00eat \u00e0 rencontrer quelqu'un de nouveau ? Lancez d\u00e8s aujourd'hui votre appel vid\u00e9o American random et voyez avec qui vous allez vous connecter.<\/p>","protected":false},"excerpt":{"rendered":"<p>Looking for an American random video call platform? You\u2019re in the right place. In 2025, thousands of people search for ways to connect instantly with strangers in the United States\u2014whether to make new friends, enjoy casual conversations, or simply explore American culture online. Unlike traditional dating apps or social networks, random video call platforms let [&hellip;]<\/p>\n","protected":false},"author":8,"featured_media":0,"parent":0,"menu_order":0,"comment_status":"closed","ping_status":"closed","template":"","meta":{"footnotes":""},"class_list":["post-12254","page","type-page","status-publish","hentry"],"yoast_head":"<!-- This site is optimized with the Yoast SEO plugin v26.9 - https:\/\/yoast.com\/product\/yoast-seo-wordpress\/ -->\n<title>American Random Video Call with Video Chat on Strangercam.com<\/title>\n<meta name=\"description\" content=\"Liking American Random Video Call? Join millions on StrangerCam.com! Start a random video chat, turn on your cam, and meet strangers instantly.\" \/>\n<meta name=\"robots\" content=\"index, follow, max-snippet:-1, max-image-preview:large, max-video-preview:-1\" \/>\n<link rel=\"canonical\" href=\"https:\/\/strangercam.com\/fr\/appel-video-aleatoire-americain\/\" \/>\n<meta property=\"og:locale\" content=\"fr_FR\" \/>\n<meta property=\"og:type\" content=\"article\" \/>\n<meta property=\"og:title\" content=\"American Random Video Call with Video Chat on Strangercam.com\" \/>\n<meta property=\"og:description\" content=\"Liking American Random Video Call? Join millions on StrangerCam.com! Start a random video chat, turn on your cam, and meet strangers instantly.\" \/>\n<meta property=\"og:url\" content=\"https:\/\/strangercam.com\/fr\/appel-video-aleatoire-americain\/\" \/>\n<meta property=\"og:site_name\" content=\"Strangercam\" \/>\n<meta property=\"article:publisher\" content=\"https:\/\/www.facebook.com\/strangercam\" \/>\n<meta property=\"article:modified_time\" content=\"2025-09-29T10:07:57+00:00\" \/>\n<meta property=\"og:image\" content=\"https:\/\/strangercam.com\/wp-content\/uploads\/2021\/10\/Untitled-2.png\" \/>\n\t<meta property=\"og:image:width\" content=\"800\" \/>\n\t<meta property=\"og:image:height\" content=\"532\" \/>\n\t<meta property=\"og:image:type\" content=\"image\/png\" \/>\n<meta name=\"twitter:card\" content=\"summary_large_image\" \/>\n<meta name=\"twitter:site\" content=\"@strangercamapp\" \/>\n<meta name=\"twitter:label1\" content=\"Dur\u00e9e de lecture estim\u00e9e\" \/>\n\t<meta name=\"twitter:data1\" content=\"4 minutes\" \/>\n<script type=\"application\/ld+json\" class=\"yoast-schema-graph\">{\"@context\":\"https:\/\/schema.org\",\"@graph\":[{\"@type\":\"WebPage\",\"@id\":\"https:\/\/strangercam.com\/american-random-video-call\/\",\"url\":\"https:\/\/strangercam.com\/american-random-video-call\/\",\"name\":\"American Random Video Call with Video Chat on Strangercam.com\",\"isPartOf\":{\"@id\":\"https:\/\/strangercam.com\/#website\"},\"datePublished\":\"2025-09-29T08:09:11+00:00\",\"dateModified\":\"2025-09-29T10:07:57+00:00\",\"description\":\"Liking American Random Video Call? Join millions on StrangerCam.com! Start a random video chat, turn on your cam, and meet strangers instantly.\",\"breadcrumb\":{\"@id\":\"https:\/\/strangercam.com\/american-random-video-call\/#breadcrumb\"},\"inLanguage\":\"fr-FR\",\"potentialAction\":[{\"@type\":\"ReadAction\",\"target\":[\"https:\/\/strangercam.com\/american-random-video-call\/\"]}]},{\"@type\":\"BreadcrumbList\",\"@id\":\"https:\/\/strangercam.com\/american-random-video-call\/#breadcrumb\",\"itemListElement\":[{\"@type\":\"ListItem\",\"position\":1,\"name\":\"Home\",\"item\":\"https:\/\/strangercam.com\/\"},{\"@type\":\"ListItem\",\"position\":2,\"name\":\"American Random Video Call\"}]},{\"@type\":\"WebSite\",\"@id\":\"https:\/\/strangercam.com\/#website\",\"url\":\"https:\/\/strangercam.com\/\",\"name\":\"Strangercam\",\"description\":\"Random Video Chat with Strangers\",\"publisher\":{\"@id\":\"https:\/\/strangercam.com\/#organization\"},\"alternateName\":\"Strangercam.com\",\"potentialAction\":[{\"@type\":\"SearchAction\",\"target\":{\"@type\":\"EntryPoint\",\"urlTemplate\":\"https:\/\/strangercam.com\/?s={search_term_string}\"},\"query-input\":{\"@type\":\"PropertyValueSpecification\",\"valueRequired\":true,\"valueName\":\"search_term_string\"}}],\"inLanguage\":\"fr-FR\"},{\"@type\":\"Organization\",\"@id\":\"https:\/\/strangercam.com\/#organization\",\"name\":\"Strangercam\",\"alternateName\":\"Strangercam.com\",\"url\":\"https:\/\/strangercam.com\/\",\"logo\":{\"@type\":\"ImageObject\",\"inLanguage\":\"fr-FR\",\"@id\":\"https:\/\/strangercam.com\/#\/schema\/logo\/image\/\",\"url\":\"https:\/\/strangercam.com\/wp-content\/uploads\/2020\/11\/cropped-new-favicon-black.png\",\"contentUrl\":\"https:\/\/strangercam.com\/wp-content\/uploads\/2020\/11\/cropped-new-favicon-black.png\",\"width\":512,\"height\":512,\"caption\":\"Strangercam\"},\"image\":{\"@id\":\"https:\/\/strangercam.com\/#\/schema\/logo\/image\/\"},\"sameAs\":[\"https:\/\/www.facebook.com\/strangercam\",\"https:\/\/x.com\/strangercamapp\"]}]}<\/script>\n<!-- \/ Yoast SEO plugin. -->","yoast_head_json":{"title":"Appel vid\u00e9o al\u00e9atoire am\u00e9ricain avec chat vid\u00e9o sur Strangercam.com","description":"Vous aimez les appels vid\u00e9o al\u00e9atoires am\u00e9ricains ? Join millions sur StrangerCam.com ! Commencez un chat vid\u00e9o al\u00e9atoire, allumez votre cam\u00e9ra et rencontrez des inconnus instantan\u00e9ment.","robots":{"index":"index","follow":"follow","max-snippet":"max-snippet:-1","max-image-preview":"max-image-preview:large","max-video-preview":"max-video-preview:-1"},"canonical":"https:\/\/strangercam.com\/fr\/appel-video-aleatoire-americain\/","og_locale":"fr_FR","og_type":"article","og_title":"American Random Video Call with Video Chat on Strangercam.com","og_description":"Liking American Random Video Call? Join millions on StrangerCam.com! Start a random video chat, turn on your cam, and meet strangers instantly.","og_url":"https:\/\/strangercam.com\/fr\/appel-video-aleatoire-americain\/","og_site_name":"Strangercam","article_publisher":"https:\/\/www.facebook.com\/strangercam","article_modified_time":"2025-09-29T10:07:57+00:00","og_image":[{"width":800,"height":532,"url":"https:\/\/strangercam.com\/wp-content\/uploads\/2021\/10\/Untitled-2.png","type":"image\/png"}],"twitter_card":"summary_large_image","twitter_site":"@strangercamapp","twitter_misc":{"Dur\u00e9e de lecture estim\u00e9e":"4 minutes"},"schema":{"@context":"https:\/\/schema.org","@graph":[{"@type":"WebPage","@id":"https:\/\/strangercam.com\/american-random-video-call\/","url":"https:\/\/strangercam.com\/american-random-video-call\/","name":"Appel vid\u00e9o al\u00e9atoire am\u00e9ricain avec chat vid\u00e9o sur Strangercam.com","isPartOf":{"@id":"https:\/\/strangercam.com\/#website"},"datePublished":"2025-09-29T08:09:11+00:00","dateModified":"2025-09-29T10:07:57+00:00","description":"Vous aimez les appels vid\u00e9o al\u00e9atoires am\u00e9ricains ? Join millions sur StrangerCam.com ! Commencez un chat vid\u00e9o al\u00e9atoire, allumez votre cam\u00e9ra et rencontrez des inconnus instantan\u00e9ment.","breadcrumb":{"@id":"https:\/\/strangercam.com\/american-random-video-call\/#breadcrumb"},"inLanguage":"fr-FR","potentialAction":[{"@type":"ReadAction","target":["https:\/\/strangercam.com\/american-random-video-call\/"]}]},{"@type":"BreadcrumbList","@id":"https:\/\/strangercam.com\/american-random-video-call\/#breadcrumb","itemListElement":[{"@type":"ListItem","position":1,"name":"Home","item":"https:\/\/strangercam.com\/"},{"@type":"ListItem","position":2,"name":"American Random Video Call"}]},{"@type":"WebSite","@id":"https:\/\/strangercam.com\/#website","url":"https:\/\/strangercam.com\/","name":"Strangercam","description":"Chat vid\u00e9o al\u00e9atoire avec des inconnus","publisher":{"@id":"https:\/\/strangercam.com\/#organization"},"alternateName":"Strangercam.com","potentialAction":[{"@type":"SearchAction","target":{"@type":"EntryPoint","urlTemplate":"https:\/\/strangercam.com\/?s={search_term_string}"},"query-input":{"@type":"PropertyValueSpecification","valueRequired":true,"valueName":"search_term_string"}}],"inLanguage":"fr-FR"},{"@type":"Organization","@id":"https:\/\/strangercam.com\/#organization","name":"Strangercam","alternateName":"Strangercam.com","url":"https:\/\/strangercam.com\/","logo":{"@type":"ImageObject","inLanguage":"fr-FR","@id":"https:\/\/strangercam.com\/#\/schema\/logo\/image\/","url":"https:\/\/strangercam.com\/wp-content\/uploads\/2020\/11\/cropped-new-favicon-black.png","contentUrl":"https:\/\/strangercam.com\/wp-content\/uploads\/2020\/11\/cropped-new-favicon-black.png","width":512,"height":512,"caption":"Strangercam"},"image":{"@id":"https:\/\/strangercam.com\/#\/schema\/logo\/image\/"},"sameAs":["https:\/\/www.facebook.com\/strangercam","https:\/\/x.com\/strangercamapp"]}]}},"_links":{"self":[{"href":"https:\/\/strangercam.com\/fr\/wp-json\/wp\/v2\/pages\/12254","targetHints":{"allow":["GET"]}}],"collection":[{"href":"https:\/\/strangercam.com\/fr\/wp-json\/wp\/v2\/pages"}],"about":[{"href":"https:\/\/strangercam.com\/fr\/wp-json\/wp\/v2\/types\/page"}],"author":[{"embeddable":true,"href":"https:\/\/strangercam.com\/fr\/wp-json\/wp\/v2\/users\/8"}],"replies":[{"embeddable":true,"href":"https:\/\/strangercam.com\/fr\/wp-json\/wp\/v2\/comments?post=12254"}],"version-history":[{"count":2,"href":"https:\/\/strangercam.com\/fr\/wp-json\/wp\/v2\/pages\/12254\/revisions"}],"predecessor-version":[{"id":13051,"href":"https:\/\/strangercam.com\/fr\/wp-json\/wp\/v2\/pages\/12254\/revisions\/13051"}],"wp:attachment":[{"href":"https:\/\/strangercam.com\/fr\/wp-json\/wp\/v2\/media?parent=12254"}],"curies":[{"name":"wp","href":"https:\/\/api.w.org\/{rel}","templated":true}]}}