{"id":11954,"date":"2025-07-24T09:21:22","date_gmt":"2025-07-24T07:21:22","guid":{"rendered":"https:\/\/strangercam.com\/?page_id=11954"},"modified":"2025-07-24T09:26:04","modified_gmt":"2025-07-24T07:26:04","slug":"luckycrush","status":"publish","type":"page","link":"https:\/\/strangercam.com\/fr\/luckycrush\/","title":{"rendered":"LuckyCrush"},"content":{"rendered":"<p>Dans un monde o\u00f9 l'on ne cesse de glisser et de discuter de textes superficiels, des plateformes comme LuckyCrush bousculent les rencontres en ligne et les discussions vid\u00e9o al\u00e9atoires en mettant l'accent sur les connexions en direct et en t\u00eate-\u00e0-t\u00eate avec des inconnus du sexe oppos\u00e9. LuckyCrush n'est pas un simple <a href=\"https:\/\/strangercam.com\/fr\/bazoocam\/\">came<\/a> Il s'agit d'une plateforme unique et ludique con\u00e7ue pour mettre en relation des hommes et des femmes (et vice versa) du monde entier pour des conversations vid\u00e9o instantan\u00e9es et priv\u00e9es qui brouillent souvent les fronti\u00e8res entre le speed dating et le flirty cam. <a href=\"https:\/\/strangercam.com\/fr\/chatroulette\/\">roulette<\/a>.<\/p>\n<p>Mais LuckyCrush est-il une v\u00e9ritable affaire ? Comment fonctionne-t-il, \u00e0 qui s'adresse-t-il et vaut-il la peine que vous y consacriez votre temps et votre argent ? Cet examen approfondi couvre tout ce que vous devez savoir sur LuckyCrush en 2025 : ses fonctionnalit\u00e9s, sa base d'utilisateurs, ses prix, sa s\u00e9curit\u00e9 et comment il se positionne par rapport aux sites de chat vid\u00e9o de plus en plus nombreux.<\/p>\n<h2>Qu'est-ce que LuckyCrush ?<\/h2>\n<p>LuckyCrush est un site innovant de chat vid\u00e9o al\u00e9atoire qui met en relation des hommes et des femmes dans le cadre d'appels vid\u00e9o en direct, priv\u00e9s et en t\u00eate-\u00e0-t\u00eate. Contrairement \u00e0 la plupart des plateformes de chat al\u00e9atoire qui mettent en relation n'importe qui avec n'importe qui, LuckyCrush ne met en relation que des hommes avec des femmes et des femmes avec des hommes, cr\u00e9ant ainsi un environnement \u00e0 mi-chemin entre le flirt, la rencontre et l'amusement.<\/p>\n<p>La plateforme est bas\u00e9e sur un navigateur, fonctionne dans le monde entier et promet un acc\u00e8s instantan\u00e9 - pas de longue inscription, pas de swiping et pas de profil \u00e0 remplir. Que vous soyez \u00e0 la recherche d'un flirt rapide, d'un nouvel ami ou m\u00eame d'une romance num\u00e9rique, LuckyCrush offre une version moderne du speed dating avec vid\u00e9o en temps r\u00e9el.<\/p>\n<h2>Quel est l'objectif de LuckyCrush ?<\/h2>\n<p>LuckyCrush a \u00e9t\u00e9 cr\u00e9\u00e9 pour combler deux lacunes majeures dans le monde du chat et des rencontres en ligne :<\/p>\n<ul>\n<li>L'absence de v\u00e9ritable correspondance homme-femme sur la plupart des sites de chat al\u00e9atoire<\/li>\n<li>La demande d'interactions vid\u00e9o spontan\u00e9es, non sc\u00e9naris\u00e9es et personnelles<\/li>\n<\/ul>\n<p>Sa mission est de permettre de rencontrer et de flirter rapidement et sans effort avec des c\u00e9libataires du monde entier, dans un format qui s'apparente \u00e0 un croisement entre le speed dating et le chat roulette original, mais qui est con\u00e7u pour les personnes \u00e0 la recherche d'une alchimie, et non d'une simple conversation informelle.<\/p>\n<p>Que vous souhaitiez vous amuser, flirter, pratiquer une autre langue ou faire de nouvelles rencontres dans d'autres cultures, LuckyCrush vous permet de le faire en quelques secondes.<\/p>\n<h2>Caract\u00e9ristiques principales<\/h2>\n<p>1. Chat vid\u00e9o en t\u00eate-\u00e0-t\u00eate, toujours entre hommes et femmes<br \/>\nLa principale caract\u00e9ristique de LuckyCrush est son algorithme d'appariement des sexes : les hommes sont toujours associ\u00e9s \u00e0 des femmes et vice versa. Cette caract\u00e9ristique est unique parmi les <a href=\"https:\/\/strangercam.com\/fr\/cam-a-cam-chat\/\">chat cam<\/a> et contribue \u00e0 maintenir l'\u00e9quilibre et l'engagement.<\/p>\n<p>2. Correspondance instantan\u00e9e, pas d'inscription n\u00e9cessaire<br \/>\nVous pouvez commencer \u00e0 chatter imm\u00e9diatement apr\u00e8s avoir choisi votre sexe. Le processus est instantan\u00e9 et anonyme - aucune inscription ou v\u00e9rification longue n'est n\u00e9cessaire.<\/p>\n<p>3. Saut rapide et jumelage al\u00e9atoire<br \/>\nSi vous n'\u00eates pas satisfait de votre match, cliquez simplement sur \"Suivant\" pour une nouvelle connexion. Il n'y a pas de p\u00e9nalit\u00e9 pour passer \u00e0 autre chose et il n'y a pas de file d'attente.<\/p>\n<p>4. Port\u00e9e mondiale<br \/>\nLuckyCrush est v\u00e9ritablement international, connectant des personnes de plus de 100 pays. Cela en fait un endroit id\u00e9al pour les conversations interculturelles, les \u00e9changes linguistiques ou simplement pour voir \u00e0 quoi ressemblent les rencontres dans d'autres parties du monde.<\/p>\n<p>5. Chat textuel int\u00e9gr\u00e9<br \/>\nOutre la vid\u00e9o, vous pouvez \u00e9galement envoyer des messages textuels dans la fen\u00eatre de discussion. C'est utile pour briser la glace, partager des liens ou communiquer dans une autre langue.<\/p>\n<p>6. Anonymat et vie priv\u00e9e<br \/>\nVous n'avez jamais besoin de donner votre vrai nom, votre adresse \u00e9lectronique ou vos coordonn\u00e9es personnelles. Seule votre webcam est requise, et vous restez anonyme jusqu'\u00e0 ce que vous choisissiez d'en partager davantage.<\/p>\n<p>7. Options payantes et gratuites<br \/>\nLes nouveaux utilisateurs b\u00e9n\u00e9ficient de minutes d'essai gratuites pour tester la plateforme. Ensuite, pour continuer \u00e0 chatter, il faut acheter des cr\u00e9dits ou des minutes, ce qui fait de LuckyCrush un service payant apr\u00e8s la p\u00e9riode d'essai initiale.<\/p>\n<h2>LuckyCrush est-il gratuit ?<\/h2>\n<p>L'essai de LuckyCrush est gratuit - tous les nouveaux utilisateurs re\u00e7oivent quelques minutes de temps de chat gratuit pour d\u00e9couvrir la plateforme. Cependant, pour continuer \u00e0 chatter au-del\u00e0 de la p\u00e9riode d'essai, les utilisateurs doivent acheter des cr\u00e9dits, qui sont d\u00e9pens\u00e9s par minute pendant les chats vid\u00e9o.<\/p>\n<p>Le mod\u00e8le de tarification de la plateforme garantit l'authenticit\u00e9 des utilisateurs et d\u00e9courage les robots, le spam et le trolling. Les fonctionnalit\u00e9s payantes comprennent :<\/p>\n<ul>\n<li>Poursuite du chat vid\u00e9o apr\u00e8s la p\u00e9riode d'essai<\/li>\n<li>Acc\u00e8s illimit\u00e9 aux nouveaux matches<\/li>\n<li>Correspondance plus prioritaire<\/li>\n<\/ul>\n<p>Les prix sont comp\u00e9titifs pour le secteur et sont clairement affich\u00e9s sur le site. Il y a souvent des forfaits bonus et des offres saisonni\u00e8res pour une valeur ajout\u00e9e.<\/p>\n<h2>Qui utilise LuckyCrush ?<\/h2>\n<p>LuckyCrush a rapidement d\u00e9velopp\u00e9 une base d'utilisateurs diversifi\u00e9e et internationale :<\/p>\n<ul>\n<li>Hommes et femmes, \u00e2g\u00e9s de 18 \u00e0 40 ans (la majorit\u00e9 est \u00e2g\u00e9e de 18 \u00e0 35 ans)<\/li>\n<li>Utilisateurs d'Am\u00e9rique du Nord, d'Europe, d'Am\u00e9rique du Sud, d'Inde, de Turquie, d'Asie du Sud-Est, etc.<\/li>\n<li>Les personnes qui recherchent des rencontres vid\u00e9o amusantes, flirteuses ou m\u00eame romantiques.<\/li>\n<li>Les personnes qui apprennent une langue, les voyageurs et les personnes curieuses de d\u00e9couvrir d'autres cultures.<\/li>\n<\/ul>\n<p>LuckyCrush est particuli\u00e8rement attrayant pour les c\u00e9libataires, les expatri\u00e9s et les personnes \u00e0 la recherche d'une exp\u00e9rience qui combine le speed dating et l'excitation d'une interaction al\u00e9atoire en direct. Comme les hommes et les femmes sont toujours jumel\u00e9s, le ratio hommes-femmes est plus \u00e9quilibr\u00e9 que sur la plupart des sites de cams al\u00e9atoires.<\/p>\n<h2>S\u00e9curit\u00e9, vie priv\u00e9e et mod\u00e9ration<\/h2>\n<p>LuckyCrush est con\u00e7u pour \u00eatre aussi s\u00fbr et priv\u00e9 que possible pour une plate-forme de webcams en direct :<\/p>\n<h3>Vie priv\u00e9e<\/h3>\n<ul>\n<li>Aucun nom, courriel ou compte social n'est requis<\/li>\n<li>Seul l'acc\u00e8s \u00e0 une webcam ou \u00e0 un micro est n\u00e9cessaire pour chatter<\/li>\n<li>Aucun profil n'est cr\u00e9\u00e9 \u00e0 moins que vous ne souhaitiez sauvegarder les correspondances.<\/li>\n<\/ul>\n<h3>La mod\u00e9ration<\/h3>\n<ul>\n<li>Les outils de signalement et de blocage sont disponibles \u00e0 tout moment<\/li>\n<li>La mod\u00e9ration humaine permet de supprimer les utilisateurs abusifs, les spammeurs ou les faux utilisateurs.<\/li>\n<li>Les lignes directrices de la communaut\u00e9 encouragent un flirt respectueux et un comportement positif.<\/li>\n<li>Les utilisatrices b\u00e9n\u00e9ficient en particulier d'outils de s\u00e9curit\u00e9 suppl\u00e9mentaires pour bloquer ou d\u00e9noncer le harc\u00e8lement.<\/li>\n<\/ul>\n<h3>Contr\u00f4le de l'utilisateur<\/h3>\n<ul>\n<li>Sauter ou terminer une discussion instantan\u00e9ment<\/li>\n<li>Partagez autant ou aussi peu d'informations personnelles que vous le souhaitez<\/li>\n<li>Contr\u00f4ler les autorisations des cam\u00e9ras et des microphones \u00e0 tout moment<\/li>\n<\/ul>\n<p>LuckyCrush est r\u00e9serv\u00e9 aux adultes (18+), et il est conseill\u00e9 aux utilisateurs de ne jamais partager d'informations sensibles ou de passer \u00e0 d'autres plateformes avant de s'\u00eatre sentis \u00e0 l'aise.<\/p>\n<h2>Exp\u00e9rience et conception des utilisateurs<\/h2>\n<p>LuckyCrush est l'un des sites de chat vid\u00e9o al\u00e9atoire les plus sophistiqu\u00e9s et les plus conviviaux :<\/p>\n<ul>\n<li>La page d'accueil pr\u00e9sente un bouton de d\u00e9marrage clair et un choix de sexe.<\/li>\n<li>Les fen\u00eatres de chat vid\u00e9o sont grandes et r\u00e9actives, et fonctionnent \u00e0 la fois sur les navigateurs de bureau et les navigateurs mobiles.<\/li>\n<li>Les commandes permettant d'ignorer, de mettre en sourdine, de signaler et de mettre fin aux discussions sont intuitives et faciles \u00e0 trouver.<\/li>\n<li>Des temps de chargement minimaux et une correspondance quasi instantan\u00e9e entre les utilisateurs<\/li>\n<li>Une mise en page simple et \u00e9pur\u00e9e avec des informations claires sur les prix et des ressources d'aide.<\/li>\n<\/ul>\n<p>Le site est optimis\u00e9 pour la vitesse et la confidentialit\u00e9, sans publicit\u00e9s ni pop-ups g\u00eanants qui vous ralentissent.<\/p>\n<h2>LuckyCrush vs. autres sites de chat vid\u00e9o<\/h2>\n<p>Comment LuckyCrush se compare-t-il aux autres sites de chat et de rencontres par vid\u00e9o al\u00e9atoire ?<\/p>\n<table>\n<thead>\n<tr>\n<th>Fonctionnalit\u00e9<\/th>\n<th>LuckyCrush<\/th>\n<th><a href=\"https:\/\/strangercam.com\/fr\/omegle\/\">Omegle<\/a> (ferm\u00e9)<\/th>\n<th>Chatrandom<\/th>\n<th><a href=\"https:\/\/strangercam.com\/fr\/coomeet\/\">CooMeet<\/a><\/th>\n<th>Chatspin<\/th>\n<\/tr>\n<\/thead>\n<tbody>\n<tr>\n<td>Correspondance des sexes<\/td>\n<td>Oui<\/td>\n<td>Non<\/td>\n<td>Non<\/td>\n<td>Oui<\/td>\n<td>Oui<\/td>\n<\/tr>\n<tr>\n<td>Inscription n\u00e9cessaire<\/td>\n<td>Non<\/td>\n<td>Non<\/td>\n<td>En option<\/td>\n<td>Oui<\/td>\n<td>En option<\/td>\n<\/tr>\n<tr>\n<td>Utilisation gratuite<\/td>\n<td>Essai seulement<\/td>\n<td>Oui<\/td>\n<td>Oui\/Pay\u00e9<\/td>\n<td>Essai seulement<\/td>\n<td>Oui\/Pay\u00e9<\/td>\n<\/tr>\n<tr>\n<td>Chat vid\u00e9o individuel<\/td>\n<td>Oui<\/td>\n<td>Oui<\/td>\n<td>Oui<\/td>\n<td>Oui<\/td>\n<td>Oui<\/td>\n<\/tr>\n<tr>\n<td>Couverture internationale<\/td>\n<td>Oui<\/td>\n<td>Oui<\/td>\n<td>Oui<\/td>\n<td>Oui<\/td>\n<td>Oui<\/td>\n<\/tr>\n<tr>\n<td>Mises \u00e0 jour payantes<\/td>\n<td>Oui<\/td>\n<td>Non<\/td>\n<td>Oui<\/td>\n<td>Oui<\/td>\n<td>Oui<\/td>\n<\/tr>\n<tr>\n<td>Outils de mod\u00e9ration<\/td>\n<td>Fort<\/td>\n<td>De base<\/td>\n<td>Mod\u00e9r\u00e9<\/td>\n<td>Fort<\/td>\n<td>Mod\u00e9r\u00e9<\/td>\n<\/tr>\n<\/tbody>\n<\/table>\n<p>R\u00e9sum\u00e9 : LuckyCrush se distingue par son appariement de vid\u00e9os homme-femme, sa structure de paiement \u00e0 la minute et son design haut de gamme, offrant une exp\u00e9rience diff\u00e9rente des sites qui mettent simplement en relation n'importe qui avec n'importe qui.<\/p>\n<h2>Avantages et inconv\u00e9nients<\/h2>\n<p>Pour :<\/p>\n<ul>\n<li>Correspondance homme-femme par chat vid\u00e9o, id\u00e9al pour flirter<\/li>\n<li>Essai gratuit pour tester la plateforme<\/li>\n<li>Une port\u00e9e mondiale avec des utilisateurs vari\u00e9s<\/li>\n<li>Pas d'inscription ni de donn\u00e9es personnelles requises<\/li>\n<li>Conception moderne et r\u00e9active pour les ordinateurs de bureau et les t\u00e9l\u00e9phones portables<\/li>\n<li>Fonctionnalit\u00e9s de s\u00e9curit\u00e9 et de signalement solides<\/li>\n<\/ul>\n<p>Cons :<\/p>\n<ul>\n<li>L'utilisation continue n\u00e9cessite des cr\u00e9dits payants (paiement \u00e0 la minute).<\/li>\n<li>Pas d'appariement entre personnes du m\u00eame sexe (pour l'instant, uniquement homme-femme)<\/li>\n<li>Pas de profils ou de listes d'amis pour le suivi<\/li>\n<li>Certains utilisateurs peuvent quitter rapidement les chats ou les sauter souvent<\/li>\n<li>Il faut \u00eatre \u00e2g\u00e9 de plus de 18 ans pour s'inscrire<\/li>\n<\/ul>\n<h2>Cas d'utilisation id\u00e9aux<\/h2>\n<p>LuckyCrush est parfait pour :<\/p>\n<ul>\n<li>Les c\u00e9libataires qui recherchent un speed dating vid\u00e9o instantan\u00e9 ou un flirt<\/li>\n<li>Adultes souhaitant rencontrer des personnes d'autres cultures en temps r\u00e9el<\/li>\n<li>Les apprenants de langues et les voyageurs int\u00e9ress\u00e9s par le chat mondial<\/li>\n<li>Les utilisateurs qui accordent de l'importance \u00e0 la vie priv\u00e9e, \u00e0 la spontan\u00e9it\u00e9 et \u00e0 la connexion humaine en direct<\/li>\n<\/ul>\n<p>Il est moins id\u00e9al pour :<\/p>\n<ul>\n<li>Personnes cherchant un chat totalement gratuit et illimit\u00e9<\/li>\n<li>Les utilisateurs ne sont pas \u00e0 l'aise avec la vid\u00e9o ou le fait d'\u00eatre film\u00e9s<\/li>\n<li>Ceux qui recherchent des rencontres \u00e0 long terme bas\u00e9es sur le profil<\/li>\n<li>Utilisateurs de moins de 18 ans (r\u00e9serv\u00e9s aux adultes)<\/li>\n<\/ul>\n<p>LuckyCrush se d\u00e9marque dans le domaine du chat vid\u00e9o al\u00e9atoire et des rencontres, en offrant un m\u00e9lange unique de rapidit\u00e9, de confidentialit\u00e9 et de flirt authentique. En se concentrant sur les paires homme-femme et en offrant une exp\u00e9rience utilisateur soign\u00e9e et s\u00e9curis\u00e9e, LuckyCrush r\u00e9ussit l\u00e0 o\u00f9 de nombreuses plates-formes g\u00e9n\u00e9riques de chat webcam \u00e9chouent.<\/p>\n<p>Avec un acc\u00e8s instantan\u00e9, une couverture mondiale et un syst\u00e8me d'essai \u00e9quitable, LuckyCrush vaut absolument la peine d'\u00eatre essay\u00e9 pour toute personne int\u00e9ress\u00e9e par des connexions en ligne rapides, flirteuses et authentiques en 2025. Si vous \u00eates fatigu\u00e9 des swipings interminables et que vous voulez faire l'exp\u00e9rience d'une v\u00e9ritable alchimie en face \u00e0 face, il s'agit de l'une des meilleures plateformes disponibles aujourd'hui.<\/p>","protected":false},"excerpt":{"rendered":"<p>In a world of endless swiping and shallow text chats, platforms like LuckyCrush are shaking up online dating and random video chat by focusing on live, one-on-one connections with strangers of the opposite sex. LuckyCrush isn\u2019t just another cam chat site\u2014it\u2019s a unique, gamified platform designed to pair men with women (and vice versa) from [&hellip;]<\/p>\n","protected":false},"author":6,"featured_media":0,"parent":0,"menu_order":0,"comment_status":"closed","ping_status":"closed","template":"","meta":{"footnotes":""},"class_list":["post-11954","page","type-page","status-publish","hentry"],"yoast_head":"<!-- This site is optimized with the Yoast SEO plugin v26.9 - https:\/\/yoast.com\/product\/yoast-seo-wordpress\/ -->\n<title>LuckyCrush - Live Video Chat with Random People - StrangerCam<\/title>\n<meta name=\"description\" content=\"Like LuckyCrush? Come chat with more than 5.000.000 strangers on Stranger Cam for Free! Turn on your cam and find new friends &amp; maby a match!\" \/>\n<meta name=\"robots\" content=\"index, follow, max-snippet:-1, max-image-preview:large, max-video-preview:-1\" \/>\n<link rel=\"canonical\" href=\"https:\/\/strangercam.com\/fr\/luckycrush\/\" \/>\n<meta property=\"og:locale\" content=\"fr_FR\" \/>\n<meta property=\"og:type\" content=\"article\" \/>\n<meta property=\"og:title\" content=\"LuckyCrush - Live Video Chat with Random People - StrangerCam\" \/>\n<meta property=\"og:description\" content=\"Like LuckyCrush? Come chat with more than 5.000.000 strangers on Stranger Cam for Free! Turn on your cam and find new friends &amp; maby a match!\" \/>\n<meta property=\"og:url\" content=\"https:\/\/strangercam.com\/fr\/luckycrush\/\" \/>\n<meta property=\"og:site_name\" content=\"Strangercam\" \/>\n<meta property=\"article:publisher\" content=\"https:\/\/www.facebook.com\/strangercam\" \/>\n<meta property=\"article:modified_time\" content=\"2025-07-24T07:26:04+00:00\" \/>\n<meta property=\"og:image\" content=\"https:\/\/strangercam.com\/wp-content\/uploads\/2021\/10\/Untitled-2.png\" \/>\n\t<meta property=\"og:image:width\" content=\"800\" \/>\n\t<meta property=\"og:image:height\" content=\"532\" \/>\n\t<meta property=\"og:image:type\" content=\"image\/png\" \/>\n<meta name=\"twitter:card\" content=\"summary_large_image\" \/>\n<meta name=\"twitter:site\" content=\"@strangercamapp\" \/>\n<meta name=\"twitter:label1\" content=\"Dur\u00e9e de lecture estim\u00e9e\" \/>\n\t<meta name=\"twitter:data1\" content=\"6 minutes\" \/>\n<script type=\"application\/ld+json\" class=\"yoast-schema-graph\">{\"@context\":\"https:\/\/schema.org\",\"@graph\":[{\"@type\":\"WebPage\",\"@id\":\"https:\/\/strangercam.com\/luckycrush\/\",\"url\":\"https:\/\/strangercam.com\/luckycrush\/\",\"name\":\"LuckyCrush - Live Video Chat with Random People - StrangerCam\",\"isPartOf\":{\"@id\":\"https:\/\/strangercam.com\/#website\"},\"datePublished\":\"2025-07-24T07:21:22+00:00\",\"dateModified\":\"2025-07-24T07:26:04+00:00\",\"description\":\"Like LuckyCrush? Come chat with more than 5.000.000 strangers on Stranger Cam for Free! Turn on your cam and find new friends & maby a match!\",\"breadcrumb\":{\"@id\":\"https:\/\/strangercam.com\/luckycrush\/#breadcrumb\"},\"inLanguage\":\"fr-FR\",\"potentialAction\":[{\"@type\":\"ReadAction\",\"target\":[\"https:\/\/strangercam.com\/luckycrush\/\"]}]},{\"@type\":\"BreadcrumbList\",\"@id\":\"https:\/\/strangercam.com\/luckycrush\/#breadcrumb\",\"itemListElement\":[{\"@type\":\"ListItem\",\"position\":1,\"name\":\"Home\",\"item\":\"https:\/\/strangercam.com\/\"},{\"@type\":\"ListItem\",\"position\":2,\"name\":\"LuckyCrush\"}]},{\"@type\":\"WebSite\",\"@id\":\"https:\/\/strangercam.com\/#website\",\"url\":\"https:\/\/strangercam.com\/\",\"name\":\"Strangercam\",\"description\":\"Random Video Chat with Strangers\",\"publisher\":{\"@id\":\"https:\/\/strangercam.com\/#organization\"},\"alternateName\":\"Strangercam.com\",\"potentialAction\":[{\"@type\":\"SearchAction\",\"target\":{\"@type\":\"EntryPoint\",\"urlTemplate\":\"https:\/\/strangercam.com\/?s={search_term_string}\"},\"query-input\":{\"@type\":\"PropertyValueSpecification\",\"valueRequired\":true,\"valueName\":\"search_term_string\"}}],\"inLanguage\":\"fr-FR\"},{\"@type\":\"Organization\",\"@id\":\"https:\/\/strangercam.com\/#organization\",\"name\":\"Strangercam\",\"alternateName\":\"Strangercam.com\",\"url\":\"https:\/\/strangercam.com\/\",\"logo\":{\"@type\":\"ImageObject\",\"inLanguage\":\"fr-FR\",\"@id\":\"https:\/\/strangercam.com\/#\/schema\/logo\/image\/\",\"url\":\"https:\/\/strangercam.com\/wp-content\/uploads\/2020\/11\/cropped-new-favicon-black.png\",\"contentUrl\":\"https:\/\/strangercam.com\/wp-content\/uploads\/2020\/11\/cropped-new-favicon-black.png\",\"width\":512,\"height\":512,\"caption\":\"Strangercam\"},\"image\":{\"@id\":\"https:\/\/strangercam.com\/#\/schema\/logo\/image\/\"},\"sameAs\":[\"https:\/\/www.facebook.com\/strangercam\",\"https:\/\/x.com\/strangercamapp\"]}]}<\/script>\n<!-- \/ Yoast SEO plugin. -->","yoast_head_json":{"title":"LuckyCrush - Chat vid\u00e9o en direct avec des gens au hasard - StrangerCam","description":"Vous aimez LuckyCrush ? Venez discuter avec plus de 5.000.000 d'inconnus sur Stranger Cam gratuitement ! Allume ta cam\u00e9ra et trouve de nouveaux amis et peut-\u00eatre un partenaire !","robots":{"index":"index","follow":"follow","max-snippet":"max-snippet:-1","max-image-preview":"max-image-preview:large","max-video-preview":"max-video-preview:-1"},"canonical":"https:\/\/strangercam.com\/fr\/luckycrush\/","og_locale":"fr_FR","og_type":"article","og_title":"LuckyCrush - Live Video Chat with Random People - StrangerCam","og_description":"Like LuckyCrush? Come chat with more than 5.000.000 strangers on Stranger Cam for Free! Turn on your cam and find new friends & maby a match!","og_url":"https:\/\/strangercam.com\/fr\/luckycrush\/","og_site_name":"Strangercam","article_publisher":"https:\/\/www.facebook.com\/strangercam","article_modified_time":"2025-07-24T07:26:04+00:00","og_image":[{"width":800,"height":532,"url":"https:\/\/strangercam.com\/wp-content\/uploads\/2021\/10\/Untitled-2.png","type":"image\/png"}],"twitter_card":"summary_large_image","twitter_site":"@strangercamapp","twitter_misc":{"Dur\u00e9e de lecture estim\u00e9e":"6 minutes"},"schema":{"@context":"https:\/\/schema.org","@graph":[{"@type":"WebPage","@id":"https:\/\/strangercam.com\/luckycrush\/","url":"https:\/\/strangercam.com\/luckycrush\/","name":"LuckyCrush - Chat vid\u00e9o en direct avec des gens au hasard - StrangerCam","isPartOf":{"@id":"https:\/\/strangercam.com\/#website"},"datePublished":"2025-07-24T07:21:22+00:00","dateModified":"2025-07-24T07:26:04+00:00","description":"Vous aimez LuckyCrush ? Venez discuter avec plus de 5.000.000 d'inconnus sur Stranger Cam gratuitement ! Allume ta cam\u00e9ra et trouve de nouveaux amis et peut-\u00eatre un partenaire !","breadcrumb":{"@id":"https:\/\/strangercam.com\/luckycrush\/#breadcrumb"},"inLanguage":"fr-FR","potentialAction":[{"@type":"ReadAction","target":["https:\/\/strangercam.com\/luckycrush\/"]}]},{"@type":"BreadcrumbList","@id":"https:\/\/strangercam.com\/luckycrush\/#breadcrumb","itemListElement":[{"@type":"ListItem","position":1,"name":"Home","item":"https:\/\/strangercam.com\/"},{"@type":"ListItem","position":2,"name":"LuckyCrush"}]},{"@type":"WebSite","@id":"https:\/\/strangercam.com\/#website","url":"https:\/\/strangercam.com\/","name":"Strangercam","description":"Chat vid\u00e9o al\u00e9atoire avec des inconnus","publisher":{"@id":"https:\/\/strangercam.com\/#organization"},"alternateName":"Strangercam.com","potentialAction":[{"@type":"SearchAction","target":{"@type":"EntryPoint","urlTemplate":"https:\/\/strangercam.com\/?s={search_term_string}"},"query-input":{"@type":"PropertyValueSpecification","valueRequired":true,"valueName":"search_term_string"}}],"inLanguage":"fr-FR"},{"@type":"Organization","@id":"https:\/\/strangercam.com\/#organization","name":"Strangercam","alternateName":"Strangercam.com","url":"https:\/\/strangercam.com\/","logo":{"@type":"ImageObject","inLanguage":"fr-FR","@id":"https:\/\/strangercam.com\/#\/schema\/logo\/image\/","url":"https:\/\/strangercam.com\/wp-content\/uploads\/2020\/11\/cropped-new-favicon-black.png","contentUrl":"https:\/\/strangercam.com\/wp-content\/uploads\/2020\/11\/cropped-new-favicon-black.png","width":512,"height":512,"caption":"Strangercam"},"image":{"@id":"https:\/\/strangercam.com\/#\/schema\/logo\/image\/"},"sameAs":["https:\/\/www.facebook.com\/strangercam","https:\/\/x.com\/strangercamapp"]}]}},"_links":{"self":[{"href":"https:\/\/strangercam.com\/fr\/wp-json\/wp\/v2\/pages\/11954","targetHints":{"allow":["GET"]}}],"collection":[{"href":"https:\/\/strangercam.com\/fr\/wp-json\/wp\/v2\/pages"}],"about":[{"href":"https:\/\/strangercam.com\/fr\/wp-json\/wp\/v2\/types\/page"}],"author":[{"embeddable":true,"href":"https:\/\/strangercam.com\/fr\/wp-json\/wp\/v2\/users\/6"}],"replies":[{"embeddable":true,"href":"https:\/\/strangercam.com\/fr\/wp-json\/wp\/v2\/comments?post=11954"}],"version-history":[{"count":1,"href":"https:\/\/strangercam.com\/fr\/wp-json\/wp\/v2\/pages\/11954\/revisions"}],"predecessor-version":[{"id":12919,"href":"https:\/\/strangercam.com\/fr\/wp-json\/wp\/v2\/pages\/11954\/revisions\/12919"}],"wp:attachment":[{"href":"https:\/\/strangercam.com\/fr\/wp-json\/wp\/v2\/media?parent=11954"}],"curies":[{"name":"wp","href":"https:\/\/api.w.org\/{rel}","templated":true}]}}