{"id":11273,"date":"2022-08-11T20:04:37","date_gmt":"2022-08-11T18:04:37","guid":{"rendered":"https:\/\/strangercam.com\/?page_id=11273"},"modified":"2023-08-21T11:40:07","modified_gmt":"2023-08-21T09:40:07","slug":"321chat","status":"publish","type":"page","link":"https:\/\/strangercam.com\/fr\/321chat\/","title":{"rendered":"321chat"},"content":{"rendered":"<p>Nous connaissons tous ce sentiment de g\u00eane lorsque nous nous trouvons dans une situation sociale et que nous ne connaissons personne. M\u00eame s'il y a d'autres personnes autour de nous, nous pouvons avoir l'impression d'\u00eatre les seuls dans la pi\u00e8ce. Et s'il existait un moyen de parler \u00e0 des inconnus sans aucune g\u00eane ni stress ?<\/p>\n<p>Introduction <a href=\"https:\/\/strangercam.com\/fr\/strangermeetup\/\">321chat<\/a>, a <a href=\"https:\/\/strangercam.com\/fr\/chatroulette\/\">chat<\/a> Le site 321chat vous permet de vous connecter avec des personnes du monde entier. Que vous soyez \u00e0 la recherche d'un nouvel ami ou que vous souhaitiez simplement discuter de vos loisirs, 321chat est l'endroit id\u00e9al pour vous.<\/p>\n<h2>Qu'est-ce que 321chat ?<\/h2>\n<p>321chat est un site web qui fournit une plateforme permettant aux gens de discuter avec des inconnus. Le site est con\u00e7u pour faciliter les conversations anonymes entre deux personnes.<\/p>\n<p>321chat ne n\u00e9cessite pas d'inscription ni d'informations personnelles. Il vous suffit de choisir un nom d'utilisateur et de commencer \u00e0 chatter.<\/p>\n<p>Les conversations sur 321chat sont totalement anonymes. Cela signifie que vous pouvez dire ce que vous voulez sans craindre d'\u00eatre jug\u00e9.<\/p>\n<p>321chat est un endroit id\u00e9al pour parler de tout et de rien. Vous pouvez parler de votre journ\u00e9e, de vos loisirs, de vos pens\u00e9es et de tout ce que vous voulez.<\/p>\n<p>Si vous vous sentez seul(e) ou si vous voulez simplement parler \u00e0 quelqu'un, 321chat est l'endroit id\u00e9al pour vous. Vous pouvez trouver des personnes qui partagent vos centres d'int\u00e9r\u00eat et nouer de nouvelles relations.<\/p>\n<h2>Comment fonctionne 321chat ?<\/h2>\n<p>321chat est un site web qui vous permet de discuter avec des inconnus du monde entier.<\/p>\n<p>Vous pouvez commencer \u00e0 discuter en entrant votre nom et en choisissant un salon de discussion. Une fois dans la salle de chat, vous pourrez voir les autres utilisateurs de la salle et commencer \u00e0 discuter avec eux.<\/p>\n<p>Les conversations sur 321chat sont anonymes, ce qui signifie que vous pouvez dire ce que vous voulez sans craindre d'\u00eatre jug\u00e9.<\/p>\n<p>321chat est un excellent moyen de <a href=\"https:\/\/strangercam.com\/fr\/coomeet\/\">rencontrer<\/a> de nouvelles personnes et de se faire de nouveaux amis. C'est aussi un excellent moyen de d\u00e9couvrir d'autres cultures et de pratiquer l'anglais.<\/p>\n<h2>Comment entamer une conversation sur 321chat<\/h2>\n<p>Entamer une conversation sur 321chat peut \u00eatre facile si vous savez comment l'aborder. La cl\u00e9 est d'\u00eatre soi-m\u00eame et de ne pas avoir peur de poser des questions.<\/p>\n<p>Lorsque vous commencez \u00e0 discuter avec quelqu'un, il est important de vous pr\u00e9senter. Cela permettra \u00e0 l'autre personne de se sentir plus \u00e0 l'aise pour parler avec vous. Une fois que vous vous \u00eates pr\u00e9sent\u00e9, vous pouvez commencer \u00e0 poser des questions sur l'autre personne.<\/p>\n<p>Il est \u00e9galement important d'\u00eatre un auditeur actif lorsque vous discutez avec quelqu'un. Cela signifie que vous devez pr\u00eater attention \u00e0 ce que l'autre personne dit et essayer de participer \u00e0 la conversation. N'attendez pas votre tour pour parler !<\/p>\n<p>Si vous avez du mal \u00e0 trouver des choses \u00e0 dire, vous pouvez toujours demander \u00e0 l'autre personne quels sont ses loisirs ou ses centres d'int\u00e9r\u00eat. Les gens aiment parler d'eux, c'est donc un excellent moyen d'engager la conversation.<\/p>\n<p>Enfin, n'oubliez pas de vous amuser ! Discuter avec des inconnus peut \u00eatre un excellent moyen de se faire de nouveaux amis, alors amusez-vous et n'ayez pas peur d'\u00eatre vous-m\u00eame.<\/p>\n<h2>Que faire si vous vous sentez timide sur 321chat ?<\/h2>\n<p>Si vous vous sentez timide sur le 321chat, ne vous inqui\u00e9tez pas ! Il y a beaucoup de choses que vous pouvez faire pour rendre l'exp\u00e9rience plus agr\u00e9able.<\/p>\n<p>Tout d'abord, respirez profond\u00e9ment et d\u00e9tendez-vous. Il est important de se rappeler que tout le monde est l\u00e0 pour discuter et s'amuser. Il n'y a pas lieu d'\u00eatre nerveux.<\/p>\n<p>Deuxi\u00e8mement, commencez par discuter avec les personnes qui se trouvent dans la m\u00eame salle que vous. Vous pourrez ainsi apprendre \u00e0 les conna\u00eetre un peu avant de passer aux discussions priv\u00e9es.<\/p>\n<p>Troisi\u00e8mement, essayez d'\u00eatre vous-m\u00eame ! Soyez amical et ouvert, et les gens vous r\u00e9pondront en retour. N'ayez pas peur de poser des questions ou d'entamer des conversations.<\/p>\n<p>Quatri\u00e8mement, si vous vous sentez mal \u00e0 l'aise, vous pouvez toujours quitter la salle de discussion. Personne ne vous obligera \u00e0 rester si vous ne vous amusez pas.<\/p>\n<p>Alors n'h\u00e9sitez pas \u00e0 essayer 321chat ! Nous vous promettons que vous passerez un bon moment.<\/p>\n<h2>Quels sont les avantages de parler avec des inconnus sur 321chat ?<\/h2>\n<p>Nous connaissons tous ce sentiment de malaise lorsque nous nous trouvons dans une situation sociale o\u00f9 nous ne connaissons personne. Il est dans la nature humaine de vouloir entrer en contact avec les autres, et le meilleur moyen d'y parvenir est parfois de parler \u00e0 des inconnus.<\/p>\n<p>Discuter avec des inconnus sur 321chat pr\u00e9sente en fait de nombreux avantages. Tout d'abord, cela peut vous aider \u00e0 exercer vos comp\u00e9tences sociales. Si vous \u00eates timide ou introverti, parler \u00e0 des inconnus peut \u00eatre un excellent moyen de renforcer votre confiance en vous.<\/p>\n<p>Il peut \u00e9galement vous aider \u00e0 \u00e9largir votre cercle social. On ne sait jamais, vous pourriez rencontrer sur 321chat quelqu'un qui deviendra un bon ami, voire plus.<\/p>\n<p>Parler \u00e0 des inconnus peut \u00e9galement \u00eatre un excellent moyen de d\u00e9couvrir de nouvelles cultures et exp\u00e9riences. Vous serez surpris de voir tout ce que vous pouvez apprendre sur quelqu'un simplement en discutant avec lui pendant quelques minutes.<\/p>\n<p>La prochaine fois que vous vous retrouverez sur 321chat, n'ayez pas peur d'engager la conversation avec quelqu'un de nouveau. Vous pourriez bien vous rendre compte que c'est la meilleure d\u00e9cision que vous ayez jamais prise !<\/p>\n<h2>Avantages et inconv\u00e9nients de 321chat<\/h2>\n<p>Parmi les avantages de 321chat, citons le fait qu'il s'agit d'un site de chat gratuit et s\u00e9curis\u00e9, qu'il dispose d'une large base d'utilisateurs et qu'il est disponible dans de nombreuses langues. En outre, 321chat offre des fonctionnalit\u00e9s telles que le chat de groupe, les appels VoIP et le partage de fichiers.<\/p>\n<p>Toutefois, parmi les inconv\u00e9nients de 321chat, on peut citer le fait qu'il peut \u00eatre difficile de trouver des amis sur le site et que celui-ci peut parfois \u00eatre lent.<\/p>\n<h2>Comment tirer le meilleur parti de 321chat ?<\/h2>\n<p>321chat est un excellent moyen de se faire de nouveaux amis et de se connecter avec des personnes du monde entier. C'est aussi un excellent moyen d'avoir des conversations avec des inconnus, ce qui peut \u00eatre tr\u00e8s amusant !<\/p>\n<p>Il y a plusieurs choses que vous pouvez faire pour tirer le meilleur parti de 321chat :<\/p>\n<ol>\n<li>Utilisez le chat pour avoir des conversations informelles avec des inconnus. C'est un excellent moyen d'en apprendre davantage sur eux et de nouer \u00e9ventuellement une amiti\u00e9.<\/li>\n<li>Utilisez le chat pour trouver des informations ou des conseils. Si vous cherchez des informations sur un sujet, le chat peut \u00eatre un moyen plus rapide et plus facile de les trouver que la recherche en ligne.<\/li>\n<li>Utilisez le chat comme une opportunit\u00e9 de pratiquer votre anglais oral. Vous ne savez jamais quand vous aurez besoin d'utiliser l'anglais lors d'un entretien ou d'une conversation en dehors de 321chat !<\/li>\n<\/ol>\n<h2>Peut-on l'utiliser en toute s\u00e9curit\u00e9 ?<\/h2>\n<p>Il ne fait aucun doute que parler \u00e0 des inconnus sur le chat est une exp\u00e9rience amusante et passionnante. Cependant, il est important de se rappeler qu'il est vital de faire preuve de prudence lors des conversations sur le chat.<\/p>\n<p>L'un des principaux probl\u00e8mes de s\u00e9curit\u00e9 li\u00e9s \u00e0 l'utilisation du chat est la cyberintimidation. La cyberintimidation d\u00e9signe tout type de harc\u00e8lement en ligne ou hors ligne entre des personnes qui se connaissent. Il peut s'agir d'envoyer des messages blessants, de se moquer de quelqu'un ou de publier des photos embarrassantes.<\/p>\n<p>Il est important de se rappeler que vous avez affaire \u00e0 des personnes que vous ne connaissez pas dans un lieu public. <a href=\"https:\/\/strangercam.com\/fr\/mocospace\/\">espace<\/a>. Cela signifie qu'elle peut \u00eatre contrari\u00e9e ou en col\u00e8re contre vous \u00e0 tout moment. Si vous vous sentez mal \u00e0 l'aise ou menac\u00e9, cessez imm\u00e9diatement de communiquer avec cette personne.<\/p>\n<h2>Mesures pr\u00e9ventives lors de l'utilisation d'un chat vid\u00e9o al\u00e9atoire<\/h2>\n<p>L'un des meilleurs moyens de se pr\u00e9munir contre les agressions et le harc\u00e8lement lors de l'utilisation d'un t\u00e9l\u00e9phone portable est d'avoir acc\u00e8s \u00e0 l'Internet. <a href=\"https:\/\/strangercam.com\/fr\/chathub\/\">chat vid\u00e9o al\u00e9atoire<\/a> est de prendre des mesures proactives. Voici quelques conseils \u00e0 suivre :<\/p>\n<ol>\n<li>Utilisez toujours un r\u00e9seau priv\u00e9 virtuel (VPN) lorsque vous utilisez le chat vid\u00e9o al\u00e9atoire. Un VPN cryptera vos donn\u00e9es et les emp\u00eachera d'\u00eatre vues par quiconque sur le r\u00e9seau. Cela vous aidera \u00e0 \u00e9viter les attaques ou le harc\u00e8lement potentiels.<\/li>\n<li>Utilisez toujours un nom d'utilisateur et un mot de passe diff\u00e9rents pour chaque compte de chat vid\u00e9o al\u00e9atoire que vous cr\u00e9ez. Ainsi, si quelqu'un vous attaque ou vous harc\u00e8le, il ne pourra pas acc\u00e9der \u00e0 vos autres comptes avec ce nom d'utilisateur et ce mot de passe.<\/li>\n<li>Ne communiquez pas d'informations personnelles telles que votre nom complet ou votre adresse \u00e0 des inconnus lors d'un chat vid\u00e9o al\u00e9atoire. Si quelqu'un vous attaque ou vous harc\u00e8le, il pourra ainsi en savoir plus sur vous.<\/li>\n<\/ol>\n<p>En suivant les mesures de pr\u00e9caution suivantes, vous pouvez vous assurer de vivre une exp\u00e9rience s\u00fbre et agr\u00e9able en utilisant le chat vid\u00e9o al\u00e9atoire.<\/p>\n<h2>Conclusion<\/h2>\n<p>321chat est une ressource formidable pour les personnes qui cherchent \u00e0 se faire des amis ou \u00e0 en trouver de nouveaux. Le salon de discussion est ouvert 24 heures sur 24, 7 jours sur 7, et vous pouvez vous inscrire en tapant votre ville ou votre pays et en cliquant sur le lien. Une fois connect\u00e9, commencez \u00e0 discuter avec toute personne qui vous semble int\u00e9ressante ! Vous ne saurez jamais quel genre d'amiti\u00e9 vous pourrez nouer de cette mani\u00e8re.<\/p>","protected":false},"excerpt":{"rendered":"<p>We all know that feeling of awkwardness when we&#8217;re in a social situation and we don&#8217;t know anyone. Even if there are other people around, it can feel like we&#8217;re the only ones in the room. But what if there was a way to talk to strangers that didn&#8217;t involve any of the awkwardness or [&hellip;]<\/p>\n","protected":false},"author":6,"featured_media":559,"parent":0,"menu_order":0,"comment_status":"closed","ping_status":"closed","template":"","meta":{"footnotes":""},"class_list":["post-11273","page","type-page","status-publish","has-post-thumbnail","hentry"],"yoast_head":"<!-- This site is optimized with the Yoast SEO plugin v27.4 - https:\/\/yoast.com\/product\/yoast-seo-wordpress\/ -->\n<title>321chat - Chat with strangers on StrangerCam.com<\/title>\n<meta name=\"description\" content=\"Like 321chat? Come chat with more than 5.000.000 strangers on Stranger Cam for Free! Turn on your cam and find new friends &amp; maby a match!\" \/>\n<meta name=\"robots\" content=\"index, follow, max-snippet:-1, max-image-preview:large, max-video-preview:-1\" \/>\n<link rel=\"canonical\" href=\"https:\/\/strangercam.com\/fr\/321chat\/\" \/>\n<meta property=\"og:locale\" content=\"fr_FR\" \/>\n<meta property=\"og:type\" content=\"article\" \/>\n<meta property=\"og:title\" content=\"321chat - Chat with strangers on StrangerCam.com\" \/>\n<meta property=\"og:description\" content=\"Like 321chat? Come chat with more than 5.000.000 strangers on Stranger Cam for Free! Turn on your cam and find new friends &amp; maby a match!\" \/>\n<meta property=\"og:url\" content=\"https:\/\/strangercam.com\/fr\/321chat\/\" \/>\n<meta property=\"og:site_name\" content=\"Strangercam\" \/>\n<meta property=\"article:publisher\" content=\"https:\/\/www.facebook.com\/strangercam\" \/>\n<meta property=\"article:modified_time\" content=\"2023-08-21T09:40:07+00:00\" \/>\n<meta property=\"og:image\" content=\"https:\/\/strangercam.com\/wp-content\/uploads\/2020\/11\/stranger-cam-1.png\" \/>\n\t<meta property=\"og:image:width\" content=\"800\" \/>\n\t<meta property=\"og:image:height\" content=\"800\" \/>\n\t<meta property=\"og:image:type\" content=\"image\/png\" \/>\n<meta name=\"twitter:card\" content=\"summary_large_image\" \/>\n<meta name=\"twitter:site\" content=\"@strangercamapp\" \/>\n<meta name=\"twitter:label1\" content=\"Dur\u00e9e de lecture estim\u00e9e\" \/>\n\t<meta name=\"twitter:data1\" content=\"7 minutes\" \/>\n<script type=\"application\/ld+json\" class=\"yoast-schema-graph\">{\"@context\":\"https:\\\/\\\/schema.org\",\"@graph\":[{\"@type\":\"WebPage\",\"@id\":\"https:\\\/\\\/strangercam.com\\\/321chat\\\/\",\"url\":\"https:\\\/\\\/strangercam.com\\\/321chat\\\/\",\"name\":\"321chat - Chat with strangers on StrangerCam.com\",\"isPartOf\":{\"@id\":\"https:\\\/\\\/strangercam.com\\\/#website\"},\"primaryImageOfPage\":{\"@id\":\"https:\\\/\\\/strangercam.com\\\/321chat\\\/#primaryimage\"},\"image\":{\"@id\":\"https:\\\/\\\/strangercam.com\\\/321chat\\\/#primaryimage\"},\"thumbnailUrl\":\"https:\\\/\\\/strangercam.com\\\/wp-content\\\/uploads\\\/2020\\\/11\\\/stranger-cam-1.png\",\"datePublished\":\"2022-08-11T18:04:37+00:00\",\"dateModified\":\"2023-08-21T09:40:07+00:00\",\"description\":\"Like 321chat? Come chat with more than 5.000.000 strangers on Stranger Cam for Free! Turn on your cam and find new friends & maby a match!\",\"breadcrumb\":{\"@id\":\"https:\\\/\\\/strangercam.com\\\/321chat\\\/#breadcrumb\"},\"inLanguage\":\"fr-FR\",\"potentialAction\":[{\"@type\":\"ReadAction\",\"target\":[\"https:\\\/\\\/strangercam.com\\\/321chat\\\/\"]}]},{\"@type\":\"ImageObject\",\"inLanguage\":\"fr-FR\",\"@id\":\"https:\\\/\\\/strangercam.com\\\/321chat\\\/#primaryimage\",\"url\":\"https:\\\/\\\/strangercam.com\\\/wp-content\\\/uploads\\\/2020\\\/11\\\/stranger-cam-1.png\",\"contentUrl\":\"https:\\\/\\\/strangercam.com\\\/wp-content\\\/uploads\\\/2020\\\/11\\\/stranger-cam-1.png\",\"width\":800,\"height\":800,\"caption\":\"stranger cam random video chat\"},{\"@type\":\"BreadcrumbList\",\"@id\":\"https:\\\/\\\/strangercam.com\\\/321chat\\\/#breadcrumb\",\"itemListElement\":[{\"@type\":\"ListItem\",\"position\":1,\"name\":\"Home\",\"item\":\"https:\\\/\\\/strangercam.com\\\/\"},{\"@type\":\"ListItem\",\"position\":2,\"name\":\"321chat\"}]},{\"@type\":\"WebSite\",\"@id\":\"https:\\\/\\\/strangercam.com\\\/#website\",\"url\":\"https:\\\/\\\/strangercam.com\\\/\",\"name\":\"Strangercam\",\"description\":\"Random Video Chat with Strangers\",\"publisher\":{\"@id\":\"https:\\\/\\\/strangercam.com\\\/#organization\"},\"alternateName\":\"Strangercam.com\",\"potentialAction\":[{\"@type\":\"SearchAction\",\"target\":{\"@type\":\"EntryPoint\",\"urlTemplate\":\"https:\\\/\\\/strangercam.com\\\/?s={search_term_string}\"},\"query-input\":{\"@type\":\"PropertyValueSpecification\",\"valueRequired\":true,\"valueName\":\"search_term_string\"}}],\"inLanguage\":\"fr-FR\"},{\"@type\":\"Organization\",\"@id\":\"https:\\\/\\\/strangercam.com\\\/#organization\",\"name\":\"Strangercam\",\"alternateName\":\"Strangercam.com\",\"url\":\"https:\\\/\\\/strangercam.com\\\/\",\"logo\":{\"@type\":\"ImageObject\",\"inLanguage\":\"fr-FR\",\"@id\":\"https:\\\/\\\/strangercam.com\\\/#\\\/schema\\\/logo\\\/image\\\/\",\"url\":\"https:\\\/\\\/strangercam.com\\\/wp-content\\\/uploads\\\/2020\\\/11\\\/cropped-new-favicon-black.png\",\"contentUrl\":\"https:\\\/\\\/strangercam.com\\\/wp-content\\\/uploads\\\/2020\\\/11\\\/cropped-new-favicon-black.png\",\"width\":512,\"height\":512,\"caption\":\"Strangercam\"},\"image\":{\"@id\":\"https:\\\/\\\/strangercam.com\\\/#\\\/schema\\\/logo\\\/image\\\/\"},\"sameAs\":[\"https:\\\/\\\/www.facebook.com\\\/strangercam\",\"https:\\\/\\\/x.com\\\/strangercamapp\"]}]}<\/script>\n<!-- \/ Yoast SEO plugin. -->","yoast_head_json":{"title":"321chat - Chat avec des inconnus sur StrangerCam.com","description":"Vous aimez 321chat ? Venez discuter avec plus de 5.000.000 d'inconnus sur Stranger Cam gratuitement ! Allume ta cam\u00e9ra et trouve de nouveaux amis et peut-\u00eatre un partenaire !","robots":{"index":"index","follow":"follow","max-snippet":"max-snippet:-1","max-image-preview":"max-image-preview:large","max-video-preview":"max-video-preview:-1"},"canonical":"https:\/\/strangercam.com\/fr\/321chat\/","og_locale":"fr_FR","og_type":"article","og_title":"321chat - Chat with strangers on StrangerCam.com","og_description":"Like 321chat? Come chat with more than 5.000.000 strangers on Stranger Cam for Free! Turn on your cam and find new friends & maby a match!","og_url":"https:\/\/strangercam.com\/fr\/321chat\/","og_site_name":"Strangercam","article_publisher":"https:\/\/www.facebook.com\/strangercam","article_modified_time":"2023-08-21T09:40:07+00:00","og_image":[{"width":800,"height":800,"url":"https:\/\/strangercam.com\/wp-content\/uploads\/2020\/11\/stranger-cam-1.png","type":"image\/png"}],"twitter_card":"summary_large_image","twitter_site":"@strangercamapp","twitter_misc":{"Dur\u00e9e de lecture estim\u00e9e":"7 minutes"},"schema":{"@context":"https:\/\/schema.org","@graph":[{"@type":"WebPage","@id":"https:\/\/strangercam.com\/321chat\/","url":"https:\/\/strangercam.com\/321chat\/","name":"321chat - Chat avec des inconnus sur StrangerCam.com","isPartOf":{"@id":"https:\/\/strangercam.com\/#website"},"primaryImageOfPage":{"@id":"https:\/\/strangercam.com\/321chat\/#primaryimage"},"image":{"@id":"https:\/\/strangercam.com\/321chat\/#primaryimage"},"thumbnailUrl":"https:\/\/strangercam.com\/wp-content\/uploads\/2020\/11\/stranger-cam-1.png","datePublished":"2022-08-11T18:04:37+00:00","dateModified":"2023-08-21T09:40:07+00:00","description":"Vous aimez 321chat ? Venez discuter avec plus de 5.000.000 d'inconnus sur Stranger Cam gratuitement ! Allume ta cam\u00e9ra et trouve de nouveaux amis et peut-\u00eatre un partenaire !","breadcrumb":{"@id":"https:\/\/strangercam.com\/321chat\/#breadcrumb"},"inLanguage":"fr-FR","potentialAction":[{"@type":"ReadAction","target":["https:\/\/strangercam.com\/321chat\/"]}]},{"@type":"ImageObject","inLanguage":"fr-FR","@id":"https:\/\/strangercam.com\/321chat\/#primaryimage","url":"https:\/\/strangercam.com\/wp-content\/uploads\/2020\/11\/stranger-cam-1.png","contentUrl":"https:\/\/strangercam.com\/wp-content\/uploads\/2020\/11\/stranger-cam-1.png","width":800,"height":800,"caption":"stranger cam random video chat"},{"@type":"BreadcrumbList","@id":"https:\/\/strangercam.com\/321chat\/#breadcrumb","itemListElement":[{"@type":"ListItem","position":1,"name":"Home","item":"https:\/\/strangercam.com\/"},{"@type":"ListItem","position":2,"name":"321chat"}]},{"@type":"WebSite","@id":"https:\/\/strangercam.com\/#website","url":"https:\/\/strangercam.com\/","name":"Strangercam","description":"Chat vid\u00e9o al\u00e9atoire avec des inconnus","publisher":{"@id":"https:\/\/strangercam.com\/#organization"},"alternateName":"Strangercam.com","potentialAction":[{"@type":"SearchAction","target":{"@type":"EntryPoint","urlTemplate":"https:\/\/strangercam.com\/?s={search_term_string}"},"query-input":{"@type":"PropertyValueSpecification","valueRequired":true,"valueName":"search_term_string"}}],"inLanguage":"fr-FR"},{"@type":"Organization","@id":"https:\/\/strangercam.com\/#organization","name":"Strangercam","alternateName":"Strangercam.com","url":"https:\/\/strangercam.com\/","logo":{"@type":"ImageObject","inLanguage":"fr-FR","@id":"https:\/\/strangercam.com\/#\/schema\/logo\/image\/","url":"https:\/\/strangercam.com\/wp-content\/uploads\/2020\/11\/cropped-new-favicon-black.png","contentUrl":"https:\/\/strangercam.com\/wp-content\/uploads\/2020\/11\/cropped-new-favicon-black.png","width":512,"height":512,"caption":"Strangercam"},"image":{"@id":"https:\/\/strangercam.com\/#\/schema\/logo\/image\/"},"sameAs":["https:\/\/www.facebook.com\/strangercam","https:\/\/x.com\/strangercamapp"]}]}},"_links":{"self":[{"href":"https:\/\/strangercam.com\/fr\/wp-json\/wp\/v2\/pages\/11273","targetHints":{"allow":["GET"]}}],"collection":[{"href":"https:\/\/strangercam.com\/fr\/wp-json\/wp\/v2\/pages"}],"about":[{"href":"https:\/\/strangercam.com\/fr\/wp-json\/wp\/v2\/types\/page"}],"author":[{"embeddable":true,"href":"https:\/\/strangercam.com\/fr\/wp-json\/wp\/v2\/users\/6"}],"replies":[{"embeddable":true,"href":"https:\/\/strangercam.com\/fr\/wp-json\/wp\/v2\/comments?post=11273"}],"version-history":[{"count":0,"href":"https:\/\/strangercam.com\/fr\/wp-json\/wp\/v2\/pages\/11273\/revisions"}],"wp:featuredmedia":[{"embeddable":true,"href":"https:\/\/strangercam.com\/fr\/wp-json\/wp\/v2\/media\/559"}],"wp:attachment":[{"href":"https:\/\/strangercam.com\/fr\/wp-json\/wp\/v2\/media?parent=11273"}],"curies":[{"name":"wp","href":"https:\/\/api.w.org\/{rel}","templated":true}]}}