{"id":11248,"date":"2022-08-11T19:57:16","date_gmt":"2022-08-11T17:57:16","guid":{"rendered":"https:\/\/strangercam.com\/?page_id=11248"},"modified":"2023-08-21T12:38:41","modified_gmt":"2023-08-21T10:38:41","slug":"spinchat","status":"publish","type":"page","link":"https:\/\/strangercam.com\/fr\/spinchat\/","title":{"rendered":"Spinchat"},"content":{"rendered":"<p>Si vous vous sentez seul ou si vous voulez simplement parler \u00e0 quelqu'un, SpinChat est l'endroit id\u00e9al pour le faire. Il s'agit d'un <a href=\"https:\/\/strangercam.com\/fr\/chatroulette\/\">chat<\/a> Le site vous permet de parler \u00e0 des inconnus dans le monde entier, et vous ne savez jamais qui vous pourriez rencontrer. <a href=\"https:\/\/strangercam.com\/fr\/coomeet\/\">rencontrer<\/a>. Vous pourriez vous faire un nouvel ami ou m\u00eame trouver l'\u00e2me s\u0153ur. Alors pourquoi ne pas essayer ?<\/p>\n<h2>Qu'est-ce que le spinchat ?<\/h2>\n<p>SpinChat est un <a href=\"https:\/\/strangercam.com\/fr\/chathub\/\">chat vid\u00e9o al\u00e9atoire<\/a> qui vous permet de discuter avec des inconnus du monde entier. C'est un excellent moyen de rencontrer de nouvelles personnes et de se faire de nouveaux amis. Vous pouvez \u00e9galement utiliser SpinChat pour trouver l'amour ou simplement pour vous amuser.<\/p>\n<h2>Comment utiliser spinchat ?<\/h2>\n<p>Si tu cherches un moyen amusant et facile de rencontrer de nouvelles personnes, tu devrais essayer spinchat ! Voici comment l'utiliser :<\/p>\n<ul>\n<li style=\"font-weight: 400;\" aria-level=\"1\">Allez sur le site web de spinchat et cr\u00e9ez un compte.<\/li>\n<li style=\"font-weight: 400;\" aria-level=\"1\">Une fois connect\u00e9, vous pourrez voir une liste de tous les salons de discussion disponibles.<\/li>\n<li style=\"font-weight: 400;\" aria-level=\"1\">Choisissez la salle qui vous int\u00e9resse et commencez \u00e0 discuter !<\/li>\n<li style=\"font-weight: 400;\" aria-level=\"1\">Pour rendre les choses plus int\u00e9ressantes, essayez d'utiliser le mode anonyme afin de cacher votre identit\u00e9.<\/li>\n<li style=\"font-weight: 400;\" aria-level=\"1\">Amusez-vous et faites-vous de nouveaux amis !<\/li>\n<\/ul>\n<h2>Les avantages de l'utilisation de spinchat<\/h2>\n<p>L'utilisation de spinchat pr\u00e9sente de nombreux avantages, notamment la possibilit\u00e9 d'entrer en contact avec des personnes du monde entier. Avec spinchat, vous pouvez parler \u00e0 des inconnus dans un environnement s\u00fbr et s\u00e9curis\u00e9. C'est un excellent moyen de se faire de nouveaux amis ou m\u00eame de trouver un partenaire romantique. En outre, spinchat est un excellent moyen de d\u00e9couvrir d'autres cultures et de se faire une id\u00e9e des diff\u00e9rentes parties du monde.<\/p>\n<h2>Les dangers de l'utilisation de spinchat<\/h2>\n<p>De nombreux dangers sont associ\u00e9s \u00e0 l'utilisation de spinchat, un site de r\u00e9seautage social qui permet aux utilisateurs de communiquer avec des inconnus. Voici quelques-uns de ces dangers :<\/p>\n<ul>\n<li style=\"font-weight: 400;\" aria-level=\"1\">Pr\u00e9dateurs : Certains pr\u00e9dateurs utilisent spinchat pour s'en prendre aux enfants et aux adultes vuln\u00e9rables. Ils peuvent se faire passer pour quelqu'un qu'ils ne sont pas afin de gagner votre confiance, puis vous exploiter \u00e9motionnellement ou sexuellement.<\/li>\n<li style=\"font-weight: 400;\" aria-level=\"1\">La cyberintimidation : Vous pouvez \u00eatre victime de cyberintimidation sur spinchat par quelqu'un qui ne vous aime pas ou qui n'est pas d'accord avec vous. Cela peut \u00eatre tr\u00e8s blessant et te faire sentir isol\u00e9.<\/li>\n<li style=\"font-weight: 400;\" aria-level=\"1\">Escroqueries et fraudes : Il existe \u00e9galement des escrocs sur spinchat qui essaient de vous inciter \u00e0 leur donner de l'argent ou des informations personnelles. Ils peuvent se faire passer pour quelqu'un d'autre afin de gagner votre confiance, puis vous voler.<\/li>\n<li style=\"font-weight: 400;\" aria-level=\"1\">Virus et logiciels malveillants : vous pouvez \u00e9galement t\u00e9l\u00e9charger par inadvertance des virus ou des logiciels malveillants sur votre ordinateur lorsque vous utilisez spinchat. Ceux-ci peuvent endommager votre ordinateur et mettre en danger vos informations personnelles.<\/li>\n<li style=\"font-weight: 400;\" aria-level=\"1\">D\u00e9pendance : Certaines personnes deviennent d\u00e9pendantes de spinchat et passent leur temps \u00e0 discuter avec des inconnus au lieu de faire des choses plus productives. Cela peut entra\u00eener des probl\u00e8mes dans la vie r\u00e9elle, comme la perte d'opportunit\u00e9s d'emploi ou la n\u00e9gligence des amis et des membres de la famille.<\/li>\n<\/ul>\n<h2>Avantages et inconv\u00e9nients de spinchat<\/h2>\n<p>Si vous cherchez un moyen de vous connecter avec des personnes du monde entier, vous vous demandez peut-\u00eatre si SpinChat est la plateforme qu'il vous faut. Dans cet article de blog, nous allons examiner les avantages et les inconv\u00e9nients de l'utilisation de SpinChat afin que vous puissiez d\u00e9cider par vous-m\u00eame si elle vous convient.<\/p>\n<p>D'un autre c\u00f4t\u00e9, SpinChat offre un excellent moyen d'entrer en contact avec des personnes des quatre coins du monde. Vous pouvez rejoindre des salons de discussion sur diff\u00e9rents sujets, ou cr\u00e9er votre propre salon de discussion et inviter des personnes \u00e0 vous rejoindre. Vous pouvez \u00e9galement envoyer des messages priv\u00e9s aux autres utilisateurs de la plateforme.<\/p>\n<p>Un autre avantage de SpinChat est qu'il s'agit d'une plateforme gratuite. Vous n'avez rien \u00e0 payer pour vous inscrire ou utiliser les fonctionnalit\u00e9s du site.<\/p>\n<p>Cependant, l'utilisation de SpinChat pr\u00e9sente \u00e9galement des inconv\u00e9nients. L'un d'entre eux est que le site ne dispose d'aucune fonctionnalit\u00e9 permettant de v\u00e9rifier les personnes avec lesquelles vous discutez. Cela signifie que vous pouvez vous retrouver \u00e0 parler \u00e0 quelqu'un qui n'est pas ce qu'il pr\u00e9tend \u00eatre, ou qui a des intentions malveillantes.<\/p>\n<p>Un autre inconv\u00e9nient potentiel est que SpinChat ne dispose pas d'un support client actif.<\/p>\n<h2>Comment tirer le meilleur parti de spinchat ?<\/h2>\n<p>Si vous souhaitez discuter avec des inconnus et vous faire de nouveaux amis, Spinchat est un excellent point de d\u00e9part. Voici quelques conseils pour vous aider \u00e0 tirer le meilleur parti de votre exp\u00e9rience :<\/p>\n<ul>\n<li style=\"font-weight: 400;\" aria-level=\"1\">Soyez vous-m\u00eame - il n'est pas n\u00e9cessaire de vous mettre en sc\u00e8ne ou d'agir comme quelqu'un que vous n'\u00eates pas. Soyez vous-m\u00eame et vous aurez beaucoup plus de facilit\u00e9 \u00e0 entrer en contact avec les autres.<\/li>\n<li style=\"font-weight: 400;\" aria-level=\"1\">Posez des questions - les gens aiment parler d'eux-m\u00eames, alors posez beaucoup de questions pour lancer la conversation.<\/li>\n<li style=\"font-weight: 400;\" aria-level=\"1\">Soyez respectueux - n'oubliez pas que chaque personne avec laquelle vous discutez est une personne r\u00e9elle, tout comme vous, alors traitez-la avec respect et courtoisie.<\/li>\n<li style=\"font-weight: 400;\" aria-level=\"1\">\u00a0Amusez-vous ! - Discuter avec de nouvelles personnes peut \u00eatre agr\u00e9able, alors d\u00e9tendez-vous et amusez-vous !<\/li>\n<\/ul>\n<h2>De quoi discuter avec des inconnus lors d'un chat vid\u00e9o ?<\/h2>\n<p>Dans le monde d'aujourd'hui, il est facile de se sentir d\u00e9connect\u00e9 et seul. Avec toute la technologie que nous avons au bout des doigts, il est facile de passer \u00e0 travers la vie sans jamais vraiment se connecter avec quelqu'un \u00e0 un niveau plus profond. C'est pourquoi le chat vid\u00e9o peut \u00eatre un excellent moyen de communiquer avec les autres.<\/p>\n<p>Lorsque vous discutez avec des inconnus sur <a href=\"https:\/\/strangercam.com\/fr\/rabbit-video-chat\/\">chat vid\u00e9o<\/a>Les possibilit\u00e9s de conversations int\u00e9ressantes sont infinies. Que vous souhaitiez parler de l'actualit\u00e9, de la culture pop ou simplement de votre vie quotidienne, il y a toujours quelque chose \u00e0 dire. Et qui sait ? Vous vous ferez peut-\u00eatre un nouvel ami.<\/p>\n<h2>Pourquoi spinchat est une plateforme de chat vid\u00e9o al\u00e9atoire si populaire ?<\/h2>\n<p>Il y a de nombreuses raisons pour lesquelles spinchat est une plateforme de chat vid\u00e9o al\u00e9atoire si populaire. L'une d'entre elles est que son utilisation est gratuite. Une autre raison est qu'il est facile \u00e0 utiliser et qu'il ne n\u00e9cessite aucune inscription. Enfin, il offre aux utilisateurs un excellent moyen de rencontrer de nouvelles personnes et de se faire de nouveaux amis.<\/p>\n<h2>Comment rester en s\u00e9curit\u00e9 sur spinchat<\/h2>\n<p>Spinchat est une plateforme id\u00e9ale pour rencontrer de nouvelles personnes et se faire des amis. Cependant, il est important de rester en s\u00e9curit\u00e9 lorsque l'on parle \u00e0 des inconnus en ligne. Voici quelques conseils pour vous aider \u00e0 rester en s\u00e9curit\u00e9 sur spinchat :<\/p>\n<ul>\n<li style=\"font-weight: 400;\" aria-level=\"1\">Ne donnez pas d'informations personnelles. Cela inclut votre nom complet, votre adresse, votre num\u00e9ro de t\u00e9l\u00e9phone, etc.<\/li>\n<li style=\"font-weight: 400;\" aria-level=\"1\">Si une personne vous met mal \u00e0 l'aise, bloquez-la et signalez-la aux mod\u00e9rateurs.<\/li>\n<li style=\"font-weight: 400;\" aria-level=\"1\">Ne rencontrez pas quelqu'un que vous avez <a href=\"https:\/\/strangercam.com\/fr\/chamet\/\">rencontr\u00e9<\/a> en ligne en personne.<\/li>\n<li style=\"font-weight: 400;\" aria-level=\"1\">Utilisez la fonction de messagerie priv\u00e9e pour parler \u00e0 des personnes que vous connaissez et en qui vous avez confiance.<\/li>\n<\/ul>\n<p>En suivant ces quelques conseils de s\u00e9curit\u00e9, vous pourrez vous amuser sur spinchat tout en restant en s\u00e9curit\u00e9.<\/p>\n<h2>Conclusion<\/h2>\n<p>L'un des aspects les plus int\u00e9ressants des m\u00e9dias sociaux est la possibilit\u00e9 d'entrer en contact avec des personnes du monde entier partageant les m\u00eames id\u00e9es. Que vous recherchiez l'amiti\u00e9, des conseils professionnels ou simplement quelqu'un avec qui discuter, il existe de nombreuses communaut\u00e9s qui r\u00e9pondront \u00e0 vos besoins. Un excellent exemple est spinchat, une plateforme qui permet aux utilisateurs de discuter avec des inconnus par le biais d'un chat vid\u00e9o. Si vous vous sentez perdu et que vous ne savez pas vers qui vous tourner, essayez spinchat !<\/p>","protected":false},"excerpt":{"rendered":"<p>If you&#8217;re feeling lonely or just want to talk to someone, SpinChat is a great place to do it. This chat site lets you talk to strangers all over the world, and you never know who you might meet. You might make a new friend, or even find your soulmate. So why not give it [&hellip;]<\/p>\n","protected":false},"author":6,"featured_media":559,"parent":0,"menu_order":0,"comment_status":"closed","ping_status":"closed","template":"","meta":{"footnotes":""},"class_list":["post-11248","page","type-page","status-publish","has-post-thumbnail","hentry"],"yoast_head":"<!-- This site is optimized with the Yoast SEO plugin v26.9 - https:\/\/yoast.com\/product\/yoast-seo-wordpress\/ -->\n<title>Spinchat - Chat with strangers on StrangerCam.com<\/title>\n<meta name=\"description\" content=\"Like Spinchat? Come chat with more than 5.000.000 strangers on Stranger Cam for Free! Turn on your cam and find new friends &amp; maby a match!\" \/>\n<meta name=\"robots\" content=\"index, follow, max-snippet:-1, max-image-preview:large, max-video-preview:-1\" \/>\n<link rel=\"canonical\" href=\"https:\/\/strangercam.com\/fr\/spinchat\/\" \/>\n<meta property=\"og:locale\" content=\"fr_FR\" \/>\n<meta property=\"og:type\" content=\"article\" \/>\n<meta property=\"og:title\" content=\"Spinchat - Chat with strangers on StrangerCam.com\" \/>\n<meta property=\"og:description\" content=\"Like Spinchat? Come chat with more than 5.000.000 strangers on Stranger Cam for Free! Turn on your cam and find new friends &amp; maby a match!\" \/>\n<meta property=\"og:url\" content=\"https:\/\/strangercam.com\/fr\/spinchat\/\" \/>\n<meta property=\"og:site_name\" content=\"Strangercam\" \/>\n<meta property=\"article:publisher\" content=\"https:\/\/www.facebook.com\/strangercam\" \/>\n<meta property=\"article:modified_time\" content=\"2023-08-21T10:38:41+00:00\" \/>\n<meta property=\"og:image\" content=\"https:\/\/strangercam.com\/wp-content\/uploads\/2020\/11\/stranger-cam-1.png\" \/>\n\t<meta property=\"og:image:width\" content=\"800\" \/>\n\t<meta property=\"og:image:height\" content=\"800\" \/>\n\t<meta property=\"og:image:type\" content=\"image\/png\" \/>\n<meta name=\"twitter:card\" content=\"summary_large_image\" \/>\n<meta name=\"twitter:site\" content=\"@strangercamapp\" \/>\n<meta name=\"twitter:label1\" content=\"Dur\u00e9e de lecture estim\u00e9e\" \/>\n\t<meta name=\"twitter:data1\" content=\"6 minutes\" \/>\n<script type=\"application\/ld+json\" class=\"yoast-schema-graph\">{\"@context\":\"https:\/\/schema.org\",\"@graph\":[{\"@type\":\"WebPage\",\"@id\":\"https:\/\/strangercam.com\/spinchat\/\",\"url\":\"https:\/\/strangercam.com\/spinchat\/\",\"name\":\"Spinchat - Chat with strangers on StrangerCam.com\",\"isPartOf\":{\"@id\":\"https:\/\/strangercam.com\/#website\"},\"primaryImageOfPage\":{\"@id\":\"https:\/\/strangercam.com\/spinchat\/#primaryimage\"},\"image\":{\"@id\":\"https:\/\/strangercam.com\/spinchat\/#primaryimage\"},\"thumbnailUrl\":\"https:\/\/strangercam.com\/wp-content\/uploads\/2020\/11\/stranger-cam-1.png\",\"datePublished\":\"2022-08-11T17:57:16+00:00\",\"dateModified\":\"2023-08-21T10:38:41+00:00\",\"description\":\"Like Spinchat? Come chat with more than 5.000.000 strangers on Stranger Cam for Free! Turn on your cam and find new friends & maby a match!\",\"breadcrumb\":{\"@id\":\"https:\/\/strangercam.com\/spinchat\/#breadcrumb\"},\"inLanguage\":\"fr-FR\",\"potentialAction\":[{\"@type\":\"ReadAction\",\"target\":[\"https:\/\/strangercam.com\/spinchat\/\"]}]},{\"@type\":\"ImageObject\",\"inLanguage\":\"fr-FR\",\"@id\":\"https:\/\/strangercam.com\/spinchat\/#primaryimage\",\"url\":\"https:\/\/strangercam.com\/wp-content\/uploads\/2020\/11\/stranger-cam-1.png\",\"contentUrl\":\"https:\/\/strangercam.com\/wp-content\/uploads\/2020\/11\/stranger-cam-1.png\",\"width\":800,\"height\":800,\"caption\":\"stranger cam random video chat\"},{\"@type\":\"BreadcrumbList\",\"@id\":\"https:\/\/strangercam.com\/spinchat\/#breadcrumb\",\"itemListElement\":[{\"@type\":\"ListItem\",\"position\":1,\"name\":\"Home\",\"item\":\"https:\/\/strangercam.com\/\"},{\"@type\":\"ListItem\",\"position\":2,\"name\":\"Spinchat\"}]},{\"@type\":\"WebSite\",\"@id\":\"https:\/\/strangercam.com\/#website\",\"url\":\"https:\/\/strangercam.com\/\",\"name\":\"Strangercam\",\"description\":\"Random Video Chat with Strangers\",\"publisher\":{\"@id\":\"https:\/\/strangercam.com\/#organization\"},\"alternateName\":\"Strangercam.com\",\"potentialAction\":[{\"@type\":\"SearchAction\",\"target\":{\"@type\":\"EntryPoint\",\"urlTemplate\":\"https:\/\/strangercam.com\/?s={search_term_string}\"},\"query-input\":{\"@type\":\"PropertyValueSpecification\",\"valueRequired\":true,\"valueName\":\"search_term_string\"}}],\"inLanguage\":\"fr-FR\"},{\"@type\":\"Organization\",\"@id\":\"https:\/\/strangercam.com\/#organization\",\"name\":\"Strangercam\",\"alternateName\":\"Strangercam.com\",\"url\":\"https:\/\/strangercam.com\/\",\"logo\":{\"@type\":\"ImageObject\",\"inLanguage\":\"fr-FR\",\"@id\":\"https:\/\/strangercam.com\/#\/schema\/logo\/image\/\",\"url\":\"https:\/\/strangercam.com\/wp-content\/uploads\/2020\/11\/cropped-new-favicon-black.png\",\"contentUrl\":\"https:\/\/strangercam.com\/wp-content\/uploads\/2020\/11\/cropped-new-favicon-black.png\",\"width\":512,\"height\":512,\"caption\":\"Strangercam\"},\"image\":{\"@id\":\"https:\/\/strangercam.com\/#\/schema\/logo\/image\/\"},\"sameAs\":[\"https:\/\/www.facebook.com\/strangercam\",\"https:\/\/x.com\/strangercamapp\"]}]}<\/script>\n<!-- \/ Yoast SEO plugin. -->","yoast_head_json":{"title":"Spinchat - Chat avec des \u00e9trangers sur StrangerCam.com","description":"Vous aimez Spinchat ? Venez discuter avec plus de 5.000.000 d'inconnus sur Stranger Cam gratuitement ! Allume ta cam\u00e9ra et trouve de nouveaux amis et peut-\u00eatre un partenaire !","robots":{"index":"index","follow":"follow","max-snippet":"max-snippet:-1","max-image-preview":"max-image-preview:large","max-video-preview":"max-video-preview:-1"},"canonical":"https:\/\/strangercam.com\/fr\/spinchat\/","og_locale":"fr_FR","og_type":"article","og_title":"Spinchat - Chat with strangers on StrangerCam.com","og_description":"Like Spinchat? Come chat with more than 5.000.000 strangers on Stranger Cam for Free! Turn on your cam and find new friends & maby a match!","og_url":"https:\/\/strangercam.com\/fr\/spinchat\/","og_site_name":"Strangercam","article_publisher":"https:\/\/www.facebook.com\/strangercam","article_modified_time":"2023-08-21T10:38:41+00:00","og_image":[{"width":800,"height":800,"url":"https:\/\/strangercam.com\/wp-content\/uploads\/2020\/11\/stranger-cam-1.png","type":"image\/png"}],"twitter_card":"summary_large_image","twitter_site":"@strangercamapp","twitter_misc":{"Dur\u00e9e de lecture estim\u00e9e":"6 minutes"},"schema":{"@context":"https:\/\/schema.org","@graph":[{"@type":"WebPage","@id":"https:\/\/strangercam.com\/spinchat\/","url":"https:\/\/strangercam.com\/spinchat\/","name":"Spinchat - Chat avec des \u00e9trangers sur StrangerCam.com","isPartOf":{"@id":"https:\/\/strangercam.com\/#website"},"primaryImageOfPage":{"@id":"https:\/\/strangercam.com\/spinchat\/#primaryimage"},"image":{"@id":"https:\/\/strangercam.com\/spinchat\/#primaryimage"},"thumbnailUrl":"https:\/\/strangercam.com\/wp-content\/uploads\/2020\/11\/stranger-cam-1.png","datePublished":"2022-08-11T17:57:16+00:00","dateModified":"2023-08-21T10:38:41+00:00","description":"Vous aimez Spinchat ? Venez discuter avec plus de 5.000.000 d'inconnus sur Stranger Cam gratuitement ! Allume ta cam\u00e9ra et trouve de nouveaux amis et peut-\u00eatre un partenaire !","breadcrumb":{"@id":"https:\/\/strangercam.com\/spinchat\/#breadcrumb"},"inLanguage":"fr-FR","potentialAction":[{"@type":"ReadAction","target":["https:\/\/strangercam.com\/spinchat\/"]}]},{"@type":"ImageObject","inLanguage":"fr-FR","@id":"https:\/\/strangercam.com\/spinchat\/#primaryimage","url":"https:\/\/strangercam.com\/wp-content\/uploads\/2020\/11\/stranger-cam-1.png","contentUrl":"https:\/\/strangercam.com\/wp-content\/uploads\/2020\/11\/stranger-cam-1.png","width":800,"height":800,"caption":"stranger cam random video chat"},{"@type":"BreadcrumbList","@id":"https:\/\/strangercam.com\/spinchat\/#breadcrumb","itemListElement":[{"@type":"ListItem","position":1,"name":"Home","item":"https:\/\/strangercam.com\/"},{"@type":"ListItem","position":2,"name":"Spinchat"}]},{"@type":"WebSite","@id":"https:\/\/strangercam.com\/#website","url":"https:\/\/strangercam.com\/","name":"Strangercam","description":"Chat vid\u00e9o al\u00e9atoire avec des inconnus","publisher":{"@id":"https:\/\/strangercam.com\/#organization"},"alternateName":"Strangercam.com","potentialAction":[{"@type":"SearchAction","target":{"@type":"EntryPoint","urlTemplate":"https:\/\/strangercam.com\/?s={search_term_string}"},"query-input":{"@type":"PropertyValueSpecification","valueRequired":true,"valueName":"search_term_string"}}],"inLanguage":"fr-FR"},{"@type":"Organization","@id":"https:\/\/strangercam.com\/#organization","name":"Strangercam","alternateName":"Strangercam.com","url":"https:\/\/strangercam.com\/","logo":{"@type":"ImageObject","inLanguage":"fr-FR","@id":"https:\/\/strangercam.com\/#\/schema\/logo\/image\/","url":"https:\/\/strangercam.com\/wp-content\/uploads\/2020\/11\/cropped-new-favicon-black.png","contentUrl":"https:\/\/strangercam.com\/wp-content\/uploads\/2020\/11\/cropped-new-favicon-black.png","width":512,"height":512,"caption":"Strangercam"},"image":{"@id":"https:\/\/strangercam.com\/#\/schema\/logo\/image\/"},"sameAs":["https:\/\/www.facebook.com\/strangercam","https:\/\/x.com\/strangercamapp"]}]}},"_links":{"self":[{"href":"https:\/\/strangercam.com\/fr\/wp-json\/wp\/v2\/pages\/11248","targetHints":{"allow":["GET"]}}],"collection":[{"href":"https:\/\/strangercam.com\/fr\/wp-json\/wp\/v2\/pages"}],"about":[{"href":"https:\/\/strangercam.com\/fr\/wp-json\/wp\/v2\/types\/page"}],"author":[{"embeddable":true,"href":"https:\/\/strangercam.com\/fr\/wp-json\/wp\/v2\/users\/6"}],"replies":[{"embeddable":true,"href":"https:\/\/strangercam.com\/fr\/wp-json\/wp\/v2\/comments?post=11248"}],"version-history":[{"count":0,"href":"https:\/\/strangercam.com\/fr\/wp-json\/wp\/v2\/pages\/11248\/revisions"}],"wp:featuredmedia":[{"embeddable":true,"href":"https:\/\/strangercam.com\/fr\/wp-json\/wp\/v2\/media\/559"}],"wp:attachment":[{"href":"https:\/\/strangercam.com\/fr\/wp-json\/wp\/v2\/media?parent=11248"}],"curies":[{"name":"wp","href":"https:\/\/api.w.org\/{rel}","templated":true}]}}