{"id":11235,"date":"2022-08-11T19:54:01","date_gmt":"2022-08-11T17:54:01","guid":{"rendered":"https:\/\/strangercam.com\/?page_id=11235"},"modified":"2023-10-23T09:41:42","modified_gmt":"2023-10-23T07:41:42","slug":"voie-de-circulation","status":"publish","type":"page","link":"https:\/\/strangercam.com\/fr\/dateway\/","title":{"rendered":"Dateway"},"content":{"rendered":"<p>Dans le monde d'aujourd'hui, il peut \u00eatre difficile de <a href=\"https:\/\/strangercam.com\/fr\/coomeet\/\">rencontrer<\/a> de nouvelles personnes et de nouer des liens. L'emploi du temps de chacun \u00e9tant tr\u00e8s charg\u00e9, il est difficile de trouver le temps de sortir et de socialiser. Heureusement, il existe aujourd'hui des plateformes en ligne qui peuvent vous aider, comme Dateway.<\/p>\n<p>Dateway est une application qui vous permet de <a href=\"https:\/\/strangercam.com\/fr\/chatroulette\/\">chat<\/a> avec des \u00e9trangers du monde entier. C'est un excellent moyen de rencontrer de nouvelles personnes et de d\u00e9couvrir d'autres cultures. Vous ne savez jamais qui vous pourriez rencontrer sur Dateway - alors qu'attendez-vous ? Essayez d\u00e8s aujourd'hui !<\/p>\n<h2>Qu'est-ce que dateway ?<\/h2>\n<p>Dateway est une plateforme de m\u00e9dias sociaux qui permet aux utilisateurs de se connecter avec des personnes du monde entier. La plateforme offre un environnement s\u00fbr et s\u00e9curis\u00e9 permettant aux utilisateurs de communiquer entre eux. Dateway offre \u00e9galement une vari\u00e9t\u00e9 de fonctionnalit\u00e9s, telles que le chat vid\u00e9o et la messagerie, qui permettent aux utilisateurs de se connecter facilement les uns aux autres.<\/p>\n<h2>Quels sont les avantages de parler avec des inconnus sur dateway ?<\/h2>\n<p>Discuter avec des inconnus sur dateway pr\u00e9sente de nombreux avantages. Cela peut vous aider \u00e0 rencontrer de nouvelles personnes, \u00e0 vous faire de nouveaux amis et \u00e0 d\u00e9couvrir des cultures et des modes de vie diff\u00e9rents. Cela peut \u00e9galement vous aider \u00e0 am\u00e9liorer vos comp\u00e9tences en communication et \u00e0 renforcer votre confiance en vous. Parler avec des inconnus peut \u00eatre un excellent moyen d'en apprendre davantage sur vous-m\u00eame et sur le monde qui vous entoure.<\/p>\n<h2>Comment entamer une conversation sur dateway ?<\/h2>\n<p>Si vous cherchez des moyens d'entamer une conversation sur dateway, vous \u00eates au bon endroit. Nous vous donnons quelques conseils pour briser la glace et engager la conversation.<\/p>\n<p>Tout d'abord, jetez un coup d'\u0153il au profil de la personne et voyez s'il y a quelque chose qui vous int\u00e9resse. Si vous voyez quelque chose que vous avez en commun, mentionnez-le dans votre message d'ouverture. Par exemple, \"J'ai vu que tu es un fan des Beatles. Je suis moi aussi un grand fan !\" C'est une excellente fa\u00e7on d'entamer une conversation, car cela montre que vous avez quelque chose en commun.<\/p>\n<p>Un autre bon moyen d'entamer une conversation est de poser une question. Elle peut porter sur n'importe quel sujet qui suscite votre curiosit\u00e9. Par exemple, \"Je me demandais si tu pouvais me recommander de bons livres sur les relations amoureuses\". Vous montrez ainsi que vous souhaitez conna\u00eetre l'autre personne et que vous \u00eates pr\u00eat \u00e0 engager une discussion.<\/p>\n<p>Enfin, n'ayez pas peur d'\u00eatre vous-m\u00eame ! La pire chose qui puisse arriver est que l'autre personne ne r\u00e9ponde pas. Mais m\u00eame si cela arrive, ce n'est pas la fin du monde. Vous trouverez quelqu'un d'autre qui a envie de vous parler. Alors, allez-y et commencez<\/p>\n<h2>Quels sont les sujets \u00e0 aborder sur dateway ?<\/h2>\n<p>Lorsqu'il s'agit de rencontres en ligne, vous pouvez aborder de nombreux sujets sur Dateway. L'important est de faire en sorte que la conversation soit fluide et d'\u00e9viter les silences g\u00eanants. Voici quelques sujets que vous pouvez aborder sur Dateway :<\/p>\n<p>Vos loisirs et vos centres d'int\u00e9r\u00eat : C'est un excellent moyen de d\u00e9couvrir si vous avez des int\u00e9r\u00eats communs avec l'autre personne. Parler de vos loisirs et de vos centres d'int\u00e9r\u00eat peut \u00e9galement contribuer \u00e0 briser la glace et \u00e0 engager la conversation.<\/p>\n<p>Votre travail ou vos \u00e9tudes : C'est un autre sujet int\u00e9ressant \u00e0 aborder sur Dateway. Cela peut vous aider \u00e0 d\u00e9couvrir si vous avez des points communs avec votre interlocuteur. Parler de votre travail ou de vos \u00e9tudes peut \u00e9galement contribuer \u00e0 maintenir le rythme de la conversation.<\/p>\n<p>Votre famille et vos amis : C'est un excellent moyen de mieux conna\u00eetre l'autre personne. Parler de votre famille et de vos amis peut aider \u00e0 \u00e9tablir un lien avec l'autre personne.<\/p>\n<p>Vos r\u00eaves et vos aspirations : C'est un excellent moyen de motiver et d'inspirer l'autre personne. Parler de ses r\u00eaves et de ses aspirations peut \u00e9galement contribuer \u00e0 maintenir le fil de la conversation.<\/p>\n<h2>Comment mettre fin \u00e0 une conversation sur dateway ?<\/h2>\n<p>Si vous \u00eates sur dateway et que vous voulez mettre fin \u00e0 une conversation, il y a plusieurs choses que vous pouvez faire. Tout d'abord, vous pouvez essayer de d\u00e9cliner toute autre invitation \u00e0 discuter. Si l'autre personne persiste, vous pouvez \u00eatre direct et lui dire que vous n'\u00eates pas int\u00e9ress\u00e9 par la discussion. Vous pouvez \u00e9galement bloquer la personne si elle devient trop persistante.<\/p>\n<h2>Quelles sont les choses \u00e0 faire et \u00e0 ne pas faire pour parler avec des inconnus sur dateway ?<\/h2>\n<p>Lorsque vous discutez avec des inconnus sur dateway, il est important de savoir ce qu'il faut faire et ce qu'il ne faut pas faire. Tout d'abord, assurez-vous de rester en s\u00e9curit\u00e9 en ne partageant aucune information personnelle avec votre interlocuteur. Ensuite, respectez l'autre personne et ses limites personnelles. Enfin, si la conversation se d\u00e9roule bien, adoptez un rythme raisonnablement lent afin de ne pas vous montrer trop agressif.<\/p>\n<h2>Pourquoi dateway est une plateforme de chat vid\u00e9o al\u00e9atoire si populaire ?<\/h2>\n<p>Il y a de nombreuses raisons pour lesquelles <a href=\"https:\/\/strangercam.com\/fr\/echat\/\">EChat<\/a> est une plateforme de chat vid\u00e9o al\u00e9atoire si populaire. Tout d'abord, son utilisation est totalement gratuite. Vous n'avez pas besoin de cr\u00e9er un compte ou quoi que ce soit d'autre. Il vous suffit d'ouvrir l'application et de commencer \u00e0 chatter. Une autre raison est qu'elle est tr\u00e8s facile \u00e0 utiliser. L'interface est simple et directe. Enfin, il y a toujours des milliers de personnes en ligne \u00e0 un moment donn\u00e9, vous ne vous ennuierez donc jamais.<\/p>\n<h2>Comment fonctionne dateway ?<\/h2>\n<p>Il n'y a pas de r\u00e9ponse fixe \u00e0 cette question, car Dateway peut \u00eatre utilis\u00e9 de diff\u00e9rentes mani\u00e8res. Certaines personnes l'utilisent pour rencontrer de nouvelles personnes et se faire des amis, tandis que d'autres l'utilisent pour trouver des partenaires romantiques potentiels. Quelle que soit la mani\u00e8re dont vous l'utilisez, Dateway est con\u00e7u pour vous aider \u00e0 entrer en contact avec d'autres personnes qui partagent vos int\u00e9r\u00eats et vos valeurs.<\/p>\n<h2>Comment rester en s\u00e9curit\u00e9 lors de l'utilisation d'une plateforme de chat vid\u00e9o al\u00e9atoire ?<\/h2>\n<p>En mati\u00e8re de s\u00e9curit\u00e9 en ligne, l'une des choses les plus importantes \u00e0 retenir est de ne jamais rencontrer quelqu'un que l'on ne conna\u00eet pas. <a href=\"https:\/\/strangercam.com\/fr\/chamet\/\">rencontr\u00e9<\/a> en ligne et en personne. Bien qu'il existe de nombreux moyens de rester en s\u00e9curit\u00e9 lors de l'utilisation de l'Internet, il n'est pas toujours facile d'y parvenir. <a href=\"https:\/\/strangercam.com\/fr\/chathub\/\">chat vid\u00e9o al\u00e9atoire<\/a> comme Dateway, il y a aussi des risques.<\/p>\n<p>La meilleure fa\u00e7on de rester en s\u00e9curit\u00e9 lorsque vous utilisez une plateforme de chat vid\u00e9o al\u00e9atoire est de vous assurer que vous ne donnez jamais d'informations personnelles \u00e0 qui que ce soit. Cela inclut votre nom complet, votre adresse, votre num\u00e9ro de t\u00e9l\u00e9phone ou m\u00eame vos comptes de m\u00e9dias sociaux. Il est \u00e9galement important de ne jamais accepter de rencontrer en personne une personne rencontr\u00e9e en ligne.<\/p>\n<p>Si vous d\u00e9cidez de rencontrer une personne dont vous avez fait la connaissance en ligne, assurez-vous de le faire dans un lieu public et de dire \u00e0 un ami ou \u00e0 un membre de votre famille o\u00f9 vous allez. N'y allez jamais seul et pr\u00e9voyez toujours un plan de sortie si vous ne vous sentez pas en s\u00e9curit\u00e9.<\/p>\n<p>Les plateformes de chat vid\u00e9o al\u00e9atoire peuvent \u00eatre tr\u00e8s amusantes, mais il est important de toujours privil\u00e9gier votre s\u00e9curit\u00e9. En suivant ces conseils simples, vous pouvez vous assurer que votre exp\u00e9rience est s\u00fbre et agr\u00e9able.<\/p>\n<h2>Conclusion<\/h2>\n<p>Si vous cherchez un moyen amusant et facile de rencontrer de nouvelles personnes, je vous recommande d'utiliser l'application Dateway. C'est un excellent moyen de se connecter avec des personnes du monde entier, et on ne sait jamais qui on peut rencontrer. Alors, t\u00e9l\u00e9charge l'application, cr\u00e9e un profil et commence \u00e0 discuter avec des inconnus d\u00e8s aujourd'hui !<\/p>","protected":false},"excerpt":{"rendered":"<p>In today&#8217;s world, it can be difficult to meet new people and form connections. With everyone&#8217;s schedules being so busy, it&#8217;s hard to find the time to go out and socialize. Thankfully, there are now online platforms that can help with this, such as Dateway. Dateway is a app that allows you to chat with [&hellip;]<\/p>\n","protected":false},"author":6,"featured_media":559,"parent":0,"menu_order":0,"comment_status":"closed","ping_status":"closed","template":"","meta":{"footnotes":""},"class_list":["post-11235","page","type-page","status-publish","has-post-thumbnail","hentry"],"yoast_head":"<!-- This site is optimized with the Yoast SEO plugin v27.4 - https:\/\/yoast.com\/product\/yoast-seo-wordpress\/ -->\n<title>Dateway - Chat with strangers on StrangerCam.com<\/title>\n<meta name=\"description\" content=\"Like Dateway? Come chat with more than 5.000.000 strangers on Stranger Cam for Free! Turn on your cam and find new friends &amp; maby a match!\" \/>\n<meta name=\"robots\" content=\"index, follow, max-snippet:-1, max-image-preview:large, max-video-preview:-1\" \/>\n<link rel=\"canonical\" href=\"https:\/\/strangercam.com\/fr\/voie-de-circulation\/\" \/>\n<meta property=\"og:locale\" content=\"fr_FR\" \/>\n<meta property=\"og:type\" content=\"article\" \/>\n<meta property=\"og:title\" content=\"Dateway - Chat with strangers on StrangerCam.com\" \/>\n<meta property=\"og:description\" content=\"Like Dateway? Come chat with more than 5.000.000 strangers on Stranger Cam for Free! Turn on your cam and find new friends &amp; maby a match!\" \/>\n<meta property=\"og:url\" content=\"https:\/\/strangercam.com\/fr\/voie-de-circulation\/\" \/>\n<meta property=\"og:site_name\" content=\"Strangercam\" \/>\n<meta property=\"article:publisher\" content=\"https:\/\/www.facebook.com\/strangercam\" \/>\n<meta property=\"article:modified_time\" content=\"2023-10-23T07:41:42+00:00\" \/>\n<meta property=\"og:image\" content=\"https:\/\/strangercam.com\/wp-content\/uploads\/2020\/11\/stranger-cam-1.png\" \/>\n\t<meta property=\"og:image:width\" content=\"800\" \/>\n\t<meta property=\"og:image:height\" content=\"800\" \/>\n\t<meta property=\"og:image:type\" content=\"image\/png\" \/>\n<meta name=\"twitter:card\" content=\"summary_large_image\" \/>\n<meta name=\"twitter:site\" content=\"@strangercamapp\" \/>\n<meta name=\"twitter:label1\" content=\"Dur\u00e9e de lecture estim\u00e9e\" \/>\n\t<meta name=\"twitter:data1\" content=\"6 minutes\" \/>\n<script type=\"application\/ld+json\" class=\"yoast-schema-graph\">{\"@context\":\"https:\\\/\\\/schema.org\",\"@graph\":[{\"@type\":\"WebPage\",\"@id\":\"https:\\\/\\\/strangercam.com\\\/dateway\\\/\",\"url\":\"https:\\\/\\\/strangercam.com\\\/dateway\\\/\",\"name\":\"Dateway - Chat with strangers on StrangerCam.com\",\"isPartOf\":{\"@id\":\"https:\\\/\\\/strangercam.com\\\/#website\"},\"primaryImageOfPage\":{\"@id\":\"https:\\\/\\\/strangercam.com\\\/dateway\\\/#primaryimage\"},\"image\":{\"@id\":\"https:\\\/\\\/strangercam.com\\\/dateway\\\/#primaryimage\"},\"thumbnailUrl\":\"https:\\\/\\\/strangercam.com\\\/wp-content\\\/uploads\\\/2020\\\/11\\\/stranger-cam-1.png\",\"datePublished\":\"2022-08-11T17:54:01+00:00\",\"dateModified\":\"2023-10-23T07:41:42+00:00\",\"description\":\"Like Dateway? Come chat with more than 5.000.000 strangers on Stranger Cam for Free! Turn on your cam and find new friends & maby a match!\",\"breadcrumb\":{\"@id\":\"https:\\\/\\\/strangercam.com\\\/dateway\\\/#breadcrumb\"},\"inLanguage\":\"fr-FR\",\"potentialAction\":[{\"@type\":\"ReadAction\",\"target\":[\"https:\\\/\\\/strangercam.com\\\/dateway\\\/\"]}]},{\"@type\":\"ImageObject\",\"inLanguage\":\"fr-FR\",\"@id\":\"https:\\\/\\\/strangercam.com\\\/dateway\\\/#primaryimage\",\"url\":\"https:\\\/\\\/strangercam.com\\\/wp-content\\\/uploads\\\/2020\\\/11\\\/stranger-cam-1.png\",\"contentUrl\":\"https:\\\/\\\/strangercam.com\\\/wp-content\\\/uploads\\\/2020\\\/11\\\/stranger-cam-1.png\",\"width\":800,\"height\":800,\"caption\":\"stranger cam random video chat\"},{\"@type\":\"BreadcrumbList\",\"@id\":\"https:\\\/\\\/strangercam.com\\\/dateway\\\/#breadcrumb\",\"itemListElement\":[{\"@type\":\"ListItem\",\"position\":1,\"name\":\"Home\",\"item\":\"https:\\\/\\\/strangercam.com\\\/\"},{\"@type\":\"ListItem\",\"position\":2,\"name\":\"Dateway\"}]},{\"@type\":\"WebSite\",\"@id\":\"https:\\\/\\\/strangercam.com\\\/#website\",\"url\":\"https:\\\/\\\/strangercam.com\\\/\",\"name\":\"Strangercam\",\"description\":\"Random Video Chat with Strangers\",\"publisher\":{\"@id\":\"https:\\\/\\\/strangercam.com\\\/#organization\"},\"alternateName\":\"Strangercam.com\",\"potentialAction\":[{\"@type\":\"SearchAction\",\"target\":{\"@type\":\"EntryPoint\",\"urlTemplate\":\"https:\\\/\\\/strangercam.com\\\/?s={search_term_string}\"},\"query-input\":{\"@type\":\"PropertyValueSpecification\",\"valueRequired\":true,\"valueName\":\"search_term_string\"}}],\"inLanguage\":\"fr-FR\"},{\"@type\":\"Organization\",\"@id\":\"https:\\\/\\\/strangercam.com\\\/#organization\",\"name\":\"Strangercam\",\"alternateName\":\"Strangercam.com\",\"url\":\"https:\\\/\\\/strangercam.com\\\/\",\"logo\":{\"@type\":\"ImageObject\",\"inLanguage\":\"fr-FR\",\"@id\":\"https:\\\/\\\/strangercam.com\\\/#\\\/schema\\\/logo\\\/image\\\/\",\"url\":\"https:\\\/\\\/strangercam.com\\\/wp-content\\\/uploads\\\/2020\\\/11\\\/cropped-new-favicon-black.png\",\"contentUrl\":\"https:\\\/\\\/strangercam.com\\\/wp-content\\\/uploads\\\/2020\\\/11\\\/cropped-new-favicon-black.png\",\"width\":512,\"height\":512,\"caption\":\"Strangercam\"},\"image\":{\"@id\":\"https:\\\/\\\/strangercam.com\\\/#\\\/schema\\\/logo\\\/image\\\/\"},\"sameAs\":[\"https:\\\/\\\/www.facebook.com\\\/strangercam\",\"https:\\\/\\\/x.com\\\/strangercamapp\"]}]}<\/script>\n<!-- \/ Yoast SEO plugin. -->","yoast_head_json":{"title":"Dateway - Chat avec des \u00e9trangers sur StrangerCam.com","description":"Vous aimez Dateway ? Venez discuter avec plus de 5.000.000 d'inconnus sur Stranger Cam gratuitement ! Allume ta cam\u00e9ra et trouve de nouveaux amis et peut-\u00eatre un partenaire !","robots":{"index":"index","follow":"follow","max-snippet":"max-snippet:-1","max-image-preview":"max-image-preview:large","max-video-preview":"max-video-preview:-1"},"canonical":"https:\/\/strangercam.com\/fr\/voie-de-circulation\/","og_locale":"fr_FR","og_type":"article","og_title":"Dateway - Chat with strangers on StrangerCam.com","og_description":"Like Dateway? Come chat with more than 5.000.000 strangers on Stranger Cam for Free! Turn on your cam and find new friends & maby a match!","og_url":"https:\/\/strangercam.com\/fr\/voie-de-circulation\/","og_site_name":"Strangercam","article_publisher":"https:\/\/www.facebook.com\/strangercam","article_modified_time":"2023-10-23T07:41:42+00:00","og_image":[{"width":800,"height":800,"url":"https:\/\/strangercam.com\/wp-content\/uploads\/2020\/11\/stranger-cam-1.png","type":"image\/png"}],"twitter_card":"summary_large_image","twitter_site":"@strangercamapp","twitter_misc":{"Dur\u00e9e de lecture estim\u00e9e":"6 minutes"},"schema":{"@context":"https:\/\/schema.org","@graph":[{"@type":"WebPage","@id":"https:\/\/strangercam.com\/dateway\/","url":"https:\/\/strangercam.com\/dateway\/","name":"Dateway - Chat avec des \u00e9trangers sur StrangerCam.com","isPartOf":{"@id":"https:\/\/strangercam.com\/#website"},"primaryImageOfPage":{"@id":"https:\/\/strangercam.com\/dateway\/#primaryimage"},"image":{"@id":"https:\/\/strangercam.com\/dateway\/#primaryimage"},"thumbnailUrl":"https:\/\/strangercam.com\/wp-content\/uploads\/2020\/11\/stranger-cam-1.png","datePublished":"2022-08-11T17:54:01+00:00","dateModified":"2023-10-23T07:41:42+00:00","description":"Vous aimez Dateway ? Venez discuter avec plus de 5.000.000 d'inconnus sur Stranger Cam gratuitement ! Allume ta cam\u00e9ra et trouve de nouveaux amis et peut-\u00eatre un partenaire !","breadcrumb":{"@id":"https:\/\/strangercam.com\/dateway\/#breadcrumb"},"inLanguage":"fr-FR","potentialAction":[{"@type":"ReadAction","target":["https:\/\/strangercam.com\/dateway\/"]}]},{"@type":"ImageObject","inLanguage":"fr-FR","@id":"https:\/\/strangercam.com\/dateway\/#primaryimage","url":"https:\/\/strangercam.com\/wp-content\/uploads\/2020\/11\/stranger-cam-1.png","contentUrl":"https:\/\/strangercam.com\/wp-content\/uploads\/2020\/11\/stranger-cam-1.png","width":800,"height":800,"caption":"stranger cam random video chat"},{"@type":"BreadcrumbList","@id":"https:\/\/strangercam.com\/dateway\/#breadcrumb","itemListElement":[{"@type":"ListItem","position":1,"name":"Home","item":"https:\/\/strangercam.com\/"},{"@type":"ListItem","position":2,"name":"Dateway"}]},{"@type":"WebSite","@id":"https:\/\/strangercam.com\/#website","url":"https:\/\/strangercam.com\/","name":"Strangercam","description":"Chat vid\u00e9o al\u00e9atoire avec des inconnus","publisher":{"@id":"https:\/\/strangercam.com\/#organization"},"alternateName":"Strangercam.com","potentialAction":[{"@type":"SearchAction","target":{"@type":"EntryPoint","urlTemplate":"https:\/\/strangercam.com\/?s={search_term_string}"},"query-input":{"@type":"PropertyValueSpecification","valueRequired":true,"valueName":"search_term_string"}}],"inLanguage":"fr-FR"},{"@type":"Organization","@id":"https:\/\/strangercam.com\/#organization","name":"Strangercam","alternateName":"Strangercam.com","url":"https:\/\/strangercam.com\/","logo":{"@type":"ImageObject","inLanguage":"fr-FR","@id":"https:\/\/strangercam.com\/#\/schema\/logo\/image\/","url":"https:\/\/strangercam.com\/wp-content\/uploads\/2020\/11\/cropped-new-favicon-black.png","contentUrl":"https:\/\/strangercam.com\/wp-content\/uploads\/2020\/11\/cropped-new-favicon-black.png","width":512,"height":512,"caption":"Strangercam"},"image":{"@id":"https:\/\/strangercam.com\/#\/schema\/logo\/image\/"},"sameAs":["https:\/\/www.facebook.com\/strangercam","https:\/\/x.com\/strangercamapp"]}]}},"_links":{"self":[{"href":"https:\/\/strangercam.com\/fr\/wp-json\/wp\/v2\/pages\/11235","targetHints":{"allow":["GET"]}}],"collection":[{"href":"https:\/\/strangercam.com\/fr\/wp-json\/wp\/v2\/pages"}],"about":[{"href":"https:\/\/strangercam.com\/fr\/wp-json\/wp\/v2\/types\/page"}],"author":[{"embeddable":true,"href":"https:\/\/strangercam.com\/fr\/wp-json\/wp\/v2\/users\/6"}],"replies":[{"embeddable":true,"href":"https:\/\/strangercam.com\/fr\/wp-json\/wp\/v2\/comments?post=11235"}],"version-history":[{"count":0,"href":"https:\/\/strangercam.com\/fr\/wp-json\/wp\/v2\/pages\/11235\/revisions"}],"wp:featuredmedia":[{"embeddable":true,"href":"https:\/\/strangercam.com\/fr\/wp-json\/wp\/v2\/media\/559"}],"wp:attachment":[{"href":"https:\/\/strangercam.com\/fr\/wp-json\/wp\/v2\/media?parent=11235"}],"curies":[{"name":"wp","href":"https:\/\/api.w.org\/{rel}","templated":true}]}}