{"id":11221,"date":"2022-08-11T16:07:53","date_gmt":"2022-08-11T14:07:53","guid":{"rendered":"https:\/\/strangercam.com\/?page_id=11221"},"modified":"2023-08-21T12:24:42","modified_gmt":"2023-08-21T10:24:42","slug":"meetme","status":"publish","type":"page","link":"https:\/\/strangercam.com\/fr\/meetme\/","title":{"rendered":"Meetme"},"content":{"rendered":"<p>Si vous \u00eates \u00e0 la recherche d'un nouveau moyen pour <a href=\"https:\/\/strangercam.com\/fr\/coomeet\/\">rencontrer<\/a> les personnes et <a href=\"https:\/\/strangercam.com\/fr\/flingster\/\">flirter<\/a> avec des inconnus, alors vous devriez jeter un \u0153il \u00e0 meetme. Cette application vous permet d'entrer en contact avec des personnes pr\u00e8s de chez vous qui sont \u00e9galement \u00e0 la recherche de nouveaux amis ou d'un partenaire romantique. Vous pouvez <a href=\"https:\/\/strangercam.com\/fr\/chatroulette\/\">chat<\/a> avec eux, partagez des photos et des centres d'int\u00e9r\u00eat, et m\u00eame rencontrez-vous en personne si vous \u00eates tous deux int\u00e9ress\u00e9s. Pourquoi ne pas essayer ? On ne sait jamais qui on peut rencontrer !<\/p>\n<h2>Qu'est-ce que meetme ?<\/h2>\n<p>Meetme est un <a href=\"https:\/\/strangercam.com\/fr\/chathub\/\">chat vid\u00e9o al\u00e9atoire<\/a> qui vous permet de rencontrer de nouvelles personnes et de flirter avec des inconnus. C'est un excellent moyen de rencontrer de nouveaux amis ou des partenaires potentiels. Vous pouvez \u00e9galement utiliser meetme pour trouver des personnes partageant les m\u00eames centres d'int\u00e9r\u00eat ou pour entamer une conversation avec une personne qui vous int\u00e9resse.<\/p>\n<h2>Comment utiliser meetme<\/h2>\n<p>Si vous cherchez un nouveau moyen de rencontrer des gens et de flirter avec des inconnus, vous devriez jeter un coup d'\u0153il \u00e0 meetme. C'est un excellent moyen d'entrer en contact avec de nouvelles personnes et de trouver l'amour. Voici comment utiliser meetme :<\/p>\n<ul>\n<li style=\"font-weight: 400;\" aria-level=\"1\">Tout d'abord, cr\u00e9ez un profil en vous inscrivant \u00e0 l'aide de votre adresse \u00e9lectronique ou en connectant votre compte Facebook. Veillez \u00e0 ajouter une photo et quelques informations de base vous concernant afin que les gens puissent vous conna\u00eetre.<\/li>\n<li style=\"font-weight: 400;\" aria-level=\"1\">Une fois que vous avez un profil, commencez \u00e0 parcourir les profils des autres utilisateurs. Lorsque vous trouvez quelqu'un qui vous int\u00e9resse, envoyez-lui un message et voyez s'il est int\u00e9ress\u00e9 par une discussion.<\/li>\n<li style=\"font-weight: 400;\" aria-level=\"1\">Si vous vous entendez bien avec quelqu'un, vous pouvez commencer \u00e0 flirter avec lui. Cela peut aller de l'envoi de compliments au badinage. Amusez-vous et voyez comment les choses \u00e9voluent !<\/li>\n<li style=\"font-weight: 400;\" aria-level=\"1\">Si les choses semblent bien se passer, vous pouvez inviter la personne \u00e0 sortir avec vous. Assurez-vous simplement que vous \u00eates tous deux sur la m\u00eame longueur d'onde quant \u00e0 ce que vous recherchez avant de vous rencontrer en personne.<\/li>\n<li style=\"font-weight: 400;\" aria-level=\"1\">Et c'est tout ! Utilisez meetme pour rencontrer de nouvelles personnes et flirter avec des inconnus dans un environnement s\u00fbr et amusant.<\/li>\n<\/ul>\n<h2>Les avantages et les inconv\u00e9nients de meetme<\/h2>\n<p>L'application meetme pr\u00e9sente des avantages et des inconv\u00e9nients. D'une part, elle peut \u00eatre un excellent moyen de rencontrer de nouvelles personnes et de se faire de nouveaux amis. D'autre part, elle peut aussi permettre de rencontrer des inconnus dangereux. Il est important de conna\u00eetre les avantages et les inconv\u00e9nients de cette application avant de l'utiliser.<\/p>\n<p>L'avantage de meetme est que vous pouvez parler \u00e0 des personnes du monde entier. Cela vous donne l'occasion de d\u00e9couvrir des cultures diff\u00e9rentes et de vous faire de nouveaux amis. Vous pouvez \u00e9galement flirter avec des personnes sur meetme, ce qui peut \u00eatre amusant si vous \u00eates c\u00e9libataire et \u00e0 la recherche d'un rendez-vous.<\/p>\n<p>L'inconv\u00e9nient de meetme est que vous pouvez potentiellement rencontrer des \u00e9trangers dangereux. \u00c9tant donn\u00e9 que vous parlez \u00e0 des personnes que vous ne connaissez pas, il est important de faire attention aux informations que vous partagez. Vous ne devez jamais donner vos informations personnelles ou accepter de rencontrer quelqu'un en personne si vous n'\u00eates pas absolument s\u00fbr que cette personne est en s\u00e9curit\u00e9.<\/p>\n<p>Dans l'ensemble, meetme peut \u00eatre un excellent moyen de rencontrer de nouvelles personnes et de s'amuser. Cependant, il est important d'\u00eatre conscient des risques avant d'utiliser cette application.<\/p>\n<h2>Pourquoi meetme est une plateforme de chat vid\u00e9o al\u00e9atoire si populaire ?<\/h2>\n<p>Il y a de nombreuses raisons pour lesquelles meetme est une plateforme de chat vid\u00e9o al\u00e9atoire si populaire. Tout d'abord, elle est incroyablement facile \u00e0 utiliser. Vous n'avez pas besoin de cr\u00e9er un compte ou quoi que ce soit d'autre. Il vous suffit d'ouvrir l'application et de commencer \u00e0 chatter avec des personnes du monde entier.<\/p>\n<p>Une autre raison pour laquelle meetme est si populaire est son caract\u00e8re anonyme. Vous n'avez pas besoin de donner votre nom ou des informations personnelles lorsque vous l'utilisez. Il s'agit donc d'une plateforme id\u00e9ale pour les personnes qui souhaitent discuter avec des inconnus sans trop se d\u00e9voiler.<\/p>\n<p>Enfin, meetme est populaire parce que c'est un excellent moyen de rencontrer de nouvelles personnes et de se faire de nouveaux amis. Vous pouvez discuter avec des personnes du monde entier et apprendre \u00e0 mieux les conna\u00eetre. Que vous soyez \u00e0 la recherche d'un nouvel ami ou d'un partenaire romantique potentiel, meetme est un excellent point de d\u00e9part.<\/p>\n<h2>Comment tirer le meilleur parti de meetme ?<\/h2>\n<p>Si vous cherchez l'amour ou simplement \u00e0 passer du bon temps, vous ne pouvez pas vous tromper avec meetme. Ce site de r\u00e9seautage social vous permet de rencontrer de nouvelles personnes et de flirter avec des inconnus dans un environnement s\u00fbr et amusant. Voici quelques conseils pour vous aider \u00e0 tirer le meilleur parti de votre exp\u00e9rience sur meetme :<\/p>\n<ol>\n<li style=\"font-weight: 400;\" aria-level=\"1\">Compl\u00e9tez votre profil. Plus vous fournirez d'informations sur vous, plus il sera facile pour les autres de vous trouver et d'entrer en contact avec vous. Veillez \u00e0 inclure une photo r\u00e9cente pour que les gens puissent voir \u00e0 quoi vous ressemblez.<\/li>\n<li style=\"font-weight: 400;\" aria-level=\"1\">Utilisez la fonction de recherche. meetme dispose d'une fonction de recherche int\u00e9ressante qui vous permet de trouver des personnes qui partagent vos centres d'int\u00e9r\u00eat et qui vivent pr\u00e8s de chez vous. Utilisez la fonction de recherche pour trouver des personnes susceptibles de vous correspondre et commencez \u00e0 discuter avec elles.<\/li>\n<li style=\"font-weight: 400;\" aria-level=\"1\">N'ayez pas peur de flirter. Le flirt est un excellent moyen d'apprendre \u00e0 mieux conna\u00eetre quelqu'un. Si vous vous sentez audacieux, essayez d'envoyer un message priv\u00e9 ou de flirter avec quelqu'un dans les salons de discussion publics. Veillez simplement \u00e0 respecter les r\u00e8gles de savoir-vivre et \u00e0 faire preuve de l\u00e9g\u00e8ret\u00e9 afin que personne ne se sente mal \u00e0 l'aise.<\/li>\n<li style=\"font-weight: 400;\" aria-level=\"1\">Rencontrez-vous en personne. Une fois que vous avez appris \u00e0 conna\u00eetre quelqu'un assez bien en ligne, il est temps de passer \u00e0 la phase hors ligne et de vous rencontrer en personne. Rencontre<\/li>\n<\/ol>\n<h2>\u00c0 quoi s'attendre lorsqu'on utilise une plateforme de chat vid\u00e9o al\u00e9atoire ?<\/h2>\n<p>En utilisant une plateforme de chat vid\u00e9o al\u00e9atoire comme meetme, vous pouvez vous attendre \u00e0 rencontrer de nouvelles personnes du monde entier. Vous pourrez discuter avec eux et apprendre \u00e0 mieux les conna\u00eetre. Il se peut m\u00eame que vous flirtiez avec eux !<\/p>\n<h2>Avantages de l'utilisation d'un chat vid\u00e9o al\u00e9atoire<\/h2>\n<p>L'utilisation d'un service de chat vid\u00e9o al\u00e9atoire comme meetme pr\u00e9sente de nombreux avantages. Tout d'abord, c'est un excellent moyen de rencontrer de nouvelles personnes dans le monde entier. Vous ne savez jamais qui vous allez rencontrer ni d'o\u00f9 ils viennent, ce qui peut donner lieu \u00e0 des conversations int\u00e9ressantes.<\/p>\n<p>Un autre avantage est qu'il s'agit d'un excellent moyen d'exercer vos comp\u00e9tences sociales. Si vous \u00eates timide ou si vous n'\u00eates pas tr\u00e8s dou\u00e9 pour parler aux gens, un chat vid\u00e9o al\u00e9atoire peut \u00eatre un excellent moyen de s'entra\u00eener. Vous pouvez \u00e9galement en apprendre davantage sur le langage corporel et sur la mani\u00e8re de lire les autres en discutant avec eux en ligne.<\/p>\n<p>Enfin, un chat vid\u00e9o al\u00e9atoire peut \u00eatre tr\u00e8s amusant. C'est un excellent moyen de tuer le temps et de rencontrer de nouvelles personnes int\u00e9ressantes. Alors, si vous cherchez quelque chose \u00e0 faire, pourquoi ne pas essayer ?<\/p>\n<h2>Peut-on l'utiliser en toute s\u00e9curit\u00e9 ?<\/h2>\n<p>Il y a beaucoup de gens qui cherchent l'amour, la compagnie et m\u00eame simplement un rendez-vous. Mais est-il vraiment s\u00fbr de rencontrer quelqu'un en ligne et de flirter avec lui ? Rencontrer quelqu'un en ligne comporte beaucoup de risques, mais aussi beaucoup d'avantages. Il suffit d'\u00eatre prudent et de faire preuve de discernement.<\/p>\n<p>Si vous cherchez l'amour, rencontrer quelqu'un en ligne peut \u00eatre un excellent moyen de trouver l'\u00e2me s\u0153ur. Mais vous devez faire attention \u00e0 la personne \u00e0 qui vous parlez et \u00e0 ce que vous r\u00e9v\u00e9lez de vous. Il est important de se rappeler que tout le monde n'est pas ce qu'il pr\u00e9tend \u00eatre en ligne. Il existe de nombreux pr\u00e9dateurs qui cherchent \u00e0 profiter des gens. Il faut donc faire attention aux personnes \u00e0 qui l'on parle et veiller \u00e0 ne pas trop se d\u00e9voiler.<\/p>\n<p>Si vous ne cherchez qu'\u00e0 vous brancher, rencontrer quelqu'un en ligne peut \u00eatre un excellent moyen d'obtenir ce que vous voulez. Mais l\u00e0 encore, vous devez faire attention \u00e0 la personne \u00e0 qui vous parlez et \u00e0 ce que vous r\u00e9v\u00e9lez de vous.<\/p>\n<h2>Comment rester en s\u00e9curit\u00e9 sur meetme<\/h2>\n<p>Si vous cherchez \u00e0 rencontrer de nouvelles personnes et peut-\u00eatre m\u00eame \u00e0 flirter avec des inconnus, meetme est une excellente option. Cependant, il est important de rester en s\u00e9curit\u00e9 lorsque vous utilisez cette application ou toute autre application de rencontre. Voici quelques conseils pour vous aider \u00e0 utiliser meetme en toute s\u00e9curit\u00e9 :<\/p>\n<ul>\n<li style=\"font-weight: 400;\" aria-level=\"1\">Ne donnez pas trop d'informations personnelles. Lorsque vous commencez \u00e0 conna\u00eetre quelqu'un, il est pr\u00e9f\u00e9rable de ne pas divulguer des informations telles que votre adresse et votre num\u00e9ro de t\u00e9l\u00e9phone.<\/li>\n<li style=\"font-weight: 400;\" aria-level=\"1\">Soyez prudent quant aux personnes que vous rencontrez en personne. Si vous d\u00e9cidez de rencontrer quelqu'un de meetme en personne, veillez \u00e0 le faire dans un lieu public et \u00e0 informer un ami ou un membre de votre famille de l'endroit o\u00f9 vous serez.<\/li>\n<li style=\"font-weight: 400;\" aria-level=\"1\">N'envoyez pas d'argent ou de cadeaux \u00e0 une personne avec laquelle vous avez eu des contacts. <a href=\"https:\/\/strangercam.com\/fr\/chamet\/\">rencontr\u00e9<\/a> en ligne, m\u00eame si vous pensez bien les conna\u00eetre.<\/li>\n<li style=\"font-weight: 400;\" aria-level=\"1\">Faites confiance \u00e0 votre instinct. Si quelque chose ne vous semble pas normal, n'h\u00e9sitez pas \u00e0 bloquer ou \u00e0 signaler l'utilisateur.<\/li>\n<\/ul>\n<h2>Conclusion<\/h2>\n<p>Si vous cherchez un nouveau moyen de rencontrer des gens et de flirter avec des inconnus, MeetMe est peut-\u00eatre l'application qu'il vous faut. Avec son interface facile \u00e0 utiliser et ses fonctionnalit\u00e9s int\u00e9ressantes, elle vaut vraiment la peine d'\u00eatre test\u00e9e. Qui sait, vous pourriez bien trouver votre prochain rendez-vous ou votre prochaine rencontre sur MeetMe !<\/p>","protected":false},"excerpt":{"rendered":"<p>If you&#8217;re looking for a new way to meet people and flirt with strangers, then you should check out meetme. This app allows you to connect with people near you who are also looking for new friends or a romantic partner. You can chat with them, share photos and interests, and even meet up in [&hellip;]<\/p>\n","protected":false},"author":6,"featured_media":559,"parent":0,"menu_order":0,"comment_status":"closed","ping_status":"closed","template":"","meta":{"footnotes":""},"class_list":["post-11221","page","type-page","status-publish","has-post-thumbnail","hentry"],"yoast_head":"<!-- This site is optimized with the Yoast SEO plugin v26.9 - https:\/\/yoast.com\/product\/yoast-seo-wordpress\/ -->\n<title>Meetme - Chat with strangers on StrangerCam.com<\/title>\n<meta name=\"description\" content=\"Like Meetme? Come chat with more than 5.000.000 strangers on Stranger Cam for Free! Turn on your cam and find new friends &amp; maby a match!\" \/>\n<meta name=\"robots\" content=\"index, follow, max-snippet:-1, max-image-preview:large, max-video-preview:-1\" \/>\n<link rel=\"canonical\" href=\"https:\/\/strangercam.com\/fr\/meetme\/\" \/>\n<meta property=\"og:locale\" content=\"fr_FR\" \/>\n<meta property=\"og:type\" content=\"article\" \/>\n<meta property=\"og:title\" content=\"Meetme - Chat with strangers on StrangerCam.com\" \/>\n<meta property=\"og:description\" content=\"Like Meetme? Come chat with more than 5.000.000 strangers on Stranger Cam for Free! Turn on your cam and find new friends &amp; maby a match!\" \/>\n<meta property=\"og:url\" content=\"https:\/\/strangercam.com\/fr\/meetme\/\" \/>\n<meta property=\"og:site_name\" content=\"Strangercam\" \/>\n<meta property=\"article:publisher\" content=\"https:\/\/www.facebook.com\/strangercam\" \/>\n<meta property=\"article:modified_time\" content=\"2023-08-21T10:24:42+00:00\" \/>\n<meta property=\"og:image\" content=\"https:\/\/strangercam.com\/wp-content\/uploads\/2020\/11\/stranger-cam-1.png\" \/>\n\t<meta property=\"og:image:width\" content=\"800\" \/>\n\t<meta property=\"og:image:height\" content=\"800\" \/>\n\t<meta property=\"og:image:type\" content=\"image\/png\" \/>\n<meta name=\"twitter:card\" content=\"summary_large_image\" \/>\n<meta name=\"twitter:site\" content=\"@strangercamapp\" \/>\n<meta name=\"twitter:label1\" content=\"Dur\u00e9e de lecture estim\u00e9e\" \/>\n\t<meta name=\"twitter:data1\" content=\"7 minutes\" \/>\n<script type=\"application\/ld+json\" class=\"yoast-schema-graph\">{\"@context\":\"https:\/\/schema.org\",\"@graph\":[{\"@type\":\"WebPage\",\"@id\":\"https:\/\/strangercam.com\/meetme\/\",\"url\":\"https:\/\/strangercam.com\/meetme\/\",\"name\":\"Meetme - Chat with strangers on StrangerCam.com\",\"isPartOf\":{\"@id\":\"https:\/\/strangercam.com\/#website\"},\"primaryImageOfPage\":{\"@id\":\"https:\/\/strangercam.com\/meetme\/#primaryimage\"},\"image\":{\"@id\":\"https:\/\/strangercam.com\/meetme\/#primaryimage\"},\"thumbnailUrl\":\"https:\/\/strangercam.com\/wp-content\/uploads\/2020\/11\/stranger-cam-1.png\",\"datePublished\":\"2022-08-11T14:07:53+00:00\",\"dateModified\":\"2023-08-21T10:24:42+00:00\",\"description\":\"Like Meetme? Come chat with more than 5.000.000 strangers on Stranger Cam for Free! Turn on your cam and find new friends & maby a match!\",\"breadcrumb\":{\"@id\":\"https:\/\/strangercam.com\/meetme\/#breadcrumb\"},\"inLanguage\":\"fr-FR\",\"potentialAction\":[{\"@type\":\"ReadAction\",\"target\":[\"https:\/\/strangercam.com\/meetme\/\"]}]},{\"@type\":\"ImageObject\",\"inLanguage\":\"fr-FR\",\"@id\":\"https:\/\/strangercam.com\/meetme\/#primaryimage\",\"url\":\"https:\/\/strangercam.com\/wp-content\/uploads\/2020\/11\/stranger-cam-1.png\",\"contentUrl\":\"https:\/\/strangercam.com\/wp-content\/uploads\/2020\/11\/stranger-cam-1.png\",\"width\":800,\"height\":800,\"caption\":\"stranger cam random video chat\"},{\"@type\":\"BreadcrumbList\",\"@id\":\"https:\/\/strangercam.com\/meetme\/#breadcrumb\",\"itemListElement\":[{\"@type\":\"ListItem\",\"position\":1,\"name\":\"Home\",\"item\":\"https:\/\/strangercam.com\/\"},{\"@type\":\"ListItem\",\"position\":2,\"name\":\"Meetme\"}]},{\"@type\":\"WebSite\",\"@id\":\"https:\/\/strangercam.com\/#website\",\"url\":\"https:\/\/strangercam.com\/\",\"name\":\"Strangercam\",\"description\":\"Random Video Chat with Strangers\",\"publisher\":{\"@id\":\"https:\/\/strangercam.com\/#organization\"},\"alternateName\":\"Strangercam.com\",\"potentialAction\":[{\"@type\":\"SearchAction\",\"target\":{\"@type\":\"EntryPoint\",\"urlTemplate\":\"https:\/\/strangercam.com\/?s={search_term_string}\"},\"query-input\":{\"@type\":\"PropertyValueSpecification\",\"valueRequired\":true,\"valueName\":\"search_term_string\"}}],\"inLanguage\":\"fr-FR\"},{\"@type\":\"Organization\",\"@id\":\"https:\/\/strangercam.com\/#organization\",\"name\":\"Strangercam\",\"alternateName\":\"Strangercam.com\",\"url\":\"https:\/\/strangercam.com\/\",\"logo\":{\"@type\":\"ImageObject\",\"inLanguage\":\"fr-FR\",\"@id\":\"https:\/\/strangercam.com\/#\/schema\/logo\/image\/\",\"url\":\"https:\/\/strangercam.com\/wp-content\/uploads\/2020\/11\/cropped-new-favicon-black.png\",\"contentUrl\":\"https:\/\/strangercam.com\/wp-content\/uploads\/2020\/11\/cropped-new-favicon-black.png\",\"width\":512,\"height\":512,\"caption\":\"Strangercam\"},\"image\":{\"@id\":\"https:\/\/strangercam.com\/#\/schema\/logo\/image\/\"},\"sameAs\":[\"https:\/\/www.facebook.com\/strangercam\",\"https:\/\/x.com\/strangercamapp\"]}]}<\/script>\n<!-- \/ Yoast SEO plugin. -->","yoast_head_json":{"title":"Meetme - Chat avec des \u00e9trangers sur StrangerCam.com","description":"Vous aimez Meetme ? Venez discuter avec plus de 5.000.000 d'inconnus sur Stranger Cam gratuitement ! Allume ta cam\u00e9ra et trouve de nouveaux amis et peut-\u00eatre un partenaire !","robots":{"index":"index","follow":"follow","max-snippet":"max-snippet:-1","max-image-preview":"max-image-preview:large","max-video-preview":"max-video-preview:-1"},"canonical":"https:\/\/strangercam.com\/fr\/meetme\/","og_locale":"fr_FR","og_type":"article","og_title":"Meetme - Chat with strangers on StrangerCam.com","og_description":"Like Meetme? Come chat with more than 5.000.000 strangers on Stranger Cam for Free! Turn on your cam and find new friends & maby a match!","og_url":"https:\/\/strangercam.com\/fr\/meetme\/","og_site_name":"Strangercam","article_publisher":"https:\/\/www.facebook.com\/strangercam","article_modified_time":"2023-08-21T10:24:42+00:00","og_image":[{"width":800,"height":800,"url":"https:\/\/strangercam.com\/wp-content\/uploads\/2020\/11\/stranger-cam-1.png","type":"image\/png"}],"twitter_card":"summary_large_image","twitter_site":"@strangercamapp","twitter_misc":{"Dur\u00e9e de lecture estim\u00e9e":"7 minutes"},"schema":{"@context":"https:\/\/schema.org","@graph":[{"@type":"WebPage","@id":"https:\/\/strangercam.com\/meetme\/","url":"https:\/\/strangercam.com\/meetme\/","name":"Meetme - Chat avec des \u00e9trangers sur StrangerCam.com","isPartOf":{"@id":"https:\/\/strangercam.com\/#website"},"primaryImageOfPage":{"@id":"https:\/\/strangercam.com\/meetme\/#primaryimage"},"image":{"@id":"https:\/\/strangercam.com\/meetme\/#primaryimage"},"thumbnailUrl":"https:\/\/strangercam.com\/wp-content\/uploads\/2020\/11\/stranger-cam-1.png","datePublished":"2022-08-11T14:07:53+00:00","dateModified":"2023-08-21T10:24:42+00:00","description":"Vous aimez Meetme ? Venez discuter avec plus de 5.000.000 d'inconnus sur Stranger Cam gratuitement ! Allume ta cam\u00e9ra et trouve de nouveaux amis et peut-\u00eatre un partenaire !","breadcrumb":{"@id":"https:\/\/strangercam.com\/meetme\/#breadcrumb"},"inLanguage":"fr-FR","potentialAction":[{"@type":"ReadAction","target":["https:\/\/strangercam.com\/meetme\/"]}]},{"@type":"ImageObject","inLanguage":"fr-FR","@id":"https:\/\/strangercam.com\/meetme\/#primaryimage","url":"https:\/\/strangercam.com\/wp-content\/uploads\/2020\/11\/stranger-cam-1.png","contentUrl":"https:\/\/strangercam.com\/wp-content\/uploads\/2020\/11\/stranger-cam-1.png","width":800,"height":800,"caption":"stranger cam random video chat"},{"@type":"BreadcrumbList","@id":"https:\/\/strangercam.com\/meetme\/#breadcrumb","itemListElement":[{"@type":"ListItem","position":1,"name":"Home","item":"https:\/\/strangercam.com\/"},{"@type":"ListItem","position":2,"name":"Meetme"}]},{"@type":"WebSite","@id":"https:\/\/strangercam.com\/#website","url":"https:\/\/strangercam.com\/","name":"Strangercam","description":"Chat vid\u00e9o al\u00e9atoire avec des inconnus","publisher":{"@id":"https:\/\/strangercam.com\/#organization"},"alternateName":"Strangercam.com","potentialAction":[{"@type":"SearchAction","target":{"@type":"EntryPoint","urlTemplate":"https:\/\/strangercam.com\/?s={search_term_string}"},"query-input":{"@type":"PropertyValueSpecification","valueRequired":true,"valueName":"search_term_string"}}],"inLanguage":"fr-FR"},{"@type":"Organization","@id":"https:\/\/strangercam.com\/#organization","name":"Strangercam","alternateName":"Strangercam.com","url":"https:\/\/strangercam.com\/","logo":{"@type":"ImageObject","inLanguage":"fr-FR","@id":"https:\/\/strangercam.com\/#\/schema\/logo\/image\/","url":"https:\/\/strangercam.com\/wp-content\/uploads\/2020\/11\/cropped-new-favicon-black.png","contentUrl":"https:\/\/strangercam.com\/wp-content\/uploads\/2020\/11\/cropped-new-favicon-black.png","width":512,"height":512,"caption":"Strangercam"},"image":{"@id":"https:\/\/strangercam.com\/#\/schema\/logo\/image\/"},"sameAs":["https:\/\/www.facebook.com\/strangercam","https:\/\/x.com\/strangercamapp"]}]}},"_links":{"self":[{"href":"https:\/\/strangercam.com\/fr\/wp-json\/wp\/v2\/pages\/11221","targetHints":{"allow":["GET"]}}],"collection":[{"href":"https:\/\/strangercam.com\/fr\/wp-json\/wp\/v2\/pages"}],"about":[{"href":"https:\/\/strangercam.com\/fr\/wp-json\/wp\/v2\/types\/page"}],"author":[{"embeddable":true,"href":"https:\/\/strangercam.com\/fr\/wp-json\/wp\/v2\/users\/6"}],"replies":[{"embeddable":true,"href":"https:\/\/strangercam.com\/fr\/wp-json\/wp\/v2\/comments?post=11221"}],"version-history":[{"count":0,"href":"https:\/\/strangercam.com\/fr\/wp-json\/wp\/v2\/pages\/11221\/revisions"}],"wp:featuredmedia":[{"embeddable":true,"href":"https:\/\/strangercam.com\/fr\/wp-json\/wp\/v2\/media\/559"}],"wp:attachment":[{"href":"https:\/\/strangercam.com\/fr\/wp-json\/wp\/v2\/media?parent=11221"}],"curies":[{"name":"wp","href":"https:\/\/api.w.org\/{rel}","templated":true}]}}