{"id":11208,"date":"2022-08-11T16:02:32","date_gmt":"2022-08-11T14:02:32","guid":{"rendered":"https:\/\/strangercam.com\/?page_id=11208"},"modified":"2023-08-21T12:24:41","modified_gmt":"2023-08-21T10:24:41","slug":"epikchat","status":"publish","type":"page","link":"https:\/\/strangercam.com\/fr\/epikchat\/","title":{"rendered":"Epikchat"},"content":{"rendered":"<p>Epikchat est une nouvelle application de r\u00e9seautage social et de rencontres qui vous permet de <a href=\"https:\/\/strangercam.com\/fr\/coomeet\/\">rencontrer<\/a> de nouvelles personnes et de flirter avec des inconnus. L'application est actuellement disponible pour les appareils iOS et Android.<\/p>\n<h2>Qu'est-ce que Epikchat ?<\/h2>\n<p>Epikchat est une vid\u00e9o en direct <a href=\"https:\/\/strangercam.com\/fr\/chathub\/\">chat<\/a> qui permet aux utilisateurs de se connecter les uns aux autres en temps r\u00e9el. Epikchat offre un moyen unique et pratique de communiquer entre les personnes et de passer du bon temps.<\/p>\n<h2>Comment utiliser Epikchat<\/h2>\n<p>La premi\u00e8re \u00e9tape consiste \u00e0 cr\u00e9er un compte aupr\u00e8s de Epikchat. Vous pouvez le faire en allant sur leur site web et en cliquant sur le bouton \"S'inscrire\". Une fois votre compte cr\u00e9\u00e9, vous devrez v\u00e9rifier votre adresse \u00e9lectronique. Une fois votre adresse \u00e9lectronique v\u00e9rifi\u00e9e, vous pourrez vous connecter \u00e0 votre compte.<\/p>\n<p>Une fois connect\u00e9, vous pourrez voir une liste de tous les salons de discussion disponibles. Vous pouvez choisir de rejoindre l'un de ces salons ou de cr\u00e9er votre propre salon. Si vous d\u00e9cidez de cr\u00e9er votre propre salle de chat, vous devrez choisir un nom pour votre salle et un mot de passe. Une fois que vous aurez choisi un nom et un mot de passe pour votre salon, vous pourrez inviter d'autres personnes \u00e0 rejoindre votre salon<\/p>\n<h2>Avantages et inconv\u00e9nients de l'utilisation de Epikchat<\/h2>\n<p>Les raisons pour lesquelles les gens utilisentEpikchat sont nombreuses. Certains l'utilisent pour se faire de nouveaux amis, d'autres pour flirter avec des inconnus, et d'autres encore pour trouver un rendez-vous. Cependant, il y a aussi des inconv\u00e9nients \u00e0 utiliser Epikchat. Voici quelques avantages et inconv\u00e9nients de l'utilisation de Epikchat :<\/p>\n<h4>Pour :<\/h4>\n<ul>\n<li style=\"font-weight: 400;\" aria-level=\"1\">Vous pouvez rencontrer de nouvelles personnes du monde entier.<\/li>\n<li style=\"font-weight: 400;\" aria-level=\"1\">C'est un excellent moyen d'exercer vos talents de flirt.<\/li>\n<li style=\"font-weight: 400;\" aria-level=\"1\">Vous pouvez d\u00e9couvrir d'autres cultures en discutant avec des personnes de diff\u00e9rents pays.<\/li>\n<li style=\"font-weight: 400;\" aria-level=\"1\">C'est un excellent moyen de se faire de nouveaux amis.<\/li>\n<\/ul>\n<h4>Cons :<\/h4>\n<ul>\n<li style=\"font-weight: 400;\" aria-level=\"1\">Certaines personnes utilisent Epikchat pour la cyberintimidation.<\/li>\n<li style=\"font-weight: 400;\" aria-level=\"1\">Vous pouvez \u00eatre confront\u00e9 \u00e0 des contenus inappropri\u00e9s lorsque vous discutez avec des inconnus.<\/li>\n<li style=\"font-weight: 400;\" aria-level=\"1\">Vos informations personnelles peuvent \u00eatre menac\u00e9es si vous n'utilisez pas correctement les param\u00e8tres de confidentialit\u00e9.<\/li>\n<\/ul>\n<h2>\u00c0 quoi s'attendre lors de l'utilisation de Epikchat<\/h2>\n<p>Epikchat est un nouveau site de r\u00e9seautage social qui vous permet de rencontrer de nouvelles personnes et de flirter avec elles. C'est un excellent moyen de se faire de nouveaux amis et peut-\u00eatre m\u00eame de trouver l'amour. Cependant, il y a certaines choses auxquelles vous devez vous attendre lorsque vous utilisez ce site.<\/p>\n<p>Tout d'abord, vous devez cr\u00e9er un profil. Celui-ci comprendra votre nom, votre \u00e2ge, votre sexe et vos centres d'int\u00e9r\u00eat. Vous pouvez \u00e9galement t\u00e9l\u00e9charger une photo de vous. Une fois votre profil cr\u00e9\u00e9, vous pouvez commencer \u00e0 rechercher d'autres membres.<\/p>\n<p>Vous pouvez rechercher des membres en fonction de leur lieu de r\u00e9sidence, de leur \u00e2ge ou de leurs centres d'int\u00e9r\u00eat. Une fois que vous avez trouv\u00e9 quelqu'un avec qui vous voulez discuter, vous pouvez lui envoyer un message. Si la personne est en ligne, vous pouvez discuter avec elle en temps r\u00e9el. S'il n'est pas en ligne, vous pouvez toujours lui envoyer des messages, mais il ne pourra pas vous r\u00e9pondre tant qu'il ne se sera pas reconnect\u00e9.<\/p>\n<p>Epikchat est un excellent moyen de rencontrer de nouvelles personnes et de flirter avec elles. Cependant, il y a certaines choses auxquelles vous devez vous attendre lorsque vous utilisez ce site. Alors, cr\u00e9ez votre profil d\u00e8s aujourd'hui et commencez \u00e0 discuter avec de nouveaux amis !<\/p>\n<h2>Pourquoi Epikchat est une plateforme de chat vid\u00e9o al\u00e9atoire si populaire ?<\/h2>\n<p>Epikchat est une plateforme de chat vid\u00e9o al\u00e9atoire populaire pour un certain nombre de raisons. Tout d'abord, elle est incroyablement facile \u00e0 utiliser. Tout ce dont vous avez besoin, c'est d'une webcam et d'une connexion Internet, et vous pouvez commencer \u00e0 discuter avec des inconnus du monde entier. Ensuite, le site dispose d'une communaut\u00e9 d'utilisateurs tr\u00e8s active, qui est toujours heureuse de discuter et de flirter avec de nouvelles personnes. Enfin, Epikchat est enti\u00e8rement gratuit, vous pouvez donc chatter autant que vous le souhaitez sans avoir \u00e0 vous soucier des frais.<\/p>\n<h2>Epikchat vs autre plateforme de chat vid\u00e9o al\u00e9atoire<\/h2>\n<p>Epikchat est une nouvelle plateforme de chat vid\u00e9o al\u00e9atoire qui gagne rapidement en popularit\u00e9. Bien qu'il existe de nombreuses autres plateformes similaires, Epikchat poss\u00e8de plusieurs caract\u00e9ristiques qui la distinguent de la concurrence.<\/p>\n<p>Tout d'abord, l'utilisation de Epikchat est enti\u00e8rement gratuite. Il n'y a pas de frais cach\u00e9s ou d'adh\u00e9sion payante pour acc\u00e9der \u00e0 toutes les fonctionnalit\u00e9s. Cela le rend tr\u00e8s attrayant pour les utilisateurs qui recherchent une option \u00e9conomique.<\/p>\n<p>Deuxi\u00e8mement, Epikchat dispose d'une interface beaucoup plus propre et conviviale que la plupart des autres plateformes de chat. Le design est \u00e9l\u00e9gant et moderne, et la navigation est facile \u00e0 comprendre. C'est la solution id\u00e9ale pour les utilisateurs qui souhaitent une exp\u00e9rience sans tracas.<\/p>\n<p>Enfin, le Epikchat offre une fonction unique de \"flirt\" qui permet aux utilisateurs d'envoyer anonymement des messages de drague \u00e0 des inconnus. Si le destinataire appr\u00e9cie la conversation, il peut choisir de r\u00e9v\u00e9ler son identit\u00e9. Cela peut donner lieu \u00e0 des interactions amusantes et int\u00e9ressantes !<\/p>\n<h2>Avantages de l'utilisation d'une plateforme de chat vid\u00e9o al\u00e9atoire<\/h2>\n<p>L'utilisation d'une plateforme de chat vid\u00e9o al\u00e9atoire pr\u00e9sente de nombreux avantages. L'avantage le plus important est qu'il vous aide \u00e0 entrer en contact avec des personnes du monde entier. Vous pouvez vous faire de nouveaux amis, apprendre de nouvelles cultures et de nouvelles langues, et m\u00eame trouver l'amour sur ces plateformes.<\/p>\n<p>Un autre grand avantage est que vous pouvez vous amuser beaucoup sur ces plateformes. Vous pouvez jouer \u00e0 des jeux, partager des photos et des vid\u00e9os et, d'une mani\u00e8re g\u00e9n\u00e9rale, vous amuser. Ces plateformes offrent \u00e9galement de nombreuses possibilit\u00e9s de rencontrer de nouvelles personnes et de flirter avec elles. Si vous cherchez un moyen facile et amusant de faire de nouvelles rencontres, vous devriez donc absolument vous rendre sur n'importe quelle plateforme de chat vid\u00e9o al\u00e9atoire.<\/p>\n<h2>Comment rester en s\u00e9curit\u00e9 lors de l'utilisation de Epikchat<\/h2>\n<p>Si vous cherchez \u00e0 rencontrer de nouvelles personnes et \u00e0 flirter avec des inconnus, Epikchat est une excellente option. Cependant, il y a certaines choses que vous devez garder \u00e0 l'esprit pour rester en s\u00e9curit\u00e9 lorsque vous utilisez l'application.<\/p>\n<p>Tout d'abord, ne donnez jamais d'informations personnelles \u00e0 quelqu'un que vous ne connaissez pas. Il peut s'agir de votre nom complet, de votre adresse, de votre num\u00e9ro de t\u00e9l\u00e9phone, de votre adresse \u00e9lectronique ou de toute autre information sensible. Vous devez \u00e9galement \u00e9viter de partager des photos ou des vid\u00e9os qui pourraient \u00eatre utilis\u00e9es pour vous identifier.<\/p>\n<p>Un autre conseil de s\u00e9curit\u00e9 important est de ne jamais rencontrer en personne une personne rencontr\u00e9e en ligne. Si vous d\u00e9cidez de rencontrer quelqu'un, veillez \u00e0 le faire dans un lieu public et \u00e0 vous faire accompagner d'un ami ou d'un membre de votre famille. Ne partez jamais seul avec quelqu'un que vous ne connaissez pas.<\/p>\n<p>Enfin, si vous vous sentez mal \u00e0 l'aise ou en danger lors de l'utilisation de Epikchat, signalez l'utilisateur aux mod\u00e9rateurs de l'application. Ils prendront les mesures n\u00e9cessaires pour assurer votre s\u00e9curit\u00e9.<\/p>\n<p>En suivant ces simples conseils de s\u00e9curit\u00e9, vous pourrez vous amuser en utilisant Epikchat sans vous mettre en danger.<\/p>\n<h2>Alternatives de Epikchat<\/h2>\n<p>Si vous cherchez des alternatives \u00e0 Epikchat, il existe de nombreuses options. Voici quelques-unes de nos pr\u00e9f\u00e9r\u00e9es :<\/p>\n<ol>\n<li><a href=\"https:\/\/strangercam.com\/fr\/chatroulette\/\">Chatroulette<\/a>: Ce site est tr\u00e8s similaire \u00e0 Epikchat, vous permettant de discuter avec des inconnus du monde entier. Toutefois, il offre des fonctionnalit\u00e9s suppl\u00e9mentaires, comme la possibilit\u00e9 de filtrer les r\u00e9sultats par pays ou par sexe.<\/li>\n<li><a href=\"https:\/\/strangercam.com\/fr\/omegle\/\">Omegle<\/a>: Omegle est un autre site de chat populaire qui offre une exp\u00e9rience similaire \u00e0 Epikchat. Cependant, l'une des caract\u00e9ristiques uniques de ce site est qu'il dispose \u00e9galement d'une section pour le chat textuel, en plus du chat vid\u00e9o.<\/li>\n<li>TinyChat : TinyChat est une option plus r\u00e9cente qui est devenue tr\u00e8s populaire ces derni\u00e8res ann\u00e9es. Il offre une interface simple et vous permet de cr\u00e9er des \u201csalles\u201d pour des discussions de groupe avec un maximum de 12 personnes. Vous pouvez \u00e9galement rejoindre des salons publics sur TinyChat pour rencontrer de nouvelles personnes.<\/li>\n<\/ol>\n<h2>Conclusion<\/h2>\n<p>Epikchat est un excellent moyen de rencontrer de nouvelles personnes et de flirter avec des inconnus. Il est facile \u00e0 utiliser et vous pouvez vous connecter avec des personnes du monde entier. Si vous \u00eates \u00e0 la recherche d'un moyen amusant de rencontrer de nouvelles personnes, Epikchat vaut vraiment la peine d'\u00eatre consult\u00e9.<\/p>","protected":false},"excerpt":{"rendered":"<p>Epikchat is a new social networking and dating app that lets you meet new people and flirt with strangers. The app is currently available for iOS and Android devices. What is Epikchat? Epikchat is a live video chat platform that allows users to connect with each other in real time. Epikchat provides a unique and [&hellip;]<\/p>\n","protected":false},"author":6,"featured_media":559,"parent":0,"menu_order":0,"comment_status":"closed","ping_status":"closed","template":"","meta":{"footnotes":""},"class_list":["post-11208","page","type-page","status-publish","has-post-thumbnail","hentry"],"yoast_head":"<!-- This site is optimized with the Yoast SEO plugin v27.4 - https:\/\/yoast.com\/product\/yoast-seo-wordpress\/ -->\n<title>Epikchat - Chat with strangers on StrangerCam.com<\/title>\n<meta name=\"description\" content=\"Like Epikchat? Come chat with more than 5.000.000 strangers on Stranger Cam for Free! Turn on your cam and find new friends &amp; maby a match!\" \/>\n<meta name=\"robots\" content=\"index, follow, max-snippet:-1, max-image-preview:large, max-video-preview:-1\" \/>\n<link rel=\"canonical\" href=\"https:\/\/strangercam.com\/fr\/epikchat\/\" \/>\n<meta property=\"og:locale\" content=\"fr_FR\" \/>\n<meta property=\"og:type\" content=\"article\" \/>\n<meta property=\"og:title\" content=\"Epikchat - Chat with strangers on StrangerCam.com\" \/>\n<meta property=\"og:description\" content=\"Like Epikchat? Come chat with more than 5.000.000 strangers on Stranger Cam for Free! Turn on your cam and find new friends &amp; maby a match!\" \/>\n<meta property=\"og:url\" content=\"https:\/\/strangercam.com\/fr\/epikchat\/\" \/>\n<meta property=\"og:site_name\" content=\"Strangercam\" \/>\n<meta property=\"article:publisher\" content=\"https:\/\/www.facebook.com\/strangercam\" \/>\n<meta property=\"article:modified_time\" content=\"2023-08-21T10:24:41+00:00\" \/>\n<meta property=\"og:image\" content=\"https:\/\/strangercam.com\/wp-content\/uploads\/2020\/11\/stranger-cam-1.png\" \/>\n\t<meta property=\"og:image:width\" content=\"800\" \/>\n\t<meta property=\"og:image:height\" content=\"800\" \/>\n\t<meta property=\"og:image:type\" content=\"image\/png\" \/>\n<meta name=\"twitter:card\" content=\"summary_large_image\" \/>\n<meta name=\"twitter:site\" content=\"@strangercamapp\" \/>\n<meta name=\"twitter:label1\" content=\"Dur\u00e9e de lecture estim\u00e9e\" \/>\n\t<meta name=\"twitter:data1\" content=\"6 minutes\" \/>\n<script type=\"application\/ld+json\" class=\"yoast-schema-graph\">{\"@context\":\"https:\\\/\\\/schema.org\",\"@graph\":[{\"@type\":\"WebPage\",\"@id\":\"https:\\\/\\\/strangercam.com\\\/epikchat\\\/\",\"url\":\"https:\\\/\\\/strangercam.com\\\/epikchat\\\/\",\"name\":\"Epikchat - Chat with strangers on StrangerCam.com\",\"isPartOf\":{\"@id\":\"https:\\\/\\\/strangercam.com\\\/#website\"},\"primaryImageOfPage\":{\"@id\":\"https:\\\/\\\/strangercam.com\\\/epikchat\\\/#primaryimage\"},\"image\":{\"@id\":\"https:\\\/\\\/strangercam.com\\\/epikchat\\\/#primaryimage\"},\"thumbnailUrl\":\"https:\\\/\\\/strangercam.com\\\/wp-content\\\/uploads\\\/2020\\\/11\\\/stranger-cam-1.png\",\"datePublished\":\"2022-08-11T14:02:32+00:00\",\"dateModified\":\"2023-08-21T10:24:41+00:00\",\"description\":\"Like Epikchat? Come chat with more than 5.000.000 strangers on Stranger Cam for Free! Turn on your cam and find new friends & maby a match!\",\"breadcrumb\":{\"@id\":\"https:\\\/\\\/strangercam.com\\\/epikchat\\\/#breadcrumb\"},\"inLanguage\":\"fr-FR\",\"potentialAction\":[{\"@type\":\"ReadAction\",\"target\":[\"https:\\\/\\\/strangercam.com\\\/epikchat\\\/\"]}]},{\"@type\":\"ImageObject\",\"inLanguage\":\"fr-FR\",\"@id\":\"https:\\\/\\\/strangercam.com\\\/epikchat\\\/#primaryimage\",\"url\":\"https:\\\/\\\/strangercam.com\\\/wp-content\\\/uploads\\\/2020\\\/11\\\/stranger-cam-1.png\",\"contentUrl\":\"https:\\\/\\\/strangercam.com\\\/wp-content\\\/uploads\\\/2020\\\/11\\\/stranger-cam-1.png\",\"width\":800,\"height\":800,\"caption\":\"stranger cam random video chat\"},{\"@type\":\"BreadcrumbList\",\"@id\":\"https:\\\/\\\/strangercam.com\\\/epikchat\\\/#breadcrumb\",\"itemListElement\":[{\"@type\":\"ListItem\",\"position\":1,\"name\":\"Home\",\"item\":\"https:\\\/\\\/strangercam.com\\\/\"},{\"@type\":\"ListItem\",\"position\":2,\"name\":\"Epikchat\"}]},{\"@type\":\"WebSite\",\"@id\":\"https:\\\/\\\/strangercam.com\\\/#website\",\"url\":\"https:\\\/\\\/strangercam.com\\\/\",\"name\":\"Strangercam\",\"description\":\"Random Video Chat with Strangers\",\"publisher\":{\"@id\":\"https:\\\/\\\/strangercam.com\\\/#organization\"},\"alternateName\":\"Strangercam.com\",\"potentialAction\":[{\"@type\":\"SearchAction\",\"target\":{\"@type\":\"EntryPoint\",\"urlTemplate\":\"https:\\\/\\\/strangercam.com\\\/?s={search_term_string}\"},\"query-input\":{\"@type\":\"PropertyValueSpecification\",\"valueRequired\":true,\"valueName\":\"search_term_string\"}}],\"inLanguage\":\"fr-FR\"},{\"@type\":\"Organization\",\"@id\":\"https:\\\/\\\/strangercam.com\\\/#organization\",\"name\":\"Strangercam\",\"alternateName\":\"Strangercam.com\",\"url\":\"https:\\\/\\\/strangercam.com\\\/\",\"logo\":{\"@type\":\"ImageObject\",\"inLanguage\":\"fr-FR\",\"@id\":\"https:\\\/\\\/strangercam.com\\\/#\\\/schema\\\/logo\\\/image\\\/\",\"url\":\"https:\\\/\\\/strangercam.com\\\/wp-content\\\/uploads\\\/2020\\\/11\\\/cropped-new-favicon-black.png\",\"contentUrl\":\"https:\\\/\\\/strangercam.com\\\/wp-content\\\/uploads\\\/2020\\\/11\\\/cropped-new-favicon-black.png\",\"width\":512,\"height\":512,\"caption\":\"Strangercam\"},\"image\":{\"@id\":\"https:\\\/\\\/strangercam.com\\\/#\\\/schema\\\/logo\\\/image\\\/\"},\"sameAs\":[\"https:\\\/\\\/www.facebook.com\\\/strangercam\",\"https:\\\/\\\/x.com\\\/strangercamapp\"]}]}<\/script>\n<!-- \/ Yoast SEO plugin. -->","yoast_head_json":{"title":"Epikchat - Chat avec des \u00e9trangers sur StrangerCam.com","description":"Vous aimez Epikchat ? Venez discuter avec plus de 5.000.000 d'inconnus sur Stranger Cam gratuitement ! Allume ta cam\u00e9ra et trouve de nouveaux amis et peut-\u00eatre un partenaire !","robots":{"index":"index","follow":"follow","max-snippet":"max-snippet:-1","max-image-preview":"max-image-preview:large","max-video-preview":"max-video-preview:-1"},"canonical":"https:\/\/strangercam.com\/fr\/epikchat\/","og_locale":"fr_FR","og_type":"article","og_title":"Epikchat - Chat with strangers on StrangerCam.com","og_description":"Like Epikchat? Come chat with more than 5.000.000 strangers on Stranger Cam for Free! Turn on your cam and find new friends & maby a match!","og_url":"https:\/\/strangercam.com\/fr\/epikchat\/","og_site_name":"Strangercam","article_publisher":"https:\/\/www.facebook.com\/strangercam","article_modified_time":"2023-08-21T10:24:41+00:00","og_image":[{"width":800,"height":800,"url":"https:\/\/strangercam.com\/wp-content\/uploads\/2020\/11\/stranger-cam-1.png","type":"image\/png"}],"twitter_card":"summary_large_image","twitter_site":"@strangercamapp","twitter_misc":{"Dur\u00e9e de lecture estim\u00e9e":"6 minutes"},"schema":{"@context":"https:\/\/schema.org","@graph":[{"@type":"WebPage","@id":"https:\/\/strangercam.com\/epikchat\/","url":"https:\/\/strangercam.com\/epikchat\/","name":"Epikchat - Chat avec des \u00e9trangers sur StrangerCam.com","isPartOf":{"@id":"https:\/\/strangercam.com\/#website"},"primaryImageOfPage":{"@id":"https:\/\/strangercam.com\/epikchat\/#primaryimage"},"image":{"@id":"https:\/\/strangercam.com\/epikchat\/#primaryimage"},"thumbnailUrl":"https:\/\/strangercam.com\/wp-content\/uploads\/2020\/11\/stranger-cam-1.png","datePublished":"2022-08-11T14:02:32+00:00","dateModified":"2023-08-21T10:24:41+00:00","description":"Vous aimez Epikchat ? Venez discuter avec plus de 5.000.000 d'inconnus sur Stranger Cam gratuitement ! Allume ta cam\u00e9ra et trouve de nouveaux amis et peut-\u00eatre un partenaire !","breadcrumb":{"@id":"https:\/\/strangercam.com\/epikchat\/#breadcrumb"},"inLanguage":"fr-FR","potentialAction":[{"@type":"ReadAction","target":["https:\/\/strangercam.com\/epikchat\/"]}]},{"@type":"ImageObject","inLanguage":"fr-FR","@id":"https:\/\/strangercam.com\/epikchat\/#primaryimage","url":"https:\/\/strangercam.com\/wp-content\/uploads\/2020\/11\/stranger-cam-1.png","contentUrl":"https:\/\/strangercam.com\/wp-content\/uploads\/2020\/11\/stranger-cam-1.png","width":800,"height":800,"caption":"stranger cam random video chat"},{"@type":"BreadcrumbList","@id":"https:\/\/strangercam.com\/epikchat\/#breadcrumb","itemListElement":[{"@type":"ListItem","position":1,"name":"Home","item":"https:\/\/strangercam.com\/"},{"@type":"ListItem","position":2,"name":"Epikchat"}]},{"@type":"WebSite","@id":"https:\/\/strangercam.com\/#website","url":"https:\/\/strangercam.com\/","name":"Strangercam","description":"Chat vid\u00e9o al\u00e9atoire avec des inconnus","publisher":{"@id":"https:\/\/strangercam.com\/#organization"},"alternateName":"Strangercam.com","potentialAction":[{"@type":"SearchAction","target":{"@type":"EntryPoint","urlTemplate":"https:\/\/strangercam.com\/?s={search_term_string}"},"query-input":{"@type":"PropertyValueSpecification","valueRequired":true,"valueName":"search_term_string"}}],"inLanguage":"fr-FR"},{"@type":"Organization","@id":"https:\/\/strangercam.com\/#organization","name":"Strangercam","alternateName":"Strangercam.com","url":"https:\/\/strangercam.com\/","logo":{"@type":"ImageObject","inLanguage":"fr-FR","@id":"https:\/\/strangercam.com\/#\/schema\/logo\/image\/","url":"https:\/\/strangercam.com\/wp-content\/uploads\/2020\/11\/cropped-new-favicon-black.png","contentUrl":"https:\/\/strangercam.com\/wp-content\/uploads\/2020\/11\/cropped-new-favicon-black.png","width":512,"height":512,"caption":"Strangercam"},"image":{"@id":"https:\/\/strangercam.com\/#\/schema\/logo\/image\/"},"sameAs":["https:\/\/www.facebook.com\/strangercam","https:\/\/x.com\/strangercamapp"]}]}},"_links":{"self":[{"href":"https:\/\/strangercam.com\/fr\/wp-json\/wp\/v2\/pages\/11208","targetHints":{"allow":["GET"]}}],"collection":[{"href":"https:\/\/strangercam.com\/fr\/wp-json\/wp\/v2\/pages"}],"about":[{"href":"https:\/\/strangercam.com\/fr\/wp-json\/wp\/v2\/types\/page"}],"author":[{"embeddable":true,"href":"https:\/\/strangercam.com\/fr\/wp-json\/wp\/v2\/users\/6"}],"replies":[{"embeddable":true,"href":"https:\/\/strangercam.com\/fr\/wp-json\/wp\/v2\/comments?post=11208"}],"version-history":[{"count":0,"href":"https:\/\/strangercam.com\/fr\/wp-json\/wp\/v2\/pages\/11208\/revisions"}],"wp:featuredmedia":[{"embeddable":true,"href":"https:\/\/strangercam.com\/fr\/wp-json\/wp\/v2\/media\/559"}],"wp:attachment":[{"href":"https:\/\/strangercam.com\/fr\/wp-json\/wp\/v2\/media?parent=11208"}],"curies":[{"name":"wp","href":"https:\/\/api.w.org\/{rel}","templated":true}]}}