{"id":11194,"date":"2022-08-11T15:50:53","date_gmt":"2022-08-11T13:50:53","guid":{"rendered":"https:\/\/strangercam.com\/?page_id=11194"},"modified":"2023-08-21T11:40:39","modified_gmt":"2023-08-21T09:40:39","slug":"camskip","status":"publish","type":"page","link":"https:\/\/strangercam.com\/fr\/camskip\/","title":{"rendered":"Camskip"},"content":{"rendered":"<p>Avez-vous d\u00e9j\u00e0 souhait\u00e9 pouvoir passer outre les bavardages et passer \u00e0 la partie la plus amusante de la rencontre de nouvelles personnes ? Eh bien, il existe d\u00e9sormais une application pour cela ! Camskip est une nouvelle application de rencontre qui vous permet de faire exactement cela - <a href=\"https:\/\/strangercam.com\/fr\/coomeet\/\">rencontrer<\/a> de nouvelles personnes et <a href=\"https:\/\/strangercam.com\/fr\/flingster\/\">flirter<\/a> avec des inconnus, sans les tracas.<\/p>\n<h2>Qu'est-ce que le camskip ?<\/h2>\n<p>camskip est un nouveau hasard <a href=\"https:\/\/strangercam.com\/fr\/chatroulette\/\">chat<\/a> qui vous permet de rencontrer de nouvelles personnes et de flirter avec des inconnus. Cette plateforme gagne en popularit\u00e9 aupr\u00e8s des utilisateurs. Le concept de la plateforme est simple : vous pouvez soit rejoindre un salon de discussion existant, soit cr\u00e9er votre propre salon et inviter des personnes \u00e0 le rejoindre. Une fois que vous \u00eates dans un salon de discussion, vous pouvez commencer \u00e0 flirter avec d'autres utilisateurs. Si quelqu'un vous int\u00e9resse, vous pouvez l'ajouter \u00e0 votre liste d'amis et continuer \u00e0 discuter avec lui.<\/p>\n<h2>Comment utiliser camskip<\/h2>\n<p>Si vous cherchez \u00e0 rencontrer de nouvelles personnes et \u00e0 flirter avec des inconnus, camskip est la plateforme id\u00e9ale pour vous. Voici un guide rapide sur l'utilisation de camskip :<\/p>\n<ol>\n<li>Cr\u00e9ez un compte gratuit. Vous devrez fournir une adresse \u00e9lectronique valide et cr\u00e9er un nom d'utilisateur et un mot de passe.<\/li>\n<li>Une fois connect\u00e9, vous pouvez commencer \u00e0 chatter avec toute personne en ligne. Pour ce faire, il vous suffit de cliquer sur le bouton \"Chat\" en haut de la page.<\/li>\n<li>Si vous voyez une personne qui vous pla\u00eet, vous pouvez lui envoyer un message priv\u00e9 en cliquant sur le bouton \"Message\".<\/li>\n<li>Pour flirter avec quelqu'un, cliquez sur le bouton \"Flirt\". Vous lui enverrez alors un message de drague qu'il pourra accepter ou refuser.<\/li>\n<li>Si vous voulez aller plus loin, vous pouvez les ajouter \u00e0 votre liste d'amis en cliquant sur le bouton \"Ajouter un ami\". Vous pourrez ainsi discuter avec eux \u00e0 tout moment lorsqu'ils seront en ligne.<\/li>\n<\/ol>\n<h2>Avantages et inconv\u00e9nients de camskip<\/h2>\n<p>Le camming pr\u00e9sente des avantages et des inconv\u00e9nients. Les aspects positifs sont la possibilit\u00e9 de gagner de l'argent depuis chez soi, la flexibilit\u00e9 de travailler quand on le souhaite et la possibilit\u00e9 d'entrer en contact avec des personnes du monde entier. En revanche, le camming peut cr\u00e9er une certaine d\u00e9pendance et entra\u00eener des difficult\u00e9s financi\u00e8res s'il n'est pas g\u00e9r\u00e9 avec soin.<\/p>\n<p>Camskip pr\u00e9sente un certain nombre d'avantages par rapport \u00e0 d'autres m\u00e9thodes de communication en ligne. L'avantage le plus \u00e9vident est sans doute la gratuit\u00e9 de son utilisation. Cela signifie que toute personne disposant d'une connexion internet peut utiliser camskip sans avoir \u00e0 payer de frais.<\/p>\n<p>Un autre avantage de camskip est qu'il offre aux utilisateurs une forme de communication plus intime que d'autres m\u00e9thodes telles que les salons de discussion ou les forums. En effet, les utilisateurs peuvent voir le visage de l'autre pendant qu'ils parlent. Cela peut contribuer \u00e0 \u00e9tablir la confiance et les rapports entre les utilisateurs.<\/p>\n<p>Cependant, Camskip pr\u00e9sente \u00e9galement des inconv\u00e9nients. L'un d'entre eux est qu'il peut \u00eatre assez difficile de trouver les personnes avec lesquelles vous voulez parler sur camskip. En effet, le site repose sur le fait que les utilisateurs se trouvent les uns les autres par le biais de mots-cl\u00e9s et de balises. Par cons\u00e9quent, il peut \u00eatre assez difficile de trouver quelqu'un qui partage vos int\u00e9r\u00eats sur camskip.<\/p>\n<h2>\u00c0 quoi s'attendre lors de l'utilisation de camskip<\/h2>\n<p>En utilisant camskip, vous pouvez vous attendre \u00e0 rencontrer de nouvelles personnes du monde entier. Vous pourrez discuter avec eux et flirter avec eux. Vous pouvez m\u00eame vous retrouver dans une relation avec quelqu'un que vous avez rencontr\u00e9 sur camskip.<\/p>\n<h2>Pourquoi camskip est une plateforme de chat vid\u00e9o al\u00e9atoire si populaire ?<\/h2>\n<p>Depuis son lancement au d\u00e9but de l'ann\u00e9e 2020, camskip est devenu l'une des plateformes de chat vid\u00e9o al\u00e9atoire les plus populaires sur Internet. Plusieurs raisons expliquent la popularit\u00e9 de camskip :<\/p>\n<ul>\n<li style=\"font-weight: 400;\" aria-level=\"1\">L'utilisation de Camskip est enti\u00e8rement gratuite - il n'y a pas de frais cach\u00e9s ou de charges.<\/li>\n<li style=\"font-weight: 400;\" aria-level=\"1\">Camskip est tr\u00e8s facile \u00e0 utiliser - tout ce dont vous avez besoin, c'est d'une cam\u00e9ra Web et d'une connexion Internet.<\/li>\n<li style=\"font-weight: 400;\" aria-level=\"1\">Camskip offre une grande vari\u00e9t\u00e9 de fonctionnalit\u00e9s, y compris la possibilit\u00e9 de rencontrer de nouvelles personnes et de flirter avec des inconnus.<\/li>\n<li style=\"font-weight: 400;\" aria-level=\"1\">Camskip est disponible en plusieurs langues, de sorte que les utilisateurs du monde entier peuvent en profiter.<\/li>\n<li style=\"font-weight: 400;\" aria-level=\"1\">Camskip ajoute constamment de nouvelles fonctionnalit\u00e9s et am\u00e9liore l'exp\u00e9rience de l'utilisateur.<\/li>\n<\/ul>\n<p>Si vous cherchez un moyen amusant et facile de rencontrer de nouvelles personnes et de flirter avec des inconnus, alors camskip vaut vraiment la peine d'\u00eatre d\u00e9couvert !<\/p>\n<h2>Comment tirer le meilleur parti de camskip<\/h2>\n<p>Il ne fait aucun doute que camskip est un excellent moyen de rencontrer de nouvelles personnes et de flirter avec des inconnus. Mais si vous voulez vraiment tirer le meilleur parti de ce site de r\u00e9seautage social, il y a quelques points \u00e0 garder \u00e0 l'esprit.<\/p>\n<p>Tout d'abord, n'oubliez pas d'\u00eatre prudent. Ne donnez pas d'informations personnelles \u00e0 des personnes que vous ne connaissez pas et faites attention \u00e0 ce que vous dites dans les salons de discussion. On ne sait jamais qui peut se cacher \u00e0 l'autre bout du fil.<\/p>\n<p>Deuxi\u00e8mement, profitez de toutes les fonctionnalit\u00e9s offertes par camskip. Utilisez la fonction de recherche pour trouver des personnes ayant des int\u00e9r\u00eats similaires, rejoignez des groupes et participez \u00e0 des discussions. Plus vous interagissez avec les autres, plus vous avez de chances de trouver quelqu'un de sp\u00e9cial.<\/p>\n<p>Enfin, amusez-vous ! Flirter et rencontrer de nouvelles personnes peut \u00eatre tr\u00e8s amusant, alors ne vous prenez pas trop au s\u00e9rieux. D\u00e9tendez-vous et profitez de l'exp\u00e9rience, et vous serez s\u00fbr de passer un bon moment.<\/p>\n<h2>\u00c0 quel type de personnes peut-on s'attendre sur n'importe quelle plateforme de chat vid\u00e9o ?<\/h2>\n<p>Les personnes que vous rencontrerez sur n'importe quel <a href=\"https:\/\/strangercam.com\/fr\/chathub\/\">chat vid\u00e9o al\u00e9atoire<\/a> La plateforme sera tr\u00e8s h\u00e9t\u00e9rog\u00e8ne. Certains seront amicaux et ouverts, tandis que d'autres seront plus r\u00e9serv\u00e9s. Vous pourrez \u00e9galement rencontrer des personnes de tous horizons, y compris de cultures et de milieux diff\u00e9rents.<\/p>\n<p>Si vous cherchez l'amour ou juste un peu de plaisir, vous le trouverez certainement sur une plateforme de chat vid\u00e9o al\u00e9atoire comme camskip. Vous ne savez jamais qui vous rencontrerez sur ces plateformes - il peut s'agir d'un parfait inconnu de n'importe o\u00f9 dans le monde. Mais une chose est s\u00fbre : vous aurez beaucoup de plaisir \u00e0 flirter et \u00e0 discuter avec de nouvelles personnes sur camskip.<\/p>\n<h2>Peut-on l'utiliser en toute s\u00e9curit\u00e9 ?<\/h2>\n<p>Si vous envisagez d'utiliser CamSkip pour rencontrer de nouvelles personnes et flirter avec des inconnus, vous vous demandez peut-\u00eatre si vous pouvez l'utiliser en toute s\u00e9curit\u00e9. Bien qu'il n'y ait aucune garantie que vous ayez une exp\u00e9rience positive en utilisant le site, il y a certaines choses que vous pouvez faire pour assurer votre s\u00e9curit\u00e9. Tout d'abord, prenez le temps de lire les conseils de s\u00e9curit\u00e9 du site. Ces conseils peuvent vous aider \u00e0 \u00e9viter les zones de danger potentiel et \u00e0 vous assurer que vous savez comment rester en s\u00e9curit\u00e9 lorsque vous utilisez le site. En outre, veillez \u00e0 ne discuter avec des inconnus que dans des lieux publics. Vous r\u00e9duirez ainsi le risque de rencontrer quelqu'un qui n'est pas aussi digne de confiance que vous le souhaiteriez. Enfin, fiez-vous \u00e0 votre instinct. Si vous avez l'impression que quelque chose ne va pas chez une personne avec laquelle vous discutez, il est probablement pr\u00e9f\u00e9rable de passer \u00e0 quelqu'un d'autre. En suivant ces simples conseils de s\u00e9curit\u00e9, vous pouvez faire en sorte que votre exp\u00e9rience de CamSkip soit positive.<\/p>\n<h2>Mesures pr\u00e9ventives lors de l'utilisation d'un chat vid\u00e9o al\u00e9atoire<\/h2>\n<p>Lorsque vous utilisez le chat vid\u00e9o al\u00e9atoire, vous pouvez prendre certaines mesures pour \u00e9viter toute exp\u00e9rience n\u00e9gative. Tout d'abord, veillez \u00e0 ne vous connecter qu'avec des personnes que vous connaissez et en qui vous avez confiance. Si vous ne connaissez pas la personne avec laquelle vous vous connectez, faites d'abord des recherches. Ensuite, \u00e9vitez de partager des informations personnelles ou de vous engager dans des activit\u00e9s qui pourraient conduire \u00e0 une usurpation d'identit\u00e9 ou \u00e0 une fraude. Enfin, soyez toujours prudent lorsque vous rencontrez quelqu'un en personne pour la premi\u00e8re fois. Si possible, rencontrez-vous dans un lieu public et faites-vous accompagner. En suivant ces conseils simples, vous pouvez vous assurer que votre exp\u00e9rience du chat vid\u00e9o al\u00e9atoire est positive.<\/p>\n<h2>Alternative \u00e0 camskip<\/h2>\n<p>Il existe de nombreuses alternatives \u00e0 camskip. Que vous soyez \u00e0 la recherche d'une exp\u00e9rience plus flirteuse ou que vous souhaitiez simplement rencontrer de nouvelles personnes, il y a une option pour vous. Voici quelques-unes des meilleures alternatives \u00e0 camskip :<\/p>\n<ol>\n<li><a href=\"https:\/\/strangercam.com\/fr\/omegle\/\">Omegle<\/a>: Ce site est similaire \u00e0 camskip en ce sens qu'il vous permet de discuter avec des inconnus. Cependant, il dispose \u00e9galement d'une section o\u00f9 vous pouvez flirter avec les gens. Il est donc id\u00e9al pour ceux qui recherchent une exp\u00e9rience de flirt plus pouss\u00e9e.<\/li>\n<li>Chatrandom : Ce site est similaire \u00e0 camskip en ce sens qu'il vous permet de discuter avec des inconnus. Cependant, il comporte \u00e9galement une section o\u00f9 vous pouvez flirter avec des personnes. Il est donc id\u00e9al pour ceux qui recherchent une exp\u00e9rience de flirt plus pouss\u00e9e.<\/li>\n<li>DirtyRoulette : Ce site est similaire \u00e0 camskip en ce sens qu'il vous permet de discuter avec des inconnus. Cependant, il comporte \u00e9galement une section o\u00f9 vous pouvez flirter avec des personnes. Il est donc id\u00e9al pour ceux qui recherchent une exp\u00e9rience de flirt plus pouss\u00e9e.<\/li>\n<\/ol>\n<h2>Conclusion<\/h2>\n<p>Si vous cherchez une nouvelle fa\u00e7on de rencontrer des gens et de flirter avec des inconnus, camskip vaut vraiment le coup d'\u0153il. L'application est gratuite et facile \u00e0 naviguer, ce qui en fait une excellente option pour tous ceux qui sont curieux de conna\u00eetre les rencontres en ligne ou qui souhaitent simplement discuter avec des personnes du monde entier. Que vous soyez \u00e0 la recherche d'une amiti\u00e9 ou de quelque chose de plus, camskip peut vous aider \u00e0 entrer en contact avec des personnes partageant les m\u00eames id\u00e9es dans un environnement s\u00fbr et amusant. Alors pourquoi ne pas essayer d\u00e8s aujourd'hui ?<\/p>","protected":false},"excerpt":{"rendered":"<p>Have you ever wished you could just skip past all the small talk and get to the fun part of meeting new people? Well, now there&#8217;s an app for that! Camskip is a new dating app that allows you to do just that &#8211; meet new people and flirt with strangers, without all the hassle. [&hellip;]<\/p>\n","protected":false},"author":6,"featured_media":559,"parent":0,"menu_order":0,"comment_status":"closed","ping_status":"closed","template":"","meta":{"footnotes":""},"class_list":["post-11194","page","type-page","status-publish","has-post-thumbnail","hentry"],"yoast_head":"<!-- This site is optimized with the Yoast SEO plugin v27.4 - https:\/\/yoast.com\/product\/yoast-seo-wordpress\/ -->\n<title>Camskip - Chat with strangers on StrangerCam.com<\/title>\n<meta name=\"description\" content=\"Like Camskip? Come chat with more than 5.000.000 strangers on Stranger Cam for Free! Turn on your cam and find new friends &amp; maby a match!\" \/>\n<meta name=\"robots\" content=\"index, follow, max-snippet:-1, max-image-preview:large, max-video-preview:-1\" \/>\n<link rel=\"canonical\" href=\"https:\/\/strangercam.com\/fr\/camskip\/\" \/>\n<meta property=\"og:locale\" content=\"fr_FR\" \/>\n<meta property=\"og:type\" content=\"article\" \/>\n<meta property=\"og:title\" content=\"Camskip - Chat with strangers on StrangerCam.com\" \/>\n<meta property=\"og:description\" content=\"Like Camskip? Come chat with more than 5.000.000 strangers on Stranger Cam for Free! Turn on your cam and find new friends &amp; maby a match!\" \/>\n<meta property=\"og:url\" content=\"https:\/\/strangercam.com\/fr\/camskip\/\" \/>\n<meta property=\"og:site_name\" content=\"Strangercam\" \/>\n<meta property=\"article:publisher\" content=\"https:\/\/www.facebook.com\/strangercam\" \/>\n<meta property=\"article:modified_time\" content=\"2023-08-21T09:40:39+00:00\" \/>\n<meta property=\"og:image\" content=\"https:\/\/strangercam.com\/wp-content\/uploads\/2020\/11\/stranger-cam-1.png\" \/>\n\t<meta property=\"og:image:width\" content=\"800\" \/>\n\t<meta property=\"og:image:height\" content=\"800\" \/>\n\t<meta property=\"og:image:type\" content=\"image\/png\" \/>\n<meta name=\"twitter:card\" content=\"summary_large_image\" \/>\n<meta name=\"twitter:site\" content=\"@strangercamapp\" \/>\n<meta name=\"twitter:label1\" content=\"Dur\u00e9e de lecture estim\u00e9e\" \/>\n\t<meta name=\"twitter:data1\" content=\"7 minutes\" \/>\n<script type=\"application\/ld+json\" class=\"yoast-schema-graph\">{\"@context\":\"https:\\\/\\\/schema.org\",\"@graph\":[{\"@type\":\"WebPage\",\"@id\":\"https:\\\/\\\/strangercam.com\\\/camskip\\\/\",\"url\":\"https:\\\/\\\/strangercam.com\\\/camskip\\\/\",\"name\":\"Camskip - Chat with strangers on StrangerCam.com\",\"isPartOf\":{\"@id\":\"https:\\\/\\\/strangercam.com\\\/#website\"},\"primaryImageOfPage\":{\"@id\":\"https:\\\/\\\/strangercam.com\\\/camskip\\\/#primaryimage\"},\"image\":{\"@id\":\"https:\\\/\\\/strangercam.com\\\/camskip\\\/#primaryimage\"},\"thumbnailUrl\":\"https:\\\/\\\/strangercam.com\\\/wp-content\\\/uploads\\\/2020\\\/11\\\/stranger-cam-1.png\",\"datePublished\":\"2022-08-11T13:50:53+00:00\",\"dateModified\":\"2023-08-21T09:40:39+00:00\",\"description\":\"Like Camskip? Come chat with more than 5.000.000 strangers on Stranger Cam for Free! Turn on your cam and find new friends & maby a match!\",\"breadcrumb\":{\"@id\":\"https:\\\/\\\/strangercam.com\\\/camskip\\\/#breadcrumb\"},\"inLanguage\":\"fr-FR\",\"potentialAction\":[{\"@type\":\"ReadAction\",\"target\":[\"https:\\\/\\\/strangercam.com\\\/camskip\\\/\"]}]},{\"@type\":\"ImageObject\",\"inLanguage\":\"fr-FR\",\"@id\":\"https:\\\/\\\/strangercam.com\\\/camskip\\\/#primaryimage\",\"url\":\"https:\\\/\\\/strangercam.com\\\/wp-content\\\/uploads\\\/2020\\\/11\\\/stranger-cam-1.png\",\"contentUrl\":\"https:\\\/\\\/strangercam.com\\\/wp-content\\\/uploads\\\/2020\\\/11\\\/stranger-cam-1.png\",\"width\":800,\"height\":800,\"caption\":\"stranger cam random video chat\"},{\"@type\":\"BreadcrumbList\",\"@id\":\"https:\\\/\\\/strangercam.com\\\/camskip\\\/#breadcrumb\",\"itemListElement\":[{\"@type\":\"ListItem\",\"position\":1,\"name\":\"Home\",\"item\":\"https:\\\/\\\/strangercam.com\\\/\"},{\"@type\":\"ListItem\",\"position\":2,\"name\":\"Camskip\"}]},{\"@type\":\"WebSite\",\"@id\":\"https:\\\/\\\/strangercam.com\\\/#website\",\"url\":\"https:\\\/\\\/strangercam.com\\\/\",\"name\":\"Strangercam\",\"description\":\"Random Video Chat with Strangers\",\"publisher\":{\"@id\":\"https:\\\/\\\/strangercam.com\\\/#organization\"},\"alternateName\":\"Strangercam.com\",\"potentialAction\":[{\"@type\":\"SearchAction\",\"target\":{\"@type\":\"EntryPoint\",\"urlTemplate\":\"https:\\\/\\\/strangercam.com\\\/?s={search_term_string}\"},\"query-input\":{\"@type\":\"PropertyValueSpecification\",\"valueRequired\":true,\"valueName\":\"search_term_string\"}}],\"inLanguage\":\"fr-FR\"},{\"@type\":\"Organization\",\"@id\":\"https:\\\/\\\/strangercam.com\\\/#organization\",\"name\":\"Strangercam\",\"alternateName\":\"Strangercam.com\",\"url\":\"https:\\\/\\\/strangercam.com\\\/\",\"logo\":{\"@type\":\"ImageObject\",\"inLanguage\":\"fr-FR\",\"@id\":\"https:\\\/\\\/strangercam.com\\\/#\\\/schema\\\/logo\\\/image\\\/\",\"url\":\"https:\\\/\\\/strangercam.com\\\/wp-content\\\/uploads\\\/2020\\\/11\\\/cropped-new-favicon-black.png\",\"contentUrl\":\"https:\\\/\\\/strangercam.com\\\/wp-content\\\/uploads\\\/2020\\\/11\\\/cropped-new-favicon-black.png\",\"width\":512,\"height\":512,\"caption\":\"Strangercam\"},\"image\":{\"@id\":\"https:\\\/\\\/strangercam.com\\\/#\\\/schema\\\/logo\\\/image\\\/\"},\"sameAs\":[\"https:\\\/\\\/www.facebook.com\\\/strangercam\",\"https:\\\/\\\/x.com\\\/strangercamapp\"]}]}<\/script>\n<!-- \/ Yoast SEO plugin. -->","yoast_head_json":{"title":"Camskip - Chat avec des \u00e9trangers sur StrangerCam.com","description":"Vous aimez Camskip ? Venez discuter avec plus de 5.000.000 d'inconnus sur Stranger Cam gratuitement ! Allume ta cam\u00e9ra et trouve de nouveaux amis et peut-\u00eatre un partenaire !","robots":{"index":"index","follow":"follow","max-snippet":"max-snippet:-1","max-image-preview":"max-image-preview:large","max-video-preview":"max-video-preview:-1"},"canonical":"https:\/\/strangercam.com\/fr\/camskip\/","og_locale":"fr_FR","og_type":"article","og_title":"Camskip - Chat with strangers on StrangerCam.com","og_description":"Like Camskip? Come chat with more than 5.000.000 strangers on Stranger Cam for Free! Turn on your cam and find new friends & maby a match!","og_url":"https:\/\/strangercam.com\/fr\/camskip\/","og_site_name":"Strangercam","article_publisher":"https:\/\/www.facebook.com\/strangercam","article_modified_time":"2023-08-21T09:40:39+00:00","og_image":[{"width":800,"height":800,"url":"https:\/\/strangercam.com\/wp-content\/uploads\/2020\/11\/stranger-cam-1.png","type":"image\/png"}],"twitter_card":"summary_large_image","twitter_site":"@strangercamapp","twitter_misc":{"Dur\u00e9e de lecture estim\u00e9e":"7 minutes"},"schema":{"@context":"https:\/\/schema.org","@graph":[{"@type":"WebPage","@id":"https:\/\/strangercam.com\/camskip\/","url":"https:\/\/strangercam.com\/camskip\/","name":"Camskip - Chat avec des \u00e9trangers sur StrangerCam.com","isPartOf":{"@id":"https:\/\/strangercam.com\/#website"},"primaryImageOfPage":{"@id":"https:\/\/strangercam.com\/camskip\/#primaryimage"},"image":{"@id":"https:\/\/strangercam.com\/camskip\/#primaryimage"},"thumbnailUrl":"https:\/\/strangercam.com\/wp-content\/uploads\/2020\/11\/stranger-cam-1.png","datePublished":"2022-08-11T13:50:53+00:00","dateModified":"2023-08-21T09:40:39+00:00","description":"Vous aimez Camskip ? Venez discuter avec plus de 5.000.000 d'inconnus sur Stranger Cam gratuitement ! Allume ta cam\u00e9ra et trouve de nouveaux amis et peut-\u00eatre un partenaire !","breadcrumb":{"@id":"https:\/\/strangercam.com\/camskip\/#breadcrumb"},"inLanguage":"fr-FR","potentialAction":[{"@type":"ReadAction","target":["https:\/\/strangercam.com\/camskip\/"]}]},{"@type":"ImageObject","inLanguage":"fr-FR","@id":"https:\/\/strangercam.com\/camskip\/#primaryimage","url":"https:\/\/strangercam.com\/wp-content\/uploads\/2020\/11\/stranger-cam-1.png","contentUrl":"https:\/\/strangercam.com\/wp-content\/uploads\/2020\/11\/stranger-cam-1.png","width":800,"height":800,"caption":"stranger cam random video chat"},{"@type":"BreadcrumbList","@id":"https:\/\/strangercam.com\/camskip\/#breadcrumb","itemListElement":[{"@type":"ListItem","position":1,"name":"Home","item":"https:\/\/strangercam.com\/"},{"@type":"ListItem","position":2,"name":"Camskip"}]},{"@type":"WebSite","@id":"https:\/\/strangercam.com\/#website","url":"https:\/\/strangercam.com\/","name":"Strangercam","description":"Chat vid\u00e9o al\u00e9atoire avec des inconnus","publisher":{"@id":"https:\/\/strangercam.com\/#organization"},"alternateName":"Strangercam.com","potentialAction":[{"@type":"SearchAction","target":{"@type":"EntryPoint","urlTemplate":"https:\/\/strangercam.com\/?s={search_term_string}"},"query-input":{"@type":"PropertyValueSpecification","valueRequired":true,"valueName":"search_term_string"}}],"inLanguage":"fr-FR"},{"@type":"Organization","@id":"https:\/\/strangercam.com\/#organization","name":"Strangercam","alternateName":"Strangercam.com","url":"https:\/\/strangercam.com\/","logo":{"@type":"ImageObject","inLanguage":"fr-FR","@id":"https:\/\/strangercam.com\/#\/schema\/logo\/image\/","url":"https:\/\/strangercam.com\/wp-content\/uploads\/2020\/11\/cropped-new-favicon-black.png","contentUrl":"https:\/\/strangercam.com\/wp-content\/uploads\/2020\/11\/cropped-new-favicon-black.png","width":512,"height":512,"caption":"Strangercam"},"image":{"@id":"https:\/\/strangercam.com\/#\/schema\/logo\/image\/"},"sameAs":["https:\/\/www.facebook.com\/strangercam","https:\/\/x.com\/strangercamapp"]}]}},"_links":{"self":[{"href":"https:\/\/strangercam.com\/fr\/wp-json\/wp\/v2\/pages\/11194","targetHints":{"allow":["GET"]}}],"collection":[{"href":"https:\/\/strangercam.com\/fr\/wp-json\/wp\/v2\/pages"}],"about":[{"href":"https:\/\/strangercam.com\/fr\/wp-json\/wp\/v2\/types\/page"}],"author":[{"embeddable":true,"href":"https:\/\/strangercam.com\/fr\/wp-json\/wp\/v2\/users\/6"}],"replies":[{"embeddable":true,"href":"https:\/\/strangercam.com\/fr\/wp-json\/wp\/v2\/comments?post=11194"}],"version-history":[{"count":0,"href":"https:\/\/strangercam.com\/fr\/wp-json\/wp\/v2\/pages\/11194\/revisions"}],"wp:featuredmedia":[{"embeddable":true,"href":"https:\/\/strangercam.com\/fr\/wp-json\/wp\/v2\/media\/559"}],"wp:attachment":[{"href":"https:\/\/strangercam.com\/fr\/wp-json\/wp\/v2\/media?parent=11194"}],"curies":[{"name":"wp","href":"https:\/\/api.w.org\/{rel}","templated":true}]}}