{"id":11167,"date":"2022-08-11T15:18:17","date_gmt":"2022-08-11T13:18:17","guid":{"rendered":"https:\/\/strangercam.com\/?page_id=11167"},"modified":"2023-08-21T12:48:49","modified_gmt":"2023-08-21T10:48:49","slug":"chat-ulive","status":"publish","type":"page","link":"https:\/\/strangercam.com\/fr\/ulive-chat\/","title":{"rendered":"Ulive Chat"},"content":{"rendered":"<p>En ces temps de distanciation sociale, il peut \u00eatre difficile de trouver des moyens d'entrer en contact avec les autres. Mais il y a un endroit o\u00f9 vous pouvez toujours aller pour parler avec des inconnus : ulive-chat. Sur ulive-chat, vous pouvez <a href=\"https:\/\/strangercam.com\/fr\/chatroulette\/\">chat<\/a> avec des personnes du monde entier sur tout et n'importe quoi. Alors, entrez et commencez <a href=\"https:\/\/strangercam.com\/fr\/chatingly\/\">chat<\/a>!<\/p>\n<h2>Qu'est-ce que le chat ulive ?<\/h2>\n<p>ulive-chat est une nouvelle plateforme de m\u00e9dias sociaux qui permet aux utilisateurs d'entrer en contact les uns avec les autres par le biais de courts messages de 10 secondes. <a href=\"https:\/\/strangercam.com\/fr\/rabbit-video-chat\/\">vid\u00e9o<\/a> chats. C'est un excellent moyen de <a href=\"https:\/\/strangercam.com\/fr\/coomeet\/\">rencontrer<\/a> de nouvelles personnes et vous faire des amis dans le monde entier. Vous pouvez utiliser ulive-chat pour parler de tout ce que vous voulez, qu'il s'agisse de votre \u00e9mission de t\u00e9l\u00e9vision pr\u00e9f\u00e9r\u00e9e, des derni\u00e8res nouvelles ou simplement de ce qui vous pr\u00e9occupe.<\/p>\n<h2>Comment d\u00e9marrer un chat sur ulive chat<\/h2>\n<p>Si vous vous sentez seul et que vous voulez parler \u00e0 quelqu'un, ulive-chat est une excellente option. Il s'agit d'un service de chat qui vous met en relation avec des personnes du monde entier, ce qui vous permet de vous faire de nouveaux amis et de d\u00e9couvrir de nouvelles cultures. Voici comment d\u00e9marrer un chat sur ulive-chat :<\/p>\n<ol>\n<li>Allez sur le site web ulive-chat et cr\u00e9ez un compte.<\/li>\n<li>Une fois connect\u00e9, cliquez sur le bouton \"Commencer \u00e0 chatter\".<\/li>\n<li>Une liste de personnes actuellement en ligne s'affiche. Choisissez la personne avec laquelle vous voulez discuter et cliquez sur son nom.<\/li>\n<li>Une nouvelle fen\u00eatre de chat s'ouvre. Commencez \u00e0 discuter avec votre nouvel ami !<\/li>\n<\/ol>\n<h2>De quoi parler avec des inconnus sur le chat ulive<\/h2>\n<p>Si vous cherchez un sujet de conversation avec des inconnus sur ulive-chat, voici quelques id\u00e9es :<\/p>\n<ul>\n<li style=\"font-weight: 400;\" aria-level=\"1\">Pr\u00e9sentez-vous et demandez \u00e0 votre interlocuteur comment il s'appelle.<\/li>\n<li style=\"font-weight: 400;\" aria-level=\"1\">D'o\u00f9 viennent-ils ?<\/li>\n<li style=\"font-weight: 400;\" aria-level=\"1\">Quel est leur m\u00e9tier ?<\/li>\n<li style=\"font-weight: 400;\" aria-level=\"1\">Quels sont leurs loisirs ?<\/li>\n<li style=\"font-weight: 400;\" aria-level=\"1\">Ont-ils des animaux domestiques ?<\/li>\n<li style=\"font-weight: 400;\" aria-level=\"1\">Quelle est leur musique, leur film ou leur \u00e9mission de t\u00e9l\u00e9vision pr\u00e9f\u00e9r\u00e9s ?<\/li>\n<li style=\"font-weight: 400;\" aria-level=\"1\">Quel a \u00e9t\u00e9 le meilleur jour de leur vie ?<\/li>\n<li style=\"font-weight: 400;\" aria-level=\"1\">Quelle est leur pire crainte ?<\/li>\n<li style=\"font-weight: 400;\" aria-level=\"1\">Quelle est leur plus grande r\u00e9ussite ?<\/li>\n<li style=\"font-weight: 400;\" aria-level=\"1\">Ont-ils des talents bizarres ?<\/li>\n<li style=\"font-weight: 400;\" aria-level=\"1\">Quel est le meilleur conseil qu'ils aient jamais re\u00e7u ?<\/li>\n<\/ul>\n<h2>Avantages et inconv\u00e9nients du chat en ligne<\/h2>\n<p>ulive-chat est un site de r\u00e9seau social qui permet aux utilisateurs de communiquer entre eux en temps r\u00e9el. Le site existe depuis quelques ann\u00e9es et a acquis une client\u00e8le fid\u00e8le. Toutefois, comme tous les sites de r\u00e9seaux sociaux, l'utilisation d'ulive-chat pr\u00e9sente des avantages et des inconv\u00e9nients.<\/p>\n<p>Les avantages de l'utilisation d'ulive-chat sont les suivants :<\/p>\n<ul>\n<li style=\"font-weight: 400;\" aria-level=\"1\">Le site est facile \u00e0 utiliser et \u00e0 parcourir.<\/li>\n<li style=\"font-weight: 400;\" aria-level=\"1\">Les utilisateurs peuvent communiquer entre eux en temps r\u00e9el.<\/li>\n<li style=\"font-weight: 400;\" aria-level=\"1\">Le site compte de nombreux utilisateurs fid\u00e8les.<\/li>\n<li style=\"font-weight: 400;\" aria-level=\"1\">Le site est <a href=\"https:\/\/strangercam.com\/fr\/chat4free\/\">gratuit<\/a> \u00e0 utiliser.<\/li>\n<\/ul>\n<p>Les inconv\u00e9nients de l'utilisation d'ulive-chat sont les suivants :<\/p>\n<ul>\n<li style=\"font-weight: 400;\" aria-level=\"1\">Certains utilisateurs ont signal\u00e9 que le site pr\u00e9sentait parfois des dysfonctionnements et des lenteurs.<\/li>\n<li style=\"font-weight: 400;\" aria-level=\"1\">Il n'existe aucun moyen de v\u00e9rifier l'identit\u00e9 des autres utilisateurs, d'o\u00f9 le risque d'escroquerie ou de fraude.<\/li>\n<li style=\"font-weight: 400;\" aria-level=\"1\">Certains utilisateurs se sont plaints que l'interface du site n'est pas aussi conviviale qu'elle pourrait l'\u00eatre.<\/li>\n<\/ul>\n<h2>Pourquoi ulive chat est une plateforme de chat vid\u00e9o al\u00e9atoire si populaire ?<\/h2>\n<p>ulive-chat est une plateforme de chat vid\u00e9o al\u00e9atoire populaire pour un certain nombre de raisons. Tout d'abord, elle est facile \u00e0 utiliser et ne n\u00e9cessite aucune inscription. Ensuite, elle offre un large \u00e9ventail de fonctionnalit\u00e9s qui permettent aux utilisateurs de personnaliser leur exp\u00e9rience. Enfin, il dispose d'une forte communaut\u00e9 d'utilisateurs qui sont toujours pr\u00eats \u00e0 aider les nouveaux venus.<\/p>\n<h2>Comment mettre fin \u00e0 un chat sur ulive chat<\/h2>\n<p>Si vous avez fini de parler avec quelqu'un sur ulive-chat, cliquez simplement sur le bouton \"terminer le chat\". Cela met fin \u00e0 la conversation et vous ram\u00e8ne \u00e0 la page principale d'ulive-chat.<\/p>\n<h2>Les avantages de parler avec des inconnus sur ulive chat<\/h2>\n<p>Nous connaissons tous le dicton \"Il est bon de parler aux \u00e9trangers\". Et ce n'est pas faux. Parler \u00e0 des inconnus peut \u00eatre un excellent moyen de sortir de sa zone de confort et de rencontrer de nouvelles personnes. Mais que faire si vous ne savez pas comment entamer une conversation avec un inconnu ? C'est l\u00e0 qu'intervient ulive-chat.<\/p>\n<p>ulive-chat est un site web qui vous permet de discuter avec des inconnus du monde entier. C'est un excellent moyen d'exercer vos comp\u00e9tences sociales et d'apprendre \u00e0 conna\u00eetre des personnes de cultures diff\u00e9rentes. Et le mieux, c'est que c'est enti\u00e8rement gratuit !<\/p>\n<p>Alors pourquoi ne pas essayer ? Vous d\u00e9couvrirez peut-\u00eatre que parler \u00e0 des inconnus est plus amusant que vous ne le pensiez !<\/p>\n<h2>Comment tirer le meilleur parti du chat ulive ?<\/h2>\n<p>ulive-chat est une plateforme id\u00e9ale pour discuter avec des inconnus et se faire de nouveaux amis. Voici quelques conseils pour tirer le meilleur parti de votre exp\u00e9rience sur ulive-chat :<\/p>\n<ol>\n<li>Soyez ouvert et amical. Personne n'a envie de parler \u00e0 une personne grincheuse, alors souriez et soyez pr\u00eat \u00e0 engager la conversation.<\/li>\n<li>N'ayez pas peur d'entamer la conversation. Il peut \u00eatre difficile de briser la glace, mais n'oubliez pas que tout le monde est dans le m\u00eame bateau. Dites simplement bonjour et voyez o\u00f9 la conversation vous m\u00e8ne.<\/li>\n<li>Posez des questions. Les gens adorent parler d'eux-m\u00eames, alors posez beaucoup de questions pour faire parler l'autre personne. Vous apprendrez ainsi toutes sortes de choses int\u00e9ressantes sur eux.<\/li>\n<li>Soyez un auditeur actif. Pr\u00eatez vraiment attention \u00e0 ce que dit l'autre personne et vous \u00e9tablirez rapidement un rapport avec elle.<\/li>\n<li>Amusez-vous ! Parler avec des inconnus peut \u00eatre tr\u00e8s amusant, alors d\u00e9tendez-vous et profitez de l'exp\u00e9rience.<\/li>\n<\/ol>\n<h2>Les risques de parler avec des inconnus sur ulive chat<\/h2>\n<p>Lorsque vous discutez avec quelqu'un sur ulive-chat, vous n'\u00eates jamais tout \u00e0 fait s\u00fbr de qui il s'agit. Il peut s'agir de n'importe qui, de n'importe o\u00f9 dans le monde, et vous ne savez pas quelles sont ses intentions. Bien qu'il soit agr\u00e9able de rencontrer de nouvelles personnes et d'avoir des conversations amusantes, vous devez \u00eatre conscient des risques encourus lorsque vous parlez \u00e0 des inconnus en ligne. Voici quelques points \u00e0 garder \u00e0 l'esprit :<\/p>\n<ol>\n<li>Vous ne savez pas qui ils sont. La personne \u00e0 qui vous parlez peut mentir sur son identit\u00e9. Elle peut pr\u00e9tendre \u00eatre quelqu'un qu'elle n'est pas ou utiliser une fausse photo de profil. Soyez prudent lorsque vous communiquez des informations personnelles \u00e0 une personne que vous ne connaissez pas.<\/li>\n<li>Il se peut qu'ils essaient de vous escroquer. Malheureusement, il existe des personnes qui essaient de profiter des autres en les incitant \u00e0 envoyer de l'argent ou \u00e0 communiquer des informations personnelles. Si quelqu'un sur ulive-chat vous demande de l'argent ou votre num\u00e9ro de carte de cr\u00e9dit, m\u00e9fiez-vous !<\/li>\n<li>Il se peut que vous en disiez trop sur vous-m\u00eame. Lorsque vous parlez \u00e0 quelqu'un que vous ne connaissez pas, il est facile de se laisser emporter par la conversation et de r\u00e9v\u00e9ler plus que ce que vous vouliez. Faites attention \u00e0 ce que vous partagez et ne divulguez pas de renseignements personnels.<\/li>\n<\/ol>\n<h2>Peut-on l'utiliser en toute s\u00e9curit\u00e9 ?<\/h2>\n<p>Si vous vous demandez s'il est prudent d'utiliser ulive-chat pour parler avec des inconnus, la r\u00e9ponse est : cela d\u00e9pend. Bien qu'ulive-chat ait mis en place certaines mesures de s\u00e9curit\u00e9, comme le fait de n'autoriser que les utilisateurs \u00e2g\u00e9s de plus de 18 ans \u00e0 utiliser le site, il y a toujours un risque \u00e0 parler \u00e0 des personnes que l'on ne conna\u00eet pas en ligne.<\/p>\n<p>Cela dit, si vous faites preuve de bon sens et prenez quelques pr\u00e9cautions de base, comme ne pas partager d'informations personnelles ou rencontrer des inconnus en personne, vous ne risquez rien. Tant que vous \u00eates conscient des risques, l'utilisation d'ulive-chat pour parler avec des inconnus peut \u00eatre une exp\u00e9rience amusante et int\u00e9ressante.<\/p>\n<h2>Conclusion<\/h2>\n<p>Si vous cherchez un moyen amusant et facile de rencontrer de nouvelles personnes, ulive-chat vaut vraiment la peine d'\u00eatre d\u00e9couvert. Le plus int\u00e9ressant, c'est qu'il n'y a pas d'\u00e9trangers sur ulive-chat - tout le monde est l\u00e0 pour discuter et passer un bon moment. Alors, allez-y et essayez-le - vous pourriez bien vous faire de nouveaux amis.<\/p>","protected":false},"excerpt":{"rendered":"<p>In these days of social distancing, it can be hard to find ways to connect with others. But there&#8217;s one place you can always go to talk with strangers: ulive-chat. On ulive-chat, you can chat with people from all over the world about anything and everything. So come on in and start chatting! What is [&hellip;]<\/p>\n","protected":false},"author":6,"featured_media":559,"parent":0,"menu_order":0,"comment_status":"closed","ping_status":"closed","template":"","meta":{"footnotes":""},"class_list":["post-11167","page","type-page","status-publish","has-post-thumbnail","hentry"],"yoast_head":"<!-- This site is optimized with the Yoast SEO plugin v27.4 - https:\/\/yoast.com\/product\/yoast-seo-wordpress\/ -->\n<title>Ulive Chat - Chat with strangers on StrangerCam.com<\/title>\n<meta name=\"description\" content=\"Like Ulive Chat? Come chat with more than 5.000.000 strangers on Stranger Cam for Free! Turn on your cam and find new friends &amp; maby a match!\" \/>\n<meta name=\"robots\" content=\"index, follow, max-snippet:-1, max-image-preview:large, max-video-preview:-1\" \/>\n<link rel=\"canonical\" href=\"https:\/\/strangercam.com\/fr\/chat-ulive\/\" \/>\n<meta property=\"og:locale\" content=\"fr_FR\" \/>\n<meta property=\"og:type\" content=\"article\" \/>\n<meta property=\"og:title\" content=\"Ulive Chat - Chat with strangers on StrangerCam.com\" \/>\n<meta property=\"og:description\" content=\"Like Ulive Chat? Come chat with more than 5.000.000 strangers on Stranger Cam for Free! Turn on your cam and find new friends &amp; maby a match!\" \/>\n<meta property=\"og:url\" content=\"https:\/\/strangercam.com\/fr\/chat-ulive\/\" \/>\n<meta property=\"og:site_name\" content=\"Strangercam\" \/>\n<meta property=\"article:publisher\" content=\"https:\/\/www.facebook.com\/strangercam\" \/>\n<meta property=\"article:modified_time\" content=\"2023-08-21T10:48:49+00:00\" \/>\n<meta property=\"og:image\" content=\"https:\/\/strangercam.com\/wp-content\/uploads\/2020\/11\/stranger-cam-1.png\" \/>\n\t<meta property=\"og:image:width\" content=\"800\" \/>\n\t<meta property=\"og:image:height\" content=\"800\" \/>\n\t<meta property=\"og:image:type\" content=\"image\/png\" \/>\n<meta name=\"twitter:card\" content=\"summary_large_image\" \/>\n<meta name=\"twitter:site\" content=\"@strangercamapp\" \/>\n<meta name=\"twitter:label1\" content=\"Dur\u00e9e de lecture estim\u00e9e\" \/>\n\t<meta name=\"twitter:data1\" content=\"6 minutes\" \/>\n<script type=\"application\/ld+json\" class=\"yoast-schema-graph\">{\"@context\":\"https:\\\/\\\/schema.org\",\"@graph\":[{\"@type\":\"WebPage\",\"@id\":\"https:\\\/\\\/strangercam.com\\\/ulive-chat\\\/\",\"url\":\"https:\\\/\\\/strangercam.com\\\/ulive-chat\\\/\",\"name\":\"Ulive Chat - Chat with strangers on StrangerCam.com\",\"isPartOf\":{\"@id\":\"https:\\\/\\\/strangercam.com\\\/#website\"},\"primaryImageOfPage\":{\"@id\":\"https:\\\/\\\/strangercam.com\\\/ulive-chat\\\/#primaryimage\"},\"image\":{\"@id\":\"https:\\\/\\\/strangercam.com\\\/ulive-chat\\\/#primaryimage\"},\"thumbnailUrl\":\"https:\\\/\\\/strangercam.com\\\/wp-content\\\/uploads\\\/2020\\\/11\\\/stranger-cam-1.png\",\"datePublished\":\"2022-08-11T13:18:17+00:00\",\"dateModified\":\"2023-08-21T10:48:49+00:00\",\"description\":\"Like Ulive Chat? Come chat with more than 5.000.000 strangers on Stranger Cam for Free! Turn on your cam and find new friends & maby a match!\",\"breadcrumb\":{\"@id\":\"https:\\\/\\\/strangercam.com\\\/ulive-chat\\\/#breadcrumb\"},\"inLanguage\":\"fr-FR\",\"potentialAction\":[{\"@type\":\"ReadAction\",\"target\":[\"https:\\\/\\\/strangercam.com\\\/ulive-chat\\\/\"]}]},{\"@type\":\"ImageObject\",\"inLanguage\":\"fr-FR\",\"@id\":\"https:\\\/\\\/strangercam.com\\\/ulive-chat\\\/#primaryimage\",\"url\":\"https:\\\/\\\/strangercam.com\\\/wp-content\\\/uploads\\\/2020\\\/11\\\/stranger-cam-1.png\",\"contentUrl\":\"https:\\\/\\\/strangercam.com\\\/wp-content\\\/uploads\\\/2020\\\/11\\\/stranger-cam-1.png\",\"width\":800,\"height\":800,\"caption\":\"stranger cam random video chat\"},{\"@type\":\"BreadcrumbList\",\"@id\":\"https:\\\/\\\/strangercam.com\\\/ulive-chat\\\/#breadcrumb\",\"itemListElement\":[{\"@type\":\"ListItem\",\"position\":1,\"name\":\"Home\",\"item\":\"https:\\\/\\\/strangercam.com\\\/\"},{\"@type\":\"ListItem\",\"position\":2,\"name\":\"Ulive Chat\"}]},{\"@type\":\"WebSite\",\"@id\":\"https:\\\/\\\/strangercam.com\\\/#website\",\"url\":\"https:\\\/\\\/strangercam.com\\\/\",\"name\":\"Strangercam\",\"description\":\"Random Video Chat with Strangers\",\"publisher\":{\"@id\":\"https:\\\/\\\/strangercam.com\\\/#organization\"},\"alternateName\":\"Strangercam.com\",\"potentialAction\":[{\"@type\":\"SearchAction\",\"target\":{\"@type\":\"EntryPoint\",\"urlTemplate\":\"https:\\\/\\\/strangercam.com\\\/?s={search_term_string}\"},\"query-input\":{\"@type\":\"PropertyValueSpecification\",\"valueRequired\":true,\"valueName\":\"search_term_string\"}}],\"inLanguage\":\"fr-FR\"},{\"@type\":\"Organization\",\"@id\":\"https:\\\/\\\/strangercam.com\\\/#organization\",\"name\":\"Strangercam\",\"alternateName\":\"Strangercam.com\",\"url\":\"https:\\\/\\\/strangercam.com\\\/\",\"logo\":{\"@type\":\"ImageObject\",\"inLanguage\":\"fr-FR\",\"@id\":\"https:\\\/\\\/strangercam.com\\\/#\\\/schema\\\/logo\\\/image\\\/\",\"url\":\"https:\\\/\\\/strangercam.com\\\/wp-content\\\/uploads\\\/2020\\\/11\\\/cropped-new-favicon-black.png\",\"contentUrl\":\"https:\\\/\\\/strangercam.com\\\/wp-content\\\/uploads\\\/2020\\\/11\\\/cropped-new-favicon-black.png\",\"width\":512,\"height\":512,\"caption\":\"Strangercam\"},\"image\":{\"@id\":\"https:\\\/\\\/strangercam.com\\\/#\\\/schema\\\/logo\\\/image\\\/\"},\"sameAs\":[\"https:\\\/\\\/www.facebook.com\\\/strangercam\",\"https:\\\/\\\/x.com\\\/strangercamapp\"]}]}<\/script>\n<!-- \/ Yoast SEO plugin. -->","yoast_head_json":{"title":"Ulive Chat - Chat avec des \u00e9trangers sur StrangerCam.com","description":"Vous aimez Ulive Chat ? Venez discuter avec plus de 5.000.000 d'inconnus sur Stranger Cam gratuitement ! Allume ta cam\u00e9ra et trouve de nouveaux amis et peut-\u00eatre un partenaire !","robots":{"index":"index","follow":"follow","max-snippet":"max-snippet:-1","max-image-preview":"max-image-preview:large","max-video-preview":"max-video-preview:-1"},"canonical":"https:\/\/strangercam.com\/fr\/chat-ulive\/","og_locale":"fr_FR","og_type":"article","og_title":"Ulive Chat - Chat with strangers on StrangerCam.com","og_description":"Like Ulive Chat? Come chat with more than 5.000.000 strangers on Stranger Cam for Free! Turn on your cam and find new friends & maby a match!","og_url":"https:\/\/strangercam.com\/fr\/chat-ulive\/","og_site_name":"Strangercam","article_publisher":"https:\/\/www.facebook.com\/strangercam","article_modified_time":"2023-08-21T10:48:49+00:00","og_image":[{"width":800,"height":800,"url":"https:\/\/strangercam.com\/wp-content\/uploads\/2020\/11\/stranger-cam-1.png","type":"image\/png"}],"twitter_card":"summary_large_image","twitter_site":"@strangercamapp","twitter_misc":{"Dur\u00e9e de lecture estim\u00e9e":"6 minutes"},"schema":{"@context":"https:\/\/schema.org","@graph":[{"@type":"WebPage","@id":"https:\/\/strangercam.com\/ulive-chat\/","url":"https:\/\/strangercam.com\/ulive-chat\/","name":"Ulive Chat - Chat avec des \u00e9trangers sur StrangerCam.com","isPartOf":{"@id":"https:\/\/strangercam.com\/#website"},"primaryImageOfPage":{"@id":"https:\/\/strangercam.com\/ulive-chat\/#primaryimage"},"image":{"@id":"https:\/\/strangercam.com\/ulive-chat\/#primaryimage"},"thumbnailUrl":"https:\/\/strangercam.com\/wp-content\/uploads\/2020\/11\/stranger-cam-1.png","datePublished":"2022-08-11T13:18:17+00:00","dateModified":"2023-08-21T10:48:49+00:00","description":"Vous aimez Ulive Chat ? Venez discuter avec plus de 5.000.000 d'inconnus sur Stranger Cam gratuitement ! Allume ta cam\u00e9ra et trouve de nouveaux amis et peut-\u00eatre un partenaire !","breadcrumb":{"@id":"https:\/\/strangercam.com\/ulive-chat\/#breadcrumb"},"inLanguage":"fr-FR","potentialAction":[{"@type":"ReadAction","target":["https:\/\/strangercam.com\/ulive-chat\/"]}]},{"@type":"ImageObject","inLanguage":"fr-FR","@id":"https:\/\/strangercam.com\/ulive-chat\/#primaryimage","url":"https:\/\/strangercam.com\/wp-content\/uploads\/2020\/11\/stranger-cam-1.png","contentUrl":"https:\/\/strangercam.com\/wp-content\/uploads\/2020\/11\/stranger-cam-1.png","width":800,"height":800,"caption":"stranger cam random video chat"},{"@type":"BreadcrumbList","@id":"https:\/\/strangercam.com\/ulive-chat\/#breadcrumb","itemListElement":[{"@type":"ListItem","position":1,"name":"Home","item":"https:\/\/strangercam.com\/"},{"@type":"ListItem","position":2,"name":"Ulive Chat"}]},{"@type":"WebSite","@id":"https:\/\/strangercam.com\/#website","url":"https:\/\/strangercam.com\/","name":"Strangercam","description":"Chat vid\u00e9o al\u00e9atoire avec des inconnus","publisher":{"@id":"https:\/\/strangercam.com\/#organization"},"alternateName":"Strangercam.com","potentialAction":[{"@type":"SearchAction","target":{"@type":"EntryPoint","urlTemplate":"https:\/\/strangercam.com\/?s={search_term_string}"},"query-input":{"@type":"PropertyValueSpecification","valueRequired":true,"valueName":"search_term_string"}}],"inLanguage":"fr-FR"},{"@type":"Organization","@id":"https:\/\/strangercam.com\/#organization","name":"Strangercam","alternateName":"Strangercam.com","url":"https:\/\/strangercam.com\/","logo":{"@type":"ImageObject","inLanguage":"fr-FR","@id":"https:\/\/strangercam.com\/#\/schema\/logo\/image\/","url":"https:\/\/strangercam.com\/wp-content\/uploads\/2020\/11\/cropped-new-favicon-black.png","contentUrl":"https:\/\/strangercam.com\/wp-content\/uploads\/2020\/11\/cropped-new-favicon-black.png","width":512,"height":512,"caption":"Strangercam"},"image":{"@id":"https:\/\/strangercam.com\/#\/schema\/logo\/image\/"},"sameAs":["https:\/\/www.facebook.com\/strangercam","https:\/\/x.com\/strangercamapp"]}]}},"_links":{"self":[{"href":"https:\/\/strangercam.com\/fr\/wp-json\/wp\/v2\/pages\/11167","targetHints":{"allow":["GET"]}}],"collection":[{"href":"https:\/\/strangercam.com\/fr\/wp-json\/wp\/v2\/pages"}],"about":[{"href":"https:\/\/strangercam.com\/fr\/wp-json\/wp\/v2\/types\/page"}],"author":[{"embeddable":true,"href":"https:\/\/strangercam.com\/fr\/wp-json\/wp\/v2\/users\/6"}],"replies":[{"embeddable":true,"href":"https:\/\/strangercam.com\/fr\/wp-json\/wp\/v2\/comments?post=11167"}],"version-history":[{"count":0,"href":"https:\/\/strangercam.com\/fr\/wp-json\/wp\/v2\/pages\/11167\/revisions"}],"wp:featuredmedia":[{"embeddable":true,"href":"https:\/\/strangercam.com\/fr\/wp-json\/wp\/v2\/media\/559"}],"wp:attachment":[{"href":"https:\/\/strangercam.com\/fr\/wp-json\/wp\/v2\/media?parent=11167"}],"curies":[{"name":"wp","href":"https:\/\/api.w.org\/{rel}","templated":true}]}}