{"id":11154,"date":"2022-08-11T15:12:40","date_gmt":"2022-08-11T13:12:40","guid":{"rendered":"https:\/\/strangercam.com\/?page_id=11154"},"modified":"2023-08-21T12:24:41","modified_gmt":"2023-08-21T10:24:41","slug":"chatride","status":"publish","type":"page","link":"https:\/\/strangercam.com\/fr\/chatride\/","title":{"rendered":"Chatride"},"content":{"rendered":"<p>Vid\u00e9o al\u00e9atoire <a href=\"https:\/\/strangercam.com\/fr\/chatroulette\/\">chat<\/a> est la nouvelle tendance, et Chatride est l'une des plateformes de chat vid\u00e9o al\u00e9atoire les plus populaires. Si vous voulez conna\u00eetre tous les d\u00e9tails sur Chatride, continuez \u00e0 lire. Dans cet article, nous allons couvrir tous les d\u00e9tails que vous devez conna\u00eetre avant d'utiliser cette plateforme.<\/p>\n<h2>Qu'est-ce que chatride ?<\/h2>\n<p>Chatride est une nouvelle fa\u00e7on de discuter avec vos amis et votre famille. C'est un excellent moyen de rester en contact avec vos proches, que vous soyez pr\u00e8s ou loin de chez vous. Vous pouvez utiliser Chatride pour chatter avec n'importe qui dans le monde, \u00e0 condition qu'il dispose d'une connexion internet. Tout ce dont vous avez besoin, c'est d'un navigateur web et d'un compte sur Chatride. Une fois connect\u00e9, vous pouvez commencer \u00e0 chatter imm\u00e9diatement. Il vous suffit de taper votre message et de cliquer sur \"Envoyer\". Votre message appara\u00eetra dans la fen\u00eatre de chat pour que tout le monde puisse le voir. Vous pouvez \u00e9galement ajouter des amis et des membres de votre famille \u00e0 votre chat pour qu'ils puissent participer \u00e0 la conversation. Alors, qu'attendez-vous ? Commencez \u00e0 chatter avec vos proches d\u00e8s aujourd'hui !<\/p>\n<h2>Quels sont les avantages de chatride ?<\/h2>\n<p>Voici quelques-uns des avantages du Chatride :<\/p>\n<ul>\n<li style=\"font-weight: 400;\" aria-level=\"1\">C'est un excellent moyen de <a href=\"https:\/\/strangercam.com\/fr\/coomeet\/\">rencontrer<\/a> de nouvelles personnes du monde entier.<\/li>\n<li style=\"font-weight: 400;\" aria-level=\"1\">Vous pouvez d\u00e9couvrir des cultures et des modes de vie diff\u00e9rents.<\/li>\n<li style=\"font-weight: 400;\" aria-level=\"1\">Vous pouvez pratiquer vos comp\u00e9tences linguistiques avec des locuteurs natifs.<\/li>\n<li style=\"font-weight: 400;\" aria-level=\"1\">C'est un moyen amusant et facile de se faire de nouveaux amis.<\/li>\n<\/ul>\n<h2>Comment utiliser chatride ?<\/h2>\n<p>Chatride est un moyen nouveau et r\u00e9volutionnaire de discuter avec des personnes au hasard dans le monde entier. Voici un guide rapide sur l'utilisation de Chatride :<\/p>\n<ul>\n<li style=\"font-weight: 400;\" aria-level=\"1\">Tout d'abord, t\u00e9l\u00e9chargez l'application \u00e0 partir de votre magasin d'applications (disponible pour iPhone et Android).<\/li>\n<li style=\"font-weight: 400;\" aria-level=\"1\">Une fois l'application install\u00e9e, ouvrez-la et cr\u00e9ez un compte. Vous devrez fournir votre nom, votre adresse \u00e9lectronique et un mot de passe.<\/li>\n<li style=\"font-weight: 400;\" aria-level=\"1\">Une fois connect\u00e9, vous pourrez commencer \u00e0 discuter avec des personnes au hasard. Chatride vous trouvera le meilleur partenaire en fonction de<\/li>\n<\/ul>\n<h2>Conseils pour d\u00e9marrer sur chatride ?<\/h2>\n<p>Voici quelques conseils pour commencer :<\/p>\n<ol>\n<li style=\"font-weight: 400;\" aria-level=\"1\">Utilisez la barre de recherche : La barre de recherche est votre meilleure amie sur Chatride. Vous pouvez l'utiliser pour trouver des personnes ayant des int\u00e9r\u00eats similaires aux v\u00f4tres ou pour trouver des sujets qui vous int\u00e9ressent.<\/li>\n<li style=\"font-weight: 400;\" aria-level=\"1\">Entrez en contact avec d'autres personnes : Chatride permet d'entrer en contact avec d'autres personnes, alors ne soyez pas timide, tendez la main et commencez \u00e0 discuter avec quelqu'un. On ne sait jamais qui on va rencontrer !<\/li>\n<li style=\"font-weight: 400;\" aria-level=\"1\">Rejoignez des groupes : Les groupes sont un excellent moyen de rencontrer de nouvelles personnes et de trouver des personnes partageant les m\u00eames id\u00e9es. Si un groupe vous int\u00e9resse, rejoignez-le et commencez \u00e0 discuter !<\/li>\n<li style=\"font-weight: 400;\" aria-level=\"1\">Utiliser les salons de discussion : Les salons de discussion sur Chatride sont d'excellents endroits pour rencontrer de nouvelles personnes et avoir des conversations amusantes. Alors n'h\u00e9sitez pas \u00e0 y participer !<\/li>\n<li style=\"font-weight: 400;\" aria-level=\"1\">Amusez-vous ! C'est le conseil le plus important.<\/li>\n<\/ol>\n<h2>Avantages et inconv\u00e9nients du chatride<\/h2>\n<h4>Pour :<\/h4>\n<ul>\n<li style=\"font-weight: 400;\" aria-level=\"1\">T\u00e9l\u00e9chargement et utilisation gratuits<\/li>\n<li style=\"font-weight: 400;\" aria-level=\"1\">Possibilit\u00e9 d'entrer en contact avec des personnes du monde entier<\/li>\n<li style=\"font-weight: 400;\" aria-level=\"1\">La qualit\u00e9 de la vid\u00e9o et de l'audio est bonne<\/li>\n<li style=\"font-weight: 400;\" aria-level=\"1\">Il dispose d'une vari\u00e9t\u00e9 de fonctions telles que le texte, la voix, et l'affichage. <a href=\"https:\/\/strangercam.com\/fr\/appel-video-aleatoire-americain\/\">appel vid\u00e9o<\/a>, chat de groupe, etc.<\/li>\n<\/ul>\n<h4>Cons :<\/h4>\n<ol>\n<li style=\"font-weight: 400;\" aria-level=\"1\">L'application a parfois des rat\u00e9s<\/li>\n<li style=\"font-weight: 400;\" aria-level=\"1\">La connexion peut \u00eatre perdue facilement<\/li>\n<\/ol>\n<h2>Chatride par rapport \u00e0 d'autres plateformes de communication<\/h2>\n<p>Il existe de nombreuses plateformes de communication, mais Chatride est certainement l'une des meilleures. Voici pourquoi :<\/p>\n<ul>\n<li style=\"font-weight: 400;\" aria-level=\"1\">Le Chatride est incroyablement convivial. Il n'est pas n\u00e9cessaire d'\u00eatre un expert en technologie pour l'utiliser - tout le monde peut le prendre en main et commencer \u00e0 chatter en quelques minutes.<\/li>\n<li style=\"font-weight: 400;\" aria-level=\"1\">Chatride est enti\u00e8rement gratuit. Il n'y a pas de frais cach\u00e9s ou d'abonnement - vous pouvez chatter autant que vous le souhaitez, sans vous soucier de votre portefeuille.<\/li>\n<li style=\"font-weight: 400;\" aria-level=\"1\">Chatride est extr\u00eamement rapide et fiable. Vous n'aurez jamais \u00e0 vous soucier de d\u00e9calage ou de probl\u00e8mes de connexion lorsque vous utiliserez Chatride.<\/li>\n<li style=\"font-weight: 400;\" aria-level=\"1\">Chatride offre une grande s\u00e9lection de fonctionnalit\u00e9s et d'options. Que vous soyez \u00e0 la recherche d'un chat de groupe ou d'une messagerie priv\u00e9e, Chatride a tout ce qu'il vous faut.<\/li>\n<li style=\"font-weight: 400;\" aria-level=\"1\">Chatride est constamment mis \u00e0 jour avec de nouvelles fonctionnalit\u00e9s et am\u00e9liorations. L'\u00e9quipe derri\u00e8re Chatride travaille toujours dur pour s'assurer que la plateforme est la meilleure possible.<\/li>\n<\/ul>\n<p>Si vous \u00eates \u00e0 la recherche d'une plate-forme de communication qui remplit toutes les conditions, ne cherchez pas plus loin que Chatride !<\/p>\n<h2>Pourquoi Chatride est une plateforme de chat vid\u00e9o al\u00e9atoire si populaire ?<\/h2>\n<p>Il y a de nombreuses raisons pour lesquelles Chatride est une plateforme de chat vid\u00e9o al\u00e9atoire si populaire. Tout d'abord, son utilisation est enti\u00e8rement gratuite. Vous n'avez pas besoin de cr\u00e9er un compte ou de payer des frais pour commencer \u00e0 chatter.<\/p>\n<p>Une autre raison est que Chatride est incroyablement facile \u00e0 utiliser. Il vous suffit de vous rendre sur le site web et de cliquer sur le bouton \"commencer \u00e0 chatter\". Vous serez instantan\u00e9ment mis en relation avec un inconnu de n'importe o\u00f9 dans le monde.<\/p>\n<p>L'interface de chat est \u00e9galement tr\u00e8s conviviale. Il est facile de taper des messages ou m\u00eame d'envoyer des emojis et des autocollants. Si vous souhaitez voir votre interlocuteur, vous pouvez activer la fonction webcam en quelques clics.<\/p>\n<p>Enfin, Chatride est l'une des plateformes de chat al\u00e9atoire les plus populaires car elle offre une grande vari\u00e9t\u00e9 de fonctionnalit\u00e9s. En plus du texte et de la <a href=\"https:\/\/strangercam.com\/fr\/rabbit-video-chat\/\">chat vid\u00e9o<\/a>, Vous pouvez \u00e9galement jouer \u00e0 des jeux, partager des photos et m\u00eame utiliser le chat vocal. Il y en a pour tous les go\u00fbts sur Chatride !<\/p>\n<h2>Peut-on l'utiliser en toute s\u00e9curit\u00e9 ?<\/h2>\n<p>Lorsqu'il s'agit de discuter en ligne, vous devez vous assurer que vous utilisez une plateforme s\u00fbre et s\u00e9curis\u00e9e. Chatride est une excellente option pour ceux qui recherchent un moyen s\u00fbr et s\u00e9curis\u00e9 de chatter en ligne. Le site utilise le cryptage SSL pour prot\u00e9ger vos informations, et tous les salons de discussion sont mod\u00e9r\u00e9s par des membres du personnel. Vous pouvez \u00e9galement cr\u00e9er un profil personnel afin que seules les personnes que vous connaissez puissent vous contacter.<\/p>\n<h2>Comment \u00eatre en s\u00e9curit\u00e9 lors de l'utilisation d'une plateforme de chat vid\u00e9o al\u00e9atoire ?<\/h2>\n<p>La plupart des <a href=\"https:\/\/strangercam.com\/fr\/chathub\/\">chat vid\u00e9o al\u00e9atoire<\/a> sont s\u00fbres. Cependant, vous pouvez faire certaines choses pour assurer votre s\u00e9curit\u00e9 lorsque vous utilisez ces plateformes. Voici quelques conseils :<\/p>\n<ul>\n<li style=\"font-weight: 400;\" aria-level=\"1\">\u00c9vitez de communiquer des informations personnelles \u00e0 toute personne rencontr\u00e9e sur une plateforme de chat vid\u00e9o al\u00e9atoire. Cela inclut votre nom complet, votre adresse, votre num\u00e9ro de t\u00e9l\u00e9phone, votre adresse \u00e9lectronique, etc.<\/li>\n<li style=\"font-weight: 400;\" aria-level=\"1\">Si une personne rencontr\u00e9e sur une plateforme de chat vid\u00e9o al\u00e9atoire vous demande des informations personnelles, ne les lui donnez pas.<\/li>\n<li style=\"font-weight: 400;\" aria-level=\"1\">Ne rencontrez pas en personne une personne que vous avez rencontr\u00e9e sur une plateforme de chat vid\u00e9o al\u00e9atoire.<\/li>\n<li style=\"font-weight: 400;\" aria-level=\"1\">N'envoyez pas d'argent \u00e0 une personne rencontr\u00e9e au hasard sur une plateforme de chat vid\u00e9o.<\/li>\n<li style=\"font-weight: 400;\" aria-level=\"1\">Si une personne rencontr\u00e9e sur une plateforme de chat vid\u00e9o vous demande de l'argent, ne lui en donnez pas.<\/li>\n<\/ul>\n<h2>Conclusion<\/h2>\n<p>Dans l'ensemble, Chatride est un excellent moyen de rester en contact avec vos amis et votre famille dans le monde entier. Le plus int\u00e9ressant, c'est que son utilisation est gratuite, vous n'avez donc pas \u00e0 vous soucier de d\u00e9penser de l'argent. Vous pouvez \u00e9galement cr\u00e9er des chats de groupe pour rester en contact avec plusieurs personnes \u00e0 la fois. Alors, qu'attendez-vous ? T\u00e9l\u00e9chargez Chatride d\u00e8s aujourd'hui !<\/p>","protected":false},"excerpt":{"rendered":"<p>Random video chat is the new trend, and Chatride is one of the most popular random video chatting platform. If you want to know all the details about Chatride keep on reading, Here in this article we are going to cover the all details which you need to know before using this platform. What is [&hellip;]<\/p>\n","protected":false},"author":6,"featured_media":559,"parent":0,"menu_order":0,"comment_status":"closed","ping_status":"closed","template":"","meta":{"footnotes":""},"class_list":["post-11154","page","type-page","status-publish","has-post-thumbnail","hentry"],"yoast_head":"<!-- This site is optimized with the Yoast SEO plugin v26.9 - https:\/\/yoast.com\/product\/yoast-seo-wordpress\/ -->\n<title>Chatride - Chat with strangers on StrangerCam.com<\/title>\n<meta name=\"description\" content=\"Like Chatride? Come chat with more than 5.000.000 strangers on Stranger Cam for Free! Turn on your cam and find new friends &amp; maby a match!\" \/>\n<meta name=\"robots\" content=\"index, follow, max-snippet:-1, max-image-preview:large, max-video-preview:-1\" \/>\n<link rel=\"canonical\" href=\"https:\/\/strangercam.com\/fr\/chatride\/\" \/>\n<meta property=\"og:locale\" content=\"fr_FR\" \/>\n<meta property=\"og:type\" content=\"article\" \/>\n<meta property=\"og:title\" content=\"Chatride - Chat with strangers on StrangerCam.com\" \/>\n<meta property=\"og:description\" content=\"Like Chatride? Come chat with more than 5.000.000 strangers on Stranger Cam for Free! Turn on your cam and find new friends &amp; maby a match!\" \/>\n<meta property=\"og:url\" content=\"https:\/\/strangercam.com\/fr\/chatride\/\" \/>\n<meta property=\"og:site_name\" content=\"Strangercam\" \/>\n<meta property=\"article:publisher\" content=\"https:\/\/www.facebook.com\/strangercam\" \/>\n<meta property=\"article:modified_time\" content=\"2023-08-21T10:24:41+00:00\" \/>\n<meta property=\"og:image\" content=\"https:\/\/strangercam.com\/wp-content\/uploads\/2020\/11\/stranger-cam-1.png\" \/>\n\t<meta property=\"og:image:width\" content=\"800\" \/>\n\t<meta property=\"og:image:height\" content=\"800\" \/>\n\t<meta property=\"og:image:type\" content=\"image\/png\" \/>\n<meta name=\"twitter:card\" content=\"summary_large_image\" \/>\n<meta name=\"twitter:site\" content=\"@strangercamapp\" \/>\n<meta name=\"twitter:label1\" content=\"Dur\u00e9e de lecture estim\u00e9e\" \/>\n\t<meta name=\"twitter:data1\" content=\"5 minutes\" \/>\n<script type=\"application\/ld+json\" class=\"yoast-schema-graph\">{\"@context\":\"https:\/\/schema.org\",\"@graph\":[{\"@type\":\"WebPage\",\"@id\":\"https:\/\/strangercam.com\/chatride\/\",\"url\":\"https:\/\/strangercam.com\/chatride\/\",\"name\":\"Chatride - Chat with strangers on StrangerCam.com\",\"isPartOf\":{\"@id\":\"https:\/\/strangercam.com\/#website\"},\"primaryImageOfPage\":{\"@id\":\"https:\/\/strangercam.com\/chatride\/#primaryimage\"},\"image\":{\"@id\":\"https:\/\/strangercam.com\/chatride\/#primaryimage\"},\"thumbnailUrl\":\"https:\/\/strangercam.com\/wp-content\/uploads\/2020\/11\/stranger-cam-1.png\",\"datePublished\":\"2022-08-11T13:12:40+00:00\",\"dateModified\":\"2023-08-21T10:24:41+00:00\",\"description\":\"Like Chatride? Come chat with more than 5.000.000 strangers on Stranger Cam for Free! Turn on your cam and find new friends & maby a match!\",\"breadcrumb\":{\"@id\":\"https:\/\/strangercam.com\/chatride\/#breadcrumb\"},\"inLanguage\":\"fr-FR\",\"potentialAction\":[{\"@type\":\"ReadAction\",\"target\":[\"https:\/\/strangercam.com\/chatride\/\"]}]},{\"@type\":\"ImageObject\",\"inLanguage\":\"fr-FR\",\"@id\":\"https:\/\/strangercam.com\/chatride\/#primaryimage\",\"url\":\"https:\/\/strangercam.com\/wp-content\/uploads\/2020\/11\/stranger-cam-1.png\",\"contentUrl\":\"https:\/\/strangercam.com\/wp-content\/uploads\/2020\/11\/stranger-cam-1.png\",\"width\":800,\"height\":800,\"caption\":\"stranger cam random video chat\"},{\"@type\":\"BreadcrumbList\",\"@id\":\"https:\/\/strangercam.com\/chatride\/#breadcrumb\",\"itemListElement\":[{\"@type\":\"ListItem\",\"position\":1,\"name\":\"Home\",\"item\":\"https:\/\/strangercam.com\/\"},{\"@type\":\"ListItem\",\"position\":2,\"name\":\"Chatride\"}]},{\"@type\":\"WebSite\",\"@id\":\"https:\/\/strangercam.com\/#website\",\"url\":\"https:\/\/strangercam.com\/\",\"name\":\"Strangercam\",\"description\":\"Random Video Chat with Strangers\",\"publisher\":{\"@id\":\"https:\/\/strangercam.com\/#organization\"},\"alternateName\":\"Strangercam.com\",\"potentialAction\":[{\"@type\":\"SearchAction\",\"target\":{\"@type\":\"EntryPoint\",\"urlTemplate\":\"https:\/\/strangercam.com\/?s={search_term_string}\"},\"query-input\":{\"@type\":\"PropertyValueSpecification\",\"valueRequired\":true,\"valueName\":\"search_term_string\"}}],\"inLanguage\":\"fr-FR\"},{\"@type\":\"Organization\",\"@id\":\"https:\/\/strangercam.com\/#organization\",\"name\":\"Strangercam\",\"alternateName\":\"Strangercam.com\",\"url\":\"https:\/\/strangercam.com\/\",\"logo\":{\"@type\":\"ImageObject\",\"inLanguage\":\"fr-FR\",\"@id\":\"https:\/\/strangercam.com\/#\/schema\/logo\/image\/\",\"url\":\"https:\/\/strangercam.com\/wp-content\/uploads\/2020\/11\/cropped-new-favicon-black.png\",\"contentUrl\":\"https:\/\/strangercam.com\/wp-content\/uploads\/2020\/11\/cropped-new-favicon-black.png\",\"width\":512,\"height\":512,\"caption\":\"Strangercam\"},\"image\":{\"@id\":\"https:\/\/strangercam.com\/#\/schema\/logo\/image\/\"},\"sameAs\":[\"https:\/\/www.facebook.com\/strangercam\",\"https:\/\/x.com\/strangercamapp\"]}]}<\/script>\n<!-- \/ Yoast SEO plugin. -->","yoast_head_json":{"title":"Chatride - Chat avec des \u00e9trangers sur StrangerCam.com","description":"Vous aimez Chatride ? Venez discuter avec plus de 5.000.000 d'inconnus sur Stranger Cam gratuitement ! Allume ta cam\u00e9ra et trouve de nouveaux amis et peut-\u00eatre un partenaire !","robots":{"index":"index","follow":"follow","max-snippet":"max-snippet:-1","max-image-preview":"max-image-preview:large","max-video-preview":"max-video-preview:-1"},"canonical":"https:\/\/strangercam.com\/fr\/chatride\/","og_locale":"fr_FR","og_type":"article","og_title":"Chatride - Chat with strangers on StrangerCam.com","og_description":"Like Chatride? Come chat with more than 5.000.000 strangers on Stranger Cam for Free! Turn on your cam and find new friends & maby a match!","og_url":"https:\/\/strangercam.com\/fr\/chatride\/","og_site_name":"Strangercam","article_publisher":"https:\/\/www.facebook.com\/strangercam","article_modified_time":"2023-08-21T10:24:41+00:00","og_image":[{"width":800,"height":800,"url":"https:\/\/strangercam.com\/wp-content\/uploads\/2020\/11\/stranger-cam-1.png","type":"image\/png"}],"twitter_card":"summary_large_image","twitter_site":"@strangercamapp","twitter_misc":{"Dur\u00e9e de lecture estim\u00e9e":"5 minutes"},"schema":{"@context":"https:\/\/schema.org","@graph":[{"@type":"WebPage","@id":"https:\/\/strangercam.com\/chatride\/","url":"https:\/\/strangercam.com\/chatride\/","name":"Chatride - Chat avec des \u00e9trangers sur StrangerCam.com","isPartOf":{"@id":"https:\/\/strangercam.com\/#website"},"primaryImageOfPage":{"@id":"https:\/\/strangercam.com\/chatride\/#primaryimage"},"image":{"@id":"https:\/\/strangercam.com\/chatride\/#primaryimage"},"thumbnailUrl":"https:\/\/strangercam.com\/wp-content\/uploads\/2020\/11\/stranger-cam-1.png","datePublished":"2022-08-11T13:12:40+00:00","dateModified":"2023-08-21T10:24:41+00:00","description":"Vous aimez Chatride ? Venez discuter avec plus de 5.000.000 d'inconnus sur Stranger Cam gratuitement ! Allume ta cam\u00e9ra et trouve de nouveaux amis et peut-\u00eatre un partenaire !","breadcrumb":{"@id":"https:\/\/strangercam.com\/chatride\/#breadcrumb"},"inLanguage":"fr-FR","potentialAction":[{"@type":"ReadAction","target":["https:\/\/strangercam.com\/chatride\/"]}]},{"@type":"ImageObject","inLanguage":"fr-FR","@id":"https:\/\/strangercam.com\/chatride\/#primaryimage","url":"https:\/\/strangercam.com\/wp-content\/uploads\/2020\/11\/stranger-cam-1.png","contentUrl":"https:\/\/strangercam.com\/wp-content\/uploads\/2020\/11\/stranger-cam-1.png","width":800,"height":800,"caption":"stranger cam random video chat"},{"@type":"BreadcrumbList","@id":"https:\/\/strangercam.com\/chatride\/#breadcrumb","itemListElement":[{"@type":"ListItem","position":1,"name":"Home","item":"https:\/\/strangercam.com\/"},{"@type":"ListItem","position":2,"name":"Chatride"}]},{"@type":"WebSite","@id":"https:\/\/strangercam.com\/#website","url":"https:\/\/strangercam.com\/","name":"Strangercam","description":"Chat vid\u00e9o al\u00e9atoire avec des inconnus","publisher":{"@id":"https:\/\/strangercam.com\/#organization"},"alternateName":"Strangercam.com","potentialAction":[{"@type":"SearchAction","target":{"@type":"EntryPoint","urlTemplate":"https:\/\/strangercam.com\/?s={search_term_string}"},"query-input":{"@type":"PropertyValueSpecification","valueRequired":true,"valueName":"search_term_string"}}],"inLanguage":"fr-FR"},{"@type":"Organization","@id":"https:\/\/strangercam.com\/#organization","name":"Strangercam","alternateName":"Strangercam.com","url":"https:\/\/strangercam.com\/","logo":{"@type":"ImageObject","inLanguage":"fr-FR","@id":"https:\/\/strangercam.com\/#\/schema\/logo\/image\/","url":"https:\/\/strangercam.com\/wp-content\/uploads\/2020\/11\/cropped-new-favicon-black.png","contentUrl":"https:\/\/strangercam.com\/wp-content\/uploads\/2020\/11\/cropped-new-favicon-black.png","width":512,"height":512,"caption":"Strangercam"},"image":{"@id":"https:\/\/strangercam.com\/#\/schema\/logo\/image\/"},"sameAs":["https:\/\/www.facebook.com\/strangercam","https:\/\/x.com\/strangercamapp"]}]}},"_links":{"self":[{"href":"https:\/\/strangercam.com\/fr\/wp-json\/wp\/v2\/pages\/11154","targetHints":{"allow":["GET"]}}],"collection":[{"href":"https:\/\/strangercam.com\/fr\/wp-json\/wp\/v2\/pages"}],"about":[{"href":"https:\/\/strangercam.com\/fr\/wp-json\/wp\/v2\/types\/page"}],"author":[{"embeddable":true,"href":"https:\/\/strangercam.com\/fr\/wp-json\/wp\/v2\/users\/6"}],"replies":[{"embeddable":true,"href":"https:\/\/strangercam.com\/fr\/wp-json\/wp\/v2\/comments?post=11154"}],"version-history":[{"count":0,"href":"https:\/\/strangercam.com\/fr\/wp-json\/wp\/v2\/pages\/11154\/revisions"}],"wp:featuredmedia":[{"embeddable":true,"href":"https:\/\/strangercam.com\/fr\/wp-json\/wp\/v2\/media\/559"}],"wp:attachment":[{"href":"https:\/\/strangercam.com\/fr\/wp-json\/wp\/v2\/media?parent=11154"}],"curies":[{"name":"wp","href":"https:\/\/api.w.org\/{rel}","templated":true}]}}