{"id":11142,"date":"2022-08-11T15:06:21","date_gmt":"2022-08-11T13:06:21","guid":{"rendered":"https:\/\/strangercam.com\/?page_id=11142"},"modified":"2023-08-21T11:40:39","modified_gmt":"2023-08-21T09:40:39","slug":"camki","status":"publish","type":"page","link":"https:\/\/strangercam.com\/fr\/camki\/","title":{"rendered":"Camki"},"content":{"rendered":"<p>Il existe aujourd'hui de nombreuses plateformes de chat en ligne. Parmi elles, Camki est une plateforme de chat en ligne fiable qui offre diverses fonctionnalit\u00e9s \u00e0 ses utilisateurs. Parmi ces fonctionnalit\u00e9s, citons la prise en charge des appels audio et vid\u00e9o, la messagerie instantan\u00e9e, le partage de fichiers, etc.<\/p>\n<h2>Qu'est-ce que Camki ?<\/h2>\n<p>Camki est une nouvelle plateforme de chat en ligne qui a gagn\u00e9 en popularit\u00e9 ces derniers temps. Il s'agit d'une plateforme fiable et conviviale qui offre de nombreuses fonctionnalit\u00e9s \u00e0 ses utilisateurs. Camki est un endroit id\u00e9al pour se connecter avec des amis et des membres de la famille, ainsi qu'avec des amis et des membres de la famille, ainsi qu'avec des amis et des membres de la famille. <a href=\"https:\/\/strangercam.com\/fr\/coomeet\/\">rencontrer<\/a> de nouvelles personnes du monde entier. La plateforme est \u00e9galement parfaite pour les entreprises, car elle leur permet de communiquer avec leurs clients en temps r\u00e9el.<\/p>\n<h2>Comment utiliser Camki ?<\/h2>\n<p>Si vous recherchez une plateforme de chat en ligne fiable, Camki est le choix id\u00e9al. Camki est facile \u00e0 utiliser et offre une vari\u00e9t\u00e9 de fonctionnalit\u00e9s qui en font un excellent choix pour le chat en ligne. Voici quelques conseils sur l'utilisation de Camki :<\/p>\n<ul>\n<li style=\"font-weight: 400;\" aria-level=\"1\">Pour commencer \u00e0 utiliser Camki, cr\u00e9ez un compte gratuit. Vous devrez fournir votre nom, votre adresse \u00e9lectronique et cr\u00e9er un mot de passe.<\/li>\n<li style=\"font-weight: 400;\" aria-level=\"1\">Une fois que vous avez cr\u00e9\u00e9 votre compte, connectez-vous et cliquez sur le bouton \"Cr\u00e9er un espace\".<\/li>\n<li style=\"font-weight: 400;\" aria-level=\"1\">Saisissez un nom de salle et un mot de passe (facultatif).<\/li>\n<li style=\"font-weight: 400;\" aria-level=\"1\">Pour commencer \u00e0 chatter, cliquez sur le bouton \"Start Chatting\". Vous pouvez \u00e9galement utiliser l'application webCamki pour <a href=\"https:\/\/strangercam.com\/fr\/chathub\/\">chat<\/a> avec des inconnus.<\/li>\n<\/ul>\n<h2>Les avantages de l'utilisation de Camki<\/h2>\n<p>L'utilisation de Camki comme plateforme de chat en ligne pr\u00e9sente de nombreux avantages. Voici quelques-unes des raisons pour lesquelles Camki est le meilleur choix pour vous :<\/p>\n<ol>\n<li style=\"font-weight: 400;\" aria-level=\"1\">Camki est incroyablement convivial et facile \u00e0 utiliser. Vous n'avez besoin d'aucune comp\u00e9tence technique particuli\u00e8re pour commencer - il vous suffit de vous connecter et de commencer \u00e0 chatter !<\/li>\n<li style=\"font-weight: 400;\" aria-level=\"1\">Camki est totalement s\u00e9curis\u00e9 et confidentiel. Toutes vos conversations sont priv\u00e9es et ne seront jamais partag\u00e9es avec qui que ce soit.<\/li>\n<li style=\"font-weight: 400;\" aria-level=\"1\">L'utilisation de Camki est totalement gratuite. Il n'y a pas de co\u00fbts cach\u00e9s ou de frais - vous pouvez chatter aussi longtemps que vous le souhaitez, sans d\u00e9penser un centime.<\/li>\n<li style=\"font-weight: 400;\" aria-level=\"1\">Camki offre une grande s\u00e9lection de fonctionnalit\u00e9s et d'options, afin que vous puissiez personnaliser votre exp\u00e9rience de chat en fonction de vos besoins. Vous pouvez choisir parmi une vari\u00e9t\u00e9 d'avatars, d'arri\u00e8re-plans et de polices, et m\u00eame ajouter des effets sp\u00e9ciaux \u00e0 vos chats.<\/li>\n<li style=\"font-weight: 400;\" aria-level=\"1\">Camki se d\u00e9veloppe et s'am\u00e9liore en permanence. Nous ajoutons constamment de nouvelles fonctionnalit\u00e9s et apportons des am\u00e9liorations en fonction des commentaires de nos utilisateurs. Vous pouvez donc \u00eatre s\u00fbr que Camki vous offrira toujours la meilleure exp\u00e9rience de chat possible.<\/li>\n<\/ol>\n<h2>Les inconv\u00e9nients de l'utilisation de Camki<\/h2>\n<p>L'utilisation de Camki pr\u00e9sente quelques inconv\u00e9nients dont les utilisateurs doivent \u00eatre conscients. Tout d'abord, la plateforme n'est pas aussi s\u00fbre que certaines des autres options disponibles. Cela signifie que vos conversations peuvent \u00eatre pirat\u00e9es ou intercept\u00e9es. En outre, Camki n'offre pas beaucoup de fonctionnalit\u00e9s par rapport \u00e0 d'autres plates-formes, de sorte que vous risquez d'\u00eatre limit\u00e9 dans ce que vous pouvez faire.<\/p>\n<h2>Caract\u00e9ristiques principales de Camki<\/h2>\n<p>Si vous recherchez une plateforme de chat en ligne fiable, Camki est le choix id\u00e9al. Elle offre une vari\u00e9t\u00e9 de fonctionnalit\u00e9s qui la distinguent des autres plateformes de chat. Voici quelques-unes des caract\u00e9ristiques les plus importantes de Camki :<\/p>\n<ul>\n<li style=\"font-weight: 400;\" aria-level=\"1\">Camki est incroyablement convivial et facile \u00e0 utiliser. M\u00eame si vous n'\u00eates pas familier avec les plateformes de chat, vous serez en mesure de comprendre comment utiliser Camki en quelques minutes.<\/li>\n<li style=\"font-weight: 400;\" aria-level=\"1\">Camki offre un niveau \u00e9lev\u00e9 de s\u00e9curit\u00e9 et de confidentialit\u00e9. Toutes vos conversations et chats sont prot\u00e9g\u00e9s et personne ne pourra y acc\u00e9der sans votre autorisation.<\/li>\n<li style=\"font-weight: 400;\" aria-level=\"1\">Camki est une plateforme id\u00e9ale pour nouer des contacts et rencontrer de nouvelles personnes. Vous pouvez trouver des personnes ayant des int\u00e9r\u00eats similaires aux v\u00f4tres et entrer facilement en contact avec elles.<\/li>\n<li style=\"font-weight: 400;\" aria-level=\"1\">Camki offre \u00e9galement une vari\u00e9t\u00e9 de fonctionnalit\u00e9s qui vous permettent de personnaliser votre exp\u00e9rience de chat. Par exemple, vous pouvez modifier la taille de la police, la couleur et l'arri\u00e8re-plan de votre fen\u00eatre de chat pour la rendre plus personnelle.<\/li>\n<\/ul>\n<p>Si vous recherchez une plateforme de chat en ligne fiable et riche en fonctionnalit\u00e9s, Camki est le choix id\u00e9al !<\/p>\n<h2>Comment tirer le meilleur parti de Camki ?<\/h2>\n<p>Si vous \u00eates \u00e0 la recherche d'une plateforme de chat en ligne fiable, Camki vaut vraiment le coup d'\u0153il. Gr\u00e2ce \u00e0 son interface conviviale et \u00e0 son large \u00e9ventail de fonctionnalit\u00e9s, Camki vous permet de rester facilement en contact avec vos amis et les membres de votre famille, o\u00f9 qu'ils se trouvent dans le monde. Voici quelques conseils pour tirer le meilleur parti de Camki :<\/p>\n<ol>\n<li style=\"font-weight: 400;\" aria-level=\"1\">Utilisez la fonction de recherche pour trouver des personnes que vous connaissez ou que vous souhaitez rencontrer. Vous pouvez rechercher des personnes en fonction de leur nom d'utilisateur, de leur adresse \u00e9lectronique ou m\u00eame de leur lieu de r\u00e9sidence.<\/li>\n<li style=\"font-weight: 400;\" aria-level=\"1\">Une fois que vous avez trouv\u00e9 la personne avec laquelle vous voulez discuter, il vous suffit de cliquer sur son nom et de commencer \u00e0 discuter. Camki vous permet \u00e9galement de passer des appels vid\u00e9o, ce qui vous donne l'impression de parler face \u00e0 face, o\u00f9 que vous soyez.<\/li>\n<li style=\"font-weight: 400;\" aria-level=\"1\">N'oubliez pas de profiter des autres fonctions du Camki, telles que le chat de groupe et le partage de fichiers. Elles peuvent s'av\u00e9rer tr\u00e8s utiles lorsque vous travaillez sur un projet avec des amis ou que vous devez partager un fichier volumineux rapidement et facilement.<\/li>\n<li style=\"font-weight: 400;\" aria-level=\"1\">Et enfin, amusez-vous ! Camki est un excellent moyen de rester en contact avec les personnes qui vous sont ch\u00e8res, alors assurez-vous de vous amuser en l'utilisant.<\/li>\n<\/ol>\n<h2>Peut-on l'utiliser en toute s\u00e9curit\u00e9 ?<\/h2>\n<p>Lorsqu'il s'agit de plateformes de chat en ligne, la question de la s\u00e9curit\u00e9 se pose toujours. L'utilisation de Camki est-elle s\u00fbre ? La r\u00e9ponse est oui ! Camki est une plateforme de chat en ligne fiable qui prend la s\u00e9curit\u00e9 et la confidentialit\u00e9 au s\u00e9rieux. Tous les chats sur Camki sont crypt\u00e9s de bout en bout, ce qui signifie que seuls l'exp\u00e9diteur et le destinataire peuvent lire les messages. En outre, Camki ne collecte ni ne stocke aucune donn\u00e9e utilisateur. Vous pouvez donc \u00eatre assur\u00e9 que vos conversations sont priv\u00e9es et s\u00e9curis\u00e9es.<\/p>\n<h2>Mesures pr\u00e9ventives lors de l'utilisation de Camki<\/h2>\n<p>Nous savons tous qu'il est important d'\u00eatre prudent lors de l'utilisation des m\u00e9dias sociaux et d'autres plateformes en ligne. Il en va de m\u00eame pour Camki, une plateforme de chat en ligne. Voici quelques mesures pr\u00e9ventives \u00e0 prendre lors de l'utilisation de Camki :<\/p>\n<ol>\n<li style=\"font-weight: 400;\" aria-level=\"1\">Ne partagez pas vos informations personnelles avec qui que ce soit sur Camki. Cela comprend votre nom complet, votre adresse, votre num\u00e9ro de t\u00e9l\u00e9phone, votre adresse \u00e9lectronique, etc.<\/li>\n<li style=\"font-weight: 400;\" aria-level=\"1\">Faites attention aux liens sur lesquels vous cliquez lorsque vous utilisez Camki. Certains liens peuvent \u00eatre malveillants et vous conduire vers des sites de phishing ou t\u00e9l\u00e9charger des logiciels malveillants sur votre appareil.<\/li>\n<li style=\"font-weight: 400;\" aria-level=\"1\">Ne vous livrez \u00e0 aucune activit\u00e9 ill\u00e9gale sur Camki. Cela inclut le partage de mat\u00e9riel prot\u00e9g\u00e9 par des droits d'auteur ou la cyberintimidation.<\/li>\n<li style=\"font-weight: 400;\" aria-level=\"1\">Si vous constatez une activit\u00e9 suspecte sur Camki, signalez-la imm\u00e9diatement aux administrateurs de la plateforme.<\/li>\n<\/ol>\n<p>En suivant ces simples lignes directrices, vous pouvez vous assurer d'une exp\u00e9rience s\u00fbre et agr\u00e9able lors de l'utilisation de Camki !<\/p>\n<h2>Alternatives \u00e0 Camki<\/h2>\n<p>Lorsqu'il s'agit de plateformes de chat vid\u00e9o al\u00e9atoire en ligne, Camki est l'une des options les plus fiables qui existent. Cependant, il existe d'autres plateformes qui offrent des caract\u00e9ristiques et des fonctionnalit\u00e9s similaires. Voici quelques alternatives \u00e0 Camki que vous pouvez envisager :<\/p>\n<p><a href=\"https:\/\/strangercam.com\/fr\/omegle\/\">Omegle<\/a>: Omegle est l'une des plateformes de chat vid\u00e9o al\u00e9atoire les plus connues. Elle offre une vari\u00e9t\u00e9 de fonctionnalit\u00e9s, y compris le texte et le chat vid\u00e9o, et elle est disponible sur une vari\u00e9t\u00e9 d'appareils.<\/p>\n<p><a href=\"https:\/\/strangercam.com\/fr\/chatroulette\/\">Chatroulette<\/a>: Chatroulette est une autre plateforme de chat vid\u00e9o populaire qui vous permet de vous connecter avec des personnes du monde entier. Elle offre de nombreuses fonctionnalit\u00e9s, notamment la possibilit\u00e9 de discuter avec des personnes originaires de pays sp\u00e9cifiques.<\/p>\n<p><a href=\"https:\/\/strangercam.com\/fr\/bazoocam\/\">Bazoocam<\/a>: Bazoocam est une autre plateforme de chat vid\u00e9o al\u00e9atoire qui offre une vari\u00e9t\u00e9 de fonctionnalit\u00e9s, y compris la possibilit\u00e9 de chatter avec des personnes de pays sp\u00e9cifiques.<\/p>\n<h2>Conclusion<\/h2>\n<p>Nous esp\u00e9rons que vous avez appr\u00e9ci\u00e9 notre article sur Camki, une plateforme de chat en ligne fiable. Que vous soyez \u00e0 la recherche d'une nouvelle fa\u00e7on de communiquer avec vos amis ou que vous soyez simplement curieux de savoir ce que Camki a \u00e0 offrir, nous pensons que vous serez impressionn\u00e9 par ses caract\u00e9ristiques. Si vous avez des questions ou des commentaires, n'h\u00e9sitez pas \u00e0 les laisser dans la section ci-dessous.<\/p>","protected":false},"excerpt":{"rendered":"<p>There are many online chatting platforms available today. Among them, Camki is a reliable online chatting platform that offers various features to its users. Some of these features include audio and video call support, instant messaging, file sharing, etc. What is Camki? Camki is a new online chatting platform that has been gaining popularity lately. [&hellip;]<\/p>\n","protected":false},"author":6,"featured_media":559,"parent":0,"menu_order":0,"comment_status":"closed","ping_status":"closed","template":"","meta":{"footnotes":""},"class_list":["post-11142","page","type-page","status-publish","has-post-thumbnail","hentry"],"yoast_head":"<!-- This site is optimized with the Yoast SEO plugin v27.4 - https:\/\/yoast.com\/product\/yoast-seo-wordpress\/ -->\n<title>Camki - Chat with strangers on StrangerCam.com<\/title>\n<meta name=\"description\" content=\"Like Camki? Come chat with more than 5.000.000 strangers on Stranger Cam for Free! Turn on your cam and find new friends &amp; maby a match!\" \/>\n<meta name=\"robots\" content=\"index, follow, max-snippet:-1, max-image-preview:large, max-video-preview:-1\" \/>\n<link rel=\"canonical\" href=\"https:\/\/strangercam.com\/fr\/camki\/\" \/>\n<meta property=\"og:locale\" content=\"fr_FR\" \/>\n<meta property=\"og:type\" content=\"article\" \/>\n<meta property=\"og:title\" content=\"Camki - Chat with strangers on StrangerCam.com\" \/>\n<meta property=\"og:description\" content=\"Like Camki? Come chat with more than 5.000.000 strangers on Stranger Cam for Free! Turn on your cam and find new friends &amp; maby a match!\" \/>\n<meta property=\"og:url\" content=\"https:\/\/strangercam.com\/fr\/camki\/\" \/>\n<meta property=\"og:site_name\" content=\"Strangercam\" \/>\n<meta property=\"article:publisher\" content=\"https:\/\/www.facebook.com\/strangercam\" \/>\n<meta property=\"article:modified_time\" content=\"2023-08-21T09:40:39+00:00\" \/>\n<meta property=\"og:image\" content=\"https:\/\/strangercam.com\/wp-content\/uploads\/2020\/11\/stranger-cam-1.png\" \/>\n\t<meta property=\"og:image:width\" content=\"800\" \/>\n\t<meta property=\"og:image:height\" content=\"800\" \/>\n\t<meta property=\"og:image:type\" content=\"image\/png\" \/>\n<meta name=\"twitter:card\" content=\"summary_large_image\" \/>\n<meta name=\"twitter:site\" content=\"@strangercamapp\" \/>\n<meta name=\"twitter:label1\" content=\"Dur\u00e9e de lecture estim\u00e9e\" \/>\n\t<meta name=\"twitter:data1\" content=\"6 minutes\" \/>\n<script type=\"application\/ld+json\" class=\"yoast-schema-graph\">{\"@context\":\"https:\\\/\\\/schema.org\",\"@graph\":[{\"@type\":\"WebPage\",\"@id\":\"https:\\\/\\\/strangercam.com\\\/camki\\\/\",\"url\":\"https:\\\/\\\/strangercam.com\\\/camki\\\/\",\"name\":\"Camki - Chat with strangers on StrangerCam.com\",\"isPartOf\":{\"@id\":\"https:\\\/\\\/strangercam.com\\\/#website\"},\"primaryImageOfPage\":{\"@id\":\"https:\\\/\\\/strangercam.com\\\/camki\\\/#primaryimage\"},\"image\":{\"@id\":\"https:\\\/\\\/strangercam.com\\\/camki\\\/#primaryimage\"},\"thumbnailUrl\":\"https:\\\/\\\/strangercam.com\\\/wp-content\\\/uploads\\\/2020\\\/11\\\/stranger-cam-1.png\",\"datePublished\":\"2022-08-11T13:06:21+00:00\",\"dateModified\":\"2023-08-21T09:40:39+00:00\",\"description\":\"Like Camki? Come chat with more than 5.000.000 strangers on Stranger Cam for Free! Turn on your cam and find new friends & maby a match!\",\"breadcrumb\":{\"@id\":\"https:\\\/\\\/strangercam.com\\\/camki\\\/#breadcrumb\"},\"inLanguage\":\"fr-FR\",\"potentialAction\":[{\"@type\":\"ReadAction\",\"target\":[\"https:\\\/\\\/strangercam.com\\\/camki\\\/\"]}]},{\"@type\":\"ImageObject\",\"inLanguage\":\"fr-FR\",\"@id\":\"https:\\\/\\\/strangercam.com\\\/camki\\\/#primaryimage\",\"url\":\"https:\\\/\\\/strangercam.com\\\/wp-content\\\/uploads\\\/2020\\\/11\\\/stranger-cam-1.png\",\"contentUrl\":\"https:\\\/\\\/strangercam.com\\\/wp-content\\\/uploads\\\/2020\\\/11\\\/stranger-cam-1.png\",\"width\":800,\"height\":800,\"caption\":\"stranger cam random video chat\"},{\"@type\":\"BreadcrumbList\",\"@id\":\"https:\\\/\\\/strangercam.com\\\/camki\\\/#breadcrumb\",\"itemListElement\":[{\"@type\":\"ListItem\",\"position\":1,\"name\":\"Home\",\"item\":\"https:\\\/\\\/strangercam.com\\\/\"},{\"@type\":\"ListItem\",\"position\":2,\"name\":\"Camki\"}]},{\"@type\":\"WebSite\",\"@id\":\"https:\\\/\\\/strangercam.com\\\/#website\",\"url\":\"https:\\\/\\\/strangercam.com\\\/\",\"name\":\"Strangercam\",\"description\":\"Random Video Chat with Strangers\",\"publisher\":{\"@id\":\"https:\\\/\\\/strangercam.com\\\/#organization\"},\"alternateName\":\"Strangercam.com\",\"potentialAction\":[{\"@type\":\"SearchAction\",\"target\":{\"@type\":\"EntryPoint\",\"urlTemplate\":\"https:\\\/\\\/strangercam.com\\\/?s={search_term_string}\"},\"query-input\":{\"@type\":\"PropertyValueSpecification\",\"valueRequired\":true,\"valueName\":\"search_term_string\"}}],\"inLanguage\":\"fr-FR\"},{\"@type\":\"Organization\",\"@id\":\"https:\\\/\\\/strangercam.com\\\/#organization\",\"name\":\"Strangercam\",\"alternateName\":\"Strangercam.com\",\"url\":\"https:\\\/\\\/strangercam.com\\\/\",\"logo\":{\"@type\":\"ImageObject\",\"inLanguage\":\"fr-FR\",\"@id\":\"https:\\\/\\\/strangercam.com\\\/#\\\/schema\\\/logo\\\/image\\\/\",\"url\":\"https:\\\/\\\/strangercam.com\\\/wp-content\\\/uploads\\\/2020\\\/11\\\/cropped-new-favicon-black.png\",\"contentUrl\":\"https:\\\/\\\/strangercam.com\\\/wp-content\\\/uploads\\\/2020\\\/11\\\/cropped-new-favicon-black.png\",\"width\":512,\"height\":512,\"caption\":\"Strangercam\"},\"image\":{\"@id\":\"https:\\\/\\\/strangercam.com\\\/#\\\/schema\\\/logo\\\/image\\\/\"},\"sameAs\":[\"https:\\\/\\\/www.facebook.com\\\/strangercam\",\"https:\\\/\\\/x.com\\\/strangercamapp\"]}]}<\/script>\n<!-- \/ Yoast SEO plugin. -->","yoast_head_json":{"title":"Camki - Chat avec des \u00e9trangers sur StrangerCam.com","description":"Vous aimez Camki ? Venez discuter avec plus de 5.000.000 d'inconnus sur Stranger Cam gratuitement ! Allume ta cam\u00e9ra et trouve de nouveaux amis et peut-\u00eatre un partenaire !","robots":{"index":"index","follow":"follow","max-snippet":"max-snippet:-1","max-image-preview":"max-image-preview:large","max-video-preview":"max-video-preview:-1"},"canonical":"https:\/\/strangercam.com\/fr\/camki\/","og_locale":"fr_FR","og_type":"article","og_title":"Camki - Chat with strangers on StrangerCam.com","og_description":"Like Camki? Come chat with more than 5.000.000 strangers on Stranger Cam for Free! Turn on your cam and find new friends & maby a match!","og_url":"https:\/\/strangercam.com\/fr\/camki\/","og_site_name":"Strangercam","article_publisher":"https:\/\/www.facebook.com\/strangercam","article_modified_time":"2023-08-21T09:40:39+00:00","og_image":[{"width":800,"height":800,"url":"https:\/\/strangercam.com\/wp-content\/uploads\/2020\/11\/stranger-cam-1.png","type":"image\/png"}],"twitter_card":"summary_large_image","twitter_site":"@strangercamapp","twitter_misc":{"Dur\u00e9e de lecture estim\u00e9e":"6 minutes"},"schema":{"@context":"https:\/\/schema.org","@graph":[{"@type":"WebPage","@id":"https:\/\/strangercam.com\/camki\/","url":"https:\/\/strangercam.com\/camki\/","name":"Camki - Chat avec des \u00e9trangers sur StrangerCam.com","isPartOf":{"@id":"https:\/\/strangercam.com\/#website"},"primaryImageOfPage":{"@id":"https:\/\/strangercam.com\/camki\/#primaryimage"},"image":{"@id":"https:\/\/strangercam.com\/camki\/#primaryimage"},"thumbnailUrl":"https:\/\/strangercam.com\/wp-content\/uploads\/2020\/11\/stranger-cam-1.png","datePublished":"2022-08-11T13:06:21+00:00","dateModified":"2023-08-21T09:40:39+00:00","description":"Vous aimez Camki ? Venez discuter avec plus de 5.000.000 d'inconnus sur Stranger Cam gratuitement ! Allume ta cam\u00e9ra et trouve de nouveaux amis et peut-\u00eatre un partenaire !","breadcrumb":{"@id":"https:\/\/strangercam.com\/camki\/#breadcrumb"},"inLanguage":"fr-FR","potentialAction":[{"@type":"ReadAction","target":["https:\/\/strangercam.com\/camki\/"]}]},{"@type":"ImageObject","inLanguage":"fr-FR","@id":"https:\/\/strangercam.com\/camki\/#primaryimage","url":"https:\/\/strangercam.com\/wp-content\/uploads\/2020\/11\/stranger-cam-1.png","contentUrl":"https:\/\/strangercam.com\/wp-content\/uploads\/2020\/11\/stranger-cam-1.png","width":800,"height":800,"caption":"stranger cam random video chat"},{"@type":"BreadcrumbList","@id":"https:\/\/strangercam.com\/camki\/#breadcrumb","itemListElement":[{"@type":"ListItem","position":1,"name":"Home","item":"https:\/\/strangercam.com\/"},{"@type":"ListItem","position":2,"name":"Camki"}]},{"@type":"WebSite","@id":"https:\/\/strangercam.com\/#website","url":"https:\/\/strangercam.com\/","name":"Strangercam","description":"Chat vid\u00e9o al\u00e9atoire avec des inconnus","publisher":{"@id":"https:\/\/strangercam.com\/#organization"},"alternateName":"Strangercam.com","potentialAction":[{"@type":"SearchAction","target":{"@type":"EntryPoint","urlTemplate":"https:\/\/strangercam.com\/?s={search_term_string}"},"query-input":{"@type":"PropertyValueSpecification","valueRequired":true,"valueName":"search_term_string"}}],"inLanguage":"fr-FR"},{"@type":"Organization","@id":"https:\/\/strangercam.com\/#organization","name":"Strangercam","alternateName":"Strangercam.com","url":"https:\/\/strangercam.com\/","logo":{"@type":"ImageObject","inLanguage":"fr-FR","@id":"https:\/\/strangercam.com\/#\/schema\/logo\/image\/","url":"https:\/\/strangercam.com\/wp-content\/uploads\/2020\/11\/cropped-new-favicon-black.png","contentUrl":"https:\/\/strangercam.com\/wp-content\/uploads\/2020\/11\/cropped-new-favicon-black.png","width":512,"height":512,"caption":"Strangercam"},"image":{"@id":"https:\/\/strangercam.com\/#\/schema\/logo\/image\/"},"sameAs":["https:\/\/www.facebook.com\/strangercam","https:\/\/x.com\/strangercamapp"]}]}},"_links":{"self":[{"href":"https:\/\/strangercam.com\/fr\/wp-json\/wp\/v2\/pages\/11142","targetHints":{"allow":["GET"]}}],"collection":[{"href":"https:\/\/strangercam.com\/fr\/wp-json\/wp\/v2\/pages"}],"about":[{"href":"https:\/\/strangercam.com\/fr\/wp-json\/wp\/v2\/types\/page"}],"author":[{"embeddable":true,"href":"https:\/\/strangercam.com\/fr\/wp-json\/wp\/v2\/users\/6"}],"replies":[{"embeddable":true,"href":"https:\/\/strangercam.com\/fr\/wp-json\/wp\/v2\/comments?post=11142"}],"version-history":[{"count":0,"href":"https:\/\/strangercam.com\/fr\/wp-json\/wp\/v2\/pages\/11142\/revisions"}],"wp:featuredmedia":[{"embeddable":true,"href":"https:\/\/strangercam.com\/fr\/wp-json\/wp\/v2\/media\/559"}],"wp:attachment":[{"href":"https:\/\/strangercam.com\/fr\/wp-json\/wp\/v2\/media?parent=11142"}],"curies":[{"name":"wp","href":"https:\/\/api.w.org\/{rel}","templated":true}]}}