{"id":11129,"date":"2022-08-11T14:56:49","date_gmt":"2022-08-11T12:56:49","guid":{"rendered":"https:\/\/strangercam.com\/?page_id=11129"},"modified":"2023-08-21T12:38:21","modified_gmt":"2023-08-21T10:38:21","slug":"roulette-chat","status":"publish","type":"page","link":"https:\/\/strangercam.com\/fr\/roulette-chat\/","title":{"rendered":"Roulette Chat"},"content":{"rendered":"<p><a href=\"https:\/\/strangercam.com\/fr\/chathub\/\">Chat<\/a> roulette est un service de chat unique qui vous permet d'entrer en contact avec des personnes du monde entier. Le service est enti\u00e8rement gratuit et il n'y a pas de frais cach\u00e9s. Vous pouvez utiliser le service pour discuter avec des inconnus, vous faire de nouveaux amis ou m\u00eame trouver un rendez-vous !<\/p>\n<h2>Qu'est-ce que le chat sur la roulette ?<\/h2>\n<p>La roulette-chat est un type de chat en ligne qui permet aux utilisateurs de se connecter avec d'autres personnes de mani\u00e8re al\u00e9atoire. Il est similaire \u00e0 un salon de discussion traditionnel, mais avec l'\u00e9l\u00e9ment suppl\u00e9mentaire de pouvoir voir la personne \u00e0 qui vous parlez. C'est un excellent moyen de <a href=\"https:\/\/strangercam.com\/fr\/coomeet\/\">rencontrer<\/a> de nouvelles personnes, ou simplement d'avoir une conversation avec quelqu'un \u00e0 qui vous ne parleriez pas normalement.<\/p>\n<h2>Les avantages du chat \u00e0 la roulette<\/h2>\n<p>La roulette-chat-roulette pr\u00e9sente de nombreux avantages. Tout d'abord, c'est un excellent moyen de rencontrer de nouvelles personnes du monde entier. Vous pouvez \u00e9galement d\u00e9couvrir des cultures et des modes de vie diff\u00e9rents en discutant avec des personnes originaires d'autres pays. En outre, c'est un excellent moyen de se faire de nouveaux amis et m\u00eame de trouver l'amour.<\/p>\n<h2>Comment trouver le meilleur salon de discussion sur la roulette<\/h2>\n<p>Si vous souhaitez trouver le meilleur salon de discussion sur la roulette, vous devez tenir compte de certains points. Tout d'abord, assurez-vous que le salon de discussion est bien mod\u00e9r\u00e9. Cela garantira que les conversations sont respectueuses et civilis\u00e9es. Deuxi\u00e8mement, recherchez un salon de discussion qui jouit d'une bonne r\u00e9putation. Vous pouvez vous en rendre compte en lisant des commentaires ou en vous renseignant aupr\u00e8s d'autres salons de discussion. Enfin, assurez-vous que le salon de discussion que vous choisissez propose une bonne s\u00e9lection de jeux et de fonctions. Vous aurez ainsi beaucoup de choses \u00e0 faire et vous ne vous ennuierez pas.<\/p>\n<h2>Comment tirer le meilleur parti du chat \u00e0 la roulette<\/h2>\n<p>Il existe de nombreuses fa\u00e7ons d'appr\u00e9cier le roulette-chat et d'en tirer le meilleur parti. Voici quelques conseils :<\/p>\n<ol>\n<li style=\"font-weight: 400;\" aria-level=\"1\">Apprenez \u00e0 conna\u00eetre les autres utilisateurs. Prenez le temps de parcourir les profils des autres utilisateurs et d'en apprendre un peu plus sur eux. Il sera ainsi plus facile d'engager la conversation.<\/li>\n<li style=\"font-weight: 400;\" aria-level=\"1\">Soyez amical et accessible. N'ayez pas peur d'engager la conversation avec quelqu'un. Tout le monde est l\u00e0 pour discuter et s'amuser, alors soyez vous-m\u00eame !<\/li>\n<li style=\"font-weight: 400;\" aria-level=\"1\">Utilisez les fonctions du chat. Roulette-chat offre de nombreuses fonctions qui peuvent rendre votre exp\u00e9rience plus agr\u00e9able. Utilisez-les !<\/li>\n<li style=\"font-weight: 400;\" aria-level=\"1\">Restez dans les parages et discutez pendant un certain temps. Plus vous discuterez, plus vous apprendrez \u00e0 conna\u00eetre les autres utilisateurs et plus vous vous amuserez.<\/li>\n<li style=\"font-weight: 400;\" aria-level=\"1\">Amusez-vous ! C'est la raison d'\u00eatre de roulette-chat, alors d\u00e9tendez-vous et amusez-vous !<\/li>\n<\/ol>\n<h2>Pourquoi roulette-chat est-elle une plateforme de chat vid\u00e9o al\u00e9atoire si populaire ?<\/h2>\n<p>Plusieurs raisons expliquent la popularit\u00e9 de roulette-chat en tant que plateforme de chat vid\u00e9o al\u00e9atoire. Tout d'abord, elle est incroyablement facile \u00e0 utiliser. Vous n'avez pas besoin de cr\u00e9er un compte ou de t\u00e9l\u00e9charger un logiciel. Il vous suffit d'ouvrir le site Web et de commencer \u00e0 chatter.<\/p>\n<p>Deuxi\u00e8mement, roulette-chat est enti\u00e8rement gratuit. Vous n'avez rien \u00e0 payer pour discuter avec des inconnus. Il n'y a pas de frais cach\u00e9s ni de plans d'abonnement.<\/p>\n<p>Troisi\u00e8mement, le <a href=\"https:\/\/strangercam.com\/fr\/chatroulette\/\">chatroulette<\/a> est tr\u00e8s unique et int\u00e9ressante. Elle est diff\u00e9rente des autres plateformes de chat car vous ne savez jamais \u00e0 qui vous allez parler. Cet \u00e9l\u00e9ment de surprise rend l'exp\u00e9rience plus excitante et plus amusante.<\/p>\n<p>Quatri\u00e8mement, roulette-chat dispose d'une large base d'utilisateurs. Il y a toujours des milliers de personnes en ligne \u00e0 un moment donn\u00e9, vous \u00eates donc s\u00fbr de trouver quelqu'un avec qui discuter, quel que soit le moment o\u00f9 vous vous connectez.<\/p>\n<p>Enfin, roulette-chat est disponible dans de nombreuses langues. Il est donc accessible aux personnes du monde entier. Quelle que soit la langue que vous parlez, vous pourrez trouver quelqu'un avec qui chatter sur roulette-chat.<\/p>\n<h2>Peut-on l'utiliser en toute s\u00e9curit\u00e9 ?<\/h2>\n<p>Si vous vous demandez s'il est s\u00fbr d'utiliser le chat sur la roulette, la r\u00e9ponse est oui, \u00e0 condition d'utiliser un site de bonne r\u00e9putation. Cela dit, toute activit\u00e9 en ligne comporte toujours des risques. Il est donc important d'en \u00eatre conscient et de prendre des mesures pour se prot\u00e9ger. En ce qui concerne le chat sur la roulette, les principaux risques sont li\u00e9s \u00e0 l'usurpation d'identit\u00e9 et \u00e0 la fraude. L'usurpation d'identit\u00e9 peut se produire si quelqu'un parvient \u00e0 acc\u00e9der \u00e0 vos informations personnelles, telles que votre nom, votre adresse et votre date de naissance. La fraude peut se produire si vous \u00eates amen\u00e9 \u00e0 donner vos informations financi\u00e8res ou \u00e0 envoyer de l'argent \u00e0 quelqu'un que vous ne connaissez pas.<\/p>\n<h2>Comment \u00eatre en s\u00e9curit\u00e9 lors de l'utilisation d'une application de chat vid\u00e9o al\u00e9atoire ?<\/h2>\n<p>Lorsque vous utilisez une application de chat vid\u00e9o al\u00e9atoire, vous devez prendre certaines pr\u00e9cautions pour vous prot\u00e9ger. Voici quelques conseils pour utiliser roulette-chat en toute s\u00e9curit\u00e9 :<\/p>\n<ol>\n<li style=\"font-weight: 400;\" aria-level=\"1\">Ne donnez jamais d'informations personnelles \u00e0 quelqu'un que vous ne connaissez pas. Cela comprend votre nom complet, votre adresse, votre num\u00e9ro de t\u00e9l\u00e9phone, votre adresse \u00e9lectronique, etc.<\/li>\n<li style=\"font-weight: 400;\" aria-level=\"1\">Si quelqu'un vous demande de l'argent ou des informations financi\u00e8res personnelles, mettez imm\u00e9diatement fin \u00e0 la conversation et signalez-le aux mod\u00e9rateurs de l'application.<\/li>\n<li style=\"font-weight: 400;\" aria-level=\"1\">M\u00e9fiez-vous des arnaqueurs et des \"catfishers\" qui tentent d'attirer les gens en se faisant passer pour quelqu'un qu'ils ne sont pas. Si quelqu'un semble trop beau pour \u00eatre vrai, c'est probablement le cas.<\/li>\n<li style=\"font-weight: 400;\" aria-level=\"1\">Maintenez vos param\u00e8tres de confidentialit\u00e9 \u00e0 jour et r\u00e9glez-les au niveau le plus \u00e9lev\u00e9 possible. Vous \u00e9viterez ainsi que des inconnus n'acc\u00e8dent \u00e0 vos informations personnelles.<\/li>\n<li style=\"font-weight: 400;\" aria-level=\"1\">Utilisez toujours une application de chat vid\u00e9o al\u00e9atoire r\u00e9put\u00e9e et fiable comme Roulette-Chat, qui a mis en place des mesures de s\u00e9curit\u00e9 strictes pour prot\u00e9ger ses utilisateurs.<\/li>\n<\/ol>\n<h2>Alternatives au chat sur la roulette<\/h2>\n<p>Il existe de nombreuses alternatives \u00e0 la roulette-chat sur Internet. En voici quelques-unes :<\/p>\n<ol>\n<li style=\"font-weight: 400;\" aria-level=\"1\"><a href=\"https:\/\/strangercam.com\/fr\/omegle\/\">Omegle<\/a>: Il s'agit d'un site de chatroulette populaire qui compte des millions d'utilisateurs. Son utilisation est gratuite et vous pouvez discuter avec des inconnus du monde entier.<\/li>\n<li style=\"font-weight: 400;\" aria-level=\"1\">Chatrandom : Ce site est similaire \u00e0 Omegle et compte \u00e9galement des millions d'utilisateurs. Son utilisation est \u00e9galement gratuite et vous pouvez discuter avec des inconnus du monde entier.<\/li>\n<li style=\"font-weight: 400;\" aria-level=\"1\"><a href=\"https:\/\/strangercam.com\/fr\/bazoocam\/\">Bazoocam<\/a>: Il s'agit d'un site de chatroulette fran\u00e7ais avec des milliers d'utilisateurs. Il est gratuit et vous pouvez discuter avec des \u00e9trangers de France et d'autres pays francophones.<\/li>\n<li style=\"font-weight: 400;\" aria-level=\"1\">Camsurf : Il s'agit d'un site de chatroulette populaire qui compte des millions d'utilisateurs dans le monde entier. Son utilisation est gratuite et vous pouvez discuter avec des inconnus du monde entier.<\/li>\n<li style=\"font-weight: 400;\" aria-level=\"1\">Tinychat : Ce site est similaire \u00e0 chatroulette et compte des milliers d'utilisateurs dans le monde entier. Son utilisation est gratuite et vous pouvez discuter avec des inconnus du monde entier.<\/li>\n<\/ol>\n<h2>Conclusion<\/h2>\n<p>Le chat sur la roulette est un excellent moyen de rencontrer de nouvelles personnes et de s'amuser. Il est facile de commencer et il y a beaucoup de gens avec qui discuter. Que vous soyez \u00e0 la recherche d'une relation s\u00e9rieuse ou d'un divertissement d\u00e9contract\u00e9, le chat roulette est une excellente option.<\/p>","protected":false},"excerpt":{"rendered":"<p>Chat roulette is a unique chat service that allows you to connect with people from all over the world. The service is completely free, and there are no hidden fees or charges. You can use the service to chat with strangers, make new friends, or even find a date! What is roulette chat? Roulette-chat is [&hellip;]<\/p>\n","protected":false},"author":6,"featured_media":559,"parent":0,"menu_order":0,"comment_status":"closed","ping_status":"closed","template":"","meta":{"footnotes":""},"class_list":["post-11129","page","type-page","status-publish","has-post-thumbnail","hentry"],"yoast_head":"<!-- This site is optimized with the Yoast SEO plugin v26.9 - https:\/\/yoast.com\/product\/yoast-seo-wordpress\/ -->\n<title>Roulette Chat - Chat with strangers on StrangerCam.com<\/title>\n<meta name=\"description\" content=\"Like Roulette Chat? Come chat with more than 5.000.000 strangers on Stranger Cam for Free! Turn on your cam and find new friends &amp; maby a match!\" \/>\n<meta name=\"robots\" content=\"index, follow, max-snippet:-1, max-image-preview:large, max-video-preview:-1\" \/>\n<link rel=\"canonical\" href=\"https:\/\/strangercam.com\/fr\/roulette-chat\/\" \/>\n<meta property=\"og:locale\" content=\"fr_FR\" \/>\n<meta property=\"og:type\" content=\"article\" \/>\n<meta property=\"og:title\" content=\"Roulette Chat - Chat with strangers on StrangerCam.com\" \/>\n<meta property=\"og:description\" content=\"Like Roulette Chat? Come chat with more than 5.000.000 strangers on Stranger Cam for Free! Turn on your cam and find new friends &amp; maby a match!\" \/>\n<meta property=\"og:url\" content=\"https:\/\/strangercam.com\/fr\/roulette-chat\/\" \/>\n<meta property=\"og:site_name\" content=\"Strangercam\" \/>\n<meta property=\"article:publisher\" content=\"https:\/\/www.facebook.com\/strangercam\" \/>\n<meta property=\"article:modified_time\" content=\"2023-08-21T10:38:21+00:00\" \/>\n<meta property=\"og:image\" content=\"https:\/\/strangercam.com\/wp-content\/uploads\/2020\/11\/stranger-cam-1.png\" \/>\n\t<meta property=\"og:image:width\" content=\"800\" \/>\n\t<meta property=\"og:image:height\" content=\"800\" \/>\n\t<meta property=\"og:image:type\" content=\"image\/png\" \/>\n<meta name=\"twitter:card\" content=\"summary_large_image\" \/>\n<meta name=\"twitter:site\" content=\"@strangercamapp\" \/>\n<meta name=\"twitter:label1\" content=\"Dur\u00e9e de lecture estim\u00e9e\" \/>\n\t<meta name=\"twitter:data1\" content=\"5 minutes\" \/>\n<script type=\"application\/ld+json\" class=\"yoast-schema-graph\">{\"@context\":\"https:\/\/schema.org\",\"@graph\":[{\"@type\":\"WebPage\",\"@id\":\"https:\/\/strangercam.com\/roulette-chat\/\",\"url\":\"https:\/\/strangercam.com\/roulette-chat\/\",\"name\":\"Roulette Chat - Chat with strangers on StrangerCam.com\",\"isPartOf\":{\"@id\":\"https:\/\/strangercam.com\/#website\"},\"primaryImageOfPage\":{\"@id\":\"https:\/\/strangercam.com\/roulette-chat\/#primaryimage\"},\"image\":{\"@id\":\"https:\/\/strangercam.com\/roulette-chat\/#primaryimage\"},\"thumbnailUrl\":\"https:\/\/strangercam.com\/wp-content\/uploads\/2020\/11\/stranger-cam-1.png\",\"datePublished\":\"2022-08-11T12:56:49+00:00\",\"dateModified\":\"2023-08-21T10:38:21+00:00\",\"description\":\"Like Roulette Chat? Come chat with more than 5.000.000 strangers on Stranger Cam for Free! Turn on your cam and find new friends & maby a match!\",\"breadcrumb\":{\"@id\":\"https:\/\/strangercam.com\/roulette-chat\/#breadcrumb\"},\"inLanguage\":\"fr-FR\",\"potentialAction\":[{\"@type\":\"ReadAction\",\"target\":[\"https:\/\/strangercam.com\/roulette-chat\/\"]}]},{\"@type\":\"ImageObject\",\"inLanguage\":\"fr-FR\",\"@id\":\"https:\/\/strangercam.com\/roulette-chat\/#primaryimage\",\"url\":\"https:\/\/strangercam.com\/wp-content\/uploads\/2020\/11\/stranger-cam-1.png\",\"contentUrl\":\"https:\/\/strangercam.com\/wp-content\/uploads\/2020\/11\/stranger-cam-1.png\",\"width\":800,\"height\":800,\"caption\":\"stranger cam random video chat\"},{\"@type\":\"BreadcrumbList\",\"@id\":\"https:\/\/strangercam.com\/roulette-chat\/#breadcrumb\",\"itemListElement\":[{\"@type\":\"ListItem\",\"position\":1,\"name\":\"Home\",\"item\":\"https:\/\/strangercam.com\/\"},{\"@type\":\"ListItem\",\"position\":2,\"name\":\"Roulette Chat\"}]},{\"@type\":\"WebSite\",\"@id\":\"https:\/\/strangercam.com\/#website\",\"url\":\"https:\/\/strangercam.com\/\",\"name\":\"Strangercam\",\"description\":\"Random Video Chat with Strangers\",\"publisher\":{\"@id\":\"https:\/\/strangercam.com\/#organization\"},\"alternateName\":\"Strangercam.com\",\"potentialAction\":[{\"@type\":\"SearchAction\",\"target\":{\"@type\":\"EntryPoint\",\"urlTemplate\":\"https:\/\/strangercam.com\/?s={search_term_string}\"},\"query-input\":{\"@type\":\"PropertyValueSpecification\",\"valueRequired\":true,\"valueName\":\"search_term_string\"}}],\"inLanguage\":\"fr-FR\"},{\"@type\":\"Organization\",\"@id\":\"https:\/\/strangercam.com\/#organization\",\"name\":\"Strangercam\",\"alternateName\":\"Strangercam.com\",\"url\":\"https:\/\/strangercam.com\/\",\"logo\":{\"@type\":\"ImageObject\",\"inLanguage\":\"fr-FR\",\"@id\":\"https:\/\/strangercam.com\/#\/schema\/logo\/image\/\",\"url\":\"https:\/\/strangercam.com\/wp-content\/uploads\/2020\/11\/cropped-new-favicon-black.png\",\"contentUrl\":\"https:\/\/strangercam.com\/wp-content\/uploads\/2020\/11\/cropped-new-favicon-black.png\",\"width\":512,\"height\":512,\"caption\":\"Strangercam\"},\"image\":{\"@id\":\"https:\/\/strangercam.com\/#\/schema\/logo\/image\/\"},\"sameAs\":[\"https:\/\/www.facebook.com\/strangercam\",\"https:\/\/x.com\/strangercamapp\"]}]}<\/script>\n<!-- \/ Yoast SEO plugin. -->","yoast_head_json":{"title":"Roulette Chat - Chat avec des \u00e9trangers sur StrangerCam.com","description":"Vous aimez Roulette Chat ? Venez discuter avec plus de 5.000.000 d'inconnus sur Stranger Cam gratuitement ! Allume ta cam\u00e9ra et trouve de nouveaux amis et peut-\u00eatre un partenaire !","robots":{"index":"index","follow":"follow","max-snippet":"max-snippet:-1","max-image-preview":"max-image-preview:large","max-video-preview":"max-video-preview:-1"},"canonical":"https:\/\/strangercam.com\/fr\/roulette-chat\/","og_locale":"fr_FR","og_type":"article","og_title":"Roulette Chat - Chat with strangers on StrangerCam.com","og_description":"Like Roulette Chat? Come chat with more than 5.000.000 strangers on Stranger Cam for Free! Turn on your cam and find new friends & maby a match!","og_url":"https:\/\/strangercam.com\/fr\/roulette-chat\/","og_site_name":"Strangercam","article_publisher":"https:\/\/www.facebook.com\/strangercam","article_modified_time":"2023-08-21T10:38:21+00:00","og_image":[{"width":800,"height":800,"url":"https:\/\/strangercam.com\/wp-content\/uploads\/2020\/11\/stranger-cam-1.png","type":"image\/png"}],"twitter_card":"summary_large_image","twitter_site":"@strangercamapp","twitter_misc":{"Dur\u00e9e de lecture estim\u00e9e":"5 minutes"},"schema":{"@context":"https:\/\/schema.org","@graph":[{"@type":"WebPage","@id":"https:\/\/strangercam.com\/roulette-chat\/","url":"https:\/\/strangercam.com\/roulette-chat\/","name":"Roulette Chat - Chat avec des \u00e9trangers sur StrangerCam.com","isPartOf":{"@id":"https:\/\/strangercam.com\/#website"},"primaryImageOfPage":{"@id":"https:\/\/strangercam.com\/roulette-chat\/#primaryimage"},"image":{"@id":"https:\/\/strangercam.com\/roulette-chat\/#primaryimage"},"thumbnailUrl":"https:\/\/strangercam.com\/wp-content\/uploads\/2020\/11\/stranger-cam-1.png","datePublished":"2022-08-11T12:56:49+00:00","dateModified":"2023-08-21T10:38:21+00:00","description":"Vous aimez Roulette Chat ? Venez discuter avec plus de 5.000.000 d'inconnus sur Stranger Cam gratuitement ! Allume ta cam\u00e9ra et trouve de nouveaux amis et peut-\u00eatre un partenaire !","breadcrumb":{"@id":"https:\/\/strangercam.com\/roulette-chat\/#breadcrumb"},"inLanguage":"fr-FR","potentialAction":[{"@type":"ReadAction","target":["https:\/\/strangercam.com\/roulette-chat\/"]}]},{"@type":"ImageObject","inLanguage":"fr-FR","@id":"https:\/\/strangercam.com\/roulette-chat\/#primaryimage","url":"https:\/\/strangercam.com\/wp-content\/uploads\/2020\/11\/stranger-cam-1.png","contentUrl":"https:\/\/strangercam.com\/wp-content\/uploads\/2020\/11\/stranger-cam-1.png","width":800,"height":800,"caption":"stranger cam random video chat"},{"@type":"BreadcrumbList","@id":"https:\/\/strangercam.com\/roulette-chat\/#breadcrumb","itemListElement":[{"@type":"ListItem","position":1,"name":"Home","item":"https:\/\/strangercam.com\/"},{"@type":"ListItem","position":2,"name":"Roulette Chat"}]},{"@type":"WebSite","@id":"https:\/\/strangercam.com\/#website","url":"https:\/\/strangercam.com\/","name":"Strangercam","description":"Chat vid\u00e9o al\u00e9atoire avec des inconnus","publisher":{"@id":"https:\/\/strangercam.com\/#organization"},"alternateName":"Strangercam.com","potentialAction":[{"@type":"SearchAction","target":{"@type":"EntryPoint","urlTemplate":"https:\/\/strangercam.com\/?s={search_term_string}"},"query-input":{"@type":"PropertyValueSpecification","valueRequired":true,"valueName":"search_term_string"}}],"inLanguage":"fr-FR"},{"@type":"Organization","@id":"https:\/\/strangercam.com\/#organization","name":"Strangercam","alternateName":"Strangercam.com","url":"https:\/\/strangercam.com\/","logo":{"@type":"ImageObject","inLanguage":"fr-FR","@id":"https:\/\/strangercam.com\/#\/schema\/logo\/image\/","url":"https:\/\/strangercam.com\/wp-content\/uploads\/2020\/11\/cropped-new-favicon-black.png","contentUrl":"https:\/\/strangercam.com\/wp-content\/uploads\/2020\/11\/cropped-new-favicon-black.png","width":512,"height":512,"caption":"Strangercam"},"image":{"@id":"https:\/\/strangercam.com\/#\/schema\/logo\/image\/"},"sameAs":["https:\/\/www.facebook.com\/strangercam","https:\/\/x.com\/strangercamapp"]}]}},"_links":{"self":[{"href":"https:\/\/strangercam.com\/fr\/wp-json\/wp\/v2\/pages\/11129","targetHints":{"allow":["GET"]}}],"collection":[{"href":"https:\/\/strangercam.com\/fr\/wp-json\/wp\/v2\/pages"}],"about":[{"href":"https:\/\/strangercam.com\/fr\/wp-json\/wp\/v2\/types\/page"}],"author":[{"embeddable":true,"href":"https:\/\/strangercam.com\/fr\/wp-json\/wp\/v2\/users\/6"}],"replies":[{"embeddable":true,"href":"https:\/\/strangercam.com\/fr\/wp-json\/wp\/v2\/comments?post=11129"}],"version-history":[{"count":0,"href":"https:\/\/strangercam.com\/fr\/wp-json\/wp\/v2\/pages\/11129\/revisions"}],"wp:featuredmedia":[{"embeddable":true,"href":"https:\/\/strangercam.com\/fr\/wp-json\/wp\/v2\/media\/559"}],"wp:attachment":[{"href":"https:\/\/strangercam.com\/fr\/wp-json\/wp\/v2\/media?parent=11129"}],"curies":[{"name":"wp","href":"https:\/\/api.w.org\/{rel}","templated":true}]}}