{"id":11108,"date":"2022-08-11T14:46:42","date_gmt":"2022-08-11T12:46:42","guid":{"rendered":"https:\/\/strangercam.com\/?page_id=11108"},"modified":"2023-08-21T11:40:39","modified_gmt":"2023-08-21T09:40:39","slug":"camround","status":"publish","type":"page","link":"https:\/\/strangercam.com\/fr\/camround\/","title":{"rendered":"Camround"},"content":{"rendered":"<p>Dans le monde d'aujourd'hui, il est facile de se sentir seul et d'avoir l'impression de n'avoir personne \u00e0 qui parler. Si vous cherchez un moyen de <a href=\"https:\/\/strangercam.com\/fr\/coomeet\/\">rencontrer<\/a> pour rencontrer de nouvelles personnes et se faire des amis, Camround est l'application parfaite pour vous ! Camround est une application de r\u00e9seautage social qui vous met en contact avec des personnes au hasard dans le monde entier.<\/p>\n<h2>Qu'est-ce que Camround ?<\/h2>\n<p>Camround est un nouveau site de r\u00e9seautage social qui vous aide \u00e0 rencontrer des gens au hasard et \u00e0 vous faire de nouveaux amis. Il est simple \u00e0 utiliser ; il suffit de s'inscrire et de commencer \u00e0 discuter avec des personnes du monde entier. Camround est un excellent moyen de rencontrer de nouvelles personnes, de d\u00e9couvrir d'autres cultures et de se faire de nouveaux amis.<\/p>\n<h2>Comment fonctionne le Camround ?<\/h2>\n<p>Camround est un site de r\u00e9seautage social qui met en relation des personnes du monde entier. C'est simple \u00e0 utiliser - il suffit de s'inscrire et de commencer \u00e0 chatter ! Vous pouvez rencontrer de nouveaux amis, d\u00e9couvrir de nouvelles cultures et peut-\u00eatre m\u00eame trouver l'amour !<\/p>\n<h2>Avantages et inconv\u00e9nients de Camround<\/h2>\n<p>Si vous \u00eates \u00e0 la recherche d'une nouvelle fa\u00e7on de rencontrer des gens et de vous faire des amis, vous vous demandez peut-\u00eatre si Camround est le bon choix pour vous. Dans cet article de blog, nous allons passer en revue les avantages et les inconv\u00e9nients de l'utilisation de Camround afin que vous puissiez d\u00e9cider par vous-m\u00eame s'il s'agit d'un bon choix pour vous.<\/p>\n<h4>Pour :<\/h4>\n<ul>\n<li style=\"font-weight: 400;\" aria-level=\"1\">Camround est un excellent moyen de rencontrer de nouvelles personnes dans le monde entier. Vous pouvez vous connecter avec des personnes qui partagent vos int\u00e9r\u00eats, et vous ne savez jamais qui vous pourriez rencontrer !<\/li>\n<li style=\"font-weight: 400;\" aria-level=\"1\">C'est un moyen amusant et facile de socialiser en ligne. Vous pouvez entamer des conversations avec des gens facilement, et il n'y a pas de pression pour rencontrer quelqu'un en personne si vous n'\u00eates pas encore pr\u00eat.<\/li>\n<li style=\"font-weight: 400;\" aria-level=\"1\">L'utilisation de Camround est gratuite, vous pouvez donc l'essayer sans engagement.<\/li>\n<\/ul>\n<h4>Cons :<\/h4>\n<ul>\n<li style=\"font-weight: 400;\" aria-level=\"1\">Parce que Camround est une valeur al\u00e9atoire <a href=\"https:\/\/strangercam.com\/fr\/chatroulette\/\">chat<\/a> Il est toujours possible d'\u00eatre confront\u00e9 \u00e0 des comportements inappropri\u00e9s ou \u00e0 des pr\u00e9dateurs. Si vous ne faites pas attention, vous risquez de vous retrouver dans une situation dangereuse.<\/li>\n<li style=\"font-weight: 400;\" aria-level=\"1\">Il est \u00e9galement possible de perdre beaucoup de temps sur Camround si vous ne faites pas attention. Il est facile de se laisser entra\u00eener \u00e0 bavarder pendant des heures sans rien accomplir de concret<\/li>\n<\/ul>\n<h2>Caract\u00e9ristiques principales de Camround<\/h2>\n<p>L'une des principales caract\u00e9ristiques de Camround est qu'il vous aide \u00e0 rencontrer des gens au hasard et \u00e0 vous faire de nouveaux amis. Il s'agit d'un site de r\u00e9seautage social qui vous permet d'entrer en contact avec des personnes du monde entier. Le meilleur aspect de Camround est que son utilisation est totalement gratuite !<\/p>\n<p>Une autre caract\u00e9ristique importante de Camround est qu'il vous donne l'occasion d'apprendre \u00e0 conna\u00eetre diff\u00e9rentes cultures. Vous pouvez interagir avec des personnes originaires de diff\u00e9rentes parties du monde et d\u00e9couvrir leurs coutumes et leurs traditions. C'est un excellent moyen d'\u00e9largir vos horizons et de mieux comprendre le monde qui vous entoure.<\/p>\n<p>Camround est \u00e9galement un excellent moyen de rester en contact avec de vieux amis. Vous pouvez renouer avec d'anciens camarades de classe ou m\u00eame vous faire de nouveaux amis qui partagent vos centres d'int\u00e9r\u00eat. Camround vous permet de rester facilement en contact avec les personnes qui comptent le plus pour vous.<\/p>\n<p>Alors, qu'attendez-vous ? Inscrivez-vous \u00e0 Camround d\u00e8s aujourd'hui et commencez \u00e0 rencontrer de nouvelles personnes dans le monde entier !<\/p>\n<h2>Comment tirer le meilleur parti de Camround ?<\/h2>\n<p>Si vous cherchez \u00e0 vous faire de nouveaux amis et \u00e0 rencontrer des gens au hasard, Camround est l'endroit id\u00e9al pour vous ! Voici quelques conseils pour tirer le meilleur parti de votre exp\u00e9rience :<\/p>\n<ul>\n<li style=\"font-weight: 400;\" aria-level=\"1\">Soyez vous-m\u00eame ! La meilleure fa\u00e7on de se faire des amis est d'\u00eatre soi-m\u00eame et de laisser les autres apprendre \u00e0 vous conna\u00eetre.<\/li>\n<li style=\"font-weight: 400;\" aria-level=\"1\">Soyez ouvert \u00e0 la rencontre de nouvelles personnes. N'ayez pas peur d'engager la conversation avec un inconnu.<\/li>\n<li style=\"font-weight: 400;\" aria-level=\"1\">Participez \u00e0 la vie de la communaut\u00e9. Il se passe toujours des choses amusantes dans la communaut\u00e9 Camround, alors impliquez-vous et rejoignez-nous !<\/li>\n<li style=\"font-weight: 400;\" aria-level=\"1\">Soyez respectueux. N'oubliez pas de respecter les autres et leurs opinions, m\u00eame si vous n'\u00eates pas d'accord avec eux.<\/li>\n<li style=\"font-weight: 400;\" aria-level=\"1\">Amusez-vous ! Se faire de nouveaux amis doit \u00eatre un plaisir, alors d\u00e9tendez-vous et amusez-vous !<\/li>\n<\/ul>\n<h2>Pourquoi Camround est une plateforme de chat vid\u00e9o al\u00e9atoire si populaire ?<\/h2>\n<p><a href=\"https:\/\/strangercam.com\/fr\/chathub\/\">Chat vid\u00e9o al\u00e9atoire<\/a> Les plateformes comme Camround deviennent de plus en plus populaires car les gens cherchent de nouvelles fa\u00e7ons de se connecter avec d'autres personnes en ligne. Plusieurs raisons expliquent la popularit\u00e9 de Camround, notamment la possibilit\u00e9 de rencontrer de nouvelles personnes dans le monde entier et la gratuit\u00e9 de son utilisation.<\/p>\n<p>L'une des meilleures choses \u00e0 propos de Camround est qu'il donne aux utilisateurs la possibilit\u00e9 de rencontrer de nouvelles personnes dans le monde entier. O\u00f9 que vous soyez, vous pouvez vous connecter et commencer \u00e0 discuter avec quelqu'un de nouveau. C'est un excellent moyen de se faire de nouveaux amis et d'\u00e9largir son cercle social.<\/p>\n<p>Une autre raison pour laquelle Camround est si populaire est que son utilisation est gratuite. Vous n'avez rien \u00e0 payer pour vous inscrire ou pour chatter, ce qui le rend accessible \u00e0 tous. Cela signifie \u00e9galement qu'il n'y a pas de publicit\u00e9, ce qui vous permet de profiter de vos conversations sans interruption.<\/p>\n<p>Si vous cherchez un moyen amusant et facile de rencontrer de nouvelles personnes, Camround vaut vraiment la peine d'\u00eatre consult\u00e9.<\/p>\n<h2>\u00c0 quoi s'attendre lorsqu'on utilise une plateforme de chat vid\u00e9o al\u00e9atoire ?<\/h2>\n<p>Un hasard <a href=\"https:\/\/strangercam.com\/fr\/rabbit-video-chat\/\">chat vid\u00e9o<\/a> peut \u00eatre un excellent moyen de rencontrer de nouvelles personnes et de se faire de nouveaux amis. Toutefois, il convient de garder \u00e0 l'esprit certaines choses lors de l'utilisation d'une telle plateforme.<\/p>\n<p>Tout d'abord, n'oubliez pas que toutes les personnes que vous rencontrez sur une plateforme de chat vid\u00e9o al\u00e9atoire ne sont pas forc\u00e9ment celles qu'elles pr\u00e9tendent \u00eatre. Il existe des escrocs et des pr\u00e9dateurs qui utilisent ces plateformes pour s'attaquer \u00e0 des utilisateurs peu m\u00e9fiants. Faites preuve de bon sens et de prudence lorsque vous interagissez avec une personne rencontr\u00e9e sur une plateforme de chat vid\u00e9o al\u00e9atoire.<\/p>\n<p>Deuxi\u00e8mement, sachez que certaines des personnes que vous rencontrez sur une plateforme de chat vid\u00e9o al\u00e9atoire peuvent ne pas \u00eatre int\u00e9ress\u00e9es par une conversation avec vous. Si quelqu'un semble d\u00e9sint\u00e9ress\u00e9 ou ne r\u00e9pond pas, ne le prenez pas personnellement ; passez simplement \u00e0 quelqu'un d'autre.<\/p>\n<p>Enfin, ne donnez pas d'informations personnelles et n'envoyez pas d'argent \u00e0 une personne rencontr\u00e9e au hasard sur une plateforme de chat vid\u00e9o.<\/p>\n<h2>Peut-on l'utiliser en toute s\u00e9curit\u00e9 ?<\/h2>\n<p>En ce qui concerne la s\u00e9curit\u00e9 en ligne, Camround prend des mesures pour s'assurer que ses utilisateurs sont prot\u00e9g\u00e9s des fraudeurs et des escrocs. Le site utilise des syst\u00e8mes de v\u00e9rification pour confirmer l'identit\u00e9 de ses membres et applique une politique anti-spam stricte. En outre, Camround propose un mode s\u00e9curis\u00e9 pour les utilisateurs qui souhaitent limiter leurs interactions aux seules personnes v\u00e9rifi\u00e9es par le site.<\/p>\n<h2>Alternatives \u00e0 Camround<\/h2>\n<p>Vous cherchez des alternatives \u00e0 Camround ? Voici d'autres moyens de rencontrer des gens au hasard et de se faire de nouveaux amis :<\/p>\n<ul>\n<li style=\"font-weight: 400;\" aria-level=\"1\">Cam4 - Cam4 est un site qui vous permet de discuter en vid\u00e9o avec des personnes au hasard. Il est tr\u00e8s similaire \u00e0 Camround, sauf qu'il n'a pas les m\u00eames fonctionnalit\u00e9s.<\/li>\n<li style=\"font-weight: 400;\" aria-level=\"1\"><a href=\"https:\/\/strangercam.com\/fr\/omegle\/\">Omegle<\/a> est un autre site qui vous permet de chatter en vid\u00e9o avec des personnes au hasard. Il n'a pas autant de fonctionnalit\u00e9s que Camround, mais il reste une excellente option.<\/li>\n<li style=\"font-weight: 400;\" aria-level=\"1\">Chaturbate : Une excellente alternative \u00e0 Camround, Chaturbate est une plateforme de webcam en direct qui compte des millions d'utilisateurs.<\/li>\n<\/ul>\n<h2>Conclusion<\/h2>\n<p>Camround est une application g\u00e9niale pour se faire de nouveaux amis et rencontrer des gens au hasard. Elle est facile \u00e0 utiliser et gratuite, donc rien ne vous emp\u00eache de l'essayer. Que vous cherchiez quelqu'un avec qui discuter ou que vous souhaitiez rencontrer quelqu'un en personne, Camround vaut vraiment le coup d'\u0153il.<\/p>","protected":false},"excerpt":{"rendered":"<p>In today&#8217;s world, it&#8217;s easy to feel alone and like you don&#8217;t have anyone to talk to. If you&#8217;re looking for a way to meet new people and make friends, Camround is the perfect app for you! Camround is a social networking app that connects you with random people from all over the world. What [&hellip;]<\/p>\n","protected":false},"author":6,"featured_media":559,"parent":0,"menu_order":0,"comment_status":"closed","ping_status":"closed","template":"","meta":{"footnotes":""},"class_list":["post-11108","page","type-page","status-publish","has-post-thumbnail","hentry"],"yoast_head":"<!-- This site is optimized with the Yoast SEO plugin v27.4 - https:\/\/yoast.com\/product\/yoast-seo-wordpress\/ -->\n<title>Camround - Chat with strangers on StrangerCam.com<\/title>\n<meta name=\"description\" content=\"Like Camround? Come chat with more than 5.000.000 strangers on Stranger Cam for Free! Turn on your cam and find new friends &amp; maby a match!\" \/>\n<meta name=\"robots\" content=\"index, follow, max-snippet:-1, max-image-preview:large, max-video-preview:-1\" \/>\n<link rel=\"canonical\" href=\"https:\/\/strangercam.com\/fr\/camround\/\" \/>\n<meta property=\"og:locale\" content=\"fr_FR\" \/>\n<meta property=\"og:type\" content=\"article\" \/>\n<meta property=\"og:title\" content=\"Camround - Chat with strangers on StrangerCam.com\" \/>\n<meta property=\"og:description\" content=\"Like Camround? Come chat with more than 5.000.000 strangers on Stranger Cam for Free! Turn on your cam and find new friends &amp; maby a match!\" \/>\n<meta property=\"og:url\" content=\"https:\/\/strangercam.com\/fr\/camround\/\" \/>\n<meta property=\"og:site_name\" content=\"Strangercam\" \/>\n<meta property=\"article:publisher\" content=\"https:\/\/www.facebook.com\/strangercam\" \/>\n<meta property=\"article:modified_time\" content=\"2023-08-21T09:40:39+00:00\" \/>\n<meta property=\"og:image\" content=\"https:\/\/strangercam.com\/wp-content\/uploads\/2020\/11\/stranger-cam-1.png\" \/>\n\t<meta property=\"og:image:width\" content=\"800\" \/>\n\t<meta property=\"og:image:height\" content=\"800\" \/>\n\t<meta property=\"og:image:type\" content=\"image\/png\" \/>\n<meta name=\"twitter:card\" content=\"summary_large_image\" \/>\n<meta name=\"twitter:site\" content=\"@strangercamapp\" \/>\n<meta name=\"twitter:label1\" content=\"Dur\u00e9e de lecture estim\u00e9e\" \/>\n\t<meta name=\"twitter:data1\" content=\"6 minutes\" \/>\n<script type=\"application\/ld+json\" class=\"yoast-schema-graph\">{\"@context\":\"https:\\\/\\\/schema.org\",\"@graph\":[{\"@type\":\"WebPage\",\"@id\":\"https:\\\/\\\/strangercam.com\\\/camround\\\/\",\"url\":\"https:\\\/\\\/strangercam.com\\\/camround\\\/\",\"name\":\"Camround - Chat with strangers on StrangerCam.com\",\"isPartOf\":{\"@id\":\"https:\\\/\\\/strangercam.com\\\/#website\"},\"primaryImageOfPage\":{\"@id\":\"https:\\\/\\\/strangercam.com\\\/camround\\\/#primaryimage\"},\"image\":{\"@id\":\"https:\\\/\\\/strangercam.com\\\/camround\\\/#primaryimage\"},\"thumbnailUrl\":\"https:\\\/\\\/strangercam.com\\\/wp-content\\\/uploads\\\/2020\\\/11\\\/stranger-cam-1.png\",\"datePublished\":\"2022-08-11T12:46:42+00:00\",\"dateModified\":\"2023-08-21T09:40:39+00:00\",\"description\":\"Like Camround? Come chat with more than 5.000.000 strangers on Stranger Cam for Free! Turn on your cam and find new friends & maby a match!\",\"breadcrumb\":{\"@id\":\"https:\\\/\\\/strangercam.com\\\/camround\\\/#breadcrumb\"},\"inLanguage\":\"fr-FR\",\"potentialAction\":[{\"@type\":\"ReadAction\",\"target\":[\"https:\\\/\\\/strangercam.com\\\/camround\\\/\"]}]},{\"@type\":\"ImageObject\",\"inLanguage\":\"fr-FR\",\"@id\":\"https:\\\/\\\/strangercam.com\\\/camround\\\/#primaryimage\",\"url\":\"https:\\\/\\\/strangercam.com\\\/wp-content\\\/uploads\\\/2020\\\/11\\\/stranger-cam-1.png\",\"contentUrl\":\"https:\\\/\\\/strangercam.com\\\/wp-content\\\/uploads\\\/2020\\\/11\\\/stranger-cam-1.png\",\"width\":800,\"height\":800,\"caption\":\"stranger cam random video chat\"},{\"@type\":\"BreadcrumbList\",\"@id\":\"https:\\\/\\\/strangercam.com\\\/camround\\\/#breadcrumb\",\"itemListElement\":[{\"@type\":\"ListItem\",\"position\":1,\"name\":\"Home\",\"item\":\"https:\\\/\\\/strangercam.com\\\/\"},{\"@type\":\"ListItem\",\"position\":2,\"name\":\"Camround\"}]},{\"@type\":\"WebSite\",\"@id\":\"https:\\\/\\\/strangercam.com\\\/#website\",\"url\":\"https:\\\/\\\/strangercam.com\\\/\",\"name\":\"Strangercam\",\"description\":\"Random Video Chat with Strangers\",\"publisher\":{\"@id\":\"https:\\\/\\\/strangercam.com\\\/#organization\"},\"alternateName\":\"Strangercam.com\",\"potentialAction\":[{\"@type\":\"SearchAction\",\"target\":{\"@type\":\"EntryPoint\",\"urlTemplate\":\"https:\\\/\\\/strangercam.com\\\/?s={search_term_string}\"},\"query-input\":{\"@type\":\"PropertyValueSpecification\",\"valueRequired\":true,\"valueName\":\"search_term_string\"}}],\"inLanguage\":\"fr-FR\"},{\"@type\":\"Organization\",\"@id\":\"https:\\\/\\\/strangercam.com\\\/#organization\",\"name\":\"Strangercam\",\"alternateName\":\"Strangercam.com\",\"url\":\"https:\\\/\\\/strangercam.com\\\/\",\"logo\":{\"@type\":\"ImageObject\",\"inLanguage\":\"fr-FR\",\"@id\":\"https:\\\/\\\/strangercam.com\\\/#\\\/schema\\\/logo\\\/image\\\/\",\"url\":\"https:\\\/\\\/strangercam.com\\\/wp-content\\\/uploads\\\/2020\\\/11\\\/cropped-new-favicon-black.png\",\"contentUrl\":\"https:\\\/\\\/strangercam.com\\\/wp-content\\\/uploads\\\/2020\\\/11\\\/cropped-new-favicon-black.png\",\"width\":512,\"height\":512,\"caption\":\"Strangercam\"},\"image\":{\"@id\":\"https:\\\/\\\/strangercam.com\\\/#\\\/schema\\\/logo\\\/image\\\/\"},\"sameAs\":[\"https:\\\/\\\/www.facebook.com\\\/strangercam\",\"https:\\\/\\\/x.com\\\/strangercamapp\"]}]}<\/script>\n<!-- \/ Yoast SEO plugin. -->","yoast_head_json":{"title":"Camround - Chat avec des \u00e9trangers sur StrangerCam.com","description":"Vous aimez Camround ? Venez discuter avec plus de 5.000.000 d'inconnus sur Stranger Cam gratuitement ! Allume ta cam\u00e9ra et trouve de nouveaux amis et peut-\u00eatre un partenaire !","robots":{"index":"index","follow":"follow","max-snippet":"max-snippet:-1","max-image-preview":"max-image-preview:large","max-video-preview":"max-video-preview:-1"},"canonical":"https:\/\/strangercam.com\/fr\/camround\/","og_locale":"fr_FR","og_type":"article","og_title":"Camround - Chat with strangers on StrangerCam.com","og_description":"Like Camround? Come chat with more than 5.000.000 strangers on Stranger Cam for Free! Turn on your cam and find new friends & maby a match!","og_url":"https:\/\/strangercam.com\/fr\/camround\/","og_site_name":"Strangercam","article_publisher":"https:\/\/www.facebook.com\/strangercam","article_modified_time":"2023-08-21T09:40:39+00:00","og_image":[{"width":800,"height":800,"url":"https:\/\/strangercam.com\/wp-content\/uploads\/2020\/11\/stranger-cam-1.png","type":"image\/png"}],"twitter_card":"summary_large_image","twitter_site":"@strangercamapp","twitter_misc":{"Dur\u00e9e de lecture estim\u00e9e":"6 minutes"},"schema":{"@context":"https:\/\/schema.org","@graph":[{"@type":"WebPage","@id":"https:\/\/strangercam.com\/camround\/","url":"https:\/\/strangercam.com\/camround\/","name":"Camround - Chat avec des \u00e9trangers sur StrangerCam.com","isPartOf":{"@id":"https:\/\/strangercam.com\/#website"},"primaryImageOfPage":{"@id":"https:\/\/strangercam.com\/camround\/#primaryimage"},"image":{"@id":"https:\/\/strangercam.com\/camround\/#primaryimage"},"thumbnailUrl":"https:\/\/strangercam.com\/wp-content\/uploads\/2020\/11\/stranger-cam-1.png","datePublished":"2022-08-11T12:46:42+00:00","dateModified":"2023-08-21T09:40:39+00:00","description":"Vous aimez Camround ? Venez discuter avec plus de 5.000.000 d'inconnus sur Stranger Cam gratuitement ! Allume ta cam\u00e9ra et trouve de nouveaux amis et peut-\u00eatre un partenaire !","breadcrumb":{"@id":"https:\/\/strangercam.com\/camround\/#breadcrumb"},"inLanguage":"fr-FR","potentialAction":[{"@type":"ReadAction","target":["https:\/\/strangercam.com\/camround\/"]}]},{"@type":"ImageObject","inLanguage":"fr-FR","@id":"https:\/\/strangercam.com\/camround\/#primaryimage","url":"https:\/\/strangercam.com\/wp-content\/uploads\/2020\/11\/stranger-cam-1.png","contentUrl":"https:\/\/strangercam.com\/wp-content\/uploads\/2020\/11\/stranger-cam-1.png","width":800,"height":800,"caption":"stranger cam random video chat"},{"@type":"BreadcrumbList","@id":"https:\/\/strangercam.com\/camround\/#breadcrumb","itemListElement":[{"@type":"ListItem","position":1,"name":"Home","item":"https:\/\/strangercam.com\/"},{"@type":"ListItem","position":2,"name":"Camround"}]},{"@type":"WebSite","@id":"https:\/\/strangercam.com\/#website","url":"https:\/\/strangercam.com\/","name":"Strangercam","description":"Chat vid\u00e9o al\u00e9atoire avec des inconnus","publisher":{"@id":"https:\/\/strangercam.com\/#organization"},"alternateName":"Strangercam.com","potentialAction":[{"@type":"SearchAction","target":{"@type":"EntryPoint","urlTemplate":"https:\/\/strangercam.com\/?s={search_term_string}"},"query-input":{"@type":"PropertyValueSpecification","valueRequired":true,"valueName":"search_term_string"}}],"inLanguage":"fr-FR"},{"@type":"Organization","@id":"https:\/\/strangercam.com\/#organization","name":"Strangercam","alternateName":"Strangercam.com","url":"https:\/\/strangercam.com\/","logo":{"@type":"ImageObject","inLanguage":"fr-FR","@id":"https:\/\/strangercam.com\/#\/schema\/logo\/image\/","url":"https:\/\/strangercam.com\/wp-content\/uploads\/2020\/11\/cropped-new-favicon-black.png","contentUrl":"https:\/\/strangercam.com\/wp-content\/uploads\/2020\/11\/cropped-new-favicon-black.png","width":512,"height":512,"caption":"Strangercam"},"image":{"@id":"https:\/\/strangercam.com\/#\/schema\/logo\/image\/"},"sameAs":["https:\/\/www.facebook.com\/strangercam","https:\/\/x.com\/strangercamapp"]}]}},"_links":{"self":[{"href":"https:\/\/strangercam.com\/fr\/wp-json\/wp\/v2\/pages\/11108","targetHints":{"allow":["GET"]}}],"collection":[{"href":"https:\/\/strangercam.com\/fr\/wp-json\/wp\/v2\/pages"}],"about":[{"href":"https:\/\/strangercam.com\/fr\/wp-json\/wp\/v2\/types\/page"}],"author":[{"embeddable":true,"href":"https:\/\/strangercam.com\/fr\/wp-json\/wp\/v2\/users\/6"}],"replies":[{"embeddable":true,"href":"https:\/\/strangercam.com\/fr\/wp-json\/wp\/v2\/comments?post=11108"}],"version-history":[{"count":0,"href":"https:\/\/strangercam.com\/fr\/wp-json\/wp\/v2\/pages\/11108\/revisions"}],"wp:featuredmedia":[{"embeddable":true,"href":"https:\/\/strangercam.com\/fr\/wp-json\/wp\/v2\/media\/559"}],"wp:attachment":[{"href":"https:\/\/strangercam.com\/fr\/wp-json\/wp\/v2\/media?parent=11108"}],"curies":[{"name":"wp","href":"https:\/\/api.w.org\/{rel}","templated":true}]}}