{"id":10160,"date":"2022-05-30T14:40:58","date_gmt":"2022-05-30T12:40:58","guid":{"rendered":"https:\/\/strangercam.com\/?page_id=10160"},"modified":"2023-08-21T11:40:39","modified_gmt":"2023-08-21T09:40:39","slug":"chateek","status":"publish","type":"page","link":"https:\/\/strangercam.com\/fr\/chateek\/","title":{"rendered":"Chateek"},"content":{"rendered":"<p>Les gens peuvent se parler gratuitement sur l'internet, m\u00eame s'ils r\u00e9sident \u00e0 des milliers de kilom\u00e8tres l'un de l'autre. Mais comment d\u00e9cider quel site web visiter ? Quels sont les outils qui vous aideront \u00e0 rencontrer des filles, des gar\u00e7ons, et m\u00eame des relations amoureuses \u00e0 distance, en plus de devenir de merveilleux amis ?<\/p>\n<p>Les rencontres sur Internet sont un moyen amusant de rencontrer de nouvelles personnes et de commencer \u00e0 communiquer imm\u00e9diatement. Chateek dot come a dress\u00e9 la meilleure liste de sites web s\u00fbrs et s\u00e9curis\u00e9s. Notre site vous permet d'entrer en contact avec des personnes tr\u00e8s instruites et d\u00e9centes. Cette vid\u00e9o <a href=\"https:\/\/strangercam.com\/fr\/chathub\/\">chat<\/a> vous permet de choisir une personne imm\u00e9diatement et de parler avec elle en temps r\u00e9el. De telles rencontres sont tr\u00e8s int\u00e9ressantes, car les discussions sur internet permettent de parler de tout ce que l'on veut.<\/p>\n<h3>Un plus grand nombre d'utilisateurs - Il existe un large \u00e9ventail de chats pour r\u00e9pondre aux pr\u00e9f\u00e9rences de chacun.<\/h3>\n<p>Avant tout, Chateek.com est le meilleur endroit pour commencer une nouvelle relation, sortir avec quelqu'un ou m\u00eame tomber follement amoureux ! Vous pouvez consid\u00e9rablement enrichir votre vie si vous avez tout ce qu'il faut pour une conversation interactive sur l'internet. Les simples conversations textuelles n'ont plus la cote, car les interlocuteurs ont un faible niveau d'interaction. En revanche, dans un chat vid\u00e9o, vous vous voyez toujours et vous participez \u00e0 un v\u00e9ritable dialogue. Il n'y a rien de mieux que de communiquer avec quelqu'un qui se trouve \u00e0 des milliers de kilom\u00e8tres par le biais d'un chat vid\u00e9o.<\/p>\n<p>Les conversations vid\u00e9o les plus populaires sont visibles sur notre site web :<\/p>\n<ul>\n<li><a href=\"https:\/\/strangercam.com\/fr\/chatroulette\/\">ChatRoulette<\/a>.<\/li>\n<li><a href=\"https:\/\/strangercam.com\/fr\/omegle\/\">Omegle<\/a> est une application de chat vid\u00e9o.<\/li>\n<li>Chatroulette en russe.<\/li>\n<li><a href=\"https:\/\/strangercam.com\/fr\/bazoocam\/\">bazoocam<\/a>.<\/li>\n<li>ChatRandom.<\/li>\n<li>Camzap.<\/li>\n<li><a href=\"https:\/\/strangercam.com\/fr\/coomeet\/\">Coomeet<\/a>.<\/li>\n<li>Wowchat, par exemple.<\/li>\n<\/ul>\n<h3>Un site web de vid\u00e9oconf\u00e9rence rapide pour relier les gens entre eux<\/h3>\n<p>On l'appelle le chat instantan\u00e9 parce que vous pouvez commencer \u00e0 parler tout de suite. Nos discussions en ligne vous permettent de rencontrer quelqu'un en un minimum de temps. Ces rencontres se terminent g\u00e9n\u00e9ralement par l'\u00e9change d'informations de contact, telles que Skype, ICQ, des num\u00e9ros de t\u00e9l\u00e9phone et des liens vers des profils de m\u00e9dias sociaux. De plus, il y a de bonnes chances de se rencontrer en personne. Cependant, les chats vid\u00e9o peuvent parfois compromettre votre vie priv\u00e9e.<\/p>\n<h3>Comment utiliser la plateforme Chateek dot Com ?<\/h3>\n<p>Il vous suffit d'allumer la webcam et vous voil\u00e0 plong\u00e9 dans une communication exceptionnelle. En effet, il est possible non seulement de faire des rencontres amoureuses, mais aussi de faire des rencontres avec des personnes \u00e0 l'\u00e9tranger. Il s'agit d'un type de service de rencontre par internet.<\/p>\n<h3>Conclusion<\/h3>\n<p>Chateek dot com est la meilleure plateforme qui vous permet de trouver les bonnes personnes sur plusieurs plateformes.<\/p>","protected":false},"excerpt":{"rendered":"<p>People can speak with one another for free over the internet, even if they reside thousands of kilometers apart. But how do you decide which website to visit? What tools will help you meet girls, guys, and even long-distance love relationships in addition to becoming wonderful friends? Internet dating is a fun way to meet [&hellip;]<\/p>\n","protected":false},"author":6,"featured_media":559,"parent":0,"menu_order":0,"comment_status":"closed","ping_status":"closed","template":"","meta":{"footnotes":""},"class_list":["post-10160","page","type-page","status-publish","has-post-thumbnail","hentry"],"yoast_head":"<!-- This site is optimized with the Yoast SEO plugin v26.9 - https:\/\/yoast.com\/product\/yoast-seo-wordpress\/ -->\n<title>Chateek - Chat Roulette Anonymously - Cam on StrangerCam.com<\/title>\n<meta name=\"description\" content=\"Like Chateek? Come chat with more than 5.000.000 strangers on Stranger Cam for Free! Turn on your cam and find new friends &amp; maby a match!\" \/>\n<meta name=\"robots\" content=\"index, follow, max-snippet:-1, max-image-preview:large, max-video-preview:-1\" \/>\n<link rel=\"canonical\" href=\"https:\/\/strangercam.com\/fr\/chateek\/\" \/>\n<meta property=\"og:locale\" content=\"fr_FR\" \/>\n<meta property=\"og:type\" content=\"article\" \/>\n<meta property=\"og:title\" content=\"Chateek - Chat Roulette Anonymously - Cam on StrangerCam.com\" \/>\n<meta property=\"og:description\" content=\"Like Chateek? Come chat with more than 5.000.000 strangers on Stranger Cam for Free! Turn on your cam and find new friends &amp; maby a match!\" \/>\n<meta property=\"og:url\" content=\"https:\/\/strangercam.com\/fr\/chateek\/\" \/>\n<meta property=\"og:site_name\" content=\"Strangercam\" \/>\n<meta property=\"article:publisher\" content=\"https:\/\/www.facebook.com\/strangercam\" \/>\n<meta property=\"article:modified_time\" content=\"2023-08-21T09:40:39+00:00\" \/>\n<meta property=\"og:image\" content=\"https:\/\/strangercam.com\/wp-content\/uploads\/2020\/11\/stranger-cam-1.png\" \/>\n\t<meta property=\"og:image:width\" content=\"800\" \/>\n\t<meta property=\"og:image:height\" content=\"800\" \/>\n\t<meta property=\"og:image:type\" content=\"image\/png\" \/>\n<meta name=\"twitter:card\" content=\"summary_large_image\" \/>\n<meta name=\"twitter:site\" content=\"@strangercamapp\" \/>\n<meta name=\"twitter:label1\" content=\"Dur\u00e9e de lecture estim\u00e9e\" \/>\n\t<meta name=\"twitter:data1\" content=\"2 minutes\" \/>\n<script type=\"application\/ld+json\" class=\"yoast-schema-graph\">{\"@context\":\"https:\/\/schema.org\",\"@graph\":[{\"@type\":\"WebPage\",\"@id\":\"https:\/\/strangercam.com\/chateek\/\",\"url\":\"https:\/\/strangercam.com\/chateek\/\",\"name\":\"Chateek - Chat Roulette Anonymously - Cam on StrangerCam.com\",\"isPartOf\":{\"@id\":\"https:\/\/strangercam.com\/#website\"},\"primaryImageOfPage\":{\"@id\":\"https:\/\/strangercam.com\/chateek\/#primaryimage\"},\"image\":{\"@id\":\"https:\/\/strangercam.com\/chateek\/#primaryimage\"},\"thumbnailUrl\":\"https:\/\/strangercam.com\/wp-content\/uploads\/2020\/11\/stranger-cam-1.png\",\"datePublished\":\"2022-05-30T12:40:58+00:00\",\"dateModified\":\"2023-08-21T09:40:39+00:00\",\"description\":\"Like Chateek? Come chat with more than 5.000.000 strangers on Stranger Cam for Free! Turn on your cam and find new friends & maby a match!\",\"breadcrumb\":{\"@id\":\"https:\/\/strangercam.com\/chateek\/#breadcrumb\"},\"inLanguage\":\"fr-FR\",\"potentialAction\":[{\"@type\":\"ReadAction\",\"target\":[\"https:\/\/strangercam.com\/chateek\/\"]}]},{\"@type\":\"ImageObject\",\"inLanguage\":\"fr-FR\",\"@id\":\"https:\/\/strangercam.com\/chateek\/#primaryimage\",\"url\":\"https:\/\/strangercam.com\/wp-content\/uploads\/2020\/11\/stranger-cam-1.png\",\"contentUrl\":\"https:\/\/strangercam.com\/wp-content\/uploads\/2020\/11\/stranger-cam-1.png\",\"width\":800,\"height\":800,\"caption\":\"stranger cam random video chat\"},{\"@type\":\"BreadcrumbList\",\"@id\":\"https:\/\/strangercam.com\/chateek\/#breadcrumb\",\"itemListElement\":[{\"@type\":\"ListItem\",\"position\":1,\"name\":\"Home\",\"item\":\"https:\/\/strangercam.com\/\"},{\"@type\":\"ListItem\",\"position\":2,\"name\":\"Chateek\"}]},{\"@type\":\"WebSite\",\"@id\":\"https:\/\/strangercam.com\/#website\",\"url\":\"https:\/\/strangercam.com\/\",\"name\":\"Strangercam\",\"description\":\"Random Video Chat with Strangers\",\"publisher\":{\"@id\":\"https:\/\/strangercam.com\/#organization\"},\"alternateName\":\"Strangercam.com\",\"potentialAction\":[{\"@type\":\"SearchAction\",\"target\":{\"@type\":\"EntryPoint\",\"urlTemplate\":\"https:\/\/strangercam.com\/?s={search_term_string}\"},\"query-input\":{\"@type\":\"PropertyValueSpecification\",\"valueRequired\":true,\"valueName\":\"search_term_string\"}}],\"inLanguage\":\"fr-FR\"},{\"@type\":\"Organization\",\"@id\":\"https:\/\/strangercam.com\/#organization\",\"name\":\"Strangercam\",\"alternateName\":\"Strangercam.com\",\"url\":\"https:\/\/strangercam.com\/\",\"logo\":{\"@type\":\"ImageObject\",\"inLanguage\":\"fr-FR\",\"@id\":\"https:\/\/strangercam.com\/#\/schema\/logo\/image\/\",\"url\":\"https:\/\/strangercam.com\/wp-content\/uploads\/2020\/11\/cropped-new-favicon-black.png\",\"contentUrl\":\"https:\/\/strangercam.com\/wp-content\/uploads\/2020\/11\/cropped-new-favicon-black.png\",\"width\":512,\"height\":512,\"caption\":\"Strangercam\"},\"image\":{\"@id\":\"https:\/\/strangercam.com\/#\/schema\/logo\/image\/\"},\"sameAs\":[\"https:\/\/www.facebook.com\/strangercam\",\"https:\/\/x.com\/strangercamapp\"]}]}<\/script>\n<!-- \/ Yoast SEO plugin. -->","yoast_head_json":{"title":"Chateek - Chat Roulette Anonymous - Cam on StrangerCam.com","description":"Vous aimez Chateek ? Venez discuter avec plus de 5.000.000 d'inconnus sur Stranger Cam gratuitement ! Allume ta cam\u00e9ra et trouve de nouveaux amis et peut-\u00eatre un partenaire !","robots":{"index":"index","follow":"follow","max-snippet":"max-snippet:-1","max-image-preview":"max-image-preview:large","max-video-preview":"max-video-preview:-1"},"canonical":"https:\/\/strangercam.com\/fr\/chateek\/","og_locale":"fr_FR","og_type":"article","og_title":"Chateek - Chat Roulette Anonymously - Cam on StrangerCam.com","og_description":"Like Chateek? Come chat with more than 5.000.000 strangers on Stranger Cam for Free! Turn on your cam and find new friends & maby a match!","og_url":"https:\/\/strangercam.com\/fr\/chateek\/","og_site_name":"Strangercam","article_publisher":"https:\/\/www.facebook.com\/strangercam","article_modified_time":"2023-08-21T09:40:39+00:00","og_image":[{"width":800,"height":800,"url":"https:\/\/strangercam.com\/wp-content\/uploads\/2020\/11\/stranger-cam-1.png","type":"image\/png"}],"twitter_card":"summary_large_image","twitter_site":"@strangercamapp","twitter_misc":{"Dur\u00e9e de lecture estim\u00e9e":"2 minutes"},"schema":{"@context":"https:\/\/schema.org","@graph":[{"@type":"WebPage","@id":"https:\/\/strangercam.com\/chateek\/","url":"https:\/\/strangercam.com\/chateek\/","name":"Chateek - Chat Roulette Anonymous - Cam on StrangerCam.com","isPartOf":{"@id":"https:\/\/strangercam.com\/#website"},"primaryImageOfPage":{"@id":"https:\/\/strangercam.com\/chateek\/#primaryimage"},"image":{"@id":"https:\/\/strangercam.com\/chateek\/#primaryimage"},"thumbnailUrl":"https:\/\/strangercam.com\/wp-content\/uploads\/2020\/11\/stranger-cam-1.png","datePublished":"2022-05-30T12:40:58+00:00","dateModified":"2023-08-21T09:40:39+00:00","description":"Vous aimez Chateek ? Venez discuter avec plus de 5.000.000 d'inconnus sur Stranger Cam gratuitement ! Allume ta cam\u00e9ra et trouve de nouveaux amis et peut-\u00eatre un partenaire !","breadcrumb":{"@id":"https:\/\/strangercam.com\/chateek\/#breadcrumb"},"inLanguage":"fr-FR","potentialAction":[{"@type":"ReadAction","target":["https:\/\/strangercam.com\/chateek\/"]}]},{"@type":"ImageObject","inLanguage":"fr-FR","@id":"https:\/\/strangercam.com\/chateek\/#primaryimage","url":"https:\/\/strangercam.com\/wp-content\/uploads\/2020\/11\/stranger-cam-1.png","contentUrl":"https:\/\/strangercam.com\/wp-content\/uploads\/2020\/11\/stranger-cam-1.png","width":800,"height":800,"caption":"stranger cam random video chat"},{"@type":"BreadcrumbList","@id":"https:\/\/strangercam.com\/chateek\/#breadcrumb","itemListElement":[{"@type":"ListItem","position":1,"name":"Home","item":"https:\/\/strangercam.com\/"},{"@type":"ListItem","position":2,"name":"Chateek"}]},{"@type":"WebSite","@id":"https:\/\/strangercam.com\/#website","url":"https:\/\/strangercam.com\/","name":"Strangercam","description":"Chat vid\u00e9o al\u00e9atoire avec des inconnus","publisher":{"@id":"https:\/\/strangercam.com\/#organization"},"alternateName":"Strangercam.com","potentialAction":[{"@type":"SearchAction","target":{"@type":"EntryPoint","urlTemplate":"https:\/\/strangercam.com\/?s={search_term_string}"},"query-input":{"@type":"PropertyValueSpecification","valueRequired":true,"valueName":"search_term_string"}}],"inLanguage":"fr-FR"},{"@type":"Organization","@id":"https:\/\/strangercam.com\/#organization","name":"Strangercam","alternateName":"Strangercam.com","url":"https:\/\/strangercam.com\/","logo":{"@type":"ImageObject","inLanguage":"fr-FR","@id":"https:\/\/strangercam.com\/#\/schema\/logo\/image\/","url":"https:\/\/strangercam.com\/wp-content\/uploads\/2020\/11\/cropped-new-favicon-black.png","contentUrl":"https:\/\/strangercam.com\/wp-content\/uploads\/2020\/11\/cropped-new-favicon-black.png","width":512,"height":512,"caption":"Strangercam"},"image":{"@id":"https:\/\/strangercam.com\/#\/schema\/logo\/image\/"},"sameAs":["https:\/\/www.facebook.com\/strangercam","https:\/\/x.com\/strangercamapp"]}]}},"_links":{"self":[{"href":"https:\/\/strangercam.com\/fr\/wp-json\/wp\/v2\/pages\/10160","targetHints":{"allow":["GET"]}}],"collection":[{"href":"https:\/\/strangercam.com\/fr\/wp-json\/wp\/v2\/pages"}],"about":[{"href":"https:\/\/strangercam.com\/fr\/wp-json\/wp\/v2\/types\/page"}],"author":[{"embeddable":true,"href":"https:\/\/strangercam.com\/fr\/wp-json\/wp\/v2\/users\/6"}],"replies":[{"embeddable":true,"href":"https:\/\/strangercam.com\/fr\/wp-json\/wp\/v2\/comments?post=10160"}],"version-history":[{"count":0,"href":"https:\/\/strangercam.com\/fr\/wp-json\/wp\/v2\/pages\/10160\/revisions"}],"wp:featuredmedia":[{"embeddable":true,"href":"https:\/\/strangercam.com\/fr\/wp-json\/wp\/v2\/media\/559"}],"wp:attachment":[{"href":"https:\/\/strangercam.com\/fr\/wp-json\/wp\/v2\/media?parent=10160"}],"curies":[{"name":"wp","href":"https:\/\/api.w.org\/{rel}","templated":true}]}}