{"id":10138,"date":"2022-05-30T14:33:56","date_gmt":"2022-05-30T12:33:56","guid":{"rendered":"https:\/\/strangercam.com\/?page_id=10138"},"modified":"2023-08-21T12:24:42","modified_gmt":"2023-08-21T10:24:42","slug":"omega","status":"publish","type":"page","link":"https:\/\/strangercam.com\/fr\/omega\/","title":{"rendered":"Omega"},"content":{"rendered":"<p>Omega est une nouvelle version am\u00e9lior\u00e9e <a href=\"https:\/\/strangercam.com\/fr\/omegle\/\">Omegle<\/a> que, comme <a href=\"https:\/\/strangercam.com\/fr\/ometv\/\">OmeTv<\/a>, LivU, DODO, Chamet, HOLLA et Facha. Il vous permet \u00e9galement de communiquer et de vous faire de nouveaux amis avec des personnes du monde entier dans le cadre de conversations vocales, de vid\u00e9os al\u00e9atoires et d'\u00e9changes d'informations. <a href=\"https:\/\/strangercam.com\/fr\/chatroulette\/\">chat<\/a>et la messagerie de personne \u00e0 personne. Omega, la nouvelle version am\u00e9lior\u00e9e de Omegle, vous mettra en contact avec un grand nombre de personnes dans plus de 100 pays, d'une simple pression. Les rencontres spontan\u00e9es \u00e9largissent votre cercle social, tandis que les appels vid\u00e9o et les conversations al\u00e9atoires rapprochent les gens.<\/p>\n<p>Le syst\u00e8me de protection automatis\u00e9 de l'IA de Omega s\u00e9curisera toutes vos conversations vid\u00e9o en direct et vos sessions de chat en direct, garantissant que vous ne rencontrerez aucune violation ou aucun comportement inacceptable.<\/p>\n<h3>Principales caract\u00e9ristiques de la meilleure plateforme de rencontre de Omega<\/h3>\n<p>Voici quelques-unes des principales caract\u00e9ristiques des meilleures plateformes de rencontres Omega :<\/p>\n<ul>\n<li>Live Talk et Live Video Chat. La plateforme vous permet de communiquer avec n'importe quelle personne en ligne.<\/li>\n<li>DMs. Vous pouvez \u00e9galement discuter directement avec vos amis en ligne sur la plateforme Omega.<\/li>\n<li>Filtre sur la r\u00e9gion et le sexe. Si vous souhaitez interagir et <a href=\"https:\/\/strangercam.com\/fr\/coomeet\/\">rencontrer<\/a> des personnes sp\u00e9cifiques, le filtre peut vous aider \u00e0 acc\u00e9der aux personnes qui vous conviennent.<\/li>\n<li>Cadeaux. Si vous souhaitez t\u00e9moigner d'une affection sinc\u00e8re \u00e0 une autre personne, vous pouvez lui offrir un cadeau en ligne.<\/li>\n<\/ul>\n<h3>Pourquoi utiliser la plateforme Omega \u00e0 des fins de rencontres ?<\/h3>\n<p>Voici quelques-unes des principales raisons qui nous distinguent des autres applications existantes en ligne :<\/p>\n<ul>\n<li>Rencontrez de nouvelles personnes du monde entier dans un chat vid\u00e9o al\u00e9atoire en temps r\u00e9el !<\/li>\n<li>Pour les personnes qui aiment faire de nouvelles connaissances avec des inconnus, nous cr\u00e9ons une communaut\u00e9 en ligne agr\u00e9able, s\u00fbre et saine.<\/li>\n<li>Dans le groupe Omega - nouveau et am\u00e9lior\u00e9 - Omegle, vous pouvez faire du FaceTime avec de parfaits inconnus du monde entier, avec plusieurs personnes diff\u00e9rentes et passionnantes, chacune ayant ses propres histoires et exp\u00e9riences magnifiques \u00e0 raconter.<\/li>\n<li>Chaque vid\u00e9oconf\u00e9rence al\u00e9atoire sur mesure est utile et pr\u00e9cieuse, car elle permet de nouer de nouveaux liens pour la vie.<\/li>\n<li>Vous pouvez \u00e9galement reprendre contact avec de vieux amis par le biais de messages personnels et de vid\u00e9oconf\u00e9rences al\u00e9atoires en ligne.<\/li>\n<li>Vous pourrez ainsi nouer de nouveaux contacts par le biais de discussions en direct, d\u00e9couvrir d'autres cultures et \u00e9largir vos horizons.<\/li>\n<li>Le service client\u00e8le de la plateforme est \u00e9galement tr\u00e8s r\u00e9actif. Il r\u00e9pond \u00e0 chaque plainte en quelques minutes. L'\u00e9quipe s'assure que vous avez une excellente exp\u00e9rience sur la plateforme sans aucune h\u00e9sitation ou crainte. Nous esp\u00e9rons sinc\u00e8rement que vous appr\u00e9cierez l'utilisation de Omega, la plus grande plateforme de jeux de hasard. <a href=\"https:\/\/strangercam.com\/fr\/chathub\/\">chat vid\u00e9o al\u00e9atoire<\/a> et un outil de chat en direct sont disponibles !<\/li>\n<\/ul>\n<h3>Conclusion<\/h3>\n<p>Omega est une plateforme agr\u00e9able qui vous aide \u00e0 communiquer avec la bonne personne et \u00e0 trouver l'\u00e2me s\u0153ur qui vous fera vous sentir heureux et important dans le monde entier.<\/p>","protected":false},"excerpt":{"rendered":"<p>Omega is a new and improved Omegle that, like OmeTv, LivU, DODO, Chamet, HOLLA, and Facha. It also enables you to communicate and make some new friends with individuals all over the world in voice conversations, random video chat, and messaging in person to person. Omega, the new and improved Omegle, will link you with [&hellip;]<\/p>\n","protected":false},"author":6,"featured_media":559,"parent":0,"menu_order":0,"comment_status":"closed","ping_status":"closed","template":"","meta":{"footnotes":""},"class_list":["post-10138","page","type-page","status-publish","has-post-thumbnail","hentry"],"yoast_head":"<!-- This site is optimized with the Yoast SEO plugin v26.9 - https:\/\/yoast.com\/product\/yoast-seo-wordpress\/ -->\n<title>Omega - Chat Roulette Anonymously - Cam on StrangerCam.com<\/title>\n<meta name=\"description\" content=\"Like Omega? Come chat with more than 5.000.000 strangers on Stranger Cam for Free! Turn on your cam and find new friends &amp; maby a match!\" \/>\n<meta name=\"robots\" content=\"index, follow, max-snippet:-1, max-image-preview:large, max-video-preview:-1\" \/>\n<link rel=\"canonical\" href=\"https:\/\/strangercam.com\/fr\/omega\/\" \/>\n<meta property=\"og:locale\" content=\"fr_FR\" \/>\n<meta property=\"og:type\" content=\"article\" \/>\n<meta property=\"og:title\" content=\"Omega - Chat Roulette Anonymously - Cam on StrangerCam.com\" \/>\n<meta property=\"og:description\" content=\"Like Omega? Come chat with more than 5.000.000 strangers on Stranger Cam for Free! Turn on your cam and find new friends &amp; maby a match!\" \/>\n<meta property=\"og:url\" content=\"https:\/\/strangercam.com\/fr\/omega\/\" \/>\n<meta property=\"og:site_name\" content=\"Strangercam\" \/>\n<meta property=\"article:publisher\" content=\"https:\/\/www.facebook.com\/strangercam\" \/>\n<meta property=\"article:modified_time\" content=\"2023-08-21T10:24:42+00:00\" \/>\n<meta property=\"og:image\" content=\"https:\/\/strangercam.com\/wp-content\/uploads\/2020\/11\/stranger-cam-1.png\" \/>\n\t<meta property=\"og:image:width\" content=\"800\" \/>\n\t<meta property=\"og:image:height\" content=\"800\" \/>\n\t<meta property=\"og:image:type\" content=\"image\/png\" \/>\n<meta name=\"twitter:card\" content=\"summary_large_image\" \/>\n<meta name=\"twitter:site\" content=\"@strangercamapp\" \/>\n<meta name=\"twitter:label1\" content=\"Dur\u00e9e de lecture estim\u00e9e\" \/>\n\t<meta name=\"twitter:data1\" content=\"2 minutes\" \/>\n<script type=\"application\/ld+json\" class=\"yoast-schema-graph\">{\"@context\":\"https:\/\/schema.org\",\"@graph\":[{\"@type\":\"WebPage\",\"@id\":\"https:\/\/strangercam.com\/omega\/\",\"url\":\"https:\/\/strangercam.com\/omega\/\",\"name\":\"Omega - Chat Roulette Anonymously - Cam on StrangerCam.com\",\"isPartOf\":{\"@id\":\"https:\/\/strangercam.com\/#website\"},\"primaryImageOfPage\":{\"@id\":\"https:\/\/strangercam.com\/omega\/#primaryimage\"},\"image\":{\"@id\":\"https:\/\/strangercam.com\/omega\/#primaryimage\"},\"thumbnailUrl\":\"https:\/\/strangercam.com\/wp-content\/uploads\/2020\/11\/stranger-cam-1.png\",\"datePublished\":\"2022-05-30T12:33:56+00:00\",\"dateModified\":\"2023-08-21T10:24:42+00:00\",\"description\":\"Like Omega? Come chat with more than 5.000.000 strangers on Stranger Cam for Free! Turn on your cam and find new friends & maby a match!\",\"breadcrumb\":{\"@id\":\"https:\/\/strangercam.com\/omega\/#breadcrumb\"},\"inLanguage\":\"fr-FR\",\"potentialAction\":[{\"@type\":\"ReadAction\",\"target\":[\"https:\/\/strangercam.com\/omega\/\"]}]},{\"@type\":\"ImageObject\",\"inLanguage\":\"fr-FR\",\"@id\":\"https:\/\/strangercam.com\/omega\/#primaryimage\",\"url\":\"https:\/\/strangercam.com\/wp-content\/uploads\/2020\/11\/stranger-cam-1.png\",\"contentUrl\":\"https:\/\/strangercam.com\/wp-content\/uploads\/2020\/11\/stranger-cam-1.png\",\"width\":800,\"height\":800,\"caption\":\"stranger cam random video chat\"},{\"@type\":\"BreadcrumbList\",\"@id\":\"https:\/\/strangercam.com\/omega\/#breadcrumb\",\"itemListElement\":[{\"@type\":\"ListItem\",\"position\":1,\"name\":\"Home\",\"item\":\"https:\/\/strangercam.com\/\"},{\"@type\":\"ListItem\",\"position\":2,\"name\":\"Omega\"}]},{\"@type\":\"WebSite\",\"@id\":\"https:\/\/strangercam.com\/#website\",\"url\":\"https:\/\/strangercam.com\/\",\"name\":\"Strangercam\",\"description\":\"Random Video Chat with Strangers\",\"publisher\":{\"@id\":\"https:\/\/strangercam.com\/#organization\"},\"alternateName\":\"Strangercam.com\",\"potentialAction\":[{\"@type\":\"SearchAction\",\"target\":{\"@type\":\"EntryPoint\",\"urlTemplate\":\"https:\/\/strangercam.com\/?s={search_term_string}\"},\"query-input\":{\"@type\":\"PropertyValueSpecification\",\"valueRequired\":true,\"valueName\":\"search_term_string\"}}],\"inLanguage\":\"fr-FR\"},{\"@type\":\"Organization\",\"@id\":\"https:\/\/strangercam.com\/#organization\",\"name\":\"Strangercam\",\"alternateName\":\"Strangercam.com\",\"url\":\"https:\/\/strangercam.com\/\",\"logo\":{\"@type\":\"ImageObject\",\"inLanguage\":\"fr-FR\",\"@id\":\"https:\/\/strangercam.com\/#\/schema\/logo\/image\/\",\"url\":\"https:\/\/strangercam.com\/wp-content\/uploads\/2020\/11\/cropped-new-favicon-black.png\",\"contentUrl\":\"https:\/\/strangercam.com\/wp-content\/uploads\/2020\/11\/cropped-new-favicon-black.png\",\"width\":512,\"height\":512,\"caption\":\"Strangercam\"},\"image\":{\"@id\":\"https:\/\/strangercam.com\/#\/schema\/logo\/image\/\"},\"sameAs\":[\"https:\/\/www.facebook.com\/strangercam\",\"https:\/\/x.com\/strangercamapp\"]}]}<\/script>\n<!-- \/ Yoast SEO plugin. -->","yoast_head_json":{"title":"Omega - Chat Roulette Anonymous - Cam on StrangerCam.com","description":"Vous aimez Omega ? Venez discuter avec plus de 5.000.000 d'inconnus sur Stranger Cam gratuitement ! Allume ta cam\u00e9ra et trouve de nouveaux amis et peut-\u00eatre un partenaire !","robots":{"index":"index","follow":"follow","max-snippet":"max-snippet:-1","max-image-preview":"max-image-preview:large","max-video-preview":"max-video-preview:-1"},"canonical":"https:\/\/strangercam.com\/fr\/omega\/","og_locale":"fr_FR","og_type":"article","og_title":"Omega - Chat Roulette Anonymously - Cam on StrangerCam.com","og_description":"Like Omega? Come chat with more than 5.000.000 strangers on Stranger Cam for Free! Turn on your cam and find new friends & maby a match!","og_url":"https:\/\/strangercam.com\/fr\/omega\/","og_site_name":"Strangercam","article_publisher":"https:\/\/www.facebook.com\/strangercam","article_modified_time":"2023-08-21T10:24:42+00:00","og_image":[{"width":800,"height":800,"url":"https:\/\/strangercam.com\/wp-content\/uploads\/2020\/11\/stranger-cam-1.png","type":"image\/png"}],"twitter_card":"summary_large_image","twitter_site":"@strangercamapp","twitter_misc":{"Dur\u00e9e de lecture estim\u00e9e":"2 minutes"},"schema":{"@context":"https:\/\/schema.org","@graph":[{"@type":"WebPage","@id":"https:\/\/strangercam.com\/omega\/","url":"https:\/\/strangercam.com\/omega\/","name":"Omega - Chat Roulette Anonymous - Cam on StrangerCam.com","isPartOf":{"@id":"https:\/\/strangercam.com\/#website"},"primaryImageOfPage":{"@id":"https:\/\/strangercam.com\/omega\/#primaryimage"},"image":{"@id":"https:\/\/strangercam.com\/omega\/#primaryimage"},"thumbnailUrl":"https:\/\/strangercam.com\/wp-content\/uploads\/2020\/11\/stranger-cam-1.png","datePublished":"2022-05-30T12:33:56+00:00","dateModified":"2023-08-21T10:24:42+00:00","description":"Vous aimez Omega ? Venez discuter avec plus de 5.000.000 d'inconnus sur Stranger Cam gratuitement ! Allume ta cam\u00e9ra et trouve de nouveaux amis et peut-\u00eatre un partenaire !","breadcrumb":{"@id":"https:\/\/strangercam.com\/omega\/#breadcrumb"},"inLanguage":"fr-FR","potentialAction":[{"@type":"ReadAction","target":["https:\/\/strangercam.com\/omega\/"]}]},{"@type":"ImageObject","inLanguage":"fr-FR","@id":"https:\/\/strangercam.com\/omega\/#primaryimage","url":"https:\/\/strangercam.com\/wp-content\/uploads\/2020\/11\/stranger-cam-1.png","contentUrl":"https:\/\/strangercam.com\/wp-content\/uploads\/2020\/11\/stranger-cam-1.png","width":800,"height":800,"caption":"stranger cam random video chat"},{"@type":"BreadcrumbList","@id":"https:\/\/strangercam.com\/omega\/#breadcrumb","itemListElement":[{"@type":"ListItem","position":1,"name":"Home","item":"https:\/\/strangercam.com\/"},{"@type":"ListItem","position":2,"name":"Omega"}]},{"@type":"WebSite","@id":"https:\/\/strangercam.com\/#website","url":"https:\/\/strangercam.com\/","name":"Strangercam","description":"Chat vid\u00e9o al\u00e9atoire avec des inconnus","publisher":{"@id":"https:\/\/strangercam.com\/#organization"},"alternateName":"Strangercam.com","potentialAction":[{"@type":"SearchAction","target":{"@type":"EntryPoint","urlTemplate":"https:\/\/strangercam.com\/?s={search_term_string}"},"query-input":{"@type":"PropertyValueSpecification","valueRequired":true,"valueName":"search_term_string"}}],"inLanguage":"fr-FR"},{"@type":"Organization","@id":"https:\/\/strangercam.com\/#organization","name":"Strangercam","alternateName":"Strangercam.com","url":"https:\/\/strangercam.com\/","logo":{"@type":"ImageObject","inLanguage":"fr-FR","@id":"https:\/\/strangercam.com\/#\/schema\/logo\/image\/","url":"https:\/\/strangercam.com\/wp-content\/uploads\/2020\/11\/cropped-new-favicon-black.png","contentUrl":"https:\/\/strangercam.com\/wp-content\/uploads\/2020\/11\/cropped-new-favicon-black.png","width":512,"height":512,"caption":"Strangercam"},"image":{"@id":"https:\/\/strangercam.com\/#\/schema\/logo\/image\/"},"sameAs":["https:\/\/www.facebook.com\/strangercam","https:\/\/x.com\/strangercamapp"]}]}},"_links":{"self":[{"href":"https:\/\/strangercam.com\/fr\/wp-json\/wp\/v2\/pages\/10138","targetHints":{"allow":["GET"]}}],"collection":[{"href":"https:\/\/strangercam.com\/fr\/wp-json\/wp\/v2\/pages"}],"about":[{"href":"https:\/\/strangercam.com\/fr\/wp-json\/wp\/v2\/types\/page"}],"author":[{"embeddable":true,"href":"https:\/\/strangercam.com\/fr\/wp-json\/wp\/v2\/users\/6"}],"replies":[{"embeddable":true,"href":"https:\/\/strangercam.com\/fr\/wp-json\/wp\/v2\/comments?post=10138"}],"version-history":[{"count":0,"href":"https:\/\/strangercam.com\/fr\/wp-json\/wp\/v2\/pages\/10138\/revisions"}],"wp:featuredmedia":[{"embeddable":true,"href":"https:\/\/strangercam.com\/fr\/wp-json\/wp\/v2\/media\/559"}],"wp:attachment":[{"href":"https:\/\/strangercam.com\/fr\/wp-json\/wp\/v2\/media?parent=10138"}],"curies":[{"name":"wp","href":"https:\/\/api.w.org\/{rel}","templated":true}]}}