{"id":10069,"date":"2022-05-30T14:07:33","date_gmt":"2022-05-30T12:07:33","guid":{"rendered":"https:\/\/strangercam.com\/?page_id=10069"},"modified":"2023-08-21T11:40:39","modified_gmt":"2023-08-21T09:40:39","slug":"camfrog","status":"publish","type":"page","link":"https:\/\/strangercam.com\/fr\/camfrog\/","title":{"rendered":"Camfrog"},"content":{"rendered":"<p>Camshare a lanc\u00e9 le Camfrog, un <a href=\"https:\/\/strangercam.com\/fr\/rabbit-video-chat\/\">vid\u00e9o<\/a> <a href=\"https:\/\/strangercam.com\/fr\/chatroulette\/\">chat<\/a> et client de messagerie en ligne, en octobre 2003. Il permet aux consommateurs de <a href=\"https:\/\/strangercam.com\/fr\/coomeet\/\">chat vid\u00e9o<\/a> avec des personnes du monde entier et trouve des compagnons dans les salons de discussion. Les consommateurs Camfrog disposant d'une connexion internet \u00e9lev\u00e9e peuvent cr\u00e9er et g\u00e9rer leurs propres groupes de vid\u00e9oconf\u00e9rence.<\/p>\n<h3>Principales caract\u00e9ristiques de Camfrog.com<\/h3>\n<p>Voici quelques-unes des principales fonctionnalit\u00e9s de l'application de rencontre :<\/p>\n<ul>\n<li>Camfrog est une communaut\u00e9 de vid\u00e9oconf\u00e9rence gratuite o\u00f9 vous pouvez vous faire des amis du monde entier sur nos sites de chat avec webcam en direct (sur n'importe quel appareil !).<\/li>\n<li>En rejoignant nos forums de discussion sur la vid\u00e9o en direct, vous vous ferez de nouveaux amis en un rien de temps !<\/li>\n<li>Dans un autre de nos centaines de sites de chat en direct, <a href=\"https:\/\/strangercam.com\/fr\/video-chat-with-strangers\/\">chat vid\u00e9o avec des inconnus<\/a> dans vos discussions de groupe pr\u00e9f\u00e9r\u00e9es, d\u00e9battez de sujets, organisez des vid\u00e9oconf\u00e9rences avec vos amis et m\u00ealez-vous \u00e0 des connaissances et \u00e0 des signaux attrayants.<\/li>\n<li>Vous pouvez \u00eatre incognito et discuter en vid\u00e9o avec n'importe qui sur Camfrog, ou vous pouvez \u00eatre vous-m\u00eame avec vos amis dans nos salles de chat vid\u00e9o publiques.<\/li>\n<li>Dans les conversations vid\u00e9o en ligne qui vous intriguent, vous pouvez voir un nombre infini de cam\u00e9ras en direct de haute qualit\u00e9. Des centaines de personnes peuvent \u00eatre vues en m\u00eame temps, alors pr\u00e9parez-vous \u00e0 passer un bon moment !<\/li>\n<\/ul>\n<h3>L'appareil photo n'est pas un outil essentiel pour participer aux discussions textuelles, vocales ou vid\u00e9o.<\/h3>\n<p>Camfrog Video Chat est un logiciel de chat moderne qui permet \u00e0 des dizaines de milliers de personnes de participer \u00e0 des chats vid\u00e9o, vocaux et textuels en temps r\u00e9el. Le programme vous permet de voir, de parler et d'\u00e9crire \u00e0 d'autres membres de la salle de chat en m\u00eame temps. Vous n'avez pas besoin d'une webcam pour tous les chats vid\u00e9o, vous pouvez donc participer m\u00eame si vous n'en avez pas. Les salons de discussion de Camfrog peuvent \u00eatre priv\u00e9s ou publics, et vous pouvez contacter des t\u00e9l\u00e9phones portables ou domestiques \u00e0 partir de ces salons.<\/p>\n<h3>Les outils prot\u00e8gent les mineurs contre la divulgation d'informations ou l'inscription \u00e0 des salons de discussion non pertinents.<\/h3>\n<p>Lors de l'utilisation de la messagerie instantan\u00e9e, divers logiciels de surveillance dans Camfrog Video Chat prot\u00e8gent efficacement les mineurs contre la divulgation de trop d'informations personnelles et contre l'inscription \u00e0 certains salons de discussion. La confidentialit\u00e9 et la s\u00e9curit\u00e9, la vid\u00e9o et l'audio, les archives, les langues et les touches de raccourci font partie des autres options disponibles dans le concurrent Skype.<\/p>\n<h3>Conclusion<\/h3>\n<p>Vous pouvez parler \u00e0 des inconnus, installer une webcam et diffuser en direct pour discuter de vos loisirs et vous pr\u00e9senter au public, ou participer \u00e0 un chat vid\u00e9o de cam\u00e9ra \u00e0 cam\u00e9ra pour une discussion plus personnelle si vous \u00eates timide devant les cam\u00e9ras. Commencer <a href=\"https:\/\/strangercam.com\/fr\/shagle\/\">adulte<\/a> pour nouer de v\u00e9ritables amiti\u00e9s. Commencez \u00e0 exp\u00e9rimenter dans nos salles de chat al\u00e9atoires !<\/p>","protected":false},"excerpt":{"rendered":"<p>Camshare launched Camfrog, a video chat and online messaging client, in October 2003. It enables consumers to video chat with people all around the world and finds companions in chat rooms. Camfrog consumers with high internet can create and manage their own videoconferencing groups. Main Features of Camfrog.com Following are some of the top features [&hellip;]<\/p>\n","protected":false},"author":6,"featured_media":559,"parent":0,"menu_order":0,"comment_status":"closed","ping_status":"closed","template":"","meta":{"footnotes":""},"class_list":["post-10069","page","type-page","status-publish","has-post-thumbnail","hentry"],"yoast_head":"<!-- This site is optimized with the Yoast SEO plugin v27.4 - https:\/\/yoast.com\/product\/yoast-seo-wordpress\/ -->\n<title>Camfrog - Chat Roulette Anonymously - Cam on StrangerCam.com<\/title>\n<meta name=\"description\" content=\"Like Camfrog? Come chat with more than 5.000.000 strangers on Stranger Cam for Free! Turn on your cam and find new friends &amp; maby a match!\" \/>\n<meta name=\"robots\" content=\"index, follow, max-snippet:-1, max-image-preview:large, max-video-preview:-1\" \/>\n<link rel=\"canonical\" href=\"https:\/\/strangercam.com\/fr\/camfrog\/\" \/>\n<meta property=\"og:locale\" content=\"fr_FR\" \/>\n<meta property=\"og:type\" content=\"article\" \/>\n<meta property=\"og:title\" content=\"Camfrog - Chat Roulette Anonymously - Cam on StrangerCam.com\" \/>\n<meta property=\"og:description\" content=\"Like Camfrog? Come chat with more than 5.000.000 strangers on Stranger Cam for Free! Turn on your cam and find new friends &amp; maby a match!\" \/>\n<meta property=\"og:url\" content=\"https:\/\/strangercam.com\/fr\/camfrog\/\" \/>\n<meta property=\"og:site_name\" content=\"Strangercam\" \/>\n<meta property=\"article:publisher\" content=\"https:\/\/www.facebook.com\/strangercam\" \/>\n<meta property=\"article:modified_time\" content=\"2023-08-21T09:40:39+00:00\" \/>\n<meta property=\"og:image\" content=\"https:\/\/strangercam.com\/wp-content\/uploads\/2020\/11\/stranger-cam-1.png\" \/>\n\t<meta property=\"og:image:width\" content=\"800\" \/>\n\t<meta property=\"og:image:height\" content=\"800\" \/>\n\t<meta property=\"og:image:type\" content=\"image\/png\" \/>\n<meta name=\"twitter:card\" content=\"summary_large_image\" \/>\n<meta name=\"twitter:site\" content=\"@strangercamapp\" \/>\n<meta name=\"twitter:label1\" content=\"Dur\u00e9e de lecture estim\u00e9e\" \/>\n\t<meta name=\"twitter:data1\" content=\"2 minutes\" \/>\n<script type=\"application\/ld+json\" class=\"yoast-schema-graph\">{\"@context\":\"https:\\\/\\\/schema.org\",\"@graph\":[{\"@type\":\"WebPage\",\"@id\":\"https:\\\/\\\/strangercam.com\\\/camfrog\\\/\",\"url\":\"https:\\\/\\\/strangercam.com\\\/camfrog\\\/\",\"name\":\"Camfrog - Chat Roulette Anonymously - Cam on StrangerCam.com\",\"isPartOf\":{\"@id\":\"https:\\\/\\\/strangercam.com\\\/#website\"},\"primaryImageOfPage\":{\"@id\":\"https:\\\/\\\/strangercam.com\\\/camfrog\\\/#primaryimage\"},\"image\":{\"@id\":\"https:\\\/\\\/strangercam.com\\\/camfrog\\\/#primaryimage\"},\"thumbnailUrl\":\"https:\\\/\\\/strangercam.com\\\/wp-content\\\/uploads\\\/2020\\\/11\\\/stranger-cam-1.png\",\"datePublished\":\"2022-05-30T12:07:33+00:00\",\"dateModified\":\"2023-08-21T09:40:39+00:00\",\"description\":\"Like Camfrog? Come chat with more than 5.000.000 strangers on Stranger Cam for Free! Turn on your cam and find new friends & maby a match!\",\"breadcrumb\":{\"@id\":\"https:\\\/\\\/strangercam.com\\\/camfrog\\\/#breadcrumb\"},\"inLanguage\":\"fr-FR\",\"potentialAction\":[{\"@type\":\"ReadAction\",\"target\":[\"https:\\\/\\\/strangercam.com\\\/camfrog\\\/\"]}]},{\"@type\":\"ImageObject\",\"inLanguage\":\"fr-FR\",\"@id\":\"https:\\\/\\\/strangercam.com\\\/camfrog\\\/#primaryimage\",\"url\":\"https:\\\/\\\/strangercam.com\\\/wp-content\\\/uploads\\\/2020\\\/11\\\/stranger-cam-1.png\",\"contentUrl\":\"https:\\\/\\\/strangercam.com\\\/wp-content\\\/uploads\\\/2020\\\/11\\\/stranger-cam-1.png\",\"width\":800,\"height\":800,\"caption\":\"stranger cam random video chat\"},{\"@type\":\"BreadcrumbList\",\"@id\":\"https:\\\/\\\/strangercam.com\\\/camfrog\\\/#breadcrumb\",\"itemListElement\":[{\"@type\":\"ListItem\",\"position\":1,\"name\":\"Home\",\"item\":\"https:\\\/\\\/strangercam.com\\\/\"},{\"@type\":\"ListItem\",\"position\":2,\"name\":\"Camfrog\"}]},{\"@type\":\"WebSite\",\"@id\":\"https:\\\/\\\/strangercam.com\\\/#website\",\"url\":\"https:\\\/\\\/strangercam.com\\\/\",\"name\":\"Strangercam\",\"description\":\"Random Video Chat with Strangers\",\"publisher\":{\"@id\":\"https:\\\/\\\/strangercam.com\\\/#organization\"},\"alternateName\":\"Strangercam.com\",\"potentialAction\":[{\"@type\":\"SearchAction\",\"target\":{\"@type\":\"EntryPoint\",\"urlTemplate\":\"https:\\\/\\\/strangercam.com\\\/?s={search_term_string}\"},\"query-input\":{\"@type\":\"PropertyValueSpecification\",\"valueRequired\":true,\"valueName\":\"search_term_string\"}}],\"inLanguage\":\"fr-FR\"},{\"@type\":\"Organization\",\"@id\":\"https:\\\/\\\/strangercam.com\\\/#organization\",\"name\":\"Strangercam\",\"alternateName\":\"Strangercam.com\",\"url\":\"https:\\\/\\\/strangercam.com\\\/\",\"logo\":{\"@type\":\"ImageObject\",\"inLanguage\":\"fr-FR\",\"@id\":\"https:\\\/\\\/strangercam.com\\\/#\\\/schema\\\/logo\\\/image\\\/\",\"url\":\"https:\\\/\\\/strangercam.com\\\/wp-content\\\/uploads\\\/2020\\\/11\\\/cropped-new-favicon-black.png\",\"contentUrl\":\"https:\\\/\\\/strangercam.com\\\/wp-content\\\/uploads\\\/2020\\\/11\\\/cropped-new-favicon-black.png\",\"width\":512,\"height\":512,\"caption\":\"Strangercam\"},\"image\":{\"@id\":\"https:\\\/\\\/strangercam.com\\\/#\\\/schema\\\/logo\\\/image\\\/\"},\"sameAs\":[\"https:\\\/\\\/www.facebook.com\\\/strangercam\",\"https:\\\/\\\/x.com\\\/strangercamapp\"]}]}<\/script>\n<!-- \/ Yoast SEO plugin. -->","yoast_head_json":{"title":"Camfrog - Chat Roulette Anonymous - Cam on StrangerCam.com","description":"Vous aimez Camfrog ? Venez discuter avec plus de 5.000.000 d'inconnus sur Stranger Cam gratuitement ! Allume ta cam\u00e9ra et trouve de nouveaux amis et peut-\u00eatre un partenaire !","robots":{"index":"index","follow":"follow","max-snippet":"max-snippet:-1","max-image-preview":"max-image-preview:large","max-video-preview":"max-video-preview:-1"},"canonical":"https:\/\/strangercam.com\/fr\/camfrog\/","og_locale":"fr_FR","og_type":"article","og_title":"Camfrog - Chat Roulette Anonymously - Cam on StrangerCam.com","og_description":"Like Camfrog? Come chat with more than 5.000.000 strangers on Stranger Cam for Free! Turn on your cam and find new friends & maby a match!","og_url":"https:\/\/strangercam.com\/fr\/camfrog\/","og_site_name":"Strangercam","article_publisher":"https:\/\/www.facebook.com\/strangercam","article_modified_time":"2023-08-21T09:40:39+00:00","og_image":[{"width":800,"height":800,"url":"https:\/\/strangercam.com\/wp-content\/uploads\/2020\/11\/stranger-cam-1.png","type":"image\/png"}],"twitter_card":"summary_large_image","twitter_site":"@strangercamapp","twitter_misc":{"Dur\u00e9e de lecture estim\u00e9e":"2 minutes"},"schema":{"@context":"https:\/\/schema.org","@graph":[{"@type":"WebPage","@id":"https:\/\/strangercam.com\/camfrog\/","url":"https:\/\/strangercam.com\/camfrog\/","name":"Camfrog - Chat Roulette Anonymous - Cam on StrangerCam.com","isPartOf":{"@id":"https:\/\/strangercam.com\/#website"},"primaryImageOfPage":{"@id":"https:\/\/strangercam.com\/camfrog\/#primaryimage"},"image":{"@id":"https:\/\/strangercam.com\/camfrog\/#primaryimage"},"thumbnailUrl":"https:\/\/strangercam.com\/wp-content\/uploads\/2020\/11\/stranger-cam-1.png","datePublished":"2022-05-30T12:07:33+00:00","dateModified":"2023-08-21T09:40:39+00:00","description":"Vous aimez Camfrog ? Venez discuter avec plus de 5.000.000 d'inconnus sur Stranger Cam gratuitement ! Allume ta cam\u00e9ra et trouve de nouveaux amis et peut-\u00eatre un partenaire !","breadcrumb":{"@id":"https:\/\/strangercam.com\/camfrog\/#breadcrumb"},"inLanguage":"fr-FR","potentialAction":[{"@type":"ReadAction","target":["https:\/\/strangercam.com\/camfrog\/"]}]},{"@type":"ImageObject","inLanguage":"fr-FR","@id":"https:\/\/strangercam.com\/camfrog\/#primaryimage","url":"https:\/\/strangercam.com\/wp-content\/uploads\/2020\/11\/stranger-cam-1.png","contentUrl":"https:\/\/strangercam.com\/wp-content\/uploads\/2020\/11\/stranger-cam-1.png","width":800,"height":800,"caption":"stranger cam random video chat"},{"@type":"BreadcrumbList","@id":"https:\/\/strangercam.com\/camfrog\/#breadcrumb","itemListElement":[{"@type":"ListItem","position":1,"name":"Home","item":"https:\/\/strangercam.com\/"},{"@type":"ListItem","position":2,"name":"Camfrog"}]},{"@type":"WebSite","@id":"https:\/\/strangercam.com\/#website","url":"https:\/\/strangercam.com\/","name":"Strangercam","description":"Chat vid\u00e9o al\u00e9atoire avec des inconnus","publisher":{"@id":"https:\/\/strangercam.com\/#organization"},"alternateName":"Strangercam.com","potentialAction":[{"@type":"SearchAction","target":{"@type":"EntryPoint","urlTemplate":"https:\/\/strangercam.com\/?s={search_term_string}"},"query-input":{"@type":"PropertyValueSpecification","valueRequired":true,"valueName":"search_term_string"}}],"inLanguage":"fr-FR"},{"@type":"Organization","@id":"https:\/\/strangercam.com\/#organization","name":"Strangercam","alternateName":"Strangercam.com","url":"https:\/\/strangercam.com\/","logo":{"@type":"ImageObject","inLanguage":"fr-FR","@id":"https:\/\/strangercam.com\/#\/schema\/logo\/image\/","url":"https:\/\/strangercam.com\/wp-content\/uploads\/2020\/11\/cropped-new-favicon-black.png","contentUrl":"https:\/\/strangercam.com\/wp-content\/uploads\/2020\/11\/cropped-new-favicon-black.png","width":512,"height":512,"caption":"Strangercam"},"image":{"@id":"https:\/\/strangercam.com\/#\/schema\/logo\/image\/"},"sameAs":["https:\/\/www.facebook.com\/strangercam","https:\/\/x.com\/strangercamapp"]}]}},"_links":{"self":[{"href":"https:\/\/strangercam.com\/fr\/wp-json\/wp\/v2\/pages\/10069","targetHints":{"allow":["GET"]}}],"collection":[{"href":"https:\/\/strangercam.com\/fr\/wp-json\/wp\/v2\/pages"}],"about":[{"href":"https:\/\/strangercam.com\/fr\/wp-json\/wp\/v2\/types\/page"}],"author":[{"embeddable":true,"href":"https:\/\/strangercam.com\/fr\/wp-json\/wp\/v2\/users\/6"}],"replies":[{"embeddable":true,"href":"https:\/\/strangercam.com\/fr\/wp-json\/wp\/v2\/comments?post=10069"}],"version-history":[{"count":0,"href":"https:\/\/strangercam.com\/fr\/wp-json\/wp\/v2\/pages\/10069\/revisions"}],"wp:featuredmedia":[{"embeddable":true,"href":"https:\/\/strangercam.com\/fr\/wp-json\/wp\/v2\/media\/559"}],"wp:attachment":[{"href":"https:\/\/strangercam.com\/fr\/wp-json\/wp\/v2\/media?parent=10069"}],"curies":[{"name":"wp","href":"https:\/\/api.w.org\/{rel}","templated":true}]}}