{"id":10047,"date":"2022-05-30T13:54:47","date_gmt":"2022-05-30T11:54:47","guid":{"rendered":"https:\/\/strangercam.com\/?page_id=10047"},"modified":"2023-08-21T12:24:42","modified_gmt":"2023-08-21T10:24:42","slug":"livu","status":"publish","type":"page","link":"https:\/\/strangercam.com\/fr\/livu\/","title":{"rendered":"Livu"},"content":{"rendered":"<p>L'objectif de Livu est de rassembler une nouvelle communaut\u00e9 mondiale en permettant aux individus de s'engager de mani\u00e8re significative au-del\u00e0 des cultures, des langues et des fronti\u00e8res dans un environnement s\u00fbr et s\u00e9curis\u00e9. Livu est un <a href=\"https:\/\/strangercam.com\/fr\/rabbit-video-chat\/\">vid\u00e9o<\/a> <a href=\"https:\/\/strangercam.com\/fr\/chatingly\/\">chat<\/a> LivU est une plateforme qui relie les individus en appuyant simplement sur un bouton, ce qui leur permet d'avoir une interaction sociale en ligne int\u00e9ressante et significative. LivU propose des services de vid\u00e9oconf\u00e9rence, de jumelage vid\u00e9o et d'\u00e9change de textes. <a href=\"https:\/\/strangercam.com\/fr\/chatroulette\/\">Chat<\/a> afin que nos utilisateurs puissent se connecter et comprendre leurs amis de la mani\u00e8re qui leur convient le mieux.<\/p>\n<h3>Communiquer avec les personnes sur la plateforme en ligne de mani\u00e8re pratique<\/h3>\n<p>Vous pouvez utiliser votre smartphone Android pour voir les diff\u00e9rents utilisateurs et passer de l'un \u00e0 l'autre <a href=\"https:\/\/strangercam.com\/fr\/nextcam\/\">suivant<\/a>, Vous pouvez continuer \u00e0 chatter avec quelqu'un si vous avez un lien avec lui. Vous pouvez continuer \u00e0 discuter avec quelqu'un si vous avez un lien avec lui. Toutefois, si une personne vous irrite ou si vous ne voulez tout simplement pas communiquer avec elle, vous pouvez rapidement passer \u00e0 la personne suivante. Vous pouvez choisir de ne parler qu'aux hommes, qu'aux femmes ou aux deux.<\/p>\n<h3>La fonction floue - Profitez de la fonction int\u00e9ressante de l'application Livu<\/h3>\n<p>L'image appara\u00eetra floue si l'appareil photo du t\u00e9l\u00e9phone n'est pas centr\u00e9 sur votre visage, ce qui est une fonction de s\u00e9curit\u00e9 inhabituelle que LivU propose par d\u00e9faut. Cette fonction garantit que vous n'\u00eates pas forc\u00e9 de lire du mat\u00e9riel potentiellement offensant. LivU est une technologie amusante qui vous permet de vous faire de nouveaux amis, d'engager des conversations stimulantes et peut-\u00eatre de vous faire de nouveaux amis.<\/p>\n<h3>Une application tr\u00e8s s\u00fbre pour les utilisateurs dans ce monde technologique tr\u00e8s avanc\u00e9<\/h3>\n<p>Nous accordons une grande importance \u00e0 votre s\u00e9curit\u00e9 et \u00e0 votre confidentialit\u00e9 et mettons tout en \u0153uvre pour fournir des produits et des services s\u00fbrs. En plus de nos audits de s\u00e9curit\u00e9 r\u00e9guliers, nous appr\u00e9cions les contributions de la communaut\u00e9 de la s\u00e9curit\u00e9 dans son ensemble, et nous accueillons favorablement tous les rapports sur des probl\u00e8mes de s\u00e9curit\u00e9 potentiels qui sont pr\u00e9sent\u00e9s de mani\u00e8re organis\u00e9e, collaborative et transparente.<\/p>\n<h3>Sur LivU, comment d\u00e9couvre-t-on quelqu'un ?<\/h3>\n<p>Pour commencer, connectez-vous \u00e0 l'application, s\u00e9lectionnez \"Recherche\" et cliquez sur le bouton. Vous aurez la possibilit\u00e9 d'interagir avec des personnes du monde entier. Sur l'\u00e9cran, vous verrez les surnoms, les \u00e2ges et les pays de r\u00e9sidence de tous les autres membres.<\/p>\n<p>Si la personne ne vous pla\u00eet pas, vous pouvez passer \u00e0 la suivante et trouver un autre choix. Il n'est pas obligatoire de se contenter de n'importe qui sur la plateforme. Nous respectons votre choix. C'est pourquoi nous avons rendu l'ensemble du processus de filtrage et de d\u00e9couverte d'une personne aussi pratique que possible.<\/p>\n<h3>Conclusion<\/h3>\n<p>LivU est un <a href=\"https:\/\/strangercam.com\/fr\/coomeet\/\">chat vid\u00e9o<\/a> qui vous permet d'avoir des discussions vid\u00e9o vraiment al\u00e9atoires avec de nombreuses autres personnes dans le monde entier.<\/p>","protected":false},"excerpt":{"rendered":"<p>Livu&#8217;s purpose is to bring a new global community together by allowing individuals to engage meaningfully across cultures, languages, and boundaries in a safe and secure environment. Livu is a real-time video chatting platform that connects individuals with only a press of a button, allowing them to have an interesting and meaningful online social interaction. [&hellip;]<\/p>\n","protected":false},"author":6,"featured_media":559,"parent":0,"menu_order":0,"comment_status":"closed","ping_status":"closed","template":"","meta":{"footnotes":""},"class_list":["post-10047","page","type-page","status-publish","has-post-thumbnail","hentry"],"yoast_head":"<!-- This site is optimized with the Yoast SEO plugin v26.9 - https:\/\/yoast.com\/product\/yoast-seo-wordpress\/ -->\n<title>Livu - Chat Roulette Anonymously - Cam on StrangerCam.com<\/title>\n<meta name=\"description\" content=\"Like Livu? Come chat with more than 5.000.000 strangers on Stranger Cam for Free! Turn on your cam and find new friends &amp; maby a match!\" \/>\n<meta name=\"robots\" content=\"index, follow, max-snippet:-1, max-image-preview:large, max-video-preview:-1\" \/>\n<link rel=\"canonical\" href=\"https:\/\/strangercam.com\/fr\/livu\/\" \/>\n<meta property=\"og:locale\" content=\"fr_FR\" \/>\n<meta property=\"og:type\" content=\"article\" \/>\n<meta property=\"og:title\" content=\"Livu - Chat Roulette Anonymously - Cam on StrangerCam.com\" \/>\n<meta property=\"og:description\" content=\"Like Livu? Come chat with more than 5.000.000 strangers on Stranger Cam for Free! Turn on your cam and find new friends &amp; maby a match!\" \/>\n<meta property=\"og:url\" content=\"https:\/\/strangercam.com\/fr\/livu\/\" \/>\n<meta property=\"og:site_name\" content=\"Strangercam\" \/>\n<meta property=\"article:publisher\" content=\"https:\/\/www.facebook.com\/strangercam\" \/>\n<meta property=\"article:modified_time\" content=\"2023-08-21T10:24:42+00:00\" \/>\n<meta property=\"og:image\" content=\"https:\/\/strangercam.com\/wp-content\/uploads\/2020\/11\/stranger-cam-1.png\" \/>\n\t<meta property=\"og:image:width\" content=\"800\" \/>\n\t<meta property=\"og:image:height\" content=\"800\" \/>\n\t<meta property=\"og:image:type\" content=\"image\/png\" \/>\n<meta name=\"twitter:card\" content=\"summary_large_image\" \/>\n<meta name=\"twitter:site\" content=\"@strangercamapp\" \/>\n<meta name=\"twitter:label1\" content=\"Dur\u00e9e de lecture estim\u00e9e\" \/>\n\t<meta name=\"twitter:data1\" content=\"2 minutes\" \/>\n<script type=\"application\/ld+json\" class=\"yoast-schema-graph\">{\"@context\":\"https:\/\/schema.org\",\"@graph\":[{\"@type\":\"WebPage\",\"@id\":\"https:\/\/strangercam.com\/livu\/\",\"url\":\"https:\/\/strangercam.com\/livu\/\",\"name\":\"Livu - Chat Roulette Anonymously - Cam on StrangerCam.com\",\"isPartOf\":{\"@id\":\"https:\/\/strangercam.com\/#website\"},\"primaryImageOfPage\":{\"@id\":\"https:\/\/strangercam.com\/livu\/#primaryimage\"},\"image\":{\"@id\":\"https:\/\/strangercam.com\/livu\/#primaryimage\"},\"thumbnailUrl\":\"https:\/\/strangercam.com\/wp-content\/uploads\/2020\/11\/stranger-cam-1.png\",\"datePublished\":\"2022-05-30T11:54:47+00:00\",\"dateModified\":\"2023-08-21T10:24:42+00:00\",\"description\":\"Like Livu? Come chat with more than 5.000.000 strangers on Stranger Cam for Free! Turn on your cam and find new friends & maby a match!\",\"breadcrumb\":{\"@id\":\"https:\/\/strangercam.com\/livu\/#breadcrumb\"},\"inLanguage\":\"fr-FR\",\"potentialAction\":[{\"@type\":\"ReadAction\",\"target\":[\"https:\/\/strangercam.com\/livu\/\"]}]},{\"@type\":\"ImageObject\",\"inLanguage\":\"fr-FR\",\"@id\":\"https:\/\/strangercam.com\/livu\/#primaryimage\",\"url\":\"https:\/\/strangercam.com\/wp-content\/uploads\/2020\/11\/stranger-cam-1.png\",\"contentUrl\":\"https:\/\/strangercam.com\/wp-content\/uploads\/2020\/11\/stranger-cam-1.png\",\"width\":800,\"height\":800,\"caption\":\"stranger cam random video chat\"},{\"@type\":\"BreadcrumbList\",\"@id\":\"https:\/\/strangercam.com\/livu\/#breadcrumb\",\"itemListElement\":[{\"@type\":\"ListItem\",\"position\":1,\"name\":\"Home\",\"item\":\"https:\/\/strangercam.com\/\"},{\"@type\":\"ListItem\",\"position\":2,\"name\":\"Livu\"}]},{\"@type\":\"WebSite\",\"@id\":\"https:\/\/strangercam.com\/#website\",\"url\":\"https:\/\/strangercam.com\/\",\"name\":\"Strangercam\",\"description\":\"Random Video Chat with Strangers\",\"publisher\":{\"@id\":\"https:\/\/strangercam.com\/#organization\"},\"alternateName\":\"Strangercam.com\",\"potentialAction\":[{\"@type\":\"SearchAction\",\"target\":{\"@type\":\"EntryPoint\",\"urlTemplate\":\"https:\/\/strangercam.com\/?s={search_term_string}\"},\"query-input\":{\"@type\":\"PropertyValueSpecification\",\"valueRequired\":true,\"valueName\":\"search_term_string\"}}],\"inLanguage\":\"fr-FR\"},{\"@type\":\"Organization\",\"@id\":\"https:\/\/strangercam.com\/#organization\",\"name\":\"Strangercam\",\"alternateName\":\"Strangercam.com\",\"url\":\"https:\/\/strangercam.com\/\",\"logo\":{\"@type\":\"ImageObject\",\"inLanguage\":\"fr-FR\",\"@id\":\"https:\/\/strangercam.com\/#\/schema\/logo\/image\/\",\"url\":\"https:\/\/strangercam.com\/wp-content\/uploads\/2020\/11\/cropped-new-favicon-black.png\",\"contentUrl\":\"https:\/\/strangercam.com\/wp-content\/uploads\/2020\/11\/cropped-new-favicon-black.png\",\"width\":512,\"height\":512,\"caption\":\"Strangercam\"},\"image\":{\"@id\":\"https:\/\/strangercam.com\/#\/schema\/logo\/image\/\"},\"sameAs\":[\"https:\/\/www.facebook.com\/strangercam\",\"https:\/\/x.com\/strangercamapp\"]}]}<\/script>\n<!-- \/ Yoast SEO plugin. -->","yoast_head_json":{"title":"Livu - Chat Roulette Anonymous - Cam on StrangerCam.com","description":"Vous aimez Livu ? Venez discuter avec plus de 5.000.000 d'inconnus sur Stranger Cam gratuitement ! Allume ta cam\u00e9ra et trouve de nouveaux amis et peut-\u00eatre un partenaire !","robots":{"index":"index","follow":"follow","max-snippet":"max-snippet:-1","max-image-preview":"max-image-preview:large","max-video-preview":"max-video-preview:-1"},"canonical":"https:\/\/strangercam.com\/fr\/livu\/","og_locale":"fr_FR","og_type":"article","og_title":"Livu - Chat Roulette Anonymously - Cam on StrangerCam.com","og_description":"Like Livu? Come chat with more than 5.000.000 strangers on Stranger Cam for Free! Turn on your cam and find new friends & maby a match!","og_url":"https:\/\/strangercam.com\/fr\/livu\/","og_site_name":"Strangercam","article_publisher":"https:\/\/www.facebook.com\/strangercam","article_modified_time":"2023-08-21T10:24:42+00:00","og_image":[{"width":800,"height":800,"url":"https:\/\/strangercam.com\/wp-content\/uploads\/2020\/11\/stranger-cam-1.png","type":"image\/png"}],"twitter_card":"summary_large_image","twitter_site":"@strangercamapp","twitter_misc":{"Dur\u00e9e de lecture estim\u00e9e":"2 minutes"},"schema":{"@context":"https:\/\/schema.org","@graph":[{"@type":"WebPage","@id":"https:\/\/strangercam.com\/livu\/","url":"https:\/\/strangercam.com\/livu\/","name":"Livu - Chat Roulette Anonymous - Cam on StrangerCam.com","isPartOf":{"@id":"https:\/\/strangercam.com\/#website"},"primaryImageOfPage":{"@id":"https:\/\/strangercam.com\/livu\/#primaryimage"},"image":{"@id":"https:\/\/strangercam.com\/livu\/#primaryimage"},"thumbnailUrl":"https:\/\/strangercam.com\/wp-content\/uploads\/2020\/11\/stranger-cam-1.png","datePublished":"2022-05-30T11:54:47+00:00","dateModified":"2023-08-21T10:24:42+00:00","description":"Vous aimez Livu ? Venez discuter avec plus de 5.000.000 d'inconnus sur Stranger Cam gratuitement ! Allume ta cam\u00e9ra et trouve de nouveaux amis et peut-\u00eatre un partenaire !","breadcrumb":{"@id":"https:\/\/strangercam.com\/livu\/#breadcrumb"},"inLanguage":"fr-FR","potentialAction":[{"@type":"ReadAction","target":["https:\/\/strangercam.com\/livu\/"]}]},{"@type":"ImageObject","inLanguage":"fr-FR","@id":"https:\/\/strangercam.com\/livu\/#primaryimage","url":"https:\/\/strangercam.com\/wp-content\/uploads\/2020\/11\/stranger-cam-1.png","contentUrl":"https:\/\/strangercam.com\/wp-content\/uploads\/2020\/11\/stranger-cam-1.png","width":800,"height":800,"caption":"stranger cam random video chat"},{"@type":"BreadcrumbList","@id":"https:\/\/strangercam.com\/livu\/#breadcrumb","itemListElement":[{"@type":"ListItem","position":1,"name":"Home","item":"https:\/\/strangercam.com\/"},{"@type":"ListItem","position":2,"name":"Livu"}]},{"@type":"WebSite","@id":"https:\/\/strangercam.com\/#website","url":"https:\/\/strangercam.com\/","name":"Strangercam","description":"Chat vid\u00e9o al\u00e9atoire avec des inconnus","publisher":{"@id":"https:\/\/strangercam.com\/#organization"},"alternateName":"Strangercam.com","potentialAction":[{"@type":"SearchAction","target":{"@type":"EntryPoint","urlTemplate":"https:\/\/strangercam.com\/?s={search_term_string}"},"query-input":{"@type":"PropertyValueSpecification","valueRequired":true,"valueName":"search_term_string"}}],"inLanguage":"fr-FR"},{"@type":"Organization","@id":"https:\/\/strangercam.com\/#organization","name":"Strangercam","alternateName":"Strangercam.com","url":"https:\/\/strangercam.com\/","logo":{"@type":"ImageObject","inLanguage":"fr-FR","@id":"https:\/\/strangercam.com\/#\/schema\/logo\/image\/","url":"https:\/\/strangercam.com\/wp-content\/uploads\/2020\/11\/cropped-new-favicon-black.png","contentUrl":"https:\/\/strangercam.com\/wp-content\/uploads\/2020\/11\/cropped-new-favicon-black.png","width":512,"height":512,"caption":"Strangercam"},"image":{"@id":"https:\/\/strangercam.com\/#\/schema\/logo\/image\/"},"sameAs":["https:\/\/www.facebook.com\/strangercam","https:\/\/x.com\/strangercamapp"]}]}},"_links":{"self":[{"href":"https:\/\/strangercam.com\/fr\/wp-json\/wp\/v2\/pages\/10047","targetHints":{"allow":["GET"]}}],"collection":[{"href":"https:\/\/strangercam.com\/fr\/wp-json\/wp\/v2\/pages"}],"about":[{"href":"https:\/\/strangercam.com\/fr\/wp-json\/wp\/v2\/types\/page"}],"author":[{"embeddable":true,"href":"https:\/\/strangercam.com\/fr\/wp-json\/wp\/v2\/users\/6"}],"replies":[{"embeddable":true,"href":"https:\/\/strangercam.com\/fr\/wp-json\/wp\/v2\/comments?post=10047"}],"version-history":[{"count":0,"href":"https:\/\/strangercam.com\/fr\/wp-json\/wp\/v2\/pages\/10047\/revisions"}],"wp:featuredmedia":[{"embeddable":true,"href":"https:\/\/strangercam.com\/fr\/wp-json\/wp\/v2\/media\/559"}],"wp:attachment":[{"href":"https:\/\/strangercam.com\/fr\/wp-json\/wp\/v2\/media?parent=10047"}],"curies":[{"name":"wp","href":"https:\/\/api.w.org\/{rel}","templated":true}]}}