{"id":1004,"date":"2021-01-10T16:44:29","date_gmt":"2021-01-10T14:44:29","guid":{"rendered":"https:\/\/strangercam.com\/?page_id=1004"},"modified":"2023-08-21T12:24:41","modified_gmt":"2023-08-21T10:24:41","slug":"emerald-chat","status":"publish","type":"page","link":"https:\/\/strangercam.com\/fr\/emerald-chat\/","title":{"rendered":"Emerald Chat"},"content":{"rendered":"<p>La plupart des gens ont aujourd'hui un mode de vie tr\u00e8s actif pour atteindre leurs objectifs. Par cons\u00e9quent, il leur est difficile de se faire de nouveaux amis pour partager leurs \u00e9motions et d'autres choses. Les technologies se d\u00e9veloppant rapidement de jour en jour, il devient facile de se connecter avec des inconnus, ce qui peut aider \u00e0 construire de nouvelles relations. De nos jours, il existe des plateformes web et des applications mobiles qui visent \u00e0 r\u00e9pondre aux attentes des utilisateurs qui souhaitent <a href=\"https:\/\/strangercam.com\/fr\/chatroulette\/\">chat<\/a> avec d'autres facilement. En m\u00eame temps, il est n\u00e9cessaire de les \u00e9valuer avec beaucoup d'attention pour choisir la bonne.<\/p>\n<h2>Plate-forme web Emerald pour rencontrer de nouvelles personnes<\/h2>\n<p>Emerald est une plateforme web con\u00e7ue pour rencontrer rapidement de nouvelles personnes en ligne. La plateforme permet aux utilisateurs de trouver des personnes int\u00e9ressantes de diff\u00e9rents horizons le plus rapidement possible. Elle permet d'entrer en contact avec des personnes ayant des int\u00e9r\u00eats similaires. Toute personne souhaitant chatter avec des inconnus peut utiliser cette plateforme car elle offre les meilleures fonctionnalit\u00e9s. En fait, la plateforme est la bonne destination pour ceux qui veulent identifier leur personne sp\u00e9ciale en quelques \u00e9tapes simples. En m\u00eame temps, les utilisateurs doivent lire attentivement les instructions avant de chatter.<\/p>\n<h2>Comment cela fonctionne-t-il ?<\/h2>\n<p>EmeraldChat est pr\u00e9sent\u00e9 comme l'alternative au <a href=\"https:\/\/strangercam.com\/fr\/omegle\/\">Omegle<\/a> et son interface utilisateur est \u00e0 peu pr\u00e8s la m\u00eame. Comme Omegle, il ne demande pas trop d'informations pour s'enregistrer et vous pouvez d\u00e9marrer une session de formation. <a href=\"https:\/\/strangercam.com\/fr\/video-chat-with-strangers\/\">chat vid\u00e9o avec des inconnus<\/a> librement.<\/p>\n<p>Pour commencer le chat vid\u00e9o avec des inconnus, vous devez vous rendre sur la page d'accueil et cliquer sur le bouton d\u00e9marrer. S\u00e9lectionnez ensuite le genre homme-femme, puis il vous sera demand\u00e9 de choisir l'une des options suivantes<\/p>\n<ul>\n<li>Chat textuel en t\u00eate \u00e0 t\u00eate<\/li>\n<li><a href=\"https:\/\/strangercam.com\/fr\/rabbit-video-chat\/\">Chat vid\u00e9o<\/a><\/li>\n<li>Chat de groupe<\/li>\n<\/ul>\n<h3>Chat textuel en t\u00eate \u00e0 t\u00eate :<\/h3>\n<p>Dans le chat en t\u00eate-\u00e0-t\u00eate, vous avez la possibilit\u00e9 de discuter avec une seule personne et vous pouvez s\u00e9lectionner cette personne parmi les 13 hashtags diff\u00e9rents. Une fois que vous avez cliqu\u00e9 sur le hashtag qui vous int\u00e9resse, Emerald trouve une personne qui vous correspond et vous pouvez alors commencer \u00e0 discuter avec elle.<\/p>\n<h3>Chat vid\u00e9o<\/h3>\n<p>Dans le cadre d'un chat textuel en t\u00eate-\u00e0-t\u00eate, vous ne pouvez que discuter par texte avec une personne. Si vous souhaitez voir l'autre personne par l'interm\u00e9diaire d'une webcam, vous devez s\u00e9lectionner l'option de chat vid\u00e9o. De nombreuses personnes pr\u00e9f\u00e8rent cette option et veulent discuter par vid\u00e9o avec des inconnus. C'est l\u00e0 que vous pouvez trouver de bons amis ou des histoires d'amour, ou que vous pouvez profiter d'une compagnie opportune. Lors de l'utilisation du chat vid\u00e9o, il convient d'\u00eatre plus prudent et de ne jamais communiquer d'informations personnelles \u00e0 un \u00e9tranger, car de nombreux escrocs en ligne sont toujours \u00e0 la recherche de personnes innocentes \u00e0 arnaquer.<\/p>\n<h3>Chat de groupe<\/h3>\n<p>Les fonctions de chat de groupe d'Emerald permettent aux utilisateurs de rejoindre diff\u00e9rents groupes partageant des int\u00e9r\u00eats communs. Les utilisateurs peuvent rejoindre un groupe de discussion en s\u00e9lectionnant les hashtags qui les int\u00e9ressent.<\/p>\n<h2>Quelles sont les caract\u00e9ristiques de la plateforme web Emerald ?<\/h2>\n<p>La plateforme web permet aux utilisateurs de faire des conversations avec des messages texte et des chats vid\u00e9o pour garantir une meilleure exp\u00e9rience. En outre, la plateforme web emerald chat permet aux utilisateurs de partager des photos et des fichiers multim\u00e9dias sans aucune difficult\u00e9. Les utilisateurs peuvent m\u00eame filtrer les correspondances par sexe et par lieu sur cette plateforme lorsqu'ils le souhaitent <a href=\"https:\/\/strangercam.com\/fr\/coomeet\/\">rencontrer<\/a> de nouvelles personnes. Le processus d'inscription est simple et permet \u00e0 une personne de rechercher de bons amis dans diff\u00e9rentes parties du monde. L'utilisation de la plateforme web \u00e9tant gratuite, elle permet \u00e0 une personne de se connecter avec d'autres personnes d\u00e8s que possible.<\/p>\n<h2>Fonctionnalit\u00e9s offertes par l'application de chat emerald<\/h2>\n<p>L'application est actuellement en cours de d\u00e9veloppement et proposera des fonctionnalit\u00e9s uniques. Parmi celles-ci, citons la l\u00e9g\u00e8ret\u00e9, la personnalisation, les mises \u00e0 jour fr\u00e9quentes, la mod\u00e9ration permanente et une excellente assistance. Elle fonctionnera sur tous les appareils mobiles, ce qui permettra aux utilisateurs de passer des appels avec d'autres personnes \u00e0 des vitesses \u00e9lev\u00e9es. Ceux qui veulent en savoir plus sur les d\u00e9tails peuvent visiter le site officiel qui peut aider \u00e0 trouver quelqu'un qui a d'excellentes qualit\u00e9s. La plateforme web de chat emerald permet de construire de nouvelles relations dans diff\u00e9rents endroits et de tout partager dans un environnement s\u00fbr. D'un autre c\u00f4t\u00e9, il est imp\u00e9ratif de lire correctement les termes et conditions avant d'utiliser la plateforme.<\/p>\n<h2>Tarification<\/h2>\n<p>Emerald est une application de chat vid\u00e9o \u00e9trang\u00e8re qui offre ses services de base gratuitement. Mais vous pouvez toujours acheter un abonnement pour b\u00e9n\u00e9ficier d'avantages suppl\u00e9mentaires. Elle propose deux types de programmes d'adh\u00e9sion.<\/p>\n<ul>\n<li>Adh\u00e9sion au programme Emerald Gold<\/li>\n<li>Panth\u00e9on de l'\u00e9meraude<\/li>\n<\/ul>\n<h3>Adh\u00e9sion au programme Emerald Gold<\/h3>\n<p>Les utilisateurs d'Emerald peuvent souscrire \u00e0 un abonnement Gold en payant 3,89$ par mois. Les membres Emerald Gold peuvent b\u00e9n\u00e9ficier de nombreuses fonctionnalit\u00e9s premium, notamment des filtres de genre et une coche bleue \u00e0 c\u00f4t\u00e9 du nom des utilisateurs.<\/p>\n<h3>Panth\u00e9on de l'\u00e9meraude<\/h3>\n<p>Les utilisateurs d'Emerald peuvent entrer dans le temple de la renomm\u00e9e d'Emerald en payant 8,89$ par mois. Le profil des utilisateurs d'Emerald Hall of Fame appara\u00eet dans les premiers r\u00e9sultats et re\u00e7oit de nombreuses demandes d'amis et, en fin de compte, de nombreuses possibilit\u00e9s de discuter avec des personnes du monde entier.<\/p>\n<h2>Peut-on l'utiliser en toute s\u00e9curit\u00e9 ?<\/h2>\n<p>De nombreuses personnes utilisent aujourd'hui des applications de chat vid\u00e9o pour se faire de nouveaux amis, vivre une histoire d'amour ou passer le temps. Mais de nombreuses applications de chat vid\u00e9o ne sont pas du tout s\u00fbres, elles sont soit remplies d'escrocs en ligne et de contenus inappropri\u00e9s, soit elles pr\u00e9sentent un risque pour la vie priv\u00e9e. EmeraldChat est cens\u00e9 \u00eatre l'alternative de Omegle et la copie de Omegle dans tous les domaines, mais ils semblent avoir des lacunes \u00e0 ce niveau. Comme il ne n\u00e9cessite pas d'application mobile Emerald est encore en phase de d\u00e9veloppement, mais vous pouvez l'utiliser et a le m\u00eame tableau de bord convivial que son site Web.<\/p>","protected":false},"excerpt":{"rendered":"<p>Most people are having a busy lifestyle today to accomplish their goals. As a result, they find it difficult to make new friends for sharing their emotions and other things. With technologies are growing fast day by day, it becomes a simple process to connect with strangers easily that can help build new relationships. Nowadays, [&hellip;]<\/p>\n","protected":false},"author":6,"featured_media":559,"parent":0,"menu_order":0,"comment_status":"closed","ping_status":"closed","template":"","meta":{"footnotes":""},"class_list":["post-1004","page","type-page","status-publish","has-post-thumbnail","hentry"],"yoast_head":"<!-- This site is optimized with the Yoast SEO plugin v27.4 - https:\/\/yoast.com\/product\/yoast-seo-wordpress\/ -->\n<title>Emerald Chat - Cam with Strangers on StrangerCam.com<\/title>\n<meta name=\"description\" content=\"Like Emerald Chat? Come chat with more than 5.000.000 strangers on Stranger Cam for Free! Turn on your cam and find new friends!\" \/>\n<meta name=\"robots\" content=\"index, follow, max-snippet:-1, max-image-preview:large, max-video-preview:-1\" \/>\n<link rel=\"canonical\" href=\"https:\/\/strangercam.com\/fr\/emerald-chat\/\" \/>\n<meta property=\"og:locale\" content=\"fr_FR\" \/>\n<meta property=\"og:type\" content=\"article\" \/>\n<meta property=\"og:title\" content=\"Emerald Chat - Cam with Strangers on StrangerCam.com\" \/>\n<meta property=\"og:description\" content=\"Like Emerald Chat? Come chat with more than 5.000.000 strangers on Stranger Cam for Free! Turn on your cam and find new friends!\" \/>\n<meta property=\"og:url\" content=\"https:\/\/strangercam.com\/fr\/emerald-chat\/\" \/>\n<meta property=\"og:site_name\" content=\"Strangercam\" \/>\n<meta property=\"article:publisher\" content=\"https:\/\/www.facebook.com\/strangercam\" \/>\n<meta property=\"article:modified_time\" content=\"2023-08-21T10:24:41+00:00\" \/>\n<meta property=\"og:image\" content=\"https:\/\/strangercam.com\/wp-content\/uploads\/2020\/11\/stranger-cam-1.png\" \/>\n\t<meta property=\"og:image:width\" content=\"800\" \/>\n\t<meta property=\"og:image:height\" content=\"800\" \/>\n\t<meta property=\"og:image:type\" content=\"image\/png\" \/>\n<meta name=\"twitter:card\" content=\"summary_large_image\" \/>\n<meta name=\"twitter:site\" content=\"@strangercamapp\" \/>\n<meta name=\"twitter:label1\" content=\"Dur\u00e9e de lecture estim\u00e9e\" \/>\n\t<meta name=\"twitter:data1\" content=\"5 minutes\" \/>\n<script type=\"application\/ld+json\" class=\"yoast-schema-graph\">{\"@context\":\"https:\\\/\\\/schema.org\",\"@graph\":[{\"@type\":\"WebPage\",\"@id\":\"https:\\\/\\\/strangercam.com\\\/emerald-chat\\\/\",\"url\":\"https:\\\/\\\/strangercam.com\\\/emerald-chat\\\/\",\"name\":\"Emerald Chat - Cam with Strangers on StrangerCam.com\",\"isPartOf\":{\"@id\":\"https:\\\/\\\/strangercam.com\\\/#website\"},\"primaryImageOfPage\":{\"@id\":\"https:\\\/\\\/strangercam.com\\\/emerald-chat\\\/#primaryimage\"},\"image\":{\"@id\":\"https:\\\/\\\/strangercam.com\\\/emerald-chat\\\/#primaryimage\"},\"thumbnailUrl\":\"https:\\\/\\\/strangercam.com\\\/wp-content\\\/uploads\\\/2020\\\/11\\\/stranger-cam-1.png\",\"datePublished\":\"2021-01-10T14:44:29+00:00\",\"dateModified\":\"2023-08-21T10:24:41+00:00\",\"description\":\"Like Emerald Chat? Come chat with more than 5.000.000 strangers on Stranger Cam for Free! Turn on your cam and find new friends!\",\"breadcrumb\":{\"@id\":\"https:\\\/\\\/strangercam.com\\\/emerald-chat\\\/#breadcrumb\"},\"inLanguage\":\"fr-FR\",\"potentialAction\":[{\"@type\":\"ReadAction\",\"target\":[\"https:\\\/\\\/strangercam.com\\\/emerald-chat\\\/\"]}]},{\"@type\":\"ImageObject\",\"inLanguage\":\"fr-FR\",\"@id\":\"https:\\\/\\\/strangercam.com\\\/emerald-chat\\\/#primaryimage\",\"url\":\"https:\\\/\\\/strangercam.com\\\/wp-content\\\/uploads\\\/2020\\\/11\\\/stranger-cam-1.png\",\"contentUrl\":\"https:\\\/\\\/strangercam.com\\\/wp-content\\\/uploads\\\/2020\\\/11\\\/stranger-cam-1.png\",\"width\":800,\"height\":800,\"caption\":\"stranger cam random video chat\"},{\"@type\":\"BreadcrumbList\",\"@id\":\"https:\\\/\\\/strangercam.com\\\/emerald-chat\\\/#breadcrumb\",\"itemListElement\":[{\"@type\":\"ListItem\",\"position\":1,\"name\":\"Home\",\"item\":\"https:\\\/\\\/strangercam.com\\\/\"},{\"@type\":\"ListItem\",\"position\":2,\"name\":\"Emerald Chat\"}]},{\"@type\":\"WebSite\",\"@id\":\"https:\\\/\\\/strangercam.com\\\/#website\",\"url\":\"https:\\\/\\\/strangercam.com\\\/\",\"name\":\"Strangercam\",\"description\":\"Random Video Chat with Strangers\",\"publisher\":{\"@id\":\"https:\\\/\\\/strangercam.com\\\/#organization\"},\"alternateName\":\"Strangercam.com\",\"potentialAction\":[{\"@type\":\"SearchAction\",\"target\":{\"@type\":\"EntryPoint\",\"urlTemplate\":\"https:\\\/\\\/strangercam.com\\\/?s={search_term_string}\"},\"query-input\":{\"@type\":\"PropertyValueSpecification\",\"valueRequired\":true,\"valueName\":\"search_term_string\"}}],\"inLanguage\":\"fr-FR\"},{\"@type\":\"Organization\",\"@id\":\"https:\\\/\\\/strangercam.com\\\/#organization\",\"name\":\"Strangercam\",\"alternateName\":\"Strangercam.com\",\"url\":\"https:\\\/\\\/strangercam.com\\\/\",\"logo\":{\"@type\":\"ImageObject\",\"inLanguage\":\"fr-FR\",\"@id\":\"https:\\\/\\\/strangercam.com\\\/#\\\/schema\\\/logo\\\/image\\\/\",\"url\":\"https:\\\/\\\/strangercam.com\\\/wp-content\\\/uploads\\\/2020\\\/11\\\/cropped-new-favicon-black.png\",\"contentUrl\":\"https:\\\/\\\/strangercam.com\\\/wp-content\\\/uploads\\\/2020\\\/11\\\/cropped-new-favicon-black.png\",\"width\":512,\"height\":512,\"caption\":\"Strangercam\"},\"image\":{\"@id\":\"https:\\\/\\\/strangercam.com\\\/#\\\/schema\\\/logo\\\/image\\\/\"},\"sameAs\":[\"https:\\\/\\\/www.facebook.com\\\/strangercam\",\"https:\\\/\\\/x.com\\\/strangercamapp\"]}]}<\/script>\n<!-- \/ Yoast SEO plugin. -->","yoast_head_json":{"title":"Emerald Chat - Cam\u00e9ra avec des \u00e9trangers sur StrangerCam.com","description":"Vous aimez Emerald Chat ? Venez discuter avec plus de 5.000.000 d'inconnus sur Stranger Cam gratuitement ! Allumez votre cam\u00e9ra et trouvez de nouveaux amis !","robots":{"index":"index","follow":"follow","max-snippet":"max-snippet:-1","max-image-preview":"max-image-preview:large","max-video-preview":"max-video-preview:-1"},"canonical":"https:\/\/strangercam.com\/fr\/emerald-chat\/","og_locale":"fr_FR","og_type":"article","og_title":"Emerald Chat - Cam with Strangers on StrangerCam.com","og_description":"Like Emerald Chat? Come chat with more than 5.000.000 strangers on Stranger Cam for Free! Turn on your cam and find new friends!","og_url":"https:\/\/strangercam.com\/fr\/emerald-chat\/","og_site_name":"Strangercam","article_publisher":"https:\/\/www.facebook.com\/strangercam","article_modified_time":"2023-08-21T10:24:41+00:00","og_image":[{"width":800,"height":800,"url":"https:\/\/strangercam.com\/wp-content\/uploads\/2020\/11\/stranger-cam-1.png","type":"image\/png"}],"twitter_card":"summary_large_image","twitter_site":"@strangercamapp","twitter_misc":{"Dur\u00e9e de lecture estim\u00e9e":"5 minutes"},"schema":{"@context":"https:\/\/schema.org","@graph":[{"@type":"WebPage","@id":"https:\/\/strangercam.com\/emerald-chat\/","url":"https:\/\/strangercam.com\/emerald-chat\/","name":"Emerald Chat - Cam\u00e9ra avec des \u00e9trangers sur StrangerCam.com","isPartOf":{"@id":"https:\/\/strangercam.com\/#website"},"primaryImageOfPage":{"@id":"https:\/\/strangercam.com\/emerald-chat\/#primaryimage"},"image":{"@id":"https:\/\/strangercam.com\/emerald-chat\/#primaryimage"},"thumbnailUrl":"https:\/\/strangercam.com\/wp-content\/uploads\/2020\/11\/stranger-cam-1.png","datePublished":"2021-01-10T14:44:29+00:00","dateModified":"2023-08-21T10:24:41+00:00","description":"Vous aimez Emerald Chat ? Venez discuter avec plus de 5.000.000 d'inconnus sur Stranger Cam gratuitement ! Allumez votre cam\u00e9ra et trouvez de nouveaux amis !","breadcrumb":{"@id":"https:\/\/strangercam.com\/emerald-chat\/#breadcrumb"},"inLanguage":"fr-FR","potentialAction":[{"@type":"ReadAction","target":["https:\/\/strangercam.com\/emerald-chat\/"]}]},{"@type":"ImageObject","inLanguage":"fr-FR","@id":"https:\/\/strangercam.com\/emerald-chat\/#primaryimage","url":"https:\/\/strangercam.com\/wp-content\/uploads\/2020\/11\/stranger-cam-1.png","contentUrl":"https:\/\/strangercam.com\/wp-content\/uploads\/2020\/11\/stranger-cam-1.png","width":800,"height":800,"caption":"stranger cam random video chat"},{"@type":"BreadcrumbList","@id":"https:\/\/strangercam.com\/emerald-chat\/#breadcrumb","itemListElement":[{"@type":"ListItem","position":1,"name":"Home","item":"https:\/\/strangercam.com\/"},{"@type":"ListItem","position":2,"name":"Emerald Chat"}]},{"@type":"WebSite","@id":"https:\/\/strangercam.com\/#website","url":"https:\/\/strangercam.com\/","name":"Strangercam","description":"Chat vid\u00e9o al\u00e9atoire avec des inconnus","publisher":{"@id":"https:\/\/strangercam.com\/#organization"},"alternateName":"Strangercam.com","potentialAction":[{"@type":"SearchAction","target":{"@type":"EntryPoint","urlTemplate":"https:\/\/strangercam.com\/?s={search_term_string}"},"query-input":{"@type":"PropertyValueSpecification","valueRequired":true,"valueName":"search_term_string"}}],"inLanguage":"fr-FR"},{"@type":"Organization","@id":"https:\/\/strangercam.com\/#organization","name":"Strangercam","alternateName":"Strangercam.com","url":"https:\/\/strangercam.com\/","logo":{"@type":"ImageObject","inLanguage":"fr-FR","@id":"https:\/\/strangercam.com\/#\/schema\/logo\/image\/","url":"https:\/\/strangercam.com\/wp-content\/uploads\/2020\/11\/cropped-new-favicon-black.png","contentUrl":"https:\/\/strangercam.com\/wp-content\/uploads\/2020\/11\/cropped-new-favicon-black.png","width":512,"height":512,"caption":"Strangercam"},"image":{"@id":"https:\/\/strangercam.com\/#\/schema\/logo\/image\/"},"sameAs":["https:\/\/www.facebook.com\/strangercam","https:\/\/x.com\/strangercamapp"]}]}},"_links":{"self":[{"href":"https:\/\/strangercam.com\/fr\/wp-json\/wp\/v2\/pages\/1004","targetHints":{"allow":["GET"]}}],"collection":[{"href":"https:\/\/strangercam.com\/fr\/wp-json\/wp\/v2\/pages"}],"about":[{"href":"https:\/\/strangercam.com\/fr\/wp-json\/wp\/v2\/types\/page"}],"author":[{"embeddable":true,"href":"https:\/\/strangercam.com\/fr\/wp-json\/wp\/v2\/users\/6"}],"replies":[{"embeddable":true,"href":"https:\/\/strangercam.com\/fr\/wp-json\/wp\/v2\/comments?post=1004"}],"version-history":[{"count":0,"href":"https:\/\/strangercam.com\/fr\/wp-json\/wp\/v2\/pages\/1004\/revisions"}],"wp:featuredmedia":[{"embeddable":true,"href":"https:\/\/strangercam.com\/fr\/wp-json\/wp\/v2\/media\/559"}],"wp:attachment":[{"href":"https:\/\/strangercam.com\/fr\/wp-json\/wp\/v2\/media?parent=1004"}],"curies":[{"name":"wp","href":"https:\/\/api.w.org\/{rel}","templated":true}]}}