{"id":10021,"date":"2022-05-30T13:39:35","date_gmt":"2022-05-30T11:39:35","guid":{"rendered":"https:\/\/strangercam.com\/?page_id=10021"},"modified":"2023-08-21T12:38:00","modified_gmt":"2023-08-21T10:38:00","slug":"randochat","status":"publish","type":"page","link":"https:\/\/strangercam.com\/fr\/randochat\/","title":{"rendered":"Randochat"},"content":{"rendered":"<p>RandoChat est un site al\u00e9atoire <a href=\"https:\/\/strangercam.com\/fr\/chatroulette\/\">chat<\/a> qui vous permet de <a href=\"https:\/\/strangercam.com\/fr\/coomeet\/\">rencontrer<\/a> de nouvelles personnes de mani\u00e8re anonyme. Il n'est pas n\u00e9cessaire de cr\u00e9er un compte ou de se connecter. D'une simple pression, vous pouvez entamer une conversation en t\u00eate-\u00e0-t\u00eate. Le site web offre une plateforme facile \u00e0 utiliser pour interagir avec de nouvelles personnes en ligne. Le Randochat offre des services d'assistance \u00e0 la client\u00e8le de la plus haute qualit\u00e9.<\/p>\n<h3>Comment utiliser l'application de rencontre Randochat ?<\/h3>\n<p>Vous pouvez utiliser l'application pour smartphone qui vous permet de communiquer avec d'autres utilisateurs qui se sont inscrits au syst\u00e8me. Les utilisateurs n'ont pas \u00e0 payer de frais pour profiter des fonctionnalit\u00e9s int\u00e9ressantes du site web. Il est enti\u00e8rement <a href=\"https:\/\/strangercam.com\/fr\/chat4free\/\">gratuit<\/a> pour les utilisateurs. Il n'est pas n\u00e9cessaire de s'enregistrer. Ce paquet fonctionne de la m\u00eame mani\u00e8re qu'un service SMS standard et permet de transmettre \u00e0 la fois du texte et des images. Le caract\u00e8re al\u00e9atoire de ce syst\u00e8me le rend tr\u00e8s amusant \u00e0 utiliser.<\/p>\n<h3>Principales caract\u00e9ristiques du site Web Randochat<\/h3>\n<p>Voici quelques-unes des principales caract\u00e9ristiques du Randochat :<\/p>\n<ul>\n<li>Faites de RandoChat votre ami. Interagissez avec de nouvelles personnes tout en <a href=\"https:\/\/strangercam.com\/fr\/chatingly\/\">chat<\/a> anonymement ! Ce service est enti\u00e8rement gratuit.<\/li>\n<li>Ne pas conserver les donn\u00e9es. Vos conversations ne sont conserv\u00e9es sur nos serveurs que pour une dur\u00e9e limit\u00e9e et sont supprim\u00e9es une fois qu'elles ont \u00e9t\u00e9 envoy\u00e9es \u00e0 votre partenaire de chat.<\/li>\n<li>Pour utiliser ce logiciel, vous devez \u00eatre \u00e2g\u00e9 d'au moins 18 ans. Ne pas t\u00e9l\u00e9charger de contenu inappropri\u00e9, tel que de la nudit\u00e9, du mat\u00e9riel raciste ou offensant. En cas de violation de nos conditions, votre compte peut \u00eatre suspendu pour une dur\u00e9e ind\u00e9termin\u00e9e.<\/li>\n<li>S\u00e9curit\u00e9 des donn\u00e9es. Savoir comment les d\u00e9veloppeurs acqui\u00e8rent et partagent vos donn\u00e9es est le premier pas vers la s\u00e9curit\u00e9. Vos pratiques en mati\u00e8re de confidentialit\u00e9 et de protection des donn\u00e9es peuvent varier en fonction de la mani\u00e8re dont vous utilisez le site, de l'endroit o\u00f9 vous vous trouvez, de la fa\u00e7on dont vous vous y prenez, etc. <a href=\"https:\/\/strangercam.com\/fr\/mili\/\">vivre<\/a>et votre \u00e2ge. Ces informations ont \u00e9t\u00e9 fournies par le d\u00e9veloppeur, qui peut les mettre \u00e0 jour \u00e0 l'avenir.<\/li>\n<li>Il n'y aura pas de partage de donn\u00e9es avec des tiers. Le site web ne transmettra pas les donn\u00e9es aux annonceurs, qui pourront les utiliser \u00e0 diverses fins. Vous pouvez en savoir plus sur les d\u00e9clarations de partage faites en contactant le service client\u00e8le.<\/li>\n<li>Ces types de donn\u00e9es peuvent \u00eatre collect\u00e9s par cette application. Cela signifie que le site web ne partage ni ne stocke aucune de vos informations personnelles, photos ou vid\u00e9os. En transit, les donn\u00e9es sont crypt\u00e9es.<\/li>\n<li>Suppression des donn\u00e9es. Si vous n'\u00eates pas satisfait des donn\u00e9es publi\u00e9es en ligne, vous pouvez demander \u00e0 ce qu'elles soient supprim\u00e9es.<\/li>\n<\/ul>\n<h3>Conclusion<\/h3>\n<p>Le Randochat est une plateforme d'excellente qualit\u00e9 pour interagir avec les bonnes personnes en ligne. Vous pouvez utiliser les filtres pour atteindre la personne que vous aimez et passer un bon moment ensemble.<\/p>","protected":false},"excerpt":{"rendered":"<p>RandoChat is a random chat program that allows you to meet new people anonymously. There is no need to establish an account or log in. With a single tap, you may start a one-on-one conversation. The website offers an easy-to-use platform for interacting with new people online. The Randochat offers the highest quality customer support [&hellip;]<\/p>\n","protected":false},"author":6,"featured_media":559,"parent":0,"menu_order":0,"comment_status":"closed","ping_status":"closed","template":"","meta":{"footnotes":""},"class_list":["post-10021","page","type-page","status-publish","has-post-thumbnail","hentry"],"yoast_head":"<!-- This site is optimized with the Yoast SEO plugin v26.9 - https:\/\/yoast.com\/product\/yoast-seo-wordpress\/ -->\n<title>Randochat - Chat Roulette Anonymously - Cam on StrangerCam.com<\/title>\n<meta name=\"description\" content=\"Like Randochat? Come chat with more than 5.000.000 strangers on Stranger Cam for Free! Turn on your cam and find new friends &amp; maby a match!\" \/>\n<meta name=\"robots\" content=\"index, follow, max-snippet:-1, max-image-preview:large, max-video-preview:-1\" \/>\n<link rel=\"canonical\" href=\"https:\/\/strangercam.com\/fr\/randochat\/\" \/>\n<meta property=\"og:locale\" content=\"fr_FR\" \/>\n<meta property=\"og:type\" content=\"article\" \/>\n<meta property=\"og:title\" content=\"Randochat - Chat Roulette Anonymously - Cam on StrangerCam.com\" \/>\n<meta property=\"og:description\" content=\"Like Randochat? Come chat with more than 5.000.000 strangers on Stranger Cam for Free! Turn on your cam and find new friends &amp; maby a match!\" \/>\n<meta property=\"og:url\" content=\"https:\/\/strangercam.com\/fr\/randochat\/\" \/>\n<meta property=\"og:site_name\" content=\"Strangercam\" \/>\n<meta property=\"article:publisher\" content=\"https:\/\/www.facebook.com\/strangercam\" \/>\n<meta property=\"article:modified_time\" content=\"2023-08-21T10:38:00+00:00\" \/>\n<meta property=\"og:image\" content=\"https:\/\/strangercam.com\/wp-content\/uploads\/2020\/11\/stranger-cam-1.png\" \/>\n\t<meta property=\"og:image:width\" content=\"800\" \/>\n\t<meta property=\"og:image:height\" content=\"800\" \/>\n\t<meta property=\"og:image:type\" content=\"image\/png\" \/>\n<meta name=\"twitter:card\" content=\"summary_large_image\" \/>\n<meta name=\"twitter:site\" content=\"@strangercamapp\" \/>\n<meta name=\"twitter:label1\" content=\"Dur\u00e9e de lecture estim\u00e9e\" \/>\n\t<meta name=\"twitter:data1\" content=\"2 minutes\" \/>\n<script type=\"application\/ld+json\" class=\"yoast-schema-graph\">{\"@context\":\"https:\/\/schema.org\",\"@graph\":[{\"@type\":\"WebPage\",\"@id\":\"https:\/\/strangercam.com\/randochat\/\",\"url\":\"https:\/\/strangercam.com\/randochat\/\",\"name\":\"Randochat - Chat Roulette Anonymously - Cam on StrangerCam.com\",\"isPartOf\":{\"@id\":\"https:\/\/strangercam.com\/#website\"},\"primaryImageOfPage\":{\"@id\":\"https:\/\/strangercam.com\/randochat\/#primaryimage\"},\"image\":{\"@id\":\"https:\/\/strangercam.com\/randochat\/#primaryimage\"},\"thumbnailUrl\":\"https:\/\/strangercam.com\/wp-content\/uploads\/2020\/11\/stranger-cam-1.png\",\"datePublished\":\"2022-05-30T11:39:35+00:00\",\"dateModified\":\"2023-08-21T10:38:00+00:00\",\"description\":\"Like Randochat? Come chat with more than 5.000.000 strangers on Stranger Cam for Free! Turn on your cam and find new friends & maby a match!\",\"breadcrumb\":{\"@id\":\"https:\/\/strangercam.com\/randochat\/#breadcrumb\"},\"inLanguage\":\"fr-FR\",\"potentialAction\":[{\"@type\":\"ReadAction\",\"target\":[\"https:\/\/strangercam.com\/randochat\/\"]}]},{\"@type\":\"ImageObject\",\"inLanguage\":\"fr-FR\",\"@id\":\"https:\/\/strangercam.com\/randochat\/#primaryimage\",\"url\":\"https:\/\/strangercam.com\/wp-content\/uploads\/2020\/11\/stranger-cam-1.png\",\"contentUrl\":\"https:\/\/strangercam.com\/wp-content\/uploads\/2020\/11\/stranger-cam-1.png\",\"width\":800,\"height\":800,\"caption\":\"stranger cam random video chat\"},{\"@type\":\"BreadcrumbList\",\"@id\":\"https:\/\/strangercam.com\/randochat\/#breadcrumb\",\"itemListElement\":[{\"@type\":\"ListItem\",\"position\":1,\"name\":\"Home\",\"item\":\"https:\/\/strangercam.com\/\"},{\"@type\":\"ListItem\",\"position\":2,\"name\":\"Randochat\"}]},{\"@type\":\"WebSite\",\"@id\":\"https:\/\/strangercam.com\/#website\",\"url\":\"https:\/\/strangercam.com\/\",\"name\":\"Strangercam\",\"description\":\"Random Video Chat with Strangers\",\"publisher\":{\"@id\":\"https:\/\/strangercam.com\/#organization\"},\"alternateName\":\"Strangercam.com\",\"potentialAction\":[{\"@type\":\"SearchAction\",\"target\":{\"@type\":\"EntryPoint\",\"urlTemplate\":\"https:\/\/strangercam.com\/?s={search_term_string}\"},\"query-input\":{\"@type\":\"PropertyValueSpecification\",\"valueRequired\":true,\"valueName\":\"search_term_string\"}}],\"inLanguage\":\"fr-FR\"},{\"@type\":\"Organization\",\"@id\":\"https:\/\/strangercam.com\/#organization\",\"name\":\"Strangercam\",\"alternateName\":\"Strangercam.com\",\"url\":\"https:\/\/strangercam.com\/\",\"logo\":{\"@type\":\"ImageObject\",\"inLanguage\":\"fr-FR\",\"@id\":\"https:\/\/strangercam.com\/#\/schema\/logo\/image\/\",\"url\":\"https:\/\/strangercam.com\/wp-content\/uploads\/2020\/11\/cropped-new-favicon-black.png\",\"contentUrl\":\"https:\/\/strangercam.com\/wp-content\/uploads\/2020\/11\/cropped-new-favicon-black.png\",\"width\":512,\"height\":512,\"caption\":\"Strangercam\"},\"image\":{\"@id\":\"https:\/\/strangercam.com\/#\/schema\/logo\/image\/\"},\"sameAs\":[\"https:\/\/www.facebook.com\/strangercam\",\"https:\/\/x.com\/strangercamapp\"]}]}<\/script>\n<!-- \/ Yoast SEO plugin. -->","yoast_head_json":{"title":"Randochat - Chat Roulette Anonymous - Cam on StrangerCam.com","description":"Vous aimez Randochat ? Venez discuter avec plus de 5.000.000 d'inconnus sur Stranger Cam gratuitement ! Allume ta cam\u00e9ra et trouve de nouveaux amis et peut-\u00eatre un partenaire !","robots":{"index":"index","follow":"follow","max-snippet":"max-snippet:-1","max-image-preview":"max-image-preview:large","max-video-preview":"max-video-preview:-1"},"canonical":"https:\/\/strangercam.com\/fr\/randochat\/","og_locale":"fr_FR","og_type":"article","og_title":"Randochat - Chat Roulette Anonymously - Cam on StrangerCam.com","og_description":"Like Randochat? Come chat with more than 5.000.000 strangers on Stranger Cam for Free! Turn on your cam and find new friends & maby a match!","og_url":"https:\/\/strangercam.com\/fr\/randochat\/","og_site_name":"Strangercam","article_publisher":"https:\/\/www.facebook.com\/strangercam","article_modified_time":"2023-08-21T10:38:00+00:00","og_image":[{"width":800,"height":800,"url":"https:\/\/strangercam.com\/wp-content\/uploads\/2020\/11\/stranger-cam-1.png","type":"image\/png"}],"twitter_card":"summary_large_image","twitter_site":"@strangercamapp","twitter_misc":{"Dur\u00e9e de lecture estim\u00e9e":"2 minutes"},"schema":{"@context":"https:\/\/schema.org","@graph":[{"@type":"WebPage","@id":"https:\/\/strangercam.com\/randochat\/","url":"https:\/\/strangercam.com\/randochat\/","name":"Randochat - Chat Roulette Anonymous - Cam on StrangerCam.com","isPartOf":{"@id":"https:\/\/strangercam.com\/#website"},"primaryImageOfPage":{"@id":"https:\/\/strangercam.com\/randochat\/#primaryimage"},"image":{"@id":"https:\/\/strangercam.com\/randochat\/#primaryimage"},"thumbnailUrl":"https:\/\/strangercam.com\/wp-content\/uploads\/2020\/11\/stranger-cam-1.png","datePublished":"2022-05-30T11:39:35+00:00","dateModified":"2023-08-21T10:38:00+00:00","description":"Vous aimez Randochat ? Venez discuter avec plus de 5.000.000 d'inconnus sur Stranger Cam gratuitement ! Allume ta cam\u00e9ra et trouve de nouveaux amis et peut-\u00eatre un partenaire !","breadcrumb":{"@id":"https:\/\/strangercam.com\/randochat\/#breadcrumb"},"inLanguage":"fr-FR","potentialAction":[{"@type":"ReadAction","target":["https:\/\/strangercam.com\/randochat\/"]}]},{"@type":"ImageObject","inLanguage":"fr-FR","@id":"https:\/\/strangercam.com\/randochat\/#primaryimage","url":"https:\/\/strangercam.com\/wp-content\/uploads\/2020\/11\/stranger-cam-1.png","contentUrl":"https:\/\/strangercam.com\/wp-content\/uploads\/2020\/11\/stranger-cam-1.png","width":800,"height":800,"caption":"stranger cam random video chat"},{"@type":"BreadcrumbList","@id":"https:\/\/strangercam.com\/randochat\/#breadcrumb","itemListElement":[{"@type":"ListItem","position":1,"name":"Home","item":"https:\/\/strangercam.com\/"},{"@type":"ListItem","position":2,"name":"Randochat"}]},{"@type":"WebSite","@id":"https:\/\/strangercam.com\/#website","url":"https:\/\/strangercam.com\/","name":"Strangercam","description":"Chat vid\u00e9o al\u00e9atoire avec des inconnus","publisher":{"@id":"https:\/\/strangercam.com\/#organization"},"alternateName":"Strangercam.com","potentialAction":[{"@type":"SearchAction","target":{"@type":"EntryPoint","urlTemplate":"https:\/\/strangercam.com\/?s={search_term_string}"},"query-input":{"@type":"PropertyValueSpecification","valueRequired":true,"valueName":"search_term_string"}}],"inLanguage":"fr-FR"},{"@type":"Organization","@id":"https:\/\/strangercam.com\/#organization","name":"Strangercam","alternateName":"Strangercam.com","url":"https:\/\/strangercam.com\/","logo":{"@type":"ImageObject","inLanguage":"fr-FR","@id":"https:\/\/strangercam.com\/#\/schema\/logo\/image\/","url":"https:\/\/strangercam.com\/wp-content\/uploads\/2020\/11\/cropped-new-favicon-black.png","contentUrl":"https:\/\/strangercam.com\/wp-content\/uploads\/2020\/11\/cropped-new-favicon-black.png","width":512,"height":512,"caption":"Strangercam"},"image":{"@id":"https:\/\/strangercam.com\/#\/schema\/logo\/image\/"},"sameAs":["https:\/\/www.facebook.com\/strangercam","https:\/\/x.com\/strangercamapp"]}]}},"_links":{"self":[{"href":"https:\/\/strangercam.com\/fr\/wp-json\/wp\/v2\/pages\/10021","targetHints":{"allow":["GET"]}}],"collection":[{"href":"https:\/\/strangercam.com\/fr\/wp-json\/wp\/v2\/pages"}],"about":[{"href":"https:\/\/strangercam.com\/fr\/wp-json\/wp\/v2\/types\/page"}],"author":[{"embeddable":true,"href":"https:\/\/strangercam.com\/fr\/wp-json\/wp\/v2\/users\/6"}],"replies":[{"embeddable":true,"href":"https:\/\/strangercam.com\/fr\/wp-json\/wp\/v2\/comments?post=10021"}],"version-history":[{"count":0,"href":"https:\/\/strangercam.com\/fr\/wp-json\/wp\/v2\/pages\/10021\/revisions"}],"wp:featuredmedia":[{"embeddable":true,"href":"https:\/\/strangercam.com\/fr\/wp-json\/wp\/v2\/media\/559"}],"wp:attachment":[{"href":"https:\/\/strangercam.com\/fr\/wp-json\/wp\/v2\/media?parent=10021"}],"curies":[{"name":"wp","href":"https:\/\/api.w.org\/{rel}","templated":true}]}}