{"id":9999,"date":"2022-05-30T13:30:50","date_gmt":"2022-05-30T11:30:50","guid":{"rendered":"https:\/\/strangercam.com\/?page_id=9999"},"modified":"2023-08-21T12:24:41","modified_gmt":"2023-08-21T10:24:41","slug":"chatplanet","status":"publish","type":"page","link":"https:\/\/strangercam.com\/es\/chatplanet\/","title":{"rendered":"Chatplanet"},"content":{"rendered":"<p>La aplicaci\u00f3n de citas Chatplanet es una de las m\u00e1s famosas de Internet. Se trata de una herramienta f\u00e1cil de usar para conversar con personas al azar de todo el mundo. Cuando pulses el bot\u00f3n \"Empezar\", ser\u00e1s recibido por cientos de personas deseosas de <a href=\"https:\/\/strangercam.com\/es\/chathub\/\">chat<\/a>. Hay un mont\u00f3n de chicas encantadoras y buena gente conversando.<\/p>\n<h3>Un sistema seguro para encontrar compa\u00f1eros decentes e inteligentes en Internet<\/h3>\n<p>Esta es una de las aplicaciones de citas m\u00e1s seguras, que permite a otras personas disfrutar plenamente de su tiempo. Si te molesta el comportamiento del desconocido, s\u00f3lo tienes que pulsar el bot\u00f3n \"Siguiente\" para pasar a hablar con otra persona. La aplicaci\u00f3n incluye un bot\u00f3n de quejas. Puedes quejarte si el interlocutor abusa de ti o si crees que incumple las normas del videochat. Tu queja ser\u00e1 tenida en cuenta de inmediato por los administradores.<\/p>\n<h3>Privacidad y seguridad para los usuarios que chatean y disfrutan de su tiempo en Chatplanet<\/h3>\n<p>Chatplanet no s\u00f3lo proporciona seguridad a los usuarios, sino tambi\u00e9n contra su propio sistema. El sitio web tambi\u00e9n garantiza la seguridad de los usuarios en los servidores. Entender c\u00f3mo los desarrolladores adquieren y utilizan sus datos es el primer paso hacia la seguridad. La seguridad de la informaci\u00f3n y las pr\u00e1cticas de privacidad de los datos pueden variar en funci\u00f3n de c\u00f3mo utilices el sitio, d\u00f3nde vivas y cu\u00e1ntos a\u00f1os tengas. Esta informaci\u00f3n ha sido facilitada por el desarrollador, que podr\u00e1 actualizarla en el futuro.<\/p>\n<ul>\n<li>No se compartir\u00e1n datos con terceros. Puede obtener m\u00e1s informaci\u00f3n sobre las declaraciones de compartici\u00f3n realizadas por los desarrolladores.<\/li>\n<li>No se ha recopilado ninguna informaci\u00f3n. M\u00e1s informaci\u00f3n sobre c\u00f3mo los programadores declaran las colecciones.<\/li>\n<\/ul>\n<h3>Somos el mejor sitio web alternativo para el sitio web de citas m\u00e1s popular.<\/h3>\n<p>Chatplanet System ofrece a sus usuarios un servicio de citas de gran calidad y fiabilidad. <a href=\"https:\/\/strangercam.com\/es\/coomeet\/\">Videochat<\/a> al azar ChatPlanet es un lugar estupendo para conocer gente cercana, y elegiremos a alguien al azar para ayudarte a empezar. Hasta que no expongas tu identidad, los chats son an\u00f3nimos. Alternativas a <a href=\"https:\/\/strangercam.com\/es\/omegle\/\">Omegle<\/a>, <a href=\"https:\/\/strangercam.com\/es\/chatroulette\/\">ChatRoulette<\/a>, y Chatruletka son Omegle, ChatRoulette y Chatruletka. Chatplanet es el mejor sitio de videochat aleatorio para conocer gente nueva. Habla con desconocidos al azar.<\/p>\n<h3>Comunique a la persona su capacidad mental y sus antecedentes<\/h3>\n<p>En Chatplanet hemos introducido filtros inteligentes que te permiten encontrar a la persona adecuada. Usted puede dar la profesi\u00f3n, atributos f\u00edsicos, y otra informaci\u00f3n de ubicaci\u00f3n para obtener el mejor resultado para usted. As\u00ed, podr\u00e1s comunicarte con las personas adecuadas y pasar el mejor rato de tu vida.<\/p>\n<h3>Conclusi\u00f3n<\/h3>\n<p>Si quieres comunicarte con gente de tu calibre, \u00fanete hoy mismo a la aplicaci\u00f3n de citas Chatplanet.<\/p>","protected":false},"excerpt":{"rendered":"<p>Chatplanet dating app is one of the most famous dating apps online. This is an easy-to-use tool for conversing with random individuals from all over the world. When you press the &#8220;Start&#8221; button, you&#8217;ll be greeted by hundreds of folks eager to chat. There are a lot of lovely girls and good people conversing. A [&hellip;]<\/p>\n","protected":false},"author":6,"featured_media":559,"parent":0,"menu_order":0,"comment_status":"closed","ping_status":"closed","template":"","meta":{"footnotes":""},"class_list":["post-9999","page","type-page","status-publish","has-post-thumbnail","hentry"],"yoast_head":"<!-- This site is optimized with the Yoast SEO plugin v26.9 - https:\/\/yoast.com\/product\/yoast-seo-wordpress\/ -->\n<title>Chatplanet - Random Video Chat - Cam on StrangerCam.com<\/title>\n<meta name=\"description\" content=\"Like Chatplanet? Come chat with more than 5.000.000 strangers on Stranger Cam for Free! Turn on your cam and find new friends &amp; maby a match!\" \/>\n<meta name=\"robots\" content=\"index, follow, max-snippet:-1, max-image-preview:large, max-video-preview:-1\" \/>\n<link rel=\"canonical\" href=\"https:\/\/strangercam.com\/es\/chatplanet\/\" \/>\n<meta property=\"og:locale\" content=\"es_ES\" \/>\n<meta property=\"og:type\" content=\"article\" \/>\n<meta property=\"og:title\" content=\"Chatplanet - Random Video Chat - Cam on StrangerCam.com\" \/>\n<meta property=\"og:description\" content=\"Like Chatplanet? Come chat with more than 5.000.000 strangers on Stranger Cam for Free! Turn on your cam and find new friends &amp; maby a match!\" \/>\n<meta property=\"og:url\" content=\"https:\/\/strangercam.com\/es\/chatplanet\/\" \/>\n<meta property=\"og:site_name\" content=\"Strangercam\" \/>\n<meta property=\"article:publisher\" content=\"https:\/\/www.facebook.com\/strangercam\" \/>\n<meta property=\"article:modified_time\" content=\"2023-08-21T10:24:41+00:00\" \/>\n<meta property=\"og:image\" content=\"https:\/\/strangercam.com\/wp-content\/uploads\/2020\/11\/stranger-cam-1.png\" \/>\n\t<meta property=\"og:image:width\" content=\"800\" \/>\n\t<meta property=\"og:image:height\" content=\"800\" \/>\n\t<meta property=\"og:image:type\" content=\"image\/png\" \/>\n<meta name=\"twitter:card\" content=\"summary_large_image\" \/>\n<meta name=\"twitter:site\" content=\"@strangercamapp\" \/>\n<meta name=\"twitter:label1\" content=\"Tiempo de lectura\" \/>\n\t<meta name=\"twitter:data1\" content=\"2 minutos\" \/>\n<script type=\"application\/ld+json\" class=\"yoast-schema-graph\">{\"@context\":\"https:\/\/schema.org\",\"@graph\":[{\"@type\":\"WebPage\",\"@id\":\"https:\/\/strangercam.com\/chatplanet\/\",\"url\":\"https:\/\/strangercam.com\/chatplanet\/\",\"name\":\"Chatplanet - Random Video Chat - Cam on StrangerCam.com\",\"isPartOf\":{\"@id\":\"https:\/\/strangercam.com\/#website\"},\"primaryImageOfPage\":{\"@id\":\"https:\/\/strangercam.com\/chatplanet\/#primaryimage\"},\"image\":{\"@id\":\"https:\/\/strangercam.com\/chatplanet\/#primaryimage\"},\"thumbnailUrl\":\"https:\/\/strangercam.com\/wp-content\/uploads\/2020\/11\/stranger-cam-1.png\",\"datePublished\":\"2022-05-30T11:30:50+00:00\",\"dateModified\":\"2023-08-21T10:24:41+00:00\",\"description\":\"Like Chatplanet? Come chat with more than 5.000.000 strangers on Stranger Cam for Free! Turn on your cam and find new friends & maby a match!\",\"breadcrumb\":{\"@id\":\"https:\/\/strangercam.com\/chatplanet\/#breadcrumb\"},\"inLanguage\":\"es\",\"potentialAction\":[{\"@type\":\"ReadAction\",\"target\":[\"https:\/\/strangercam.com\/chatplanet\/\"]}]},{\"@type\":\"ImageObject\",\"inLanguage\":\"es\",\"@id\":\"https:\/\/strangercam.com\/chatplanet\/#primaryimage\",\"url\":\"https:\/\/strangercam.com\/wp-content\/uploads\/2020\/11\/stranger-cam-1.png\",\"contentUrl\":\"https:\/\/strangercam.com\/wp-content\/uploads\/2020\/11\/stranger-cam-1.png\",\"width\":800,\"height\":800,\"caption\":\"stranger cam random video chat\"},{\"@type\":\"BreadcrumbList\",\"@id\":\"https:\/\/strangercam.com\/chatplanet\/#breadcrumb\",\"itemListElement\":[{\"@type\":\"ListItem\",\"position\":1,\"name\":\"Home\",\"item\":\"https:\/\/strangercam.com\/\"},{\"@type\":\"ListItem\",\"position\":2,\"name\":\"Chatplanet\"}]},{\"@type\":\"WebSite\",\"@id\":\"https:\/\/strangercam.com\/#website\",\"url\":\"https:\/\/strangercam.com\/\",\"name\":\"Strangercam\",\"description\":\"Random Video Chat with Strangers\",\"publisher\":{\"@id\":\"https:\/\/strangercam.com\/#organization\"},\"alternateName\":\"Strangercam.com\",\"potentialAction\":[{\"@type\":\"SearchAction\",\"target\":{\"@type\":\"EntryPoint\",\"urlTemplate\":\"https:\/\/strangercam.com\/?s={search_term_string}\"},\"query-input\":{\"@type\":\"PropertyValueSpecification\",\"valueRequired\":true,\"valueName\":\"search_term_string\"}}],\"inLanguage\":\"es\"},{\"@type\":\"Organization\",\"@id\":\"https:\/\/strangercam.com\/#organization\",\"name\":\"Strangercam\",\"alternateName\":\"Strangercam.com\",\"url\":\"https:\/\/strangercam.com\/\",\"logo\":{\"@type\":\"ImageObject\",\"inLanguage\":\"es\",\"@id\":\"https:\/\/strangercam.com\/#\/schema\/logo\/image\/\",\"url\":\"https:\/\/strangercam.com\/wp-content\/uploads\/2020\/11\/cropped-new-favicon-black.png\",\"contentUrl\":\"https:\/\/strangercam.com\/wp-content\/uploads\/2020\/11\/cropped-new-favicon-black.png\",\"width\":512,\"height\":512,\"caption\":\"Strangercam\"},\"image\":{\"@id\":\"https:\/\/strangercam.com\/#\/schema\/logo\/image\/\"},\"sameAs\":[\"https:\/\/www.facebook.com\/strangercam\",\"https:\/\/x.com\/strangercamapp\"]}]}<\/script>\n<!-- \/ Yoast SEO plugin. -->","yoast_head_json":{"title":"Chatplanet - Video Chat al azar - Cam en StrangerCam.com","description":"\u00bfTe gusta Chatplanet? \u00a1Ven a chatear gratis con m\u00e1s de 5.000.000 de desconocidos en Stranger Cam! \u00a1Enciende tu c\u00e1mara y encuentra nuevos amigos y tal vez una pareja!","robots":{"index":"index","follow":"follow","max-snippet":"max-snippet:-1","max-image-preview":"max-image-preview:large","max-video-preview":"max-video-preview:-1"},"canonical":"https:\/\/strangercam.com\/es\/chatplanet\/","og_locale":"es_ES","og_type":"article","og_title":"Chatplanet - Random Video Chat - Cam on StrangerCam.com","og_description":"Like Chatplanet? Come chat with more than 5.000.000 strangers on Stranger Cam for Free! Turn on your cam and find new friends & maby a match!","og_url":"https:\/\/strangercam.com\/es\/chatplanet\/","og_site_name":"Strangercam","article_publisher":"https:\/\/www.facebook.com\/strangercam","article_modified_time":"2023-08-21T10:24:41+00:00","og_image":[{"width":800,"height":800,"url":"https:\/\/strangercam.com\/wp-content\/uploads\/2020\/11\/stranger-cam-1.png","type":"image\/png"}],"twitter_card":"summary_large_image","twitter_site":"@strangercamapp","twitter_misc":{"Tiempo de lectura":"2 minutos"},"schema":{"@context":"https:\/\/schema.org","@graph":[{"@type":"WebPage","@id":"https:\/\/strangercam.com\/chatplanet\/","url":"https:\/\/strangercam.com\/chatplanet\/","name":"Chatplanet - Video Chat al azar - Cam en StrangerCam.com","isPartOf":{"@id":"https:\/\/strangercam.com\/#website"},"primaryImageOfPage":{"@id":"https:\/\/strangercam.com\/chatplanet\/#primaryimage"},"image":{"@id":"https:\/\/strangercam.com\/chatplanet\/#primaryimage"},"thumbnailUrl":"https:\/\/strangercam.com\/wp-content\/uploads\/2020\/11\/stranger-cam-1.png","datePublished":"2022-05-30T11:30:50+00:00","dateModified":"2023-08-21T10:24:41+00:00","description":"\u00bfTe gusta Chatplanet? \u00a1Ven a chatear gratis con m\u00e1s de 5.000.000 de desconocidos en Stranger Cam! \u00a1Enciende tu c\u00e1mara y encuentra nuevos amigos y tal vez una pareja!","breadcrumb":{"@id":"https:\/\/strangercam.com\/chatplanet\/#breadcrumb"},"inLanguage":"es","potentialAction":[{"@type":"ReadAction","target":["https:\/\/strangercam.com\/chatplanet\/"]}]},{"@type":"ImageObject","inLanguage":"es","@id":"https:\/\/strangercam.com\/chatplanet\/#primaryimage","url":"https:\/\/strangercam.com\/wp-content\/uploads\/2020\/11\/stranger-cam-1.png","contentUrl":"https:\/\/strangercam.com\/wp-content\/uploads\/2020\/11\/stranger-cam-1.png","width":800,"height":800,"caption":"stranger cam random video chat"},{"@type":"BreadcrumbList","@id":"https:\/\/strangercam.com\/chatplanet\/#breadcrumb","itemListElement":[{"@type":"ListItem","position":1,"name":"Home","item":"https:\/\/strangercam.com\/"},{"@type":"ListItem","position":2,"name":"Chatplanet"}]},{"@type":"WebSite","@id":"https:\/\/strangercam.com\/#website","url":"https:\/\/strangercam.com\/","name":"Strangercam","description":"Videochat aleatorio con desconocidos","publisher":{"@id":"https:\/\/strangercam.com\/#organization"},"alternateName":"Strangercam.com","potentialAction":[{"@type":"SearchAction","target":{"@type":"EntryPoint","urlTemplate":"https:\/\/strangercam.com\/?s={search_term_string}"},"query-input":{"@type":"PropertyValueSpecification","valueRequired":true,"valueName":"search_term_string"}}],"inLanguage":"es"},{"@type":"Organization","@id":"https:\/\/strangercam.com\/#organization","name":"Strangercam","alternateName":"Strangercam.com","url":"https:\/\/strangercam.com\/","logo":{"@type":"ImageObject","inLanguage":"es","@id":"https:\/\/strangercam.com\/#\/schema\/logo\/image\/","url":"https:\/\/strangercam.com\/wp-content\/uploads\/2020\/11\/cropped-new-favicon-black.png","contentUrl":"https:\/\/strangercam.com\/wp-content\/uploads\/2020\/11\/cropped-new-favicon-black.png","width":512,"height":512,"caption":"Strangercam"},"image":{"@id":"https:\/\/strangercam.com\/#\/schema\/logo\/image\/"},"sameAs":["https:\/\/www.facebook.com\/strangercam","https:\/\/x.com\/strangercamapp"]}]}},"_links":{"self":[{"href":"https:\/\/strangercam.com\/es\/wp-json\/wp\/v2\/pages\/9999","targetHints":{"allow":["GET"]}}],"collection":[{"href":"https:\/\/strangercam.com\/es\/wp-json\/wp\/v2\/pages"}],"about":[{"href":"https:\/\/strangercam.com\/es\/wp-json\/wp\/v2\/types\/page"}],"author":[{"embeddable":true,"href":"https:\/\/strangercam.com\/es\/wp-json\/wp\/v2\/users\/6"}],"replies":[{"embeddable":true,"href":"https:\/\/strangercam.com\/es\/wp-json\/wp\/v2\/comments?post=9999"}],"version-history":[{"count":0,"href":"https:\/\/strangercam.com\/es\/wp-json\/wp\/v2\/pages\/9999\/revisions"}],"wp:featuredmedia":[{"embeddable":true,"href":"https:\/\/strangercam.com\/es\/wp-json\/wp\/v2\/media\/559"}],"wp:attachment":[{"href":"https:\/\/strangercam.com\/es\/wp-json\/wp\/v2\/media?parent=9999"}],"curies":[{"name":"wp","href":"https:\/\/api.w.org\/{rel}","templated":true}]}}