{"id":980,"date":"2021-01-09T13:06:16","date_gmt":"2021-01-09T11:06:16","guid":{"rendered":"https:\/\/strangercam.com\/?page_id=980"},"modified":"2023-08-21T11:40:07","modified_gmt":"2023-08-21T09:40:07","slug":"azar-app","status":"publish","type":"page","link":"https:\/\/strangercam.com\/es\/azar-app\/","title":{"rendered":"Azar App"},"content":{"rendered":"<p>Hacer nuevos amigos en un lugar nuevo puede resultar dif\u00edcil para muchas personas debido a diversos factores. Como resultado, les gusta utilizar algunas plataformas y aplicaciones para conectar con extra\u00f1os lo antes posible. Sin embargo, no todas son iguales y hay que estudiarlas en detalle. Esto ayudar\u00e1 mucho a encontrar una plataforma o app que ayude a encontrar personalidades interesantes de diferentes partes del mundo con facilidad. La mayor\u00eda de las plataformas y apps permiten a los usuarios conectar con otras personas r\u00e1pidamente para obtener una mejor experiencia.<\/p>\n<h2>Aplicaci\u00f3n Azar para conocer a personas afines<\/h2>\n<p>Cualquiera que desee <a href=\"https:\/\/strangercam.com\/es\/mili\/\">en directo<\/a> conexi\u00f3n en tiempo real pueden elegir la aplicaci\u00f3n Azar para satisfacer sus necesidades. El sitio <a href=\"https:\/\/strangercam.com\/es\/rabbit-video-chat\/\">v\u00eddeo<\/a> <a href=\"https:\/\/strangercam.com\/es\/chatroulette\/\">chat<\/a> permite a los usuarios mantener conversaciones divertidas con personas desconocidas con las \u00faltimas funciones. Otra cosa acerca de la aplicaci\u00f3n es que hace maneras factibles para agregar filtros y efectos mientras que. <a href=\"https:\/\/strangercam.com\/es\/chatingly\/\">chat<\/a> con otros. Adem\u00e1s, permite emparejar a personas con intereses comunes. Adem\u00e1s, la aplicaci\u00f3n permite entablar r\u00e1pidamente conversaciones efectivas con personas afines de distintos lugares.<\/p>\n<h2>\u00bfQu\u00e9 funciones ofrece la aplicaci\u00f3n Azar?<\/h2>\n<p>Los usuarios deben conocer las caracter\u00edsticas de la aplicaci\u00f3n antes de iniciar conversaciones. Azar incluye algunas funciones excelentes para las personas que quieren hacer buenos amigos en un lugar. Permite al usuario navegar por las funciones del historial, que permiten reanudar las conversaciones con contactos anteriores. Adem\u00e1s, la funci\u00f3n de chat integrada que ofrece la aplicaci\u00f3n traduce mensajes en idiomas extranjeros con gran precisi\u00f3n. La plataforma de la aplicaci\u00f3n es la mejor opci\u00f3n para conocer gente nueva en sencillos pasos. Adem\u00e1s, puedes utilizar filtros de g\u00e9nero y regi\u00f3n cuando quieras hablar con otras personas.<\/p>\n<h2>\u00bfC\u00f3mo descargar la aplicaci\u00f3n?<\/h2>\n<p>La aplicaci\u00f3n ya est\u00e1 disponible en <a href=\"https:\/\/play.google.com\/store\/apps\/details?id=com.azarlihttps:\/\/play.google.com\/store\/apps\/details?id=com.azarlive.android&amp;hl=en_ZA&amp;gl=USve.android&amp;hl=en_ZA&amp;gl=US\">Google Play Store<\/a> y los usuarios pueden descargar el mismo en sus dispositivos m\u00f3viles sin ninguna dificultad. Los usuarios que quieran tener encuentros divertidos con extra\u00f1os pueden beneficiarse m\u00e1s de la funci\u00f3n en vivo de Azar. El equipo de atenci\u00f3n al cliente 24\/7 que ofrece la aplicaci\u00f3n permite a los usuarios conectar con otras personas en un entorno divertido. Al mismo tiempo, hay que leer las opiniones y valoraciones de la aplicaci\u00f3n antes de instalarla en los dispositivos m\u00f3viles. Tanto <a href=\"https:\/\/strangercam.com\/es\/chat4free\/\">gratis<\/a> Los usuarios tienen a su disposici\u00f3n versiones de pago y de suscripci\u00f3n, y pueden elegir la que mejor satisfaga sus expectativas. Adem\u00e1s, la aplicaci\u00f3n permite emparejar perfiles f\u00e1cilmente para hacer amigos sin complicaciones.<\/p>","protected":false},"excerpt":{"rendered":"<p>Making new friends in a new location may become a difficult one for many people due to various factors. As a result, they like to use some platforms and apps to connect with strangers as soon as possible. However, not all are the same and one should make a detailed study about them in detail. [&hellip;]<\/p>\n","protected":false},"author":6,"featured_media":559,"parent":0,"menu_order":0,"comment_status":"closed","ping_status":"closed","template":"","meta":{"footnotes":""},"class_list":["post-980","page","type-page","status-publish","has-post-thumbnail","hentry"],"yoast_head":"<!-- This site is optimized with the Yoast SEO plugin v27.4 - https:\/\/yoast.com\/product\/yoast-seo-wordpress\/ -->\n<title>Azar App - Swipe, Match, Video Chat - Cam on StrangerCam.com<\/title>\n<meta name=\"description\" content=\"Like Azar App? Come chat with more than 5.000.000 strangers on Stranger Cam for Free! Turn on your cam and find new friends &amp; maby a match!\" \/>\n<meta name=\"robots\" content=\"index, follow, max-snippet:-1, max-image-preview:large, max-video-preview:-1\" \/>\n<link rel=\"canonical\" href=\"https:\/\/strangercam.com\/es\/azar-app\/\" \/>\n<meta property=\"og:locale\" content=\"es_ES\" \/>\n<meta property=\"og:type\" content=\"article\" \/>\n<meta property=\"og:title\" content=\"Azar App - Swipe, Match, Video Chat - Cam on StrangerCam.com\" \/>\n<meta property=\"og:description\" content=\"Like Azar App? Come chat with more than 5.000.000 strangers on Stranger Cam for Free! Turn on your cam and find new friends &amp; maby a match!\" \/>\n<meta property=\"og:url\" content=\"https:\/\/strangercam.com\/es\/azar-app\/\" \/>\n<meta property=\"og:site_name\" content=\"Strangercam\" \/>\n<meta property=\"article:publisher\" content=\"https:\/\/www.facebook.com\/strangercam\" \/>\n<meta property=\"article:modified_time\" content=\"2023-08-21T09:40:07+00:00\" \/>\n<meta property=\"og:image\" content=\"https:\/\/strangercam.com\/wp-content\/uploads\/2020\/11\/stranger-cam-1.png\" \/>\n\t<meta property=\"og:image:width\" content=\"800\" \/>\n\t<meta property=\"og:image:height\" content=\"800\" \/>\n\t<meta property=\"og:image:type\" content=\"image\/png\" \/>\n<meta name=\"twitter:card\" content=\"summary_large_image\" \/>\n<meta name=\"twitter:site\" content=\"@strangercamapp\" \/>\n<meta name=\"twitter:label1\" content=\"Tiempo de lectura\" \/>\n\t<meta name=\"twitter:data1\" content=\"2 minutos\" \/>\n<script type=\"application\/ld+json\" class=\"yoast-schema-graph\">{\"@context\":\"https:\\\/\\\/schema.org\",\"@graph\":[{\"@type\":\"WebPage\",\"@id\":\"https:\\\/\\\/strangercam.com\\\/azar-app\\\/\",\"url\":\"https:\\\/\\\/strangercam.com\\\/azar-app\\\/\",\"name\":\"Azar App - Swipe, Match, Video Chat - Cam on StrangerCam.com\",\"isPartOf\":{\"@id\":\"https:\\\/\\\/strangercam.com\\\/#website\"},\"primaryImageOfPage\":{\"@id\":\"https:\\\/\\\/strangercam.com\\\/azar-app\\\/#primaryimage\"},\"image\":{\"@id\":\"https:\\\/\\\/strangercam.com\\\/azar-app\\\/#primaryimage\"},\"thumbnailUrl\":\"https:\\\/\\\/strangercam.com\\\/wp-content\\\/uploads\\\/2020\\\/11\\\/stranger-cam-1.png\",\"datePublished\":\"2021-01-09T11:06:16+00:00\",\"dateModified\":\"2023-08-21T09:40:07+00:00\",\"description\":\"Like Azar App? Come chat with more than 5.000.000 strangers on Stranger Cam for Free! Turn on your cam and find new friends & maby a match!\",\"breadcrumb\":{\"@id\":\"https:\\\/\\\/strangercam.com\\\/azar-app\\\/#breadcrumb\"},\"inLanguage\":\"es\",\"potentialAction\":[{\"@type\":\"ReadAction\",\"target\":[\"https:\\\/\\\/strangercam.com\\\/azar-app\\\/\"]}]},{\"@type\":\"ImageObject\",\"inLanguage\":\"es\",\"@id\":\"https:\\\/\\\/strangercam.com\\\/azar-app\\\/#primaryimage\",\"url\":\"https:\\\/\\\/strangercam.com\\\/wp-content\\\/uploads\\\/2020\\\/11\\\/stranger-cam-1.png\",\"contentUrl\":\"https:\\\/\\\/strangercam.com\\\/wp-content\\\/uploads\\\/2020\\\/11\\\/stranger-cam-1.png\",\"width\":800,\"height\":800,\"caption\":\"stranger cam random video chat\"},{\"@type\":\"BreadcrumbList\",\"@id\":\"https:\\\/\\\/strangercam.com\\\/azar-app\\\/#breadcrumb\",\"itemListElement\":[{\"@type\":\"ListItem\",\"position\":1,\"name\":\"Home\",\"item\":\"https:\\\/\\\/strangercam.com\\\/\"},{\"@type\":\"ListItem\",\"position\":2,\"name\":\"Azar App\"}]},{\"@type\":\"WebSite\",\"@id\":\"https:\\\/\\\/strangercam.com\\\/#website\",\"url\":\"https:\\\/\\\/strangercam.com\\\/\",\"name\":\"Strangercam\",\"description\":\"Random Video Chat with Strangers\",\"publisher\":{\"@id\":\"https:\\\/\\\/strangercam.com\\\/#organization\"},\"alternateName\":\"Strangercam.com\",\"potentialAction\":[{\"@type\":\"SearchAction\",\"target\":{\"@type\":\"EntryPoint\",\"urlTemplate\":\"https:\\\/\\\/strangercam.com\\\/?s={search_term_string}\"},\"query-input\":{\"@type\":\"PropertyValueSpecification\",\"valueRequired\":true,\"valueName\":\"search_term_string\"}}],\"inLanguage\":\"es\"},{\"@type\":\"Organization\",\"@id\":\"https:\\\/\\\/strangercam.com\\\/#organization\",\"name\":\"Strangercam\",\"alternateName\":\"Strangercam.com\",\"url\":\"https:\\\/\\\/strangercam.com\\\/\",\"logo\":{\"@type\":\"ImageObject\",\"inLanguage\":\"es\",\"@id\":\"https:\\\/\\\/strangercam.com\\\/#\\\/schema\\\/logo\\\/image\\\/\",\"url\":\"https:\\\/\\\/strangercam.com\\\/wp-content\\\/uploads\\\/2020\\\/11\\\/cropped-new-favicon-black.png\",\"contentUrl\":\"https:\\\/\\\/strangercam.com\\\/wp-content\\\/uploads\\\/2020\\\/11\\\/cropped-new-favicon-black.png\",\"width\":512,\"height\":512,\"caption\":\"Strangercam\"},\"image\":{\"@id\":\"https:\\\/\\\/strangercam.com\\\/#\\\/schema\\\/logo\\\/image\\\/\"},\"sameAs\":[\"https:\\\/\\\/www.facebook.com\\\/strangercam\",\"https:\\\/\\\/x.com\\\/strangercamapp\"]}]}<\/script>\n<!-- \/ Yoast SEO plugin. -->","yoast_head_json":{"title":"Azar App - Swipe, Match, Video Chat - Cam en StrangerCam.com","description":"\u00bfTe gusta Azar App? \u00a1Ven a chatear gratis con m\u00e1s de 5.000.000 de desconocidos en Stranger Cam! \u00a1Enciende tu c\u00e1mara y encuentra nuevos amigos y tal vez una pareja!","robots":{"index":"index","follow":"follow","max-snippet":"max-snippet:-1","max-image-preview":"max-image-preview:large","max-video-preview":"max-video-preview:-1"},"canonical":"https:\/\/strangercam.com\/es\/azar-app\/","og_locale":"es_ES","og_type":"article","og_title":"Azar App - Swipe, Match, Video Chat - Cam on StrangerCam.com","og_description":"Like Azar App? Come chat with more than 5.000.000 strangers on Stranger Cam for Free! Turn on your cam and find new friends & maby a match!","og_url":"https:\/\/strangercam.com\/es\/azar-app\/","og_site_name":"Strangercam","article_publisher":"https:\/\/www.facebook.com\/strangercam","article_modified_time":"2023-08-21T09:40:07+00:00","og_image":[{"width":800,"height":800,"url":"https:\/\/strangercam.com\/wp-content\/uploads\/2020\/11\/stranger-cam-1.png","type":"image\/png"}],"twitter_card":"summary_large_image","twitter_site":"@strangercamapp","twitter_misc":{"Tiempo de lectura":"2 minutos"},"schema":{"@context":"https:\/\/schema.org","@graph":[{"@type":"WebPage","@id":"https:\/\/strangercam.com\/azar-app\/","url":"https:\/\/strangercam.com\/azar-app\/","name":"Azar App - Swipe, Match, Video Chat - Cam en StrangerCam.com","isPartOf":{"@id":"https:\/\/strangercam.com\/#website"},"primaryImageOfPage":{"@id":"https:\/\/strangercam.com\/azar-app\/#primaryimage"},"image":{"@id":"https:\/\/strangercam.com\/azar-app\/#primaryimage"},"thumbnailUrl":"https:\/\/strangercam.com\/wp-content\/uploads\/2020\/11\/stranger-cam-1.png","datePublished":"2021-01-09T11:06:16+00:00","dateModified":"2023-08-21T09:40:07+00:00","description":"\u00bfTe gusta Azar App? \u00a1Ven a chatear gratis con m\u00e1s de 5.000.000 de desconocidos en Stranger Cam! \u00a1Enciende tu c\u00e1mara y encuentra nuevos amigos y tal vez una pareja!","breadcrumb":{"@id":"https:\/\/strangercam.com\/azar-app\/#breadcrumb"},"inLanguage":"es","potentialAction":[{"@type":"ReadAction","target":["https:\/\/strangercam.com\/azar-app\/"]}]},{"@type":"ImageObject","inLanguage":"es","@id":"https:\/\/strangercam.com\/azar-app\/#primaryimage","url":"https:\/\/strangercam.com\/wp-content\/uploads\/2020\/11\/stranger-cam-1.png","contentUrl":"https:\/\/strangercam.com\/wp-content\/uploads\/2020\/11\/stranger-cam-1.png","width":800,"height":800,"caption":"stranger cam random video chat"},{"@type":"BreadcrumbList","@id":"https:\/\/strangercam.com\/azar-app\/#breadcrumb","itemListElement":[{"@type":"ListItem","position":1,"name":"Home","item":"https:\/\/strangercam.com\/"},{"@type":"ListItem","position":2,"name":"Azar App"}]},{"@type":"WebSite","@id":"https:\/\/strangercam.com\/#website","url":"https:\/\/strangercam.com\/","name":"Strangercam","description":"Videochat aleatorio con desconocidos","publisher":{"@id":"https:\/\/strangercam.com\/#organization"},"alternateName":"Strangercam.com","potentialAction":[{"@type":"SearchAction","target":{"@type":"EntryPoint","urlTemplate":"https:\/\/strangercam.com\/?s={search_term_string}"},"query-input":{"@type":"PropertyValueSpecification","valueRequired":true,"valueName":"search_term_string"}}],"inLanguage":"es"},{"@type":"Organization","@id":"https:\/\/strangercam.com\/#organization","name":"Strangercam","alternateName":"Strangercam.com","url":"https:\/\/strangercam.com\/","logo":{"@type":"ImageObject","inLanguage":"es","@id":"https:\/\/strangercam.com\/#\/schema\/logo\/image\/","url":"https:\/\/strangercam.com\/wp-content\/uploads\/2020\/11\/cropped-new-favicon-black.png","contentUrl":"https:\/\/strangercam.com\/wp-content\/uploads\/2020\/11\/cropped-new-favicon-black.png","width":512,"height":512,"caption":"Strangercam"},"image":{"@id":"https:\/\/strangercam.com\/#\/schema\/logo\/image\/"},"sameAs":["https:\/\/www.facebook.com\/strangercam","https:\/\/x.com\/strangercamapp"]}]}},"_links":{"self":[{"href":"https:\/\/strangercam.com\/es\/wp-json\/wp\/v2\/pages\/980","targetHints":{"allow":["GET"]}}],"collection":[{"href":"https:\/\/strangercam.com\/es\/wp-json\/wp\/v2\/pages"}],"about":[{"href":"https:\/\/strangercam.com\/es\/wp-json\/wp\/v2\/types\/page"}],"author":[{"embeddable":true,"href":"https:\/\/strangercam.com\/es\/wp-json\/wp\/v2\/users\/6"}],"replies":[{"embeddable":true,"href":"https:\/\/strangercam.com\/es\/wp-json\/wp\/v2\/comments?post=980"}],"version-history":[{"count":0,"href":"https:\/\/strangercam.com\/es\/wp-json\/wp\/v2\/pages\/980\/revisions"}],"wp:featuredmedia":[{"embeddable":true,"href":"https:\/\/strangercam.com\/es\/wp-json\/wp\/v2\/media\/559"}],"wp:attachment":[{"href":"https:\/\/strangercam.com\/es\/wp-json\/wp\/v2\/media?parent=980"}],"curies":[{"name":"wp","href":"https:\/\/api.w.org\/{rel}","templated":true}]}}