{"id":9038,"date":"2025-09-29T10:37:31","date_gmt":"2025-09-29T08:37:31","guid":{"rendered":"https:\/\/strangercam.com\/?page_id=9038"},"modified":"2025-09-29T12:03:57","modified_gmt":"2025-09-29T10:03:57","slug":"chat-en-linea-gratis","status":"publish","type":"page","link":"https:\/\/strangercam.com\/es\/free-online-chat\/","title":{"rendered":"Chat en l\u00ednea gratuito"},"content":{"rendered":"<p>\u00bfBusca un servicio gratuito en l\u00ednea? <a href=\"https:\/\/strangercam.com\/es\/chathub\/\">Chat<\/a>? No es el \u00fanico. Millones de personas teclean cada mes esas palabras exactas en Google, buscando una forma r\u00e1pida, segura y gratuita de <a href=\"https:\/\/strangercam.com\/es\/coomeet\/\">conozca<\/a> nuevas personas en l\u00ednea. A diferencia de las redes sociales o las aplicaciones de citas, que requieren largas inscripciones, las plataformas de chat en l\u00ednea gratuitas te permiten conectar al instante, sin complicaciones.<\/p>\n<p>En 2025, plataformas como StrangerCam hacen que sea m\u00e1s f\u00e1cil que nunca empezar a chatear gratis, sin descargas ni costes ocultos. Tanto si quieres mantener conversaciones informales, entablar una amistad global o flirtear de forma desenfadada, el chat en l\u00ednea gratuito sigue siendo una de las formas m\u00e1s interesantes de conectar en l\u00ednea.<\/p>\n<p>Esta gu\u00eda cubrir\u00e1 todo lo que necesitas saber: qu\u00e9 es el chat en l\u00ednea gratuito, por qu\u00e9 es tan popular, c\u00f3mo funciona, su historia, qu\u00e9 caracter\u00edsticas importan m\u00e1s, las principales plataformas, consejos de seguridad y por qu\u00e9 StrangerCam es una de las mejores opciones hoy en d\u00eda.<\/p>\n<h2>\u00bfQu\u00e9 es el chat en l\u00ednea gratuito?<\/h2>\n<p>El chat en l\u00ednea gratuito hace referencia a plataformas digitales en las que puedes hablar con gente al instante a trav\u00e9s de texto o v\u00eddeo sin pagar cuotas ni crear largos perfiles. La idea es sencilla: pulsas un bot\u00f3n y te pones en contacto con alguien nuevo, en cualquier momento y lugar.<\/p>\n<p>A diferencia de las redes sociales tradicionales o las aplicaciones de citas, las plataformas de chat gratuitas se basan en la espontaneidad. No requieren deslizar el dedo, algoritmos o perfiles curados. En su lugar, ofrecen interacci\u00f3n en tiempo real con desconocidos de todo el mundo.<\/p>\n<h2>Por qu\u00e9 la gente adora el chat en l\u00ednea gratuito<\/h2>\n<p>La frase \"chat en l\u00ednea gratis\" ha seguido siendo popular durante d\u00e9cadas porque:<\/p>\n<ul>\n<li>Conexi\u00f3n instant\u00e1nea: No hay que esperar a las coincidencias ni a las respuestas.<\/li>\n<li>Amistades globales: Conoce a gente de m\u00e1s de 100 pa\u00edses.<\/li>\n<li>Conversaciones variadas: Desde bromas casuales hasta conversaciones m\u00e1s profundas.<\/li>\n<li>Asequibilidad: Acceso realmente gratuito, sin muros de pago ocultos.<\/li>\n<li>Espontaneidad: cada charla es \u00fanica e imprevisible.<\/li>\n<li>Flexibilidad: Opciones de chat de texto o v\u00eddeo en directo.<\/li>\n<\/ul>\n<p>Es la mezcla perfecta de diversi\u00f3n, autenticidad y accesibilidad.<\/p>\n<h2>C\u00f3mo funciona el chat en l\u00ednea gratuito<\/h2>\n<p>El proceso es sencillo:<\/p>\n<ol>\n<li>Abre una plataforma de chat como StrangerCam.<\/li>\n<li>Elige el modo de chat (chat de texto o v\u00eddeo).<\/li>\n<li>Permitir el acceso de c\u00e1mara\/micr\u00f3fono para v\u00eddeo.<\/li>\n<li>Haz clic en \"Iniciar chat\".<\/li>\n<li>Conecta instant\u00e1neamente con alguien en todo el mundo.<\/li>\n<li>Haz clic en \"Siguiente\" en cualquier momento para conocer a alguien nuevo.<\/li>\n<\/ol>\n<p>Algunos sitios tambi\u00e9n a\u00f1aden funciones como filtros, salas de chat en grupo o herramientas de traducci\u00f3n.<\/p>\n<h2>Caracter\u00edsticas<\/h2>\n<p>Al elegir un sitio de chat en l\u00ednea gratuito, aseg\u00farate de que incluya:<\/p>\n<ul>\n<li>Acceso realmente gratuito - Evite los sitios que ocultan funciones tras muros de pago.<\/li>\n<li>No es necesario registrarse - Permanezca en el anonimato, con\u00e9ctese al instante.<\/li>\n<li>Opciones de v\u00eddeo y texto: flexibilidad para diferentes estados de \u00e1nimo.<\/li>\n<li>Dise\u00f1o apto para m\u00f3viles: fluido en tel\u00e9fonos y tabletas.<\/li>\n<li>Moderaci\u00f3n estricta: m\u00e1s seguro que los chats de la vieja escuela.<\/li>\n<li>Base mundial de usuarios: m\u00e1s gente significa m\u00e1s diversi\u00f3n.<\/li>\n<\/ul>\n<h2>Las mejores plataformas gratuitas de chat en l\u00ednea en 2025<\/h2>\n<p>He aqu\u00ed una comparaci\u00f3n de los mejores sitios de chat gratuitos de la actualidad:<\/p>\n<table>\n<thead>\n<tr>\n<th>Plataforma<\/th>\n<th align=\"center\">Acceso gratuito<\/th>\n<th align=\"center\">Se necesita inscripci\u00f3n<\/th>\n<th align=\"center\">Videochat<\/th>\n<th align=\"center\">Asistencia m\u00f3vil<\/th>\n<th align=\"center\">Moderaci\u00f3n<\/th>\n<th>Notas<\/th>\n<\/tr>\n<\/thead>\n<tbody>\n<tr>\n<td>StrangerCam<\/td>\n<td align=\"center\">\u2705<\/td>\n<td align=\"center\">\u274c<\/td>\n<td align=\"center\">\u2705<\/td>\n<td align=\"center\">\u2705<\/td>\n<td align=\"center\">\u2705<\/td>\n<td>Mejor opci\u00f3n: gratis, instant\u00e1neo, seguro<\/td>\n<\/tr>\n<tr>\n<td><a href=\"https:\/\/strangercam.com\/es\/chatroulette\/\">Chatroulette<\/a><\/td>\n<td align=\"center\">\u2705<\/td>\n<td align=\"center\">\u274c<\/td>\n<td align=\"center\">\u2705<\/td>\n<td align=\"center\">\u2705<\/td>\n<td align=\"center\">\u2705<\/td>\n<td>Funciones cl\u00e1sicas pero limitadas<\/td>\n<\/tr>\n<tr>\n<td>Chatrandom<\/td>\n<td align=\"center\">\u2705<\/td>\n<td align=\"center\">\u274c<\/td>\n<td align=\"center\">\u2705<\/td>\n<td align=\"center\">\u2705<\/td>\n<td align=\"center\">\u2705<\/td>\n<td>Gran base de usuarios, empuja las actualizaciones<\/td>\n<\/tr>\n<tr>\n<td><a href=\"https:\/\/strangercam.com\/es\/ometv\/\">OmeTV<\/a><\/td>\n<td align=\"center\">\u2705<\/td>\n<td align=\"center\">\u274c<\/td>\n<td align=\"center\">\u2705<\/td>\n<td align=\"center\">\u2705<\/td>\n<td align=\"center\">\u2705<\/td>\n<td>La primera aplicaci\u00f3n m\u00f3vil de chat aleatorio<\/td>\n<\/tr>\n<tr>\n<td>Shagle<\/td>\n<td align=\"center\">\u2705<\/td>\n<td align=\"center\">\u274c<\/td>\n<td align=\"center\">\u2705<\/td>\n<td align=\"center\">\u2705<\/td>\n<td align=\"center\">\u2705<\/td>\n<td>Entrada gratuita, filtros premium bloqueados<\/td>\n<\/tr>\n<tr>\n<td>WireClub<\/td>\n<td align=\"center\">\u2705<\/td>\n<td align=\"center\">\u2705<\/td>\n<td align=\"center\">\u274c<\/td>\n<td align=\"center\">\u2705<\/td>\n<td align=\"center\">\u2705<\/td>\n<td>Salas de chat de texto m\u00e1s tradicionales<\/td>\n<\/tr>\n<\/tbody>\n<\/table>\n<p>StrangerCam es una de las pocas plataformas que combina acceso ilimitado gratuito, sin necesidad de registrarse, y opciones de chat de v\u00eddeo y texto.<\/p>\n<h2>Por qu\u00e9 StrangerCam es la mejor opci\u00f3n de chat en l\u00ednea gratuito<\/h2>\n<p>A continuaci\u00f3n se explica por qu\u00e9 StrangerCam es la mejor opci\u00f3n para chatear en l\u00ednea gratis en 2025:<\/p>\n<h3>1. Completamente gratis<\/h3>\n<p>Sin costes ocultos, pruebas ni sistemas de cr\u00e9dito.<\/p>\n<h3>2. No es necesario inscribirse<\/h3>\n<p>Permanezca en el anonimato y chatee al instante.<\/p>\n<h3>3. Opciones de texto y v\u00eddeo<\/h3>\n<p>Cambia de modo en funci\u00f3n de tu nivel de comodidad.<\/p>\n<h3>4. Seguro y moderado<\/h3>\n<p>Mejores herramientas de seguridad que los chats de la vieja escuela.<\/p>\n<h3>5. Preparado para m\u00f3viles y ordenadores de sobremesa<\/h3>\n<p>Optimizado para todos los dispositivos.<\/p>\n<h3>6. Alcance mundial<\/h3>\n<p>Conoce a gente de m\u00e1s de 100 pa\u00edses, 24 horas al d\u00eda, 7 d\u00edas a la semana.<\/p>\n<h2>Testimonios de usuarios reales<\/h2>\n<blockquote><p>\"Busqu\u00e9 Free Online Chat y encontr\u00e9 StrangerCam. Fue instant\u00e1neo, divertido y conoc\u00ed a gente de todo el mundo\".<br \/>\n- Jake, 25 a\u00f1os<\/p><\/blockquote>\n<blockquote><p>\"Me gusta no tener que registrarme ni dar datos personales. Es realmente gratis\".<br \/>\n- Sof\u00eda, 22 a\u00f1os<\/p><\/blockquote>\n<blockquote><p>\"Se siente seguro y sencillo. El bot\u00f3n de salto hace que sea f\u00e1cil seguir adelante\".<br \/>\n- Ryan, 30 a\u00f1os<\/p><\/blockquote>\n<blockquote><p>\"A diferencia de los viejos chats, \u00e9ste parece moderno y moderado. El chat online gratuito por fin funciona\".<br \/>\n- Emma, 20 a\u00f1os<\/p><\/blockquote>\n<h2>La psicolog\u00eda del chat gratuito en l\u00ednea<\/h2>\n<p>\u00bfPor qu\u00e9 sigue siendo tan popular el chat gratuito en l\u00ednea en 2025? Responde a tres necesidades humanas universales:<\/p>\n<ol>\n<li>Gratificaci\u00f3n instant\u00e1nea: Queremos una conexi\u00f3n inmediata sin esperas.<\/li>\n<li>Novedad: cada desconocido aporta una nueva conversaci\u00f3n, lo que mantiene la emoci\u00f3n.<\/li>\n<li>Asequibilidad: A\u00f1adir \"gratis\" lo hace accesible a cualquiera, en cualquier lugar.<\/li>\n<\/ol>\n<p>Esto explica por qu\u00e9 el t\u00e9rmino sigue siendo muy buscado a\u00f1o tras a\u00f1o.<\/p>\n<h2>Consejos de seguridad para chatear gratis en l\u00ednea<\/h2>\n<p>Aunque chatear en l\u00ednea es divertido, la seguridad debe ser siempre lo primero:<\/p>\n<ul>\n<li>Nunca compartas informaci\u00f3n personal (tel\u00e9fono, direcci\u00f3n, lugar de trabajo).<\/li>\n<li>Evite hacer clic en enlaces de desconocidos.<\/li>\n<li>Utiliza Saltar\/Bloquear si alguien te incomoda.<\/li>\n<li>Comprueba el fondo de tu c\u00e1mara antes de salir en directo.<\/li>\n<li>Usa apodos, no nombres reales.<\/li>\n<li>Respeta los l\u00edmites de edad: no utilices el chat para adultos si tienes menos de 18 a\u00f1os.<\/li>\n<\/ul>\n<h2>C\u00f3mo empezar - Paso a paso<\/h2>\n<p>S\u00f3lo se tarda unos segundos en empezar a chatear en l\u00ednea gratis:<\/p>\n<ol>\n<li>Abre StrangerCam en tu navegador o dispositivo.<\/li>\n<li>Elige tu modo de chat: texto o v\u00eddeo.<\/li>\n<li>Permitir el acceso de c\u00e1mara\/micr\u00f3fono (para v\u00eddeo).<\/li>\n<li>Haz clic en Iniciar chat.<\/li>\n<li>Conoce a gente nueva al instante: pulsa Siguiente en cualquier momento para cambiar.<\/li>\n<\/ol>\n<p>En 2025, el chat en l\u00ednea gratuito sigue siendo una de las formas m\u00e1s r\u00e1pidas, sencillas y divertidas de conocer gente en Internet. A diferencia de las aplicaciones de citas o las redes sociales, es instant\u00e1neo, global y espont\u00e1neo.<\/p>\n<p>Plataformas como StrangerCam lo hacen mejor que nunca: realmente gratis, seguro y lleno de usuarios reales de todo el mundo. Tanto si buscas amigos, diversi\u00f3n casual o simplemente una conversaci\u00f3n para combatir el aburrimiento, el chat en l\u00ednea gratuito est\u00e1 siempre a un solo clic.<\/p>\n<p>\u00bfListo para conectar? Inicia un chat en l\u00ednea gratuito hoy mismo y descubre a qui\u00e9n conocer\u00e1s despu\u00e9s.<\/p>","protected":false},"excerpt":{"rendered":"<p>Are you searching for Free Online Chat? You\u2019re not alone. Millions of people every month type those exact words into Google, looking for a quick, safe, and free way to meet new people online. Unlike social networks or dating apps that require lengthy signups, free online chat platforms let you connect instantly\u2014without the hassle. In [&hellip;]<\/p>\n","protected":false},"author":8,"featured_media":0,"parent":0,"menu_order":0,"comment_status":"closed","ping_status":"closed","template":"","meta":{"footnotes":""},"class_list":["post-9038","page","type-page","status-publish","hentry"],"yoast_head":"<!-- This site is optimized with the Yoast SEO plugin v27.4 - https:\/\/yoast.com\/product\/yoast-seo-wordpress\/ -->\n<title>Free Online Chat with Video Chat on Strangercam.com<\/title>\n<meta name=\"description\" content=\"Liking Free Online Chat? Join millions on StrangerCam.com! Start a random video chat, turn on your cam, and meet strangers instantly.\" \/>\n<meta name=\"robots\" content=\"index, follow, max-snippet:-1, max-image-preview:large, max-video-preview:-1\" \/>\n<link rel=\"canonical\" href=\"https:\/\/strangercam.com\/es\/chat-en-linea-gratis\/\" \/>\n<meta property=\"og:locale\" content=\"es_ES\" \/>\n<meta property=\"og:type\" content=\"article\" \/>\n<meta property=\"og:title\" content=\"Free Online Chat with Video Chat on Strangercam.com\" \/>\n<meta property=\"og:description\" content=\"Liking Free Online Chat? Join millions on StrangerCam.com! Start a random video chat, turn on your cam, and meet strangers instantly.\" \/>\n<meta property=\"og:url\" content=\"https:\/\/strangercam.com\/es\/chat-en-linea-gratis\/\" \/>\n<meta property=\"og:site_name\" content=\"Strangercam\" \/>\n<meta property=\"article:publisher\" content=\"https:\/\/www.facebook.com\/strangercam\" \/>\n<meta property=\"article:modified_time\" content=\"2025-09-29T10:03:57+00:00\" \/>\n<meta property=\"og:image\" content=\"https:\/\/strangercam.com\/wp-content\/uploads\/2021\/10\/Untitled-2.png\" \/>\n\t<meta property=\"og:image:width\" content=\"800\" \/>\n\t<meta property=\"og:image:height\" content=\"532\" \/>\n\t<meta property=\"og:image:type\" content=\"image\/png\" \/>\n<meta name=\"twitter:card\" content=\"summary_large_image\" \/>\n<meta name=\"twitter:site\" content=\"@strangercamapp\" \/>\n<meta name=\"twitter:label1\" content=\"Tiempo de lectura\" \/>\n\t<meta name=\"twitter:data1\" content=\"4 minutos\" \/>\n<script type=\"application\/ld+json\" class=\"yoast-schema-graph\">{\"@context\":\"https:\\\/\\\/schema.org\",\"@graph\":[{\"@type\":\"WebPage\",\"@id\":\"https:\\\/\\\/strangercam.com\\\/free-online-chat\\\/\",\"url\":\"https:\\\/\\\/strangercam.com\\\/free-online-chat\\\/\",\"name\":\"Free Online Chat with Video Chat on Strangercam.com\",\"isPartOf\":{\"@id\":\"https:\\\/\\\/strangercam.com\\\/#website\"},\"datePublished\":\"2025-09-29T08:37:31+00:00\",\"dateModified\":\"2025-09-29T10:03:57+00:00\",\"description\":\"Liking Free Online Chat? Join millions on StrangerCam.com! Start a random video chat, turn on your cam, and meet strangers instantly.\",\"breadcrumb\":{\"@id\":\"https:\\\/\\\/strangercam.com\\\/free-online-chat\\\/#breadcrumb\"},\"inLanguage\":\"es\",\"potentialAction\":[{\"@type\":\"ReadAction\",\"target\":[\"https:\\\/\\\/strangercam.com\\\/free-online-chat\\\/\"]}]},{\"@type\":\"BreadcrumbList\",\"@id\":\"https:\\\/\\\/strangercam.com\\\/free-online-chat\\\/#breadcrumb\",\"itemListElement\":[{\"@type\":\"ListItem\",\"position\":1,\"name\":\"Home\",\"item\":\"https:\\\/\\\/strangercam.com\\\/\"},{\"@type\":\"ListItem\",\"position\":2,\"name\":\"Free Online Chat\"}]},{\"@type\":\"WebSite\",\"@id\":\"https:\\\/\\\/strangercam.com\\\/#website\",\"url\":\"https:\\\/\\\/strangercam.com\\\/\",\"name\":\"Strangercam\",\"description\":\"Random Video Chat with Strangers\",\"publisher\":{\"@id\":\"https:\\\/\\\/strangercam.com\\\/#organization\"},\"alternateName\":\"Strangercam.com\",\"potentialAction\":[{\"@type\":\"SearchAction\",\"target\":{\"@type\":\"EntryPoint\",\"urlTemplate\":\"https:\\\/\\\/strangercam.com\\\/?s={search_term_string}\"},\"query-input\":{\"@type\":\"PropertyValueSpecification\",\"valueRequired\":true,\"valueName\":\"search_term_string\"}}],\"inLanguage\":\"es\"},{\"@type\":\"Organization\",\"@id\":\"https:\\\/\\\/strangercam.com\\\/#organization\",\"name\":\"Strangercam\",\"alternateName\":\"Strangercam.com\",\"url\":\"https:\\\/\\\/strangercam.com\\\/\",\"logo\":{\"@type\":\"ImageObject\",\"inLanguage\":\"es\",\"@id\":\"https:\\\/\\\/strangercam.com\\\/#\\\/schema\\\/logo\\\/image\\\/\",\"url\":\"https:\\\/\\\/strangercam.com\\\/wp-content\\\/uploads\\\/2020\\\/11\\\/cropped-new-favicon-black.png\",\"contentUrl\":\"https:\\\/\\\/strangercam.com\\\/wp-content\\\/uploads\\\/2020\\\/11\\\/cropped-new-favicon-black.png\",\"width\":512,\"height\":512,\"caption\":\"Strangercam\"},\"image\":{\"@id\":\"https:\\\/\\\/strangercam.com\\\/#\\\/schema\\\/logo\\\/image\\\/\"},\"sameAs\":[\"https:\\\/\\\/www.facebook.com\\\/strangercam\",\"https:\\\/\\\/x.com\\\/strangercamapp\"]}]}<\/script>\n<!-- \/ Yoast SEO plugin. -->","yoast_head_json":{"title":"Chat en l\u00ednea gratis con v\u00eddeo chat en Strangercam.com","description":"\u00bfTe gusta el chat en l\u00ednea gratis? \u00a1Join millones en StrangerCam.com! Inicia un videochat aleatorio, enciende tu c\u00e1mara y conoce a desconocidos al instante.","robots":{"index":"index","follow":"follow","max-snippet":"max-snippet:-1","max-image-preview":"max-image-preview:large","max-video-preview":"max-video-preview:-1"},"canonical":"https:\/\/strangercam.com\/es\/chat-en-linea-gratis\/","og_locale":"es_ES","og_type":"article","og_title":"Free Online Chat with Video Chat on Strangercam.com","og_description":"Liking Free Online Chat? Join millions on StrangerCam.com! Start a random video chat, turn on your cam, and meet strangers instantly.","og_url":"https:\/\/strangercam.com\/es\/chat-en-linea-gratis\/","og_site_name":"Strangercam","article_publisher":"https:\/\/www.facebook.com\/strangercam","article_modified_time":"2025-09-29T10:03:57+00:00","og_image":[{"width":800,"height":532,"url":"https:\/\/strangercam.com\/wp-content\/uploads\/2021\/10\/Untitled-2.png","type":"image\/png"}],"twitter_card":"summary_large_image","twitter_site":"@strangercamapp","twitter_misc":{"Tiempo de lectura":"4 minutos"},"schema":{"@context":"https:\/\/schema.org","@graph":[{"@type":"WebPage","@id":"https:\/\/strangercam.com\/free-online-chat\/","url":"https:\/\/strangercam.com\/free-online-chat\/","name":"Chat en l\u00ednea gratis con v\u00eddeo chat en Strangercam.com","isPartOf":{"@id":"https:\/\/strangercam.com\/#website"},"datePublished":"2025-09-29T08:37:31+00:00","dateModified":"2025-09-29T10:03:57+00:00","description":"\u00bfTe gusta el chat en l\u00ednea gratis? \u00a1Join millones en StrangerCam.com! Inicia un videochat aleatorio, enciende tu c\u00e1mara y conoce a desconocidos al instante.","breadcrumb":{"@id":"https:\/\/strangercam.com\/free-online-chat\/#breadcrumb"},"inLanguage":"es","potentialAction":[{"@type":"ReadAction","target":["https:\/\/strangercam.com\/free-online-chat\/"]}]},{"@type":"BreadcrumbList","@id":"https:\/\/strangercam.com\/free-online-chat\/#breadcrumb","itemListElement":[{"@type":"ListItem","position":1,"name":"Home","item":"https:\/\/strangercam.com\/"},{"@type":"ListItem","position":2,"name":"Free Online Chat"}]},{"@type":"WebSite","@id":"https:\/\/strangercam.com\/#website","url":"https:\/\/strangercam.com\/","name":"Strangercam","description":"Videochat aleatorio con desconocidos","publisher":{"@id":"https:\/\/strangercam.com\/#organization"},"alternateName":"Strangercam.com","potentialAction":[{"@type":"SearchAction","target":{"@type":"EntryPoint","urlTemplate":"https:\/\/strangercam.com\/?s={search_term_string}"},"query-input":{"@type":"PropertyValueSpecification","valueRequired":true,"valueName":"search_term_string"}}],"inLanguage":"es"},{"@type":"Organization","@id":"https:\/\/strangercam.com\/#organization","name":"Strangercam","alternateName":"Strangercam.com","url":"https:\/\/strangercam.com\/","logo":{"@type":"ImageObject","inLanguage":"es","@id":"https:\/\/strangercam.com\/#\/schema\/logo\/image\/","url":"https:\/\/strangercam.com\/wp-content\/uploads\/2020\/11\/cropped-new-favicon-black.png","contentUrl":"https:\/\/strangercam.com\/wp-content\/uploads\/2020\/11\/cropped-new-favicon-black.png","width":512,"height":512,"caption":"Strangercam"},"image":{"@id":"https:\/\/strangercam.com\/#\/schema\/logo\/image\/"},"sameAs":["https:\/\/www.facebook.com\/strangercam","https:\/\/x.com\/strangercamapp"]}]}},"_links":{"self":[{"href":"https:\/\/strangercam.com\/es\/wp-json\/wp\/v2\/pages\/9038","targetHints":{"allow":["GET"]}}],"collection":[{"href":"https:\/\/strangercam.com\/es\/wp-json\/wp\/v2\/pages"}],"about":[{"href":"https:\/\/strangercam.com\/es\/wp-json\/wp\/v2\/types\/page"}],"author":[{"embeddable":true,"href":"https:\/\/strangercam.com\/es\/wp-json\/wp\/v2\/users\/8"}],"replies":[{"embeddable":true,"href":"https:\/\/strangercam.com\/es\/wp-json\/wp\/v2\/comments?post=9038"}],"version-history":[{"count":2,"href":"https:\/\/strangercam.com\/es\/wp-json\/wp\/v2\/pages\/9038\/revisions"}],"predecessor-version":[{"id":13049,"href":"https:\/\/strangercam.com\/es\/wp-json\/wp\/v2\/pages\/9038\/revisions\/13049"}],"wp:attachment":[{"href":"https:\/\/strangercam.com\/es\/wp-json\/wp\/v2\/media?parent=9038"}],"curies":[{"name":"wp","href":"https:\/\/api.w.org\/{rel}","templated":true}]}}