{"id":881,"date":"2020-12-02T19:15:37","date_gmt":"2020-12-02T17:15:37","guid":{"rendered":"https:\/\/strangercam.com\/?page_id=881"},"modified":"2023-08-21T12:34:45","modified_gmt":"2023-08-21T10:34:45","slug":"ometv","status":"publish","type":"page","link":"https:\/\/strangercam.com\/es\/ometv\/","title":{"rendered":"OmeTV"},"content":{"rendered":"<p>OmeTV es un <a href=\"https:\/\/strangercam.com\/es\/rabbit-video-chat\/\">v\u00eddeo<\/a> <a href=\"https:\/\/strangercam.com\/es\/chatroulette\/\">chat<\/a> sitio web y aplicaci\u00f3n para hablar con desconocidos. Este sitio web te permite hablar con cualquier desconocido con s\u00f3lo pulsar un bot\u00f3n. El sitio web dice que es la mejor alternativa a <a href=\"https:\/\/strangercam.com\/es\/omegle\/\">Omegle<\/a> Tv. La aplicaci\u00f3n para OmeTv est\u00e1 disponible para Android e iOS.<\/p>\n<p>De d\u00eda o de noche, no importa mientras quieras chatear; OmeTv est\u00e1 ah\u00ed para ofrecerte muchas oportunidades. Alrededor de 10 millones de personas est\u00e1n registradas en OmeTv. Puedes chatear libremente con estas personas. La plataforma tambi\u00e9n te permite seleccionar y elegir entre millones de personas.<\/p>\n<p>Su \u00fanico prop\u00f3sito es hacer que la gente <a href=\"https:\/\/strangercam.com\/es\/coomeet\/\">conozca<\/a> cada vez m\u00e1s gente; pueden tomar caf\u00e9 virtualmente desde la comodidad de su casa o compartir sus sentimientos con ellos. Con esta aplicaci\u00f3n nunca te sentir\u00e1s solo. Te da la oportunidad de hacer nuevos amigos.<\/p>\n<h3>L\u00edmite de edad en el OmeTV: \u00bfse cumple o se ignora?<\/h3>\n<p>Una de las cosas m\u00e1s preocupantes de la aplicaci\u00f3n es que, aunque informa de que el usuario debe ser mayor de 18 a\u00f1os, no se realiza ninguna comprobaci\u00f3n para validarlo. Se ha descubierto que la aplicaci\u00f3n es utilizada por muchos adolescentes menores de 18 a\u00f1os.<\/p>\n<p>No necesitas una cuenta en OmeTv; basta con iniciar sesi\u00f3n a trav\u00e9s de Facebook, y ya est\u00e1s listo para chatear con un desconocido al azar.<\/p>\n<h3>\u00bfQu\u00e9 puede provocar su prohibici\u00f3n?<\/h3>\n<p>La aplicaci\u00f3n tiene varias restricciones. Por realizar las acciones que se mencionan a continuaci\u00f3n, puede ser prohibido.<\/p>\n<ul>\n<li style=\"font-weight: 400;\" aria-level=\"1\">Solicitud de virtual <a href=\"https:\/\/strangercam.com\/es\/shagle\/\">sexo<\/a> o la desnudez.<\/li>\n<li style=\"font-weight: 400;\" aria-level=\"1\">Mostrar im\u00e1genes y v\u00eddeos censurables.<\/li>\n<li style=\"font-weight: 400;\" aria-level=\"1\">Actividades irrespetuosas como la vulgaridad, los insultos contra la religi\u00f3n o la raza, los comentarios depresivos, etc.<\/li>\n<li style=\"font-weight: 400;\" aria-level=\"1\">No est\u00e1 permitido el spam. La aplicaci\u00f3n proh\u00edbe compartir enlaces a otros sitios web.<\/li>\n<\/ul>\n<h3>Condiciones generales<\/h3>\n<p>OmeTv ha mencionado claramente que pueden utilizar tus v\u00eddeos en cualquier lugar. Seg\u00fan sus t\u00e9rminos y condiciones, puedes conservar los derechos de autor, pero no tienes derecho a decidir qu\u00e9 y d\u00f3nde se transmitir\u00e1 el contenido de tus v\u00eddeos.<\/p>\n<p>OmeTv no est\u00e1 dispuesta a asumir ninguna responsabilidad. Dice que los usuarios son los \u00fanicos responsables de cualquier cosa que pueda salir mal.<\/p>\n<h3>Pol\u00edtica de privacidad<\/h3>\n<p>La empresa se compromete a proteger su informaci\u00f3n personal y salvaguardar los derechos de privacidad. La privacidad es un derecho fundamental de todo ser humano. La violaci\u00f3n de este derecho conlleva muchas complicaciones. Para evitarlas, OmeTv desarroll\u00f3 desde el primer d\u00eda esta estricta estrategia.<\/p>\n<p>El sitio web asume la responsabilidad del tratamiento de sus datos siempre que act\u00fae como responsable del tratamiento. Pueden necesitar informaci\u00f3n b\u00e1sica como su foto de perfil, nombre, n\u00famero de tel\u00e9fono, direcci\u00f3n y zona horaria al crear un perfil a partir de una cuenta en una red social.<\/p>\n<p>El sitio web no pretende obtener ninguna informaci\u00f3n ni acceder a sus datos aparte de esto. Incluso se hace para que su experiencia en el sitio web sea m\u00e1s fluida.<\/p>\n<p>Sus datos personales podr\u00e1n compartirse con las siguientes entidades;<\/p>\n<ul>\n<li style=\"font-weight: 400;\" aria-level=\"1\">Al tratarse de una aplicaci\u00f3n de citas, tus datos personales como tu nombre, tu edad, tu sexo, tu ubicaci\u00f3n o tus im\u00e1genes p\u00fablicas pueden ser visibles para otros usuarios.<\/li>\n<li style=\"font-weight: 400;\" aria-level=\"1\">El sitio web puede revelar su informaci\u00f3n y datos personales a las aseguradoras. Estos datos tambi\u00e9n podr\u00e1n compartirse con bancos y asesores profesionales para la cobertura de los importes asegurados y la gesti\u00f3n de los costes.<\/li>\n<li style=\"font-weight: 400;\" aria-level=\"1\">Los datos de sus transacciones se compartir\u00e1n con los proveedores de pago del sitio web, como Google, PayPal, Interkassa, SecurionPay, Apple y SMSBILL.<\/li>\n<\/ul>\n<h3>Otros problemas<\/h3>\n<p>Hay ciertas caracter\u00edsticas de la aplicaci\u00f3n que son problem\u00e1ticas. Tiene un modo esp\u00eda, mediante el cual una tercera persona puede escuchar en un chat privado. La c\u00e1mara esp\u00eda es un riesgo considerable para la privacidad de cualquier persona. Al ser an\u00f3nima, puede sacar lo peor de las personas. Puede utilizarse incluso para chantajear.<\/p>\n<p>Adem\u00e1s, s\u00f3lo unas docenas de moderadores comprueban el contenido. No son suficientes para detectar si un tr\u00e1fico masivo de 10 millones es seguro. A menudo se dice que cuanto mayor sea el tr\u00e1fico, mejor para los sitios de citas. Pero tambi\u00e9n es un reto gestionar ese tr\u00e1fico. Muchos hackers y delincuentes tambi\u00e9n pueden unirse a la plataforma debido al escaso control y equilibrio.<\/p>\n<p>Las restricciones para mayores de 18 a\u00f1os parecen estar ausentes del sitio web. Muchos adolescentes menores de dieciocho a\u00f1os se han unido al sitio web. Todos ellos est\u00e1n expuestos al mundo exterior. Puede ser peligroso para ellos, ya que a esta edad es f\u00e1cil manipular a los ni\u00f1os.<\/p>\n<h3>Rese\u00f1as de Trustpilot<\/h3>\n<p>Mucha gente en Trustpilot se ha quejado de que les han baneado por las acciones de otros. Adem\u00e1s, para desbanearte, te piden donaciones. Esto demuestra el car\u00e1cter turbio de la empresa.<\/p>\n<p>Pero siempre hay otra versi\u00f3n de la historia. Puede utilizar el sitio web para encontrarla usted mismo.<\/p>\n<h3>Procedimiento de reclamaci\u00f3n<\/h3>\n<p>No est\u00e1s solo.<\/p>\n<p>OmeTv es un lugar seguro para todos. Si algo o alguien te molesta, puedes quejarte de ello a los funcionarios. Esta funci\u00f3n se ha introducido para que la gente se sienta segura al usar OmeTv.<\/p>\n<p>Puedes presentar una denuncia contra cualquier usuario que creas que est\u00e1 infringiendo las funciones de la plataforma. Para que tu denuncia sea m\u00e1s efectiva, puedes adjuntar capturas de pantalla del chat y otra informaci\u00f3n relacionada para facilitar a las autoridades la b\u00fasqueda, identificaci\u00f3n y resoluci\u00f3n del problema.<\/p>\n<p>Si se reciben demasiadas quejas contra alg\u00fan usuario, el sitio web le prohibir\u00e1 autom\u00e1ticamente utilizar sus servicios. Esto se hace para garantizar la seguridad de los dem\u00e1s usuarios. Pero antes de tomar ninguna medida seria, todo se analiza detenidamente.<\/p>\n<h3>\u00bfUsarlo o no?<\/h3>\n<p>Creemos que debe darse prioridad a la privacidad de los usuarios. Si no es as\u00ed, al menos debe respetarse.<\/p>\n<p>Pero parece que OmeTv no est\u00e1 dispuesto a hacerlo. En su pol\u00edtica de privacidad se menciona que pueden compartir tus datos con terceros. Comprometer tus datos no es una opci\u00f3n. Por eso es mejor evitarlo.<\/p>\n<p>En su lugar, puede utilizar <a href=\"https:\/\/strangercam.com\/es\/\">Strangercam<\/a>. Es un videochat en l\u00ednea mejor y m\u00e1s fiable. Puedes conocer gente nueva y chatear con ellos. Y no hay necesidad de preocuparse por sus datos y privacidad porque stangercam proporciona la m\u00e1xima seguridad y protege sus datos.<\/p>\n<h3>Conclusi\u00f3n<\/h3>\n<p>Hay muchas cuestiones preocupantes en relaci\u00f3n con este sitio web. Se ha dicho que <a href=\"https:\/\/play.google.com\/\">Google Play<\/a>\u00a0y la App Store deber\u00edan examinar este tipo de aplicaciones. No deber\u00edan permitir que se a\u00f1adan a sus plataformas aplicaciones que no validen la edad correctamente y que carezcan de control parental.<\/p>\n<p>Mejorar su pol\u00edtica de privacidad puede aumentar su credibilidad. Pero por el momento, hay otras opciones m\u00e1s seguras en el mercado entre las que elegir.<\/p>","protected":false},"excerpt":{"rendered":"<p>OmeTV is a video chat website and app using which you can talk to strangers. This website allows you to talk to any random stranger with just a click of a button. The website says that it is the best alternative to Omegle Tv. The app for OmeTv is available for android and iOS. Day [&hellip;]<\/p>\n","protected":false},"author":6,"featured_media":559,"parent":0,"menu_order":0,"comment_status":"closed","ping_status":"closed","template":"","meta":{"footnotes":""},"class_list":["post-881","page","type-page","status-publish","has-post-thumbnail","hentry"],"yoast_head":"<!-- This site is optimized with the Yoast SEO plugin v26.9 - https:\/\/yoast.com\/product\/yoast-seo-wordpress\/ -->\n<title>OmeTV - Omegle Random Chat Alternative on StrangerCam.com<\/title>\n<meta name=\"description\" content=\"Like OmeTV? Come chat with more than 5.000.000 strangers on Stranger Cam for Free! Turn on your cam and find new friends &amp; maby a match!\" \/>\n<meta name=\"robots\" content=\"index, follow, max-snippet:-1, max-image-preview:large, max-video-preview:-1\" \/>\n<link rel=\"canonical\" href=\"https:\/\/strangercam.com\/es\/ometv\/\" \/>\n<meta property=\"og:locale\" content=\"es_ES\" \/>\n<meta property=\"og:type\" content=\"article\" \/>\n<meta property=\"og:title\" content=\"OmeTV - Omegle Random Chat Alternative on StrangerCam.com\" \/>\n<meta property=\"og:description\" content=\"Like OmeTV? Come chat with more than 5.000.000 strangers on Stranger Cam for Free! Turn on your cam and find new friends &amp; maby a match!\" \/>\n<meta property=\"og:url\" content=\"https:\/\/strangercam.com\/es\/ometv\/\" \/>\n<meta property=\"og:site_name\" content=\"Strangercam\" \/>\n<meta property=\"article:publisher\" content=\"https:\/\/www.facebook.com\/strangercam\" \/>\n<meta property=\"article:modified_time\" content=\"2023-08-21T10:34:45+00:00\" \/>\n<meta property=\"og:image\" content=\"https:\/\/strangercam.com\/wp-content\/uploads\/2020\/11\/stranger-cam-1.png\" \/>\n\t<meta property=\"og:image:width\" content=\"800\" \/>\n\t<meta property=\"og:image:height\" content=\"800\" \/>\n\t<meta property=\"og:image:type\" content=\"image\/png\" \/>\n<meta name=\"twitter:card\" content=\"summary_large_image\" \/>\n<meta name=\"twitter:site\" content=\"@strangercamapp\" \/>\n<meta name=\"twitter:label1\" content=\"Tiempo de lectura\" \/>\n\t<meta name=\"twitter:data1\" content=\"5 minutos\" \/>\n<script type=\"application\/ld+json\" class=\"yoast-schema-graph\">{\"@context\":\"https:\/\/schema.org\",\"@graph\":[{\"@type\":\"WebPage\",\"@id\":\"https:\/\/strangercam.com\/ometv\/\",\"url\":\"https:\/\/strangercam.com\/ometv\/\",\"name\":\"OmeTV - Omegle Random Chat Alternative on StrangerCam.com\",\"isPartOf\":{\"@id\":\"https:\/\/strangercam.com\/#website\"},\"primaryImageOfPage\":{\"@id\":\"https:\/\/strangercam.com\/ometv\/#primaryimage\"},\"image\":{\"@id\":\"https:\/\/strangercam.com\/ometv\/#primaryimage\"},\"thumbnailUrl\":\"https:\/\/strangercam.com\/wp-content\/uploads\/2020\/11\/stranger-cam-1.png\",\"datePublished\":\"2020-12-02T17:15:37+00:00\",\"dateModified\":\"2023-08-21T10:34:45+00:00\",\"description\":\"Like OmeTV? Come chat with more than 5.000.000 strangers on Stranger Cam for Free! Turn on your cam and find new friends & maby a match!\",\"breadcrumb\":{\"@id\":\"https:\/\/strangercam.com\/ometv\/#breadcrumb\"},\"inLanguage\":\"es\",\"potentialAction\":[{\"@type\":\"ReadAction\",\"target\":[\"https:\/\/strangercam.com\/ometv\/\"]}]},{\"@type\":\"ImageObject\",\"inLanguage\":\"es\",\"@id\":\"https:\/\/strangercam.com\/ometv\/#primaryimage\",\"url\":\"https:\/\/strangercam.com\/wp-content\/uploads\/2020\/11\/stranger-cam-1.png\",\"contentUrl\":\"https:\/\/strangercam.com\/wp-content\/uploads\/2020\/11\/stranger-cam-1.png\",\"width\":800,\"height\":800,\"caption\":\"stranger cam random video chat\"},{\"@type\":\"BreadcrumbList\",\"@id\":\"https:\/\/strangercam.com\/ometv\/#breadcrumb\",\"itemListElement\":[{\"@type\":\"ListItem\",\"position\":1,\"name\":\"Home\",\"item\":\"https:\/\/strangercam.com\/\"},{\"@type\":\"ListItem\",\"position\":2,\"name\":\"OmeTV\"}]},{\"@type\":\"WebSite\",\"@id\":\"https:\/\/strangercam.com\/#website\",\"url\":\"https:\/\/strangercam.com\/\",\"name\":\"Strangercam\",\"description\":\"Random Video Chat with Strangers\",\"publisher\":{\"@id\":\"https:\/\/strangercam.com\/#organization\"},\"alternateName\":\"Strangercam.com\",\"potentialAction\":[{\"@type\":\"SearchAction\",\"target\":{\"@type\":\"EntryPoint\",\"urlTemplate\":\"https:\/\/strangercam.com\/?s={search_term_string}\"},\"query-input\":{\"@type\":\"PropertyValueSpecification\",\"valueRequired\":true,\"valueName\":\"search_term_string\"}}],\"inLanguage\":\"es\"},{\"@type\":\"Organization\",\"@id\":\"https:\/\/strangercam.com\/#organization\",\"name\":\"Strangercam\",\"alternateName\":\"Strangercam.com\",\"url\":\"https:\/\/strangercam.com\/\",\"logo\":{\"@type\":\"ImageObject\",\"inLanguage\":\"es\",\"@id\":\"https:\/\/strangercam.com\/#\/schema\/logo\/image\/\",\"url\":\"https:\/\/strangercam.com\/wp-content\/uploads\/2020\/11\/cropped-new-favicon-black.png\",\"contentUrl\":\"https:\/\/strangercam.com\/wp-content\/uploads\/2020\/11\/cropped-new-favicon-black.png\",\"width\":512,\"height\":512,\"caption\":\"Strangercam\"},\"image\":{\"@id\":\"https:\/\/strangercam.com\/#\/schema\/logo\/image\/\"},\"sameAs\":[\"https:\/\/www.facebook.com\/strangercam\",\"https:\/\/x.com\/strangercamapp\"]}]}<\/script>\n<!-- \/ Yoast SEO plugin. -->","yoast_head_json":{"title":"OmeTV - Omegle Random Chat Alternative en StrangerCam.com","description":"\u00bfTe gusta OmeTV? \u00a1Ven a chatear gratis con m\u00e1s de 5.000.000 de desconocidos en Stranger Cam! \u00a1Enciende tu c\u00e1mara y encuentra nuevos amigos y tal vez una pareja!","robots":{"index":"index","follow":"follow","max-snippet":"max-snippet:-1","max-image-preview":"max-image-preview:large","max-video-preview":"max-video-preview:-1"},"canonical":"https:\/\/strangercam.com\/es\/ometv\/","og_locale":"es_ES","og_type":"article","og_title":"OmeTV - Omegle Random Chat Alternative on StrangerCam.com","og_description":"Like OmeTV? Come chat with more than 5.000.000 strangers on Stranger Cam for Free! Turn on your cam and find new friends & maby a match!","og_url":"https:\/\/strangercam.com\/es\/ometv\/","og_site_name":"Strangercam","article_publisher":"https:\/\/www.facebook.com\/strangercam","article_modified_time":"2023-08-21T10:34:45+00:00","og_image":[{"width":800,"height":800,"url":"https:\/\/strangercam.com\/wp-content\/uploads\/2020\/11\/stranger-cam-1.png","type":"image\/png"}],"twitter_card":"summary_large_image","twitter_site":"@strangercamapp","twitter_misc":{"Tiempo de lectura":"5 minutos"},"schema":{"@context":"https:\/\/schema.org","@graph":[{"@type":"WebPage","@id":"https:\/\/strangercam.com\/ometv\/","url":"https:\/\/strangercam.com\/ometv\/","name":"OmeTV - Omegle Random Chat Alternative en StrangerCam.com","isPartOf":{"@id":"https:\/\/strangercam.com\/#website"},"primaryImageOfPage":{"@id":"https:\/\/strangercam.com\/ometv\/#primaryimage"},"image":{"@id":"https:\/\/strangercam.com\/ometv\/#primaryimage"},"thumbnailUrl":"https:\/\/strangercam.com\/wp-content\/uploads\/2020\/11\/stranger-cam-1.png","datePublished":"2020-12-02T17:15:37+00:00","dateModified":"2023-08-21T10:34:45+00:00","description":"\u00bfTe gusta OmeTV? \u00a1Ven a chatear gratis con m\u00e1s de 5.000.000 de desconocidos en Stranger Cam! \u00a1Enciende tu c\u00e1mara y encuentra nuevos amigos y tal vez una pareja!","breadcrumb":{"@id":"https:\/\/strangercam.com\/ometv\/#breadcrumb"},"inLanguage":"es","potentialAction":[{"@type":"ReadAction","target":["https:\/\/strangercam.com\/ometv\/"]}]},{"@type":"ImageObject","inLanguage":"es","@id":"https:\/\/strangercam.com\/ometv\/#primaryimage","url":"https:\/\/strangercam.com\/wp-content\/uploads\/2020\/11\/stranger-cam-1.png","contentUrl":"https:\/\/strangercam.com\/wp-content\/uploads\/2020\/11\/stranger-cam-1.png","width":800,"height":800,"caption":"stranger cam random video chat"},{"@type":"BreadcrumbList","@id":"https:\/\/strangercam.com\/ometv\/#breadcrumb","itemListElement":[{"@type":"ListItem","position":1,"name":"Home","item":"https:\/\/strangercam.com\/"},{"@type":"ListItem","position":2,"name":"OmeTV"}]},{"@type":"WebSite","@id":"https:\/\/strangercam.com\/#website","url":"https:\/\/strangercam.com\/","name":"Strangercam","description":"Videochat aleatorio con desconocidos","publisher":{"@id":"https:\/\/strangercam.com\/#organization"},"alternateName":"Strangercam.com","potentialAction":[{"@type":"SearchAction","target":{"@type":"EntryPoint","urlTemplate":"https:\/\/strangercam.com\/?s={search_term_string}"},"query-input":{"@type":"PropertyValueSpecification","valueRequired":true,"valueName":"search_term_string"}}],"inLanguage":"es"},{"@type":"Organization","@id":"https:\/\/strangercam.com\/#organization","name":"Strangercam","alternateName":"Strangercam.com","url":"https:\/\/strangercam.com\/","logo":{"@type":"ImageObject","inLanguage":"es","@id":"https:\/\/strangercam.com\/#\/schema\/logo\/image\/","url":"https:\/\/strangercam.com\/wp-content\/uploads\/2020\/11\/cropped-new-favicon-black.png","contentUrl":"https:\/\/strangercam.com\/wp-content\/uploads\/2020\/11\/cropped-new-favicon-black.png","width":512,"height":512,"caption":"Strangercam"},"image":{"@id":"https:\/\/strangercam.com\/#\/schema\/logo\/image\/"},"sameAs":["https:\/\/www.facebook.com\/strangercam","https:\/\/x.com\/strangercamapp"]}]}},"_links":{"self":[{"href":"https:\/\/strangercam.com\/es\/wp-json\/wp\/v2\/pages\/881","targetHints":{"allow":["GET"]}}],"collection":[{"href":"https:\/\/strangercam.com\/es\/wp-json\/wp\/v2\/pages"}],"about":[{"href":"https:\/\/strangercam.com\/es\/wp-json\/wp\/v2\/types\/page"}],"author":[{"embeddable":true,"href":"https:\/\/strangercam.com\/es\/wp-json\/wp\/v2\/users\/6"}],"replies":[{"embeddable":true,"href":"https:\/\/strangercam.com\/es\/wp-json\/wp\/v2\/comments?post=881"}],"version-history":[{"count":0,"href":"https:\/\/strangercam.com\/es\/wp-json\/wp\/v2\/pages\/881\/revisions"}],"wp:featuredmedia":[{"embeddable":true,"href":"https:\/\/strangercam.com\/es\/wp-json\/wp\/v2\/media\/559"}],"wp:attachment":[{"href":"https:\/\/strangercam.com\/es\/wp-json\/wp\/v2\/media?parent=881"}],"curies":[{"name":"wp","href":"https:\/\/api.w.org\/{rel}","templated":true}]}}