{"id":8708,"date":"2021-10-27T09:29:55","date_gmt":"2021-10-27T07:29:55","guid":{"rendered":"https:\/\/strangercam.com\/?page_id=8708"},"modified":"2025-02-04T09:47:53","modified_gmt":"2025-02-04T07:47:53","slug":"mocospace","status":"publish","type":"page","link":"https:\/\/strangercam.com\/es\/mocospace\/","title":{"rendered":"MocoSpace"},"content":{"rendered":"<p>Busca una plataforma social en la que pueda <a href=\"https:\/\/strangercam.com\/es\/chatroulette\/\">chat<\/a> con amigos y disfrutar de juegos casuales sobre la marcha? MocoSpace puede ser la soluci\u00f3n perfecta. Combinando funciones orientadas a la comunidad con una experiencia de juego integrada, MocoSpace destaca entre las aplicaciones tradicionales de chat y redes sociales. A continuaci\u00f3n, exploraremos las principales caracter\u00edsticas de MocoSpace, c\u00f3mo funciona y qu\u00e9 la convierte en un vibrante punto de encuentro en l\u00ednea.<\/p>\n<h2>\u00bfQu\u00e9 es MocoSpace?<\/h2>\n<p>MocoSpace es una empresa centrada en los m\u00f3viles <strong>plataforma de redes sociales<\/strong> que ofrece:<\/p>\n<ul>\n<li><strong>Salas de chat y foros<\/strong>: <a href=\"https:\/\/strangercam.com\/es\/coomeet\/\">Conozca<\/a> nuevas personas o ponerse al d\u00eda con los amigos en espacios de chat tem\u00e1ticos.<\/li>\n<li><strong>Juegos sociales<\/strong>: Disfruta de una serie de juegos casuales basados en navegador, perfectos para un entretenimiento r\u00e1pido.<\/li>\n<li><strong>Perfiles de usuario<\/strong>: Personaliza tu espacio con fotos, estados e informaci\u00f3n personal.<\/li>\n<li><strong>Funciones de amigo y seguidor<\/strong>: Con\u00e9ctate con personas de todo el mundo o crea un c\u00edrculo de amigos en l\u00ednea.<\/li>\n<\/ul>\n<p>Dise\u00f1ado para ser ligero y f\u00e1cil de usar, el MocoSpace funciona sin problemas en varios dispositivos, garantizando que puedas conectarte est\u00e9s donde est\u00e9s.<\/p>\n<h2>Caracter\u00edsticas principales<\/h2>\n<h3>1. Salas de chat y mensajer\u00eda<\/h3>\n<p>El coraz\u00f3n del MocoSpace es su funci\u00f3n de chat:<\/p>\n<ul>\n<li><strong>Salas de chat en grupo<\/strong>: \u00danete a chats tem\u00e1ticos -deportes, pel\u00edculas o incluso encuentros locales- para encontrar usuarios afines.<\/li>\n<li><strong>Mensajer\u00eda privada<\/strong>: Intercambia mensajes personales con amigos o nuevos contactos sin salir de la plataforma.<\/li>\n<li><strong><a href=\"https:\/\/strangercam.com\/es\/rabbit-video-chat\/\">V\u00eddeo<\/a> y Voz (limitada)<\/strong>: Algunas funciones permiten enviar breves mensajes de voz o v\u00eddeos, lo que hace que las conversaciones sean m\u00e1s personales.<\/li>\n<\/ul>\n<h3>2. Juegos sociales<\/h3>\n<p>MocoSpace alberga una variedad de <strong>Juegos basados en HTML5<\/strong> puedes jugar en solitario o de forma competitiva:<\/p>\n<ul>\n<li><strong>Cl\u00e1sicos de Arcade<\/strong>: Juegos sencillos de estilo retro perfectos para descansos r\u00e1pidos.<\/li>\n<li><strong>Estrategia y juegos de rol<\/strong>: Crea alianzas, haz crecer reinos virtuales y forma equipo con tus amigos.<\/li>\n<li><strong>Tablas de clasificaci\u00f3n<\/strong>: Sigue tu progreso y compite contra otros jugadores de tu red.<\/li>\n<\/ul>\n<h3>3. Personalizaci\u00f3n del perfil<\/h3>\n<p>Su perfil MocoSpace act\u00faa como un minisitio personal:<\/p>\n<ul>\n<li><strong>Carga de fotos<\/strong>: Crea \u00e1lbumes para mostrar los mejores momentos de tu vida.<\/li>\n<li><strong>Biograf\u00eda y actualizaciones<\/strong>: Deja que los dem\u00e1s sepan lo que est\u00e1s haciendo o tu estado de \u00e1nimo actual.<\/li>\n<li><strong>Temas y m\u00e1scaras<\/strong>: Personaliza el aspecto de tu p\u00e1gina para destacar.<\/li>\n<\/ul>\n<h3>4. 4. Caracter\u00edsticas comunitarias<\/h3>\n<p>MocoSpace integra elementos sociales que ayudan a los usuarios a conectar m\u00e1s profundamente:<\/p>\n<ul>\n<li><strong>Amigos y seguidores<\/strong>: Ampl\u00eda tu red a\u00f1adiendo usuarios o siguiendo perfiles que compartan tus intereses.<\/li>\n<li><strong>Foros y grupos<\/strong>: Debate sobre temas de actualidad o nichos de inter\u00e9s con comunidades especializadas.<\/li>\n<li><strong>Notificaciones<\/strong>: Mantente al d\u00eda de las solicitudes de amistad, las invitaciones de grupo y los retos del juego.<\/li>\n<\/ul>\n<h2>Funcionamiento del MocoSpace<\/h2>\n<h3>1. Inscripci\u00f3n r\u00e1pida<\/h3>\n<p>Puede crear una cuenta MocoSpace utilizando:<\/p>\n<ul>\n<li><strong>Correo electr\u00f3nico<\/strong>: Un registro est\u00e1ndar paso a paso.<\/li>\n<li><strong>Facebook\/Google<\/strong>: Opciones de inicio de sesi\u00f3n r\u00e1pido para vincular tus cuentas de redes sociales.<\/li>\n<\/ul>\n<p>Una vez registrado, puedes editar los detalles de tu perfil y seleccionar los intereses de juego o las salas de chat preferidas para empezar.<\/p>\n<h3>2. Encontrar amigos y diversi\u00f3n<\/h3>\n<p>Uno de los principales atractivos de MocoSpace es la facilidad con la que puede <strong>conocer gente nueva<\/strong>:<\/p>\n<ul>\n<li>Busca usuarios por edad, ubicaci\u00f3n o intereses compartidos.<\/li>\n<li>Entra en salas de chat abiertas sobre m\u00fasica, pel\u00edculas, juegos y mucho m\u00e1s.<\/li>\n<li>\u00danete a salas de juego para encontrar compa\u00f1eros y competir por las mejores puntuaciones.<\/li>\n<\/ul>\n<h3>3. Subir de nivel con el juego<\/h3>\n<p>Muchos <strong>Juegos MocoSpace<\/strong> te recompensar\u00e1 con puntos e insignias:<\/p>\n<ul>\n<li>Gana dinero del juego para comprar mejoras o potenciadores.<\/li>\n<li>Aprovecha las bonificaciones de los eventos o los retos por tiempo limitado.<\/li>\n<li>Escala posiciones en las clasificaciones para demostrar tu destreza en el juego.<\/li>\n<\/ul>\n<h2>Seguridad y moderaci\u00f3n<\/h2>\n<p>Como cualquier red en l\u00ednea, MocoSpace aborda las posibles preocupaciones en torno a la privacidad y la conducta:<\/p>\n<ul>\n<li><strong>Herramientas de bloqueo e informe<\/strong>: Elimine r\u00e1pidamente las interacciones no deseadas o marque las cuentas sospechosas.<\/li>\n<li><strong>Directrices comunitarias<\/strong>: Normas claras de comportamiento aceptable, con posibilidad de suspensi\u00f3n de la cuenta en caso de infracci\u00f3n.<\/li>\n<li><strong>Controles de privacidad del perfil<\/strong>: Limita qui\u00e9n puede ver tus fotos, publicaciones o invitaciones de chat.<\/li>\n<\/ul>\n<h2>Monetizaci\u00f3n y funciones premium<\/h2>\n<p>MocoSpace es <strong><a href=\"https:\/\/strangercam.com\/es\/chat4free\/\">gratis<\/a> para unirse<\/strong> y uso, pero la plataforma tambi\u00e9n ofrece actualizaciones opcionales de pago:<\/p>\n<ul>\n<li><strong>Moneda virtual (Moco Gold)<\/strong>: G\u00e1stalo en mejoras para tu avatar, objetos exclusivos del juego o temas para tu perfil.<\/li>\n<li><strong>Experiencia sin anuncios<\/strong>: Elimina los anuncios para una navegaci\u00f3n m\u00e1s r\u00e1pida y limpia.<\/li>\n<li><strong>Ventajas especiales<\/strong>: Consigue regalos o bonificaciones adicionales en determinados juegos, disponibles mediante compras dentro de la aplicaci\u00f3n.<\/li>\n<\/ul>\n<h2>Ventajas e inconvenientes<\/h2>\n<p>Ninguna plataforma es perfecta, y la MocoSpace no es una excepci\u00f3n. Aqu\u00ed tienes una mirada equilibrada:<\/p>\n<table>\n<thead>\n<tr>\n<th>Pros<\/th>\n<th>Contras<\/th>\n<\/tr>\n<\/thead>\n<tbody>\n<tr>\n<td>\n<ul>\n<li>Combina chat y juego social en una sola aplicaci\u00f3n<\/li>\n<li>F\u00e1cil de usar y ligero, ideal para m\u00f3viles<\/li>\n<li>Impulsado por la comunidad, con m\u00faltiples foros basados en intereses<\/li>\n<li>F\u00e1cil inscripci\u00f3n y r\u00e1pida incorporaci\u00f3n<\/li>\n<li>Uso gratuito, con elementos premium opcionales<\/li>\n<\/ul>\n<\/td>\n<td>\n<ul>\n<li>Las salas de chat pueden contener spam o <a href=\"https:\/\/strangercam.com\/es\/shagle\/\">para adultos<\/a> contenido<\/li>\n<li>Ajustes de privacidad avanzados limitados en comparaci\u00f3n con las principales aplicaciones sociales.<\/li>\n<li>Algunas prestaciones premium pueden resultar costosas con el tiempo<\/li>\n<li>Menos juegos de gama alta o inmersivos en comparaci\u00f3n con las plataformas de juego dedicadas<\/li>\n<\/ul>\n<\/td>\n<\/tr>\n<\/tbody>\n<\/table>\n<h2>Consejos para sacar el m\u00e1ximo partido al MocoSpace<\/h2>\n<h3>1. Personalice su perfil<\/h3>\n<p>Unos temas llamativos y una biograf\u00eda concisa pueden ayudarte a atraer amigos o compa\u00f1eros de juego que compartan tus intereses.<\/p>\n<h3>2. \u00danase a salas de chat activas<\/h3>\n<p>Entre en las salas en las horas punta para encontrar debates animados y establecer conexiones m\u00e1s r\u00e1pidamente.<\/p>\n<h3>3. Explorar diferentes juegos<\/h3>\n<p>Cambiar de g\u00e9nero puede mantener fresca tu experiencia y ayudarte a conocer gente nueva.<\/p>\n<h3>4. Mantener la etiqueta en l\u00ednea<\/h3>\n<p>Sigue las directrices y trata a los dem\u00e1s usuarios con respeto para fomentar una comunidad positiva y agradable.<\/p>\n<h2>Conclusi\u00f3n<\/h2>\n<p>MocoSpace ofrece una experiencia social distinta al combinar chat y juegos en una \u00fanica plataforma m\u00f3vil. Tanto si quieres entablar conversaciones en salas de chat, retar a tus amigos a juegos casuales en HTML5 o ampliar tu c\u00edrculo social en general, MocoSpace ofrece herramientas y actividades que mantienen la experiencia viva y atractiva. Con caracter\u00edsticas f\u00e1ciles de usar y una comunidad global activa, es una opci\u00f3n divertida para aquellos que quieren un poco de entretenimiento extra junto con sus redes sociales. Si est\u00e1s listo para conocer gente nueva y disfrutar de un poco de juego ligero, dale una oportunidad a MocoSpace.<\/p>","protected":false},"excerpt":{"rendered":"<p>Looking for a social platform where you can both chat with friends and enjoy casual games on the go? MocoSpace might just be the perfect fit. Combining community-driven features with a built-in gaming experience, MocoSpace stands out among traditional chat and social networking apps. Below, we\u2019ll explore MocoSpace\u2019s key features, how it works, and what [&hellip;]<\/p>\n","protected":false},"author":6,"featured_media":0,"parent":0,"menu_order":0,"comment_status":"closed","ping_status":"closed","template":"","meta":{"footnotes":""},"class_list":["post-8708","page","type-page","status-publish","hentry"],"yoast_head":"<!-- This site is optimized with the Yoast SEO plugin v26.9 - https:\/\/yoast.com\/product\/yoast-seo-wordpress\/ -->\n<title>MocoSpace - Anonymous Chat For Two - StrangerCam.com<\/title>\n<meta name=\"description\" content=\"Like MocoSpace? Come chat with more than 5.000.000 strangers on Stranger Cam for Free! Turn on your cam and find new friends &amp; maby a match!\" \/>\n<meta name=\"robots\" content=\"index, follow, max-snippet:-1, max-image-preview:large, max-video-preview:-1\" \/>\n<link rel=\"canonical\" href=\"https:\/\/strangercam.com\/es\/mocospace\/\" \/>\n<meta property=\"og:locale\" content=\"es_ES\" \/>\n<meta property=\"og:type\" content=\"article\" \/>\n<meta property=\"og:title\" content=\"MocoSpace - Anonymous Chat For Two - StrangerCam.com\" \/>\n<meta property=\"og:description\" content=\"Like MocoSpace? Come chat with more than 5.000.000 strangers on Stranger Cam for Free! Turn on your cam and find new friends &amp; maby a match!\" \/>\n<meta property=\"og:url\" content=\"https:\/\/strangercam.com\/es\/mocospace\/\" \/>\n<meta property=\"og:site_name\" content=\"Strangercam\" \/>\n<meta property=\"article:publisher\" content=\"https:\/\/www.facebook.com\/strangercam\" \/>\n<meta property=\"article:modified_time\" content=\"2025-02-04T07:47:53+00:00\" \/>\n<meta property=\"og:image\" content=\"https:\/\/strangercam.com\/wp-content\/uploads\/2021\/10\/Untitled-2.png\" \/>\n\t<meta property=\"og:image:width\" content=\"800\" \/>\n\t<meta property=\"og:image:height\" content=\"532\" \/>\n\t<meta property=\"og:image:type\" content=\"image\/png\" \/>\n<meta name=\"twitter:card\" content=\"summary_large_image\" \/>\n<meta name=\"twitter:site\" content=\"@strangercamapp\" \/>\n<meta name=\"twitter:label1\" content=\"Tiempo de lectura\" \/>\n\t<meta name=\"twitter:data1\" content=\"4 minutos\" \/>\n<script type=\"application\/ld+json\" class=\"yoast-schema-graph\">{\"@context\":\"https:\/\/schema.org\",\"@graph\":[{\"@type\":\"WebPage\",\"@id\":\"https:\/\/strangercam.com\/mocospace\/\",\"url\":\"https:\/\/strangercam.com\/mocospace\/\",\"name\":\"MocoSpace - Anonymous Chat For Two - StrangerCam.com\",\"isPartOf\":{\"@id\":\"https:\/\/strangercam.com\/#website\"},\"datePublished\":\"2021-10-27T07:29:55+00:00\",\"dateModified\":\"2025-02-04T07:47:53+00:00\",\"description\":\"Like MocoSpace? Come chat with more than 5.000.000 strangers on Stranger Cam for Free! Turn on your cam and find new friends & maby a match!\",\"breadcrumb\":{\"@id\":\"https:\/\/strangercam.com\/mocospace\/#breadcrumb\"},\"inLanguage\":\"es\",\"potentialAction\":[{\"@type\":\"ReadAction\",\"target\":[\"https:\/\/strangercam.com\/mocospace\/\"]}]},{\"@type\":\"BreadcrumbList\",\"@id\":\"https:\/\/strangercam.com\/mocospace\/#breadcrumb\",\"itemListElement\":[{\"@type\":\"ListItem\",\"position\":1,\"name\":\"Home\",\"item\":\"https:\/\/strangercam.com\/\"},{\"@type\":\"ListItem\",\"position\":2,\"name\":\"MocoSpace\"}]},{\"@type\":\"WebSite\",\"@id\":\"https:\/\/strangercam.com\/#website\",\"url\":\"https:\/\/strangercam.com\/\",\"name\":\"Strangercam\",\"description\":\"Random Video Chat with Strangers\",\"publisher\":{\"@id\":\"https:\/\/strangercam.com\/#organization\"},\"alternateName\":\"Strangercam.com\",\"potentialAction\":[{\"@type\":\"SearchAction\",\"target\":{\"@type\":\"EntryPoint\",\"urlTemplate\":\"https:\/\/strangercam.com\/?s={search_term_string}\"},\"query-input\":{\"@type\":\"PropertyValueSpecification\",\"valueRequired\":true,\"valueName\":\"search_term_string\"}}],\"inLanguage\":\"es\"},{\"@type\":\"Organization\",\"@id\":\"https:\/\/strangercam.com\/#organization\",\"name\":\"Strangercam\",\"alternateName\":\"Strangercam.com\",\"url\":\"https:\/\/strangercam.com\/\",\"logo\":{\"@type\":\"ImageObject\",\"inLanguage\":\"es\",\"@id\":\"https:\/\/strangercam.com\/#\/schema\/logo\/image\/\",\"url\":\"https:\/\/strangercam.com\/wp-content\/uploads\/2020\/11\/cropped-new-favicon-black.png\",\"contentUrl\":\"https:\/\/strangercam.com\/wp-content\/uploads\/2020\/11\/cropped-new-favicon-black.png\",\"width\":512,\"height\":512,\"caption\":\"Strangercam\"},\"image\":{\"@id\":\"https:\/\/strangercam.com\/#\/schema\/logo\/image\/\"},\"sameAs\":[\"https:\/\/www.facebook.com\/strangercam\",\"https:\/\/x.com\/strangercamapp\"]}]}<\/script>\n<!-- \/ Yoast SEO plugin. -->","yoast_head_json":{"title":"MocoSpace - Chat An\u00f3nimo Para Dos - StrangerCam.com","description":"\u00bfTe gusta MocoSpace? \u00a1Ven a chatear gratis con m\u00e1s de 5.000.000 de desconocidos en Stranger Cam! \u00a1Enciende tu c\u00e1mara y encuentra nuevos amigos y tal vez una pareja!","robots":{"index":"index","follow":"follow","max-snippet":"max-snippet:-1","max-image-preview":"max-image-preview:large","max-video-preview":"max-video-preview:-1"},"canonical":"https:\/\/strangercam.com\/es\/mocospace\/","og_locale":"es_ES","og_type":"article","og_title":"MocoSpace - Anonymous Chat For Two - StrangerCam.com","og_description":"Like MocoSpace? Come chat with more than 5.000.000 strangers on Stranger Cam for Free! Turn on your cam and find new friends & maby a match!","og_url":"https:\/\/strangercam.com\/es\/mocospace\/","og_site_name":"Strangercam","article_publisher":"https:\/\/www.facebook.com\/strangercam","article_modified_time":"2025-02-04T07:47:53+00:00","og_image":[{"width":800,"height":532,"url":"https:\/\/strangercam.com\/wp-content\/uploads\/2021\/10\/Untitled-2.png","type":"image\/png"}],"twitter_card":"summary_large_image","twitter_site":"@strangercamapp","twitter_misc":{"Tiempo de lectura":"4 minutos"},"schema":{"@context":"https:\/\/schema.org","@graph":[{"@type":"WebPage","@id":"https:\/\/strangercam.com\/mocospace\/","url":"https:\/\/strangercam.com\/mocospace\/","name":"MocoSpace - Chat An\u00f3nimo Para Dos - StrangerCam.com","isPartOf":{"@id":"https:\/\/strangercam.com\/#website"},"datePublished":"2021-10-27T07:29:55+00:00","dateModified":"2025-02-04T07:47:53+00:00","description":"\u00bfTe gusta MocoSpace? \u00a1Ven a chatear gratis con m\u00e1s de 5.000.000 de desconocidos en Stranger Cam! \u00a1Enciende tu c\u00e1mara y encuentra nuevos amigos y tal vez una pareja!","breadcrumb":{"@id":"https:\/\/strangercam.com\/mocospace\/#breadcrumb"},"inLanguage":"es","potentialAction":[{"@type":"ReadAction","target":["https:\/\/strangercam.com\/mocospace\/"]}]},{"@type":"BreadcrumbList","@id":"https:\/\/strangercam.com\/mocospace\/#breadcrumb","itemListElement":[{"@type":"ListItem","position":1,"name":"Home","item":"https:\/\/strangercam.com\/"},{"@type":"ListItem","position":2,"name":"MocoSpace"}]},{"@type":"WebSite","@id":"https:\/\/strangercam.com\/#website","url":"https:\/\/strangercam.com\/","name":"Strangercam","description":"Videochat aleatorio con desconocidos","publisher":{"@id":"https:\/\/strangercam.com\/#organization"},"alternateName":"Strangercam.com","potentialAction":[{"@type":"SearchAction","target":{"@type":"EntryPoint","urlTemplate":"https:\/\/strangercam.com\/?s={search_term_string}"},"query-input":{"@type":"PropertyValueSpecification","valueRequired":true,"valueName":"search_term_string"}}],"inLanguage":"es"},{"@type":"Organization","@id":"https:\/\/strangercam.com\/#organization","name":"Strangercam","alternateName":"Strangercam.com","url":"https:\/\/strangercam.com\/","logo":{"@type":"ImageObject","inLanguage":"es","@id":"https:\/\/strangercam.com\/#\/schema\/logo\/image\/","url":"https:\/\/strangercam.com\/wp-content\/uploads\/2020\/11\/cropped-new-favicon-black.png","contentUrl":"https:\/\/strangercam.com\/wp-content\/uploads\/2020\/11\/cropped-new-favicon-black.png","width":512,"height":512,"caption":"Strangercam"},"image":{"@id":"https:\/\/strangercam.com\/#\/schema\/logo\/image\/"},"sameAs":["https:\/\/www.facebook.com\/strangercam","https:\/\/x.com\/strangercamapp"]}]}},"_links":{"self":[{"href":"https:\/\/strangercam.com\/es\/wp-json\/wp\/v2\/pages\/8708","targetHints":{"allow":["GET"]}}],"collection":[{"href":"https:\/\/strangercam.com\/es\/wp-json\/wp\/v2\/pages"}],"about":[{"href":"https:\/\/strangercam.com\/es\/wp-json\/wp\/v2\/types\/page"}],"author":[{"embeddable":true,"href":"https:\/\/strangercam.com\/es\/wp-json\/wp\/v2\/users\/6"}],"replies":[{"embeddable":true,"href":"https:\/\/strangercam.com\/es\/wp-json\/wp\/v2\/comments?post=8708"}],"version-history":[{"count":1,"href":"https:\/\/strangercam.com\/es\/wp-json\/wp\/v2\/pages\/8708\/revisions"}],"predecessor-version":[{"id":12690,"href":"https:\/\/strangercam.com\/es\/wp-json\/wp\/v2\/pages\/8708\/revisions\/12690"}],"wp:attachment":[{"href":"https:\/\/strangercam.com\/es\/wp-json\/wp\/v2\/media?parent=8708"}],"curies":[{"name":"wp","href":"https:\/\/api.w.org\/{rel}","templated":true}]}}