{"id":8647,"date":"2021-10-26T09:38:47","date_gmt":"2021-10-26T07:38:47","guid":{"rendered":"https:\/\/strangercam.com\/?page_id=8647"},"modified":"2023-08-21T11:40:39","modified_gmt":"2023-08-21T09:40:39","slug":"chatib","status":"publish","type":"page","link":"https:\/\/strangercam.com\/es\/chatib\/","title":{"rendered":"Chatib"},"content":{"rendered":"<p>Si eres introvertido, la vida puede ser bastante dif\u00edcil. Puede que tenga un c\u00edrculo de amigos muy limitado. En los tiempos que corren, las redes de contactos ofrecen muchas ventajas, sobre todo a la hora de buscar trabajo. Los introvertidos deben mostrar fuerza e iniciativa. Necesitas crear una relaci\u00f3n personal para alcanzar el \u00e9xito. Para ello, necesitar\u00e1s m\u00e1s habilidades sociales. Puede entrar en <a href=\"https:\/\/strangercam.com\/es\/chatroulette\/\">chat<\/a> portales como chatib para pasarlo en grande.<\/p>\n<p><strong>Consejos para disfrutar de tu sesi\u00f3n de chat en chatib<\/strong><\/p>\n<ul>\n<li style=\"font-weight: 400;\" aria-level=\"1\">Abrazar la naturaleza: En general, las mujeres son t\u00edmidas por naturaleza, lo cual es bastante normal. Pero en el caso de los hombres, es completamente diferente, sobre todo si no son sociables. Primero tienes que sentirte c\u00f3modo contigo mismo. <a href=\"https:\/\/strangercam.com\/es\/only2chat\/\">S\u00f3lo<\/a> entonces los dem\u00e1s notar\u00e1n que tienes confianza en ti mismo y har\u00e1n el primer acercamiento.<\/li>\n<li style=\"font-weight: 400;\" aria-level=\"1\">No es necesario ser hablador: Algunos introvertidos evitan hablar, sobre todo cuando est\u00e1n entre desconocidos. Para encajar en el c\u00edrculo de desconocidos, no es necesario hablar todo el tiempo. Simplemente rel\u00e1jate y d\u00e9jate llevar. Eso s\u00ed, no dudes en contestar.<\/li>\n<li style=\"font-weight: 400;\" aria-level=\"1\">Escuchar y responder en consecuencia: Es sabido que los extrovertidos responden bien a todas las preguntas que se les plantean. Pero a los introvertidos les cuesta responder porque tienden a escuchar primero y luego a pensar mucho. Para estar en el lado correcto, no hay que ser extremista. Basta con escuchar lo que dice la otra persona y responder en consecuencia.<\/li>\n<li style=\"font-weight: 400;\" aria-level=\"1\">Seleccione un lugar: El mejor lugar para <a href=\"https:\/\/strangercam.com\/es\/coomeet\/\">conozca<\/a> new people est\u00e1 en l\u00ednea <a href=\"https:\/\/strangercam.com\/es\/chatingly\/\">chat<\/a> portales como chatib. Se consideran excelentes iniciadores de conversaciones para todas las personas introvertidas. Puedes elegir cualquier tema para debatir con personas afines.<\/li>\n<li style=\"font-weight: 400;\" aria-level=\"1\">Pr\u00e1ctica: Puedes seguir a cualquier persona que muestre las habilidades adecuadas para afrontar cualquier situaci\u00f3n concreta. Participa siempre en conversaciones interesantes e intenta ampliar tu c\u00edrculo de amistades. Con el tiempo, seguro que disfrutar\u00e1s teniendo una enorme base de amigos.<\/li>\n<li style=\"font-weight: 400;\" aria-level=\"1\">Muestra tus puntos fuertes: \u00bferes sincero y sabes escuchar? La verdad es que no es posible convertirse en una persona extrovertida de la noche a la ma\u00f1ana. Sin embargo, seguro que brillar\u00e1s con tus aut\u00e9nticos puntos fuertes ante los dem\u00e1s, independientemente de qui\u00e9n seas.<\/li>\n<li style=\"font-weight: 400;\" aria-level=\"1\">Hazte miembro del grupo. Unos pocos conocen las t\u00e9cnicas adecuadas para entretener a la gente. En caso de que no te sientas c\u00f3modo, simplemente evita este grupo. Busca un grupo que comparta intereses similares. De lo contrario, siempre te encontrar\u00e1s en un rinc\u00f3n y marginado por los dem\u00e1s.<\/li>\n<\/ul>\n<p>Con chatib, \u00a1nunca te equivocar\u00e1s!<\/p>","protected":false},"excerpt":{"rendered":"<p>If you are introverted, then life can be quite difficult. You may have a very limited friend circle. In today\u2019s age, networking does offer lots of benefits especially when it comes to seeking jobs. Introverts are required to display strength and initiative. You need to create a personal relationship to achieve success. For this, you [&hellip;]<\/p>\n","protected":false},"author":6,"featured_media":559,"parent":0,"menu_order":0,"comment_status":"closed","ping_status":"closed","template":"","meta":{"footnotes":""},"class_list":["post-8647","page","type-page","status-publish","has-post-thumbnail","hentry"],"yoast_head":"<!-- This site is optimized with the Yoast SEO plugin v27.4 - https:\/\/yoast.com\/product\/yoast-seo-wordpress\/ -->\n<title>Chatib - Anonymous Chat For Two - Cam on StrangerCam.com<\/title>\n<meta name=\"description\" content=\"Like Chatib? Come chat with more than 5.000.000 strangers on Stranger Cam for Free! Turn on your cam and find new friends &amp; maby a match!\" \/>\n<meta name=\"robots\" content=\"index, follow, max-snippet:-1, max-image-preview:large, max-video-preview:-1\" \/>\n<link rel=\"canonical\" href=\"https:\/\/strangercam.com\/es\/chatib\/\" \/>\n<meta property=\"og:locale\" content=\"es_ES\" \/>\n<meta property=\"og:type\" content=\"article\" \/>\n<meta property=\"og:title\" content=\"Chatib - Anonymous Chat For Two - Cam on StrangerCam.com\" \/>\n<meta property=\"og:description\" content=\"Like Chatib? Come chat with more than 5.000.000 strangers on Stranger Cam for Free! Turn on your cam and find new friends &amp; maby a match!\" \/>\n<meta property=\"og:url\" content=\"https:\/\/strangercam.com\/es\/chatib\/\" \/>\n<meta property=\"og:site_name\" content=\"Strangercam\" \/>\n<meta property=\"article:publisher\" content=\"https:\/\/www.facebook.com\/strangercam\" \/>\n<meta property=\"article:modified_time\" content=\"2023-08-21T09:40:39+00:00\" \/>\n<meta property=\"og:image\" content=\"https:\/\/strangercam.com\/wp-content\/uploads\/2020\/11\/stranger-cam-1.png\" \/>\n\t<meta property=\"og:image:width\" content=\"800\" \/>\n\t<meta property=\"og:image:height\" content=\"800\" \/>\n\t<meta property=\"og:image:type\" content=\"image\/png\" \/>\n<meta name=\"twitter:card\" content=\"summary_large_image\" \/>\n<meta name=\"twitter:site\" content=\"@strangercamapp\" \/>\n<meta name=\"twitter:label1\" content=\"Tiempo de lectura\" \/>\n\t<meta name=\"twitter:data1\" content=\"2 minutos\" \/>\n<script type=\"application\/ld+json\" class=\"yoast-schema-graph\">{\"@context\":\"https:\\\/\\\/schema.org\",\"@graph\":[{\"@type\":\"WebPage\",\"@id\":\"https:\\\/\\\/strangercam.com\\\/chatib\\\/\",\"url\":\"https:\\\/\\\/strangercam.com\\\/chatib\\\/\",\"name\":\"Chatib - Anonymous Chat For Two - Cam on StrangerCam.com\",\"isPartOf\":{\"@id\":\"https:\\\/\\\/strangercam.com\\\/#website\"},\"primaryImageOfPage\":{\"@id\":\"https:\\\/\\\/strangercam.com\\\/chatib\\\/#primaryimage\"},\"image\":{\"@id\":\"https:\\\/\\\/strangercam.com\\\/chatib\\\/#primaryimage\"},\"thumbnailUrl\":\"https:\\\/\\\/strangercam.com\\\/wp-content\\\/uploads\\\/2020\\\/11\\\/stranger-cam-1.png\",\"datePublished\":\"2021-10-26T07:38:47+00:00\",\"dateModified\":\"2023-08-21T09:40:39+00:00\",\"description\":\"Like Chatib? Come chat with more than 5.000.000 strangers on Stranger Cam for Free! Turn on your cam and find new friends & maby a match!\",\"breadcrumb\":{\"@id\":\"https:\\\/\\\/strangercam.com\\\/chatib\\\/#breadcrumb\"},\"inLanguage\":\"es\",\"potentialAction\":[{\"@type\":\"ReadAction\",\"target\":[\"https:\\\/\\\/strangercam.com\\\/chatib\\\/\"]}]},{\"@type\":\"ImageObject\",\"inLanguage\":\"es\",\"@id\":\"https:\\\/\\\/strangercam.com\\\/chatib\\\/#primaryimage\",\"url\":\"https:\\\/\\\/strangercam.com\\\/wp-content\\\/uploads\\\/2020\\\/11\\\/stranger-cam-1.png\",\"contentUrl\":\"https:\\\/\\\/strangercam.com\\\/wp-content\\\/uploads\\\/2020\\\/11\\\/stranger-cam-1.png\",\"width\":800,\"height\":800,\"caption\":\"stranger cam random video chat\"},{\"@type\":\"BreadcrumbList\",\"@id\":\"https:\\\/\\\/strangercam.com\\\/chatib\\\/#breadcrumb\",\"itemListElement\":[{\"@type\":\"ListItem\",\"position\":1,\"name\":\"Home\",\"item\":\"https:\\\/\\\/strangercam.com\\\/\"},{\"@type\":\"ListItem\",\"position\":2,\"name\":\"Chatib\"}]},{\"@type\":\"WebSite\",\"@id\":\"https:\\\/\\\/strangercam.com\\\/#website\",\"url\":\"https:\\\/\\\/strangercam.com\\\/\",\"name\":\"Strangercam\",\"description\":\"Random Video Chat with Strangers\",\"publisher\":{\"@id\":\"https:\\\/\\\/strangercam.com\\\/#organization\"},\"alternateName\":\"Strangercam.com\",\"potentialAction\":[{\"@type\":\"SearchAction\",\"target\":{\"@type\":\"EntryPoint\",\"urlTemplate\":\"https:\\\/\\\/strangercam.com\\\/?s={search_term_string}\"},\"query-input\":{\"@type\":\"PropertyValueSpecification\",\"valueRequired\":true,\"valueName\":\"search_term_string\"}}],\"inLanguage\":\"es\"},{\"@type\":\"Organization\",\"@id\":\"https:\\\/\\\/strangercam.com\\\/#organization\",\"name\":\"Strangercam\",\"alternateName\":\"Strangercam.com\",\"url\":\"https:\\\/\\\/strangercam.com\\\/\",\"logo\":{\"@type\":\"ImageObject\",\"inLanguage\":\"es\",\"@id\":\"https:\\\/\\\/strangercam.com\\\/#\\\/schema\\\/logo\\\/image\\\/\",\"url\":\"https:\\\/\\\/strangercam.com\\\/wp-content\\\/uploads\\\/2020\\\/11\\\/cropped-new-favicon-black.png\",\"contentUrl\":\"https:\\\/\\\/strangercam.com\\\/wp-content\\\/uploads\\\/2020\\\/11\\\/cropped-new-favicon-black.png\",\"width\":512,\"height\":512,\"caption\":\"Strangercam\"},\"image\":{\"@id\":\"https:\\\/\\\/strangercam.com\\\/#\\\/schema\\\/logo\\\/image\\\/\"},\"sameAs\":[\"https:\\\/\\\/www.facebook.com\\\/strangercam\",\"https:\\\/\\\/x.com\\\/strangercamapp\"]}]}<\/script>\n<!-- \/ Yoast SEO plugin. -->","yoast_head_json":{"title":"Chatib - Chat An\u00f3nimo Para Dos - Cam en StrangerCam.com","description":"\u00bfTe gusta Chatib? \u00a1Ven a chatear gratis con m\u00e1s de 5.000.000 de desconocidos en Stranger Cam! \u00a1Enciende tu c\u00e1mara y encuentra nuevos amigos y tal vez una pareja!","robots":{"index":"index","follow":"follow","max-snippet":"max-snippet:-1","max-image-preview":"max-image-preview:large","max-video-preview":"max-video-preview:-1"},"canonical":"https:\/\/strangercam.com\/es\/chatib\/","og_locale":"es_ES","og_type":"article","og_title":"Chatib - Anonymous Chat For Two - Cam on StrangerCam.com","og_description":"Like Chatib? Come chat with more than 5.000.000 strangers on Stranger Cam for Free! Turn on your cam and find new friends & maby a match!","og_url":"https:\/\/strangercam.com\/es\/chatib\/","og_site_name":"Strangercam","article_publisher":"https:\/\/www.facebook.com\/strangercam","article_modified_time":"2023-08-21T09:40:39+00:00","og_image":[{"width":800,"height":800,"url":"https:\/\/strangercam.com\/wp-content\/uploads\/2020\/11\/stranger-cam-1.png","type":"image\/png"}],"twitter_card":"summary_large_image","twitter_site":"@strangercamapp","twitter_misc":{"Tiempo de lectura":"2 minutos"},"schema":{"@context":"https:\/\/schema.org","@graph":[{"@type":"WebPage","@id":"https:\/\/strangercam.com\/chatib\/","url":"https:\/\/strangercam.com\/chatib\/","name":"Chatib - Chat An\u00f3nimo Para Dos - Cam en StrangerCam.com","isPartOf":{"@id":"https:\/\/strangercam.com\/#website"},"primaryImageOfPage":{"@id":"https:\/\/strangercam.com\/chatib\/#primaryimage"},"image":{"@id":"https:\/\/strangercam.com\/chatib\/#primaryimage"},"thumbnailUrl":"https:\/\/strangercam.com\/wp-content\/uploads\/2020\/11\/stranger-cam-1.png","datePublished":"2021-10-26T07:38:47+00:00","dateModified":"2023-08-21T09:40:39+00:00","description":"\u00bfTe gusta Chatib? \u00a1Ven a chatear gratis con m\u00e1s de 5.000.000 de desconocidos en Stranger Cam! \u00a1Enciende tu c\u00e1mara y encuentra nuevos amigos y tal vez una pareja!","breadcrumb":{"@id":"https:\/\/strangercam.com\/chatib\/#breadcrumb"},"inLanguage":"es","potentialAction":[{"@type":"ReadAction","target":["https:\/\/strangercam.com\/chatib\/"]}]},{"@type":"ImageObject","inLanguage":"es","@id":"https:\/\/strangercam.com\/chatib\/#primaryimage","url":"https:\/\/strangercam.com\/wp-content\/uploads\/2020\/11\/stranger-cam-1.png","contentUrl":"https:\/\/strangercam.com\/wp-content\/uploads\/2020\/11\/stranger-cam-1.png","width":800,"height":800,"caption":"stranger cam random video chat"},{"@type":"BreadcrumbList","@id":"https:\/\/strangercam.com\/chatib\/#breadcrumb","itemListElement":[{"@type":"ListItem","position":1,"name":"Home","item":"https:\/\/strangercam.com\/"},{"@type":"ListItem","position":2,"name":"Chatib"}]},{"@type":"WebSite","@id":"https:\/\/strangercam.com\/#website","url":"https:\/\/strangercam.com\/","name":"Strangercam","description":"Videochat aleatorio con desconocidos","publisher":{"@id":"https:\/\/strangercam.com\/#organization"},"alternateName":"Strangercam.com","potentialAction":[{"@type":"SearchAction","target":{"@type":"EntryPoint","urlTemplate":"https:\/\/strangercam.com\/?s={search_term_string}"},"query-input":{"@type":"PropertyValueSpecification","valueRequired":true,"valueName":"search_term_string"}}],"inLanguage":"es"},{"@type":"Organization","@id":"https:\/\/strangercam.com\/#organization","name":"Strangercam","alternateName":"Strangercam.com","url":"https:\/\/strangercam.com\/","logo":{"@type":"ImageObject","inLanguage":"es","@id":"https:\/\/strangercam.com\/#\/schema\/logo\/image\/","url":"https:\/\/strangercam.com\/wp-content\/uploads\/2020\/11\/cropped-new-favicon-black.png","contentUrl":"https:\/\/strangercam.com\/wp-content\/uploads\/2020\/11\/cropped-new-favicon-black.png","width":512,"height":512,"caption":"Strangercam"},"image":{"@id":"https:\/\/strangercam.com\/#\/schema\/logo\/image\/"},"sameAs":["https:\/\/www.facebook.com\/strangercam","https:\/\/x.com\/strangercamapp"]}]}},"_links":{"self":[{"href":"https:\/\/strangercam.com\/es\/wp-json\/wp\/v2\/pages\/8647","targetHints":{"allow":["GET"]}}],"collection":[{"href":"https:\/\/strangercam.com\/es\/wp-json\/wp\/v2\/pages"}],"about":[{"href":"https:\/\/strangercam.com\/es\/wp-json\/wp\/v2\/types\/page"}],"author":[{"embeddable":true,"href":"https:\/\/strangercam.com\/es\/wp-json\/wp\/v2\/users\/6"}],"replies":[{"embeddable":true,"href":"https:\/\/strangercam.com\/es\/wp-json\/wp\/v2\/comments?post=8647"}],"version-history":[{"count":0,"href":"https:\/\/strangercam.com\/es\/wp-json\/wp\/v2\/pages\/8647\/revisions"}],"wp:featuredmedia":[{"embeddable":true,"href":"https:\/\/strangercam.com\/es\/wp-json\/wp\/v2\/media\/559"}],"wp:attachment":[{"href":"https:\/\/strangercam.com\/es\/wp-json\/wp\/v2\/media?parent=8647"}],"curies":[{"name":"wp","href":"https:\/\/api.w.org\/{rel}","templated":true}]}}