{"id":8588,"date":"2021-10-18T11:30:39","date_gmt":"2021-10-18T09:30:39","guid":{"rendered":"https:\/\/strangercam.com\/?page_id=8588"},"modified":"2023-08-21T12:47:57","modified_gmt":"2023-08-21T10:47:57","slug":"wireclub","status":"publish","type":"page","link":"https:\/\/strangercam.com\/es\/wireclub\/","title":{"rendered":"Wireclub"},"content":{"rendered":"<p>Puede que hayas o\u00eddo a tus amigos presumir de tener varias <a href=\"https:\/\/strangercam.com\/es\/chatroulette\/\">chat<\/a> cuentas y hacer nuevos amigos. Es lo suficientemente bueno como para atraerte a intentar abrir una cuenta en wireclub para iniciar el chat con personas afines. Seguro que disfrutar\u00e1 de la experiencia y la emoci\u00f3n que le proporcionar\u00e1 chatear en l\u00ednea con desconocidos. Es algo que no se puede explicar, pero que se siente en persona.<\/p>\n<p>\u00bfHa pensado alguna vez en hacer nuevos amigos en todo el mundo? Si no es as\u00ed, ha llegado el momento de plantearse esta fant\u00e1stica experiencia. Es tan bueno siquiera pensar en tener una persona con la que poder hablar de cualquier cosa sin ning\u00fan miedo. Wireclub te ofrece esta fant\u00e1stica oportunidad.<br \/>\nWireclub le permite seleccionar entre cientos de salas de chat gratis. Tambi\u00e9n puede llegar a sus mensajes y salas de chat. Otras personas se unir\u00e1n a su sala de chat, y se puede hablar con ellos.<\/p>\n<p>\u00bfA qu\u00e9 esperas? \u00a1Ap\u00fantate ya!<\/p>\n<h2>Disponer de sesiones de chat<\/h2>\n<p>Aunque los m\u00f3viles est\u00e1n presentes para chatear, es bastante raro que te encuentres con alguien que no conoces en tu red. Adem\u00e1s, llamar a amigos extranjeros supone tener que pagar una factura enorme. Pero con las salas de chat en l\u00ednea, puedes chatear gratis.<br \/>\nAlgunos portales como Wireclub tambi\u00e9n permiten <a href=\"https:\/\/strangercam.com\/es\/rabbit-video-chat\/\">v\u00eddeo<\/a> chatear. Ambos podr\u00e9is veros en tiempo real y charlar sin molestias. Adem\u00e1s, no tendr\u00e1s que preocuparte por las facturas de tel\u00e9fono. Aqu\u00ed todo es accesible. Puedes llamar a quien quieras sin preocuparte por las facturas.<\/p>\n<h2>Modo an\u00f3nimo<\/h2>\n<p>Es f\u00e1cil charlar con la gente que conocemos. Sin embargo, se ha visto que la gente a menudo se decepciona cuando intenta compartir su verdadero ser y sus emociones sinceras con otras personas de su entorno. Es una triste realidad.<\/p>\n<p>Wireclub ha hecho un excelente esfuerzo para eliminar este problema. Ofrecen a estas personas una excelente oportunidad de hablar con cualquier persona sin ning\u00fan temor. Puede elegir el pa\u00eds de inter\u00e9s y el sexo de su elecci\u00f3n. A continuaci\u00f3n, se le dirigir\u00e1 a la persona m\u00e1s adecuada seg\u00fan sus preferencias descritas.<\/p>\n<p>Entonces podr\u00e1s hablar con esa persona de forma totalmente an\u00f3nima. No saben qui\u00e9n eres y nunca lo averiguar\u00e1n. Por lo tanto, es su <a href=\"https:\/\/strangercam.com\/es\/mocospace\/\">espacio<\/a>. Di lo que quieras decir y pregunta lo que quieras preguntar.<\/p>\n<h2>Servicios ofrecidos<\/h2>\n<p>Las salas de chat en l\u00ednea le permiten chatear gratis con conocidos y desconocidos. Algunas pueden exigirte que pagues una peque\u00f1a cantidad para disfrutar de chats privados sobre los temas que elijas. En primer lugar, es aconsejable que investigues un poco y te registres en un portal de renombre como wireclub. As\u00ed estar\u00e1s seguro y libre de preocupaciones.<\/p>\n<h2>Chat en directo gratuito<\/h2>\n<p>Gratis <a href=\"https:\/\/strangercam.com\/es\/mili\/\">en directo<\/a> \u00bfChatear? \u00a1S\u00f3lo Wireclub puede hacerlo!<\/p>\n<p>S\u00ed, has le\u00eddo bien. Chat en directo gratuito con personas de todo el mundo. No tienes que preocuparte por el saldo de tu cuenta. De lo \u00fanico que tienes que preocuparte es de encontrar a la persona adecuada con la que hablar.<\/p>\n<p>Cada plataforma de chat en l\u00ednea ofrece algo \u00fanico, y lo \u00fanico que ofrece Wireclub es su servicio de chat en directo gratuito. Todo es gratis. S\u00f3lo tiene que utilizar esta incre\u00edble oportunidad a su favor.<\/p>\n<p>El chat en directo gratuito es una oportunidad de chatear en tiempo real. Nuestro sistema encontrar\u00e1 una pareja adecuada para usted. Wireclub le conectar\u00e1 con la persona sentada al otro lado despu\u00e9s de que usted decida chatear con ella. Todo este proceso es gratuito. Usted puede disfrutar de todo esto de forma gratuita.<\/p>\n<h2>Tomar las precauciones adecuadas<\/h2>\n<p>Hablar con un desconocido por primera vez puede parecer muy interesante. Pero no se deje llevar. No entretengas a desconocidos d\u00e1ndoles tus datos, como tu n\u00famero de contacto o tu direcci\u00f3n. En varias ocasiones puede verse en situaciones inc\u00f3modas debido a decisiones equivocadas. Si es la primera vez que visitas un nuevo portal de chat, intenta ce\u00f1irte s\u00f3lo a gente conocida. Al terminar la sesi\u00f3n de chat, recuerda borrar las cookies y el historial de la sesi\u00f3n del smartphone o del port\u00e1til. Puede haber fisgones al acecho de gente inocente. Pueden estar esperando pacientemente para robarle sus datos vitales, como su cuenta bancaria, los detalles de su tarjeta de cr\u00e9dito y otra informaci\u00f3n vital.<\/p>\n<p>Mientras chateas, aseg\u00farate de no utilizar otro navegador para acceder a tu tarjeta de cr\u00e9dito o cuenta bancaria, ya que no ser\u00e1 seguro. Si has hecho un nuevo amigo, simplemente chatea por voz o env\u00edale un mensaje de texto. Evite <a href=\"https:\/\/strangercam.com\/es\/bazoocam\/\">leva<\/a> sesiones.<\/p>\n<p>Tomar las precauciones adecuadas le permitir\u00e1 mantenerse seguro y disfrutar haciendo nuevos amigos en l\u00ednea.<\/p>\n<h2>Salas de chat gratuitas<\/h2>\n<p>\u00a1Qu\u00e9 puede haber mejor que conseguir gratis las cosas que deseas!<\/p>\n<p>Eso es lo que hace de Wireclub una plataforma de videochat en l\u00ednea incre\u00edble y orientada al usuario. Puede chatear en las salas de forma gratuita. Todo lo que necesita es registrarse. Hay miles de personas en una misma sala de chat. Si no eres una persona de multitudes, tambi\u00e9n puedes encontrarte en una sala de chat menos concurrida. Hay muchas opciones para elegir seg\u00fan tus necesidades y deseos.<\/p>\n<p>Las salas de chat gratuitas son una gran fuente de relajaci\u00f3n. Puedes chatear con cualquiera y compartir tus sentimientos y pensamientos sin miedo a ser juzgado. Estas salas de chat ofrecen la sana experiencia de charlar con desconocidos.<\/p>","protected":false},"excerpt":{"rendered":"<p>It could be that you have heard your friends boasting of having several online chat accounts and making new friends. It is good enough to lure you to try opening an account with wireclub to initiate chatting with like-minded people. You are sure to enjoy the experience and thrill that you are to derive from [&hellip;]<\/p>\n","protected":false},"author":6,"featured_media":559,"parent":0,"menu_order":0,"comment_status":"closed","ping_status":"closed","template":"","meta":{"footnotes":""},"class_list":["post-8588","page","type-page","status-publish","has-post-thumbnail","hentry"],"yoast_head":"<!-- This site is optimized with the Yoast SEO plugin v26.9 - https:\/\/yoast.com\/product\/yoast-seo-wordpress\/ -->\n<title>Wireclub - Anonymous Chat For Two - Cam on StrangerCam.com<\/title>\n<meta name=\"description\" content=\"Like Wireclub? Come chat with more than 5.000.000 strangers on Stranger Cam for Free! Turn on your cam and find new friends &amp; maby a match!\" \/>\n<meta name=\"robots\" content=\"index, follow, max-snippet:-1, max-image-preview:large, max-video-preview:-1\" \/>\n<link rel=\"canonical\" href=\"https:\/\/strangercam.com\/es\/wireclub\/\" \/>\n<meta property=\"og:locale\" content=\"es_ES\" \/>\n<meta property=\"og:type\" content=\"article\" \/>\n<meta property=\"og:title\" content=\"Wireclub - Anonymous Chat For Two - Cam on StrangerCam.com\" \/>\n<meta property=\"og:description\" content=\"Like Wireclub? Come chat with more than 5.000.000 strangers on Stranger Cam for Free! Turn on your cam and find new friends &amp; maby a match!\" \/>\n<meta property=\"og:url\" content=\"https:\/\/strangercam.com\/es\/wireclub\/\" \/>\n<meta property=\"og:site_name\" content=\"Strangercam\" \/>\n<meta property=\"article:publisher\" content=\"https:\/\/www.facebook.com\/strangercam\" \/>\n<meta property=\"article:modified_time\" content=\"2023-08-21T10:47:57+00:00\" \/>\n<meta property=\"og:image\" content=\"https:\/\/strangercam.com\/wp-content\/uploads\/2020\/11\/stranger-cam-1.png\" \/>\n\t<meta property=\"og:image:width\" content=\"800\" \/>\n\t<meta property=\"og:image:height\" content=\"800\" \/>\n\t<meta property=\"og:image:type\" content=\"image\/png\" \/>\n<meta name=\"twitter:card\" content=\"summary_large_image\" \/>\n<meta name=\"twitter:site\" content=\"@strangercamapp\" \/>\n<meta name=\"twitter:label1\" content=\"Tiempo de lectura\" \/>\n\t<meta name=\"twitter:data1\" content=\"4 minutos\" \/>\n<script type=\"application\/ld+json\" class=\"yoast-schema-graph\">{\"@context\":\"https:\/\/schema.org\",\"@graph\":[{\"@type\":\"WebPage\",\"@id\":\"https:\/\/strangercam.com\/wireclub\/\",\"url\":\"https:\/\/strangercam.com\/wireclub\/\",\"name\":\"Wireclub - Anonymous Chat For Two - Cam on StrangerCam.com\",\"isPartOf\":{\"@id\":\"https:\/\/strangercam.com\/#website\"},\"primaryImageOfPage\":{\"@id\":\"https:\/\/strangercam.com\/wireclub\/#primaryimage\"},\"image\":{\"@id\":\"https:\/\/strangercam.com\/wireclub\/#primaryimage\"},\"thumbnailUrl\":\"https:\/\/strangercam.com\/wp-content\/uploads\/2020\/11\/stranger-cam-1.png\",\"datePublished\":\"2021-10-18T09:30:39+00:00\",\"dateModified\":\"2023-08-21T10:47:57+00:00\",\"description\":\"Like Wireclub? Come chat with more than 5.000.000 strangers on Stranger Cam for Free! Turn on your cam and find new friends & maby a match!\",\"breadcrumb\":{\"@id\":\"https:\/\/strangercam.com\/wireclub\/#breadcrumb\"},\"inLanguage\":\"es\",\"potentialAction\":[{\"@type\":\"ReadAction\",\"target\":[\"https:\/\/strangercam.com\/wireclub\/\"]}]},{\"@type\":\"ImageObject\",\"inLanguage\":\"es\",\"@id\":\"https:\/\/strangercam.com\/wireclub\/#primaryimage\",\"url\":\"https:\/\/strangercam.com\/wp-content\/uploads\/2020\/11\/stranger-cam-1.png\",\"contentUrl\":\"https:\/\/strangercam.com\/wp-content\/uploads\/2020\/11\/stranger-cam-1.png\",\"width\":800,\"height\":800,\"caption\":\"stranger cam random video chat\"},{\"@type\":\"BreadcrumbList\",\"@id\":\"https:\/\/strangercam.com\/wireclub\/#breadcrumb\",\"itemListElement\":[{\"@type\":\"ListItem\",\"position\":1,\"name\":\"Home\",\"item\":\"https:\/\/strangercam.com\/\"},{\"@type\":\"ListItem\",\"position\":2,\"name\":\"Wireclub\"}]},{\"@type\":\"WebSite\",\"@id\":\"https:\/\/strangercam.com\/#website\",\"url\":\"https:\/\/strangercam.com\/\",\"name\":\"Strangercam\",\"description\":\"Random Video Chat with Strangers\",\"publisher\":{\"@id\":\"https:\/\/strangercam.com\/#organization\"},\"alternateName\":\"Strangercam.com\",\"potentialAction\":[{\"@type\":\"SearchAction\",\"target\":{\"@type\":\"EntryPoint\",\"urlTemplate\":\"https:\/\/strangercam.com\/?s={search_term_string}\"},\"query-input\":{\"@type\":\"PropertyValueSpecification\",\"valueRequired\":true,\"valueName\":\"search_term_string\"}}],\"inLanguage\":\"es\"},{\"@type\":\"Organization\",\"@id\":\"https:\/\/strangercam.com\/#organization\",\"name\":\"Strangercam\",\"alternateName\":\"Strangercam.com\",\"url\":\"https:\/\/strangercam.com\/\",\"logo\":{\"@type\":\"ImageObject\",\"inLanguage\":\"es\",\"@id\":\"https:\/\/strangercam.com\/#\/schema\/logo\/image\/\",\"url\":\"https:\/\/strangercam.com\/wp-content\/uploads\/2020\/11\/cropped-new-favicon-black.png\",\"contentUrl\":\"https:\/\/strangercam.com\/wp-content\/uploads\/2020\/11\/cropped-new-favicon-black.png\",\"width\":512,\"height\":512,\"caption\":\"Strangercam\"},\"image\":{\"@id\":\"https:\/\/strangercam.com\/#\/schema\/logo\/image\/\"},\"sameAs\":[\"https:\/\/www.facebook.com\/strangercam\",\"https:\/\/x.com\/strangercamapp\"]}]}<\/script>\n<!-- \/ Yoast SEO plugin. -->","yoast_head_json":{"title":"Wireclub - Chat An\u00f3nimo Para Dos - Cam en StrangerCam.com","description":"\u00bfTe gusta Wireclub? \u00a1Ven a chatear gratis con m\u00e1s de 5.000.000 de desconocidos en Stranger Cam! \u00a1Enciende tu c\u00e1mara y encuentra nuevos amigos y tal vez una pareja!","robots":{"index":"index","follow":"follow","max-snippet":"max-snippet:-1","max-image-preview":"max-image-preview:large","max-video-preview":"max-video-preview:-1"},"canonical":"https:\/\/strangercam.com\/es\/wireclub\/","og_locale":"es_ES","og_type":"article","og_title":"Wireclub - Anonymous Chat For Two - Cam on StrangerCam.com","og_description":"Like Wireclub? Come chat with more than 5.000.000 strangers on Stranger Cam for Free! Turn on your cam and find new friends & maby a match!","og_url":"https:\/\/strangercam.com\/es\/wireclub\/","og_site_name":"Strangercam","article_publisher":"https:\/\/www.facebook.com\/strangercam","article_modified_time":"2023-08-21T10:47:57+00:00","og_image":[{"width":800,"height":800,"url":"https:\/\/strangercam.com\/wp-content\/uploads\/2020\/11\/stranger-cam-1.png","type":"image\/png"}],"twitter_card":"summary_large_image","twitter_site":"@strangercamapp","twitter_misc":{"Tiempo de lectura":"4 minutos"},"schema":{"@context":"https:\/\/schema.org","@graph":[{"@type":"WebPage","@id":"https:\/\/strangercam.com\/wireclub\/","url":"https:\/\/strangercam.com\/wireclub\/","name":"Wireclub - Chat An\u00f3nimo Para Dos - Cam en StrangerCam.com","isPartOf":{"@id":"https:\/\/strangercam.com\/#website"},"primaryImageOfPage":{"@id":"https:\/\/strangercam.com\/wireclub\/#primaryimage"},"image":{"@id":"https:\/\/strangercam.com\/wireclub\/#primaryimage"},"thumbnailUrl":"https:\/\/strangercam.com\/wp-content\/uploads\/2020\/11\/stranger-cam-1.png","datePublished":"2021-10-18T09:30:39+00:00","dateModified":"2023-08-21T10:47:57+00:00","description":"\u00bfTe gusta Wireclub? \u00a1Ven a chatear gratis con m\u00e1s de 5.000.000 de desconocidos en Stranger Cam! \u00a1Enciende tu c\u00e1mara y encuentra nuevos amigos y tal vez una pareja!","breadcrumb":{"@id":"https:\/\/strangercam.com\/wireclub\/#breadcrumb"},"inLanguage":"es","potentialAction":[{"@type":"ReadAction","target":["https:\/\/strangercam.com\/wireclub\/"]}]},{"@type":"ImageObject","inLanguage":"es","@id":"https:\/\/strangercam.com\/wireclub\/#primaryimage","url":"https:\/\/strangercam.com\/wp-content\/uploads\/2020\/11\/stranger-cam-1.png","contentUrl":"https:\/\/strangercam.com\/wp-content\/uploads\/2020\/11\/stranger-cam-1.png","width":800,"height":800,"caption":"stranger cam random video chat"},{"@type":"BreadcrumbList","@id":"https:\/\/strangercam.com\/wireclub\/#breadcrumb","itemListElement":[{"@type":"ListItem","position":1,"name":"Home","item":"https:\/\/strangercam.com\/"},{"@type":"ListItem","position":2,"name":"Wireclub"}]},{"@type":"WebSite","@id":"https:\/\/strangercam.com\/#website","url":"https:\/\/strangercam.com\/","name":"Strangercam","description":"Videochat aleatorio con desconocidos","publisher":{"@id":"https:\/\/strangercam.com\/#organization"},"alternateName":"Strangercam.com","potentialAction":[{"@type":"SearchAction","target":{"@type":"EntryPoint","urlTemplate":"https:\/\/strangercam.com\/?s={search_term_string}"},"query-input":{"@type":"PropertyValueSpecification","valueRequired":true,"valueName":"search_term_string"}}],"inLanguage":"es"},{"@type":"Organization","@id":"https:\/\/strangercam.com\/#organization","name":"Strangercam","alternateName":"Strangercam.com","url":"https:\/\/strangercam.com\/","logo":{"@type":"ImageObject","inLanguage":"es","@id":"https:\/\/strangercam.com\/#\/schema\/logo\/image\/","url":"https:\/\/strangercam.com\/wp-content\/uploads\/2020\/11\/cropped-new-favicon-black.png","contentUrl":"https:\/\/strangercam.com\/wp-content\/uploads\/2020\/11\/cropped-new-favicon-black.png","width":512,"height":512,"caption":"Strangercam"},"image":{"@id":"https:\/\/strangercam.com\/#\/schema\/logo\/image\/"},"sameAs":["https:\/\/www.facebook.com\/strangercam","https:\/\/x.com\/strangercamapp"]}]}},"_links":{"self":[{"href":"https:\/\/strangercam.com\/es\/wp-json\/wp\/v2\/pages\/8588","targetHints":{"allow":["GET"]}}],"collection":[{"href":"https:\/\/strangercam.com\/es\/wp-json\/wp\/v2\/pages"}],"about":[{"href":"https:\/\/strangercam.com\/es\/wp-json\/wp\/v2\/types\/page"}],"author":[{"embeddable":true,"href":"https:\/\/strangercam.com\/es\/wp-json\/wp\/v2\/users\/6"}],"replies":[{"embeddable":true,"href":"https:\/\/strangercam.com\/es\/wp-json\/wp\/v2\/comments?post=8588"}],"version-history":[{"count":0,"href":"https:\/\/strangercam.com\/es\/wp-json\/wp\/v2\/pages\/8588\/revisions"}],"wp:featuredmedia":[{"embeddable":true,"href":"https:\/\/strangercam.com\/es\/wp-json\/wp\/v2\/media\/559"}],"wp:attachment":[{"href":"https:\/\/strangercam.com\/es\/wp-json\/wp\/v2\/media?parent=8588"}],"curies":[{"name":"wp","href":"https:\/\/api.w.org\/{rel}","templated":true}]}}