{"id":8554,"date":"2021-10-18T10:33:50","date_gmt":"2021-10-18T08:33:50","guid":{"rendered":"https:\/\/strangercam.com\/?page_id=8554"},"modified":"2025-01-23T12:08:04","modified_gmt":"2025-01-23T10:08:04","slug":"reembolso","status":"publish","type":"page","link":"https:\/\/strangercam.com\/es\/refund\/","title":{"rendered":"Reembolsos y devoluciones"},"content":{"rendered":"<p>Gracias por utilizar nuestro sitio web. Tenga en cuenta que toda la facturaci\u00f3n, devoluciones de cargos y atenci\u00f3n al cliente de los servicios adquiridos a trav\u00e9s de los enlaces de nuestro sitio web son gestionados por <a href=\"https:\/\/strangercam.com\/es\/coomeet\/\">Coomeet<\/a>. Como afiliado, no procesamos pagos, no emitimos reembolsos ni gestionamos consultas de clientes para estas transacciones.<\/p>\n<ol>\n<li><strong>Productos y servicios digitales<\/strong><br \/>\nNuestro Sitio Web puede promocionar productos y servicios digitales no tangibles e irrevocables ofrecidos por Coomeet. Antes de realizar una compra, revise detenidamente los detalles del producto o servicio para asegurarse de que cumple sus expectativas. Si tiene alguna duda sobre la naturaleza del producto o servicio, p\u00f3ngase en contacto con el equipo de asistencia de Coomeet para que se la aclaren antes de proceder al pago.<\/li>\n<li><strong>Reembolsos<\/strong><br \/>\nDado que Coomeet se encarga de la facturaci\u00f3n, ellos determinar\u00e1n si tienes derecho a un reembolso de acuerdo con sus pol\u00edticas. Se pueden conceder reembolsos en circunstancias espec\u00edficas (por ejemplo, pagos duplicados o errores t\u00e9cnicos). Para solicitar un reembolso, sigue el proceso designado por Coomeet y ponte en contacto con su equipo de asistencia con la siguiente informaci\u00f3n:<\/p>\n<ul>\n<li>Fecha, importe y forma de pago<\/li>\n<li>N\u00famero de pedido\/pago\/transacci\u00f3n (u otros datos identificativos)<\/li>\n<li>Motivo de la solicitud de devoluci\u00f3n<\/li>\n<\/ul>\n<p>Si se aprueba un reembolso, tenga en cuenta que los plazos de procesamiento de la tarjeta de cr\u00e9dito o del banco pueden variar y suelen oscilar entre 3 y 10 d\u00edas laborables. Cualquier pregunta sobre el estado o el plazo de su reembolso debe dirigirse al servicio de atenci\u00f3n al cliente de Coomeet.<\/li>\n<li><strong>Devoluciones de cargo<\/strong><br \/>\nEn caso de devoluci\u00f3n de cargo, Coomeet llevar\u00e1 a cabo una investigaci\u00f3n exhaustiva de la transacci\u00f3n. Tenga en cuenta que iniciar una devoluci\u00f3n de cargo falsa o fraudulenta puede dar lugar a restricciones en su cuenta y en futuras afiliaciones. Si necesitas ayuda o aclaraciones sobre tu facturaci\u00f3n, ponte en contacto con el equipo de soporte de Coomeet antes de recurrir a una devoluci\u00f3n de cargo.<\/li>\n<li><strong>Enlaces y servicios de terceros<\/strong><br \/>\nNuestro Sitio Web puede contener enlaces a sitios web y aplicaciones externos gestionados por terceros (incluido Coomeet). Los clientes que adquieran productos o servicios de esos proveedores est\u00e1n sujetos a los t\u00e9rminos, condiciones y procedimientos de reembolso de los respectivos proveedores. Si experimenta alg\u00fan problema o tiene alguna duda, p\u00f3ngase en contacto directamente con el proveedor de servicios externo correspondiente.<\/li>\n<li><strong>P\u00f3ngase en contacto con nosotros<\/strong><br \/>\nSi tiene alguna pregunta general sobre nuestra afiliaci\u00f3n a Coomeet o sobre el contenido de nuestro sitio web, no dude en ponerse en contacto con nosotros. <a href=\"https:\/\/strangercam.com\/es\/chat4free\/\">gratis<\/a> para ponerse en contacto con nosotros a trav\u00e9s de nuestra p\u00e1gina de contacto. No obstante, tenga en cuenta que todas las consultas sobre facturaci\u00f3n y reembolsos deben dirigirse al servicio de atenci\u00f3n al cliente de Coomeet.<\/li>\n<\/ol>\n<p>Gracias por su comprensi\u00f3n y cooperaci\u00f3n. Apreciamos su apoyo y nos esforzamos por garantizar una experiencia sin problemas.<\/p>","protected":false},"excerpt":{"rendered":"<p>Thank you for using our Website. Please note that all billing, chargebacks, and customer support for services purchased through links on our Website are handled by Coomeet. As an affiliate, we do not process payments, issue refunds, or manage customer inquiries for these transactions. Digital Products &amp; Services Our Website may promote non-tangible, irrevocable digital [&hellip;]<\/p>\n","protected":false},"author":1,"featured_media":0,"parent":0,"menu_order":0,"comment_status":"closed","ping_status":"closed","template":"","meta":{"footnotes":""},"class_list":["post-8554","page","type-page","status-publish","hentry"],"yoast_head":"<!-- This site is optimized with the Yoast SEO plugin v27.4 - https:\/\/yoast.com\/product\/yoast-seo-wordpress\/ -->\n<title>Refunds &amp; Chargeback - Strangercam<\/title>\n<meta name=\"robots\" content=\"index, follow, max-snippet:-1, max-image-preview:large, max-video-preview:-1\" \/>\n<link rel=\"canonical\" href=\"https:\/\/strangercam.com\/es\/reembolso\/\" \/>\n<meta property=\"og:locale\" content=\"es_ES\" \/>\n<meta property=\"og:type\" content=\"article\" \/>\n<meta property=\"og:title\" content=\"Refunds &amp; Chargeback - Strangercam\" \/>\n<meta property=\"og:description\" content=\"Thank you for using our Website. Please note that all billing, chargebacks, and customer support for services purchased through links on our Website are handled by Coomeet. As an affiliate, we do not process payments, issue refunds, or manage customer inquiries for these transactions. Digital Products &amp; Services Our Website may promote non-tangible, irrevocable digital [&hellip;]\" \/>\n<meta property=\"og:url\" content=\"https:\/\/strangercam.com\/es\/reembolso\/\" \/>\n<meta property=\"og:site_name\" content=\"Strangercam\" \/>\n<meta property=\"article:publisher\" content=\"https:\/\/www.facebook.com\/strangercam\" \/>\n<meta property=\"article:modified_time\" content=\"2025-01-23T10:08:04+00:00\" \/>\n<meta property=\"og:image\" content=\"https:\/\/strangercam.com\/wp-content\/uploads\/2021\/10\/Untitled-2.png\" \/>\n\t<meta property=\"og:image:width\" content=\"800\" \/>\n\t<meta property=\"og:image:height\" content=\"532\" \/>\n\t<meta property=\"og:image:type\" content=\"image\/png\" \/>\n<meta name=\"twitter:card\" content=\"summary_large_image\" \/>\n<meta name=\"twitter:site\" content=\"@strangercamapp\" \/>\n<meta name=\"twitter:label1\" content=\"Tiempo de lectura\" \/>\n\t<meta name=\"twitter:data1\" content=\"2 minutos\" \/>\n<script type=\"application\/ld+json\" class=\"yoast-schema-graph\">{\"@context\":\"https:\\\/\\\/schema.org\",\"@graph\":[{\"@type\":\"WebPage\",\"@id\":\"https:\\\/\\\/strangercam.com\\\/refund\\\/\",\"url\":\"https:\\\/\\\/strangercam.com\\\/refund\\\/\",\"name\":\"Refunds & Chargeback - Strangercam\",\"isPartOf\":{\"@id\":\"https:\\\/\\\/strangercam.com\\\/#website\"},\"datePublished\":\"2021-10-18T08:33:50+00:00\",\"dateModified\":\"2025-01-23T10:08:04+00:00\",\"breadcrumb\":{\"@id\":\"https:\\\/\\\/strangercam.com\\\/refund\\\/#breadcrumb\"},\"inLanguage\":\"es\",\"potentialAction\":[{\"@type\":\"ReadAction\",\"target\":[\"https:\\\/\\\/strangercam.com\\\/refund\\\/\"]}]},{\"@type\":\"BreadcrumbList\",\"@id\":\"https:\\\/\\\/strangercam.com\\\/refund\\\/#breadcrumb\",\"itemListElement\":[{\"@type\":\"ListItem\",\"position\":1,\"name\":\"Home\",\"item\":\"https:\\\/\\\/strangercam.com\\\/\"},{\"@type\":\"ListItem\",\"position\":2,\"name\":\"Refunds &#038; Chargeback\"}]},{\"@type\":\"WebSite\",\"@id\":\"https:\\\/\\\/strangercam.com\\\/#website\",\"url\":\"https:\\\/\\\/strangercam.com\\\/\",\"name\":\"Strangercam\",\"description\":\"Random Video Chat with Strangers\",\"publisher\":{\"@id\":\"https:\\\/\\\/strangercam.com\\\/#organization\"},\"alternateName\":\"Strangercam.com\",\"potentialAction\":[{\"@type\":\"SearchAction\",\"target\":{\"@type\":\"EntryPoint\",\"urlTemplate\":\"https:\\\/\\\/strangercam.com\\\/?s={search_term_string}\"},\"query-input\":{\"@type\":\"PropertyValueSpecification\",\"valueRequired\":true,\"valueName\":\"search_term_string\"}}],\"inLanguage\":\"es\"},{\"@type\":\"Organization\",\"@id\":\"https:\\\/\\\/strangercam.com\\\/#organization\",\"name\":\"Strangercam\",\"alternateName\":\"Strangercam.com\",\"url\":\"https:\\\/\\\/strangercam.com\\\/\",\"logo\":{\"@type\":\"ImageObject\",\"inLanguage\":\"es\",\"@id\":\"https:\\\/\\\/strangercam.com\\\/#\\\/schema\\\/logo\\\/image\\\/\",\"url\":\"https:\\\/\\\/strangercam.com\\\/wp-content\\\/uploads\\\/2020\\\/11\\\/cropped-new-favicon-black.png\",\"contentUrl\":\"https:\\\/\\\/strangercam.com\\\/wp-content\\\/uploads\\\/2020\\\/11\\\/cropped-new-favicon-black.png\",\"width\":512,\"height\":512,\"caption\":\"Strangercam\"},\"image\":{\"@id\":\"https:\\\/\\\/strangercam.com\\\/#\\\/schema\\\/logo\\\/image\\\/\"},\"sameAs\":[\"https:\\\/\\\/www.facebook.com\\\/strangercam\",\"https:\\\/\\\/x.com\\\/strangercamapp\"]}]}<\/script>\n<!-- \/ Yoast SEO plugin. -->","yoast_head_json":{"title":"Reembolsos y devoluciones - Strangercam","robots":{"index":"index","follow":"follow","max-snippet":"max-snippet:-1","max-image-preview":"max-image-preview:large","max-video-preview":"max-video-preview:-1"},"canonical":"https:\/\/strangercam.com\/es\/reembolso\/","og_locale":"es_ES","og_type":"article","og_title":"Refunds & Chargeback - Strangercam","og_description":"Thank you for using our Website. Please note that all billing, chargebacks, and customer support for services purchased through links on our Website are handled by Coomeet. As an affiliate, we do not process payments, issue refunds, or manage customer inquiries for these transactions. Digital Products &amp; Services Our Website may promote non-tangible, irrevocable digital [&hellip;]","og_url":"https:\/\/strangercam.com\/es\/reembolso\/","og_site_name":"Strangercam","article_publisher":"https:\/\/www.facebook.com\/strangercam","article_modified_time":"2025-01-23T10:08:04+00:00","og_image":[{"width":800,"height":532,"url":"https:\/\/strangercam.com\/wp-content\/uploads\/2021\/10\/Untitled-2.png","type":"image\/png"}],"twitter_card":"summary_large_image","twitter_site":"@strangercamapp","twitter_misc":{"Tiempo de lectura":"2 minutos"},"schema":{"@context":"https:\/\/schema.org","@graph":[{"@type":"WebPage","@id":"https:\/\/strangercam.com\/refund\/","url":"https:\/\/strangercam.com\/refund\/","name":"Reembolsos y devoluciones - Strangercam","isPartOf":{"@id":"https:\/\/strangercam.com\/#website"},"datePublished":"2021-10-18T08:33:50+00:00","dateModified":"2025-01-23T10:08:04+00:00","breadcrumb":{"@id":"https:\/\/strangercam.com\/refund\/#breadcrumb"},"inLanguage":"es","potentialAction":[{"@type":"ReadAction","target":["https:\/\/strangercam.com\/refund\/"]}]},{"@type":"BreadcrumbList","@id":"https:\/\/strangercam.com\/refund\/#breadcrumb","itemListElement":[{"@type":"ListItem","position":1,"name":"Home","item":"https:\/\/strangercam.com\/"},{"@type":"ListItem","position":2,"name":"Refunds &#038; Chargeback"}]},{"@type":"WebSite","@id":"https:\/\/strangercam.com\/#website","url":"https:\/\/strangercam.com\/","name":"Strangercam","description":"Videochat aleatorio con desconocidos","publisher":{"@id":"https:\/\/strangercam.com\/#organization"},"alternateName":"Strangercam.com","potentialAction":[{"@type":"SearchAction","target":{"@type":"EntryPoint","urlTemplate":"https:\/\/strangercam.com\/?s={search_term_string}"},"query-input":{"@type":"PropertyValueSpecification","valueRequired":true,"valueName":"search_term_string"}}],"inLanguage":"es"},{"@type":"Organization","@id":"https:\/\/strangercam.com\/#organization","name":"Strangercam","alternateName":"Strangercam.com","url":"https:\/\/strangercam.com\/","logo":{"@type":"ImageObject","inLanguage":"es","@id":"https:\/\/strangercam.com\/#\/schema\/logo\/image\/","url":"https:\/\/strangercam.com\/wp-content\/uploads\/2020\/11\/cropped-new-favicon-black.png","contentUrl":"https:\/\/strangercam.com\/wp-content\/uploads\/2020\/11\/cropped-new-favicon-black.png","width":512,"height":512,"caption":"Strangercam"},"image":{"@id":"https:\/\/strangercam.com\/#\/schema\/logo\/image\/"},"sameAs":["https:\/\/www.facebook.com\/strangercam","https:\/\/x.com\/strangercamapp"]}]}},"_links":{"self":[{"href":"https:\/\/strangercam.com\/es\/wp-json\/wp\/v2\/pages\/8554","targetHints":{"allow":["GET"]}}],"collection":[{"href":"https:\/\/strangercam.com\/es\/wp-json\/wp\/v2\/pages"}],"about":[{"href":"https:\/\/strangercam.com\/es\/wp-json\/wp\/v2\/types\/page"}],"author":[{"embeddable":true,"href":"https:\/\/strangercam.com\/es\/wp-json\/wp\/v2\/users\/1"}],"replies":[{"embeddable":true,"href":"https:\/\/strangercam.com\/es\/wp-json\/wp\/v2\/comments?post=8554"}],"version-history":[{"count":1,"href":"https:\/\/strangercam.com\/es\/wp-json\/wp\/v2\/pages\/8554\/revisions"}],"predecessor-version":[{"id":12667,"href":"https:\/\/strangercam.com\/es\/wp-json\/wp\/v2\/pages\/8554\/revisions\/12667"}],"wp:attachment":[{"href":"https:\/\/strangercam.com\/es\/wp-json\/wp\/v2\/media?parent=8554"}],"curies":[{"name":"wp","href":"https:\/\/api.w.org\/{rel}","templated":true}]}}