{"id":8386,"date":"2024-09-19T11:35:24","date_gmt":"2024-09-19T09:35:24","guid":{"rendered":"https:\/\/strangercam.com\/?page_id=8386"},"modified":"2024-09-19T11:37:00","modified_gmt":"2024-09-19T09:37:00","slug":"chat-avenue","status":"publish","type":"page","link":"https:\/\/strangercam.com\/es\/chat-avenue\/","title":{"rendered":"Chat Avenue"},"content":{"rendered":"<p><a href=\"https:\/\/strangercam.com\/es\/chatroulette\/\">Chat<\/a> Avenue, tambi\u00e9n conocida como Chat Ave, es una de las plataformas de chat en l\u00ednea m\u00e1s antiguas y populares de la actualidad. Fundada en 2000, se ha convertido en una comunidad vibrante en la que millones de personas de todo el mundo se re\u00fanen para conversar, hacer nuevos amigos y compartir experiencias. Con m\u00e1s de 7 millones de visitantes al mes, Chat Avenue ofrece un entorno din\u00e1mico tanto para los nuevos entusiastas del chat como para los m\u00e1s experimentados.<\/p>\n<h2>\u00bfQu\u00e9 es Chat Avenue?<\/h2>\n<p>Chat Avenue es una plataforma en l\u00ednea que proporciona a los usuarios acceso a salas de chat gratuitas que cubren una amplia gama de temas e intereses. Desde conversaciones informales a discusiones m\u00e1s centradas, Chat Avenue tiene algo para todo el mundo. La plataforma est\u00e1 dise\u00f1ada para ser f\u00e1cil de usar y accesible a personas de todas las edades y or\u00edgenes, por lo que es f\u00e1cil para cualquier persona unirse y empezar a chatear al instante.<\/p>\n<h2>\u00bfPor qu\u00e9 elegir Chat Avenue?<\/h2>\n<p>Hay varias razones por las que Chat Avenue destaca como plataforma de chat en l\u00ednea de primera categor\u00eda:<\/p>\n<ul>\n<li><strong>Salas de chat diversas:<\/strong> Con 20 salas de chat diferentes para elegir, puedes encontrar la que mejor se adapte a tus intereses. Tanto si te gusta la m\u00fasica, los deportes, la tecnolog\u00eda o buscas salas de chat espec\u00edficas para tu edad, hay una sala de chat para ti. <a href=\"https:\/\/strangercam.com\/es\/mocospace\/\">espacio<\/a> para ti.<\/li>\n<li><strong>Interfaz f\u00e1cil de usar:<\/strong> La plataforma est\u00e1 dise\u00f1ada para todo el mundo, independientemente de su edad o conocimientos tecnol\u00f3gicos. Su dise\u00f1o sencillo hace que sea f\u00e1cil navegar por ella y empezar a chatear sin complicaciones.<\/li>\n<li><strong>Comunidad mundial:<\/strong> Con\u00e9ctese con miles de personas de diferentes pa\u00edses, culturas y or\u00edgenes. Ampl\u00eda tus horizontes y aprende nuevas perspectivas entablando conversaciones con personas de todo el mundo.<\/li>\n<li><strong>Privacidad y anonimato:<\/strong> Chat Avenue te permite iniciar sesi\u00f3n como \u201cUsuario invitado\u201d, lo que garantiza la confidencialidad de tu identidad. No es necesario que facilites una direcci\u00f3n de correo electr\u00f3nico, perfiles en redes sociales ni ning\u00fan tipo de informaci\u00f3n personal para empezar a chatear.<\/li>\n<li><strong>Uso gratuito:<\/strong> Chat Avenue es completamente gratis. Puedes unirte a cualquier sala de chat sin cargos ni tasas ocultas.<\/li>\n<\/ul>\n<h2>C\u00f3mo utilizar Chat Avenue<\/h2>\n<p>Utilizar Chat Avenue es sencillo y directo. Aqu\u00ed tienes una gu\u00eda paso a paso:<\/p>\n<ol>\n<li><strong>Visite el sitio web:<\/strong> Ir a la p\u00e1gina de Chat Avenue.<\/li>\n<li><strong>Seleccione una sala de chat:<\/strong> Navega por las 20 salas de chat disponibles y elige la que m\u00e1s se adapte a tus intereses. Las opciones incluyen chat para adolescentes, chat para adultos, chat de m\u00fasica, chat de deportes, chat de tecnolog\u00eda, chat de citas, chat LGBTQ+ y mucho m\u00e1s.<\/li>\n<li><strong>Introduzca un nombre de usuario:<\/strong> Puedes conectarte como invitado simplemente seleccionando un nombre de usuario. No es necesario registrarse ni facilitar datos personales.<\/li>\n<li><strong>Empieza a chatear:<\/strong> Una vez que hayas introducido tu nombre de usuario, se te dirigir\u00e1 a la sala de chat, donde podr\u00e1s empezar a interactuar con otros usuarios inmediatamente.<\/li>\n<\/ol>\n<h2>Salas de chat disponibles<\/h2>\n<p>Para ayudarle a encontrar su sala de chat ideal, he aqu\u00ed un resumen de las opciones disponibles:<\/p>\n<ul>\n<li><strong>Chat para adolescentes:<\/strong> Dise\u00f1ado para usuarios de 13 a 19 a\u00f1os, ofrece un espacio seguro para relacionarse con sus iguales.<\/li>\n<li><strong>Chat para adultos:<\/strong> Abierto a usuarios mayores de 18 a\u00f1os para conversaciones maduras sobre diversos temas.<\/li>\n<li><strong>Charla musical:<\/strong> Comenta tus artistas, \u00e1lbumes y g\u00e9neros favoritos con otros entusiastas de la m\u00fasica.<\/li>\n<li><strong>Charla deportiva:<\/strong> Relaci\u00f3nate con seguidores de varios deportes, comparte los mejores momentos de los partidos y comenta los pr\u00f3ximos eventos.<\/li>\n<li><strong>Charla tecnol\u00f3gica:<\/strong> Hable de los \u00faltimos gadgets, software y tendencias tecnol\u00f3gicas.<\/li>\n<li><strong>Chat de citas:<\/strong> <a href=\"https:\/\/strangercam.com\/es\/coomeet\/\">Conozca<\/a> nuevas personas en busca de relaciones o amistades.<\/li>\n<li><strong>Chat LGBTQ+:<\/strong> Un espacio de apoyo para que los miembros de la comunidad LGBTQ+ se relacionen y compartan experiencias.<\/li>\n<li><strong>Chat general:<\/strong> Para conversaciones informales sobre temas variados con un grupo diverso de personas.<\/li>\n<li><strong>Otras salas basadas en intereses:<\/strong> Incluidos, entre otros, el chat de videojuegos, el chat de anime y mucho m\u00e1s.<\/li>\n<\/ul>\n<h2>Consejos para aprovechar al m\u00e1ximo el Chat Avenue<\/h2>\n<p>Para mejorar tu experiencia en Chat Avenue, ten en cuenta los siguientes consejos:<\/p>\n<ul>\n<li><strong>Iniciar conversaciones:<\/strong> No dude en iniciar un chat con un simple \u201cHola\u201d. Dar el primer paso puede conducir a conversaciones interesantes y significativas.<\/li>\n<li><strong>Sea abierto de mente:<\/strong> Acepte la diversidad de la comunidad. Personas de distintas procedencias contribuyen a mantener conversaciones enriquecedoras y esclarecedoras.<\/li>\n<li><strong>Respeta a los dem\u00e1s:<\/strong> Aborde siempre las interacciones con cortes\u00eda y comprensi\u00f3n. Esto fomenta un entorno positivo para todos.<\/li>\n<li><strong>Gestione los rechazos con elegancia:<\/strong> Puede que no todo el mundo responda o comparta los mismos intereses, y no pasa nada. Sigue adelante con nuevos contactos sin tom\u00e1rtelo como algo personal.<\/li>\n<li><strong>La pr\u00e1ctica hace al maestro:<\/strong> Cuanto m\u00e1s participe, m\u00e1s c\u00f3modo se sentir\u00e1. Con el tiempo, chatear te resultar\u00e1 m\u00e1s natural y agradable.<\/li>\n<\/ul>\n<h2>Superar los miedos comunes<\/h2>\n<p>Entablar conversaciones con desconocidos en Internet puede resultar desalentador, sobre todo si eres novato. He aqu\u00ed algunas formas de superar los miedos m\u00e1s comunes:<\/p>\n<ul>\n<li><strong>Combatir la ansiedad:<\/strong> Es normal sentirse nervioso al empezar. Recuerda que todo el mundo fue principiante alguna vez, y la mayor\u00eda de los usuarios son amables y abiertos a la conversaci\u00f3n.<\/li>\n<li><strong>S\u00e9 t\u00fa mismo:<\/strong> La autenticidad llega muy lejos. Las interacciones genuinas a menudo conducen a conexiones y amistades significativas.<\/li>\n<li><strong>Mant\u00e9ngase positivo:<\/strong> Conc\u00e9ntrese en disfrutar de la experiencia en lugar de preocuparse por el resultado. Divi\u00e9rtete con tus conversaciones y no te estreses por peque\u00f1os contratiempos.<\/li>\n<li><strong>No temas el rechazo:<\/strong> No todas las interacciones conducen a una conexi\u00f3n duradera, y no pasa nada. Mant\u00e9n una actitud positiva y sigue interactuando con los dem\u00e1s.<\/li>\n<\/ul>\n<h2>Abrazar la diversidad en Chat Avenue<\/h2>\n<p>Chat Avenue celebra la diversidad y la inclusi\u00f3n. La plataforma ofrece salas de chat especializadas en diferentes intereses y comunidades, para que todo el mundo encuentre un lugar en el que sentirse c\u00f3modo:<\/p>\n<ul>\n<li><strong>Salas basadas en intereses:<\/strong> Con\u00e9ctese con personas que compartan sus aficiones o pasiones, como la m\u00fasica, los deportes, la tecnolog\u00eda o los juegos.<\/li>\n<li><strong>Habitaciones comunitarias:<\/strong> Comprometerse con grupos y comunidades espec\u00edficos en un entorno de apoyo, incluidas las salas de chat LGBTQ+ y otros grupos minoritarios.<\/li>\n<li><strong>Habitaciones espec\u00edficas para cada edad:<\/strong> Tanto si eres adolescente como adulto, hay salas de chat adecuadas a tu edad, dise\u00f1adas para garantizar la seguridad y la pertinencia.<\/li>\n<\/ul>\n<h2>Seguridad y moderaci\u00f3n<\/h2>\n<p>Su seguridad es una prioridad en Chat Avenue. La plataforma cuenta con varias funciones para garantizar una experiencia segura y agradable:<\/p>\n<ul>\n<li><strong>Moderadores activos:<\/strong> Cada sala de chat est\u00e1 supervisada por moderadores que trabajan para mantener un entorno respetuoso haciendo cumplir las normas de la comunidad.<\/li>\n<li><strong>Sistema de notificaci\u00f3n:<\/strong> Los usuarios pueden denunciar comportamientos inadecuados, acoso o infracciones de las normas, que el equipo de moderaci\u00f3n aborda con prontitud.<\/li>\n<li><strong>Cumplimiento de las directrices:<\/strong> Se espera que todos los usuarios se adhieran a las directrices de la comunidad para fomentar un ambiente positivo. No se toleran los comportamientos irrespetuosos o perjudiciales.<\/li>\n<\/ul>\n<h2>Preguntas frecuentes<\/h2>\n<p>Estas son algunas de las preguntas m\u00e1s frecuentes sobre Chat Avenue:<\/p>\n<p><strong>P: \u00bfEs gratuito el uso de Chat Avenue?<\/strong><\/p>\n<p>R: S\u00ed, Chat Avenue es completamente gratuito. Puedes unirte a cualquier sala de chat sin cargos ni cuotas.<\/p>\n<p><strong>P: \u00bfTengo que registrar una cuenta?<\/strong><\/p>\n<p>R: No es necesario registrarse. Puede iniciar sesi\u00f3n como invitado eligiendo un nombre de usuario, lo que le permitir\u00e1 permanecer en el anonimato.<\/p>\n<p><strong>P: \u00bfPuedo utilizar Chat Avenue en mi dispositivo m\u00f3vil?<\/strong><\/p>\n<p>R: S\u00ed, Chat Avenue es accesible tanto en navegadores de escritorio como de m\u00f3vil, por lo que resulta c\u00f3modo chatear est\u00e9s donde est\u00e9s.<\/p>\n<p><strong>P: \u00bfEs seguro el Chat Avenue?<\/strong><\/p>\n<p>R: Chat Avenue cuenta con medidas para garantizar la seguridad de los usuarios, incluidos sistemas activos de moderaci\u00f3n y denuncia. Sin embargo, siempre es importante actuar con cautela y no compartir informaci\u00f3n personal en l\u00ednea.<\/p>\n<p><strong>P: \u00bfQu\u00e9 debo hacer si me encuentro con un comportamiento inadecuado?<\/strong><\/p>\n<p>R: Puedes denunciar al usuario a los moderadores, que tomar\u00e1n las medidas oportunas. Es importante mantener la comunidad segura y respetuosa.<\/p>\n<h2>Testimonios<\/h2>\n<p>He aqu\u00ed algunas experiencias compartidas por los usuarios del Chat Avenue:<\/p>\n<p><em>\"I've <a href=\"https:\/\/strangercam.com\/es\/chamet\/\">met<\/a> tanta gente incre\u00edble en Chat Avenue. Es incre\u00edble lo f\u00e1cil que es conectar con otras personas que comparten mis intereses\u201d.\u201d<\/em> - Alex T.<\/p>\n<p><em>\u201cComo persona t\u00edmida en la vida real, Chat Ave me ha dado confianza para entablar conversaciones y hacer nuevos amigos\u201d.\u201d<\/em> - Maria S.<\/p>\n<p><em>\u201cLa diversidad en Chat Avenue es fant\u00e1stica. He aprendido mucho de gente de todo el mundo\u201d.\u201d<\/em> - Jamal K.<\/p>\n<h2>Recursos adicionales<\/h2>\n<p>Para m\u00e1s informaci\u00f3n y consejos sobre el chat en l\u00ednea, consulta estos recursos:<\/p>\n<ul>\n<li><strong>Consejos para chatear en l\u00ednea con seguridad:<\/strong> Aprenda a protegerse y disfrute de una experiencia de chat segura.<\/li>\n<li><strong>C\u00f3mo hacer amigos en Internet:<\/strong> Descubra estrategias para establecer conexiones significativas a trav\u00e9s de Internet.<\/li>\n<li><strong>Los beneficios de las comunidades en l\u00ednea:<\/strong> Explore c\u00f3mo plataformas en l\u00ednea como Chat Avenue pueden enriquecer su vida social.<\/li>\n<\/ul>\n<h2>Siga a Chat Avenue en las redes sociales<\/h2>\n<p>Mant\u00e9ngase al d\u00eda de las \u00faltimas noticias y actualizaciones siguiendo a Chat Avenue en las redes sociales:<\/p>\n<ul>\n<li><strong>Facebook<\/strong><\/li>\n<li><strong>Twitter<\/strong><\/li>\n<li><strong>Instagram<\/strong><\/li>\n<\/ul>\n<h2>Conclusi\u00f3n<\/h2>\n<p>Chat Avenue es tu puerta de entrada a un mundo de conversaciones y amistades. Su dise\u00f1o f\u00e1cil de usar, su compromiso con la privacidad y la diversidad de su comunidad la convierten en una plataforma ideal para cualquiera que desee conectarse en l\u00ednea. Tanto si buscas chats casuales, discusiones significativas o simplemente quieres conocer gente nueva, Chat Avenue tiene algo que ofrecerte. \u00bfA qu\u00e9 esperas? Entra a formar parte de la comunidad Chat Avenue hoy mismo y empieza a explorar sus infinitas posibilidades. Con s\u00f3lo unos clics, podr\u00e1 sumergirse en interesantes debates y conocer a gente fascinante de todos los \u00e1mbitos de la vida. Chat Avenue le da la bienvenida a un mundo donde la comunicaci\u00f3n no conoce fronteras.<\/p>\n<h2>\u00danete hoy a Chat Avenue y ampl\u00eda tu mundo<\/h2>\n<p>Con su amplia gama de salas de chat y su base mundial de usuarios, Chat Avenue ofrece una oportunidad sin igual para ampliar tus horizontes. Tanto si quieres hacer nuevos amigos, compartir tus intereses o simplemente disfrutar de una conversaci\u00f3n informal, Chat Avenue es el lugar ideal. Recuerde que la comunicaci\u00f3n es la clave para establecer contactos, y Chat Avenue hace que sea m\u00e1s f\u00e1cil que nunca llegar a los dem\u00e1s y conectar con ellos. As\u00ed que con\u00e9ctate, elige una sala de chat y \u00a1empieza tu viaje hoy mismo!<\/p>","protected":false},"excerpt":{"rendered":"<p>Chat Avenue, also known as Chat Ave, is one of the oldest and most popular online chat platforms available today. Established in 2000, it has grown into a vibrant community where millions of people from around the globe come together to converse, make new friends, and share experiences. With over 7 million visitors each month, [&hellip;]<\/p>\n","protected":false},"author":6,"featured_media":0,"parent":0,"menu_order":0,"comment_status":"closed","ping_status":"closed","template":"","meta":{"footnotes":""},"class_list":["post-8386","page","type-page","status-publish","hentry"],"yoast_head":"<!-- This site is optimized with the Yoast SEO plugin v27.4 - https:\/\/yoast.com\/product\/yoast-seo-wordpress\/ -->\n<title>Chat Avenue - Free Video Chat Rooms - StrangerCam.com<\/title>\n<meta name=\"description\" content=\"Discover Chat Avenue, the ultimate online platform connecting you to free chat rooms and a global community. Join Chat Ave today!\" \/>\n<meta name=\"robots\" content=\"index, follow, max-snippet:-1, max-image-preview:large, max-video-preview:-1\" \/>\n<link rel=\"canonical\" href=\"https:\/\/strangercam.com\/es\/chat-avenue\/\" \/>\n<meta property=\"og:locale\" content=\"es_ES\" \/>\n<meta property=\"og:type\" content=\"article\" \/>\n<meta property=\"og:title\" content=\"Chat Avenue - Free Video Chat Rooms - StrangerCam.com\" \/>\n<meta property=\"og:description\" content=\"Discover Chat Avenue, the ultimate online platform connecting you to free chat rooms and a global community. Join Chat Ave today!\" \/>\n<meta property=\"og:url\" content=\"https:\/\/strangercam.com\/es\/chat-avenue\/\" \/>\n<meta property=\"og:site_name\" content=\"Strangercam\" \/>\n<meta property=\"article:publisher\" content=\"https:\/\/www.facebook.com\/strangercam\" \/>\n<meta property=\"article:modified_time\" content=\"2024-09-19T09:37:00+00:00\" \/>\n<meta property=\"og:image\" content=\"https:\/\/strangercam.com\/wp-content\/uploads\/2021\/10\/Untitled-2.png\" \/>\n\t<meta property=\"og:image:width\" content=\"800\" \/>\n\t<meta property=\"og:image:height\" content=\"532\" \/>\n\t<meta property=\"og:image:type\" content=\"image\/png\" \/>\n<meta name=\"twitter:card\" content=\"summary_large_image\" \/>\n<meta name=\"twitter:site\" content=\"@strangercamapp\" \/>\n<meta name=\"twitter:label1\" content=\"Tiempo de lectura\" \/>\n\t<meta name=\"twitter:data1\" content=\"7 minutos\" \/>\n<script type=\"application\/ld+json\" class=\"yoast-schema-graph\">{\"@context\":\"https:\\\/\\\/schema.org\",\"@graph\":[{\"@type\":\"WebPage\",\"@id\":\"https:\\\/\\\/strangercam.com\\\/chat-avenue\\\/\",\"url\":\"https:\\\/\\\/strangercam.com\\\/chat-avenue\\\/\",\"name\":\"Chat Avenue - Free Video Chat Rooms - StrangerCam.com\",\"isPartOf\":{\"@id\":\"https:\\\/\\\/strangercam.com\\\/#website\"},\"datePublished\":\"2024-09-19T09:35:24+00:00\",\"dateModified\":\"2024-09-19T09:37:00+00:00\",\"description\":\"Discover Chat Avenue, the ultimate online platform connecting you to free chat rooms and a global community. Join Chat Ave today!\",\"breadcrumb\":{\"@id\":\"https:\\\/\\\/strangercam.com\\\/chat-avenue\\\/#breadcrumb\"},\"inLanguage\":\"es\",\"potentialAction\":[{\"@type\":\"ReadAction\",\"target\":[\"https:\\\/\\\/strangercam.com\\\/chat-avenue\\\/\"]}]},{\"@type\":\"BreadcrumbList\",\"@id\":\"https:\\\/\\\/strangercam.com\\\/chat-avenue\\\/#breadcrumb\",\"itemListElement\":[{\"@type\":\"ListItem\",\"position\":1,\"name\":\"Home\",\"item\":\"https:\\\/\\\/strangercam.com\\\/\"},{\"@type\":\"ListItem\",\"position\":2,\"name\":\"Chat Avenue\"}]},{\"@type\":\"WebSite\",\"@id\":\"https:\\\/\\\/strangercam.com\\\/#website\",\"url\":\"https:\\\/\\\/strangercam.com\\\/\",\"name\":\"Strangercam\",\"description\":\"Random Video Chat with Strangers\",\"publisher\":{\"@id\":\"https:\\\/\\\/strangercam.com\\\/#organization\"},\"alternateName\":\"Strangercam.com\",\"potentialAction\":[{\"@type\":\"SearchAction\",\"target\":{\"@type\":\"EntryPoint\",\"urlTemplate\":\"https:\\\/\\\/strangercam.com\\\/?s={search_term_string}\"},\"query-input\":{\"@type\":\"PropertyValueSpecification\",\"valueRequired\":true,\"valueName\":\"search_term_string\"}}],\"inLanguage\":\"es\"},{\"@type\":\"Organization\",\"@id\":\"https:\\\/\\\/strangercam.com\\\/#organization\",\"name\":\"Strangercam\",\"alternateName\":\"Strangercam.com\",\"url\":\"https:\\\/\\\/strangercam.com\\\/\",\"logo\":{\"@type\":\"ImageObject\",\"inLanguage\":\"es\",\"@id\":\"https:\\\/\\\/strangercam.com\\\/#\\\/schema\\\/logo\\\/image\\\/\",\"url\":\"https:\\\/\\\/strangercam.com\\\/wp-content\\\/uploads\\\/2020\\\/11\\\/cropped-new-favicon-black.png\",\"contentUrl\":\"https:\\\/\\\/strangercam.com\\\/wp-content\\\/uploads\\\/2020\\\/11\\\/cropped-new-favicon-black.png\",\"width\":512,\"height\":512,\"caption\":\"Strangercam\"},\"image\":{\"@id\":\"https:\\\/\\\/strangercam.com\\\/#\\\/schema\\\/logo\\\/image\\\/\"},\"sameAs\":[\"https:\\\/\\\/www.facebook.com\\\/strangercam\",\"https:\\\/\\\/x.com\\\/strangercamapp\"]}]}<\/script>\n<!-- \/ Yoast SEO plugin. -->","yoast_head_json":{"title":"Chat Avenue - Salas de chat de v\u00eddeo gratuitas - StrangerCam.com","description":"Descubre Chat Avenue, la plataforma online definitiva que te conecta con salas de chat gratuitas y una comunidad global. \u00a1\u00danete a Chat Ave hoy mismo!","robots":{"index":"index","follow":"follow","max-snippet":"max-snippet:-1","max-image-preview":"max-image-preview:large","max-video-preview":"max-video-preview:-1"},"canonical":"https:\/\/strangercam.com\/es\/chat-avenue\/","og_locale":"es_ES","og_type":"article","og_title":"Chat Avenue - Free Video Chat Rooms - StrangerCam.com","og_description":"Discover Chat Avenue, the ultimate online platform connecting you to free chat rooms and a global community. Join Chat Ave today!","og_url":"https:\/\/strangercam.com\/es\/chat-avenue\/","og_site_name":"Strangercam","article_publisher":"https:\/\/www.facebook.com\/strangercam","article_modified_time":"2024-09-19T09:37:00+00:00","og_image":[{"width":800,"height":532,"url":"https:\/\/strangercam.com\/wp-content\/uploads\/2021\/10\/Untitled-2.png","type":"image\/png"}],"twitter_card":"summary_large_image","twitter_site":"@strangercamapp","twitter_misc":{"Tiempo de lectura":"7 minutos"},"schema":{"@context":"https:\/\/schema.org","@graph":[{"@type":"WebPage","@id":"https:\/\/strangercam.com\/chat-avenue\/","url":"https:\/\/strangercam.com\/chat-avenue\/","name":"Chat Avenue - Salas de chat de v\u00eddeo gratuitas - StrangerCam.com","isPartOf":{"@id":"https:\/\/strangercam.com\/#website"},"datePublished":"2024-09-19T09:35:24+00:00","dateModified":"2024-09-19T09:37:00+00:00","description":"Descubre Chat Avenue, la plataforma online definitiva que te conecta con salas de chat gratuitas y una comunidad global. \u00a1\u00danete a Chat Ave hoy mismo!","breadcrumb":{"@id":"https:\/\/strangercam.com\/chat-avenue\/#breadcrumb"},"inLanguage":"es","potentialAction":[{"@type":"ReadAction","target":["https:\/\/strangercam.com\/chat-avenue\/"]}]},{"@type":"BreadcrumbList","@id":"https:\/\/strangercam.com\/chat-avenue\/#breadcrumb","itemListElement":[{"@type":"ListItem","position":1,"name":"Home","item":"https:\/\/strangercam.com\/"},{"@type":"ListItem","position":2,"name":"Chat Avenue"}]},{"@type":"WebSite","@id":"https:\/\/strangercam.com\/#website","url":"https:\/\/strangercam.com\/","name":"Strangercam","description":"Videochat aleatorio con desconocidos","publisher":{"@id":"https:\/\/strangercam.com\/#organization"},"alternateName":"Strangercam.com","potentialAction":[{"@type":"SearchAction","target":{"@type":"EntryPoint","urlTemplate":"https:\/\/strangercam.com\/?s={search_term_string}"},"query-input":{"@type":"PropertyValueSpecification","valueRequired":true,"valueName":"search_term_string"}}],"inLanguage":"es"},{"@type":"Organization","@id":"https:\/\/strangercam.com\/#organization","name":"Strangercam","alternateName":"Strangercam.com","url":"https:\/\/strangercam.com\/","logo":{"@type":"ImageObject","inLanguage":"es","@id":"https:\/\/strangercam.com\/#\/schema\/logo\/image\/","url":"https:\/\/strangercam.com\/wp-content\/uploads\/2020\/11\/cropped-new-favicon-black.png","contentUrl":"https:\/\/strangercam.com\/wp-content\/uploads\/2020\/11\/cropped-new-favicon-black.png","width":512,"height":512,"caption":"Strangercam"},"image":{"@id":"https:\/\/strangercam.com\/#\/schema\/logo\/image\/"},"sameAs":["https:\/\/www.facebook.com\/strangercam","https:\/\/x.com\/strangercamapp"]}]}},"_links":{"self":[{"href":"https:\/\/strangercam.com\/es\/wp-json\/wp\/v2\/pages\/8386","targetHints":{"allow":["GET"]}}],"collection":[{"href":"https:\/\/strangercam.com\/es\/wp-json\/wp\/v2\/pages"}],"about":[{"href":"https:\/\/strangercam.com\/es\/wp-json\/wp\/v2\/types\/page"}],"author":[{"embeddable":true,"href":"https:\/\/strangercam.com\/es\/wp-json\/wp\/v2\/users\/6"}],"replies":[{"embeddable":true,"href":"https:\/\/strangercam.com\/es\/wp-json\/wp\/v2\/comments?post=8386"}],"version-history":[{"count":0,"href":"https:\/\/strangercam.com\/es\/wp-json\/wp\/v2\/pages\/8386\/revisions"}],"wp:attachment":[{"href":"https:\/\/strangercam.com\/es\/wp-json\/wp\/v2\/media?parent=8386"}],"curies":[{"name":"wp","href":"https:\/\/api.w.org\/{rel}","templated":true}]}}