{"id":8192,"date":"2021-09-23T12:59:14","date_gmt":"2021-09-23T10:59:14","guid":{"rendered":"https:\/\/strangercam.com\/?page_id=8192"},"modified":"2023-08-21T12:48:27","modified_gmt":"2023-08-21T10:48:27","slug":"voojio","status":"publish","type":"page","link":"https:\/\/strangercam.com\/es\/voojio\/","title":{"rendered":"Voojio"},"content":{"rendered":"<p>Hoy en d\u00eda, personas de todas las edades y sexos parecen estar interesadas en las plataformas de citas en l\u00ednea. Este es quiz\u00e1s el mejor lugar para <a href=\"https:\/\/strangercam.com\/es\/coomeet\/\">conozca<\/a> desconocidos y hacer amigos. Lo m\u00e1s probable es que te encuentres con tu pareja o alma gemela a trav\u00e9s de <b>voojio<\/b>.<\/p>\n<h2>Ventajas de las citas en l\u00ednea<\/h2>\n<p>Citas a trav\u00e9s de Internet <a href=\"https:\/\/strangercam.com\/es\/chatroom2000\/\">sala de chat<\/a> tiene sus propias ventajas. La primera <a href=\"https:\/\/strangercam.com\/es\/1v1-chat\/\">un<\/a> es que no tienes que gastar tiempo y dinero en cenas, comidas o caf\u00e9s pensativos. Tampoco es necesario hacer regalos costosos. M\u00e1s bien, basta con estar presente en la <a href=\"https:\/\/strangercam.com\/es\/chatroulette\/\">chat<\/a> sala para disfrutar de interesantes conversaciones. Como no hay reuni\u00f3n cara a cara, puede evitar el tiempo que de otro modo dedicar\u00eda a vestirse para quedar bien. <b>Voojio<\/b> le proporciona una ventaja. Si te encuentras con alguien aburrido, simplemente abandona sin tener que dar ninguna excusa o explicaci\u00f3n. Adem\u00e1s, no hay lugar para sentirse avergonzado.<\/p>\n<h2>Superar los problemas<\/h2>\n<p>Pero recuerde que Internet tambi\u00e9n est\u00e1 lleno de estafas y defraudadores, algo de lo que debe ser consciente. En l\u00ednea <a href=\"https:\/\/strangercam.com\/es\/chatingly\/\">chat<\/a> sitios como <b>voojio<\/b> toman grandes precauciones para asegurarse de mantener alejados a defraudadores y estafadores. Sin embargo, usted debe poner de su parte para mantenerse a salvo y no dejarse embaucar por gente sin escr\u00fapulos. No se convierta en presa f\u00e1cil.<\/p>\n<h2>Pasos a seguir para hacer amigos en cualquier sala de chat<\/h2>\n<p>Evita dar informaci\u00f3n privada o personal de cualquier tipo en cualquiera de las salas de chat. Evita revelar detalles sobre ti mismo y mant\u00e9n s\u00f3lo conversaciones informales. Evite hablar de su vida personal, lugar de trabajo o cualquier cosa en detalle sobre usted. As\u00ed evitar\u00e1 que los estafadores afecten a su vida o a sus aspectos financieros.<\/p>\n<p>Si has empezado a salir con alguien a trav\u00e9s del chat, utiliza una sala privada. Puedes encontrar <b>voojio<\/b> para ofrecer salas privadas que le permitan disfrutar de un chat privado con sus conocidos. Tambi\u00e9n le permite mantener sus conversaciones e informaci\u00f3n personal en secreto de los dem\u00e1s. Las salas de chat privadas son sin duda un lugar seguro para mantener conversaciones individuales. De esta forma, miles de personas en la sala de chat com\u00fan no obtendr\u00e1n tus datos personales que te gustar\u00eda compartir s\u00f3lo con tu persona especial.<\/p>\n<p>Tu perfil de chat debe tener fotos aut\u00e9nticas y no falsas. Algunas personas se sienten intimidadas por las im\u00e1genes falsas. Tienden a tomar precauciones adicionales cuando se acercan a este tipo de perfiles o simplemente los evitan.<\/p>\n<p>Siguiendo los pasos anteriores en <b>voojio<\/b> le permitir\u00e1 hacerse con una persona aut\u00e9ntica como amigo o compa\u00f1ero de vida.<\/p>","protected":false},"excerpt":{"rendered":"<p>These days, people of all ages and gender seem to be interested in online dating platforms. This is perhaps the best place to meet strangers and make friends. Chances are you may come across your partner or soul mate through voojio. Benefits of online dating Dating through the online chatroom does come with its own [&hellip;]<\/p>\n","protected":false},"author":6,"featured_media":559,"parent":0,"menu_order":0,"comment_status":"closed","ping_status":"closed","template":"","meta":{"footnotes":""},"class_list":["post-8192","page","type-page","status-publish","has-post-thumbnail","hentry"],"yoast_head":"<!-- This site is optimized with the Yoast SEO plugin v27.4 - https:\/\/yoast.com\/product\/yoast-seo-wordpress\/ -->\n<title>Voojio - Anonymous Chat For Two - Cam on StrangerCam.com<\/title>\n<meta name=\"description\" content=\"Like Voojio? Come chat with more than 5.000.000 strangers on Stranger Cam for Free! Turn on your cam and find new friends &amp; maby a match!\" \/>\n<meta name=\"robots\" content=\"index, follow, max-snippet:-1, max-image-preview:large, max-video-preview:-1\" \/>\n<link rel=\"canonical\" href=\"https:\/\/strangercam.com\/es\/voojio\/\" \/>\n<meta property=\"og:locale\" content=\"es_ES\" \/>\n<meta property=\"og:type\" content=\"article\" \/>\n<meta property=\"og:title\" content=\"Voojio - Anonymous Chat For Two - Cam on StrangerCam.com\" \/>\n<meta property=\"og:description\" content=\"Like Voojio? Come chat with more than 5.000.000 strangers on Stranger Cam for Free! Turn on your cam and find new friends &amp; maby a match!\" \/>\n<meta property=\"og:url\" content=\"https:\/\/strangercam.com\/es\/voojio\/\" \/>\n<meta property=\"og:site_name\" content=\"Strangercam\" \/>\n<meta property=\"article:publisher\" content=\"https:\/\/www.facebook.com\/strangercam\" \/>\n<meta property=\"article:modified_time\" content=\"2023-08-21T10:48:27+00:00\" \/>\n<meta property=\"og:image\" content=\"https:\/\/strangercam.com\/wp-content\/uploads\/2020\/11\/stranger-cam-1.png\" \/>\n\t<meta property=\"og:image:width\" content=\"800\" \/>\n\t<meta property=\"og:image:height\" content=\"800\" \/>\n\t<meta property=\"og:image:type\" content=\"image\/png\" \/>\n<meta name=\"twitter:card\" content=\"summary_large_image\" \/>\n<meta name=\"twitter:site\" content=\"@strangercamapp\" \/>\n<meta name=\"twitter:label1\" content=\"Tiempo de lectura\" \/>\n\t<meta name=\"twitter:data1\" content=\"2 minutos\" \/>\n<script type=\"application\/ld+json\" class=\"yoast-schema-graph\">{\"@context\":\"https:\\\/\\\/schema.org\",\"@graph\":[{\"@type\":\"WebPage\",\"@id\":\"https:\\\/\\\/strangercam.com\\\/voojio\\\/\",\"url\":\"https:\\\/\\\/strangercam.com\\\/voojio\\\/\",\"name\":\"Voojio - Anonymous Chat For Two - Cam on StrangerCam.com\",\"isPartOf\":{\"@id\":\"https:\\\/\\\/strangercam.com\\\/#website\"},\"primaryImageOfPage\":{\"@id\":\"https:\\\/\\\/strangercam.com\\\/voojio\\\/#primaryimage\"},\"image\":{\"@id\":\"https:\\\/\\\/strangercam.com\\\/voojio\\\/#primaryimage\"},\"thumbnailUrl\":\"https:\\\/\\\/strangercam.com\\\/wp-content\\\/uploads\\\/2020\\\/11\\\/stranger-cam-1.png\",\"datePublished\":\"2021-09-23T10:59:14+00:00\",\"dateModified\":\"2023-08-21T10:48:27+00:00\",\"description\":\"Like Voojio? Come chat with more than 5.000.000 strangers on Stranger Cam for Free! Turn on your cam and find new friends & maby a match!\",\"breadcrumb\":{\"@id\":\"https:\\\/\\\/strangercam.com\\\/voojio\\\/#breadcrumb\"},\"inLanguage\":\"es\",\"potentialAction\":[{\"@type\":\"ReadAction\",\"target\":[\"https:\\\/\\\/strangercam.com\\\/voojio\\\/\"]}]},{\"@type\":\"ImageObject\",\"inLanguage\":\"es\",\"@id\":\"https:\\\/\\\/strangercam.com\\\/voojio\\\/#primaryimage\",\"url\":\"https:\\\/\\\/strangercam.com\\\/wp-content\\\/uploads\\\/2020\\\/11\\\/stranger-cam-1.png\",\"contentUrl\":\"https:\\\/\\\/strangercam.com\\\/wp-content\\\/uploads\\\/2020\\\/11\\\/stranger-cam-1.png\",\"width\":800,\"height\":800,\"caption\":\"stranger cam random video chat\"},{\"@type\":\"BreadcrumbList\",\"@id\":\"https:\\\/\\\/strangercam.com\\\/voojio\\\/#breadcrumb\",\"itemListElement\":[{\"@type\":\"ListItem\",\"position\":1,\"name\":\"Home\",\"item\":\"https:\\\/\\\/strangercam.com\\\/\"},{\"@type\":\"ListItem\",\"position\":2,\"name\":\"Voojio\"}]},{\"@type\":\"WebSite\",\"@id\":\"https:\\\/\\\/strangercam.com\\\/#website\",\"url\":\"https:\\\/\\\/strangercam.com\\\/\",\"name\":\"Strangercam\",\"description\":\"Random Video Chat with Strangers\",\"publisher\":{\"@id\":\"https:\\\/\\\/strangercam.com\\\/#organization\"},\"alternateName\":\"Strangercam.com\",\"potentialAction\":[{\"@type\":\"SearchAction\",\"target\":{\"@type\":\"EntryPoint\",\"urlTemplate\":\"https:\\\/\\\/strangercam.com\\\/?s={search_term_string}\"},\"query-input\":{\"@type\":\"PropertyValueSpecification\",\"valueRequired\":true,\"valueName\":\"search_term_string\"}}],\"inLanguage\":\"es\"},{\"@type\":\"Organization\",\"@id\":\"https:\\\/\\\/strangercam.com\\\/#organization\",\"name\":\"Strangercam\",\"alternateName\":\"Strangercam.com\",\"url\":\"https:\\\/\\\/strangercam.com\\\/\",\"logo\":{\"@type\":\"ImageObject\",\"inLanguage\":\"es\",\"@id\":\"https:\\\/\\\/strangercam.com\\\/#\\\/schema\\\/logo\\\/image\\\/\",\"url\":\"https:\\\/\\\/strangercam.com\\\/wp-content\\\/uploads\\\/2020\\\/11\\\/cropped-new-favicon-black.png\",\"contentUrl\":\"https:\\\/\\\/strangercam.com\\\/wp-content\\\/uploads\\\/2020\\\/11\\\/cropped-new-favicon-black.png\",\"width\":512,\"height\":512,\"caption\":\"Strangercam\"},\"image\":{\"@id\":\"https:\\\/\\\/strangercam.com\\\/#\\\/schema\\\/logo\\\/image\\\/\"},\"sameAs\":[\"https:\\\/\\\/www.facebook.com\\\/strangercam\",\"https:\\\/\\\/x.com\\\/strangercamapp\"]}]}<\/script>\n<!-- \/ Yoast SEO plugin. -->","yoast_head_json":{"title":"Voojio - Chat An\u00f3nimo Para Dos - Cam en StrangerCam.com","description":"\u00bfTe gusta Voojio? \u00a1Ven a chatear gratis con m\u00e1s de 5.000.000 de desconocidos en Stranger Cam! \u00a1Enciende tu c\u00e1mara y encuentra nuevos amigos y tal vez una pareja!","robots":{"index":"index","follow":"follow","max-snippet":"max-snippet:-1","max-image-preview":"max-image-preview:large","max-video-preview":"max-video-preview:-1"},"canonical":"https:\/\/strangercam.com\/es\/voojio\/","og_locale":"es_ES","og_type":"article","og_title":"Voojio - Anonymous Chat For Two - Cam on StrangerCam.com","og_description":"Like Voojio? Come chat with more than 5.000.000 strangers on Stranger Cam for Free! Turn on your cam and find new friends & maby a match!","og_url":"https:\/\/strangercam.com\/es\/voojio\/","og_site_name":"Strangercam","article_publisher":"https:\/\/www.facebook.com\/strangercam","article_modified_time":"2023-08-21T10:48:27+00:00","og_image":[{"width":800,"height":800,"url":"https:\/\/strangercam.com\/wp-content\/uploads\/2020\/11\/stranger-cam-1.png","type":"image\/png"}],"twitter_card":"summary_large_image","twitter_site":"@strangercamapp","twitter_misc":{"Tiempo de lectura":"2 minutos"},"schema":{"@context":"https:\/\/schema.org","@graph":[{"@type":"WebPage","@id":"https:\/\/strangercam.com\/voojio\/","url":"https:\/\/strangercam.com\/voojio\/","name":"Voojio - Chat An\u00f3nimo Para Dos - Cam en StrangerCam.com","isPartOf":{"@id":"https:\/\/strangercam.com\/#website"},"primaryImageOfPage":{"@id":"https:\/\/strangercam.com\/voojio\/#primaryimage"},"image":{"@id":"https:\/\/strangercam.com\/voojio\/#primaryimage"},"thumbnailUrl":"https:\/\/strangercam.com\/wp-content\/uploads\/2020\/11\/stranger-cam-1.png","datePublished":"2021-09-23T10:59:14+00:00","dateModified":"2023-08-21T10:48:27+00:00","description":"\u00bfTe gusta Voojio? \u00a1Ven a chatear gratis con m\u00e1s de 5.000.000 de desconocidos en Stranger Cam! \u00a1Enciende tu c\u00e1mara y encuentra nuevos amigos y tal vez una pareja!","breadcrumb":{"@id":"https:\/\/strangercam.com\/voojio\/#breadcrumb"},"inLanguage":"es","potentialAction":[{"@type":"ReadAction","target":["https:\/\/strangercam.com\/voojio\/"]}]},{"@type":"ImageObject","inLanguage":"es","@id":"https:\/\/strangercam.com\/voojio\/#primaryimage","url":"https:\/\/strangercam.com\/wp-content\/uploads\/2020\/11\/stranger-cam-1.png","contentUrl":"https:\/\/strangercam.com\/wp-content\/uploads\/2020\/11\/stranger-cam-1.png","width":800,"height":800,"caption":"stranger cam random video chat"},{"@type":"BreadcrumbList","@id":"https:\/\/strangercam.com\/voojio\/#breadcrumb","itemListElement":[{"@type":"ListItem","position":1,"name":"Home","item":"https:\/\/strangercam.com\/"},{"@type":"ListItem","position":2,"name":"Voojio"}]},{"@type":"WebSite","@id":"https:\/\/strangercam.com\/#website","url":"https:\/\/strangercam.com\/","name":"Strangercam","description":"Videochat aleatorio con desconocidos","publisher":{"@id":"https:\/\/strangercam.com\/#organization"},"alternateName":"Strangercam.com","potentialAction":[{"@type":"SearchAction","target":{"@type":"EntryPoint","urlTemplate":"https:\/\/strangercam.com\/?s={search_term_string}"},"query-input":{"@type":"PropertyValueSpecification","valueRequired":true,"valueName":"search_term_string"}}],"inLanguage":"es"},{"@type":"Organization","@id":"https:\/\/strangercam.com\/#organization","name":"Strangercam","alternateName":"Strangercam.com","url":"https:\/\/strangercam.com\/","logo":{"@type":"ImageObject","inLanguage":"es","@id":"https:\/\/strangercam.com\/#\/schema\/logo\/image\/","url":"https:\/\/strangercam.com\/wp-content\/uploads\/2020\/11\/cropped-new-favicon-black.png","contentUrl":"https:\/\/strangercam.com\/wp-content\/uploads\/2020\/11\/cropped-new-favicon-black.png","width":512,"height":512,"caption":"Strangercam"},"image":{"@id":"https:\/\/strangercam.com\/#\/schema\/logo\/image\/"},"sameAs":["https:\/\/www.facebook.com\/strangercam","https:\/\/x.com\/strangercamapp"]}]}},"_links":{"self":[{"href":"https:\/\/strangercam.com\/es\/wp-json\/wp\/v2\/pages\/8192","targetHints":{"allow":["GET"]}}],"collection":[{"href":"https:\/\/strangercam.com\/es\/wp-json\/wp\/v2\/pages"}],"about":[{"href":"https:\/\/strangercam.com\/es\/wp-json\/wp\/v2\/types\/page"}],"author":[{"embeddable":true,"href":"https:\/\/strangercam.com\/es\/wp-json\/wp\/v2\/users\/6"}],"replies":[{"embeddable":true,"href":"https:\/\/strangercam.com\/es\/wp-json\/wp\/v2\/comments?post=8192"}],"version-history":[{"count":0,"href":"https:\/\/strangercam.com\/es\/wp-json\/wp\/v2\/pages\/8192\/revisions"}],"wp:featuredmedia":[{"embeddable":true,"href":"https:\/\/strangercam.com\/es\/wp-json\/wp\/v2\/media\/559"}],"wp:attachment":[{"href":"https:\/\/strangercam.com\/es\/wp-json\/wp\/v2\/media?parent=8192"}],"curies":[{"name":"wp","href":"https:\/\/api.w.org\/{rel}","templated":true}]}}